{"id":29183,"date":"2023-08-24T10:55:13","date_gmt":"2023-08-24T04:07:13","guid":{"rendered":"https:\/\/cococoirglobal.com\/?post_type=product&#038;p=29183"},"modified":"2023-12-16T13:59:57","modified_gmt":"2023-12-16T06:59:57","slug":"coconut-husk","status":"publish","type":"product","link":"https:\/\/cococoirglobal.com\/vi\/san-pham\/coconut-husk\/","title":{"rendered":"Coconut Husk"},"content":{"rendered":"<p><span style=\"font-weight: 400;\">T\u1ea1i <\/span><b>Coco Coir Global<\/b><span style=\"font-weight: 400;\">, ch\u00fang t\u00f4i v\u00f4 c\u00f9ng t\u1ef1 h\u00e0o khi gi\u1edbi thi\u1ec7u m\u1ed9t lo\u1ea1t c\u00e1c s\u1ea3n ph\u1ea9m cao c\u1ea5p \u0111\u01b0\u1ee3c thi\u1ebft k\u1ebf t\u1ec9 m\u1ec9 \u0111\u1ec3 ph\u1ee5c v\u1ee5 nhi\u1ec1u \u0111\u1ed1i t\u01b0\u1ee3ng kh\u00e1ch h\u00e0ng kh\u00e1c nhau, ch\u1ee7 y\u1ebfu t\u1eadp trung v\u00e0o <\/span><b>Doanh nghi\u1ec7p B2B<\/b><span style=\"font-weight: 400;\">, m\u1ed7i ng\u01b0\u1eddi c\u00f3 nh\u1eefng y\u00eau c\u1ea7u ri\u00eang.<\/span><\/p>\n<blockquote><p><span style=\"font-weight: 400;\">Ch\u1ea5t n\u1ec1n x\u01a1 d\u1eeba ch\u1ea5t l\u01b0\u1ee3ng cao c\u1ee7a ch\u00fang t\u00f4i l\u00e0 <\/span><b>\u0111\u01b0\u1ee3c c\u00e1c ph\u00f2ng th\u00ed nghi\u1ec7m \u0111\u00e1nh gi\u00e1 cao<\/b><span style=\"font-weight: 400;\"> \u1edf c\u1ea3 Vi\u1ec7t Nam v\u00e0 M\u1ef9, th\u1eadm ch\u00ed c\u00f2n <\/span><b>OMRI \u0110\u01b0\u1ee3c li\u1ec7t k\u00ea \u0111\u1ec3 s\u1eed d\u1ee5ng h\u1eefu c\u01a1<\/b><span style=\"font-weight: 400;\">. V\u1edbi m\u1ed9t<\/span><b>nh\u00e0 m\u00e1y r\u1ed9ng l\u1edbn v\u00e0 v\u1eadn chuy\u1ec3n to\u00e0n c\u1ea7u<\/b><span style=\"font-weight: 400;\">, ch\u00fang t\u00f4i \u0111\u1ea3m b\u1ea3o ngu\u1ed3n cung c\u1ea5p kh\u00f4ng b\u1ecb gi\u00e1n \u0111o\u1ea1n trong khi v\u1eabn duy tr\u00ec ch\u1ea5t l\u01b0\u1ee3ng s\u1ea3n ph\u1ea9m \u1ed5n \u0111\u1ecbnh. Ngo\u00e0i ra, ch\u00fang t\u00f4i c\u00f3 kh\u1ea3 n\u0103ng <\/span><b>t\u00f9y ch\u1ec9nh s\u1ea3n ph\u1ea9m<\/b><span style=\"font-weight: 400;\"> \u0111\u1ec3 \u0111\u00e1p \u1ee9ng c\u00e1c th\u00f4ng s\u1ed1 k\u1ef9 thu\u1eadt ri\u00eang bi\u1ec7t, ph\u00f9 h\u1ee3p v\u1edbi nhi\u1ec1u m\u1ee5c \u0111\u00edch s\u1eed d\u1ee5ng kh\u00e1c nhau c\u1ee7a kh\u00e1ch h\u00e0ng.<\/span><\/p><\/blockquote>\n<p><span style=\"font-weight: 400;\">H\u01a1n n\u1eefa, ch\u00fang t\u00f4i c\u00f3 m\u1ed9t b\u1eb1ng ch\u1ee9ng \u0111\u00e3 \u0111\u01b0\u1ee3c ch\u1ee9ng minh <\/span><b>th\u00e0nh t\u00edch xu\u1ea5t kh\u1ea9u<\/b><span style=\"font-weight: 400;\"> s\u1ea3n ph\u1ea9m c\u1ee7a ch\u00fang t\u00f4i t\u1edbi m\u1ed9t <\/span><b>s\u1ed1 l\u01b0\u1ee3ng qu\u1ed1c gia <\/b><span style=\"font-weight: 400;\">tr\u00ean to\u00e0n th\u1ebf gi\u1edbi v\u00e0 nh\u1eefng l\u1eddi ch\u1ee9ng th\u1ef1c t\u1eeb c\u00e1c \u0111\u1ed1i t\u00e1c gi\u00fap ch\u00fang t\u00f4i tr\u1edf th\u00e0nh nh\u00e0 cung c\u1ea5p ti\u1ec1m n\u0103ng v\u00e0 \u0111\u00e1ng tin c\u1eady. Ch\u00fang t\u00f4i t\u1eadn t\u00e2m cung c\u1ea5p cho kh\u00e1ch h\u00e0ng nh\u1eefng <\/span><b>s\u1ea3n ph\u1ea9m x\u01a1 d\u1eeba t\u1ed1t nh\u1ea5t<\/b><span style=\"font-weight: 400;\">, g\u00f3p ph\u1ea7n v\u00e0o s\u1ef1 th\u00e0nh c\u00f4ng c\u1ee7a h\u1ecd trong tr\u1ed3ng tr\u1ecdt.<\/span><\/p>\n<blockquote><p><span style=\"font-weight: 400;\">V\u1ecf d\u1eeba, hay x\u01a1 d\u1eeba, hay \u0111\u01a1n gi\u1ea3n l\u00e0 x\u01a1 d\u1eeba, cung c\u1ea5p gi\u1ea3i ph\u00e1p l\u00e0m v\u01b0\u1eddn linh ho\u1ea1t v\u00e0 th\u00e2n thi\u1ec7n v\u1edbi m\u00f4i tr\u01b0\u1eddng. Kh\u1ea3 n\u0103ng gi\u1eef n\u01b0\u1edbc v\u00e0 s\u1ee5c kh\u00ed \u0111\u1eb7c bi\u1ec7t c\u1ee7a n\u00f3 \u0111\u1ea3m b\u1ea3o kh\u1ea3 n\u0103ng hydrat h\u00f3a c\u00e2y tr\u1ed3ng v\u00e0 s\u1ee9c kh\u1ecfe r\u1ec5 c\u00e2y t\u1ed1i \u01b0u. V\u1edbi t\u00ednh ch\u1ea5t ph\u00e2n h\u1ee7y sinh h\u1ecdc, v\u1ecf d\u1eeba th\u00fac \u0111\u1ea9y t\u00ednh b\u1ec1n v\u1eefng trong ho\u1ea1t \u0111\u1ed9ng l\u00e0m v\u01b0\u1eddn. L\u00e0 m\u1ed9t ngu\u1ed3n t\u00e0i nguy\u00ean c\u00f3 th\u1ec3 t\u00e1i t\u1ea1o, v\u1ecf d\u1eeba ph\u00f9 h\u1ee3p v\u1edbi vi\u1ec7c l\u00e0m v\u01b0\u1eddn c\u00f3 \u00fd th\u1ee9c sinh th\u00e1i, khi\u1ebfn n\u00f3 tr\u1edf th\u00e0nh s\u1ef1 l\u1ef1a ch\u1ecdn c\u00f3 gi\u00e1 tr\u1ecb cho c\u1ea3 nh\u1eefng ng\u01b0\u1eddi c\u00f3 s\u1edf th\u00edch v\u00e0 c\u00e1c chuy\u00ean gia.<\/span><\/p><\/blockquote>\n<p><span style=\"font-weight: 400;\">*\u0110i\u1ec1u ki\u1ec7n b\u1ea3o qu\u1ea3n: N\u01a1i kh\u00f4 r\u00e1o, tho\u00e1ng m\u00e1t.<\/span><\/p>\n<p><span style=\"font-weight: 400;\">Lo\u1ea1i: t\u00fai, kh\u1ed1i l\u1eadp ph\u01b0\u01a1ng, g\u1ea1ch\/kh\u1ed1i, t\u00fai tr\u1ed3ng tr\u1ecdt, t\u00fai m\u1edf tr\u00ean c\u00f9ng, t\u00f9y ch\u1ec9nh<\/span><\/p>\n<p style=\"text-align: center;\"><a href=\"https:\/\/cococoirglobal.com\/vi\/?attachment_id=26769#main\" rel=\"attachment wp-att-26769\"><img decoding=\"async\" loading=\"lazy\" class=\"alignnone size-full wp-image-26769\" src=\"https:\/\/cococoirglobal.com\/wp-content\/uploads\/2022\/11\/Chips.png\" alt=\"Coco Chips\" width=\"1080\" height=\"800\" srcset=\"https:\/\/cococoirglobal.com\/wp-content\/uploads\/2022\/11\/Chips.png 1080w, https:\/\/cococoirglobal.com\/wp-content\/uploads\/2022\/11\/Chips-800x593.png 800w, https:\/\/cococoirglobal.com\/wp-content\/uploads\/2022\/11\/Chips-768x569.png 768w, https:\/\/cococoirglobal.com\/wp-content\/uploads\/2022\/11\/Chips-510x378.png 510w\" sizes=\"(max-width: 1080px) 100vw, 1080px\" \/><\/a><\/p>\n<h2><span style=\"font-weight: 400;\">\u0110\u1eb7c \u0111i\u1ec3m c\u1ee7a Coco Husk<\/span><\/h2>\n<ul>\n<li style=\"font-weight: 400;\" aria-level=\"1\"><span style=\"font-weight: 400;\">Ch\u1ea5t n\u1ec1n h\u1eefu c\u01a1, ph\u00e2n h\u1ee7y sinh h\u1ecdc v\u00e0 th\u00e2n thi\u1ec7n v\u1edbi m\u00f4i tr\u01b0\u1eddng<\/span><\/li>\n<li style=\"font-weight: 400;\" aria-level=\"1\"><span style=\"font-weight: 400;\">\u0110\u1ed9 pH trung t\u00ednh v\u00e0 EC r\u1ea5t th\u1ea5p \u0111\u01b0\u1ee3c t\u1ed1i \u01b0u h\u00f3a cho s\u1ef1 ph\u00e1t tri\u1ec3n l\u00fd t\u01b0\u1edfng c\u1ee7a nhi\u1ec1u lo\u1ea1i c\u00e2y tr\u1ed3ng kh\u00e1c nhau<\/span><\/li>\n<li style=\"font-weight: 400;\" aria-level=\"1\"><span style=\"font-weight: 400;\">Mu\u1ed1i Kali v\u00e0 Natri th\u1ea5p \u0111\u00e1ng k\u1ec3<\/span><\/li>\n<li style=\"font-weight: 400;\" aria-level=\"1\"><span style=\"font-weight: 400;\">N<\/span><span style=\"font-weight: 400;\">d\u01b0 l\u01b0\u1ee3ng kim lo\u1ea1i n\u1eb7ng v\u00e0 thu\u1ed1c tr\u1eeb s\u00e2u \u0111\u00e1ng k\u1ec3<\/span><\/li>\n<li style=\"font-weight: 400;\" aria-level=\"1\"><span style=\"font-weight: 400;\">\u0110\u1ed9 x\u1ed1p ch\u1ee9a \u0111\u1ea7y kh\u00f4ng kh\u00ed cao (AFP) mang l\u1ea1i c\u1ea5u tr\u00fac trung b\u00ecnh t\u1ed1t (kh\u00f4ng qu\u00e1 l\u1ecfng ho\u1eb7c qu\u00e1 n\u00e9n), trao \u0111\u1ed5i oxy v\u00e0 h\u1ea5p thu ch\u1ea5t dinh d\u01b0\u1ee1ng t\u1ed1t chot\u1ed5ng th\u1ec3 s\u1ef1 ph\u00e1t tri\u1ec3n c\u1ee7a c\u00e2y tr\u1ed3ng<\/span><\/li>\n<li style=\"font-weight: 400;\" aria-level=\"1\"><span style=\"font-weight: 400;\">Kh\u1ea3 n\u0103ng gi\u1eef n\u01b0\u1edbc cao (WHC) c\u0169ng nh\u01b0 tho\u00e1t n\u01b0\u1edbc t\u1ed1t, gi\u00fap gi\u1eef \u1ea9m, tr\u00e1nh \u00fang cho c\u00e2y tr\u1ed3ng.<\/span><\/li>\n<li style=\"font-weight: 400;\" aria-level=\"1\"><span style=\"font-weight: 400;\">Vi\u1ec7c s\u1ee5c kh\u00ed nh\u01b0 mong mu\u1ed1n gi\u00fap r\u1ec5 c\u00e2y \u0111\u01b0\u1ee3c cung c\u1ea5p l\u01b0\u1ee3ng oxy c\u1ea7n thi\u1ebft, t\u1eeb \u0111\u00f3 ph\u00e1t tri\u1ec3n kh\u1ecfe m\u1ea1nh.<\/span><\/li>\n<li style=\"font-weight: 400;\" aria-level=\"1\"><span style=\"font-weight: 400;\">Kh\u00f4ng c\u00f3 t\u1ea1p ch\u1ea5t v\u00e0 ch\u1ea5t g\u00e2y \u00f4 nhi\u1ec5m, \u0111\u00f3 l\u00e0ho\u00e0n to\u00e0n s\u1ea1ch s\u1ebd v\u00e0 an to\u00e0n khi s\u1eed d\u1ee5ng<\/span><\/li>\n<\/ul>\n<h2><span style=\"font-weight: 400;\">L\u1ee3i \u00edch c\u1ee7aV\u1ecf d\u1eeba\u00a0<\/span><\/h2>\n<ul>\n<li style=\"font-weight: 400;\" aria-level=\"1\"><span style=\"font-weight: 400;\">Gi\u00e1 th\u1ec3 tr\u1ed3ng \u0111a n\u0103ng, \u00e1p d\u1ee5ng cho c\u1ea3 tr\u1ed3ng tr\u1ecdt v\u00e0 kh\u00f4ng tr\u1ed3ng tr\u1ecdt (m\u1ed9t s\u1ed1 l\u0129nh v\u1ef1c kh\u00e1c)<\/span><\/li>\n<li style=\"font-weight: 400;\" aria-level=\"1\"><span style=\"font-weight: 400;\">Gi\u00fap b\u1ea3o v\u1ec7 v\u00e0 gi\u1ea3m thi\u1ec3u l\u01b0\u1ee3ng r\u00e1c th\u1ea3i ra m\u00f4i tr\u01b0\u1eddng, g\u00f3p ph\u1ea7n ph\u00e1t tri\u1ec3n n\u1ec1n n\u00f4ng nghi\u1ec7p b\u1ec1n v\u1eefng.<\/span><\/li>\n<li style=\"font-weight: 400;\" aria-level=\"1\"><span style=\"font-weight: 400;\">V\u1edbi nh\u1eefng \u0111\u1eb7c t\u00ednh v\u01b0\u1ee3t tr\u1ed9i, x\u01a1 d\u1eeba t\u1ea1o \u0111i\u1ec1u ki\u1ec7n thu\u1eadn l\u1ee3i c\u0169ng nh\u01b0 m\u00f4i tr\u01b0\u1eddng l\u00fd t\u01b0\u1edfng cho c\u00e2y tr\u1ed3ng ph\u00e1t tri\u1ec3n.<\/span><\/li>\n<li style=\"font-weight: 400;\" aria-level=\"1\"><span style=\"font-weight: 400;\">Gi\u00fap c\u1ea3i thi\u1ec7n ch\u1ea5t l\u01b0\u1ee3ng c\u00e2y tr\u1ed3ng, t\u1ea1o ra c\u00e1c lo\u1ea1i tr\u00e1i c\u00e2y v\u00e0 rau qu\u1ea3 ngon v\u00e0 b\u1ed5 d\u01b0\u1ee1ng<\/span><\/li>\n<li style=\"font-weight: 400;\" aria-level=\"1\"><span style=\"font-weight: 400;\">Gi\u00fap n\u00e2ng cao n\u0103ng su\u1ea5t c\u00e2y tr\u1ed3ng, cho n\u0103ng su\u1ea5t cao<\/span><\/li>\n<li style=\"font-weight: 400;\" aria-level=\"1\"><span style=\"font-weight: 400;\">L\u00e0 th\u00e0nh ph\u1ea7n l\u00fd t\u01b0\u1edfng l\u00e0m ph\u00e2n h\u1eefu c\u01a1, l\u00e0m gi\u00e0u ch\u1ea5t dinh d\u01b0\u1ee1ng trong \u0111\u1ea5t n\u00f4ng nghi\u1ec7p<\/span><\/li>\n<li style=\"font-weight: 400;\" aria-level=\"1\"><span style=\"font-weight: 400;\">Gi\u00fap gi\u1ea3m nguy c\u01a1 x\u1ea3y ra b\u1ec7nh c\u00e2y nh\u01b0 khi s\u1eed d\u1ee5ng \u0111\u1ea5t truy\u1ec1n th\u1ed1ng<\/span><\/li>\n<li style=\"font-weight: 400;\" aria-level=\"1\"><span style=\"font-weight: 400;\">Gi\u00fap ng\u01b0\u1eddi tr\u1ed3ng tr\u1ecdt ti\u1ebft ki\u1ec7m chi ph\u00ed trong c\u00f4ng s\u1ee9c ch\u0103m s\u00f3c v\u00e0 s\u1eed d\u1ee5ng lao \u0111\u1ed9ng<\/span><\/li>\n<\/ul>\n","protected":false},"excerpt":{"rendered":"<p><span style=\"font-weight: 400;\">\u2713 M\u00f4i tr\u01b0\u1eddng tr\u1ed3ng tr\u1ecdt ho\u00e0n h\u1ea3o cho nhi\u1ec1u ph\u00e1t tri\u1ec3n m\u1ee5c \u0111\u00edch<\/span><\/p>\n<p><span style=\"font-weight: 400;\">\u2713 S\u1eed d\u1ee5ng linh ho\u1ea1t (c\u1ea3 l\u00e0m v\u01b0\u1eddn v\u00e0 kh\u00f4ng l\u00e0m v\u01b0\u1eddn)<\/span><\/p>\n<p><span style=\"font-weight: 400;\">\u2713 T\u00f9y ch\u1ec9nh theo y\u00eau c\u1ea7u<\/span><\/p>\n<p><span style=\"font-weight: 400;\">\u2713Sinh th\u00e1i th\u00e2n thi\u1ec7n V\u00e0 cc\u00f3 th\u1ec3 b\u1ecf \u0111\u01b0\u1ee3c c\u01a1 ch\u1ea5t<\/span><\/p>\n","protected":false},"featured_media":32396,"comment_status":"open","ping_status":"closed","template":"","meta":[],"product_cat":[67],"product_tag":[],"yoast_head":"<!-- This site is optimized with the Yoast SEO plugin v22.6 - https:\/\/yoast.com\/wordpress\/plugins\/seo\/ -->\n<title>Coconut Husk Chips in Viet Nam - Coco Coir Global EXPORT<\/title>\n<meta name=\"description\" content=\"T\u1ea1i Coco Coir To\u00e0n C\u1ea7u, ch\u00fang t\u00f4i v\u00f4 c\u00f9ng t\u1ef1 h\u00e0o khi gi\u1edbi thi\u1ec7u m\u1ed9t lo\u1ea1t c\u00e1c s\u1ea3n ph\u1ea9m cao c\u1ea5p \u0111\u01b0\u1ee3c thi\u1ebft k\u1ebf t\u1ec9 m\u1ec9 \u0111\u1ec3 ph\u1ee5c v\u1ee5 nhi\u1ec1u \u0111\u1ed1i t\u01b0\u1ee3ng kh\u00e1ch h\u00e0ng kh\u00e1c nhau, ch\u1ee7 y\u1ebfu t\u1eadp trung v\u00e0o Doanh nghi\u1ec7p B2B, m\u1ed7i ng\u01b0\u1eddi c\u00f3 nh\u1eefng y\u00eau c\u1ea7u ri\u00eang.\" \/>\n<meta name=\"robots\" content=\"index, follow, max-snippet:-1, max-image-preview:large, max-video-preview:-1\" \/>\n<link rel=\"canonical\" href=\"https:\/\/cococoirglobal.com\/vi\/san-pham\/coconut-husk\/\" \/>\n<meta property=\"og:locale\" content=\"vi_VN\" \/>\n<meta property=\"og:type\" content=\"article\" \/>\n<meta property=\"og:title\" content=\"Coconut Husk Chips in Viet Nam - Coco Coir Global EXPORT\" \/>\n<meta property=\"og:description\" content=\"T\u1ea1i Coco Coir To\u00e0n C\u1ea7u, ch\u00fang t\u00f4i v\u00f4 c\u00f9ng t\u1ef1 h\u00e0o khi gi\u1edbi thi\u1ec7u m\u1ed9t lo\u1ea1t c\u00e1c s\u1ea3n ph\u1ea9m cao c\u1ea5p \u0111\u01b0\u1ee3c thi\u1ebft k\u1ebf t\u1ec9 m\u1ec9 \u0111\u1ec3 ph\u1ee5c v\u1ee5 nhi\u1ec1u \u0111\u1ed1i t\u01b0\u1ee3ng kh\u00e1ch h\u00e0ng kh\u00e1c nhau, ch\u1ee7 y\u1ebfu t\u1eadp trung v\u00e0o Doanh nghi\u1ec7p B2B, m\u1ed7i ng\u01b0\u1eddi c\u00f3 nh\u1eefng y\u00eau c\u1ea7u ri\u00eang.\" \/>\n<meta property=\"og:url\" content=\"https:\/\/cococoirglobal.com\/vi\/san-pham\/coconut-husk\/\" \/>\n<meta property=\"og:site_name\" content=\"Coco Coir Global Vietnam\" \/>\n<meta property=\"article:publisher\" content=\"https:\/\/www.facebook.com\/cococoirglobal\/\" \/>\n<meta property=\"article:modified_time\" content=\"2023-12-16T06:59:57+00:00\" \/>\n<meta property=\"og:image\" content=\"https:\/\/cococoirglobal.com\/wp-content\/uploads\/2023\/08\/Chips.png\" \/>\n\t<meta property=\"og:image:width\" content=\"1080\" \/>\n\t<meta property=\"og:image:height\" content=\"800\" \/>\n\t<meta property=\"og:image:type\" content=\"image\/png\" \/>\n<meta name=\"twitter:card\" content=\"summary_large_image\" \/>\n<meta name=\"twitter:label1\" content=\"Est. reading time\" \/>\n\t<meta name=\"twitter:data1\" content=\"3 minutes\" \/>\n<script type=\"application\/ld+json\" class=\"yoast-schema-graph\">{\"@context\":\"https:\/\/schema.org\",\"@graph\":[{\"@type\":\"WebPage\",\"@id\":\"https:\/\/cococoirglobal.com\/vi\/san-pham\/coconut-husk\/\",\"url\":\"https:\/\/cococoirglobal.com\/vi\/san-pham\/coconut-husk\/\",\"name\":\"Coconut Husk Chips in Viet Nam - Coco Coir Global EXPORT\",\"isPartOf\":{\"@id\":\"https:\/\/cococoirglobal.com\/vi\/#website\"},\"primaryImageOfPage\":{\"@id\":\"https:\/\/cococoirglobal.com\/vi\/san-pham\/coconut-husk\/#primaryimage\"},\"image\":{\"@id\":\"https:\/\/cococoirglobal.com\/vi\/san-pham\/coconut-husk\/#primaryimage\"},\"thumbnailUrl\":\"https:\/\/cococoirglobal.com\/wp-content\/uploads\/2023\/08\/Chips.png\",\"datePublished\":\"2023-08-24T04:07:13+00:00\",\"dateModified\":\"2023-12-16T06:59:57+00:00\",\"description\":\"T\u1ea1i Coco Coir To\u00e0n C\u1ea7u, ch\u00fang t\u00f4i v\u00f4 c\u00f9ng t\u1ef1 h\u00e0o khi gi\u1edbi thi\u1ec7u m\u1ed9t lo\u1ea1t c\u00e1c s\u1ea3n ph\u1ea9m cao c\u1ea5p \u0111\u01b0\u1ee3c thi\u1ebft k\u1ebf t\u1ec9 m\u1ec9 \u0111\u1ec3 ph\u1ee5c v\u1ee5 nhi\u1ec1u \u0111\u1ed1i t\u01b0\u1ee3ng kh\u00e1ch h\u00e0ng kh\u00e1c nhau, ch\u1ee7 y\u1ebfu t\u1eadp trung v\u00e0o Doanh nghi\u1ec7p B2B, m\u1ed7i ng\u01b0\u1eddi c\u00f3 nh\u1eefng y\u00eau c\u1ea7u ri\u00eang.\",\"breadcrumb\":{\"@id\":\"https:\/\/cococoirglobal.com\/vi\/san-pham\/coconut-husk\/#breadcrumb\"},\"inLanguage\":\"vi-VN\",\"potentialAction\":[{\"@type\":\"ReadAction\",\"target\":[\"https:\/\/cococoirglobal.com\/vi\/san-pham\/coconut-husk\/\"]}]},{\"@type\":\"ImageObject\",\"inLanguage\":\"vi-VN\",\"@id\":\"https:\/\/cococoirglobal.com\/vi\/san-pham\/coconut-husk\/#primaryimage\",\"url\":\"https:\/\/cococoirglobal.com\/wp-content\/uploads\/2023\/08\/Chips.png\",\"contentUrl\":\"https:\/\/cococoirglobal.com\/wp-content\/uploads\/2023\/08\/Chips.png\",\"width\":1080,\"height\":800,\"caption\":\"Coco Chips\"},{\"@type\":\"BreadcrumbList\",\"@id\":\"https:\/\/cococoirglobal.com\/vi\/san-pham\/coconut-husk\/#breadcrumb\",\"itemListElement\":[{\"@type\":\"ListItem\",\"position\":1,\"name\":\"Home\",\"item\":\"https:\/\/cococoirglobal.com\/vi\/\"},{\"@type\":\"ListItem\",\"position\":2,\"name\":\"Products\",\"item\":\"https:\/\/cococoirglobal.com\/vi\/shop\/\"},{\"@type\":\"ListItem\",\"position\":3,\"name\":\"S\u1ea3n ph\u1ea9m x\u01a1 d\u1eeba\",\"item\":\"https:\/\/cococoirglobal.com\/vi\/product-category\/xo-dua\/\"},{\"@type\":\"ListItem\",\"position\":4,\"name\":\"Coconut Husk\"}]},{\"@type\":\"WebSite\",\"@id\":\"https:\/\/cococoirglobal.com\/vi\/#website\",\"url\":\"https:\/\/cococoirglobal.com\/vi\/\",\"name\":\"Coco Coir Global\",\"description\":\"The leading manufacturer and supplier of Coco Coir Products!\",\"publisher\":{\"@id\":\"https:\/\/cococoirglobal.com\/vi\/#organization\"},\"potentialAction\":[{\"@type\":\"SearchAction\",\"target\":{\"@type\":\"EntryPoint\",\"urlTemplate\":\"https:\/\/cococoirglobal.com\/vi\/?s={search_term_string}\"},\"query-input\":\"required name=search_term_string\"}],\"inLanguage\":\"vi-VN\"},{\"@type\":\"Organization\",\"@id\":\"https:\/\/cococoirglobal.com\/vi\/#organization\",\"name\":\"COCO COIR GLOBAL COMPANY LIMITED\",\"url\":\"https:\/\/cococoirglobal.com\/vi\/\",\"logo\":{\"@type\":\"ImageObject\",\"inLanguage\":\"vi-VN\",\"@id\":\"https:\/\/cococoirglobal.com\/vi\/#\/schema\/logo\/image\/\",\"url\":\"https:\/\/cococoirglobal.com\/wp-content\/uploads\/2023\/05\/Logo-coco-coir.png\",\"contentUrl\":\"https:\/\/cococoirglobal.com\/wp-content\/uploads\/2023\/05\/Logo-coco-coir.png\",\"width\":512,\"height\":512,\"caption\":\"COCO COIR GLOBAL COMPANY LIMITED\"},\"image\":{\"@id\":\"https:\/\/cococoirglobal.com\/vi\/#\/schema\/logo\/image\/\"},\"sameAs\":[\"https:\/\/www.facebook.com\/cococoirglobal\/\",\"https:\/\/www.instagram.com\/cococoirglobal\/\",\"https:\/\/www.linkedin.com\/company\/coco-coir-global-company-limited\",\"https:\/\/www.youtube.com\/channel\/UC4Xk-Is93xHrllYZADkM7yQ\"]}]}<\/script>\n<!-- \/ Yoast SEO plugin. -->","yoast_head_json":{"title":"Coconut Husk Chips in Viet Nam - Coco Coir Global EXPORT","description":"T\u1ea1i Coco Coir To\u00e0n C\u1ea7u, ch\u00fang t\u00f4i v\u00f4 c\u00f9ng t\u1ef1 h\u00e0o khi gi\u1edbi thi\u1ec7u m\u1ed9t lo\u1ea1t c\u00e1c s\u1ea3n ph\u1ea9m cao c\u1ea5p \u0111\u01b0\u1ee3c thi\u1ebft k\u1ebf t\u1ec9 m\u1ec9 \u0111\u1ec3 ph\u1ee5c v\u1ee5 nhi\u1ec1u \u0111\u1ed1i t\u01b0\u1ee3ng kh\u00e1ch h\u00e0ng kh\u00e1c nhau, ch\u1ee7 y\u1ebfu t\u1eadp trung v\u00e0o Doanh nghi\u1ec7p B2B, m\u1ed7i ng\u01b0\u1eddi c\u00f3 nh\u1eefng y\u00eau c\u1ea7u ri\u00eang.","robots":{"index":"index","follow":"follow","max-snippet":"max-snippet:-1","max-image-preview":"max-image-preview:large","max-video-preview":"max-video-preview:-1"},"canonical":"https:\/\/cococoirglobal.com\/vi\/san-pham\/coconut-husk\/","og_locale":"vi_VN","og_type":"article","og_title":"Coconut Husk Chips in Viet Nam - Coco Coir Global EXPORT","og_description":"T\u1ea1i Coco Coir To\u00e0n C\u1ea7u, ch\u00fang t\u00f4i v\u00f4 c\u00f9ng t\u1ef1 h\u00e0o khi gi\u1edbi thi\u1ec7u m\u1ed9t lo\u1ea1t c\u00e1c s\u1ea3n ph\u1ea9m cao c\u1ea5p \u0111\u01b0\u1ee3c thi\u1ebft k\u1ebf t\u1ec9 m\u1ec9 \u0111\u1ec3 ph\u1ee5c v\u1ee5 nhi\u1ec1u \u0111\u1ed1i t\u01b0\u1ee3ng kh\u00e1ch h\u00e0ng kh\u00e1c nhau, ch\u1ee7 y\u1ebfu t\u1eadp trung v\u00e0o Doanh nghi\u1ec7p B2B, m\u1ed7i ng\u01b0\u1eddi c\u00f3 nh\u1eefng y\u00eau c\u1ea7u ri\u00eang.","og_url":"https:\/\/cococoirglobal.com\/vi\/san-pham\/coconut-husk\/","og_site_name":"Coco Coir Global Vietnam","article_publisher":"https:\/\/www.facebook.com\/cococoirglobal\/","article_modified_time":"2023-12-16T06:59:57+00:00","og_image":[{"width":1080,"height":800,"url":"https:\/\/cococoirglobal.com\/wp-content\/uploads\/2023\/08\/Chips.png","type":"image\/png"}],"twitter_card":"summary_large_image","twitter_misc":{"Est. reading time":"3 minutes"},"schema":{"@context":"https:\/\/schema.org","@graph":[{"@type":"WebPage","@id":"https:\/\/cococoirglobal.com\/vi\/san-pham\/coconut-husk\/","url":"https:\/\/cococoirglobal.com\/vi\/san-pham\/coconut-husk\/","name":"Coconut Husk Chips in Viet Nam - Coco Coir Global EXPORT","isPartOf":{"@id":"https:\/\/cococoirglobal.com\/vi\/#website"},"primaryImageOfPage":{"@id":"https:\/\/cococoirglobal.com\/vi\/san-pham\/coconut-husk\/#primaryimage"},"image":{"@id":"https:\/\/cococoirglobal.com\/vi\/san-pham\/coconut-husk\/#primaryimage"},"thumbnailUrl":"https:\/\/cococoirglobal.com\/wp-content\/uploads\/2023\/08\/Chips.png","datePublished":"2023-08-24T04:07:13+00:00","dateModified":"2023-12-16T06:59:57+00:00","description":"T\u1ea1i Coco Coir To\u00e0n C\u1ea7u, ch\u00fang t\u00f4i v\u00f4 c\u00f9ng t\u1ef1 h\u00e0o khi gi\u1edbi thi\u1ec7u m\u1ed9t lo\u1ea1t c\u00e1c s\u1ea3n ph\u1ea9m cao c\u1ea5p \u0111\u01b0\u1ee3c thi\u1ebft k\u1ebf t\u1ec9 m\u1ec9 \u0111\u1ec3 ph\u1ee5c v\u1ee5 nhi\u1ec1u \u0111\u1ed1i t\u01b0\u1ee3ng kh\u00e1ch h\u00e0ng kh\u00e1c nhau, ch\u1ee7 y\u1ebfu t\u1eadp trung v\u00e0o Doanh nghi\u1ec7p B2B, m\u1ed7i ng\u01b0\u1eddi c\u00f3 nh\u1eefng y\u00eau c\u1ea7u ri\u00eang.","breadcrumb":{"@id":"https:\/\/cococoirglobal.com\/vi\/san-pham\/coconut-husk\/#breadcrumb"},"inLanguage":"vi-VN","potentialAction":[{"@type":"ReadAction","target":["https:\/\/cococoirglobal.com\/vi\/san-pham\/coconut-husk\/"]}]},{"@type":"ImageObject","inLanguage":"vi-VN","@id":"https:\/\/cococoirglobal.com\/vi\/san-pham\/coconut-husk\/#primaryimage","url":"https:\/\/cococoirglobal.com\/wp-content\/uploads\/2023\/08\/Chips.png","contentUrl":"https:\/\/cococoirglobal.com\/wp-content\/uploads\/2023\/08\/Chips.png","width":1080,"height":800,"caption":"Coco Chips"},{"@type":"BreadcrumbList","@id":"https:\/\/cococoirglobal.com\/vi\/san-pham\/coconut-husk\/#breadcrumb","itemListElement":[{"@type":"ListItem","position":1,"name":"Home","item":"https:\/\/cococoirglobal.com\/vi\/"},{"@type":"ListItem","position":2,"name":"Products","item":"https:\/\/cococoirglobal.com\/vi\/shop\/"},{"@type":"ListItem","position":3,"name":"S\u1ea3n ph\u1ea9m x\u01a1 d\u1eeba","item":"https:\/\/cococoirglobal.com\/vi\/product-category\/xo-dua\/"},{"@type":"ListItem","position":4,"name":"Coconut Husk"}]},{"@type":"WebSite","@id":"https:\/\/cococoirglobal.com\/vi\/#website","url":"https:\/\/cococoirglobal.com\/vi\/","name":"Coco Coir Global","description":"The leading manufacturer and supplier of Coco Coir Products!","publisher":{"@id":"https:\/\/cococoirglobal.com\/vi\/#organization"},"potentialAction":[{"@type":"SearchAction","target":{"@type":"EntryPoint","urlTemplate":"https:\/\/cococoirglobal.com\/vi\/?s={search_term_string}"},"query-input":"required name=search_term_string"}],"inLanguage":"vi-VN"},{"@type":"Organization","@id":"https:\/\/cococoirglobal.com\/vi\/#organization","name":"COCO COIR GLOBAL COMPANY LIMITED","url":"https:\/\/cococoirglobal.com\/vi\/","logo":{"@type":"ImageObject","inLanguage":"vi-VN","@id":"https:\/\/cococoirglobal.com\/vi\/#\/schema\/logo\/image\/","url":"https:\/\/cococoirglobal.com\/wp-content\/uploads\/2023\/05\/Logo-coco-coir.png","contentUrl":"https:\/\/cococoirglobal.com\/wp-content\/uploads\/2023\/05\/Logo-coco-coir.png","width":512,"height":512,"caption":"COCO COIR GLOBAL COMPANY LIMITED"},"image":{"@id":"https:\/\/cococoirglobal.com\/vi\/#\/schema\/logo\/image\/"},"sameAs":["https:\/\/www.facebook.com\/cococoirglobal\/","https:\/\/www.instagram.com\/cococoirglobal\/","https:\/\/www.linkedin.com\/company\/coco-coir-global-company-limited","https:\/\/www.youtube.com\/channel\/UC4Xk-Is93xHrllYZADkM7yQ"]}]}},"_links":{"self":[{"href":"https:\/\/cococoirglobal.com\/vi\/wp-json\/wp\/v2\/product\/29183"}],"collection":[{"href":"https:\/\/cococoirglobal.com\/vi\/wp-json\/wp\/v2\/product"}],"about":[{"href":"https:\/\/cococoirglobal.com\/vi\/wp-json\/wp\/v2\/types\/product"}],"replies":[{"embeddable":true,"href":"https:\/\/cococoirglobal.com\/vi\/wp-json\/wp\/v2\/comments?post=29183"}],"wp:featuredmedia":[{"embeddable":true,"href":"https:\/\/cococoirglobal.com\/vi\/wp-json\/wp\/v2\/media\/32396"}],"wp:attachment":[{"href":"https:\/\/cococoirglobal.com\/vi\/wp-json\/wp\/v2\/media?parent=29183"}],"wp:term":[{"taxonomy":"product_cat","embeddable":true,"href":"https:\/\/cococoirglobal.com\/vi\/wp-json\/wp\/v2\/product_cat?post=29183"},{"taxonomy":"product_tag","embeddable":true,"href":"https:\/\/cococoirglobal.com\/vi\/wp-json\/wp\/v2\/product_tag?post=29183"}],"curies":[{"name":"wp","href":"https:\/\/api.w.org\/{rel}","templated":true}]}}