{"id":13516,"date":"2022-07-15T09:41:54","date_gmt":"2022-07-15T02:41:54","guid":{"rendered":"https:\/\/cococoirglobal.com\/?post_type=product&#038;p=13516"},"modified":"2024-03-09T10:22:27","modified_gmt":"2024-03-09T03:22:27","slug":"mun-dua-ep-khoi-dong-tui-bau","status":"publish","type":"product","link":"https:\/\/cococoirglobal.com\/vi\/product\/mun-dua-ep-khoi-dong-tui-bau\/","title":{"rendered":"M\u1ee5n d\u1eeba \u00e9p vi\u00ean \u0111\u00f3ng t\u00fai b\u1ea7u"},"content":{"rendered":"<p>S\u1ea3n ph\u1ea9m \u0111\u01b0\u1ee3c cung c\u1ea5p d\u01b0\u1edbi d\u1ea1ng vi\u00ean \u00e9p \u0111\u1ef1ng trong t\u00fai nh\u1ef1a (c\u00f3 th\u1ec3 thay th\u1ebf b\u1eb1ng t\u00fai ph\u00e2n hu\u1ef7 sinh h\u1ecdc n\u1ebfu \u0111\u01b0\u1ee3c y\u00eau c\u1ea7u).\u00a0 Nguy\u00ean li\u1ec7u 100% t\u1ef1 nhi\u00ean t\u1eeb v\u1ecf d\u1eeba. T\u01b0\u1edbi n\u01b0\u1edbc khi s\u1eed d\u1ee5ng. S\u1eed d\u1ee5ng cho nhi\u1ec1u lo\u1ea1i c\u00e2y tr\u1ed3ng, \u0111\u1eb7c bi\u1ec7t l\u00e0 c\u00e1c lo\u1ea1i tr\u00e1i c\u00e2y m\u1ec1m nh\u01b0 d\u00e2u t\u00e2y, vi\u1ec7t qu\u1ea5t, m\u00e2m x\u00f4i, g\u1eebng,&#8230;<\/p>\n<h2><span style=\"font-size: 23.04px;\">\u0110\u1eb7c t\u00ednh c\u1ee7a M\u1ee5n \u00e9p vi\u00ean \u0111\u00f3ng t\u00fai b\u1ea7u<\/span><\/h2>\n<ul>\n<li aria-level=\"1\">Gi\u00e1 th\u1ec3 h\u1eefu c\u01a1, c\u00f3 kh\u1ea3 n\u0103ng ph\u00e2n hu\u1ef7 t\u1ef1 nhi\u00ean v\u00e0 th\u00e2n thi\u1ec7n v\u1edbi m\u00f4i tr\u01b0\u1eddng<\/li>\n<li aria-level=\"1\">M\u1ee9c EC th\u1ea5p, \u0111\u1eb7c bi\u1ec7t ph\u00f9 h\u1ee3p v\u1edbi nh\u1eefng lo\u1ea1i c\u00e2y tr\u1ed3ng \u201cnh\u1ea1y c\u1ea3m\u201d<\/li>\n<li aria-level=\"1\">pH \u1edf m\u1ee9c c\u00e2n b\u1eb1ng v\u00e0 \u1ed5n \u0111\u1ecbnh, v\u1edbi h\u00e0m l\u01b0\u1ee3ng Kali, Natri c\u1ef1c k\u1ef3 th\u1ea5p, ph\u00f9 h\u1ee3p cho nhi\u1ec1u lo\u1ea1i c\u00e2y tr\u1ed3ng kh\u00e1c nhau<\/li>\n<li aria-level=\"1\">H\u00e0m l\u01b0\u1ee3ng kim lo\u1ea1i n\u1eb7ng v\u00e0 thu\u1ed1c tr\u1eeb s\u00e2u c\u1ef1c k\u1ef3 th\u1ea5p<\/li>\n<li aria-level=\"1\">\u0110\u1ed9 t\u01a1i x\u1ed1p cao cho ra c\u1ea5u tr\u00fac gi\u00e1 th\u1ec3 t\u1ed1t (kh\u00f4ng qu\u00e1 l\u1ecfng l\u1ebbo b\u1ecb n\u00e9n qu\u00e1 ch\u1eb7t), t\u1ea1o m\u00f4i tr\u01b0\u1eddng l\u00fd t\u01b0\u1edfng cho c\u00e2y ph\u00e1t tri\u1ec3n t\u1ed1t v\u00e0 kho\u1ebb m\u1ea1nh<\/li>\n<li aria-level=\"1\">Kh\u1ea3 n\u0103ng tho\u00e1t n\u01b0\u1edbc c\u0169ng nh\u01b0 gi\u1eef n\u01b0\u1edbc t\u1ed1t, gi\u00fap gi\u1eef \u1ea9m \u0111\u1ed3ng th\u1eddi tr\u00e1nh t\u00ecnh tr\u1ea1ng ng\u1eadp \u00fang \u0111\u1ed1i v\u1edbi c\u00e2y tr\u1ed3ng.<\/li>\n<li aria-level=\"1\">Kh\u1ea3 n\u0103ng tho\u00e1ng kh\u00ed t\u1ed1t, gi\u00fap cho b\u1ed9 r\u1ec5 c\u1ee7a c\u00e2y tr\u1ed3ng \u0111\u01b0\u1ee3c cung c\u1ea5p \u0111\u1ee7 l\u01b0\u1ee3ng oxy c\u1ea7n thi\u1ebft, t\u1eeb \u0111\u00f3 ph\u00e1t tri\u1ec3n kho\u1ebb m\u1ea1nh<\/li>\n<li aria-level=\"1\">Kh\u1ea3 n\u0103ng trao \u0111\u1ed5i ion cao, gi\u00fap c\u00e2y h\u1ea5p th\u1ee5 \u0111\u01b0\u1ee3c c\u00e1c ch\u1ea5t dinh d\u01b0\u1ee1ng c\u1ea7n thi\u1ebft<\/li>\n<li aria-level=\"1\">Kh\u00f4ng ch\u1ee9a c\u00e1c h\u00f3a ch\u1ea5t \u0111\u1ed9c h\u1ea1i hay c\u00e1c lo\u1ea1i s\u00e2u b\u1ec7nh, an to\u00e0n khi s\u1eed d\u1ee5ng<\/li>\n<\/ul>\n<p style=\"text-align: center;\"><a href=\"https:\/\/cococoirglobal.com\/vi\/?attachment_id=33211#main\" rel=\"attachment wp-att-33211\"><img decoding=\"async\" loading=\"lazy\" class=\"alignnone size-full wp-image-33211\" src=\"https:\/\/cococoirglobal.com\/wp-content\/uploads\/2022\/07\/Coco-peat-50L-2.png\" alt=\"\" width=\"1080\" height=\"800\" srcset=\"https:\/\/cococoirglobal.com\/wp-content\/uploads\/2022\/07\/Coco-peat-50L-2.png 1080w, https:\/\/cococoirglobal.com\/wp-content\/uploads\/2022\/07\/Coco-peat-50L-2-800x593.png 800w, https:\/\/cococoirglobal.com\/wp-content\/uploads\/2022\/07\/Coco-peat-50L-2-768x569.png 768w, https:\/\/cococoirglobal.com\/wp-content\/uploads\/2022\/07\/Coco-peat-50L-2-510x378.png 510w\" sizes=\"(max-width: 1080px) 100vw, 1080px\" \/><\/a><\/p>\n<h2>L\u1ee3i \u00edch c\u1ee7a M\u1ee5n \u00e9p vi\u00ean \u0111\u00f3ng t\u00fai b\u1ea7u<\/h2>\n<ul>\n<li aria-level=\"1\">Gi\u00fap b\u1ea3o v\u1ec7 v\u00e0 gi\u1ea3m b\u1edbt t\u00ecnh tr\u1ea1ng x\u1ea3 r\u00e1c th\u1ea3i ra m\u00f4i tr\u01b0\u1eddng<\/li>\n<li aria-level=\"1\">V\u1edbi c\u00e1c \u0111\u1eb7c t\u00ednh n\u1ed5i tr\u1ed9i, x\u01a1 d\u1eeba t\u1ea1o c\u00e1c \u0111i\u1ec1u ki\u1ec7n thu\u1eadn l\u1ee3i c\u0169ng nh\u01b0 m\u00f4i tr\u01b0\u1eddng t\u1ed1t nh\u1ea5t cho s\u1ef1 ph\u00e1t tri\u1ec3n c\u1ee7a c\u00e2y tr\u1ed3ng<\/li>\n<li aria-level=\"1\">Gi\u00fap c\u1ea3i thi\u1ec7n ch\u1ea5t l\u01b0\u1ee3ng c\u00e2y tr\u1ed3ng, cho ra tr\u00e1i c\u00e2y, rau, c\u1ee7, qu\u1ea3 th\u01a1m ngon v\u00e0 b\u1ed5 d\u01b0\u1ee1ng<\/li>\n<li aria-level=\"1\">Gi\u00fap c\u1ea3i thi\u1ec7n n\u0103ng su\u1ea5t c\u00e2y tr\u1ed3ng, cho ra s\u1ea3n l\u01b0\u1ee3ng nhi\u1ec1u v\u1edbi ch\u1ea5t l\u01b0\u1ee3ng cao<\/li>\n<li aria-level=\"1\">Gi\u00fap gi\u1ea3m b\u1edbt s\u1ef1 xu\u1ea5t hi\u1ec7n c\u1ee7a c\u00e1c lo\u1ea1i b\u1ec7nh truy\u1ec1n nhi\u1ec5m nh\u01b0 khi s\u1eed d\u1ee5ng \u0111\u1ea5t<\/li>\n<li aria-level=\"1\">Gi\u00fap ng\u01b0\u1eddi tr\u1ed3ng ti\u1ebft ki\u1ec7m chi ph\u00ed trong vi\u1ec7c s\u1eed d\u1ee5ng n\u01b0\u1edbc, mua c\u00e1c lo\u1ea1i ph\u00e2n b\u00f3n, thu\u1ed1c b\u1ea3o v\u1ec7 th\u1ef1c v\u1eadt, ph\u00f2ng ch\u1ed1ng s\u00e2u b\u1ec7nh v\u00e0 thu\u00ea nh\u00e2n c\u00f4ng.<\/li>\n<li aria-level=\"1\">Gi\u00e1 th\u1ec3 \u0111a n\u0103ng, kh\u00f4ng ch\u1ec9 \u0111\u01b0\u1ee3c s\u1eed d\u1ee5ng cho m\u1ee5c \u0111\u00edch tr\u1ed3ng tr\u1ecdt, l\u00e0m v\u01b0\u1eddn m\u00e0 c\u00f2n \u0111\u01b0\u1ee3c \u1ee9ng d\u1ee5ng trong m\u1ed9t s\u1ed1 l\u0129nh v\u1ef1c kh\u00e1c (t\u00ecm hi\u1ec3u th\u00eam t\u1ea1i \u0111\u00e2y)<\/li>\n<\/ul>\n<p><a href=\"https:\/\/cococoirglobal.com\/vi\/?attachment_id=32417#main\" rel=\"attachment wp-att-32417\"><img decoding=\"async\" loading=\"lazy\" class=\"size-full wp-image-32417 aligncenter\" src=\"https:\/\/cococoirglobal.com\/wp-content\/uploads\/2023\/08\/Compressed-Coco-Coir-Open-Top-Bag.png\" alt=\"\" width=\"1080\" height=\"800\" srcset=\"https:\/\/cococoirglobal.com\/wp-content\/uploads\/2023\/08\/Compressed-Coco-Coir-Open-Top-Bag.png 1080w, https:\/\/cococoirglobal.com\/wp-content\/uploads\/2023\/08\/Compressed-Coco-Coir-Open-Top-Bag-800x593.png 800w, https:\/\/cococoirglobal.com\/wp-content\/uploads\/2023\/08\/Compressed-Coco-Coir-Open-Top-Bag-768x569.png 768w, https:\/\/cococoirglobal.com\/wp-content\/uploads\/2023\/08\/Compressed-Coco-Coir-Open-Top-Bag-510x378.png 510w\" sizes=\"(max-width: 1080px) 100vw, 1080px\" \/><\/a><\/p>\n<h2>\u1ee8ng d\u1ee5ng c\u1ee7a M\u1ee5n \u00e9p vi\u00ean \u0111\u00f3ng t\u00fai b\u1ea7u<\/h2>\n<ul>\n<li aria-level=\"1\">Gi\u00e1 th\u1ec3 l\u00fd t\u01b0\u1edfng cho c\u00e1c ph\u01b0\u01a1ng ph\u00e1p tr\u1ed3ng tr\u1ecdt truy\u1ec1n th\u1ed1ng, hi\u1ec7n \u0111\u1ea1i v\u00e0 chuy\u00ean nghi\u1ec7p<\/li>\n<li aria-level=\"1\">\u0110\u1eb7c bi\u1ec7t ph\u00f9 h\u1ee3p \u0111\u1ec3 tr\u1ed3ng m\u1ed9t s\u1ed1 lo\u1ea1i c\u00e2y nh\u01b0 d\u00e2u t\u00e2y, m\u00e2m x\u00f4i, vi\u1ec7t qu\u1ea5t, c\u00e0 chua, d\u01b0a leo, g\u1eebng,&#8230;<\/li>\n<li aria-level=\"1\">\u0110\u01b0\u1ee3c s\u1eed d\u1ee5ng r\u1ed9ng r\u00e3i trong c\u00e1c quy m\u00f4 nh\u00e0 k\u00ednh, nh\u00e0 m\u00e0ng hi\u1ec7n \u0111\u1ea1i<\/li>\n<\/ul>\n<p style=\"text-align: center;\"><a href=\"https:\/\/cococoirglobal.com\/vi\/?attachment_id=32424#main\" rel=\"attachment wp-att-32424\"><img decoding=\"async\" loading=\"lazy\" class=\"alignnone size-full wp-image-32424\" src=\"https:\/\/cococoirglobal.com\/wp-content\/uploads\/2023\/08\/Compressed-Coco-Coir-Open-Top.png\" alt=\"\" width=\"1080\" height=\"800\" srcset=\"https:\/\/cococoirglobal.com\/wp-content\/uploads\/2023\/08\/Compressed-Coco-Coir-Open-Top.png 1080w, https:\/\/cococoirglobal.com\/wp-content\/uploads\/2023\/08\/Compressed-Coco-Coir-Open-Top-800x593.png 800w, https:\/\/cococoirglobal.com\/wp-content\/uploads\/2023\/08\/Compressed-Coco-Coir-Open-Top-768x569.png 768w, https:\/\/cococoirglobal.com\/wp-content\/uploads\/2023\/08\/Compressed-Coco-Coir-Open-Top-510x378.png 510w\" sizes=\"(max-width: 1080px) 100vw, 1080px\" \/><\/a><\/p>\n<h2>C\u00e1ch s\u1eed d\u1ee5ng M\u1ee5n \u00e9p vi\u00ean \u0111\u00f3ng t\u00fai b\u1ea7u<\/h2>\n<ul>\n<li aria-level=\"1\">B\u01b0\u1edbc 1: T\u01b0\u1edbi n\u01b0\u1edbc v\u00e0o t\u00fai cho t\u1edbi khi m\u1ee5n n\u1edf h\u1ebft<\/li>\n<li aria-level=\"1\">B\u01b0\u1edbc 2: Trong l\u00fac ch\u1edd vi\u00ean m\u1ee5n n\u1edf h\u1ebft, c\u00f3 th\u1ec3 d\u00f9ng tay \u0111\u1ec3 x\u00e0o m\u1ee5n l\u00ean, gi\u00fap \u0111\u1ea9y nhanh qu\u00e1 tr\u00ecnh n\u1edf (n\u1ebfu c\u1ea7n)<\/li>\n<li aria-level=\"1\">B\u01b0\u1edbc 3: \u0110\u1eb7t (c\u1ea5y) c\u00e2y con v\u00e0o ch\u1eadu hay c\u00e1c v\u1eadt d\u1ee5ng kh\u00e1c ch\u1ee9a x\u01a1 d\u1eeba \u0111\u00e3 chu\u1ea9n b\u1ecb.<\/li>\n<li aria-level=\"1\">B\u01b0\u1edbc 4: T\u01b0\u1edbi n\u01b0\u1edbc v\u00e0 b\u00f3n ph\u00e2n cho c\u00e2y<\/li>\n<\/ul>\n<p>Ch\u00fa \u00fd: Ki\u1ec3m so\u00e1t vi\u1ec7c t\u01b0\u1edbi n\u01b0\u1edbc v\u00e0 b\u00f3n ph\u00e2n \u0111\u1ec3 tr\u00e1nh tr\u01b0\u1eddng h\u1ee3p c\u00e2y b\u1ecb d\u01b0 ho\u1eb7c thi\u1ebfu ch\u1ea5t dinh d\u01b0\u1ee1ng<\/p>\n<h2>C\u00e1ch b\u1ea3o qu\u1ea3n M\u1ee5n \u00e9p vi\u00ean \u0111\u00f3ng t\u00fai b\u1ea7u<\/h2>\n<ul>\n<li aria-level=\"1\">Tr\u1eef s\u1ea3n ph\u1ea9m \u1edf trong c\u00e1c kho m\u00e1t, kh\u00f4 v\u00e0 tho\u00e1ng kh\u00ed \u0111\u1ec3 tr\u00e1nh b\u1ecb h\u01b0 h\u1ecfng khi h\u01a1i \u1ea9m l\u1ecdt v\u00e0o.<\/li>\n<li aria-level=\"1\">Tr\u00e1nh \u00e1nh n\u1eafng tr\u1ef1c ti\u1ebfp v\u00ec n\u00f3 c\u00f3 th\u1ec3 khi\u1ebfn x\u01a1 d\u1eeba b\u1ecb h\u01b0 h\u1ea1i.<\/li>\n<li aria-level=\"1\">Tr\u00e1nh ngu\u1ed3n nhi\u1ec5m khu\u1ea9n: ph\u00e2n b\u00f3n, thu\u1ed1c tr\u1eeb s\u00e2u, ch\u1ea5t h\u00f3a h\u1ecdc,&#8230;<\/li>\n<li aria-level=\"1\">Th\u1eddi h\u1ea1n s\u1eed d\u1ee5ng: theo khuy\u1ebfn c\u00e1o c\u1ee7a nh\u00e0 s\u1ea3n xu\u1ea5t<\/li>\n<\/ul>\n","protected":false},"excerpt":{"rendered":"<p><span style=\"font-weight: 400;\">\u2713 G\u1ecdn nh\u1eb9 v\u00e0 d\u1ec5 d\u00e0ng \u0111\u1eb7t \u0111\u1ec3 \u1edf c\u00e1c v\u1ecb tr\u00ed t\u00f9y \u00fd<\/span><\/p>\n<p><span style=\"font-weight: 400;\">\u2713 Thu\u1eadn ti\u1ec7n khi s\u1eed d\u1ee5ng<\/span><\/p>\n<p><span style=\"font-weight: 400;\">\u2713 \u0110\u1eb7c bi\u1ec7t ph\u00f9 h\u1ee3p v\u1edbi m\u1ed9t s\u1ed1 lo\u1ea1i c\u00e2y tr\u1ed3ng nh\u01b0 tr\u00e1i c\u00e2y m\u1ec1m, c\u00e0 chua, d\u01b0a leo, g\u1eebng,&#8230;<\/span><\/p>\n<p><span style=\"font-weight: 400;\">\u2713 Ph\u00f9 h\u1ee3p v\u1edbi quy m\u00f4 tr\u1ed3ng l\u1edbn, nh\u1ecf trong c\u00e1c nh\u00e0 k\u00ednh\/nh\u00e0 m\u00e0ng ho\u1eb7c khu v\u01b0\u1eddn nh\u1ecf<\/span><\/p>\n","protected":false},"featured_media":32424,"comment_status":"open","ping_status":"closed","template":"","meta":[],"product_cat":[67],"product_tag":[],"yoast_head":"<!-- This site is optimized with the Yoast SEO plugin v22.6 - https:\/\/yoast.com\/wordpress\/plugins\/seo\/ -->\n<title>M\u1ee5n D\u1eeba \u00c9p Vi\u00ean \u0110\u00f3ng T\u00fai B\u1ea7u 1 gal, 2 gal, 3 gal, Customies<\/title>\n<meta name=\"description\" content=\"S\u1ea3n ph\u1ea9m \u0111\u01b0\u1ee3c cung c\u1ea5p d\u01b0\u1edbi d\u1ea1ng vi\u00ean \u00e9p \u0111\u1ef1ng trong t\u00fai nh\u1ef1a (c\u00f3 th\u1ec3 thay th\u1ebf b\u1eb1ng t\u00fai ph\u00e2n hu\u1ef7 sinh h\u1ecdc n\u1ebfu \u0111\u01b0\u1ee3c y\u00eau c\u1ea7u).\u00a0 Nguy\u00ean li\u1ec7u 100% t\u1ef1 nhi\u00ean t\u1eeb v\u1ecf d\u1eeba.\" \/>\n<meta name=\"robots\" content=\"index, follow, max-snippet:-1, max-image-preview:large, max-video-preview:-1\" \/>\n<link rel=\"canonical\" href=\"https:\/\/cococoirglobal.com\/vi\/product\/mun-dua-ep-khoi-dong-tui-bau\/\" \/>\n<meta property=\"og:locale\" content=\"vi_VN\" \/>\n<meta property=\"og:type\" content=\"article\" \/>\n<meta property=\"og:title\" content=\"M\u1ee5n D\u1eeba \u00c9p Vi\u00ean \u0110\u00f3ng T\u00fai B\u1ea7u 1 gal, 2 gal, 3 gal, Customies\" \/>\n<meta property=\"og:description\" content=\"S\u1ea3n ph\u1ea9m \u0111\u01b0\u1ee3c cung c\u1ea5p d\u01b0\u1edbi d\u1ea1ng vi\u00ean \u00e9p \u0111\u1ef1ng trong t\u00fai nh\u1ef1a (c\u00f3 th\u1ec3 thay th\u1ebf b\u1eb1ng t\u00fai ph\u00e2n hu\u1ef7 sinh h\u1ecdc n\u1ebfu \u0111\u01b0\u1ee3c y\u00eau c\u1ea7u).\u00a0 Nguy\u00ean li\u1ec7u 100% t\u1ef1 nhi\u00ean t\u1eeb v\u1ecf d\u1eeba.\" \/>\n<meta property=\"og:url\" content=\"https:\/\/cococoirglobal.com\/vi\/product\/mun-dua-ep-khoi-dong-tui-bau\/\" \/>\n<meta property=\"og:site_name\" content=\"Coco Coir Global Vietnam\" \/>\n<meta property=\"article:publisher\" content=\"https:\/\/www.facebook.com\/cococoirglobal\/\" \/>\n<meta property=\"article:modified_time\" content=\"2024-03-09T03:22:27+00:00\" \/>\n<meta property=\"og:image\" content=\"https:\/\/cococoirglobal.com\/wp-content\/uploads\/2023\/08\/Compressed-Coco-Coir-Open-Top.png\" \/>\n\t<meta property=\"og:image:width\" content=\"1080\" \/>\n\t<meta property=\"og:image:height\" content=\"800\" \/>\n\t<meta property=\"og:image:type\" content=\"image\/png\" \/>\n<meta name=\"twitter:card\" content=\"summary_large_image\" \/>\n<meta name=\"twitter:label1\" content=\"Est. reading time\" \/>\n\t<meta name=\"twitter:data1\" content=\"4 minutes\" \/>\n<script type=\"application\/ld+json\" class=\"yoast-schema-graph\">{\"@context\":\"https:\/\/schema.org\",\"@graph\":[{\"@type\":\"WebPage\",\"@id\":\"https:\/\/cococoirglobal.com\/vi\/product\/mun-dua-ep-khoi-dong-tui-bau\/\",\"url\":\"https:\/\/cococoirglobal.com\/vi\/product\/mun-dua-ep-khoi-dong-tui-bau\/\",\"name\":\"M\u1ee5n D\u1eeba \u00c9p Vi\u00ean \u0110\u00f3ng T\u00fai B\u1ea7u 1 gal, 2 gal, 3 gal, Customies\",\"isPartOf\":{\"@id\":\"https:\/\/cococoirglobal.com\/vi\/#website\"},\"primaryImageOfPage\":{\"@id\":\"https:\/\/cococoirglobal.com\/vi\/product\/mun-dua-ep-khoi-dong-tui-bau\/#primaryimage\"},\"image\":{\"@id\":\"https:\/\/cococoirglobal.com\/vi\/product\/mun-dua-ep-khoi-dong-tui-bau\/#primaryimage\"},\"thumbnailUrl\":\"https:\/\/cococoirglobal.com\/wp-content\/uploads\/2023\/08\/Compressed-Coco-Coir-Open-Top.png\",\"datePublished\":\"2022-07-15T02:41:54+00:00\",\"dateModified\":\"2024-03-09T03:22:27+00:00\",\"description\":\"S\u1ea3n ph\u1ea9m \u0111\u01b0\u1ee3c cung c\u1ea5p d\u01b0\u1edbi d\u1ea1ng vi\u00ean \u00e9p \u0111\u1ef1ng trong t\u00fai nh\u1ef1a (c\u00f3 th\u1ec3 thay th\u1ebf b\u1eb1ng t\u00fai ph\u00e2n hu\u1ef7 sinh h\u1ecdc n\u1ebfu \u0111\u01b0\u1ee3c y\u00eau c\u1ea7u).\u00a0 Nguy\u00ean li\u1ec7u 100% t\u1ef1 nhi\u00ean t\u1eeb v\u1ecf d\u1eeba.\",\"breadcrumb\":{\"@id\":\"https:\/\/cococoirglobal.com\/vi\/product\/mun-dua-ep-khoi-dong-tui-bau\/#breadcrumb\"},\"inLanguage\":\"vi-VN\",\"potentialAction\":[{\"@type\":\"ReadAction\",\"target\":[\"https:\/\/cococoirglobal.com\/vi\/product\/mun-dua-ep-khoi-dong-tui-bau\/\"]}]},{\"@type\":\"ImageObject\",\"inLanguage\":\"vi-VN\",\"@id\":\"https:\/\/cococoirglobal.com\/vi\/product\/mun-dua-ep-khoi-dong-tui-bau\/#primaryimage\",\"url\":\"https:\/\/cococoirglobal.com\/wp-content\/uploads\/2023\/08\/Compressed-Coco-Coir-Open-Top.png\",\"contentUrl\":\"https:\/\/cococoirglobal.com\/wp-content\/uploads\/2023\/08\/Compressed-Coco-Coir-Open-Top.png\",\"width\":1080,\"height\":800},{\"@type\":\"BreadcrumbList\",\"@id\":\"https:\/\/cococoirglobal.com\/vi\/product\/mun-dua-ep-khoi-dong-tui-bau\/#breadcrumb\",\"itemListElement\":[{\"@type\":\"ListItem\",\"position\":1,\"name\":\"Home\",\"item\":\"https:\/\/cococoirglobal.com\/vi\/\"},{\"@type\":\"ListItem\",\"position\":2,\"name\":\"Products\",\"item\":\"https:\/\/cococoirglobal.com\/vi\/shop\/\"},{\"@type\":\"ListItem\",\"position\":3,\"name\":\"S\u1ea3n ph\u1ea9m x\u01a1 d\u1eeba\",\"item\":\"https:\/\/cococoirglobal.com\/vi\/product-category\/xo-dua\/\"},{\"@type\":\"ListItem\",\"position\":4,\"name\":\"M\u1ee5n d\u1eeba \u00e9p vi\u00ean \u0111\u00f3ng t\u00fai b\u1ea7u\"}]},{\"@type\":\"WebSite\",\"@id\":\"https:\/\/cococoirglobal.com\/vi\/#website\",\"url\":\"https:\/\/cococoirglobal.com\/vi\/\",\"name\":\"Coco Coir Global\",\"description\":\"The leading manufacturer and supplier of Coco Coir Products!\",\"publisher\":{\"@id\":\"https:\/\/cococoirglobal.com\/vi\/#organization\"},\"potentialAction\":[{\"@type\":\"SearchAction\",\"target\":{\"@type\":\"EntryPoint\",\"urlTemplate\":\"https:\/\/cococoirglobal.com\/vi\/?s={search_term_string}\"},\"query-input\":\"required name=search_term_string\"}],\"inLanguage\":\"vi-VN\"},{\"@type\":\"Organization\",\"@id\":\"https:\/\/cococoirglobal.com\/vi\/#organization\",\"name\":\"COCO COIR GLOBAL COMPANY LIMITED\",\"url\":\"https:\/\/cococoirglobal.com\/vi\/\",\"logo\":{\"@type\":\"ImageObject\",\"inLanguage\":\"vi-VN\",\"@id\":\"https:\/\/cococoirglobal.com\/vi\/#\/schema\/logo\/image\/\",\"url\":\"https:\/\/cococoirglobal.com\/wp-content\/uploads\/2023\/05\/Logo-coco-coir.png\",\"contentUrl\":\"https:\/\/cococoirglobal.com\/wp-content\/uploads\/2023\/05\/Logo-coco-coir.png\",\"width\":512,\"height\":512,\"caption\":\"COCO COIR GLOBAL COMPANY LIMITED\"},\"image\":{\"@id\":\"https:\/\/cococoirglobal.com\/vi\/#\/schema\/logo\/image\/\"},\"sameAs\":[\"https:\/\/www.facebook.com\/cococoirglobal\/\",\"https:\/\/www.instagram.com\/cococoirglobal\/\",\"https:\/\/www.linkedin.com\/company\/coco-coir-global-company-limited\",\"https:\/\/www.youtube.com\/channel\/UC4Xk-Is93xHrllYZADkM7yQ\"]}]}<\/script>\n<!-- \/ Yoast SEO plugin. -->","yoast_head_json":{"title":"M\u1ee5n D\u1eeba \u00c9p Vi\u00ean \u0110\u00f3ng T\u00fai B\u1ea7u 1 gal, 2 gal, 3 gal, Customies","description":"S\u1ea3n ph\u1ea9m \u0111\u01b0\u1ee3c cung c\u1ea5p d\u01b0\u1edbi d\u1ea1ng vi\u00ean \u00e9p \u0111\u1ef1ng trong t\u00fai nh\u1ef1a (c\u00f3 th\u1ec3 thay th\u1ebf b\u1eb1ng t\u00fai ph\u00e2n hu\u1ef7 sinh h\u1ecdc n\u1ebfu \u0111\u01b0\u1ee3c y\u00eau c\u1ea7u).\u00a0 Nguy\u00ean li\u1ec7u 100% t\u1ef1 nhi\u00ean t\u1eeb v\u1ecf d\u1eeba.","robots":{"index":"index","follow":"follow","max-snippet":"max-snippet:-1","max-image-preview":"max-image-preview:large","max-video-preview":"max-video-preview:-1"},"canonical":"https:\/\/cococoirglobal.com\/vi\/product\/mun-dua-ep-khoi-dong-tui-bau\/","og_locale":"vi_VN","og_type":"article","og_title":"M\u1ee5n D\u1eeba \u00c9p Vi\u00ean \u0110\u00f3ng T\u00fai B\u1ea7u 1 gal, 2 gal, 3 gal, Customies","og_description":"S\u1ea3n ph\u1ea9m \u0111\u01b0\u1ee3c cung c\u1ea5p d\u01b0\u1edbi d\u1ea1ng vi\u00ean \u00e9p \u0111\u1ef1ng trong t\u00fai nh\u1ef1a (c\u00f3 th\u1ec3 thay th\u1ebf b\u1eb1ng t\u00fai ph\u00e2n hu\u1ef7 sinh h\u1ecdc n\u1ebfu \u0111\u01b0\u1ee3c y\u00eau c\u1ea7u).\u00a0 Nguy\u00ean li\u1ec7u 100% t\u1ef1 nhi\u00ean t\u1eeb v\u1ecf d\u1eeba.","og_url":"https:\/\/cococoirglobal.com\/vi\/product\/mun-dua-ep-khoi-dong-tui-bau\/","og_site_name":"Coco Coir Global Vietnam","article_publisher":"https:\/\/www.facebook.com\/cococoirglobal\/","article_modified_time":"2024-03-09T03:22:27+00:00","og_image":[{"width":1080,"height":800,"url":"https:\/\/cococoirglobal.com\/wp-content\/uploads\/2023\/08\/Compressed-Coco-Coir-Open-Top.png","type":"image\/png"}],"twitter_card":"summary_large_image","twitter_misc":{"Est. reading time":"4 minutes"},"schema":{"@context":"https:\/\/schema.org","@graph":[{"@type":"WebPage","@id":"https:\/\/cococoirglobal.com\/vi\/product\/mun-dua-ep-khoi-dong-tui-bau\/","url":"https:\/\/cococoirglobal.com\/vi\/product\/mun-dua-ep-khoi-dong-tui-bau\/","name":"M\u1ee5n D\u1eeba \u00c9p Vi\u00ean \u0110\u00f3ng T\u00fai B\u1ea7u 1 gal, 2 gal, 3 gal, Customies","isPartOf":{"@id":"https:\/\/cococoirglobal.com\/vi\/#website"},"primaryImageOfPage":{"@id":"https:\/\/cococoirglobal.com\/vi\/product\/mun-dua-ep-khoi-dong-tui-bau\/#primaryimage"},"image":{"@id":"https:\/\/cococoirglobal.com\/vi\/product\/mun-dua-ep-khoi-dong-tui-bau\/#primaryimage"},"thumbnailUrl":"https:\/\/cococoirglobal.com\/wp-content\/uploads\/2023\/08\/Compressed-Coco-Coir-Open-Top.png","datePublished":"2022-07-15T02:41:54+00:00","dateModified":"2024-03-09T03:22:27+00:00","description":"S\u1ea3n ph\u1ea9m \u0111\u01b0\u1ee3c cung c\u1ea5p d\u01b0\u1edbi d\u1ea1ng vi\u00ean \u00e9p \u0111\u1ef1ng trong t\u00fai nh\u1ef1a (c\u00f3 th\u1ec3 thay th\u1ebf b\u1eb1ng t\u00fai ph\u00e2n hu\u1ef7 sinh h\u1ecdc n\u1ebfu \u0111\u01b0\u1ee3c y\u00eau c\u1ea7u).\u00a0 Nguy\u00ean li\u1ec7u 100% t\u1ef1 nhi\u00ean t\u1eeb v\u1ecf d\u1eeba.","breadcrumb":{"@id":"https:\/\/cococoirglobal.com\/vi\/product\/mun-dua-ep-khoi-dong-tui-bau\/#breadcrumb"},"inLanguage":"vi-VN","potentialAction":[{"@type":"ReadAction","target":["https:\/\/cococoirglobal.com\/vi\/product\/mun-dua-ep-khoi-dong-tui-bau\/"]}]},{"@type":"ImageObject","inLanguage":"vi-VN","@id":"https:\/\/cococoirglobal.com\/vi\/product\/mun-dua-ep-khoi-dong-tui-bau\/#primaryimage","url":"https:\/\/cococoirglobal.com\/wp-content\/uploads\/2023\/08\/Compressed-Coco-Coir-Open-Top.png","contentUrl":"https:\/\/cococoirglobal.com\/wp-content\/uploads\/2023\/08\/Compressed-Coco-Coir-Open-Top.png","width":1080,"height":800},{"@type":"BreadcrumbList","@id":"https:\/\/cococoirglobal.com\/vi\/product\/mun-dua-ep-khoi-dong-tui-bau\/#breadcrumb","itemListElement":[{"@type":"ListItem","position":1,"name":"Home","item":"https:\/\/cococoirglobal.com\/vi\/"},{"@type":"ListItem","position":2,"name":"Products","item":"https:\/\/cococoirglobal.com\/vi\/shop\/"},{"@type":"ListItem","position":3,"name":"S\u1ea3n ph\u1ea9m x\u01a1 d\u1eeba","item":"https:\/\/cococoirglobal.com\/vi\/product-category\/xo-dua\/"},{"@type":"ListItem","position":4,"name":"M\u1ee5n d\u1eeba \u00e9p vi\u00ean \u0111\u00f3ng t\u00fai b\u1ea7u"}]},{"@type":"WebSite","@id":"https:\/\/cococoirglobal.com\/vi\/#website","url":"https:\/\/cococoirglobal.com\/vi\/","name":"Coco Coir Global","description":"The leading manufacturer and supplier of Coco Coir Products!","publisher":{"@id":"https:\/\/cococoirglobal.com\/vi\/#organization"},"potentialAction":[{"@type":"SearchAction","target":{"@type":"EntryPoint","urlTemplate":"https:\/\/cococoirglobal.com\/vi\/?s={search_term_string}"},"query-input":"required name=search_term_string"}],"inLanguage":"vi-VN"},{"@type":"Organization","@id":"https:\/\/cococoirglobal.com\/vi\/#organization","name":"COCO COIR GLOBAL COMPANY LIMITED","url":"https:\/\/cococoirglobal.com\/vi\/","logo":{"@type":"ImageObject","inLanguage":"vi-VN","@id":"https:\/\/cococoirglobal.com\/vi\/#\/schema\/logo\/image\/","url":"https:\/\/cococoirglobal.com\/wp-content\/uploads\/2023\/05\/Logo-coco-coir.png","contentUrl":"https:\/\/cococoirglobal.com\/wp-content\/uploads\/2023\/05\/Logo-coco-coir.png","width":512,"height":512,"caption":"COCO COIR GLOBAL COMPANY LIMITED"},"image":{"@id":"https:\/\/cococoirglobal.com\/vi\/#\/schema\/logo\/image\/"},"sameAs":["https:\/\/www.facebook.com\/cococoirglobal\/","https:\/\/www.instagram.com\/cococoirglobal\/","https:\/\/www.linkedin.com\/company\/coco-coir-global-company-limited","https:\/\/www.youtube.com\/channel\/UC4Xk-Is93xHrllYZADkM7yQ"]}]}},"_links":{"self":[{"href":"https:\/\/cococoirglobal.com\/vi\/wp-json\/wp\/v2\/product\/13516"}],"collection":[{"href":"https:\/\/cococoirglobal.com\/vi\/wp-json\/wp\/v2\/product"}],"about":[{"href":"https:\/\/cococoirglobal.com\/vi\/wp-json\/wp\/v2\/types\/product"}],"replies":[{"embeddable":true,"href":"https:\/\/cococoirglobal.com\/vi\/wp-json\/wp\/v2\/comments?post=13516"}],"wp:featuredmedia":[{"embeddable":true,"href":"https:\/\/cococoirglobal.com\/vi\/wp-json\/wp\/v2\/media\/32424"}],"wp:attachment":[{"href":"https:\/\/cococoirglobal.com\/vi\/wp-json\/wp\/v2\/media?parent=13516"}],"wp:term":[{"taxonomy":"product_cat","embeddable":true,"href":"https:\/\/cococoirglobal.com\/vi\/wp-json\/wp\/v2\/product_cat?post=13516"},{"taxonomy":"product_tag","embeddable":true,"href":"https:\/\/cococoirglobal.com\/vi\/wp-json\/wp\/v2\/product_tag?post=13516"}],"curies":[{"name":"wp","href":"https:\/\/api.w.org\/{rel}","templated":true}]}}