{"id":9650,"date":"2020-04-28T09:17:23","date_gmt":"2020-04-28T09:17:23","guid":{"rendered":"https:\/\/demo.goodlayers.com\/cannamed\/demo1\/?page_id=9650"},"modified":"2023-12-28T15:04:59","modified_gmt":"2023-12-28T08:04:59","slug":"lien-he-mun-dua-xuat-khau","status":"publish","type":"page","link":"https:\/\/cococoirglobal.com\/vi\/lien-he-mun-dua-xuat-khau\/","title":{"rendered":"Li\u00ean h\u1ec7"},"content":{"rendered":"\t<div class=\"img has-hover banner-full-width x md-x lg-x y md-y lg-y\" id=\"image_803280117\">\n\t\t\t\t\t\t\t\t<div class=\"img-inner image-cover dark\" style=\"padding-top:500px;\">\n\t\t\t<img width=\"800\" height=\"571\" src=\"https:\/\/cococoirglobal.com\/wp-content\/uploads\/2021\/08\/5.jpg\" class=\"attachment-large size-large\" alt=\"\" decoding=\"async\" loading=\"lazy\" srcset=\"https:\/\/cococoirglobal.com\/wp-content\/uploads\/2021\/08\/5.jpg 1500w, https:\/\/cococoirglobal.com\/wp-content\/uploads\/2021\/08\/5-510x364.jpg 510w\" sizes=\"(max-width: 800px) 100vw, 800px\" \/>\t\t\t\t\t\t\n\t\t\t\t\t<\/div>\n\t\t\t\t\t\t\t\t\n<style>\n#image_803280117 {\n  width: 100%;\n}\n<\/style>\n\t<\/div>\n\t\n\t<section class=\"section\" id=\"section_1428326331\">\n\t\t<div class=\"bg section-bg fill bg-fill  bg-loaded\" >\n\n\t\t\t\n\t\t\t\n\t\t\t\n\n\t\t<\/div>\n\n\t\t\n\n\t\t<div class=\"section-content relative\">\n\t\t\t\n<div class=\"row row-small align-equal align-center\"  id=\"row-1897557212\">\n\n\t<div id=\"col-1048035457\" class=\"col small-12 large-12\"  >\n\t\t\t\t<div class=\"col-inner\"  >\n\t\t\t\n\t\t\t\n\n<span><span><a href=\"https:\/\/cococoirglobal.com\/vi\/\">Home<\/a><\/span><\/span>\n\n\t<div id=\"text-3122498787\" class=\"text\">\n\t\t\n<h1>Li\u00ean H\u1ec7<\/h1>\n\t\t\n<style>\n#text-3122498787 {\n  font-size: 1.3rem;\n  text-align: center;\n}\n@media (min-width:550px) {\n  #text-3122498787 {\n    font-size: 1.8rem;\n  }\n}\n<\/style>\n\t<\/div>\n\t\n\t\t<\/div>\n\t\t\t\t\t<\/div>\n\n\t\n\n\t<div id=\"col-1000764180\" class=\"col medium-6 small-12 large-6\"  >\n\t\t\t\t<div class=\"col-inner\"  >\n\t\t\t\n\t\t\t\n<h2>Nh\u00e0 M\u00e1y<\/h2>\n<p><i class=\"fa-regular fa-clock\"><\/i> Th\u1ee9 2 \u2013 Ch\u1ee7 Nh\u1eadt: 7 : 30 \u2013 17 : 30<\/p>\n<p><i class=\"fa-sharp fa-solid fa-location-dot\"><\/i>\u0110\u1ecba ch\u1ec9: <span style=\"font-weight: 400;\">\u1ea4p Ph\u00fa H\u00e0o, x\u00e3 Ph\u00fa H\u01b0ng, TP. B\u1ebfn Tre, t\u1ec9nh B\u1ebfn Tre, Vi\u1ec7t Nam<\/span><\/p>\n<p><a href=\"tel:+84 947 990 296\"><span class=\"has-inline-color\"><i class=\"fa-solid fa-phone\"><\/i> +84 9<\/span>47 990 296 (Vietnamese)<\/a><\/p>\n<p><a href=\"tel:+84 967 212 482\"><span class=\"has-inline-color\"><i class=\"fa-solid fa-phone\"><\/i> 0084 967 212 482<\/span>\u00a0(English)<\/a><\/p>\n<p><a href=\"mailto:info@cococoirglobal.com\"><i class=\"fa-solid fa-envelope\"><\/i> info@cococoirglobal.com<\/a><\/p>\n\t\t<\/div>\n\t\t\t\t\t<\/div>\n\n\t\n\n\t<div id=\"col-804016394\" class=\"col medium-6 small-12 large-6\"  >\n\t\t\t\t<div class=\"col-inner\"  >\n\t\t\t\n\t\t\t\n<h2>B\u1eafc M\u1ef9<\/h2>\n<div>JM VIN, LLC is the authorized oversea representative of Coco Coir Global Company Limited<\/div>\n<div>\u00a0<\/div>\n<div>4742 North 24th Street, Suite 300, Phoenix, Arizona 85016, USA.<\/div>\n<div>\u00a0<\/div>\n<h4><strong>Mrs Van Phung<\/strong><\/h4>\n<div>Chief Representative\/ Project Manager (PMP)<\/div>\n<div>\u00a0<\/div>\n<div>Phone\/ Whatsapp\/ Zalo: <a href=\"tel:19253909277\">1.925.390.9277<\/a><\/div>\n<div>\u00a0<\/div>\n<div>Email: <a href=\"mailto:vanphung@cococoirglobal.com.vn\">vanphung@cococoirglobal.com.vn<\/a> Or: <a href=\"mailto:van@jmvin.com\">van@jmvin.com<\/a><\/div>\n\t\t<\/div>\n\t\t\t\t\t<\/div>\n\n\t\n\n\t<div id=\"col-81179759\" class=\"col medium-6 small-12 large-6\"  >\n\t\t\t\t<div class=\"col-inner\"  >\n\t\t\t\n\t\t\t\n\n<p><iframe loading=\"lazy\" style=\"border: 0;\" src=\"https:\/\/www.google.com\/maps\/embed?pb=!1m18!1m12!1m3!1d7852.612986596449!2d106.42193688375627!3d10.23684602177214!2m3!1f0!2f0!3f0!3m2!1i1024!2i768!4f13.1!3m3!1m2!1s0x310aa973aa5a1d09%3A0x49e2105d0edcb6e5!2sCOCO%20COIR%20GLOBAL%20COMPANY%20LIMITED!5e0!3m2!1svi!2s!4v1683472510632!5m2!1svi!2s\" width=\"600\" height=\"450\" allowfullscreen=\"allowfullscreen\"><\/iframe><br \/>\n\n\t\t<\/div>\n\t\t\t\t\t<\/div>\n\n\t\n\n\t<div id=\"col-953581163\" class=\"col medium-6 small-12 large-6\"  >\n\t\t\t\t<div class=\"col-inner\"  >\n\t\t\t\n\t\t\t\n\n<div class=\"wpcf7 no-js\" id=\"wpcf7-f16698-o1\" lang=\"en-US\" dir=\"ltr\">\n<div class=\"screen-reader-response\"><p role=\"status\" aria-live=\"polite\" aria-atomic=\"true\"><\/p> <ul><\/ul><\/div>\n<form action=\"\/vi\/wp-json\/wp\/v2\/pages\/9650#wpcf7-f16698-o1\" method=\"post\" class=\"wpcf7-form init\" aria-label=\"Contact form\" novalidate=\"novalidate\" data-status=\"init\">\n<div style=\"display: none;\">\n<input type=\"hidden\" name=\"_wpcf7\" value=\"16698\" \/>\n<input type=\"hidden\" name=\"_wpcf7_version\" value=\"5.9.3\" \/>\n<input type=\"hidden\" name=\"_wpcf7_locale\" value=\"en_US\" \/>\n<input type=\"hidden\" name=\"_wpcf7_unit_tag\" value=\"wpcf7-f16698-o1\" \/>\n<input type=\"hidden\" name=\"_wpcf7_container_post\" value=\"0\" \/>\n<input type=\"hidden\" name=\"_wpcf7_posted_data_hash\" value=\"\" \/>\n<input type=\"hidden\" name=\"_wpcf7_recaptcha_response\" value=\"\" \/>\n<\/div>\n<p><span class=\"wpcf7-form-control-wrap\" data-name=\"your-name\"><input size=\"40\" class=\"wpcf7-form-control wpcf7-text wpcf7-validates-as-required\" aria-required=\"true\" aria-invalid=\"false\" placeholder=\"Name\" value=\"\" type=\"text\" name=\"your-name\" \/><\/span>\n<\/p>\n<p><span class=\"wpcf7-form-control-wrap\" data-name=\"your-organisation\"><input size=\"40\" class=\"wpcf7-form-control wpcf7-text\" aria-invalid=\"false\" placeholder=\"Organisation\" value=\"\" type=\"text\" name=\"your-organisation\" \/><\/span>\n<\/p>\n<p><span class=\"wpcf7-form-control-wrap\" data-name=\"your-email\"><input size=\"40\" class=\"wpcf7-form-control wpcf7-email wpcf7-validates-as-required wpcf7-text wpcf7-validates-as-email\" aria-required=\"true\" aria-invalid=\"false\" placeholder=\"Email\" value=\"\" type=\"email\" name=\"your-email\" \/><\/span>\n<\/p>\n<p><span class=\"wpcf7-form-control-wrap\" data-name=\"your-phone\"><input size=\"40\" class=\"wpcf7-form-control wpcf7-tel wpcf7-validates-as-required wpcf7-text wpcf7-validates-as-tel\" aria-required=\"true\" aria-invalid=\"false\" placeholder=\"Phone number\" value=\"\" type=\"tel\" name=\"your-phone\" \/><\/span>\n<\/p>\n<p><span class=\"wpcf7-form-control-wrap\" data-name=\"your-country\"><input size=\"40\" class=\"wpcf7-form-control wpcf7-text\" aria-invalid=\"false\" placeholder=\"Country\" value=\"\" type=\"text\" name=\"your-country\" \/><\/span>\n<\/p>\n<p><span class=\"wpcf7-form-control-wrap\" data-name=\"your-address\"><input size=\"40\" class=\"wpcf7-form-control wpcf7-text\" aria-invalid=\"false\" placeholder=\"Address\" value=\"\" type=\"text\" name=\"your-address\" \/><\/span>\n<\/p>\n<p><span class=\"wpcf7-form-control-wrap\" data-name=\"your-message\"><textarea cols=\"40\" rows=\"10\" class=\"wpcf7-form-control wpcf7-textarea\" aria-invalid=\"false\" placeholder=\"I would like more information on\" name=\"your-message\"><\/textarea><\/span>\n<\/p>\n<p><input class=\"wpcf7-form-control wpcf7-submit has-spinner\" type=\"submit\" value=\"Contact\" \/>\n<\/p><div class=\"wpcf7-response-output\" aria-hidden=\"true\"><\/div>\n<\/form>\n<\/div>\n\n\t\t<\/div>\n\t\t\t\t\t<\/div>\n\n\t\n<\/div>\n\t\t<\/div>\n\n\t\t\n<style>\n#section_1428326331 {\n  padding-top: 30px;\n  padding-bottom: 30px;\n}\n#section_1428326331 .ux-shape-divider--top svg {\n  height: 150px;\n  --divider-top-width: 100%;\n}\n#section_1428326331 .ux-shape-divider--bottom svg {\n  height: 150px;\n  --divider-width: 100%;\n}\n<\/style>\n\t<\/section>\n\t\n","protected":false},"excerpt":{"rendered":"","protected":false},"author":1,"featured_media":17663,"parent":0,"menu_order":0,"comment_status":"closed","ping_status":"closed","template":"","meta":{"footnotes":""},"yoast_head":"<!-- This site is optimized with the Yoast SEO plugin v22.6 - https:\/\/yoast.com\/wordpress\/plugins\/seo\/ -->\n<title>Mua m\u1ee5n, x\u01a1 d\u1eeba ch\u1ea5t l\u01b0\u1ee3ng cao - Li\u00ean h\u1ec7 - Coco Coir Global Vietnam<\/title>\n<meta name=\"description\" content=\"Coco Coir Global - Nh\u00e0 xu\u1ea5t kh\u1ea9u m\u1ee5n d\u1eeba h\u00e0ng \u0111\u1ea7u. Li\u00ean h\u1ec7 ngay v\u1edbi ch\u00fang t\u00f4i \u0111\u1ec3 bi\u1ebft th\u00eam th\u00f4ng tin v\u1ec1 s\u1ea3n ph\u1ea9m c\u0169ng nh\u01b0 b\u00e1o gi\u00e1 t\u1ed1t nh\u1ea5t.\" \/>\n<meta name=\"robots\" content=\"index, follow, max-snippet:-1, max-image-preview:large, max-video-preview:-1\" \/>\n<link rel=\"canonical\" href=\"https:\/\/cococoirglobal.com\/vi\/lien-he-mun-dua-xuat-khau\/\" \/>\n<meta property=\"og:locale\" content=\"vi_VN\" \/>\n<meta property=\"og:type\" content=\"article\" \/>\n<meta property=\"og:title\" content=\"Mua m\u1ee5n, x\u01a1 d\u1eeba ch\u1ea5t l\u01b0\u1ee3ng cao - Li\u00ean h\u1ec7 - Coco Coir Global Vietnam\" \/>\n<meta property=\"og:description\" content=\"Coco Coir Global - Nh\u00e0 xu\u1ea5t kh\u1ea9u m\u1ee5n d\u1eeba h\u00e0ng \u0111\u1ea7u. Li\u00ean h\u1ec7 ngay v\u1edbi ch\u00fang t\u00f4i \u0111\u1ec3 bi\u1ebft th\u00eam th\u00f4ng tin v\u1ec1 s\u1ea3n ph\u1ea9m c\u0169ng nh\u01b0 b\u00e1o gi\u00e1 t\u1ed1t nh\u1ea5t.\" \/>\n<meta property=\"og:url\" content=\"https:\/\/cococoirglobal.com\/vi\/lien-he-mun-dua-xuat-khau\/\" \/>\n<meta property=\"og:site_name\" content=\"Coco Coir Global Vietnam\" \/>\n<meta property=\"article:publisher\" content=\"https:\/\/www.facebook.com\/cococoirglobal\/\" \/>\n<meta property=\"article:modified_time\" content=\"2023-12-28T08:04:59+00:00\" \/>\n<meta property=\"og:image\" content=\"https:\/\/cococoirglobal.com\/wp-content\/uploads\/2023\/05\/Logo-chu-den.png\" \/>\n\t<meta property=\"og:image:width\" content=\"512\" \/>\n\t<meta property=\"og:image:height\" content=\"512\" \/>\n\t<meta property=\"og:image:type\" content=\"image\/png\" \/>\n<meta name=\"twitter:card\" content=\"summary_large_image\" \/>\n<meta name=\"twitter:label1\" content=\"Est. reading time\" \/>\n\t<meta name=\"twitter:data1\" content=\"1 minute\" \/>\n<script type=\"application\/ld+json\" class=\"yoast-schema-graph\">{\"@context\":\"https:\/\/schema.org\",\"@graph\":[{\"@type\":\"WebPage\",\"@id\":\"https:\/\/cococoirglobal.com\/vi\/lien-he-mun-dua-xuat-khau\/\",\"url\":\"https:\/\/cococoirglobal.com\/vi\/lien-he-mun-dua-xuat-khau\/\",\"name\":\"Mua m\u1ee5n, x\u01a1 d\u1eeba ch\u1ea5t l\u01b0\u1ee3ng cao - Li\u00ean h\u1ec7 - Coco Coir Global Vietnam\",\"isPartOf\":{\"@id\":\"https:\/\/cococoirglobal.com\/vi\/#website\"},\"primaryImageOfPage\":{\"@id\":\"https:\/\/cococoirglobal.com\/vi\/lien-he-mun-dua-xuat-khau\/#primaryimage\"},\"image\":{\"@id\":\"https:\/\/cococoirglobal.com\/vi\/lien-he-mun-dua-xuat-khau\/#primaryimage\"},\"thumbnailUrl\":\"https:\/\/cococoirglobal.com\/wp-content\/uploads\/2023\/05\/Logo-chu-den.png\",\"datePublished\":\"2020-04-28T09:17:23+00:00\",\"dateModified\":\"2023-12-28T08:04:59+00:00\",\"description\":\"Coco Coir Global - Nh\u00e0 xu\u1ea5t kh\u1ea9u m\u1ee5n d\u1eeba h\u00e0ng \u0111\u1ea7u. Li\u00ean h\u1ec7 ngay v\u1edbi ch\u00fang t\u00f4i \u0111\u1ec3 bi\u1ebft th\u00eam th\u00f4ng tin v\u1ec1 s\u1ea3n ph\u1ea9m c\u0169ng nh\u01b0 b\u00e1o gi\u00e1 t\u1ed1t nh\u1ea5t.\",\"breadcrumb\":{\"@id\":\"https:\/\/cococoirglobal.com\/vi\/lien-he-mun-dua-xuat-khau\/#breadcrumb\"},\"inLanguage\":\"vi-VN\",\"potentialAction\":[{\"@type\":\"ReadAction\",\"target\":[\"https:\/\/cococoirglobal.com\/vi\/lien-he-mun-dua-xuat-khau\/\"]}]},{\"@type\":\"ImageObject\",\"inLanguage\":\"vi-VN\",\"@id\":\"https:\/\/cococoirglobal.com\/vi\/lien-he-mun-dua-xuat-khau\/#primaryimage\",\"url\":\"https:\/\/cococoirglobal.com\/wp-content\/uploads\/2023\/05\/Logo-chu-den.png\",\"contentUrl\":\"https:\/\/cococoirglobal.com\/wp-content\/uploads\/2023\/05\/Logo-chu-den.png\",\"width\":512,\"height\":512,\"caption\":\"icon coco coir gloal\"},{\"@type\":\"BreadcrumbList\",\"@id\":\"https:\/\/cococoirglobal.com\/vi\/lien-he-mun-dua-xuat-khau\/#breadcrumb\",\"itemListElement\":[{\"@type\":\"ListItem\",\"position\":1,\"name\":\"Home\",\"item\":\"https:\/\/cococoirglobal.com\/vi\/\"},{\"@type\":\"ListItem\",\"position\":2,\"name\":\"Li\u00ean h\u1ec7\"}]},{\"@type\":\"WebSite\",\"@id\":\"https:\/\/cococoirglobal.com\/vi\/#website\",\"url\":\"https:\/\/cococoirglobal.com\/vi\/\",\"name\":\"Coco Coir Global\",\"description\":\"The leading manufacturer and supplier of Coco Coir Products!\",\"publisher\":{\"@id\":\"https:\/\/cococoirglobal.com\/vi\/#organization\"},\"potentialAction\":[{\"@type\":\"SearchAction\",\"target\":{\"@type\":\"EntryPoint\",\"urlTemplate\":\"https:\/\/cococoirglobal.com\/vi\/?s={search_term_string}\"},\"query-input\":\"required name=search_term_string\"}],\"inLanguage\":\"vi-VN\"},{\"@type\":\"Organization\",\"@id\":\"https:\/\/cococoirglobal.com\/vi\/#organization\",\"name\":\"COCO COIR GLOBAL COMPANY LIMITED\",\"url\":\"https:\/\/cococoirglobal.com\/vi\/\",\"logo\":{\"@type\":\"ImageObject\",\"inLanguage\":\"vi-VN\",\"@id\":\"https:\/\/cococoirglobal.com\/vi\/#\/schema\/logo\/image\/\",\"url\":\"https:\/\/cococoirglobal.com\/wp-content\/uploads\/2023\/05\/Logo-coco-coir.png\",\"contentUrl\":\"https:\/\/cococoirglobal.com\/wp-content\/uploads\/2023\/05\/Logo-coco-coir.png\",\"width\":512,\"height\":512,\"caption\":\"COCO COIR GLOBAL COMPANY LIMITED\"},\"image\":{\"@id\":\"https:\/\/cococoirglobal.com\/vi\/#\/schema\/logo\/image\/\"},\"sameAs\":[\"https:\/\/www.facebook.com\/cococoirglobal\/\",\"https:\/\/www.instagram.com\/cococoirglobal\/\",\"https:\/\/www.linkedin.com\/company\/coco-coir-global-company-limited\",\"https:\/\/www.youtube.com\/channel\/UC4Xk-Is93xHrllYZADkM7yQ\"]}]}<\/script>\n<!-- \/ Yoast SEO plugin. -->","yoast_head_json":{"title":"Mua m\u1ee5n, x\u01a1 d\u1eeba ch\u1ea5t l\u01b0\u1ee3ng cao - Li\u00ean h\u1ec7 - Coco Coir Global Vietnam","description":"Coco Coir Global - Nh\u00e0 xu\u1ea5t kh\u1ea9u m\u1ee5n d\u1eeba h\u00e0ng \u0111\u1ea7u. Li\u00ean h\u1ec7 ngay v\u1edbi ch\u00fang t\u00f4i \u0111\u1ec3 bi\u1ebft th\u00eam th\u00f4ng tin v\u1ec1 s\u1ea3n ph\u1ea9m c\u0169ng nh\u01b0 b\u00e1o gi\u00e1 t\u1ed1t nh\u1ea5t.","robots":{"index":"index","follow":"follow","max-snippet":"max-snippet:-1","max-image-preview":"max-image-preview:large","max-video-preview":"max-video-preview:-1"},"canonical":"https:\/\/cococoirglobal.com\/vi\/lien-he-mun-dua-xuat-khau\/","og_locale":"vi_VN","og_type":"article","og_title":"Mua m\u1ee5n, x\u01a1 d\u1eeba ch\u1ea5t l\u01b0\u1ee3ng cao - Li\u00ean h\u1ec7 - Coco Coir Global Vietnam","og_description":"Coco Coir Global - Nh\u00e0 xu\u1ea5t kh\u1ea9u m\u1ee5n d\u1eeba h\u00e0ng \u0111\u1ea7u. Li\u00ean h\u1ec7 ngay v\u1edbi ch\u00fang t\u00f4i \u0111\u1ec3 bi\u1ebft th\u00eam th\u00f4ng tin v\u1ec1 s\u1ea3n ph\u1ea9m c\u0169ng nh\u01b0 b\u00e1o gi\u00e1 t\u1ed1t nh\u1ea5t.","og_url":"https:\/\/cococoirglobal.com\/vi\/lien-he-mun-dua-xuat-khau\/","og_site_name":"Coco Coir Global Vietnam","article_publisher":"https:\/\/www.facebook.com\/cococoirglobal\/","article_modified_time":"2023-12-28T08:04:59+00:00","og_image":[{"width":512,"height":512,"url":"https:\/\/cococoirglobal.com\/wp-content\/uploads\/2023\/05\/Logo-chu-den.png","type":"image\/png"}],"twitter_card":"summary_large_image","twitter_misc":{"Est. reading time":"1 minute"},"schema":{"@context":"https:\/\/schema.org","@graph":[{"@type":"WebPage","@id":"https:\/\/cococoirglobal.com\/vi\/lien-he-mun-dua-xuat-khau\/","url":"https:\/\/cococoirglobal.com\/vi\/lien-he-mun-dua-xuat-khau\/","name":"Mua m\u1ee5n, x\u01a1 d\u1eeba ch\u1ea5t l\u01b0\u1ee3ng cao - Li\u00ean h\u1ec7 - Coco Coir Global Vietnam","isPartOf":{"@id":"https:\/\/cococoirglobal.com\/vi\/#website"},"primaryImageOfPage":{"@id":"https:\/\/cococoirglobal.com\/vi\/lien-he-mun-dua-xuat-khau\/#primaryimage"},"image":{"@id":"https:\/\/cococoirglobal.com\/vi\/lien-he-mun-dua-xuat-khau\/#primaryimage"},"thumbnailUrl":"https:\/\/cococoirglobal.com\/wp-content\/uploads\/2023\/05\/Logo-chu-den.png","datePublished":"2020-04-28T09:17:23+00:00","dateModified":"2023-12-28T08:04:59+00:00","description":"Coco Coir Global - Nh\u00e0 xu\u1ea5t kh\u1ea9u m\u1ee5n d\u1eeba h\u00e0ng \u0111\u1ea7u. Li\u00ean h\u1ec7 ngay v\u1edbi ch\u00fang t\u00f4i \u0111\u1ec3 bi\u1ebft th\u00eam th\u00f4ng tin v\u1ec1 s\u1ea3n ph\u1ea9m c\u0169ng nh\u01b0 b\u00e1o gi\u00e1 t\u1ed1t nh\u1ea5t.","breadcrumb":{"@id":"https:\/\/cococoirglobal.com\/vi\/lien-he-mun-dua-xuat-khau\/#breadcrumb"},"inLanguage":"vi-VN","potentialAction":[{"@type":"ReadAction","target":["https:\/\/cococoirglobal.com\/vi\/lien-he-mun-dua-xuat-khau\/"]}]},{"@type":"ImageObject","inLanguage":"vi-VN","@id":"https:\/\/cococoirglobal.com\/vi\/lien-he-mun-dua-xuat-khau\/#primaryimage","url":"https:\/\/cococoirglobal.com\/wp-content\/uploads\/2023\/05\/Logo-chu-den.png","contentUrl":"https:\/\/cococoirglobal.com\/wp-content\/uploads\/2023\/05\/Logo-chu-den.png","width":512,"height":512,"caption":"icon coco coir gloal"},{"@type":"BreadcrumbList","@id":"https:\/\/cococoirglobal.com\/vi\/lien-he-mun-dua-xuat-khau\/#breadcrumb","itemListElement":[{"@type":"ListItem","position":1,"name":"Home","item":"https:\/\/cococoirglobal.com\/vi\/"},{"@type":"ListItem","position":2,"name":"Li\u00ean h\u1ec7"}]},{"@type":"WebSite","@id":"https:\/\/cococoirglobal.com\/vi\/#website","url":"https:\/\/cococoirglobal.com\/vi\/","name":"Coco Coir Global","description":"The leading manufacturer and supplier of Coco Coir Products!","publisher":{"@id":"https:\/\/cococoirglobal.com\/vi\/#organization"},"potentialAction":[{"@type":"SearchAction","target":{"@type":"EntryPoint","urlTemplate":"https:\/\/cococoirglobal.com\/vi\/?s={search_term_string}"},"query-input":"required name=search_term_string"}],"inLanguage":"vi-VN"},{"@type":"Organization","@id":"https:\/\/cococoirglobal.com\/vi\/#organization","name":"COCO COIR GLOBAL COMPANY LIMITED","url":"https:\/\/cococoirglobal.com\/vi\/","logo":{"@type":"ImageObject","inLanguage":"vi-VN","@id":"https:\/\/cococoirglobal.com\/vi\/#\/schema\/logo\/image\/","url":"https:\/\/cococoirglobal.com\/wp-content\/uploads\/2023\/05\/Logo-coco-coir.png","contentUrl":"https:\/\/cococoirglobal.com\/wp-content\/uploads\/2023\/05\/Logo-coco-coir.png","width":512,"height":512,"caption":"COCO COIR GLOBAL COMPANY LIMITED"},"image":{"@id":"https:\/\/cococoirglobal.com\/vi\/#\/schema\/logo\/image\/"},"sameAs":["https:\/\/www.facebook.com\/cococoirglobal\/","https:\/\/www.instagram.com\/cococoirglobal\/","https:\/\/www.linkedin.com\/company\/coco-coir-global-company-limited","https:\/\/www.youtube.com\/channel\/UC4Xk-Is93xHrllYZADkM7yQ"]}]}},"_links":{"self":[{"href":"https:\/\/cococoirglobal.com\/vi\/wp-json\/wp\/v2\/pages\/9650"}],"collection":[{"href":"https:\/\/cococoirglobal.com\/vi\/wp-json\/wp\/v2\/pages"}],"about":[{"href":"https:\/\/cococoirglobal.com\/vi\/wp-json\/wp\/v2\/types\/page"}],"author":[{"embeddable":true,"href":"https:\/\/cococoirglobal.com\/vi\/wp-json\/wp\/v2\/users\/1"}],"replies":[{"embeddable":true,"href":"https:\/\/cococoirglobal.com\/vi\/wp-json\/wp\/v2\/comments?post=9650"}],"version-history":[{"count":0,"href":"https:\/\/cococoirglobal.com\/vi\/wp-json\/wp\/v2\/pages\/9650\/revisions"}],"wp:featuredmedia":[{"embeddable":true,"href":"https:\/\/cococoirglobal.com\/vi\/wp-json\/wp\/v2\/media\/17663"}],"wp:attachment":[{"href":"https:\/\/cococoirglobal.com\/vi\/wp-json\/wp\/v2\/media?parent=9650"}],"curies":[{"name":"wp","href":"https:\/\/api.w.org\/{rel}","templated":true}]}}