{"id":8622,"date":"2020-04-10T10:05:15","date_gmt":"2020-04-10T10:05:15","guid":{"rendered":"https:\/\/demo.goodlayers.com\/canamed\/demo1\/?page_id=8622"},"modified":"2024-04-18T22:18:20","modified_gmt":"2024-04-18T15:18:20","slug":"ve-chung-toi-nha-cung-cap-xo-dua-viet-nam","status":"publish","type":"page","link":"https:\/\/cococoirglobal.com\/vi\/ve-chung-toi-nha-cung-cap-xo-dua-viet-nam\/","title":{"rendered":"V\u1ec1 Ch\u00fang T\u00f4i Coco Coir Global"},"content":{"rendered":"\t<section class=\"section\" id=\"section_666651465\">\n\t\t<div class=\"bg section-bg fill bg-fill  bg-loaded\" >\n\n\t\t\t\n\t\t\t\n\t\t\t\n\n\t\t<\/div>\n\n\t\t\n\n\t\t<div class=\"section-content relative\">\n\t\t\t\n<div class=\"row row-small align-middle align-center\"  id=\"row-100656813\">\n\n\t<div id=\"col-1148953362\" class=\"col small-12 large-12\"  >\n\t\t\t\t<div class=\"col-inner\"  >\n\t\t\t\n\t\t\t\n\n<span><span><a href=\"https:\/\/cococoirglobal.com\/vi\/\">Home<\/a><\/span><\/span>\n\n\t<div id=\"text-1407457995\" class=\"text\">\n\t\t\n<h1>Coco Coir Global<\/h1>\n\t\t\n<style>\n#text-1407457995 {\n  font-size: 1.3rem;\n  text-align: center;\n}\n@media (min-width:550px) {\n  #text-1407457995 {\n    font-size: 1.8rem;\n  }\n}\n<\/style>\n\t<\/div>\n\t\n\t\t<\/div>\n\t\t\t\t\t<\/div>\n\n\t\n\n\t<div id=\"col-2000889724\" class=\"col medium-4 small-12 large-4\"  >\n\t\t\t\t<div class=\"col-inner\"  >\n\t\t\t\n\t\t\t\n\t<div class=\"box has-hover   has-hover box-text-bottom\" >\n\n\t\t<div class=\"box-image\" >\n\t\t\t\t\t\t<div class=\"\" >\n\t\t\t\t<img width=\"1080\" height=\"1080\" src=\"https:\/\/cococoirglobal.com\/wp-content\/uploads\/2023\/05\/2.jpg\" class=\"attachment- size-\" alt=\"Chairman Ho Chi Cuong\" decoding=\"async\" loading=\"lazy\" srcset=\"https:\/\/cococoirglobal.com\/wp-content\/uploads\/2023\/05\/2.jpg 1080w, https:\/\/cococoirglobal.com\/wp-content\/uploads\/2023\/05\/2-300x300.jpg 300w, https:\/\/cococoirglobal.com\/wp-content\/uploads\/2023\/05\/2-1024x1024.jpg 1024w, https:\/\/cococoirglobal.com\/wp-content\/uploads\/2023\/05\/2-150x150.jpg 150w, https:\/\/cococoirglobal.com\/wp-content\/uploads\/2023\/05\/2-768x768.jpg 768w, https:\/\/cococoirglobal.com\/wp-content\/uploads\/2023\/05\/2-510x510.jpg 510w, https:\/\/cococoirglobal.com\/wp-content\/uploads\/2023\/05\/2-100x100.jpg 100w\" sizes=\"(max-width: 1080px) 100vw, 1080px\" \/>\t\t\t\t\t\t\t\t\t\t\t<\/div>\n\t\t\t\t\t<\/div>\n\n\t\t<div class=\"box-text text-center\" >\n\t\t\t<div class=\"box-text-inner\">\n\t\t\t\t\n<p class=\"h2 heading-font\">Ch\u1ee7 T\u1ecbch: H\u1ed3 Ch\u00ed C\u01b0\u1eddng<\/p>\n\t\t\t<\/div>\n\t\t<\/div>\n\t<\/div>\n\t\n\t\t<\/div>\n\t\t\t\t\t<\/div>\n\n\t\n\n\t<div id=\"col-1008017097\" class=\"col medium-8 small-12 large-8\"  >\n\t\t\t\t<div class=\"col-inner\"  >\n\t\t\t\n\t\t\t\n\t<div id=\"text-1744982883\" class=\"text\">\n\t\t\n<p style=\"text-align: center;\"><em>\u201cCh\u00fang t\u00f4i y\u00eau th\u00edch nh\u1eefng s\u1ea3n ph\u1ea9m m\u00e0 ch\u00fang t\u00f4i s\u1ea3n xu\u1ea5t v\u00e0 ch\u00fang t\u00f4i y\u00eau th\u00edch c\u00f4ng vi\u1ec7c c\u1ee7a m\u00ecnh. \u0110\u1ed9i ng\u0169 nh\u00e2n vi\u00ean c\u1ee7a ch\u00fang t\u00f4i chuy\u00ean nghi\u1ec7p, \u0111\u01b0\u1ee3c \u0111\u00e0o t\u1ea1o b\u00e0i b\u1ea3n v\u00e0 s\u00e1ng t\u1ea1o \u0111\u1ec3 cung c\u1ea5p nh\u1eefng s\u1ea3n ph\u1ea9m ch\u1ea5t l\u01b0\u1ee3ng cao nh\u1ea5t\u201d<\/em><\/p>\n\t\t\n<style>\n#text-1744982883 {\n  font-size: 1.2rem;\n}\n<\/style>\n\t<\/div>\n\t\n\t\t<\/div>\n\t\t\t\t\t<\/div>\n\n\t\n\n\t<div id=\"col-406014060\" class=\"col small-12 large-12\"  >\n\t\t\t\t<div class=\"col-inner\"  >\n\t\t\t\n\t\t\t\n<h2 class=\"text-center\">C\u00e2u chuy\u1ec7n v\u1ec1 ch\u00fang t\u00f4i<\/h2>\n<div>\n<p>Nh\u00e0 m\u00e1y Coco Coir Global \u0111\u01b0\u1ee3c th\u00e0nh l\u1eadp v\u00e0o n\u0103m 2017 v\u1edbi c\u01a1 s\u1edf s\u1ea3n xu\u1ea5t \u0111\u1eb7t t\u1ea1i t\u1ec9nh B\u1ebfn Tre, \u0110\u1ed3ng B\u1eb1ng S\u00f4ng C\u1eedu Long \u2013 Vi\u1ec7t Nam, n\u01a1i \u0111\u01b0\u1ee3c m\u1ec7nh danh l\u00e0 x\u1ee9 s\u1edf c\u1ee7a nh\u1eefng c\u00e2y D\u1eeba. Bao quanh nh\u00e0 m\u00e1y c\u1ee7a ch\u00fang t\u00f4i l\u00e0 nh\u1eefng x\u1ee9 s\u1edf d\u1eeba xanh b\u00e1t ng\u00e1t. Ch\u00fang t\u00f4i ch\u1ecdn nguy\u00ean li\u1ec7u v\u1ecf d\u1eeba t\u1ed1t nh\u1ea5t \u0111\u1ec3 s\u1ea3n xu\u1ea5t gi\u00e1 th\u1ec3 tr\u1ed3ng X\u01a1 d\u1eeba cho c\u1ee7a nh\u00e0 m\u00e1y ch\u00fang t\u00f4i.<\/p>\n<p>Coco Coir Global c\u00f3 di\u1ec7n t\u00edch 5 hecta, t\u01b0\u01a1ng \u0111\u01b0\u01a1ng 14 m\u1eabu \u0111\u1ea5t t\u1ea1i t\u1ec9nh B\u1ebfn Tre, Vi\u1ec7t Nam. Nh\u00e0 m\u00e1y \u0111\u01b0\u1ee3c trang b\u1ecb t\u1ed1t v\u1edbi c\u00e1c thi\u1ebft b\u1ecb s\u1ea3n xu\u1ea5t. Ch\u00fang t\u00f4i c\u00f3 g\u1ea7n 100 nh\u00e2n vi\u00ean, l\u00e0m vi\u1ec7c to\u00e0n th\u1eddi gian t\u1ea1i nh\u00e0 m\u00e1y. Nh\u00e0 m\u00e1y c\u00f3 Ph\u00f2ng th\u00ed nghi\u1ec7m n\u1ed9i b\u1ed9 R &amp; D v\u00e0 \u0111\u1ea1t chu\u1ea9n ch\u1ea5t l\u01b0\u1ee3ng. Coco Coir Global \u0111\u00e3 thi\u1ebft l\u1eadp m\u1ed9t m\u1ea1ng l\u01b0\u1edbi r\u1ed9ng l\u1edbn c\u00e1c nh\u00e0 cung c\u1ea5p nguy\u00ean li\u1ec7u v\u1ecf d\u1eeba \u0111\u1ee7 ti\u00eau chu\u1ea9n.<\/p>\n<div id=\"gdlr-core-column-91484\" class=\"gdlr-core-pbf-column gdlr-core-column-36\">\n<div class=\"gdlr-core-pbf-column-content-margin gdlr-core-js\">\n<div class=\"gdlr-core-pbf-column-content clearfix gdlr-core-js\">\n<div class=\"gdlr-core-pbf-element\">\n<div class=\"gdlr-core-text-box-item gdlr-core-item-pdlr gdlr-core-item-pdb gdlr-core-left-align gdlr-core-no-p-space\">\n<div class=\"gdlr-core-text-box-item-content\">\n<p>Ch\u00fang t\u00f4i s\u1ea3n xu\u1ea5t gi\u00e1 th\u1ec3 tr\u1ed3ng x\u01a1 d\u1eeba \u0111\u00e3 \u0111\u01b0\u1ee3c r\u1eeda s\u1ea1ch v\u00e0 \u0111\u1ec7m cao c\u1ea5p cho ngh\u1ec1 l\u00e0m v\u01b0\u1eddn, tr\u1ed3ng tr\u1ecdt v\u00e0 th\u1ee7y canh chuy\u00ean nghi\u1ec7p tr\u00ean to\u00e0n th\u1ebf gi\u1edbi \u0111\u00e1p \u1ee9ng c\u00e1c Ti\u00eau chu\u1ea9n ng\u00e0nh v\u1ec1 gi\u00e1 th\u1ec3 x\u01a1 d\u1eeba cao nh\u1ea5t. Gi\u00e1 th\u1ec3 kh\u00f4ng d\u00f9ng \u0111\u1ea5t X\u01a1 d\u1eeba c\u1ee7a ch\u00fang t\u00f4i l\u00e0 m\u1ed9t \u1ee9ng d\u1ee5ng tuy\u1ec7t v\u1eddi \u0111\u1ec3 tr\u1ed3ng c\u1ea7n sa d\u01b0\u1ee3c li\u1ec7u v\u00e0 c\u1ea7n sa gi\u1ea3i tr\u00ed, rau, qu\u1ea3 m\u1ecdng, tr\u00e1i c\u00e2y, hoa c\u1eaft c\u00e0nh, hoa, ch\u0103n nu\u00f4i b\u00f2 s\u00e1t,\u2026<\/p>\n<\/div>\n<\/div>\n<\/div>\n<\/div>\n<\/div>\n<\/div>\n<\/div>\n\t\t<\/div>\n\t\t\t\t\t<\/div>\n\n\t\n<\/div>\n<div class=\"row row-small align-middle align-center\"  id=\"row-1100873351\">\n\n\t<div id=\"col-1551448005\" class=\"col medium-6 small-12 large-6\"  >\n\t\t\t\t<div class=\"col-inner\"  >\n\t\t\t\n\t\t\t\n<h2>Ngu\u1ed3n cung c\u1ea5p c\u1ee7a ch\u00fang t\u00f4i<\/h2>\n<p>T\u1ea1i Vi\u1ec7t Nam, ch\u00fang t\u00f4i \u0111\u00e3 t\u1eebng l\u00e0 Nh\u00e0 cung c\u1ea5p Gi\u00e1 th\u1ec3 X\u01a1 d\u1eeba l\u1edbn cho Wineco danh ti\u1ebfng, Dalat Hasfarm\u2026 Ch\u00fang t\u00f4i b\u1eaft \u0111\u1ea7u xu\u1ea5t kh\u1ea9u s\u1ea3n ph\u1ea9m t\u1eeb n\u0103m 2018. C\u00e1c th\u1ecb tr\u01b0\u1eddng xu\u1ea5t kh\u1ea9u c\u1ee7a ch\u00fang t\u00f4i hi\u1ec7n bao g\u1ed3m: \u00dac, Nh\u1eadt B\u1ea3n\u2026Ch\u00fang t\u00f4i \u0111ang m\u1edf r\u1ed9ng b\u00e1n h\u00e0ng sang th\u1ecb tr\u01b0\u1eddng B\u1eafc M\u1ef9.<\/p>\n\t\t<\/div>\n\t\t\t\t\t<\/div>\n\n\t\n\n\t<div id=\"col-1301853470\" class=\"col medium-6 small-12 large-6\"  >\n\t\t\t\t<div class=\"col-inner\"  >\n\t\t\t\n\t\t\t\n\t<div class=\"img has-hover x md-x lg-x y md-y lg-y\" id=\"image_2054692430\">\n\t\t\t\t\t\t\t\t<div class=\"img-inner dark\" >\n\t\t\t<img width=\"800\" height=\"800\" src=\"https:\/\/cococoirglobal.com\/wp-content\/uploads\/2023\/05\/our-story.jpg\" class=\"attachment-large size-large\" alt=\"our story\" decoding=\"async\" loading=\"lazy\" srcset=\"https:\/\/cococoirglobal.com\/wp-content\/uploads\/2023\/05\/our-story.jpg 800w, https:\/\/cococoirglobal.com\/wp-content\/uploads\/2023\/05\/our-story-300x300.jpg 300w, https:\/\/cococoirglobal.com\/wp-content\/uploads\/2023\/05\/our-story-150x150.jpg 150w, https:\/\/cococoirglobal.com\/wp-content\/uploads\/2023\/05\/our-story-768x768.jpg 768w, https:\/\/cococoirglobal.com\/wp-content\/uploads\/2023\/05\/our-story-510x510.jpg 510w, https:\/\/cococoirglobal.com\/wp-content\/uploads\/2023\/05\/our-story-100x100.jpg 100w\" sizes=\"(max-width: 800px) 100vw, 800px\" \/>\t\t\t\t\t\t\n\t\t\t\t\t<\/div>\n\t\t\t\t\t\t\t\t\n<style>\n#image_2054692430 {\n  width: 100%;\n}\n<\/style>\n\t<\/div>\n\t\n\t\t<\/div>\n\t\t\t\t\t<\/div>\n\n\t\n<\/div>\n<div class=\"row row-small align-middle align-center\"  id=\"row-1237811801\">\n\n\t<div id=\"col-11176272\" class=\"col medium-6 small-12 large-6\"  >\n\t\t\t\t<div class=\"col-inner\"  >\n\t\t\t\n\t\t\t\n\t<div class=\"img has-hover x md-x lg-x y md-y lg-y\" id=\"image_604403807\">\n\t\t\t\t\t\t\t\t<div class=\"img-inner dark\" >\n\t\t\t<img width=\"800\" height=\"800\" src=\"https:\/\/cococoirglobal.com\/wp-content\/uploads\/2023\/05\/5.jpg\" class=\"attachment-large size-large\" alt=\"\" decoding=\"async\" loading=\"lazy\" srcset=\"https:\/\/cococoirglobal.com\/wp-content\/uploads\/2023\/05\/5.jpg 800w, https:\/\/cococoirglobal.com\/wp-content\/uploads\/2023\/05\/5-300x300.jpg 300w, https:\/\/cococoirglobal.com\/wp-content\/uploads\/2023\/05\/5-150x150.jpg 150w, https:\/\/cococoirglobal.com\/wp-content\/uploads\/2023\/05\/5-768x768.jpg 768w, https:\/\/cococoirglobal.com\/wp-content\/uploads\/2023\/05\/5-510x510.jpg 510w, https:\/\/cococoirglobal.com\/wp-content\/uploads\/2023\/05\/5-100x100.jpg 100w\" sizes=\"(max-width: 800px) 100vw, 800px\" \/>\t\t\t\t\t\t\n\t\t\t\t\t<\/div>\n\t\t\t\t\t\t\t\t\n<style>\n#image_604403807 {\n  width: 100%;\n}\n<\/style>\n\t<\/div>\n\t\n\t\t<\/div>\n\t\t\t\t\t<\/div>\n\n\t\n\n\t<div id=\"col-1628511120\" class=\"col medium-col-first medium-6 small-12 large-6\"  >\n\t\t\t\t<div class=\"col-inner\"  >\n\t\t\t\n\t\t\t\n<h2>Ki\u1ec3m so\u00e1t Ch\u1ea5t l\u01b0\u1ee3ng<\/h2>\n<p>Quy tr\u00ecnh s\u1ea3n xu\u1ea5t x\u01a1 d\u1eeba \u0111\u01b0\u1ee3c ki\u1ec3m so\u00e1t t\u1ea1i nh\u00e0 m\u00e1y c\u1ee7a ch\u00fang t\u00f4i cung c\u1ea5p ch\u1ea5t l\u01b0\u1ee3ng \u1ed5n \u0111\u1ecbnh th\u00f4ng qua Nh\u1eadt k\u00fd kh\u1ea3o s\u00e1t ch\u1ea5t l\u01b0\u1ee3ng, Nh\u1eadt k\u00fd kh\u1ea3o s\u00e1t kh\u00e1ch tham quan, S\u1ed1 l\u00f4 s\u1ea3n xu\u1ea5t. Ch\u00fang t\u00f4i s\u1eed d\u1ee5ng c\u00e1c quy tr\u00ecnh n\u00e0y \u0111\u1ec3 ki\u1ec3m so\u00e1t ch\u1ea5t l\u01b0\u1ee3ng v\u00e0 qu\u1ea3n l\u00fd truy xu\u1ea5t ngu\u1ed3n g\u1ed1c c\u1ee7a s\u1ea3n ph\u1ea9m t\u1eeb ngu\u1ed3n g\u1ed1c \u0111\u1ebfn th\u00e0nh ph\u1ea9m.<\/p>\n\t\t<\/div>\n\t\t\t\t\t<\/div>\n\n\t\n<\/div>\n<div class=\"row row-small align-middle align-center\"  id=\"row-1732103620\">\n\n\t<div id=\"col-1283193029\" class=\"col medium-6 small-12 large-6\"  >\n\t\t\t\t<div class=\"col-inner\"  >\n\t\t\t\n\t\t\t\n<h2>Ch\u1ee9ng nh\u1eadn H\u1eefu c\u01a1<\/h2>\n<p>Ch\u00fang t\u00f4i l\u00e0 m\u1ed9t trong s\u1ed1 r\u1ea5t \u00edt nh\u00e0 m\u00e1y Gi\u00e1 th\u1ec3 tr\u1ed3ng X\u01a1 d\u1eeba t\u1ea1i Vi\u1ec7t Nam \u0111\u1ea1t ch\u1ee9ng ch\u1ec9 ISO 9001:2015 v\u00e0 duy nh\u1ea5t cho \u0111\u1ebfn nay \u0111\u1ea1t ch\u1ee9ng nh\u1eadn h\u1eefu c\u01a1 OMRI.<\/p>\n\t\t<\/div>\n\t\t\t\t\t<\/div>\n\n\t\n\n\t<div id=\"col-1881656223\" class=\"col medium-6 small-12 large-6\"  >\n\t\t\t\t<div class=\"col-inner\"  >\n\t\t\t\n\t\t\t\n\t<div class=\"img has-hover x md-x lg-x y md-y lg-y\" id=\"image_1414917311\">\n\t\t\t\t\t\t\t\t<div class=\"img-inner dark\" >\n\t\t\t<img width=\"800\" height=\"800\" src=\"https:\/\/cococoirglobal.com\/wp-content\/uploads\/2023\/05\/certified.png\" class=\"attachment-large size-large\" alt=\"OMRI Listed certified\" decoding=\"async\" loading=\"lazy\" srcset=\"https:\/\/cococoirglobal.com\/wp-content\/uploads\/2023\/05\/certified.png 800w, https:\/\/cococoirglobal.com\/wp-content\/uploads\/2023\/05\/certified-300x300.png 300w, https:\/\/cococoirglobal.com\/wp-content\/uploads\/2023\/05\/certified-150x150.png 150w, https:\/\/cococoirglobal.com\/wp-content\/uploads\/2023\/05\/certified-768x768.png 768w, https:\/\/cococoirglobal.com\/wp-content\/uploads\/2023\/05\/certified-510x510.png 510w, https:\/\/cococoirglobal.com\/wp-content\/uploads\/2023\/05\/certified-100x100.png 100w\" sizes=\"(max-width: 800px) 100vw, 800px\" \/>\t\t\t\t\t\t\n\t\t\t\t\t<\/div>\n\t\t\t\t\t\t\t\t\n<style>\n#image_1414917311 {\n  width: 100%;\n}\n<\/style>\n\t<\/div>\n\t\n\t\t<\/div>\n\t\t\t\t\t<\/div>\n\n\t\n<\/div>\n\t\t<\/div>\n\n\t\t\n<style>\n#section_666651465 {\n  padding-top: 30px;\n  padding-bottom: 30px;\n}\n#section_666651465 .ux-shape-divider--top svg {\n  height: 150px;\n  --divider-top-width: 100%;\n}\n#section_666651465 .ux-shape-divider--bottom svg {\n  height: 150px;\n  --divider-width: 100%;\n}\n<\/style>\n\t<\/section>\n\t\n","protected":false},"excerpt":{"rendered":"","protected":false},"author":1,"featured_media":17438,"parent":0,"menu_order":0,"comment_status":"closed","ping_status":"closed","template":"","meta":{"footnotes":""},"yoast_head":"<!-- This site is optimized with the Yoast SEO plugin v22.6 - https:\/\/yoast.com\/wordpress\/plugins\/seo\/ -->\n<title>Gi\u1edbi Thi\u1ec7u V\u1ec1 Coco Coir Global<\/title>\n<meta name=\"description\" content=\"Coco Coir Global l\u00e0 c\u00f4ng ty d\u1eabn \u0111\u1ea7u trong l\u0129nh v\u1ef1c s\u1ea3n xu\u1ea5t, cung c\u1ea5p v\u00e0 xu\u1ea5t kh\u1ea9u c\u00e1c s\u1ea3n ph\u1ea9m m\u1ee5n x\u01a1 d\u1eeba t\u1ea1i Vi\u1ec7t Nam.\" \/>\n<meta name=\"robots\" content=\"index, follow, max-snippet:-1, max-image-preview:large, max-video-preview:-1\" \/>\n<link rel=\"canonical\" href=\"https:\/\/cococoirglobal.com\/vi\/ve-chung-toi-nha-cung-cap-xo-dua-viet-nam\/\" \/>\n<meta property=\"og:locale\" content=\"vi_VN\" \/>\n<meta property=\"og:type\" content=\"article\" \/>\n<meta property=\"og:title\" content=\"Gi\u1edbi Thi\u1ec7u V\u1ec1 Coco Coir Global\" \/>\n<meta property=\"og:description\" content=\"Coco Coir Global l\u00e0 c\u00f4ng ty d\u1eabn \u0111\u1ea7u trong l\u0129nh v\u1ef1c s\u1ea3n xu\u1ea5t, cung c\u1ea5p v\u00e0 xu\u1ea5t kh\u1ea9u c\u00e1c s\u1ea3n ph\u1ea9m m\u1ee5n x\u01a1 d\u1eeba t\u1ea1i Vi\u1ec7t Nam.\" \/>\n<meta property=\"og:url\" content=\"https:\/\/cococoirglobal.com\/vi\/ve-chung-toi-nha-cung-cap-xo-dua-viet-nam\/\" \/>\n<meta property=\"og:site_name\" content=\"Coco Coir Global Vietnam\" \/>\n<meta property=\"article:publisher\" content=\"https:\/\/www.facebook.com\/cococoirglobal\/\" \/>\n<meta property=\"article:modified_time\" content=\"2024-04-18T15:18:20+00:00\" \/>\n<meta property=\"og:image\" content=\"https:\/\/cococoirglobal.com\/wp-content\/uploads\/2023\/05\/Banner-3.jpg\" \/>\n\t<meta property=\"og:image:width\" content=\"1350\" \/>\n\t<meta property=\"og:image:height\" content=\"500\" \/>\n\t<meta property=\"og:image:type\" content=\"image\/jpeg\" \/>\n<meta name=\"twitter:card\" content=\"summary_large_image\" \/>\n<meta name=\"twitter:label1\" content=\"Est. reading time\" \/>\n\t<meta name=\"twitter:data1\" content=\"3 minutes\" \/>\n<script type=\"application\/ld+json\" class=\"yoast-schema-graph\">{\"@context\":\"https:\/\/schema.org\",\"@graph\":[{\"@type\":\"WebPage\",\"@id\":\"https:\/\/cococoirglobal.com\/vi\/ve-chung-toi-nha-cung-cap-xo-dua-viet-nam\/\",\"url\":\"https:\/\/cococoirglobal.com\/vi\/ve-chung-toi-nha-cung-cap-xo-dua-viet-nam\/\",\"name\":\"Gi\u1edbi Thi\u1ec7u V\u1ec1 Coco Coir Global\",\"isPartOf\":{\"@id\":\"https:\/\/cococoirglobal.com\/vi\/#website\"},\"primaryImageOfPage\":{\"@id\":\"https:\/\/cococoirglobal.com\/vi\/ve-chung-toi-nha-cung-cap-xo-dua-viet-nam\/#primaryimage\"},\"image\":{\"@id\":\"https:\/\/cococoirglobal.com\/vi\/ve-chung-toi-nha-cung-cap-xo-dua-viet-nam\/#primaryimage\"},\"thumbnailUrl\":\"https:\/\/cococoirglobal.com\/wp-content\/uploads\/2023\/05\/Banner-3.jpg\",\"datePublished\":\"2020-04-10T10:05:15+00:00\",\"dateModified\":\"2024-04-18T15:18:20+00:00\",\"description\":\"Coco Coir Global l\u00e0 c\u00f4ng ty d\u1eabn \u0111\u1ea7u trong l\u0129nh v\u1ef1c s\u1ea3n xu\u1ea5t, cung c\u1ea5p v\u00e0 xu\u1ea5t kh\u1ea9u c\u00e1c s\u1ea3n ph\u1ea9m m\u1ee5n x\u01a1 d\u1eeba t\u1ea1i Vi\u1ec7t Nam.\",\"breadcrumb\":{\"@id\":\"https:\/\/cococoirglobal.com\/vi\/ve-chung-toi-nha-cung-cap-xo-dua-viet-nam\/#breadcrumb\"},\"inLanguage\":\"vi-VN\",\"potentialAction\":[{\"@type\":\"ReadAction\",\"target\":[\"https:\/\/cococoirglobal.com\/vi\/ve-chung-toi-nha-cung-cap-xo-dua-viet-nam\/\"]}]},{\"@type\":\"ImageObject\",\"inLanguage\":\"vi-VN\",\"@id\":\"https:\/\/cococoirglobal.com\/vi\/ve-chung-toi-nha-cung-cap-xo-dua-viet-nam\/#primaryimage\",\"url\":\"https:\/\/cococoirglobal.com\/wp-content\/uploads\/2023\/05\/Banner-3.jpg\",\"contentUrl\":\"https:\/\/cococoirglobal.com\/wp-content\/uploads\/2023\/05\/Banner-3.jpg\",\"width\":1350,\"height\":500,\"caption\":\"COCO COIR GLOBAL COMPANY LIMITED\"},{\"@type\":\"BreadcrumbList\",\"@id\":\"https:\/\/cococoirglobal.com\/vi\/ve-chung-toi-nha-cung-cap-xo-dua-viet-nam\/#breadcrumb\",\"itemListElement\":[{\"@type\":\"ListItem\",\"position\":1,\"name\":\"Home\",\"item\":\"https:\/\/cococoirglobal.com\/vi\/\"},{\"@type\":\"ListItem\",\"position\":2,\"name\":\"V\u1ec1 Ch\u00fang T\u00f4i Coco Coir Global\"}]},{\"@type\":\"WebSite\",\"@id\":\"https:\/\/cococoirglobal.com\/vi\/#website\",\"url\":\"https:\/\/cococoirglobal.com\/vi\/\",\"name\":\"Coco Coir Global\",\"description\":\"The leading manufacturer and supplier of Coco Coir Products!\",\"publisher\":{\"@id\":\"https:\/\/cococoirglobal.com\/vi\/#organization\"},\"potentialAction\":[{\"@type\":\"SearchAction\",\"target\":{\"@type\":\"EntryPoint\",\"urlTemplate\":\"https:\/\/cococoirglobal.com\/vi\/?s={search_term_string}\"},\"query-input\":\"required name=search_term_string\"}],\"inLanguage\":\"vi-VN\"},{\"@type\":\"Organization\",\"@id\":\"https:\/\/cococoirglobal.com\/vi\/#organization\",\"name\":\"COCO COIR GLOBAL COMPANY LIMITED\",\"url\":\"https:\/\/cococoirglobal.com\/vi\/\",\"logo\":{\"@type\":\"ImageObject\",\"inLanguage\":\"vi-VN\",\"@id\":\"https:\/\/cococoirglobal.com\/vi\/#\/schema\/logo\/image\/\",\"url\":\"https:\/\/cococoirglobal.com\/wp-content\/uploads\/2023\/05\/Logo-coco-coir.png\",\"contentUrl\":\"https:\/\/cococoirglobal.com\/wp-content\/uploads\/2023\/05\/Logo-coco-coir.png\",\"width\":512,\"height\":512,\"caption\":\"COCO COIR GLOBAL COMPANY LIMITED\"},\"image\":{\"@id\":\"https:\/\/cococoirglobal.com\/vi\/#\/schema\/logo\/image\/\"},\"sameAs\":[\"https:\/\/www.facebook.com\/cococoirglobal\/\",\"https:\/\/www.instagram.com\/cococoirglobal\/\",\"https:\/\/www.linkedin.com\/company\/coco-coir-global-company-limited\",\"https:\/\/www.youtube.com\/channel\/UC4Xk-Is93xHrllYZADkM7yQ\"]}]}<\/script>\n<!-- \/ Yoast SEO plugin. -->","yoast_head_json":{"title":"Gi\u1edbi Thi\u1ec7u V\u1ec1 Coco Coir Global","description":"Coco Coir Global l\u00e0 c\u00f4ng ty d\u1eabn \u0111\u1ea7u trong l\u0129nh v\u1ef1c s\u1ea3n xu\u1ea5t, cung c\u1ea5p v\u00e0 xu\u1ea5t kh\u1ea9u c\u00e1c s\u1ea3n ph\u1ea9m m\u1ee5n x\u01a1 d\u1eeba t\u1ea1i Vi\u1ec7t Nam.","robots":{"index":"index","follow":"follow","max-snippet":"max-snippet:-1","max-image-preview":"max-image-preview:large","max-video-preview":"max-video-preview:-1"},"canonical":"https:\/\/cococoirglobal.com\/vi\/ve-chung-toi-nha-cung-cap-xo-dua-viet-nam\/","og_locale":"vi_VN","og_type":"article","og_title":"Gi\u1edbi Thi\u1ec7u V\u1ec1 Coco Coir Global","og_description":"Coco Coir Global l\u00e0 c\u00f4ng ty d\u1eabn \u0111\u1ea7u trong l\u0129nh v\u1ef1c s\u1ea3n xu\u1ea5t, cung c\u1ea5p v\u00e0 xu\u1ea5t kh\u1ea9u c\u00e1c s\u1ea3n ph\u1ea9m m\u1ee5n x\u01a1 d\u1eeba t\u1ea1i Vi\u1ec7t Nam.","og_url":"https:\/\/cococoirglobal.com\/vi\/ve-chung-toi-nha-cung-cap-xo-dua-viet-nam\/","og_site_name":"Coco Coir Global Vietnam","article_publisher":"https:\/\/www.facebook.com\/cococoirglobal\/","article_modified_time":"2024-04-18T15:18:20+00:00","og_image":[{"width":1350,"height":500,"url":"https:\/\/cococoirglobal.com\/wp-content\/uploads\/2023\/05\/Banner-3.jpg","type":"image\/jpeg"}],"twitter_card":"summary_large_image","twitter_misc":{"Est. reading time":"3 minutes"},"schema":{"@context":"https:\/\/schema.org","@graph":[{"@type":"WebPage","@id":"https:\/\/cococoirglobal.com\/vi\/ve-chung-toi-nha-cung-cap-xo-dua-viet-nam\/","url":"https:\/\/cococoirglobal.com\/vi\/ve-chung-toi-nha-cung-cap-xo-dua-viet-nam\/","name":"Gi\u1edbi Thi\u1ec7u V\u1ec1 Coco Coir Global","isPartOf":{"@id":"https:\/\/cococoirglobal.com\/vi\/#website"},"primaryImageOfPage":{"@id":"https:\/\/cococoirglobal.com\/vi\/ve-chung-toi-nha-cung-cap-xo-dua-viet-nam\/#primaryimage"},"image":{"@id":"https:\/\/cococoirglobal.com\/vi\/ve-chung-toi-nha-cung-cap-xo-dua-viet-nam\/#primaryimage"},"thumbnailUrl":"https:\/\/cococoirglobal.com\/wp-content\/uploads\/2023\/05\/Banner-3.jpg","datePublished":"2020-04-10T10:05:15+00:00","dateModified":"2024-04-18T15:18:20+00:00","description":"Coco Coir Global l\u00e0 c\u00f4ng ty d\u1eabn \u0111\u1ea7u trong l\u0129nh v\u1ef1c s\u1ea3n xu\u1ea5t, cung c\u1ea5p v\u00e0 xu\u1ea5t kh\u1ea9u c\u00e1c s\u1ea3n ph\u1ea9m m\u1ee5n x\u01a1 d\u1eeba t\u1ea1i Vi\u1ec7t Nam.","breadcrumb":{"@id":"https:\/\/cococoirglobal.com\/vi\/ve-chung-toi-nha-cung-cap-xo-dua-viet-nam\/#breadcrumb"},"inLanguage":"vi-VN","potentialAction":[{"@type":"ReadAction","target":["https:\/\/cococoirglobal.com\/vi\/ve-chung-toi-nha-cung-cap-xo-dua-viet-nam\/"]}]},{"@type":"ImageObject","inLanguage":"vi-VN","@id":"https:\/\/cococoirglobal.com\/vi\/ve-chung-toi-nha-cung-cap-xo-dua-viet-nam\/#primaryimage","url":"https:\/\/cococoirglobal.com\/wp-content\/uploads\/2023\/05\/Banner-3.jpg","contentUrl":"https:\/\/cococoirglobal.com\/wp-content\/uploads\/2023\/05\/Banner-3.jpg","width":1350,"height":500,"caption":"COCO COIR GLOBAL COMPANY LIMITED"},{"@type":"BreadcrumbList","@id":"https:\/\/cococoirglobal.com\/vi\/ve-chung-toi-nha-cung-cap-xo-dua-viet-nam\/#breadcrumb","itemListElement":[{"@type":"ListItem","position":1,"name":"Home","item":"https:\/\/cococoirglobal.com\/vi\/"},{"@type":"ListItem","position":2,"name":"V\u1ec1 Ch\u00fang T\u00f4i Coco Coir Global"}]},{"@type":"WebSite","@id":"https:\/\/cococoirglobal.com\/vi\/#website","url":"https:\/\/cococoirglobal.com\/vi\/","name":"Coco Coir Global","description":"The leading manufacturer and supplier of Coco Coir Products!","publisher":{"@id":"https:\/\/cococoirglobal.com\/vi\/#organization"},"potentialAction":[{"@type":"SearchAction","target":{"@type":"EntryPoint","urlTemplate":"https:\/\/cococoirglobal.com\/vi\/?s={search_term_string}"},"query-input":"required name=search_term_string"}],"inLanguage":"vi-VN"},{"@type":"Organization","@id":"https:\/\/cococoirglobal.com\/vi\/#organization","name":"COCO COIR GLOBAL COMPANY LIMITED","url":"https:\/\/cococoirglobal.com\/vi\/","logo":{"@type":"ImageObject","inLanguage":"vi-VN","@id":"https:\/\/cococoirglobal.com\/vi\/#\/schema\/logo\/image\/","url":"https:\/\/cococoirglobal.com\/wp-content\/uploads\/2023\/05\/Logo-coco-coir.png","contentUrl":"https:\/\/cococoirglobal.com\/wp-content\/uploads\/2023\/05\/Logo-coco-coir.png","width":512,"height":512,"caption":"COCO COIR GLOBAL COMPANY LIMITED"},"image":{"@id":"https:\/\/cococoirglobal.com\/vi\/#\/schema\/logo\/image\/"},"sameAs":["https:\/\/www.facebook.com\/cococoirglobal\/","https:\/\/www.instagram.com\/cococoirglobal\/","https:\/\/www.linkedin.com\/company\/coco-coir-global-company-limited","https:\/\/www.youtube.com\/channel\/UC4Xk-Is93xHrllYZADkM7yQ"]}]}},"_links":{"self":[{"href":"https:\/\/cococoirglobal.com\/vi\/wp-json\/wp\/v2\/pages\/8622"}],"collection":[{"href":"https:\/\/cococoirglobal.com\/vi\/wp-json\/wp\/v2\/pages"}],"about":[{"href":"https:\/\/cococoirglobal.com\/vi\/wp-json\/wp\/v2\/types\/page"}],"author":[{"embeddable":true,"href":"https:\/\/cococoirglobal.com\/vi\/wp-json\/wp\/v2\/users\/1"}],"replies":[{"embeddable":true,"href":"https:\/\/cococoirglobal.com\/vi\/wp-json\/wp\/v2\/comments?post=8622"}],"version-history":[{"count":0,"href":"https:\/\/cococoirglobal.com\/vi\/wp-json\/wp\/v2\/pages\/8622\/revisions"}],"wp:featuredmedia":[{"embeddable":true,"href":"https:\/\/cococoirglobal.com\/vi\/wp-json\/wp\/v2\/media\/17438"}],"wp:attachment":[{"href":"https:\/\/cococoirglobal.com\/vi\/wp-json\/wp\/v2\/media?parent=8622"}],"curies":[{"name":"wp","href":"https:\/\/api.w.org\/{rel}","templated":true}]}}