{"id":29588,"date":"2023-09-15T09:49:50","date_gmt":"2023-09-15T02:49:50","guid":{"rendered":"https:\/\/cococoirglobal.com\/?page_id=29588"},"modified":"2023-09-15T09:49:50","modified_gmt":"2023-09-15T02:49:50","slug":"faq","status":"publish","type":"page","link":"https:\/\/cococoirglobal.com\/vi\/faq\/","title":{"rendered":"FAQ"},"content":{"rendered":"\t<div id=\"text-2358724694\" class=\"text\">\n\t\t\n<h1>FAQ<\/h1>\n\t\t\n<style>\n#text-2358724694 {\n  text-align: center;\n}\n<\/style>\n\t<\/div>\n\t\n<div class=\"row\"  id=\"row-1868337520\">\n\n\t<div id=\"col-657469247\" class=\"col small-12 large-12\"  >\n\t\t\t\t<div class=\"col-inner\"  >\n\t\t\t\n\t\t\t\n<div class=\"accordion\">\n<div id=\"accordion-588072894\" class=\"accordion-item\"><a id=\"accordion-588072894-label\" href=\"#\" class=\"accordion-title plain\" aria-expanded=\"false\" aria-controls=\"accordion-588072894-content\"><button class=\"toggle\" aria-label=\"Toggle\"><i class=\"icon-angle-down\"><\/i><\/button><span>X\u01a1 d\u1eeba l\u00e0 g\u00ec?<\/span><\/a><div id=\"accordion-588072894-content\" class=\"accordion-inner\" aria-labelledby=\"accordion-588072894-label\">\n<p>X\u01a1 d\u1eeba hay c\u00f2n g\u1ecdi l\u00e0 m\u1ee5n d\u1eeba hay x\u01a1 d\u1eeba c\u00f3 ngu\u1ed3n g\u1ed1c t\u1eeb v\u1ecf tr\u00e1i d\u1eeba. N\u00f3 \u0111\u01b0\u1ee3c s\u1eed d\u1ee5ng r\u1ed9ng r\u00e3i nh\u01b0 m\u1ed9t ph\u01b0\u01a1ng ti\u1ec7n tr\u1ed3ng tr\u1ecdt trong l\u00e0m v\u01b0\u1eddn v\u00e0 l\u00e0m v\u01b0\u1eddn.<\/p>\n<\/div><\/div>\n<\/div>\n<div class=\"accordion\">\n<div id=\"accordion-3595295031\" class=\"accordion-item\"><a id=\"accordion-3595295031-label\" href=\"#\" class=\"accordion-title plain\" aria-expanded=\"false\" aria-controls=\"accordion-3595295031-content\"><button class=\"toggle\" aria-label=\"Toggle\"><i class=\"icon-angle-down\"><\/i><\/button><span>X\u01a1 d\u1eeba c\u00f3 ph\u1ea3i l\u00e0 v\u1eadt li\u1ec7u h\u1eefu c\u01a1 kh\u00f4ng?<\/span><\/a><div id=\"accordion-3595295031-content\" class=\"accordion-inner\" aria-labelledby=\"accordion-3595295031-label\">\n<p>C\u00f3, x\u01a1 d\u1eeba \u0111\u01b0\u1ee3c coi l\u00e0 v\u1eadt li\u1ec7u h\u1eefu c\u01a1 v\u00ec n\u00f3 c\u00f3 ngu\u1ed3n g\u1ed1c t\u1eeb ngu\u1ed3n t\u1ef1 nhi\u00ean (v\u1ecf d\u1eeba) v\u00e0 kh\u00f4ng ch\u1ee9a ch\u1ea5t ph\u1ee5 gia t\u1ed5ng h\u1ee3p.<\/p>\n<\/div><\/div>\n<\/div>\n<div class=\"accordion\">\n<div id=\"accordion-2089832304\" class=\"accordion-item\"><a id=\"accordion-2089832304-label\" href=\"#\" class=\"accordion-title plain\" aria-expanded=\"false\" aria-controls=\"accordion-2089832304-content\"><button class=\"toggle\" aria-label=\"Toggle\"><i class=\"icon-angle-down\"><\/i><\/button><span>L\u1ee3i \u00edch c\u1ee7a vi\u1ec7c s\u1eed d\u1ee5ng x\u01a1 d\u1eeba trong th\u1ee7y canh l\u00e0 g\u00ec?<\/span><\/a><div id=\"accordion-2089832304-content\" class=\"accordion-inner\" aria-labelledby=\"accordion-2089832304-label\">\n<p>L\u1ee3i \u00edch c\u1ee7a vi\u1ec7c s\u1eed d\u1ee5ng x\u01a1 d\u1eeba trong th\u1ee7y canh bao g\u1ed3m t\u00ednh b\u1ec1n v\u1eefng, t\u00ednh ch\u1ea5t t\u00e1i t\u1ea1o v\u00e0 kh\u1ea3 n\u0103ng gi\u1eef \u1ea9m m\u00e0 kh\u00f4ng b\u1ecb \u00fang. N\u00f3 c\u0169ng nh\u1eb9, d\u1ec5 s\u1eed d\u1ee5ng v\u00e0 cung c\u1ea5p m\u00f4i tr\u01b0\u1eddng thu\u1eadn l\u1ee3i cho s\u1ef1 ph\u00e1t tri\u1ec3n c\u1ee7a r\u1ec5.<\/p>\n<\/div><\/div>\n<\/div>\n<div class=\"accordion\">\n<div id=\"accordion-1998233030\" class=\"accordion-item\"><a id=\"accordion-1998233030-label\" href=\"#\" class=\"accordion-title plain\" aria-expanded=\"false\" aria-controls=\"accordion-1998233030-content\"><button class=\"toggle\" aria-label=\"Toggle\"><i class=\"icon-angle-down\"><\/i><\/button><span>X\u01a1 d\u1eeba \u0111\u01b0\u1ee3c s\u1eed d\u1ee5ng trong l\u00e0m v\u01b0\u1eddn nh\u01b0 th\u1ebf n\u00e0o?<\/span><\/a><div id=\"accordion-1998233030-content\" class=\"accordion-inner\" aria-labelledby=\"accordion-1998233030-label\">\n<p>X\u01a1 d\u1eeba c\u00f3 th\u1ec3 \u0111\u01b0\u1ee3c s\u1eed d\u1ee5ng l\u00e0m gi\u00e1 th\u1ec3 tr\u1ed3ng ri\u00eang ho\u1eb7c tr\u1ed9n v\u1edbi c\u00e1c ch\u1ea5t n\u1ec1n kh\u00e1c. N\u00f3 th\u01b0\u1eddng \u0111\u01b0\u1ee3c s\u1eed d\u1ee5ng \u0111\u1ec3 gieo h\u1ea1t, l\u00e0m v\u01b0\u1eddn trong th\u00f9ng ch\u1ee9a, th\u1ee7y canh v\u00e0 c\u1ea3i t\u1ea1o \u0111\u1ea5t.<\/p>\n<\/div><\/div>\n<\/div>\n<div class=\"accordion\">\n<div id=\"accordion-1792136482\" class=\"accordion-item\"><a id=\"accordion-1792136482-label\" href=\"#\" class=\"accordion-title plain\" aria-expanded=\"false\" aria-controls=\"accordion-1792136482-content\"><button class=\"toggle\" aria-label=\"Toggle\"><i class=\"icon-angle-down\"><\/i><\/button><span>L\u1ee3i \u00edch c\u1ee7a vi\u1ec7c s\u1eed d\u1ee5ng x\u01a1 d\u1eeba l\u00e0 g\u00ec?<\/span><\/a><div id=\"accordion-1792136482-content\" class=\"accordion-inner\" aria-labelledby=\"accordion-1792136482-label\">\n<p>C\u00f3 th\u1ec3 k\u1ec3 t\u00ean m\u1ed9t s\u1ed1 \u01b0u \u0111i\u1ec3m c\u1ee7a x\u01a1 d\u1eeba: kh\u1ea3 n\u0103ng gi\u1eef n\u01b0\u1edbc t\u1ed1t, tho\u00e1t n\u01b0\u1edbc t\u1ed1t, \u0111\u1ed9 x\u1ed1p ch\u1ee9a \u0111\u1ea7y kh\u00f4ng kh\u00ed cao gi\u00fap r\u1ec5 ph\u00e1t tri\u1ec3n t\u1ed1t v\u00e0 kh\u1ea3 n\u0103ng trao \u0111\u1ed5i cation cao gi\u00fap h\u1ea5p thu dinh d\u01b0\u1ee1ng t\u1ed1t h\u01a1n. N\u00f3 c\u0169ng nh\u1eb9, d\u1ec5 c\u1ea7m v\u00e0 c\u00f3 kh\u1ea3 n\u0103ng tho\u00e1t n\u01b0\u1edbc t\u1ed1t. N\u00f3 c\u0169ng l\u00e0 m\u1ed9t ngu\u1ed3n t\u00e0i nguy\u00ean b\u1ec1n v\u1eefng v\u00e0 c\u00f3 th\u1ec3 t\u00e1i t\u1ea1o.<\/p>\n<\/div><\/div>\n<\/div>\n<div class=\"accordion\">\n<div id=\"accordion-603264589\" class=\"accordion-item\"><a id=\"accordion-603264589-label\" href=\"#\" class=\"accordion-title plain\" aria-expanded=\"false\" aria-controls=\"accordion-603264589-content\"><button class=\"toggle\" aria-label=\"Toggle\"><i class=\"icon-angle-down\"><\/i><\/button><span>X\u01a1 d\u1eeba c\u00f3 ph\u1ea3i l\u00e0 v\u1eadt li\u1ec7u h\u1eefu c\u01a1 kh\u00f4ng?<\/span><\/a><div id=\"accordion-603264589-content\" class=\"accordion-inner\" aria-labelledby=\"accordion-603264589-label\">\n<p>X\u01a1 d\u1eeba c\u00f3 t\u00ednh axit nh\u1eb9 t\u1ef1 nhi\u00ean, v\u1edbi \u0111\u1ed9 pH dao \u0111\u1ed9ng t\u1eeb 5,5 \u0111\u1ebfn 6,5. N\u00f3 th\u01b0\u1eddng \u0111\u01b0\u1ee3c coi l\u00e0 c\u00f3 \u0111\u1ed9 pH trung t\u00ednh khi so s\u00e1nh v\u1edbi c\u00e1c lo\u1ea1i v\u1eadt li\u1ec7u kh\u00f4ng ch\u1ee9a \u0111\u1ea5t kh\u00e1c nh\u01b0 r\u00eau than b\u00f9n.<\/p>\n<\/div><\/div>\n<\/div>\n<div class=\"accordion\">\n<div id=\"accordion-1940919320\" class=\"accordion-item\"><a id=\"accordion-1940919320-label\" href=\"#\" class=\"accordion-title plain\" aria-expanded=\"false\" aria-controls=\"accordion-1940919320-content\"><button class=\"toggle\" aria-label=\"Toggle\"><i class=\"icon-angle-down\"><\/i><\/button><span>X\u01a1 d\u1eeba n\u00ean t\u01b0\u1edbi n\u01b0\u1edbc bao l\u00e2u m\u1ed9t l\u1ea7n?<\/span><\/a><div id=\"accordion-1940919320-content\" class=\"accordion-inner\" aria-labelledby=\"accordion-1940919320-label\">\n<p>T\u1ea7n su\u1ea5t t\u01b0\u1edbi n\u01b0\u1edbc cho x\u01a1 d\u1eeba ph\u1ee5 thu\u1ed9c v\u00e0o nhi\u1ec1u y\u1ebfu t\u1ed1 kh\u00e1c nhau nh\u01b0 lo\u1ea1i c\u00e2y, k\u00edch th\u01b0\u1edbc th\u00f9ng ch\u1ee9a v\u00e0 \u0111i\u1ec1u ki\u1ec7n m\u00f4i tr\u01b0\u1eddng. N\u00f3 c\u00f2n ph\u1ee5 thu\u1ed9c v\u00e0o th\u00e0nh ph\u1ea7n nguy\u00ean li\u1ec7u c\u1ee7a x\u01a1 d\u1eeba (v\u00ec m\u1ed7i lo\u1ea1i s\u1ebd c\u00f3 h\u1ec7 th\u1ed1ng tho\u00e1t n\u01b0\u1edbc ri\u00eang bi\u1ec7t). Theo h\u01b0\u1edbng d\u1eabn chung, x\u01a1 d\u1eeba n\u00ean \u0111\u01b0\u1ee3c t\u01b0\u1edbi n\u01b0\u1edbc khi ch\u1ea1m v\u00e0o l\u1edbp tr\u00ean c\u00f9ng c\u00f3 c\u1ea3m gi\u00e1c kh\u00f4.<\/p>\n<\/div><\/div>\n<\/div>\n<div class=\"accordion\">\n<div id=\"accordion-1394284519\" class=\"accordion-item\"><a id=\"accordion-1394284519-label\" href=\"#\" class=\"accordion-title plain\" aria-expanded=\"false\" aria-controls=\"accordion-1394284519-content\"><button class=\"toggle\" aria-label=\"Toggle\"><i class=\"icon-angle-down\"><\/i><\/button><span>X\u01a1 d\u1eeba c\u00f3 t\u00e1i s\u1eed d\u1ee5ng \u0111\u01b0\u1ee3c kh\u00f4ng?<\/span><\/a><div id=\"accordion-1394284519-content\" class=\"accordion-inner\" aria-labelledby=\"accordion-1394284519-label\">\n<p>C\u00f3, x\u01a1 d\u1eeba c\u00f3 th\u1ec3 \u0111\u01b0\u1ee3c t\u00e1i s\u1eed d\u1ee5ng nhi\u1ec1u l\u1ea7n n\u1ebfu \u0111\u01b0\u1ee3c x\u1eed l\u00fd v\u00e0 chu\u1ea9n b\u1ecb th\u00edch h\u1ee3p. Ch\u1ea5t l\u01b0\u1ee3ng c\u00e0ng cao th\u00ec b\u1ea1n c\u00e0ng c\u00f3 th\u1ec3 t\u00e1i s\u1eed d\u1ee5ng \u0111\u01b0\u1ee3c nhi\u1ec1u l\u1ea7n.<\/p>\n<\/div><\/div>\n<\/div>\n<div class=\"accordion\">\n<div id=\"accordion-839162508\" class=\"accordion-item\"><a id=\"accordion-839162508-label\" href=\"#\" class=\"accordion-title plain\" aria-expanded=\"false\" aria-controls=\"accordion-839162508-content\"><button class=\"toggle\" aria-label=\"Toggle\"><i class=\"icon-angle-down\"><\/i><\/button><span>X\u01a1 d\u1eeba c\u00f3 ch\u1ee9a ch\u1ea5t dinh d\u01b0\u1ee1ng kh\u00f4ng?<\/span><\/a><div id=\"accordion-839162508-content\" class=\"accordion-inner\" aria-labelledby=\"accordion-839162508-label\">\n<p>X\u01a1 d\u1eeba c\u00f3 h\u00e0m l\u01b0\u1ee3ng dinh d\u01b0\u1ee1ng th\u1ea5p n\u00ean th\u01b0\u1eddng \u0111\u01b0\u1ee3c s\u1eed d\u1ee5ng k\u00e8m dung d\u1ecbch dinh d\u01b0\u1ee1ng ho\u1eb7c b\u1ed5 sung ph\u00e2n h\u1eefu c\u01a1 \u0111\u1ec3 cung c\u1ea5p c\u00e1c d\u01b0\u1ee1ng ch\u1ea5t c\u1ea7n thi\u1ebft cho c\u00e2y tr\u1ed3ng ph\u00e1t tri\u1ec3n.<\/p>\n<\/div><\/div>\n<\/div>\n<div class=\"accordion\">\n<div id=\"accordion-3297625037\" class=\"accordion-item\"><a id=\"accordion-3297625037-label\" href=\"#\" class=\"accordion-title plain\" aria-expanded=\"false\" aria-controls=\"accordion-3297625037-content\"><button class=\"toggle\" aria-label=\"Toggle\"><i class=\"icon-angle-down\"><\/i><\/button><span>X\u01a1 d\u1eeba c\u00f3 th\u00e2n thi\u1ec7n v\u1edbi m\u00f4i tr\u01b0\u1eddng kh\u00f4ng?<\/span><\/a><div id=\"accordion-3297625037-content\" class=\"accordion-inner\" aria-labelledby=\"accordion-3297625037-label\">\n<p>\u0110\u00fang v\u1eady, x\u01a1 d\u1eeba \u0111\u01b0\u1ee3c coi l\u00e0 th\u00e2n thi\u1ec7n v\u1edbi m\u00f4i tr\u01b0\u1eddng v\u00ec n\u00f3 l\u00e0 s\u1ea3n ph\u1ea9m ph\u1ee5 c\u1ee7a ng\u00e0nh c\u00f4ng nghi\u1ec7p d\u1eeba v\u00e0 c\u00f3 kh\u1ea3 n\u0103ng ph\u00e2n h\u1ee7y sinh h\u1ecdc. \u0110\u00e2y l\u00e0 gi\u1ea3i ph\u00e1p thay th\u1ebf b\u1ec1n v\u1eefng cho r\u00eau than b\u00f9n v\u00e0 c\u0169ng c\u00f3 th\u1ec3 ph\u00e2n h\u1ee7y, gi\u00fap c\u1ea3i thi\u1ec7n c\u1ea5u tr\u00fac \u0111\u1ea5t.<\/p>\n<\/div><\/div>\n<\/div>\n<div class=\"accordion\">\n<div id=\"accordion-759994758\" class=\"accordion-item\"><a id=\"accordion-759994758-label\" href=\"#\" class=\"accordion-title plain\" aria-expanded=\"false\" aria-controls=\"accordion-759994758-content\"><button class=\"toggle\" aria-label=\"Toggle\"><i class=\"icon-angle-down\"><\/i><\/button><span>T\u00f4i c\u00f3 th\u1ec3 mua x\u01a1 d\u1eeba \u1edf \u0111\u00e2u?<\/span><\/a><div id=\"accordion-759994758-content\" class=\"accordion-inner\" aria-labelledby=\"accordion-759994758-label\">\n<p>N\u1ebfu b\u1ea1n l\u00e0 ng\u01b0\u1eddi tr\u1ed3ng th\u01b0\u01a1ng m\u1ea1i, nh\u00e0 ph\u00e2n ph\u1ed1i ho\u1eb7c nh\u00e0 b\u00e1n l\u1ebb, b\u1ea1n n\u00ean ch\u1ecdn mua tr\u1ef1c ti\u1ebfp t\u1eeb nh\u00e0 m\u00e1y v\u00ec mua s\u1ed1 l\u01b0\u1ee3ng l\u1edbn s\u1ebd c\u00f3 gi\u00e1 ph\u1ea3i ch\u0103ng h\u01a1n. Ng\u01b0\u1ee3c l\u1ea1i, n\u1ebfu b\u1ea1n l\u00e0 ng\u01b0\u1eddi tr\u1ed3ng tr\u1ecdt c\u00e1 nh\u00e2n mu\u1ed1n ho\u1eb7c t\u1ef1 m\u00ecnh l\u00e0m v\u01b0\u1eddn t\u1ea1i nh\u00e0 th\u00ec n\u00ean mua c\u00e1c s\u1ea3n ph\u1ea9m x\u01a1 d\u1eeba \u1edf c\u00e1c c\u1eeda h\u00e0ng l\u00e0m v\u01b0\u1eddn, v\u01b0\u1eddn \u01b0\u01a1m ho\u1eb7c c\u1eeda h\u00e0ng tr\u1ef1c tuy\u1ebfn.<\/p>\n<\/div><\/div>\n<\/div>\n\t\t<\/div>\n\t\t\t\t\t<\/div>\n\n\t\n<\/div>\n","protected":false},"excerpt":{"rendered":"","protected":false},"author":2,"featured_media":0,"parent":0,"menu_order":0,"comment_status":"closed","ping_status":"closed","template":"","meta":{"footnotes":""},"yoast_head":"<!-- This site is optimized with the Yoast SEO plugin v22.6 - https:\/\/yoast.com\/wordpress\/plugins\/seo\/ -->\n<title>FAQ - Coco Coir Global Vietnam<\/title>\n<meta name=\"description\" content=\"N\u1ebfu b\u1ea1n l\u00e0 ng\u01b0\u1eddi tr\u1ed3ng th\u01b0\u01a1ng m\u1ea1i, nh\u00e0 ph\u00e2n ph\u1ed1i ho\u1eb7c nh\u00e0 b\u00e1n l\u1ebb, b\u1ea1n n\u00ean ch\u1ecdn mua tr\u1ef1c ti\u1ebfp t\u1eeb nh\u00e0 m\u00e1y v\u00ec mua s\u1ed1 l\u01b0\u1ee3ng l\u1edbn s\u1ebd c\u00f3 gi\u00e1 ph\u1ea3i ch\u0103ng h\u01a1n.\" \/>\n<meta name=\"robots\" content=\"index, follow, max-snippet:-1, max-image-preview:large, max-video-preview:-1\" \/>\n<link rel=\"canonical\" href=\"https:\/\/cococoirglobal.com\/vi\/faq\/\" \/>\n<meta property=\"og:locale\" content=\"vi_VN\" \/>\n<meta property=\"og:type\" content=\"article\" \/>\n<meta property=\"og:title\" content=\"FAQ - Coco Coir Global Vietnam\" \/>\n<meta property=\"og:description\" content=\"N\u1ebfu b\u1ea1n l\u00e0 ng\u01b0\u1eddi tr\u1ed3ng th\u01b0\u01a1ng m\u1ea1i, nh\u00e0 ph\u00e2n ph\u1ed1i ho\u1eb7c nh\u00e0 b\u00e1n l\u1ebb, b\u1ea1n n\u00ean ch\u1ecdn mua tr\u1ef1c ti\u1ebfp t\u1eeb nh\u00e0 m\u00e1y v\u00ec mua s\u1ed1 l\u01b0\u1ee3ng l\u1edbn s\u1ebd c\u00f3 gi\u00e1 ph\u1ea3i ch\u0103ng h\u01a1n.\" \/>\n<meta property=\"og:url\" content=\"https:\/\/cococoirglobal.com\/vi\/faq\/\" \/>\n<meta property=\"og:site_name\" content=\"Coco Coir Global Vietnam\" \/>\n<meta property=\"article:publisher\" content=\"https:\/\/www.facebook.com\/cococoirglobal\/\" \/>\n<meta property=\"og:image\" content=\"https:\/\/cococoirglobal.com\/wp-content\/uploads\/2021\/08\/cropped-Logo-icon.png\" \/>\n\t<meta property=\"og:image:width\" content=\"512\" \/>\n\t<meta property=\"og:image:height\" content=\"512\" \/>\n\t<meta property=\"og:image:type\" content=\"image\/png\" \/>\n<meta name=\"twitter:card\" content=\"summary_large_image\" \/>\n<meta name=\"twitter:label1\" content=\"Est. reading time\" \/>\n\t<meta name=\"twitter:data1\" content=\"4 minutes\" \/>\n<script type=\"application\/ld+json\" class=\"yoast-schema-graph\">{\"@context\":\"https:\/\/schema.org\",\"@graph\":[{\"@type\":\"WebPage\",\"@id\":\"https:\/\/cococoirglobal.com\/vi\/faq\/\",\"url\":\"https:\/\/cococoirglobal.com\/vi\/faq\/\",\"name\":\"FAQ - Coco Coir Global Vietnam\",\"isPartOf\":{\"@id\":\"https:\/\/cococoirglobal.com\/vi\/#website\"},\"datePublished\":\"2023-09-15T02:49:50+00:00\",\"dateModified\":\"2023-09-15T02:49:50+00:00\",\"description\":\"N\u1ebfu b\u1ea1n l\u00e0 ng\u01b0\u1eddi tr\u1ed3ng th\u01b0\u01a1ng m\u1ea1i, nh\u00e0 ph\u00e2n ph\u1ed1i ho\u1eb7c nh\u00e0 b\u00e1n l\u1ebb, b\u1ea1n n\u00ean ch\u1ecdn mua tr\u1ef1c ti\u1ebfp t\u1eeb nh\u00e0 m\u00e1y v\u00ec mua s\u1ed1 l\u01b0\u1ee3ng l\u1edbn s\u1ebd c\u00f3 gi\u00e1 ph\u1ea3i ch\u0103ng h\u01a1n.\",\"breadcrumb\":{\"@id\":\"https:\/\/cococoirglobal.com\/vi\/faq\/#breadcrumb\"},\"inLanguage\":\"vi-VN\",\"potentialAction\":[{\"@type\":\"ReadAction\",\"target\":[\"https:\/\/cococoirglobal.com\/vi\/faq\/\"]}]},{\"@type\":\"BreadcrumbList\",\"@id\":\"https:\/\/cococoirglobal.com\/vi\/faq\/#breadcrumb\",\"itemListElement\":[{\"@type\":\"ListItem\",\"position\":1,\"name\":\"Home\",\"item\":\"https:\/\/cococoirglobal.com\/vi\/\"},{\"@type\":\"ListItem\",\"position\":2,\"name\":\"FAQ\"}]},{\"@type\":\"WebSite\",\"@id\":\"https:\/\/cococoirglobal.com\/vi\/#website\",\"url\":\"https:\/\/cococoirglobal.com\/vi\/\",\"name\":\"Coco Coir Global\",\"description\":\"The leading manufacturer and supplier of Coco Coir Products!\",\"publisher\":{\"@id\":\"https:\/\/cococoirglobal.com\/vi\/#organization\"},\"potentialAction\":[{\"@type\":\"SearchAction\",\"target\":{\"@type\":\"EntryPoint\",\"urlTemplate\":\"https:\/\/cococoirglobal.com\/vi\/?s={search_term_string}\"},\"query-input\":\"required name=search_term_string\"}],\"inLanguage\":\"vi-VN\"},{\"@type\":\"Organization\",\"@id\":\"https:\/\/cococoirglobal.com\/vi\/#organization\",\"name\":\"COCO COIR GLOBAL COMPANY LIMITED\",\"url\":\"https:\/\/cococoirglobal.com\/vi\/\",\"logo\":{\"@type\":\"ImageObject\",\"inLanguage\":\"vi-VN\",\"@id\":\"https:\/\/cococoirglobal.com\/vi\/#\/schema\/logo\/image\/\",\"url\":\"https:\/\/cococoirglobal.com\/wp-content\/uploads\/2023\/05\/Logo-coco-coir.png\",\"contentUrl\":\"https:\/\/cococoirglobal.com\/wp-content\/uploads\/2023\/05\/Logo-coco-coir.png\",\"width\":512,\"height\":512,\"caption\":\"COCO COIR GLOBAL COMPANY LIMITED\"},\"image\":{\"@id\":\"https:\/\/cococoirglobal.com\/vi\/#\/schema\/logo\/image\/\"},\"sameAs\":[\"https:\/\/www.facebook.com\/cococoirglobal\/\",\"https:\/\/www.instagram.com\/cococoirglobal\/\",\"https:\/\/www.linkedin.com\/company\/coco-coir-global-company-limited\",\"https:\/\/www.youtube.com\/channel\/UC4Xk-Is93xHrllYZADkM7yQ\"]}]}<\/script>\n<!-- \/ Yoast SEO plugin. -->","yoast_head_json":{"title":"FAQ - Coco Coir Global Vietnam","description":"N\u1ebfu b\u1ea1n l\u00e0 ng\u01b0\u1eddi tr\u1ed3ng th\u01b0\u01a1ng m\u1ea1i, nh\u00e0 ph\u00e2n ph\u1ed1i ho\u1eb7c nh\u00e0 b\u00e1n l\u1ebb, b\u1ea1n n\u00ean ch\u1ecdn mua tr\u1ef1c ti\u1ebfp t\u1eeb nh\u00e0 m\u00e1y v\u00ec mua s\u1ed1 l\u01b0\u1ee3ng l\u1edbn s\u1ebd c\u00f3 gi\u00e1 ph\u1ea3i ch\u0103ng h\u01a1n.","robots":{"index":"index","follow":"follow","max-snippet":"max-snippet:-1","max-image-preview":"max-image-preview:large","max-video-preview":"max-video-preview:-1"},"canonical":"https:\/\/cococoirglobal.com\/vi\/faq\/","og_locale":"vi_VN","og_type":"article","og_title":"FAQ - Coco Coir Global Vietnam","og_description":"N\u1ebfu b\u1ea1n l\u00e0 ng\u01b0\u1eddi tr\u1ed3ng th\u01b0\u01a1ng m\u1ea1i, nh\u00e0 ph\u00e2n ph\u1ed1i ho\u1eb7c nh\u00e0 b\u00e1n l\u1ebb, b\u1ea1n n\u00ean ch\u1ecdn mua tr\u1ef1c ti\u1ebfp t\u1eeb nh\u00e0 m\u00e1y v\u00ec mua s\u1ed1 l\u01b0\u1ee3ng l\u1edbn s\u1ebd c\u00f3 gi\u00e1 ph\u1ea3i ch\u0103ng h\u01a1n.","og_url":"https:\/\/cococoirglobal.com\/vi\/faq\/","og_site_name":"Coco Coir Global Vietnam","article_publisher":"https:\/\/www.facebook.com\/cococoirglobal\/","og_image":[{"width":512,"height":512,"url":"https:\/\/cococoirglobal.com\/wp-content\/uploads\/2021\/08\/cropped-Logo-icon.png","type":"image\/png"}],"twitter_card":"summary_large_image","twitter_misc":{"Est. reading time":"4 minutes"},"schema":{"@context":"https:\/\/schema.org","@graph":[{"@type":"WebPage","@id":"https:\/\/cococoirglobal.com\/vi\/faq\/","url":"https:\/\/cococoirglobal.com\/vi\/faq\/","name":"FAQ - Coco Coir Global Vietnam","isPartOf":{"@id":"https:\/\/cococoirglobal.com\/vi\/#website"},"datePublished":"2023-09-15T02:49:50+00:00","dateModified":"2023-09-15T02:49:50+00:00","description":"N\u1ebfu b\u1ea1n l\u00e0 ng\u01b0\u1eddi tr\u1ed3ng th\u01b0\u01a1ng m\u1ea1i, nh\u00e0 ph\u00e2n ph\u1ed1i ho\u1eb7c nh\u00e0 b\u00e1n l\u1ebb, b\u1ea1n n\u00ean ch\u1ecdn mua tr\u1ef1c ti\u1ebfp t\u1eeb nh\u00e0 m\u00e1y v\u00ec mua s\u1ed1 l\u01b0\u1ee3ng l\u1edbn s\u1ebd c\u00f3 gi\u00e1 ph\u1ea3i ch\u0103ng h\u01a1n.","breadcrumb":{"@id":"https:\/\/cococoirglobal.com\/vi\/faq\/#breadcrumb"},"inLanguage":"vi-VN","potentialAction":[{"@type":"ReadAction","target":["https:\/\/cococoirglobal.com\/vi\/faq\/"]}]},{"@type":"BreadcrumbList","@id":"https:\/\/cococoirglobal.com\/vi\/faq\/#breadcrumb","itemListElement":[{"@type":"ListItem","position":1,"name":"Home","item":"https:\/\/cococoirglobal.com\/vi\/"},{"@type":"ListItem","position":2,"name":"FAQ"}]},{"@type":"WebSite","@id":"https:\/\/cococoirglobal.com\/vi\/#website","url":"https:\/\/cococoirglobal.com\/vi\/","name":"Coco Coir Global","description":"The leading manufacturer and supplier of Coco Coir Products!","publisher":{"@id":"https:\/\/cococoirglobal.com\/vi\/#organization"},"potentialAction":[{"@type":"SearchAction","target":{"@type":"EntryPoint","urlTemplate":"https:\/\/cococoirglobal.com\/vi\/?s={search_term_string}"},"query-input":"required name=search_term_string"}],"inLanguage":"vi-VN"},{"@type":"Organization","@id":"https:\/\/cococoirglobal.com\/vi\/#organization","name":"COCO COIR GLOBAL COMPANY LIMITED","url":"https:\/\/cococoirglobal.com\/vi\/","logo":{"@type":"ImageObject","inLanguage":"vi-VN","@id":"https:\/\/cococoirglobal.com\/vi\/#\/schema\/logo\/image\/","url":"https:\/\/cococoirglobal.com\/wp-content\/uploads\/2023\/05\/Logo-coco-coir.png","contentUrl":"https:\/\/cococoirglobal.com\/wp-content\/uploads\/2023\/05\/Logo-coco-coir.png","width":512,"height":512,"caption":"COCO COIR GLOBAL COMPANY LIMITED"},"image":{"@id":"https:\/\/cococoirglobal.com\/vi\/#\/schema\/logo\/image\/"},"sameAs":["https:\/\/www.facebook.com\/cococoirglobal\/","https:\/\/www.instagram.com\/cococoirglobal\/","https:\/\/www.linkedin.com\/company\/coco-coir-global-company-limited","https:\/\/www.youtube.com\/channel\/UC4Xk-Is93xHrllYZADkM7yQ"]}]}},"_links":{"self":[{"href":"https:\/\/cococoirglobal.com\/vi\/wp-json\/wp\/v2\/pages\/29588"}],"collection":[{"href":"https:\/\/cococoirglobal.com\/vi\/wp-json\/wp\/v2\/pages"}],"about":[{"href":"https:\/\/cococoirglobal.com\/vi\/wp-json\/wp\/v2\/types\/page"}],"author":[{"embeddable":true,"href":"https:\/\/cococoirglobal.com\/vi\/wp-json\/wp\/v2\/users\/2"}],"replies":[{"embeddable":true,"href":"https:\/\/cococoirglobal.com\/vi\/wp-json\/wp\/v2\/comments?post=29588"}],"version-history":[{"count":0,"href":"https:\/\/cococoirglobal.com\/vi\/wp-json\/wp\/v2\/pages\/29588\/revisions"}],"wp:attachment":[{"href":"https:\/\/cococoirglobal.com\/vi\/wp-json\/wp\/v2\/media?parent=29588"}],"curies":[{"name":"wp","href":"https:\/\/api.w.org\/{rel}","templated":true}]}}