{"id":17411,"date":"2023-05-17T13:59:12","date_gmt":"2023-05-17T06:59:12","guid":{"rendered":"https:\/\/cococoirglobal.com\/?page_id=17411"},"modified":"2023-05-17T14:00:49","modified_gmt":"2023-05-17T07:00:49","slug":"khach-hang","status":"publish","type":"page","link":"https:\/\/cococoirglobal.com\/vi\/page\/khach-hang\/","title":{"rendered":"Kh\u00e1ch H\u00e0ng"},"content":{"rendered":"\t<div class=\"img has-hover x md-x lg-x y md-y lg-y\" id=\"image_869129680\">\n\t\t\t\t\t\t\t\t<div class=\"img-inner image-cover dark\" style=\"padding-top:40%;\">\n\t\t\t<img width=\"1350\" height=\"500\" src=\"https:\/\/cococoirglobal.com\/wp-content\/uploads\/2023\/05\/khach-hang-cococoirglobal.jpg\" class=\"attachment-original size-original\" alt=\"khach hang\" decoding=\"async\" loading=\"lazy\" srcset=\"https:\/\/cococoirglobal.com\/wp-content\/uploads\/2023\/05\/khach-hang-cococoirglobal.jpg 1350w, https:\/\/cococoirglobal.com\/wp-content\/uploads\/2023\/05\/khach-hang-cococoirglobal-300x111.jpg 300w, https:\/\/cococoirglobal.com\/wp-content\/uploads\/2023\/05\/khach-hang-cococoirglobal-1024x379.jpg 1024w, https:\/\/cococoirglobal.com\/wp-content\/uploads\/2023\/05\/khach-hang-cococoirglobal-768x284.jpg 768w, https:\/\/cococoirglobal.com\/wp-content\/uploads\/2023\/05\/khach-hang-cococoirglobal-510x189.jpg 510w\" sizes=\"(max-width: 1350px) 100vw, 1350px\" \/>\t\t\t\t\t\t\n\t\t\t\t\t<\/div>\n\t\t\t\t\t\t\t\t\n<style>\n#image_869129680 {\n  width: 100%;\n}\n<\/style>\n\t<\/div>\n\t\n\t<section class=\"section\" id=\"section_412236827\">\n\t\t<div class=\"bg section-bg fill bg-fill  bg-loaded\" >\n\n\t\t\t\n\t\t\t\n\t\t\t\n\n\t\t<\/div>\n\n\t\t\n\n\t\t<div class=\"section-content relative\">\n\t\t\t\n<div class=\"row row-small align-equal align-center\"  id=\"row-1896265656\">\n\n\t<div id=\"col-1399265261\" class=\"col small-12 large-12\"  >\n\t\t\t\t<div class=\"col-inner\"  >\n\t\t\t\n\t\t\t\n\n<span><span><a href=\"https:\/\/cococoirglobal.com\/vi\/\">Home<\/a><\/span><\/span>\n\n\t\t<\/div>\n\t\t\t\t\t<\/div>\n\n\t\n\n\t<div id=\"col-823154076\" class=\"col small-12 large-12\"  >\n\t\t\t\t<div class=\"col-inner\"  >\n\t\t\t\n\t\t\t\n\t<div id=\"text-1950454311\" class=\"text\">\n\t\t\n<h1 style=\"text-align: center;\"><b>KH\u00c1CH H\u00c0NG<\/b><\/h1>\n\t\t\n<style>\n#text-1950454311 {\n  font-size: 1.3rem;\n}\n@media (min-width:550px) {\n  #text-1950454311 {\n    font-size: 1.8rem;\n  }\n}\n<\/style>\n\t<\/div>\n\t\n<p><span style=\"font-weight: 400;\">Coco Coir Global ph\u1ee5c v\u1ee5 m\u1ed9t danh s\u00e1ch kh\u00e1ch h\u00e0ng \u0111a d\u1ea1ng v\u00e0 phong ph\u00fa, bao g\u1ed3m nh\u1eefng ng\u01b0\u1eddi tr\u1ed3ng t\u1ef1 do, c\u00e1c nh\u00e0 k\u00ednh th\u01b0\u01a1ng m\u1ea1i, \u0111\u1ed1i t\u00e1c ph\u00e2n ph\u1ed1i v\u00e0 c\u00e1c nh\u00e0 b\u00e1n l\u1ebb \u1edf nhi\u1ec1u qu\u1ed1c gia tr\u00ean th\u1ebf gi\u1edbi. Nhu c\u1ea7u v\u1ec1 vi\u1ec7c t\u1ea1o ra c\u00e1c s\u1ea3n ph\u1ea9m c\u00f3 ch\u1ea5t l\u01b0\u1ee3ng cao \u0111i \u0111\u00f4i v\u1edbi c\u00e1c gi\u1ea3i ph\u00e1p kinh t\u1ebf t\u1ed1i \u01b0u trong s\u1ea3n xu\u1ea5t c\u1ee7a c\u00e1c doanh nghi\u1ec7p ng\u00e0y m\u1ed9t t\u0103ng l\u00ean trong th\u1eddi bu\u1ed5i hi\u1ec7n nay. Bi\u1ebft \u0111\u01b0\u1ee3c \u0111i\u1ec1u n\u00e0y, ch\u00fang t\u00f4i \u0111\u00e3 t\u1ea1o ra ph\u01b0\u01a1ng ph\u00e1p s\u1ea3n xu\u1ea5t c\u00e1c s\u1ea3n ph\u1ea9m m\u1ee5n x\u01a1 d\u1eeba hi\u1ec7u qu\u1ea3 c\u0169ng nh\u01b0 h\u01b0\u1edbng m\u1ee5c ti\u00eau ti\u1ebfp c\u1eadn v\u00e0 ti\u1ebfp th\u1ecb s\u1ea3n ph\u1ea9m c\u1ee7a m\u00ecnh t\u1edbi c\u00e1c \u0111\u1ed1i t\u01b0\u1ee3ng kh\u00e1ch h\u00e0ng \u0111\u00e3 v\u00e0 \u0111ang c\u00f3 nhu c\u1ea7u s\u1eed d\u1ee5ng s\u1ea3n ph\u1ea9m n\u00e0y cho c\u00e1c m\u1ee5c \u0111\u00edch kh\u00e1c nhau, \u0111\u1eb7c bi\u1ec7t l\u00e0 ph\u01b0\u01a1ng th\u1ee9c tr\u1ed3ng tr\u1ecdt trong nh\u00e0 k\u00ednh v\u00e0 ho\u1ea1t \u0111\u1ed9ng l\u00e0m v\u01b0\u1eddn.<\/span><\/p>\n<p><span style=\"font-weight: 400;\">\u0110\u1ed1i v\u1edbi \u0111\u1ed1i t\u01b0\u1ee3ng l\u00e0 nh\u00e0 k\u00ednh th\u01b0\u01a1ng m\u1ea1i v\u00e0 ng\u01b0\u1eddi tr\u1ed3ng c\u00e1 nh\u00e2n, ch\u00fang t\u00f4i nh\u1eadn th\u1ee9c nhu c\u1ea7u c\u1ee7a kh\u00e1ch h\u00e0ng v\u1ec1 c\u00e1c s\u1ea3n ph\u1ea9m c\u00f3 ch\u1ea5t l\u01b0\u1ee3ng cao c\u0169ng nh\u01b0 \u0111\u00e1p \u1ee9ng \u0111\u01b0\u1ee3c cao ti\u00eau chu\u1ea9n trong ng\u00e0nh. V\u00ec v\u1eady, ch\u00fang t\u00f4i \u0111\u1ea3m b\u1ea3o mang \u0111\u1ebfn c\u00e1c s\u1ea3n ph\u1ea9m c\u00f3 ch\u1ea5t l\u01b0\u1ee3ng t\u1ed1t nh\u1ea5t v\u1edbi quy tr\u00ecnh s\u1ea3n xu\u1ea5t s\u1ea3n ph\u1ea9m minh b\u1ea1ch v\u00e0 \u0111\u01b0\u1ee3c ki\u1ec3m so\u00e1t ch\u1eb7t ch\u1ebd t\u1eeb giai \u0111o\u1ea1n ch\u1ecdn l\u1ecdc nguy\u00ean li\u1ec7u t\u1edbi l\u00fac cho ra th\u00e0nh ph\u1ea9m.<\/span><\/p>\n<p><span style=\"font-weight: 400;\">Ch\u00fang t\u00f4i c\u0169ng x\u00e2y d\u1ef1ng m\u1ed9t m\u1ea1ng l\u01b0\u1edbi v\u1eefng ch\u1eafc c\u00e1c kh\u00e1ch h\u00e0ng l\u00e0 \u0111\u1ed1i t\u00e1c hay c\u00e1c nh\u00e0 b\u00e1n l\u1ebb tr\u00ean th\u1ecb tr\u01b0\u1eddng to\u00e0n c\u1ea7u. \u0110\u1ed1i v\u1edbi kh\u00e1ch h\u00e0ng l\u00e0 nh\u00e0 ph\u00e2n ph\u1ed1i hay c\u00e1c nh\u00e0 b\u00e1n l\u1ebb kh\u00e1c, vi\u1ec7c cung c\u1ea5p c\u00e1c s\u1ea3n ph\u1ea9m \u0111\u1ea1t ti\u00eau chu\u1ea9n v\u1ec1 ch\u1ea5t l\u01b0\u1ee3ng c\u0169ng l\u00e0 \u0111i\u1ec1u ch\u00fang t\u00f4i quan t\u00e2m v\u00e0 ch\u00fa \u00fd t\u1edbi. \u0110\u00f3ng vai tr\u00f2 quan tr\u1ecdng trong chu\u1ed7i cung \u1ee9ng, ch\u00fang t\u00f4i mong mu\u1ed1n \u0111em \u0111\u1ebfn c\u00e1c s\u1ea3n ph\u1ea9m ph\u00f9 h\u1ee3p nh\u1ea5t v\u1edbi m\u1ee9c gi\u00e1 t\u1ed1t nh\u1ea5t. Ngo\u00e0i ra, ch\u00fang t\u00f4i c\u00f2n c\u00f3 kh\u1ea3 n\u0103ng \u0111\u00e1p \u1ee9ng \u0111\u01b0\u1ee3c c\u00e1c \u0111\u01a1n h\u00e0ng v\u1edbi s\u1ed1 l\u01b0\u1ee3ng l\u1edbn, \u0111\u1ea3m b\u1ea3o ngu\u1ed3n nguy\u00ean li\u1ec7u s\u1eb5n c\u00f3 c\u00f9ng v\u1edbi ch\u1ea5t l\u01b0\u1ee3ng \u0111\u1ed3ng nh\u1ea5t v\u00e0 th\u1eddi gian l\u00e0m h\u00e0nh nhanh ch\u00f3ng v\u00e0 kh\u00f4ng b\u1ecb gi\u00e1n \u0111o\u1ea1n.\u00a0<\/span><\/p>\n<p><span style=\"font-weight: 400;\">V\u1edbi b\u1ea5t k\u1ef3 t\u1ec7p kh\u00e1ch h\u00e0ng n\u00e0o, vi\u1ec7c cung \u1ee9ng s\u1ea3n ph\u1ea9m v\u1edbi ch\u1ea5t l\u01b0\u1ee3ng cao v\u00e0 \u0111\u01b0\u1ee3c \u0111\u1ea3m b\u1ea3o lu\u00f4n l\u00e0 \u0111i\u1ec1u m\u00e0 ch\u00fang t\u00f4i h\u01b0\u1edbng \u0111\u1ebfn. Gi\u00e1 tr\u1ecb c\u1ed1t l\u00f5i m\u00e0 ch\u00fang t\u00f4i \u0111\u1eb7t l\u00e0m \u201ckim ch\u1ec9 nam\u201d trong c\u00f4ng vi\u1ec7c kinh doanh c\u1ee7a ch\u00fang t\u00f4i l\u00e0 \u0111em \u0111\u1ebfn s\u1ef1 h\u00e0i l\u00f2ng cho kh\u00e1ch h\u00e0ng, kh\u00f4ng ch\u1ec9 l\u00e0 s\u1ea3n ph\u1ea9m ch\u1ea5t l\u01b0\u1ee3ng t\u1ed1t m\u00e0 c\u00f2n h\u01b0\u1edbng t\u1edbi m\u1ee5c ti\u00eau xa h\u01a1n l\u00e0 t\u1ea1o ra v\u00e0 cung c\u1ea5p m\u1ed9t s\u1ea3n ph\u1ea9m c\u00f3 vai tr\u00f2 quan tr\u1ecdng trong qu\u00e1 tr\u00ecnh s\u1ea3n xu\u1ea5t ra c\u00e1c s\u1ea3n ph\u1ea9m t\u01b0\u01a1i ngon, b\u1ed5 d\u01b0\u1ee1ng, \u0111\u1ea3m b\u1ea3o s\u1ee9c kh\u1ecfe cho ng\u01b0\u1eddi d\u00f9ng cu\u1ed1i c\u00f9ng n\u00f3i ri\u00eang v\u00e0 \u0111\u00f3ng g\u00f3p v\u00e0o s\u1ef1 ph\u00e1t tri\u1ec3n b\u1ec1n v\u1eefng c\u1ee7a ng\u00e0nh n\u00f4ng nghi\u1ec7p n\u00f3i chung.<\/span><\/p>\n\t\t<\/div>\n\t\t\t\t\t<\/div>\n\n\t\n<\/div>\n\t\t<\/div>\n\n\t\t\n<style>\n#section_412236827 {\n  padding-top: 30px;\n  padding-bottom: 30px;\n}\n#section_412236827 .ux-shape-divider--top svg {\n  height: 150px;\n  --divider-top-width: 100%;\n}\n#section_412236827 .ux-shape-divider--bottom svg {\n  height: 150px;\n  --divider-width: 100%;\n}\n<\/style>\n\t<\/section>\n\t\n\t<section class=\"section\" id=\"section_1895749503\">\n\t\t<div class=\"bg section-bg fill bg-fill  bg-loaded\" >\n\n\t\t\t\n\t\t\t\n\t\t\t\n\n\t\t<\/div>\n\n\t\t\n\n\t\t<div class=\"section-content relative\">\n\t\t\t\n<div class=\"row row-small align-equal align-center\"  id=\"row-2122634206\">\n\n\t<div id=\"col-1234812566\" class=\"col list-child-pages small-12 large-12\"  >\n\t\t\t\t<div class=\"col-inner\"  >\n\t\t\t\n\t\t\t\n\n  \n    <div class=\"row large-columns-2 medium-columns- small-columns-\">\n  <div class=\"page-col col pb-0\" >\n          <div class=\"col-inner\" >\n          <a class=\"block plain\" href=\"https:\/\/cococoirglobal.com\/vi\/page\/nha-kinh-thuong-mai\/\" title=\"Kh\u00e1ch H\u00e0ng L\u00e0 Nh\u00e0 K\u00ednh Th\u01b0\u01a1ng M\u1ea1i\" target=\"\">\n            <div class=\"has-shadow page-box box has-hover\">\n                  <div class=\"box-image\" >\n                      <div class=\"box-image\" >\n                      <img width=\"300\" height=\"111\" src=\"https:\/\/cococoirglobal.com\/wp-content\/uploads\/2023\/05\/nha-kinh-thuong-mai-cococoirglobal-300x111.jpg\" class=\"attachment-medium size-medium\" alt=\"nha-kinh-thuong-mai\" decoding=\"async\" loading=\"lazy\" srcset=\"https:\/\/cococoirglobal.com\/wp-content\/uploads\/2023\/05\/nha-kinh-thuong-mai-cococoirglobal-300x111.jpg 300w, https:\/\/cococoirglobal.com\/wp-content\/uploads\/2023\/05\/nha-kinh-thuong-mai-cococoirglobal-1024x379.jpg 1024w, https:\/\/cococoirglobal.com\/wp-content\/uploads\/2023\/05\/nha-kinh-thuong-mai-cococoirglobal-768x284.jpg 768w, https:\/\/cococoirglobal.com\/wp-content\/uploads\/2023\/05\/nha-kinh-thuong-mai-cococoirglobal-510x189.jpg 510w, https:\/\/cococoirglobal.com\/wp-content\/uploads\/2023\/05\/nha-kinh-thuong-mai-cococoirglobal.jpg 1350w\" sizes=\"(max-width: 300px) 100vw, 300px\" \/>                      <\/div>\n                                                              <\/div>\n                  <div class=\"box-text text-left\" >\n                        <div class=\"box-text-inner\">\n                                                                <p class=\"h3 strong heading-font\">Kh\u00e1ch H\u00e0ng L\u00e0 Nh\u00e0 K\u00ednh Th\u01b0\u01a1ng M\u1ea1i<\/p>\n                                                            <div class=\"page-excerpt\">\n                                V\u1edbi xu h\u01b0\u1edbng s\u1ea3n xu\u1ea5t theo m\u00f4 h\u00ecnh n\u00f4ng nghi\u1ec7p hi\u1ec7n \u0111\u1ea1i, \u00e1p d\u1ee5ng c\u00e1c c\u00f4ng c\u1ee5 c\u0169ng nh\u01b0 k\u1ef9 thu\u1eadt ti\u00ean ti\u1ebfn, ch\u00fang ta th\u1ea5y \u0111\u01b0\u1ee3c r\u00f5 s\u1ef1 t\u0103ng l\u00ean v\u1ec1 m\u1eb7t s\u1ed1 l\u01b0\u1ee3ng c\u1ee7a c\u00e1c nh\u00e0 k\u00ednh th\u01b0\u01a1ng m\u1ea1i.\u00a0                            <\/div>\n                            \n                        <\/div>\n                  <\/div>\n              <\/div>\n            <\/a>\n            <\/div>\n          <\/div><div class=\"page-col col pb-0\" >\n          <div class=\"col-inner\" >\n          <a class=\"block plain\" href=\"https:\/\/cococoirglobal.com\/vi\/page\/nguoi-trong-tu-do\/\" title=\"KH\u00c1CH H\u00c0NG L\u00c0 NG\u01af\u1edcI TR\u1ed2NG T\u1ef0 DO\" target=\"\">\n            <div class=\"has-shadow page-box box has-hover\">\n                  <div class=\"box-image\" >\n                      <div class=\"box-image\" >\n                      <img width=\"300\" height=\"111\" src=\"https:\/\/cococoirglobal.com\/wp-content\/uploads\/2023\/05\/nguoi-trong-tu-do-300x111.jpg\" class=\"attachment-medium size-medium\" alt=\"nguoi-trong-tu-do\" decoding=\"async\" loading=\"lazy\" srcset=\"https:\/\/cococoirglobal.com\/wp-content\/uploads\/2023\/05\/nguoi-trong-tu-do-300x111.jpg 300w, https:\/\/cococoirglobal.com\/wp-content\/uploads\/2023\/05\/nguoi-trong-tu-do-1024x379.jpg 1024w, https:\/\/cococoirglobal.com\/wp-content\/uploads\/2023\/05\/nguoi-trong-tu-do-768x284.jpg 768w, https:\/\/cococoirglobal.com\/wp-content\/uploads\/2023\/05\/nguoi-trong-tu-do-510x189.jpg 510w, https:\/\/cococoirglobal.com\/wp-content\/uploads\/2023\/05\/nguoi-trong-tu-do.jpg 1350w\" sizes=\"(max-width: 300px) 100vw, 300px\" \/>                      <\/div>\n                                                              <\/div>\n                  <div class=\"box-text text-left\" >\n                        <div class=\"box-text-inner\">\n                                                                <p class=\"h3 strong heading-font\">KH\u00c1CH H\u00c0NG L\u00c0 NG\u01af\u1edcI TR\u1ed2NG T\u1ef0 DO<\/p>\n                                                            <div class=\"page-excerpt\">\n                                Ngo\u00e0i ra, c\u00f4ng ty c\u1ee7a ch\u00fang t\u00f4i c\u0169ng ch\u00fa tr\u1ecdng \u0111\u1ebfn vi\u1ec7c ph\u1ee5c v\u1ee5 nh\u1eefng ng\u01b0\u1eddi tr\u1ed3ng t\u1ef1 do, nh\u1eefng ng\u01b0\u1eddi quan t\u00e2m \u0111\u1ebfn vi\u1ec7c tr\u1ed3ng c\u00e2y trong m\u00f4i tr\u01b0\u1eddng v\u1edbi t\u00e0i nguy\u00ean gi\u1edbi h\u1ea1n ho\u1eb7c kh\u00f4ng c\u00f3 s\u1eb5n trong \u0111\u1ea5t.                            <\/div>\n                            \n                        <\/div>\n                  <\/div>\n              <\/div>\n            <\/a>\n            <\/div>\n          <\/div><div class=\"page-col col pb-0\" >\n          <div class=\"col-inner\" >\n          <a class=\"block plain\" href=\"https:\/\/cococoirglobal.com\/vi\/page\/nha-phan-phoi-ban-le\/\" title=\"Kh\u00e1ch H\u00e0ng L\u00e0 Nh\u00e0 Ph\u00e2n Ph\u1ed1i\/B\u00e1n L\u1ebb\" target=\"\">\n            <div class=\"has-shadow page-box box has-hover\">\n                  <div class=\"box-image\" >\n                      <div class=\"box-image\" >\n                      <img width=\"300\" height=\"111\" src=\"https:\/\/cococoirglobal.com\/wp-content\/uploads\/2023\/05\/khach-hang-ban-le-300x111.jpg\" class=\"attachment-medium size-medium\" alt=\"khach-hang-ban-le\" decoding=\"async\" loading=\"lazy\" srcset=\"https:\/\/cococoirglobal.com\/wp-content\/uploads\/2023\/05\/khach-hang-ban-le-300x111.jpg 300w, https:\/\/cococoirglobal.com\/wp-content\/uploads\/2023\/05\/khach-hang-ban-le-1024x379.jpg 1024w, https:\/\/cococoirglobal.com\/wp-content\/uploads\/2023\/05\/khach-hang-ban-le-768x284.jpg 768w, https:\/\/cococoirglobal.com\/wp-content\/uploads\/2023\/05\/khach-hang-ban-le-510x189.jpg 510w, https:\/\/cococoirglobal.com\/wp-content\/uploads\/2023\/05\/khach-hang-ban-le.jpg 1350w\" sizes=\"(max-width: 300px) 100vw, 300px\" \/>                      <\/div>\n                                                              <\/div>\n                  <div class=\"box-text text-left\" >\n                        <div class=\"box-text-inner\">\n                                                                <p class=\"h3 strong heading-font\">Kh\u00e1ch H\u00e0ng L\u00e0 Nh\u00e0 Ph\u00e2n Ph\u1ed1i\/B\u00e1n L\u1ebb<\/p>\n                                                            <div class=\"page-excerpt\">\n                                Ngo\u00e0i ra, c\u00f4ng ty c\u1ee7a ch\u00fang t\u00f4i c\u0169ng ch\u00fa tr\u1ecdng \u0111\u1ebfn vi\u1ec7c ph\u1ee5c v\u1ee5 nh\u1eefng ng\u01b0\u1eddi tr\u1ed3ng t\u1ef1 do, nh\u1eefng ng\u01b0\u1eddi quan t\u00e2m \u0111\u1ebfn vi\u1ec7c tr\u1ed3ng c\u00e2y trong m\u00f4i tr\u01b0\u1eddng v\u1edbi t\u00e0i nguy\u00ean gi\u1edbi h\u1ea1n ho\u1eb7c kh\u00f4ng c\u00f3 s\u1eb5n trong \u0111\u1ea5t.                            <\/div>\n                            \n                        <\/div>\n                  <\/div>\n              <\/div>\n            <\/a>\n            <\/div>\n          <\/div><\/div>\n\t\t<\/div>\n\t\t\t\t\t<\/div>\n\n\t\n<\/div>\n\t\t<\/div>\n\n\t\t\n<style>\n#section_1895749503 {\n  padding-top: 30px;\n  padding-bottom: 30px;\n}\n#section_1895749503 .ux-shape-divider--top svg {\n  height: 150px;\n  --divider-top-width: 100%;\n}\n#section_1895749503 .ux-shape-divider--bottom svg {\n  height: 150px;\n  --divider-width: 100%;\n}\n<\/style>\n\t<\/section>\n\t\n","protected":false},"excerpt":{"rendered":"","protected":false},"author":2,"featured_media":17372,"parent":0,"menu_order":0,"comment_status":"closed","ping_status":"closed","template":"page-blank.php","meta":{"footnotes":""},"yoast_head":"<!-- This site is optimized with the Yoast SEO plugin v22.6 - https:\/\/yoast.com\/wordpress\/plugins\/seo\/ -->\n<title>Kh\u00e1ch H\u00e0ng<\/title>\n<meta name=\"description\" content=\"Coco Coir Global ph\u1ee5c v\u1ee5 m\u1ed9t danh s\u00e1ch kh\u00e1ch h\u00e0ng \u0111a d\u1ea1ng v\u00e0 phong ph\u00fa, bao g\u1ed3m nh\u1eefng ng\u01b0\u1eddi tr\u1ed3ng t\u1ef1 do, c\u00e1c nh\u00e0 k\u00ednh th\u01b0\u01a1ng m\u1ea1i, \u0111\u1ed1i t\u00e1c ph\u00e2n ph\u1ed1i v\u00e0 c\u00e1c nh\u00e0 b\u00e1n l\u1ebb \u1edf nhi\u1ec1u qu\u1ed1c gia tr\u00ean th\u1ebf gi\u1edbi.\" \/>\n<meta name=\"robots\" content=\"index, follow, max-snippet:-1, max-image-preview:large, max-video-preview:-1\" \/>\n<link rel=\"canonical\" href=\"https:\/\/cococoirglobal.com\/vi\/page\/khach-hang\/\" \/>\n<meta property=\"og:locale\" content=\"vi_VN\" \/>\n<meta property=\"og:type\" content=\"article\" \/>\n<meta property=\"og:title\" content=\"Kh\u00e1ch H\u00e0ng\" \/>\n<meta property=\"og:description\" content=\"Coco Coir Global ph\u1ee5c v\u1ee5 m\u1ed9t danh s\u00e1ch kh\u00e1ch h\u00e0ng \u0111a d\u1ea1ng v\u00e0 phong ph\u00fa, bao g\u1ed3m nh\u1eefng ng\u01b0\u1eddi tr\u1ed3ng t\u1ef1 do, c\u00e1c nh\u00e0 k\u00ednh th\u01b0\u01a1ng m\u1ea1i, \u0111\u1ed1i t\u00e1c ph\u00e2n ph\u1ed1i v\u00e0 c\u00e1c nh\u00e0 b\u00e1n l\u1ebb \u1edf nhi\u1ec1u qu\u1ed1c gia tr\u00ean th\u1ebf gi\u1edbi.\" \/>\n<meta property=\"og:url\" content=\"https:\/\/cococoirglobal.com\/vi\/page\/khach-hang\/\" \/>\n<meta property=\"og:site_name\" content=\"Coco Coir Global Vietnam\" \/>\n<meta property=\"article:publisher\" content=\"https:\/\/www.facebook.com\/cococoirglobal\/\" \/>\n<meta property=\"article:modified_time\" content=\"2023-05-17T07:00:49+00:00\" \/>\n<meta property=\"og:image\" content=\"https:\/\/cococoirglobal.com\/wp-content\/uploads\/2023\/05\/khach-hang-cococoirglobal.jpg\" \/>\n\t<meta property=\"og:image:width\" content=\"1350\" \/>\n\t<meta property=\"og:image:height\" content=\"500\" \/>\n\t<meta property=\"og:image:type\" content=\"image\/jpeg\" \/>\n<meta name=\"twitter:card\" content=\"summary_large_image\" \/>\n<meta name=\"twitter:label1\" content=\"Est. reading time\" \/>\n\t<meta name=\"twitter:data1\" content=\"3 minutes\" \/>\n<script type=\"application\/ld+json\" class=\"yoast-schema-graph\">{\"@context\":\"https:\/\/schema.org\",\"@graph\":[{\"@type\":\"WebPage\",\"@id\":\"https:\/\/cococoirglobal.com\/vi\/page\/khach-hang\/\",\"url\":\"https:\/\/cococoirglobal.com\/vi\/page\/khach-hang\/\",\"name\":\"Kh\u00e1ch H\u00e0ng\",\"isPartOf\":{\"@id\":\"https:\/\/cococoirglobal.com\/vi\/#website\"},\"primaryImageOfPage\":{\"@id\":\"https:\/\/cococoirglobal.com\/vi\/page\/khach-hang\/#primaryimage\"},\"image\":{\"@id\":\"https:\/\/cococoirglobal.com\/vi\/page\/khach-hang\/#primaryimage\"},\"thumbnailUrl\":\"https:\/\/cococoirglobal.com\/wp-content\/uploads\/2023\/05\/khach-hang-cococoirglobal.jpg\",\"datePublished\":\"2023-05-17T06:59:12+00:00\",\"dateModified\":\"2023-05-17T07:00:49+00:00\",\"description\":\"Coco Coir Global ph\u1ee5c v\u1ee5 m\u1ed9t danh s\u00e1ch kh\u00e1ch h\u00e0ng \u0111a d\u1ea1ng v\u00e0 phong ph\u00fa, bao g\u1ed3m nh\u1eefng ng\u01b0\u1eddi tr\u1ed3ng t\u1ef1 do, c\u00e1c nh\u00e0 k\u00ednh th\u01b0\u01a1ng m\u1ea1i, \u0111\u1ed1i t\u00e1c ph\u00e2n ph\u1ed1i v\u00e0 c\u00e1c nh\u00e0 b\u00e1n l\u1ebb \u1edf nhi\u1ec1u qu\u1ed1c gia tr\u00ean th\u1ebf gi\u1edbi.\",\"breadcrumb\":{\"@id\":\"https:\/\/cococoirglobal.com\/vi\/page\/khach-hang\/#breadcrumb\"},\"inLanguage\":\"vi-VN\",\"potentialAction\":[{\"@type\":\"ReadAction\",\"target\":[\"https:\/\/cococoirglobal.com\/vi\/page\/khach-hang\/\"]}]},{\"@type\":\"ImageObject\",\"inLanguage\":\"vi-VN\",\"@id\":\"https:\/\/cococoirglobal.com\/vi\/page\/khach-hang\/#primaryimage\",\"url\":\"https:\/\/cococoirglobal.com\/wp-content\/uploads\/2023\/05\/khach-hang-cococoirglobal.jpg\",\"contentUrl\":\"https:\/\/cococoirglobal.com\/wp-content\/uploads\/2023\/05\/khach-hang-cococoirglobal.jpg\",\"width\":1350,\"height\":500,\"caption\":\"khach hang\"},{\"@type\":\"BreadcrumbList\",\"@id\":\"https:\/\/cococoirglobal.com\/vi\/page\/khach-hang\/#breadcrumb\",\"itemListElement\":[{\"@type\":\"ListItem\",\"position\":1,\"name\":\"Home\",\"item\":\"https:\/\/cococoirglobal.com\/vi\/\"},{\"@type\":\"ListItem\",\"position\":2,\"name\":\"Kh\u00e1ch H\u00e0ng\"}]},{\"@type\":\"WebSite\",\"@id\":\"https:\/\/cococoirglobal.com\/vi\/#website\",\"url\":\"https:\/\/cococoirglobal.com\/vi\/\",\"name\":\"Coco Coir Global\",\"description\":\"The leading manufacturer and supplier of Coco Coir Products!\",\"publisher\":{\"@id\":\"https:\/\/cococoirglobal.com\/vi\/#organization\"},\"potentialAction\":[{\"@type\":\"SearchAction\",\"target\":{\"@type\":\"EntryPoint\",\"urlTemplate\":\"https:\/\/cococoirglobal.com\/vi\/?s={search_term_string}\"},\"query-input\":\"required name=search_term_string\"}],\"inLanguage\":\"vi-VN\"},{\"@type\":\"Organization\",\"@id\":\"https:\/\/cococoirglobal.com\/vi\/#organization\",\"name\":\"COCO COIR GLOBAL COMPANY LIMITED\",\"url\":\"https:\/\/cococoirglobal.com\/vi\/\",\"logo\":{\"@type\":\"ImageObject\",\"inLanguage\":\"vi-VN\",\"@id\":\"https:\/\/cococoirglobal.com\/vi\/#\/schema\/logo\/image\/\",\"url\":\"https:\/\/cococoirglobal.com\/wp-content\/uploads\/2023\/05\/Logo-coco-coir.png\",\"contentUrl\":\"https:\/\/cococoirglobal.com\/wp-content\/uploads\/2023\/05\/Logo-coco-coir.png\",\"width\":512,\"height\":512,\"caption\":\"COCO COIR GLOBAL COMPANY LIMITED\"},\"image\":{\"@id\":\"https:\/\/cococoirglobal.com\/vi\/#\/schema\/logo\/image\/\"},\"sameAs\":[\"https:\/\/www.facebook.com\/cococoirglobal\/\",\"https:\/\/www.instagram.com\/cococoirglobal\/\",\"https:\/\/www.linkedin.com\/company\/coco-coir-global-company-limited\",\"https:\/\/www.youtube.com\/channel\/UC4Xk-Is93xHrllYZADkM7yQ\"]}]}<\/script>\n<!-- \/ Yoast SEO plugin. -->","yoast_head_json":{"title":"Kh\u00e1ch H\u00e0ng","description":"Coco Coir Global ph\u1ee5c v\u1ee5 m\u1ed9t danh s\u00e1ch kh\u00e1ch h\u00e0ng \u0111a d\u1ea1ng v\u00e0 phong ph\u00fa, bao g\u1ed3m nh\u1eefng ng\u01b0\u1eddi tr\u1ed3ng t\u1ef1 do, c\u00e1c nh\u00e0 k\u00ednh th\u01b0\u01a1ng m\u1ea1i, \u0111\u1ed1i t\u00e1c ph\u00e2n ph\u1ed1i v\u00e0 c\u00e1c nh\u00e0 b\u00e1n l\u1ebb \u1edf nhi\u1ec1u qu\u1ed1c gia tr\u00ean th\u1ebf gi\u1edbi.","robots":{"index":"index","follow":"follow","max-snippet":"max-snippet:-1","max-image-preview":"max-image-preview:large","max-video-preview":"max-video-preview:-1"},"canonical":"https:\/\/cococoirglobal.com\/vi\/page\/khach-hang\/","og_locale":"vi_VN","og_type":"article","og_title":"Kh\u00e1ch H\u00e0ng","og_description":"Coco Coir Global ph\u1ee5c v\u1ee5 m\u1ed9t danh s\u00e1ch kh\u00e1ch h\u00e0ng \u0111a d\u1ea1ng v\u00e0 phong ph\u00fa, bao g\u1ed3m nh\u1eefng ng\u01b0\u1eddi tr\u1ed3ng t\u1ef1 do, c\u00e1c nh\u00e0 k\u00ednh th\u01b0\u01a1ng m\u1ea1i, \u0111\u1ed1i t\u00e1c ph\u00e2n ph\u1ed1i v\u00e0 c\u00e1c nh\u00e0 b\u00e1n l\u1ebb \u1edf nhi\u1ec1u qu\u1ed1c gia tr\u00ean th\u1ebf gi\u1edbi.","og_url":"https:\/\/cococoirglobal.com\/vi\/page\/khach-hang\/","og_site_name":"Coco Coir Global Vietnam","article_publisher":"https:\/\/www.facebook.com\/cococoirglobal\/","article_modified_time":"2023-05-17T07:00:49+00:00","og_image":[{"width":1350,"height":500,"url":"https:\/\/cococoirglobal.com\/wp-content\/uploads\/2023\/05\/khach-hang-cococoirglobal.jpg","type":"image\/jpeg"}],"twitter_card":"summary_large_image","twitter_misc":{"Est. reading time":"3 minutes"},"schema":{"@context":"https:\/\/schema.org","@graph":[{"@type":"WebPage","@id":"https:\/\/cococoirglobal.com\/vi\/page\/khach-hang\/","url":"https:\/\/cococoirglobal.com\/vi\/page\/khach-hang\/","name":"Kh\u00e1ch H\u00e0ng","isPartOf":{"@id":"https:\/\/cococoirglobal.com\/vi\/#website"},"primaryImageOfPage":{"@id":"https:\/\/cococoirglobal.com\/vi\/page\/khach-hang\/#primaryimage"},"image":{"@id":"https:\/\/cococoirglobal.com\/vi\/page\/khach-hang\/#primaryimage"},"thumbnailUrl":"https:\/\/cococoirglobal.com\/wp-content\/uploads\/2023\/05\/khach-hang-cococoirglobal.jpg","datePublished":"2023-05-17T06:59:12+00:00","dateModified":"2023-05-17T07:00:49+00:00","description":"Coco Coir Global ph\u1ee5c v\u1ee5 m\u1ed9t danh s\u00e1ch kh\u00e1ch h\u00e0ng \u0111a d\u1ea1ng v\u00e0 phong ph\u00fa, bao g\u1ed3m nh\u1eefng ng\u01b0\u1eddi tr\u1ed3ng t\u1ef1 do, c\u00e1c nh\u00e0 k\u00ednh th\u01b0\u01a1ng m\u1ea1i, \u0111\u1ed1i t\u00e1c ph\u00e2n ph\u1ed1i v\u00e0 c\u00e1c nh\u00e0 b\u00e1n l\u1ebb \u1edf nhi\u1ec1u qu\u1ed1c gia tr\u00ean th\u1ebf gi\u1edbi.","breadcrumb":{"@id":"https:\/\/cococoirglobal.com\/vi\/page\/khach-hang\/#breadcrumb"},"inLanguage":"vi-VN","potentialAction":[{"@type":"ReadAction","target":["https:\/\/cococoirglobal.com\/vi\/page\/khach-hang\/"]}]},{"@type":"ImageObject","inLanguage":"vi-VN","@id":"https:\/\/cococoirglobal.com\/vi\/page\/khach-hang\/#primaryimage","url":"https:\/\/cococoirglobal.com\/wp-content\/uploads\/2023\/05\/khach-hang-cococoirglobal.jpg","contentUrl":"https:\/\/cococoirglobal.com\/wp-content\/uploads\/2023\/05\/khach-hang-cococoirglobal.jpg","width":1350,"height":500,"caption":"khach hang"},{"@type":"BreadcrumbList","@id":"https:\/\/cococoirglobal.com\/vi\/page\/khach-hang\/#breadcrumb","itemListElement":[{"@type":"ListItem","position":1,"name":"Home","item":"https:\/\/cococoirglobal.com\/vi\/"},{"@type":"ListItem","position":2,"name":"Kh\u00e1ch H\u00e0ng"}]},{"@type":"WebSite","@id":"https:\/\/cococoirglobal.com\/vi\/#website","url":"https:\/\/cococoirglobal.com\/vi\/","name":"Coco Coir Global","description":"The leading manufacturer and supplier of Coco Coir Products!","publisher":{"@id":"https:\/\/cococoirglobal.com\/vi\/#organization"},"potentialAction":[{"@type":"SearchAction","target":{"@type":"EntryPoint","urlTemplate":"https:\/\/cococoirglobal.com\/vi\/?s={search_term_string}"},"query-input":"required name=search_term_string"}],"inLanguage":"vi-VN"},{"@type":"Organization","@id":"https:\/\/cococoirglobal.com\/vi\/#organization","name":"COCO COIR GLOBAL COMPANY LIMITED","url":"https:\/\/cococoirglobal.com\/vi\/","logo":{"@type":"ImageObject","inLanguage":"vi-VN","@id":"https:\/\/cococoirglobal.com\/vi\/#\/schema\/logo\/image\/","url":"https:\/\/cococoirglobal.com\/wp-content\/uploads\/2023\/05\/Logo-coco-coir.png","contentUrl":"https:\/\/cococoirglobal.com\/wp-content\/uploads\/2023\/05\/Logo-coco-coir.png","width":512,"height":512,"caption":"COCO COIR GLOBAL COMPANY LIMITED"},"image":{"@id":"https:\/\/cococoirglobal.com\/vi\/#\/schema\/logo\/image\/"},"sameAs":["https:\/\/www.facebook.com\/cococoirglobal\/","https:\/\/www.instagram.com\/cococoirglobal\/","https:\/\/www.linkedin.com\/company\/coco-coir-global-company-limited","https:\/\/www.youtube.com\/channel\/UC4Xk-Is93xHrllYZADkM7yQ"]}]}},"_links":{"self":[{"href":"https:\/\/cococoirglobal.com\/vi\/wp-json\/wp\/v2\/pages\/17411"}],"collection":[{"href":"https:\/\/cococoirglobal.com\/vi\/wp-json\/wp\/v2\/pages"}],"about":[{"href":"https:\/\/cococoirglobal.com\/vi\/wp-json\/wp\/v2\/types\/page"}],"author":[{"embeddable":true,"href":"https:\/\/cococoirglobal.com\/vi\/wp-json\/wp\/v2\/users\/2"}],"replies":[{"embeddable":true,"href":"https:\/\/cococoirglobal.com\/vi\/wp-json\/wp\/v2\/comments?post=17411"}],"version-history":[{"count":0,"href":"https:\/\/cococoirglobal.com\/vi\/wp-json\/wp\/v2\/pages\/17411\/revisions"}],"wp:featuredmedia":[{"embeddable":true,"href":"https:\/\/cococoirglobal.com\/vi\/wp-json\/wp\/v2\/media\/17372"}],"wp:attachment":[{"href":"https:\/\/cococoirglobal.com\/vi\/wp-json\/wp\/v2\/media?parent=17411"}],"curies":[{"name":"wp","href":"https:\/\/api.w.org\/{rel}","templated":true}]}}