{"id":16955,"date":"2023-05-15T14:08:04","date_gmt":"2023-05-15T07:08:04","guid":{"rendered":"https:\/\/cococoirglobal.com\/?page_id=16955"},"modified":"2023-05-18T11:02:22","modified_gmt":"2023-05-18T04:02:22","slug":"chinh-sach-bao-mat-thong-tin","status":"publish","type":"page","link":"https:\/\/cococoirglobal.com\/vi\/chinh-sach-bao-mat-thong-tin\/","title":{"rendered":"CH\u00cdNH S\u00c1CH B\u1ea2O M\u1eacT TH\u00d4NG TIN"},"content":{"rendered":"\n<span><span><a href=\"https:\/\/cococoirglobal.com\/vi\/\">Home<\/a><\/span><\/span>\n\n\t<div id=\"text-1232016746\" class=\"text\">\n\t\t\n<h2>Ch\u00ednh S\u00e1ch B\u1ea3o M\u1eadt Th\u00f4ng Tin<\/h2>\n\t\t\n<style>\n#text-1232016746 {\n  text-align: center;\n}\n<\/style>\n\t<\/div>\n\t\n<p><span style=\"font-weight: 400;\"><strong>Coco Coir Global<\/strong> \u0111\u1eb7c bi\u1ec7t coi tr\u1ecdng v\u1ea5n \u0111\u1ec1 b\u1ea3o m\u1eadt danh t\u00ednh kh\u00e1ch h\u00e0ng<\/span><span style=\"font-weight: 400;\"> n\u1ebfu kh\u00e1ch h\u00e0ng y\u00eau c\u1ea7u<\/span><span style=\"font-weight: 400;\">. \u0110\u1ec3 b\u1ea3o v\u1ec7 quy\u1ec1n l\u1ee3i c\u1ee7a kh\u00e1ch h\u00e0ng c\u0169ng nh\u01b0 uy t\u00edn v\u00e0 danh ti\u1ebfng c\u1ee7a c\u00f4ng ty, ch\u00fang t\u00f4i cam k\u1ebft kh\u00f4ng ti\u1ebft l\u1ed9 b\u1ea5t k\u1ef3 th\u00f4ng tin g\u00ec n\u1ebfu kh\u00f4ng nh\u1eadn \u0111\u01b0\u1ee3c s\u1ef1 cho ph\u00e9p c\u1ee7a kh\u00e1ch h\u00e0ng. V\u00ec v\u1eady, ch\u00fang t\u00f4i lu\u00f4n h\u01b0\u1edbng t\u1edbi vi\u1ec7c t\u1ea1o ni\u1ec1m tin c\u0169ng nh\u01b0 s\u1ef1 an t\u00e2m cho kh\u00e1ch h\u00e0ng khi mua h\u00e0ng v\u00e0 l\u1ef1a ch\u1ecdn ch\u00fang t\u00f4i l\u00e0m nh\u00e0 cung c\u1ea5p uy t\u00edn. \u0110i\u1ec1u n\u00e0y v\u00f4 c\u00f9ng quan tr\u1ecdng \u0111\u1ed1i v\u1edbi ch\u00fang t\u00f4i trong vi\u1ec7c ph\u00e1t tri\u1ec3n th\u01b0\u01a1ng hi\u1ec7u ng\u00e0y m\u1ed9t l\u1edbn m\u1ea1nh v\u00e0 m\u1ed1i quan h\u1ec7 kh\u00e1ch h\u00e0ng ng\u00e0y c\u00e0ng b\u1ec1n v\u1eefng.<\/span><\/p>\n","protected":false},"excerpt":{"rendered":"<p>Coco Coir Global \u0111\u1eb7c bi\u1ec7t coi tr\u1ecdng v\u1ea5n \u0111\u1ec1 b\u1ea3o m\u1eadt danh t\u00ednh kh\u00e1ch h\u00e0ng n\u1ebfu kh\u00e1ch h\u00e0ng y\u00eau c\u1ea7u. \u0110\u1ec3 b\u1ea3o v\u1ec7 quy\u1ec1n l\u1ee3i c\u1ee7a kh\u00e1ch h\u00e0ng c\u0169ng nh\u01b0 uy t\u00edn v\u00e0 danh ti\u1ebfng c\u1ee7a c\u00f4ng ty, ch\u00fang t\u00f4i cam k\u1ebft kh\u00f4ng ti\u1ebft l\u1ed9 b\u1ea5t k\u1ef3 th\u00f4ng tin g\u00ec n\u1ebfu kh\u00f4ng nh\u1eadn \u0111\u01b0\u1ee3c s\u1ef1&#8230;<\/p>\n","protected":false},"author":2,"featured_media":29972,"parent":0,"menu_order":0,"comment_status":"closed","ping_status":"closed","template":"","meta":{"footnotes":""},"yoast_head":"<!-- This site is optimized with the Yoast SEO plugin v22.6 - https:\/\/yoast.com\/wordpress\/plugins\/seo\/ -->\n<title>Ch\u00ednh S\u00e1ch B\u1ea3o M\u1eadt Th\u00f4ng Tin<\/title>\n<meta name=\"description\" content=\"Coco Coir Global \u0111\u1eb7c bi\u1ec7t coi tr\u1ecdng v\u1ea5n \u0111\u1ec1 b\u1ea3o m\u1eadt danh t\u00ednh kh\u00e1ch h\u00e0ng n\u1ebfu kh\u00e1ch h\u00e0ng y\u00eau c\u1ea7u\" \/>\n<meta name=\"robots\" content=\"index, follow, max-snippet:-1, max-image-preview:large, max-video-preview:-1\" \/>\n<link rel=\"canonical\" href=\"https:\/\/cococoirglobal.com\/vi\/chinh-sach-bao-mat-thong-tin\/\" \/>\n<meta property=\"og:locale\" content=\"vi_VN\" \/>\n<meta property=\"og:type\" content=\"article\" \/>\n<meta property=\"og:title\" content=\"Ch\u00ednh S\u00e1ch B\u1ea3o M\u1eadt Th\u00f4ng Tin\" \/>\n<meta property=\"og:description\" content=\"Coco Coir Global \u0111\u1eb7c bi\u1ec7t coi tr\u1ecdng v\u1ea5n \u0111\u1ec1 b\u1ea3o m\u1eadt danh t\u00ednh kh\u00e1ch h\u00e0ng n\u1ebfu kh\u00e1ch h\u00e0ng y\u00eau c\u1ea7u\" \/>\n<meta property=\"og:url\" content=\"https:\/\/cococoirglobal.com\/vi\/chinh-sach-bao-mat-thong-tin\/\" \/>\n<meta property=\"og:site_name\" content=\"Coco Coir Global Vietnam\" \/>\n<meta property=\"article:publisher\" content=\"https:\/\/www.facebook.com\/cococoirglobal\/\" \/>\n<meta property=\"article:modified_time\" content=\"2023-05-18T04:02:22+00:00\" \/>\n<meta property=\"og:image\" content=\"https:\/\/cococoirglobal.com\/wp-content\/uploads\/2021\/08\/cropped-Logo-icon.png\" \/>\n\t<meta property=\"og:image:width\" content=\"512\" \/>\n\t<meta property=\"og:image:height\" content=\"512\" \/>\n\t<meta property=\"og:image:type\" content=\"image\/png\" \/>\n<meta name=\"twitter:card\" content=\"summary_large_image\" \/>\n<meta name=\"twitter:label1\" content=\"Est. reading time\" \/>\n\t<meta name=\"twitter:data1\" content=\"1 minute\" \/>\n<script type=\"application\/ld+json\" class=\"yoast-schema-graph\">{\"@context\":\"https:\/\/schema.org\",\"@graph\":[{\"@type\":\"WebPage\",\"@id\":\"https:\/\/cococoirglobal.com\/vi\/chinh-sach-bao-mat-thong-tin\/\",\"url\":\"https:\/\/cococoirglobal.com\/vi\/chinh-sach-bao-mat-thong-tin\/\",\"name\":\"Ch\u00ednh S\u00e1ch B\u1ea3o M\u1eadt Th\u00f4ng Tin\",\"isPartOf\":{\"@id\":\"https:\/\/cococoirglobal.com\/vi\/#website\"},\"primaryImageOfPage\":{\"@id\":\"https:\/\/cococoirglobal.com\/vi\/chinh-sach-bao-mat-thong-tin\/#primaryimage\"},\"image\":{\"@id\":\"https:\/\/cococoirglobal.com\/vi\/chinh-sach-bao-mat-thong-tin\/#primaryimage\"},\"thumbnailUrl\":\"https:\/\/cococoirglobal.com\/wp-content\/uploads\/2023\/09\/privacy-policy.png\",\"datePublished\":\"2023-05-15T07:08:04+00:00\",\"dateModified\":\"2023-05-18T04:02:22+00:00\",\"description\":\"Coco Coir Global \u0111\u1eb7c bi\u1ec7t coi tr\u1ecdng v\u1ea5n \u0111\u1ec1 b\u1ea3o m\u1eadt danh t\u00ednh kh\u00e1ch h\u00e0ng n\u1ebfu kh\u00e1ch h\u00e0ng y\u00eau c\u1ea7u\",\"breadcrumb\":{\"@id\":\"https:\/\/cococoirglobal.com\/vi\/chinh-sach-bao-mat-thong-tin\/#breadcrumb\"},\"inLanguage\":\"vi-VN\",\"potentialAction\":[{\"@type\":\"ReadAction\",\"target\":[\"https:\/\/cococoirglobal.com\/vi\/chinh-sach-bao-mat-thong-tin\/\"]}]},{\"@type\":\"ImageObject\",\"inLanguage\":\"vi-VN\",\"@id\":\"https:\/\/cococoirglobal.com\/vi\/chinh-sach-bao-mat-thong-tin\/#primaryimage\",\"url\":\"https:\/\/cococoirglobal.com\/wp-content\/uploads\/2023\/09\/privacy-policy.png\",\"contentUrl\":\"https:\/\/cococoirglobal.com\/wp-content\/uploads\/2023\/09\/privacy-policy.png\",\"width\":800,\"height\":593,\"caption\":\"PRIVACY POLICY\"},{\"@type\":\"BreadcrumbList\",\"@id\":\"https:\/\/cococoirglobal.com\/vi\/chinh-sach-bao-mat-thong-tin\/#breadcrumb\",\"itemListElement\":[{\"@type\":\"ListItem\",\"position\":1,\"name\":\"Home\",\"item\":\"https:\/\/cococoirglobal.com\/vi\/\"},{\"@type\":\"ListItem\",\"position\":2,\"name\":\"CH\u00cdNH S\u00c1CH B\u1ea2O M\u1eacT TH\u00d4NG TIN\"}]},{\"@type\":\"WebSite\",\"@id\":\"https:\/\/cococoirglobal.com\/vi\/#website\",\"url\":\"https:\/\/cococoirglobal.com\/vi\/\",\"name\":\"Coco Coir Global\",\"description\":\"The leading manufacturer and supplier of Coco Coir Products!\",\"publisher\":{\"@id\":\"https:\/\/cococoirglobal.com\/vi\/#organization\"},\"potentialAction\":[{\"@type\":\"SearchAction\",\"target\":{\"@type\":\"EntryPoint\",\"urlTemplate\":\"https:\/\/cococoirglobal.com\/vi\/?s={search_term_string}\"},\"query-input\":\"required name=search_term_string\"}],\"inLanguage\":\"vi-VN\"},{\"@type\":\"Organization\",\"@id\":\"https:\/\/cococoirglobal.com\/vi\/#organization\",\"name\":\"COCO COIR GLOBAL COMPANY LIMITED\",\"url\":\"https:\/\/cococoirglobal.com\/vi\/\",\"logo\":{\"@type\":\"ImageObject\",\"inLanguage\":\"vi-VN\",\"@id\":\"https:\/\/cococoirglobal.com\/vi\/#\/schema\/logo\/image\/\",\"url\":\"https:\/\/cococoirglobal.com\/wp-content\/uploads\/2023\/05\/Logo-coco-coir.png\",\"contentUrl\":\"https:\/\/cococoirglobal.com\/wp-content\/uploads\/2023\/05\/Logo-coco-coir.png\",\"width\":512,\"height\":512,\"caption\":\"COCO COIR GLOBAL COMPANY LIMITED\"},\"image\":{\"@id\":\"https:\/\/cococoirglobal.com\/vi\/#\/schema\/logo\/image\/\"},\"sameAs\":[\"https:\/\/www.facebook.com\/cococoirglobal\/\",\"https:\/\/www.instagram.com\/cococoirglobal\/\",\"https:\/\/www.linkedin.com\/company\/coco-coir-global-company-limited\",\"https:\/\/www.youtube.com\/channel\/UC4Xk-Is93xHrllYZADkM7yQ\"]}]}<\/script>\n<!-- \/ Yoast SEO plugin. -->","yoast_head_json":{"title":"Ch\u00ednh S\u00e1ch B\u1ea3o M\u1eadt Th\u00f4ng Tin","description":"Coco Coir Global \u0111\u1eb7c bi\u1ec7t coi tr\u1ecdng v\u1ea5n \u0111\u1ec1 b\u1ea3o m\u1eadt danh t\u00ednh kh\u00e1ch h\u00e0ng n\u1ebfu kh\u00e1ch h\u00e0ng y\u00eau c\u1ea7u","robots":{"index":"index","follow":"follow","max-snippet":"max-snippet:-1","max-image-preview":"max-image-preview:large","max-video-preview":"max-video-preview:-1"},"canonical":"https:\/\/cococoirglobal.com\/vi\/chinh-sach-bao-mat-thong-tin\/","og_locale":"vi_VN","og_type":"article","og_title":"Ch\u00ednh S\u00e1ch B\u1ea3o M\u1eadt Th\u00f4ng Tin","og_description":"Coco Coir Global \u0111\u1eb7c bi\u1ec7t coi tr\u1ecdng v\u1ea5n \u0111\u1ec1 b\u1ea3o m\u1eadt danh t\u00ednh kh\u00e1ch h\u00e0ng n\u1ebfu kh\u00e1ch h\u00e0ng y\u00eau c\u1ea7u","og_url":"https:\/\/cococoirglobal.com\/vi\/chinh-sach-bao-mat-thong-tin\/","og_site_name":"Coco Coir Global Vietnam","article_publisher":"https:\/\/www.facebook.com\/cococoirglobal\/","article_modified_time":"2023-05-18T04:02:22+00:00","og_image":[{"width":512,"height":512,"url":"https:\/\/cococoirglobal.com\/wp-content\/uploads\/2021\/08\/cropped-Logo-icon.png","type":"image\/png"}],"twitter_card":"summary_large_image","twitter_misc":{"Est. reading time":"1 minute"},"schema":{"@context":"https:\/\/schema.org","@graph":[{"@type":"WebPage","@id":"https:\/\/cococoirglobal.com\/vi\/chinh-sach-bao-mat-thong-tin\/","url":"https:\/\/cococoirglobal.com\/vi\/chinh-sach-bao-mat-thong-tin\/","name":"Ch\u00ednh S\u00e1ch B\u1ea3o M\u1eadt Th\u00f4ng Tin","isPartOf":{"@id":"https:\/\/cococoirglobal.com\/vi\/#website"},"primaryImageOfPage":{"@id":"https:\/\/cococoirglobal.com\/vi\/chinh-sach-bao-mat-thong-tin\/#primaryimage"},"image":{"@id":"https:\/\/cococoirglobal.com\/vi\/chinh-sach-bao-mat-thong-tin\/#primaryimage"},"thumbnailUrl":"https:\/\/cococoirglobal.com\/wp-content\/uploads\/2023\/09\/privacy-policy.png","datePublished":"2023-05-15T07:08:04+00:00","dateModified":"2023-05-18T04:02:22+00:00","description":"Coco Coir Global \u0111\u1eb7c bi\u1ec7t coi tr\u1ecdng v\u1ea5n \u0111\u1ec1 b\u1ea3o m\u1eadt danh t\u00ednh kh\u00e1ch h\u00e0ng n\u1ebfu kh\u00e1ch h\u00e0ng y\u00eau c\u1ea7u","breadcrumb":{"@id":"https:\/\/cococoirglobal.com\/vi\/chinh-sach-bao-mat-thong-tin\/#breadcrumb"},"inLanguage":"vi-VN","potentialAction":[{"@type":"ReadAction","target":["https:\/\/cococoirglobal.com\/vi\/chinh-sach-bao-mat-thong-tin\/"]}]},{"@type":"ImageObject","inLanguage":"vi-VN","@id":"https:\/\/cococoirglobal.com\/vi\/chinh-sach-bao-mat-thong-tin\/#primaryimage","url":"https:\/\/cococoirglobal.com\/wp-content\/uploads\/2023\/09\/privacy-policy.png","contentUrl":"https:\/\/cococoirglobal.com\/wp-content\/uploads\/2023\/09\/privacy-policy.png","width":800,"height":593,"caption":"PRIVACY POLICY"},{"@type":"BreadcrumbList","@id":"https:\/\/cococoirglobal.com\/vi\/chinh-sach-bao-mat-thong-tin\/#breadcrumb","itemListElement":[{"@type":"ListItem","position":1,"name":"Home","item":"https:\/\/cococoirglobal.com\/vi\/"},{"@type":"ListItem","position":2,"name":"CH\u00cdNH S\u00c1CH B\u1ea2O M\u1eacT TH\u00d4NG TIN"}]},{"@type":"WebSite","@id":"https:\/\/cococoirglobal.com\/vi\/#website","url":"https:\/\/cococoirglobal.com\/vi\/","name":"Coco Coir Global","description":"The leading manufacturer and supplier of Coco Coir Products!","publisher":{"@id":"https:\/\/cococoirglobal.com\/vi\/#organization"},"potentialAction":[{"@type":"SearchAction","target":{"@type":"EntryPoint","urlTemplate":"https:\/\/cococoirglobal.com\/vi\/?s={search_term_string}"},"query-input":"required name=search_term_string"}],"inLanguage":"vi-VN"},{"@type":"Organization","@id":"https:\/\/cococoirglobal.com\/vi\/#organization","name":"COCO COIR GLOBAL COMPANY LIMITED","url":"https:\/\/cococoirglobal.com\/vi\/","logo":{"@type":"ImageObject","inLanguage":"vi-VN","@id":"https:\/\/cococoirglobal.com\/vi\/#\/schema\/logo\/image\/","url":"https:\/\/cococoirglobal.com\/wp-content\/uploads\/2023\/05\/Logo-coco-coir.png","contentUrl":"https:\/\/cococoirglobal.com\/wp-content\/uploads\/2023\/05\/Logo-coco-coir.png","width":512,"height":512,"caption":"COCO COIR GLOBAL COMPANY LIMITED"},"image":{"@id":"https:\/\/cococoirglobal.com\/vi\/#\/schema\/logo\/image\/"},"sameAs":["https:\/\/www.facebook.com\/cococoirglobal\/","https:\/\/www.instagram.com\/cococoirglobal\/","https:\/\/www.linkedin.com\/company\/coco-coir-global-company-limited","https:\/\/www.youtube.com\/channel\/UC4Xk-Is93xHrllYZADkM7yQ"]}]}},"_links":{"self":[{"href":"https:\/\/cococoirglobal.com\/vi\/wp-json\/wp\/v2\/pages\/16955"}],"collection":[{"href":"https:\/\/cococoirglobal.com\/vi\/wp-json\/wp\/v2\/pages"}],"about":[{"href":"https:\/\/cococoirglobal.com\/vi\/wp-json\/wp\/v2\/types\/page"}],"author":[{"embeddable":true,"href":"https:\/\/cococoirglobal.com\/vi\/wp-json\/wp\/v2\/users\/2"}],"replies":[{"embeddable":true,"href":"https:\/\/cococoirglobal.com\/vi\/wp-json\/wp\/v2\/comments?post=16955"}],"version-history":[{"count":0,"href":"https:\/\/cococoirglobal.com\/vi\/wp-json\/wp\/v2\/pages\/16955\/revisions"}],"wp:featuredmedia":[{"embeddable":true,"href":"https:\/\/cococoirglobal.com\/vi\/wp-json\/wp\/v2\/media\/29972"}],"wp:attachment":[{"href":"https:\/\/cococoirglobal.com\/vi\/wp-json\/wp\/v2\/media?parent=16955"}],"curies":[{"name":"wp","href":"https:\/\/api.w.org\/{rel}","templated":true}]}}