{"id":16949,"date":"2023-05-15T14:03:08","date_gmt":"2023-05-15T07:03:08","guid":{"rendered":"https:\/\/cococoirglobal.com\/?page_id=16949"},"modified":"2023-09-15T10:16:41","modified_gmt":"2023-09-15T03:16:41","slug":"chinh-sach-thanh-toan","status":"publish","type":"page","link":"https:\/\/cococoirglobal.com\/vi\/chinh-sach-thanh-toan\/","title":{"rendered":"CH\u00cdNH S\u00c1CH THANH TO\u00c1N"},"content":{"rendered":"\n<span><span><a href=\"https:\/\/cococoirglobal.com\/vi\/\">Home<\/a><\/span><\/span>\n\n\t<div id=\"text-3276959006\" class=\"text\">\n\t\t\n<h1>CH\u00cdNH S\u00c1CH THANH TO\u00c1N<\/h1>\n\t\t\n<style>\n#text-3276959006 {\n  text-align: center;\n}\n<\/style>\n\t<\/div>\n\t\n<span style=\"font-weight: 400;\"><strong>Coco Coir Global<\/strong> c\u0169ng \u0111a d\u1ea1ng ho\u00e1 ch\u00ednh s\u00e1ch thanh to\u00e1n, \u0111\u1eb7c bi\u1ec7t <\/span><span style=\"font-weight: 400;\">\u00e1p d\u1ee5ng<\/span><span style=\"font-weight: 400;\"> c\u00e1c ph\u01b0\u01a1ng th\u1ee9c thanh to\u00e1n qu\u1ed1c t\u1ebf gi\u00fap kh\u00e1ch h\u00e0ng c\u00f3 th\u1ec3 an t\u00e2m h\u01a1n khi mua h\u00e0ng s\u1ed1 l\u01b0\u1ee3ng l\u1edbn. <\/span><span style=\"font-weight: 400;\">T\u00f9y thu\u1ed9c v\u00e0o m\u1ed7i \u0111i\u1ec7n ki\u1ec7n mua b\u00e1n h\u00e0ng h\u00f3a, <\/span><span style=\"font-weight: 400;\">ch\u00fang t\u00f4i linh ho\u1ea1t <\/span><span style=\"font-weight: 400;\">\u0111\u01b0a ra ph\u01b0\u01a1ng th\u1ee9c thanh to\u00e1n kh\u00e1c nhau<\/span><span style=\"font-weight: 400;\"> \u0111\u1ec3 ph\u00f9 h\u1ee3p h\u01a1n v\u1edbi kh\u00e1ch h\u00e0ng v\u00e0 \u0111\u00f4i b\u00ean c\u00f9ng c\u00f3 l\u1ee3i.<\/span><\/p>\n","protected":false},"excerpt":{"rendered":"<p>Coco Coir Global c\u0169ng \u0111a d\u1ea1ng ho\u00e1 ch\u00ednh s\u00e1ch thanh to\u00e1n, \u0111\u1eb7c bi\u1ec7t \u00e1p d\u1ee5ng c\u00e1c ph\u01b0\u01a1ng th\u1ee9c thanh to\u00e1n qu\u1ed1c t\u1ebf gi\u00fap kh\u00e1ch h\u00e0ng c\u00f3 th\u1ec3 an t\u00e2m h\u01a1n khi mua h\u00e0ng s\u1ed1 l\u01b0\u1ee3ng l\u1edbn. T\u00f9y thu\u1ed9c v\u00e0o m\u1ed7i \u0111i\u1ec7n ki\u1ec7n mua b\u00e1n h\u00e0ng h\u00f3a, ch\u00fang t\u00f4i linh ho\u1ea1t \u0111\u01b0a ra ph\u01b0\u01a1ng th\u1ee9c thanh&#8230;<\/p>\n","protected":false},"author":2,"featured_media":0,"parent":0,"menu_order":0,"comment_status":"closed","ping_status":"closed","template":"","meta":{"footnotes":""},"yoast_head":"<!-- This site is optimized with the Yoast SEO plugin v22.6 - https:\/\/yoast.com\/wordpress\/plugins\/seo\/ -->\n<title>Ch\u00ednh S\u00e1ch Thanh To\u00e1n<\/title>\n<meta name=\"description\" content=\"Coco Coir Global c\u0169ng \u0111a d\u1ea1ng ho\u00e1 ch\u00ednh s\u00e1ch thanh to\u00e1n, \u0111\u1eb7c bi\u1ec7t \u00e1p d\u1ee5ng c\u00e1c ph\u01b0\u01a1ng th\u1ee9c thanh to\u00e1n qu\u1ed1c t\u1ebf gi\u00fap kh\u00e1ch h\u00e0ng c\u00f3 th\u1ec3 an t\u00e2m h\u01a1n khi mua h\u00e0ng s\u1ed1 l\u01b0\u1ee3ng l\u1edbn. T\u00f9y thu\u1ed9c v\u00e0o m\u1ed7i \u0111i\u1ec7n ki\u1ec7n mua b\u00e1n h\u00e0ng h\u00f3a, ch\u00fang t\u00f4i linh ho\u1ea1t \u0111\u01b0a ra ph\u01b0\u01a1ng th\u1ee9c thanh to\u00e1n kh\u00e1c nhau \u0111\u1ec3 ph\u00f9 h\u1ee3p h\u01a1n v\u1edbi kh\u00e1ch h\u00e0ng v\u00e0 \u0111\u00f4i b\u00ean c\u00f9ng c\u00f3 l\u1ee3i.\" \/>\n<meta name=\"robots\" content=\"index, follow, max-snippet:-1, max-image-preview:large, max-video-preview:-1\" \/>\n<link rel=\"canonical\" href=\"https:\/\/cococoirglobal.com\/vi\/chinh-sach-thanh-toan\/\" \/>\n<meta property=\"og:locale\" content=\"vi_VN\" \/>\n<meta property=\"og:type\" content=\"article\" \/>\n<meta property=\"og:title\" content=\"Ch\u00ednh S\u00e1ch Thanh To\u00e1n\" \/>\n<meta property=\"og:description\" content=\"Coco Coir Global c\u0169ng \u0111a d\u1ea1ng ho\u00e1 ch\u00ednh s\u00e1ch thanh to\u00e1n, \u0111\u1eb7c bi\u1ec7t \u00e1p d\u1ee5ng c\u00e1c ph\u01b0\u01a1ng th\u1ee9c thanh to\u00e1n qu\u1ed1c t\u1ebf gi\u00fap kh\u00e1ch h\u00e0ng c\u00f3 th\u1ec3 an t\u00e2m h\u01a1n khi mua h\u00e0ng s\u1ed1 l\u01b0\u1ee3ng l\u1edbn. T\u00f9y thu\u1ed9c v\u00e0o m\u1ed7i \u0111i\u1ec7n ki\u1ec7n mua b\u00e1n h\u00e0ng h\u00f3a, ch\u00fang t\u00f4i linh ho\u1ea1t \u0111\u01b0a ra ph\u01b0\u01a1ng th\u1ee9c thanh to\u00e1n kh\u00e1c nhau \u0111\u1ec3 ph\u00f9 h\u1ee3p h\u01a1n v\u1edbi kh\u00e1ch h\u00e0ng v\u00e0 \u0111\u00f4i b\u00ean c\u00f9ng c\u00f3 l\u1ee3i.\" \/>\n<meta property=\"og:url\" content=\"https:\/\/cococoirglobal.com\/vi\/chinh-sach-thanh-toan\/\" \/>\n<meta property=\"og:site_name\" content=\"Coco Coir Global Vietnam\" \/>\n<meta property=\"article:publisher\" content=\"https:\/\/www.facebook.com\/cococoirglobal\/\" \/>\n<meta property=\"article:modified_time\" content=\"2023-09-15T03:16:41+00:00\" \/>\n<meta property=\"og:image\" content=\"https:\/\/cococoirglobal.com\/wp-content\/uploads\/2021\/08\/cropped-Logo-icon.png\" \/>\n\t<meta property=\"og:image:width\" content=\"512\" \/>\n\t<meta property=\"og:image:height\" content=\"512\" \/>\n\t<meta property=\"og:image:type\" content=\"image\/png\" \/>\n<meta name=\"twitter:card\" content=\"summary_large_image\" \/>\n<meta name=\"twitter:label1\" content=\"Est. reading time\" \/>\n\t<meta name=\"twitter:data1\" content=\"1 minute\" \/>\n<script type=\"application\/ld+json\" class=\"yoast-schema-graph\">{\"@context\":\"https:\/\/schema.org\",\"@graph\":[{\"@type\":\"WebPage\",\"@id\":\"https:\/\/cococoirglobal.com\/vi\/chinh-sach-thanh-toan\/\",\"url\":\"https:\/\/cococoirglobal.com\/vi\/chinh-sach-thanh-toan\/\",\"name\":\"Ch\u00ednh S\u00e1ch Thanh To\u00e1n\",\"isPartOf\":{\"@id\":\"https:\/\/cococoirglobal.com\/vi\/#website\"},\"datePublished\":\"2023-05-15T07:03:08+00:00\",\"dateModified\":\"2023-09-15T03:16:41+00:00\",\"description\":\"Coco Coir Global c\u0169ng \u0111a d\u1ea1ng ho\u00e1 ch\u00ednh s\u00e1ch thanh to\u00e1n, \u0111\u1eb7c bi\u1ec7t \u00e1p d\u1ee5ng c\u00e1c ph\u01b0\u01a1ng th\u1ee9c thanh to\u00e1n qu\u1ed1c t\u1ebf gi\u00fap kh\u00e1ch h\u00e0ng c\u00f3 th\u1ec3 an t\u00e2m h\u01a1n khi mua h\u00e0ng s\u1ed1 l\u01b0\u1ee3ng l\u1edbn. T\u00f9y thu\u1ed9c v\u00e0o m\u1ed7i \u0111i\u1ec7n ki\u1ec7n mua b\u00e1n h\u00e0ng h\u00f3a, ch\u00fang t\u00f4i linh ho\u1ea1t \u0111\u01b0a ra ph\u01b0\u01a1ng th\u1ee9c thanh to\u00e1n kh\u00e1c nhau \u0111\u1ec3 ph\u00f9 h\u1ee3p h\u01a1n v\u1edbi kh\u00e1ch h\u00e0ng v\u00e0 \u0111\u00f4i b\u00ean c\u00f9ng c\u00f3 l\u1ee3i.\",\"breadcrumb\":{\"@id\":\"https:\/\/cococoirglobal.com\/vi\/chinh-sach-thanh-toan\/#breadcrumb\"},\"inLanguage\":\"vi-VN\",\"potentialAction\":[{\"@type\":\"ReadAction\",\"target\":[\"https:\/\/cococoirglobal.com\/vi\/chinh-sach-thanh-toan\/\"]}]},{\"@type\":\"BreadcrumbList\",\"@id\":\"https:\/\/cococoirglobal.com\/vi\/chinh-sach-thanh-toan\/#breadcrumb\",\"itemListElement\":[{\"@type\":\"ListItem\",\"position\":1,\"name\":\"Home\",\"item\":\"https:\/\/cococoirglobal.com\/vi\/\"},{\"@type\":\"ListItem\",\"position\":2,\"name\":\"CH\u00cdNH S\u00c1CH THANH TO\u00c1N\"}]},{\"@type\":\"WebSite\",\"@id\":\"https:\/\/cococoirglobal.com\/vi\/#website\",\"url\":\"https:\/\/cococoirglobal.com\/vi\/\",\"name\":\"Coco Coir Global\",\"description\":\"The leading manufacturer and supplier of Coco Coir Products!\",\"publisher\":{\"@id\":\"https:\/\/cococoirglobal.com\/vi\/#organization\"},\"potentialAction\":[{\"@type\":\"SearchAction\",\"target\":{\"@type\":\"EntryPoint\",\"urlTemplate\":\"https:\/\/cococoirglobal.com\/vi\/?s={search_term_string}\"},\"query-input\":\"required name=search_term_string\"}],\"inLanguage\":\"vi-VN\"},{\"@type\":\"Organization\",\"@id\":\"https:\/\/cococoirglobal.com\/vi\/#organization\",\"name\":\"COCO COIR GLOBAL COMPANY LIMITED\",\"url\":\"https:\/\/cococoirglobal.com\/vi\/\",\"logo\":{\"@type\":\"ImageObject\",\"inLanguage\":\"vi-VN\",\"@id\":\"https:\/\/cococoirglobal.com\/vi\/#\/schema\/logo\/image\/\",\"url\":\"https:\/\/cococoirglobal.com\/wp-content\/uploads\/2023\/05\/Logo-coco-coir.png\",\"contentUrl\":\"https:\/\/cococoirglobal.com\/wp-content\/uploads\/2023\/05\/Logo-coco-coir.png\",\"width\":512,\"height\":512,\"caption\":\"COCO COIR GLOBAL COMPANY LIMITED\"},\"image\":{\"@id\":\"https:\/\/cococoirglobal.com\/vi\/#\/schema\/logo\/image\/\"},\"sameAs\":[\"https:\/\/www.facebook.com\/cococoirglobal\/\",\"https:\/\/www.instagram.com\/cococoirglobal\/\",\"https:\/\/www.linkedin.com\/company\/coco-coir-global-company-limited\",\"https:\/\/www.youtube.com\/channel\/UC4Xk-Is93xHrllYZADkM7yQ\"]}]}<\/script>\n<!-- \/ Yoast SEO plugin. -->","yoast_head_json":{"title":"Ch\u00ednh S\u00e1ch Thanh To\u00e1n","description":"Coco Coir Global c\u0169ng \u0111a d\u1ea1ng ho\u00e1 ch\u00ednh s\u00e1ch thanh to\u00e1n, \u0111\u1eb7c bi\u1ec7t \u00e1p d\u1ee5ng c\u00e1c ph\u01b0\u01a1ng th\u1ee9c thanh to\u00e1n qu\u1ed1c t\u1ebf gi\u00fap kh\u00e1ch h\u00e0ng c\u00f3 th\u1ec3 an t\u00e2m h\u01a1n khi mua h\u00e0ng s\u1ed1 l\u01b0\u1ee3ng l\u1edbn. T\u00f9y thu\u1ed9c v\u00e0o m\u1ed7i \u0111i\u1ec7n ki\u1ec7n mua b\u00e1n h\u00e0ng h\u00f3a, ch\u00fang t\u00f4i linh ho\u1ea1t \u0111\u01b0a ra ph\u01b0\u01a1ng th\u1ee9c thanh to\u00e1n kh\u00e1c nhau \u0111\u1ec3 ph\u00f9 h\u1ee3p h\u01a1n v\u1edbi kh\u00e1ch h\u00e0ng v\u00e0 \u0111\u00f4i b\u00ean c\u00f9ng c\u00f3 l\u1ee3i.","robots":{"index":"index","follow":"follow","max-snippet":"max-snippet:-1","max-image-preview":"max-image-preview:large","max-video-preview":"max-video-preview:-1"},"canonical":"https:\/\/cococoirglobal.com\/vi\/chinh-sach-thanh-toan\/","og_locale":"vi_VN","og_type":"article","og_title":"Ch\u00ednh S\u00e1ch Thanh To\u00e1n","og_description":"Coco Coir Global c\u0169ng \u0111a d\u1ea1ng ho\u00e1 ch\u00ednh s\u00e1ch thanh to\u00e1n, \u0111\u1eb7c bi\u1ec7t \u00e1p d\u1ee5ng c\u00e1c ph\u01b0\u01a1ng th\u1ee9c thanh to\u00e1n qu\u1ed1c t\u1ebf gi\u00fap kh\u00e1ch h\u00e0ng c\u00f3 th\u1ec3 an t\u00e2m h\u01a1n khi mua h\u00e0ng s\u1ed1 l\u01b0\u1ee3ng l\u1edbn. T\u00f9y thu\u1ed9c v\u00e0o m\u1ed7i \u0111i\u1ec7n ki\u1ec7n mua b\u00e1n h\u00e0ng h\u00f3a, ch\u00fang t\u00f4i linh ho\u1ea1t \u0111\u01b0a ra ph\u01b0\u01a1ng th\u1ee9c thanh to\u00e1n kh\u00e1c nhau \u0111\u1ec3 ph\u00f9 h\u1ee3p h\u01a1n v\u1edbi kh\u00e1ch h\u00e0ng v\u00e0 \u0111\u00f4i b\u00ean c\u00f9ng c\u00f3 l\u1ee3i.","og_url":"https:\/\/cococoirglobal.com\/vi\/chinh-sach-thanh-toan\/","og_site_name":"Coco Coir Global Vietnam","article_publisher":"https:\/\/www.facebook.com\/cococoirglobal\/","article_modified_time":"2023-09-15T03:16:41+00:00","og_image":[{"width":512,"height":512,"url":"https:\/\/cococoirglobal.com\/wp-content\/uploads\/2021\/08\/cropped-Logo-icon.png","type":"image\/png"}],"twitter_card":"summary_large_image","twitter_misc":{"Est. reading time":"1 minute"},"schema":{"@context":"https:\/\/schema.org","@graph":[{"@type":"WebPage","@id":"https:\/\/cococoirglobal.com\/vi\/chinh-sach-thanh-toan\/","url":"https:\/\/cococoirglobal.com\/vi\/chinh-sach-thanh-toan\/","name":"Ch\u00ednh S\u00e1ch Thanh To\u00e1n","isPartOf":{"@id":"https:\/\/cococoirglobal.com\/vi\/#website"},"datePublished":"2023-05-15T07:03:08+00:00","dateModified":"2023-09-15T03:16:41+00:00","description":"Coco Coir Global c\u0169ng \u0111a d\u1ea1ng ho\u00e1 ch\u00ednh s\u00e1ch thanh to\u00e1n, \u0111\u1eb7c bi\u1ec7t \u00e1p d\u1ee5ng c\u00e1c ph\u01b0\u01a1ng th\u1ee9c thanh to\u00e1n qu\u1ed1c t\u1ebf gi\u00fap kh\u00e1ch h\u00e0ng c\u00f3 th\u1ec3 an t\u00e2m h\u01a1n khi mua h\u00e0ng s\u1ed1 l\u01b0\u1ee3ng l\u1edbn. T\u00f9y thu\u1ed9c v\u00e0o m\u1ed7i \u0111i\u1ec7n ki\u1ec7n mua b\u00e1n h\u00e0ng h\u00f3a, ch\u00fang t\u00f4i linh ho\u1ea1t \u0111\u01b0a ra ph\u01b0\u01a1ng th\u1ee9c thanh to\u00e1n kh\u00e1c nhau \u0111\u1ec3 ph\u00f9 h\u1ee3p h\u01a1n v\u1edbi kh\u00e1ch h\u00e0ng v\u00e0 \u0111\u00f4i b\u00ean c\u00f9ng c\u00f3 l\u1ee3i.","breadcrumb":{"@id":"https:\/\/cococoirglobal.com\/vi\/chinh-sach-thanh-toan\/#breadcrumb"},"inLanguage":"vi-VN","potentialAction":[{"@type":"ReadAction","target":["https:\/\/cococoirglobal.com\/vi\/chinh-sach-thanh-toan\/"]}]},{"@type":"BreadcrumbList","@id":"https:\/\/cococoirglobal.com\/vi\/chinh-sach-thanh-toan\/#breadcrumb","itemListElement":[{"@type":"ListItem","position":1,"name":"Home","item":"https:\/\/cococoirglobal.com\/vi\/"},{"@type":"ListItem","position":2,"name":"CH\u00cdNH S\u00c1CH THANH TO\u00c1N"}]},{"@type":"WebSite","@id":"https:\/\/cococoirglobal.com\/vi\/#website","url":"https:\/\/cococoirglobal.com\/vi\/","name":"Coco Coir Global","description":"The leading manufacturer and supplier of Coco Coir Products!","publisher":{"@id":"https:\/\/cococoirglobal.com\/vi\/#organization"},"potentialAction":[{"@type":"SearchAction","target":{"@type":"EntryPoint","urlTemplate":"https:\/\/cococoirglobal.com\/vi\/?s={search_term_string}"},"query-input":"required name=search_term_string"}],"inLanguage":"vi-VN"},{"@type":"Organization","@id":"https:\/\/cococoirglobal.com\/vi\/#organization","name":"COCO COIR GLOBAL COMPANY LIMITED","url":"https:\/\/cococoirglobal.com\/vi\/","logo":{"@type":"ImageObject","inLanguage":"vi-VN","@id":"https:\/\/cococoirglobal.com\/vi\/#\/schema\/logo\/image\/","url":"https:\/\/cococoirglobal.com\/wp-content\/uploads\/2023\/05\/Logo-coco-coir.png","contentUrl":"https:\/\/cococoirglobal.com\/wp-content\/uploads\/2023\/05\/Logo-coco-coir.png","width":512,"height":512,"caption":"COCO COIR GLOBAL COMPANY LIMITED"},"image":{"@id":"https:\/\/cococoirglobal.com\/vi\/#\/schema\/logo\/image\/"},"sameAs":["https:\/\/www.facebook.com\/cococoirglobal\/","https:\/\/www.instagram.com\/cococoirglobal\/","https:\/\/www.linkedin.com\/company\/coco-coir-global-company-limited","https:\/\/www.youtube.com\/channel\/UC4Xk-Is93xHrllYZADkM7yQ"]}]}},"_links":{"self":[{"href":"https:\/\/cococoirglobal.com\/vi\/wp-json\/wp\/v2\/pages\/16949"}],"collection":[{"href":"https:\/\/cococoirglobal.com\/vi\/wp-json\/wp\/v2\/pages"}],"about":[{"href":"https:\/\/cococoirglobal.com\/vi\/wp-json\/wp\/v2\/types\/page"}],"author":[{"embeddable":true,"href":"https:\/\/cococoirglobal.com\/vi\/wp-json\/wp\/v2\/users\/2"}],"replies":[{"embeddable":true,"href":"https:\/\/cococoirglobal.com\/vi\/wp-json\/wp\/v2\/comments?post=16949"}],"version-history":[{"count":0,"href":"https:\/\/cococoirglobal.com\/vi\/wp-json\/wp\/v2\/pages\/16949\/revisions"}],"wp:attachment":[{"href":"https:\/\/cococoirglobal.com\/vi\/wp-json\/wp\/v2\/media?parent=16949"}],"curies":[{"name":"wp","href":"https:\/\/api.w.org\/{rel}","templated":true}]}}