{"id":16946,"date":"2023-05-15T13:58:03","date_gmt":"2023-05-15T06:58:03","guid":{"rendered":"https:\/\/cococoirglobal.com\/?page_id=16946"},"modified":"2023-05-15T13:58:03","modified_gmt":"2023-05-15T06:58:03","slug":"chinh-sach-van-chuyen","status":"publish","type":"page","link":"https:\/\/cococoirglobal.com\/vi\/chinh-sach-van-chuyen\/","title":{"rendered":"CH\u00cdNH S\u00c1CH V\u1eacN CHUY\u1ec2N"},"content":{"rendered":"<p>V\u1edbi ki\u1ebfn th\u1ee9c c\u0169ng nh\u01b0 kinh nghi\u1ec7m trong v\u1ea5n \u0111\u1ec1 v\u1eadn chuy\u1ec3n h\u00e0ng ho\u00e1 kh\u00f4ng ch\u1ec9 \u1edf trong n\u01b0\u1edbc m\u00e0 c\u00f2n t\u1edbi nhi\u1ec1u qu\u1ed1c gia kh\u00e1c nhau, <strong>Coco Coir Global<\/strong> t\u1ef1 tin v\u00e0 s\u1eb5n s\u00e0ng v\u1eadn chuy\u1ec3n h\u00e0ng h\u00f3a t\u1edbi b\u1ea5t k\u1ef3 \u0111\u1ecba \u0111i\u1ec3m m\u00e0 kh\u00e1ch h\u00e0ng y\u00eau c\u1ea7u.<\/p>\n<p>Ch\u00fang t\u00f4i c\u0169ng c\u00f3 th\u1ec3 linh ho\u1ea1t l\u00e0m vi\u1ec7c v\u1edbi nhi\u1ec1u \u0111i\u1ec1u kho\u1ea3n giao nh\u1eadn kh\u00e1c nhau k\u1ec3 c\u1ea3 door-to door v\u00e0 cam k\u1ebft th\u1ef1c hi\u1ec7n \u0111\u00fang c\u00e1c quy \u0111\u1ecbnh v\u00e0 y\u00eau c\u1ea7u \u0111\u1ed1i v\u1edbi t\u1eebng \u0111i\u1ec1u kho\u1ea3n. Ngo\u00e0i ra, ch\u00fang t\u00f4i c\u0169ng h\u1ee3p t\u00e1c v\u00e0 l\u00e0m vi\u1ec7c v\u1edbi \u0111\u01a1n v\u1ecb v\u1eadn chuy\u1ec3n chuy\u00ean nghi\u1ec7p v\u00e0 uy t\u00edn, x\u1eed l\u00fd c\u00e1c v\u1ea5n \u0111\u1ec1 v\u1ec1 giao nh\u1eadn nhanh ch\u00f3ng v\u00e0 h\u1ea1n ch\u1ebf \u0111\u01b0\u1ee3c r\u1ee7i ro cho kh\u00e1ch h\u00e0ng. V\u1edbi kinh nghi\u1ec7m xu\u1ea5t kh\u1ea9u sang nhi\u1ec1u th\u1ecb tr\u01b0\u1eddng, ch\u00fang t\u00f4i t\u1ef1 tin m\u00ecnh c\u00f3 th\u1ec3 cung c\u1ea5p t\u1ea5t c\u1ea3 ch\u1ee9ng t\u1eeb y\u00eau c\u1ea7u c\u0169ng nh\u01b0 h\u1ed7 tr\u1ee3 th\u1ee7 t\u1ee5c nh\u1eadp kh\u1ea9u cho kh\u00e1ch h\u00e0ng.<\/p>\n","protected":false},"excerpt":{"rendered":"<p>V\u1edbi ki\u1ebfn th\u1ee9c c\u0169ng nh\u01b0 kinh nghi\u1ec7m trong v\u1ea5n \u0111\u1ec1 v\u1eadn chuy\u1ec3n h\u00e0ng ho\u00e1 kh\u00f4ng ch\u1ec9 \u1edf trong n\u01b0\u1edbc m\u00e0 c\u00f2n t\u1edbi nhi\u1ec1u qu\u1ed1c gia kh\u00e1c nhau, Coco Coir Global t\u1ef1 tin v\u00e0 s\u1eb5n s\u00e0ng v\u1eadn chuy\u1ec3n h\u00e0ng h\u00f3a t\u1edbi b\u1ea5t k\u1ef3 \u0111\u1ecba \u0111i\u1ec3m m\u00e0 kh\u00e1ch h\u00e0ng y\u00eau c\u1ea7u. Ch\u00fang t\u00f4i c\u0169ng c\u00f3 th\u1ec3 linh&#8230;<\/p>\n","protected":false},"author":2,"featured_media":29962,"parent":0,"menu_order":0,"comment_status":"closed","ping_status":"closed","template":"","meta":{"footnotes":""},"yoast_head":"<!-- This site is optimized with the Yoast SEO plugin v22.6 - https:\/\/yoast.com\/wordpress\/plugins\/seo\/ -->\n<title>Ch\u00ednh S\u00e1ch V\u1eadn Chuy\u1ec3n<\/title>\n<meta name=\"description\" content=\"V\u1edbi ki\u1ebfn th\u1ee9c c\u0169ng nh\u01b0 kinh nghi\u1ec7m trong v\u1ea5n \u0111\u1ec1 v\u1eadn chuy\u1ec3n h\u00e0ng ho\u00e1 kh\u00f4ng ch\u1ec9 \u1edf trong n\u01b0\u1edbc m\u00e0 c\u00f2n t\u1edbi nhi\u1ec1u qu\u1ed1c gia kh\u00e1c nhau, Coco Coir Global t\u1ef1 tin v\u00e0\" \/>\n<meta name=\"robots\" content=\"index, follow, max-snippet:-1, max-image-preview:large, max-video-preview:-1\" \/>\n<link rel=\"canonical\" href=\"https:\/\/cococoirglobal.com\/vi\/chinh-sach-van-chuyen\/\" \/>\n<meta property=\"og:locale\" content=\"vi_VN\" \/>\n<meta property=\"og:type\" content=\"article\" \/>\n<meta property=\"og:title\" content=\"Ch\u00ednh S\u00e1ch V\u1eadn Chuy\u1ec3n\" \/>\n<meta property=\"og:description\" content=\"V\u1edbi ki\u1ebfn th\u1ee9c c\u0169ng nh\u01b0 kinh nghi\u1ec7m trong v\u1ea5n \u0111\u1ec1 v\u1eadn chuy\u1ec3n h\u00e0ng ho\u00e1 kh\u00f4ng ch\u1ec9 \u1edf trong n\u01b0\u1edbc m\u00e0 c\u00f2n t\u1edbi nhi\u1ec1u qu\u1ed1c gia kh\u00e1c nhau, Coco Coir Global t\u1ef1 tin v\u00e0\" \/>\n<meta property=\"og:url\" content=\"https:\/\/cococoirglobal.com\/vi\/chinh-sach-van-chuyen\/\" \/>\n<meta property=\"og:site_name\" content=\"Coco Coir Global Vietnam\" \/>\n<meta property=\"article:publisher\" content=\"https:\/\/www.facebook.com\/cococoirglobal\/\" \/>\n<meta property=\"og:image\" content=\"https:\/\/cococoirglobal.com\/wp-content\/uploads\/2021\/08\/cropped-Logo-icon.png\" \/>\n\t<meta property=\"og:image:width\" content=\"512\" \/>\n\t<meta property=\"og:image:height\" content=\"512\" \/>\n\t<meta property=\"og:image:type\" content=\"image\/png\" \/>\n<meta name=\"twitter:card\" content=\"summary_large_image\" \/>\n<meta name=\"twitter:label1\" content=\"Est. reading time\" \/>\n\t<meta name=\"twitter:data1\" content=\"1 minute\" \/>\n<script type=\"application\/ld+json\" class=\"yoast-schema-graph\">{\"@context\":\"https:\/\/schema.org\",\"@graph\":[{\"@type\":\"WebPage\",\"@id\":\"https:\/\/cococoirglobal.com\/vi\/chinh-sach-van-chuyen\/\",\"url\":\"https:\/\/cococoirglobal.com\/vi\/chinh-sach-van-chuyen\/\",\"name\":\"Ch\u00ednh S\u00e1ch V\u1eadn Chuy\u1ec3n\",\"isPartOf\":{\"@id\":\"https:\/\/cococoirglobal.com\/vi\/#website\"},\"primaryImageOfPage\":{\"@id\":\"https:\/\/cococoirglobal.com\/vi\/chinh-sach-van-chuyen\/#primaryimage\"},\"image\":{\"@id\":\"https:\/\/cococoirglobal.com\/vi\/chinh-sach-van-chuyen\/#primaryimage\"},\"thumbnailUrl\":\"https:\/\/cococoirglobal.com\/wp-content\/uploads\/2023\/09\/transporting-policy.png\",\"datePublished\":\"2023-05-15T06:58:03+00:00\",\"dateModified\":\"2023-05-15T06:58:03+00:00\",\"description\":\"V\u1edbi ki\u1ebfn th\u1ee9c c\u0169ng nh\u01b0 kinh nghi\u1ec7m trong v\u1ea5n \u0111\u1ec1 v\u1eadn chuy\u1ec3n h\u00e0ng ho\u00e1 kh\u00f4ng ch\u1ec9 \u1edf trong n\u01b0\u1edbc m\u00e0 c\u00f2n t\u1edbi nhi\u1ec1u qu\u1ed1c gia kh\u00e1c nhau, Coco Coir Global t\u1ef1 tin v\u00e0\",\"breadcrumb\":{\"@id\":\"https:\/\/cococoirglobal.com\/vi\/chinh-sach-van-chuyen\/#breadcrumb\"},\"inLanguage\":\"vi-VN\",\"potentialAction\":[{\"@type\":\"ReadAction\",\"target\":[\"https:\/\/cococoirglobal.com\/vi\/chinh-sach-van-chuyen\/\"]}]},{\"@type\":\"ImageObject\",\"inLanguage\":\"vi-VN\",\"@id\":\"https:\/\/cococoirglobal.com\/vi\/chinh-sach-van-chuyen\/#primaryimage\",\"url\":\"https:\/\/cococoirglobal.com\/wp-content\/uploads\/2023\/09\/transporting-policy.png\",\"contentUrl\":\"https:\/\/cococoirglobal.com\/wp-content\/uploads\/2023\/09\/transporting-policy.png\",\"width\":800,\"height\":593,\"caption\":\"TRANSPORTING POLICY\"},{\"@type\":\"BreadcrumbList\",\"@id\":\"https:\/\/cococoirglobal.com\/vi\/chinh-sach-van-chuyen\/#breadcrumb\",\"itemListElement\":[{\"@type\":\"ListItem\",\"position\":1,\"name\":\"Home\",\"item\":\"https:\/\/cococoirglobal.com\/vi\/\"},{\"@type\":\"ListItem\",\"position\":2,\"name\":\"CH\u00cdNH S\u00c1CH V\u1eacN CHUY\u1ec2N\"}]},{\"@type\":\"WebSite\",\"@id\":\"https:\/\/cococoirglobal.com\/vi\/#website\",\"url\":\"https:\/\/cococoirglobal.com\/vi\/\",\"name\":\"Coco Coir Global\",\"description\":\"The leading manufacturer and supplier of Coco Coir Products!\",\"publisher\":{\"@id\":\"https:\/\/cococoirglobal.com\/vi\/#organization\"},\"potentialAction\":[{\"@type\":\"SearchAction\",\"target\":{\"@type\":\"EntryPoint\",\"urlTemplate\":\"https:\/\/cococoirglobal.com\/vi\/?s={search_term_string}\"},\"query-input\":\"required name=search_term_string\"}],\"inLanguage\":\"vi-VN\"},{\"@type\":\"Organization\",\"@id\":\"https:\/\/cococoirglobal.com\/vi\/#organization\",\"name\":\"COCO COIR GLOBAL COMPANY LIMITED\",\"url\":\"https:\/\/cococoirglobal.com\/vi\/\",\"logo\":{\"@type\":\"ImageObject\",\"inLanguage\":\"vi-VN\",\"@id\":\"https:\/\/cococoirglobal.com\/vi\/#\/schema\/logo\/image\/\",\"url\":\"https:\/\/cococoirglobal.com\/wp-content\/uploads\/2023\/05\/Logo-coco-coir.png\",\"contentUrl\":\"https:\/\/cococoirglobal.com\/wp-content\/uploads\/2023\/05\/Logo-coco-coir.png\",\"width\":512,\"height\":512,\"caption\":\"COCO COIR GLOBAL COMPANY LIMITED\"},\"image\":{\"@id\":\"https:\/\/cococoirglobal.com\/vi\/#\/schema\/logo\/image\/\"},\"sameAs\":[\"https:\/\/www.facebook.com\/cococoirglobal\/\",\"https:\/\/www.instagram.com\/cococoirglobal\/\",\"https:\/\/www.linkedin.com\/company\/coco-coir-global-company-limited\",\"https:\/\/www.youtube.com\/channel\/UC4Xk-Is93xHrllYZADkM7yQ\"]}]}<\/script>\n<!-- \/ Yoast SEO plugin. -->","yoast_head_json":{"title":"Ch\u00ednh S\u00e1ch V\u1eadn Chuy\u1ec3n","description":"V\u1edbi ki\u1ebfn th\u1ee9c c\u0169ng nh\u01b0 kinh nghi\u1ec7m trong v\u1ea5n \u0111\u1ec1 v\u1eadn chuy\u1ec3n h\u00e0ng ho\u00e1 kh\u00f4ng ch\u1ec9 \u1edf trong n\u01b0\u1edbc m\u00e0 c\u00f2n t\u1edbi nhi\u1ec1u qu\u1ed1c gia kh\u00e1c nhau, Coco Coir Global t\u1ef1 tin v\u00e0","robots":{"index":"index","follow":"follow","max-snippet":"max-snippet:-1","max-image-preview":"max-image-preview:large","max-video-preview":"max-video-preview:-1"},"canonical":"https:\/\/cococoirglobal.com\/vi\/chinh-sach-van-chuyen\/","og_locale":"vi_VN","og_type":"article","og_title":"Ch\u00ednh S\u00e1ch V\u1eadn Chuy\u1ec3n","og_description":"V\u1edbi ki\u1ebfn th\u1ee9c c\u0169ng nh\u01b0 kinh nghi\u1ec7m trong v\u1ea5n \u0111\u1ec1 v\u1eadn chuy\u1ec3n h\u00e0ng ho\u00e1 kh\u00f4ng ch\u1ec9 \u1edf trong n\u01b0\u1edbc m\u00e0 c\u00f2n t\u1edbi nhi\u1ec1u qu\u1ed1c gia kh\u00e1c nhau, Coco Coir Global t\u1ef1 tin v\u00e0","og_url":"https:\/\/cococoirglobal.com\/vi\/chinh-sach-van-chuyen\/","og_site_name":"Coco Coir Global Vietnam","article_publisher":"https:\/\/www.facebook.com\/cococoirglobal\/","og_image":[{"width":512,"height":512,"url":"https:\/\/cococoirglobal.com\/wp-content\/uploads\/2021\/08\/cropped-Logo-icon.png","type":"image\/png"}],"twitter_card":"summary_large_image","twitter_misc":{"Est. reading time":"1 minute"},"schema":{"@context":"https:\/\/schema.org","@graph":[{"@type":"WebPage","@id":"https:\/\/cococoirglobal.com\/vi\/chinh-sach-van-chuyen\/","url":"https:\/\/cococoirglobal.com\/vi\/chinh-sach-van-chuyen\/","name":"Ch\u00ednh S\u00e1ch V\u1eadn Chuy\u1ec3n","isPartOf":{"@id":"https:\/\/cococoirglobal.com\/vi\/#website"},"primaryImageOfPage":{"@id":"https:\/\/cococoirglobal.com\/vi\/chinh-sach-van-chuyen\/#primaryimage"},"image":{"@id":"https:\/\/cococoirglobal.com\/vi\/chinh-sach-van-chuyen\/#primaryimage"},"thumbnailUrl":"https:\/\/cococoirglobal.com\/wp-content\/uploads\/2023\/09\/transporting-policy.png","datePublished":"2023-05-15T06:58:03+00:00","dateModified":"2023-05-15T06:58:03+00:00","description":"V\u1edbi ki\u1ebfn th\u1ee9c c\u0169ng nh\u01b0 kinh nghi\u1ec7m trong v\u1ea5n \u0111\u1ec1 v\u1eadn chuy\u1ec3n h\u00e0ng ho\u00e1 kh\u00f4ng ch\u1ec9 \u1edf trong n\u01b0\u1edbc m\u00e0 c\u00f2n t\u1edbi nhi\u1ec1u qu\u1ed1c gia kh\u00e1c nhau, Coco Coir Global t\u1ef1 tin v\u00e0","breadcrumb":{"@id":"https:\/\/cococoirglobal.com\/vi\/chinh-sach-van-chuyen\/#breadcrumb"},"inLanguage":"vi-VN","potentialAction":[{"@type":"ReadAction","target":["https:\/\/cococoirglobal.com\/vi\/chinh-sach-van-chuyen\/"]}]},{"@type":"ImageObject","inLanguage":"vi-VN","@id":"https:\/\/cococoirglobal.com\/vi\/chinh-sach-van-chuyen\/#primaryimage","url":"https:\/\/cococoirglobal.com\/wp-content\/uploads\/2023\/09\/transporting-policy.png","contentUrl":"https:\/\/cococoirglobal.com\/wp-content\/uploads\/2023\/09\/transporting-policy.png","width":800,"height":593,"caption":"TRANSPORTING POLICY"},{"@type":"BreadcrumbList","@id":"https:\/\/cococoirglobal.com\/vi\/chinh-sach-van-chuyen\/#breadcrumb","itemListElement":[{"@type":"ListItem","position":1,"name":"Home","item":"https:\/\/cococoirglobal.com\/vi\/"},{"@type":"ListItem","position":2,"name":"CH\u00cdNH S\u00c1CH V\u1eacN CHUY\u1ec2N"}]},{"@type":"WebSite","@id":"https:\/\/cococoirglobal.com\/vi\/#website","url":"https:\/\/cococoirglobal.com\/vi\/","name":"Coco Coir Global","description":"The leading manufacturer and supplier of Coco Coir Products!","publisher":{"@id":"https:\/\/cococoirglobal.com\/vi\/#organization"},"potentialAction":[{"@type":"SearchAction","target":{"@type":"EntryPoint","urlTemplate":"https:\/\/cococoirglobal.com\/vi\/?s={search_term_string}"},"query-input":"required name=search_term_string"}],"inLanguage":"vi-VN"},{"@type":"Organization","@id":"https:\/\/cococoirglobal.com\/vi\/#organization","name":"COCO COIR GLOBAL COMPANY LIMITED","url":"https:\/\/cococoirglobal.com\/vi\/","logo":{"@type":"ImageObject","inLanguage":"vi-VN","@id":"https:\/\/cococoirglobal.com\/vi\/#\/schema\/logo\/image\/","url":"https:\/\/cococoirglobal.com\/wp-content\/uploads\/2023\/05\/Logo-coco-coir.png","contentUrl":"https:\/\/cococoirglobal.com\/wp-content\/uploads\/2023\/05\/Logo-coco-coir.png","width":512,"height":512,"caption":"COCO COIR GLOBAL COMPANY LIMITED"},"image":{"@id":"https:\/\/cococoirglobal.com\/vi\/#\/schema\/logo\/image\/"},"sameAs":["https:\/\/www.facebook.com\/cococoirglobal\/","https:\/\/www.instagram.com\/cococoirglobal\/","https:\/\/www.linkedin.com\/company\/coco-coir-global-company-limited","https:\/\/www.youtube.com\/channel\/UC4Xk-Is93xHrllYZADkM7yQ"]}]}},"_links":{"self":[{"href":"https:\/\/cococoirglobal.com\/vi\/wp-json\/wp\/v2\/pages\/16946"}],"collection":[{"href":"https:\/\/cococoirglobal.com\/vi\/wp-json\/wp\/v2\/pages"}],"about":[{"href":"https:\/\/cococoirglobal.com\/vi\/wp-json\/wp\/v2\/types\/page"}],"author":[{"embeddable":true,"href":"https:\/\/cococoirglobal.com\/vi\/wp-json\/wp\/v2\/users\/2"}],"replies":[{"embeddable":true,"href":"https:\/\/cococoirglobal.com\/vi\/wp-json\/wp\/v2\/comments?post=16946"}],"version-history":[{"count":0,"href":"https:\/\/cococoirglobal.com\/vi\/wp-json\/wp\/v2\/pages\/16946\/revisions"}],"wp:featuredmedia":[{"embeddable":true,"href":"https:\/\/cococoirglobal.com\/vi\/wp-json\/wp\/v2\/media\/29962"}],"wp:attachment":[{"href":"https:\/\/cococoirglobal.com\/vi\/wp-json\/wp\/v2\/media?parent=16946"}],"curies":[{"name":"wp","href":"https:\/\/api.w.org\/{rel}","templated":true}]}}