{"id":15146,"date":"2022-11-30T14:20:08","date_gmt":"2022-11-30T07:20:08","guid":{"rendered":"https:\/\/cococoirglobal.com\/?page_id=15146"},"modified":"2023-05-17T17:13:27","modified_gmt":"2023-05-17T10:13:27","slug":"tai-sao-chung-toi-khac-biet","status":"publish","type":"page","link":"https:\/\/cococoirglobal.com\/vi\/tai-sao-chung-toi-khac-biet\/","title":{"rendered":"T\u1ea1i Sao Ch\u00fang T\u00f4i Kh\u00e1c Bi\u1ec7t"},"content":{"rendered":"\n<span><span><a href=\"https:\/\/cococoirglobal.com\/vi\/\">Home<\/a><\/span><\/span>\n\n\n\t<div id=\"col-1353973313\" class=\"col small-12 large-12\"  >\n\t\t\t\t<div class=\"col-inner\"  >\n\t\t\t\n\t\t\t\n\t<div id=\"text-1641856851\" class=\"text\">\n\t\t\n<h1>T\u1ea0I SAO CH\u00daNG T\u00d4I KH\u00c1C BI\u1ec6T<\/h1>\n\t\t\n<style>\n#text-1641856851 {\n  text-align: center;\n}\n<\/style>\n\t<\/div>\n\t\n\t\t<\/div>\n\t\t\t\t\t<\/div>\n\n\t\n<div class=\"row row-small align-middle align-center\"  id=\"row-1109113596\">\n\n\t<div id=\"col-1635401766\" class=\"col medium-6 small-12 large-6\"  >\n\t\t\t\t<div class=\"col-inner\"  >\n\t\t\t\n\t\t\t\n<h2>Ki\u1ec3m so\u00e1t ch\u1ea5t l\u01b0\u1ee3ng s\u1ea3n ph\u1ea9m h\u00e0ng \u0111\u1ea7u th\u1ecb tr\u01b0\u1eddng:<\/h2>\n<p>Ch\u00fang t\u00f4i cung c\u1ea5p c\u00e1c s\u1ea3n ph\u1ea9m EC (Mu\u1ed1i h\u00f2a tan), pH, b\u00e1o c\u00e1o ph\u00e2n t\u00edch \u0111\u1eb7c t\u00ednh h\u00f3a h\u1ecdc c\u1ee7a m\u00ecnh, \u0111\u01b0\u1ee3c th\u1ef1c hi\u1ec7n b\u1edfi Ph\u00f2ng th\u00ed nghi\u1ec7m \u0111\u01b0\u1ee3c b\u00ean th\u1ee9 ba c\u00f4ng nh\u1eadn t\u1ea1i Hoa K\u1ef3, cho m\u1ed7i L\u00f4 s\u1ea3n xu\u1ea5t \u0111\u01b0\u1ee3c k\u1ebft n\u1ed1i v\u1edbi \u0110\u01a1n \u0111\u1eb7t h\u00e0ng c\u1ee7a kh\u00e1ch h\u00e0ng.<\/p>\n\t\t<\/div>\n\t\t\t\t\t<\/div>\n\n\t\n\n\t<div id=\"col-540708099\" class=\"col medium-6 small-12 large-6\"  >\n\t\t\t\t<div class=\"col-inner\"  >\n\t\t\t\n\t\t\t\n\t<div class=\"img has-hover x md-x lg-x y md-y lg-y\" id=\"image_2136977306\">\n\t\t\t\t\t\t\t\t<div class=\"img-inner dark\" >\n\t\t\t<img width=\"500\" height=\"500\" src=\"https:\/\/cococoirglobal.com\/wp-content\/uploads\/2023\/05\/1-cococoirglobal.jpg\" class=\"attachment-original size-original\" alt=\"Ki\u1ec3m so\u00e1t ch\u1ea5t l\u01b0\u1ee3ng s\u1ea3n ph\u1ea9m h\u00e0ng \u0111\u1ea7u th\u1ecb tr\u01b0\u1eddng\" decoding=\"async\" loading=\"lazy\" srcset=\"https:\/\/cococoirglobal.com\/wp-content\/uploads\/2023\/05\/1-cococoirglobal.jpg 500w, https:\/\/cococoirglobal.com\/wp-content\/uploads\/2023\/05\/1-cococoirglobal-300x300.jpg 300w, https:\/\/cococoirglobal.com\/wp-content\/uploads\/2023\/05\/1-cococoirglobal-150x150.jpg 150w, https:\/\/cococoirglobal.com\/wp-content\/uploads\/2023\/05\/1-cococoirglobal-100x100.jpg 100w\" sizes=\"(max-width: 500px) 100vw, 500px\" \/>\t\t\t\t\t\t\n\t\t\t\t\t<\/div>\n\t\t\t\t\t\t\t\t\n<style>\n#image_2136977306 {\n  width: 100%;\n}\n<\/style>\n\t<\/div>\n\t\n\t\t<\/div>\n\t\t\t\t\t<\/div>\n\n\t\n<\/div>\n<div class=\"row row-small align-middle align-center\"  id=\"row-1973237204\">\n\n\t<div id=\"col-1358954402\" class=\"col medium-6 small-12 large-6\"  >\n\t\t\t\t<div class=\"col-inner\"  >\n\t\t\t\n\t\t\t\n\t<div class=\"img has-hover x md-x lg-x y md-y lg-y\" id=\"image_1637319253\">\n\t\t\t\t\t\t\t\t<div class=\"img-inner dark\" >\n\t\t\t<img width=\"500\" height=\"500\" src=\"https:\/\/cococoirglobal.com\/wp-content\/uploads\/2023\/05\/2-cococoirglobal.jpg\" class=\"attachment-original size-original\" alt=\"Gi\u1eb7t v\u00e0 \u0111\u1ec7m\" decoding=\"async\" loading=\"lazy\" srcset=\"https:\/\/cococoirglobal.com\/wp-content\/uploads\/2023\/05\/2-cococoirglobal.jpg 500w, https:\/\/cococoirglobal.com\/wp-content\/uploads\/2023\/05\/2-cococoirglobal-300x300.jpg 300w, https:\/\/cococoirglobal.com\/wp-content\/uploads\/2023\/05\/2-cococoirglobal-150x150.jpg 150w, https:\/\/cococoirglobal.com\/wp-content\/uploads\/2023\/05\/2-cococoirglobal-100x100.jpg 100w\" sizes=\"(max-width: 500px) 100vw, 500px\" \/>\t\t\t\t\t\t\n\t\t\t\t\t<\/div>\n\t\t\t\t\t\t\t\t\n<style>\n#image_1637319253 {\n  width: 100%;\n}\n<\/style>\n\t<\/div>\n\t\n\t\t<\/div>\n\t\t\t\t\t<\/div>\n\n\t\n\n\t<div id=\"col-451543173\" class=\"col medium-col-first medium-6 small-12 large-6\"  >\n\t\t\t\t<div class=\"col-inner\"  >\n\t\t\t\n\t\t\t\n<h2>Ki\u1ec3m so\u00e1t Ch\u1ea5t l\u01b0\u1ee3ng<\/h2>\n<p>Nhi\u1ec1u s\u1ea3n ph\u1ea9m x\u01a1 d\u1eeba tr\u00ean th\u1ecb tr\u01b0\u1eddng ch\u1ec9 \u0111\u01b0\u1ee3c r\u1eeda s\u1ea1ch, kh\u00f4ng \u0111\u1ec7m. S\u1ea3n ph\u1ea9m X\u01a1 d\u1eeba c\u1ee7a ch\u00fang t\u00f4i kh\u00f4ng ch\u1ec9 \u0111\u01b0\u1ee3c r\u1eeda s\u1ea1ch m\u00e0 c\u00f2n \u0111\u01b0\u1ee3c \u0111\u1ec7m \u0111\u00fang c\u00e1ch, gi\u00fap EC \u2264 0,5 mS\/cm, pH: 5,8-6,5, h\u00e0m l\u01b0\u1ee3ng Natri (Na) v\u00e0 Kali (K) c\u1ef1c k\u1ef3 th\u1ea5p kh\u00f4ng th\u1ec3 so s\u00e1nh \u0111\u01b0\u1ee3c v\u1edbi c\u00e1c s\u1ea3n ph\u1ea9m ti\u00eau chu\u1ea9n v\u00e0 cao c\u1ea5p kh\u00e1c tr\u00ean th\u1ecb tr\u01b0\u1eddng.<\/p>\n\t\t<\/div>\n\t\t\t\t\t<\/div>\n\n\t\n<\/div>\n<div class=\"row row-small align-middle align-center\"  id=\"row-1831671213\">\n\n\t<div id=\"col-675933202\" class=\"col medium-6 small-12 large-6\"  >\n\t\t\t\t<div class=\"col-inner\"  >\n\t\t\t\n\t\t\t\n<h2>Th\u1eddi gian quay v\u00f2ng nhanh<\/h2>\n<p>7 ng\u00e0y \u0111\u1ed1i v\u1edbi x\u01a1 d\u1eeba r\u1eddi v\u00e0 20 ng\u00e0y \u0111\u1ed1i v\u1edbi x\u01a1 d\u1eeba n\u00e9n tr\u00ean m\u1ed7i th\u00f9ng 40\u2019HC. \u0110\u1ed1i v\u1edbi chip d\u1eeba: 3 ng\u00e0y \u0111\u1ed1i v\u1edbi s\u1ea3n ph\u1ea9m ch\u01b0a r\u1eeda v\u00e0 7 ng\u00e0y \u0111\u1ed1i v\u1edbi s\u1ea3n ph\u1ea9m \u0111\u00e3 r\u1eeda v\u00e0 \u0111\u1ec7m.<\/p>\n\t\t<\/div>\n\t\t\t\t\t<\/div>\n\n\t\n\n\t<div id=\"col-1995351008\" class=\"col medium-6 small-12 large-6\"  >\n\t\t\t\t<div class=\"col-inner\"  >\n\t\t\t\n\t\t\t\n\t<div class=\"img has-hover x md-x lg-x y md-y lg-y\" id=\"image_2127627756\">\n\t\t\t\t\t\t\t\t<div class=\"img-inner dark\" >\n\t\t\t<img width=\"500\" height=\"500\" src=\"https:\/\/cococoirglobal.com\/wp-content\/uploads\/2023\/05\/3-cococoirglobal.jpg\" class=\"attachment-large size-large\" alt=\"Th\u1eddi gian quay v\u00f2ng nhanh\" decoding=\"async\" loading=\"lazy\" srcset=\"https:\/\/cococoirglobal.com\/wp-content\/uploads\/2023\/05\/3-cococoirglobal.jpg 500w, https:\/\/cococoirglobal.com\/wp-content\/uploads\/2023\/05\/3-cococoirglobal-300x300.jpg 300w, https:\/\/cococoirglobal.com\/wp-content\/uploads\/2023\/05\/3-cococoirglobal-150x150.jpg 150w, https:\/\/cococoirglobal.com\/wp-content\/uploads\/2023\/05\/3-cococoirglobal-100x100.jpg 100w\" sizes=\"(max-width: 500px) 100vw, 500px\" \/>\t\t\t\t\t\t\n\t\t\t\t\t<\/div>\n\t\t\t\t\t\t\t\t\n<style>\n#image_2127627756 {\n  width: 100%;\n}\n<\/style>\n\t<\/div>\n\t\n\t\t<\/div>\n\t\t\t\t\t<\/div>\n\n\t\n<\/div>\n<div class=\"row row-small align-middle align-center\"  id=\"row-1686146549\">\n\n\t<div id=\"col-1982272243\" class=\"col medium-6 small-12 large-6\"  >\n\t\t\t\t<div class=\"col-inner\"  >\n\t\t\t\n\t\t\t\n\t<div class=\"img has-hover x md-x lg-x y md-y lg-y\" id=\"image_1124379084\">\n\t\t\t\t\t\t\t\t<div class=\"img-inner dark\" >\n\t\t\t<img width=\"500\" height=\"500\" src=\"https:\/\/cococoirglobal.com\/wp-content\/uploads\/2023\/05\/4-cococoirglobal.jpg\" class=\"attachment-large size-large\" alt=\"cung c\u1ea5p quy m\u00f4 l\u1edbn\" decoding=\"async\" loading=\"lazy\" srcset=\"https:\/\/cococoirglobal.com\/wp-content\/uploads\/2023\/05\/4-cococoirglobal.jpg 500w, https:\/\/cococoirglobal.com\/wp-content\/uploads\/2023\/05\/4-cococoirglobal-300x300.jpg 300w, https:\/\/cococoirglobal.com\/wp-content\/uploads\/2023\/05\/4-cococoirglobal-150x150.jpg 150w, https:\/\/cococoirglobal.com\/wp-content\/uploads\/2023\/05\/4-cococoirglobal-100x100.jpg 100w\" sizes=\"(max-width: 500px) 100vw, 500px\" \/>\t\t\t\t\t\t\n\t\t\t\t\t<\/div>\n\t\t\t\t\t\t\t\t\n<style>\n#image_1124379084 {\n  width: 100%;\n}\n<\/style>\n\t<\/div>\n\t\n\t\t<\/div>\n\t\t\t\t\t<\/div>\n\n\t\n\n\t<div id=\"col-731336492\" class=\"col medium-col-first medium-6 small-12 large-6\"  >\n\t\t\t\t<div class=\"col-inner\"  >\n\t\t\t\n\t\t\t\n<h2>Cung \u1ee9ng quy m\u00f4 l\u1edbn<\/h2>\n<p>L\u00e0 m\u00f4 h\u00ecnh kinh doanh gi\u1eefa doanh nghi\u1ec7p v\u1edbi doanh nghi\u1ec7p cho ng\u01b0\u1eddi tr\u1ed3ng tr\u1ecdt th\u01b0\u01a1ng m\u1ea1i, nh\u00e0 ph\u00e2n ph\u1ed1i t\u00edch tr\u1eef v\u1edbi th\u1eddi gian chu\u1ea9n b\u1ecb h\u00e0ng nhanh ch\u00f3ng.<\/p>\n\t\t<\/div>\n\t\t\t\t\t<\/div>\n\n\t\n<\/div>\n<div class=\"row row-small align-middle align-center\"  id=\"row-1121058394\">\n\n\t<div id=\"col-1864584112\" class=\"col medium-6 small-12 large-6\"  >\n\t\t\t\t<div class=\"col-inner\"  >\n\t\t\t\n\t\t\t\n<h2>Gi\u00e1 c\u1ea3 c\u1ea1nh tranh<\/h2>\n<p>Ch\u00fang t\u00f4i t\u1ef1 tin r\u1eb1ng gi\u00e1 c\u1ee7a ch\u00fang t\u00f4i c\u00f3 th\u1ec3 \u0111\u00e1nh b\u1ea1i gi\u00e1 c\u1ee7a c\u00e1c s\u1ea3n ph\u1ea9m c\u00f9ng t\u00ednh n\u0103ng ch\u1ea5t l\u01b0\u1ee3ng cao c\u1ee7a \u0111\u1ed1i th\u1ee7 c\u1ea1nh tranh, ti\u1ebft ki\u1ec7m cho kh\u00e1ch h\u00e0ng r\u1ea5t nhi\u1ec1u chi ph\u00ed, t\u0103ng l\u1ee3i th\u1ebf c\u1ea1nh tranh c\u1ee7a kh\u00e1ch h\u00e0ng tr\u00ean th\u1ecb tr\u01b0\u1eddng v\u00e0 t\u1ef7 su\u1ea5t l\u1ee3i nhu\u1eadn c\u1ee7a kh\u00e1ch h\u00e0ng<\/p>\n\t\t<\/div>\n\t\t\t\t\t<\/div>\n\n\t\n\n\t<div id=\"col-966217942\" class=\"col medium-6 small-12 large-6\"  >\n\t\t\t\t<div class=\"col-inner\"  >\n\t\t\t\n\t\t\t\n\t<div class=\"img has-hover x md-x lg-x y md-y lg-y\" id=\"image_1481232218\">\n\t\t\t\t\t\t\t\t<div class=\"img-inner dark\" >\n\t\t\t<img width=\"500\" height=\"500\" src=\"https:\/\/cococoirglobal.com\/wp-content\/uploads\/2023\/05\/5-cococoirglobal.jpg\" class=\"attachment-large size-large\" alt=\"gi\u00e1 c\u1ea3 c\u1ea1nh tranh\" decoding=\"async\" loading=\"lazy\" srcset=\"https:\/\/cococoirglobal.com\/wp-content\/uploads\/2023\/05\/5-cococoirglobal.jpg 500w, https:\/\/cococoirglobal.com\/wp-content\/uploads\/2023\/05\/5-cococoirglobal-300x300.jpg 300w, https:\/\/cococoirglobal.com\/wp-content\/uploads\/2023\/05\/5-cococoirglobal-150x150.jpg 150w, https:\/\/cococoirglobal.com\/wp-content\/uploads\/2023\/05\/5-cococoirglobal-100x100.jpg 100w\" sizes=\"(max-width: 500px) 100vw, 500px\" \/>\t\t\t\t\t\t\n\t\t\t\t\t<\/div>\n\t\t\t\t\t\t\t\t\n<style>\n#image_1481232218 {\n  width: 100%;\n}\n<\/style>\n\t<\/div>\n\t\n\t\t<\/div>\n\t\t\t\t\t<\/div>\n\n\t\n<\/div>\n<div class=\"row row-small align-middle align-center\"  id=\"row-861854853\">\n\n\t<div id=\"col-1568603991\" class=\"col medium-6 small-12 large-6\"  >\n\t\t\t\t<div class=\"col-inner\"  >\n\t\t\t\n\t\t\t\n\t<div class=\"img has-hover x md-x lg-x y md-y lg-y\" id=\"image_774354918\">\n\t\t\t\t\t\t\t\t<div class=\"img-inner dark\" >\n\t\t\t<img width=\"500\" height=\"500\" src=\"https:\/\/cococoirglobal.com\/wp-content\/uploads\/2023\/05\/6-cococoirglobal.jpg\" class=\"attachment-large size-large\" alt=\"B\u1ed9 ph\u1eadn Xu\u1ea5t - Nh\u1eadp kh\u1ea9u\" decoding=\"async\" loading=\"lazy\" srcset=\"https:\/\/cococoirglobal.com\/wp-content\/uploads\/2023\/05\/6-cococoirglobal.jpg 500w, https:\/\/cococoirglobal.com\/wp-content\/uploads\/2023\/05\/6-cococoirglobal-300x300.jpg 300w, https:\/\/cococoirglobal.com\/wp-content\/uploads\/2023\/05\/6-cococoirglobal-150x150.jpg 150w, https:\/\/cococoirglobal.com\/wp-content\/uploads\/2023\/05\/6-cococoirglobal-100x100.jpg 100w\" sizes=\"(max-width: 500px) 100vw, 500px\" \/>\t\t\t\t\t\t\n\t\t\t\t\t<\/div>\n\t\t\t\t\t\t\t\t\n<style>\n#image_774354918 {\n  width: 100%;\n}\n<\/style>\n\t<\/div>\n\t\n\t\t<\/div>\n\t\t\t\t\t<\/div>\n\n\t\n\n\t<div id=\"col-467885259\" class=\"col medium-col-first medium-6 small-12 large-6\"  >\n\t\t\t\t<div class=\"col-inner\"  >\n\t\t\t\n\t\t\t\n<h2>B\u1ed9 ph\u1eadn Xu\u1ea5t &#8211; Nh\u1eadp kh\u1ea9u<\/h2>\n<p>Nh\u00e0 m\u00e1y c\u1ee7a ch\u00fang t\u00f4i n\u1eb1m g\u1ea7n c\u1ea3ng Bi\u1ec3n, c\u1ea3ng ch\u00ednh c\u1ee7a mi\u1ec1n Nam Vi\u1ec7t Nam\u2026. \u0110\u1ed9i ng\u0169 Xu\u1ea5t \u2013 Nh\u1eadp kh\u1ea9u c\u1ee7a ch\u00fang t\u00f4i l\u00e0m vi\u1ec7c ch\u1eb7t ch\u1ebd v\u1edbi c\u00e1c c\u00f4ng ty giao nh\u1eadn v\u1eadn t\u1ea3i, c\u00e1c h\u00e3ng t\u00e0u \u0111\u1ec3 c\u00f3 l\u1ecbch tr\u00ecnh v\u1eadn chuy\u1ec3n linh ho\u1ea1t v\u00e0 c\u00f3 \u0111\u01b0\u1ee3c m\u1ee9c c\u01b0\u1edbc V\u1eadn t\u1ea3i \u0111\u01b0\u1eddng bi\u1ec3n c\u1ea1nh tranh nh\u1ea5t. Th\u1eddi gian v\u1eadn chuy\u1ec3n t\u1eeb Vi\u1ec7t Nam \u0111\u1ebfn Los Angeles, Long Beach kho\u1ea3ng 20 ng\u00e0y \u0111\u1ebfn 25 ng\u00e0y.\u00a0 New York 28-29 ng\u00e0y. Vancouver 25 ng\u00e0y, Toronto\/Montreal 32 ng\u00e0y.<\/p>\n\t\t<\/div>\n\t\t\t\t\t<\/div>\n\n\t\n<\/div>\n<div class=\"row row-small align-middle align-center\"  id=\"row-1205262591\">\n\n\t<div id=\"col-5630900\" class=\"col medium-6 small-12 large-6\"  >\n\t\t\t\t<div class=\"col-inner\"  >\n\t\t\t\n\t\t\t\n<h2>\u1ed4n \u0111\u1ecbnh ch\u00ednh tr\u1ecb<\/h2>\n<p>Ch\u00ednh tr\u1ecb \u1ed5n \u0111\u1ecbnh, Vi\u1ec7t Nam l\u00e0 n\u01a1i s\u1ea3n xu\u1ea5t tin c\u1eady c\u1ee7a th\u1ebf gi\u1edbi<\/p>\n\t\t<\/div>\n\t\t\t\t\t<\/div>\n\n\t\n\n\t<div id=\"col-2110144157\" class=\"col medium-6 small-12 large-6\"  >\n\t\t\t\t<div class=\"col-inner\"  >\n\t\t\t\n\t\t\t\n\t<div class=\"img has-hover x md-x lg-x y md-y lg-y\" id=\"image_195547025\">\n\t\t\t\t\t\t\t\t<div class=\"img-inner dark\" >\n\t\t\t<img width=\"500\" height=\"500\" src=\"https:\/\/cococoirglobal.com\/wp-content\/uploads\/2023\/05\/7-cococoirglobal.jpg\" class=\"attachment-large size-large\" alt=\"\u1ed4n \u0111\u1ecbnh ch\u00ednh tr\u1ecb\" decoding=\"async\" loading=\"lazy\" srcset=\"https:\/\/cococoirglobal.com\/wp-content\/uploads\/2023\/05\/7-cococoirglobal.jpg 500w, https:\/\/cococoirglobal.com\/wp-content\/uploads\/2023\/05\/7-cococoirglobal-300x300.jpg 300w, https:\/\/cococoirglobal.com\/wp-content\/uploads\/2023\/05\/7-cococoirglobal-150x150.jpg 150w, https:\/\/cococoirglobal.com\/wp-content\/uploads\/2023\/05\/7-cococoirglobal-100x100.jpg 100w\" sizes=\"(max-width: 500px) 100vw, 500px\" \/>\t\t\t\t\t\t\n\t\t\t\t\t<\/div>\n\t\t\t\t\t\t\t\t\n<style>\n#image_195547025 {\n  width: 100%;\n}\n<\/style>\n\t<\/div>\n\t\n\t\t<\/div>\n\t\t\t\t\t<\/div>\n\n\t\n<\/div>\n","protected":false},"excerpt":{"rendered":"","protected":false},"author":2,"featured_media":0,"parent":0,"menu_order":0,"comment_status":"closed","ping_status":"closed","template":"","meta":{"footnotes":""},"yoast_head":"<!-- This site is optimized with the Yoast SEO plugin v22.6 - https:\/\/yoast.com\/wordpress\/plugins\/seo\/ -->\n<title>T\u1ea1i Sao Ch\u00fang T\u00f4i Kh\u00e1c Bi\u1ec7t - Coco Coir Global Vietnam<\/title>\n<meta name=\"robots\" content=\"index, follow, max-snippet:-1, max-image-preview:large, max-video-preview:-1\" \/>\n<link rel=\"canonical\" href=\"https:\/\/cococoirglobal.com\/vi\/tai-sao-chung-toi-khac-biet\/\" \/>\n<meta property=\"og:locale\" content=\"vi_VN\" \/>\n<meta property=\"og:type\" content=\"article\" \/>\n<meta property=\"og:title\" content=\"T\u1ea1i Sao Ch\u00fang T\u00f4i Kh\u00e1c Bi\u1ec7t - Coco Coir Global Vietnam\" \/>\n<meta property=\"og:url\" content=\"https:\/\/cococoirglobal.com\/vi\/tai-sao-chung-toi-khac-biet\/\" \/>\n<meta property=\"og:site_name\" content=\"Coco Coir Global Vietnam\" \/>\n<meta property=\"article:publisher\" content=\"https:\/\/www.facebook.com\/cococoirglobal\/\" \/>\n<meta property=\"article:modified_time\" content=\"2023-05-17T10:13:27+00:00\" \/>\n<meta property=\"og:image\" content=\"https:\/\/cococoirglobal.com\/wp-content\/uploads\/2021\/08\/cropped-Logo-icon.png\" \/>\n\t<meta property=\"og:image:width\" content=\"512\" \/>\n\t<meta property=\"og:image:height\" content=\"512\" \/>\n\t<meta property=\"og:image:type\" content=\"image\/png\" \/>\n<meta name=\"twitter:card\" content=\"summary_large_image\" \/>\n<meta name=\"twitter:label1\" content=\"Est. reading time\" \/>\n\t<meta name=\"twitter:data1\" content=\"3 minutes\" \/>\n<script type=\"application\/ld+json\" class=\"yoast-schema-graph\">{\"@context\":\"https:\/\/schema.org\",\"@graph\":[{\"@type\":\"WebPage\",\"@id\":\"https:\/\/cococoirglobal.com\/vi\/tai-sao-chung-toi-khac-biet\/\",\"url\":\"https:\/\/cococoirglobal.com\/vi\/tai-sao-chung-toi-khac-biet\/\",\"name\":\"T\u1ea1i Sao Ch\u00fang T\u00f4i Kh\u00e1c Bi\u1ec7t - Coco Coir Global Vietnam\",\"isPartOf\":{\"@id\":\"https:\/\/cococoirglobal.com\/vi\/#website\"},\"datePublished\":\"2022-11-30T07:20:08+00:00\",\"dateModified\":\"2023-05-17T10:13:27+00:00\",\"breadcrumb\":{\"@id\":\"https:\/\/cococoirglobal.com\/vi\/tai-sao-chung-toi-khac-biet\/#breadcrumb\"},\"inLanguage\":\"vi-VN\",\"potentialAction\":[{\"@type\":\"ReadAction\",\"target\":[\"https:\/\/cococoirglobal.com\/vi\/tai-sao-chung-toi-khac-biet\/\"]}]},{\"@type\":\"BreadcrumbList\",\"@id\":\"https:\/\/cococoirglobal.com\/vi\/tai-sao-chung-toi-khac-biet\/#breadcrumb\",\"itemListElement\":[{\"@type\":\"ListItem\",\"position\":1,\"name\":\"Home\",\"item\":\"https:\/\/cococoirglobal.com\/vi\/\"},{\"@type\":\"ListItem\",\"position\":2,\"name\":\"T\u1ea1i Sao Ch\u00fang T\u00f4i Kh\u00e1c Bi\u1ec7t\"}]},{\"@type\":\"WebSite\",\"@id\":\"https:\/\/cococoirglobal.com\/vi\/#website\",\"url\":\"https:\/\/cococoirglobal.com\/vi\/\",\"name\":\"Coco Coir Global\",\"description\":\"The leading manufacturer and supplier of Coco Coir Products!\",\"publisher\":{\"@id\":\"https:\/\/cococoirglobal.com\/vi\/#organization\"},\"potentialAction\":[{\"@type\":\"SearchAction\",\"target\":{\"@type\":\"EntryPoint\",\"urlTemplate\":\"https:\/\/cococoirglobal.com\/vi\/?s={search_term_string}\"},\"query-input\":\"required name=search_term_string\"}],\"inLanguage\":\"vi-VN\"},{\"@type\":\"Organization\",\"@id\":\"https:\/\/cococoirglobal.com\/vi\/#organization\",\"name\":\"COCO COIR GLOBAL COMPANY LIMITED\",\"url\":\"https:\/\/cococoirglobal.com\/vi\/\",\"logo\":{\"@type\":\"ImageObject\",\"inLanguage\":\"vi-VN\",\"@id\":\"https:\/\/cococoirglobal.com\/vi\/#\/schema\/logo\/image\/\",\"url\":\"https:\/\/cococoirglobal.com\/wp-content\/uploads\/2023\/05\/Logo-coco-coir.png\",\"contentUrl\":\"https:\/\/cococoirglobal.com\/wp-content\/uploads\/2023\/05\/Logo-coco-coir.png\",\"width\":512,\"height\":512,\"caption\":\"COCO COIR GLOBAL COMPANY LIMITED\"},\"image\":{\"@id\":\"https:\/\/cococoirglobal.com\/vi\/#\/schema\/logo\/image\/\"},\"sameAs\":[\"https:\/\/www.facebook.com\/cococoirglobal\/\",\"https:\/\/www.instagram.com\/cococoirglobal\/\",\"https:\/\/www.linkedin.com\/company\/coco-coir-global-company-limited\",\"https:\/\/www.youtube.com\/channel\/UC4Xk-Is93xHrllYZADkM7yQ\"]}]}<\/script>\n<!-- \/ Yoast SEO plugin. -->","yoast_head_json":{"title":"T\u1ea1i Sao Ch\u00fang T\u00f4i Kh\u00e1c Bi\u1ec7t - Coco Coir Global Vietnam","robots":{"index":"index","follow":"follow","max-snippet":"max-snippet:-1","max-image-preview":"max-image-preview:large","max-video-preview":"max-video-preview:-1"},"canonical":"https:\/\/cococoirglobal.com\/vi\/tai-sao-chung-toi-khac-biet\/","og_locale":"vi_VN","og_type":"article","og_title":"T\u1ea1i Sao Ch\u00fang T\u00f4i Kh\u00e1c Bi\u1ec7t - Coco Coir Global Vietnam","og_url":"https:\/\/cococoirglobal.com\/vi\/tai-sao-chung-toi-khac-biet\/","og_site_name":"Coco Coir Global Vietnam","article_publisher":"https:\/\/www.facebook.com\/cococoirglobal\/","article_modified_time":"2023-05-17T10:13:27+00:00","og_image":[{"width":512,"height":512,"url":"https:\/\/cococoirglobal.com\/wp-content\/uploads\/2021\/08\/cropped-Logo-icon.png","type":"image\/png"}],"twitter_card":"summary_large_image","twitter_misc":{"Est. reading time":"3 minutes"},"schema":{"@context":"https:\/\/schema.org","@graph":[{"@type":"WebPage","@id":"https:\/\/cococoirglobal.com\/vi\/tai-sao-chung-toi-khac-biet\/","url":"https:\/\/cococoirglobal.com\/vi\/tai-sao-chung-toi-khac-biet\/","name":"T\u1ea1i Sao Ch\u00fang T\u00f4i Kh\u00e1c Bi\u1ec7t - Coco Coir Global Vietnam","isPartOf":{"@id":"https:\/\/cococoirglobal.com\/vi\/#website"},"datePublished":"2022-11-30T07:20:08+00:00","dateModified":"2023-05-17T10:13:27+00:00","breadcrumb":{"@id":"https:\/\/cococoirglobal.com\/vi\/tai-sao-chung-toi-khac-biet\/#breadcrumb"},"inLanguage":"vi-VN","potentialAction":[{"@type":"ReadAction","target":["https:\/\/cococoirglobal.com\/vi\/tai-sao-chung-toi-khac-biet\/"]}]},{"@type":"BreadcrumbList","@id":"https:\/\/cococoirglobal.com\/vi\/tai-sao-chung-toi-khac-biet\/#breadcrumb","itemListElement":[{"@type":"ListItem","position":1,"name":"Home","item":"https:\/\/cococoirglobal.com\/vi\/"},{"@type":"ListItem","position":2,"name":"T\u1ea1i Sao Ch\u00fang T\u00f4i Kh\u00e1c Bi\u1ec7t"}]},{"@type":"WebSite","@id":"https:\/\/cococoirglobal.com\/vi\/#website","url":"https:\/\/cococoirglobal.com\/vi\/","name":"Coco Coir Global","description":"The leading manufacturer and supplier of Coco Coir Products!","publisher":{"@id":"https:\/\/cococoirglobal.com\/vi\/#organization"},"potentialAction":[{"@type":"SearchAction","target":{"@type":"EntryPoint","urlTemplate":"https:\/\/cococoirglobal.com\/vi\/?s={search_term_string}"},"query-input":"required name=search_term_string"}],"inLanguage":"vi-VN"},{"@type":"Organization","@id":"https:\/\/cococoirglobal.com\/vi\/#organization","name":"COCO COIR GLOBAL COMPANY LIMITED","url":"https:\/\/cococoirglobal.com\/vi\/","logo":{"@type":"ImageObject","inLanguage":"vi-VN","@id":"https:\/\/cococoirglobal.com\/vi\/#\/schema\/logo\/image\/","url":"https:\/\/cococoirglobal.com\/wp-content\/uploads\/2023\/05\/Logo-coco-coir.png","contentUrl":"https:\/\/cococoirglobal.com\/wp-content\/uploads\/2023\/05\/Logo-coco-coir.png","width":512,"height":512,"caption":"COCO COIR GLOBAL COMPANY LIMITED"},"image":{"@id":"https:\/\/cococoirglobal.com\/vi\/#\/schema\/logo\/image\/"},"sameAs":["https:\/\/www.facebook.com\/cococoirglobal\/","https:\/\/www.instagram.com\/cococoirglobal\/","https:\/\/www.linkedin.com\/company\/coco-coir-global-company-limited","https:\/\/www.youtube.com\/channel\/UC4Xk-Is93xHrllYZADkM7yQ"]}]}},"_links":{"self":[{"href":"https:\/\/cococoirglobal.com\/vi\/wp-json\/wp\/v2\/pages\/15146"}],"collection":[{"href":"https:\/\/cococoirglobal.com\/vi\/wp-json\/wp\/v2\/pages"}],"about":[{"href":"https:\/\/cococoirglobal.com\/vi\/wp-json\/wp\/v2\/types\/page"}],"author":[{"embeddable":true,"href":"https:\/\/cococoirglobal.com\/vi\/wp-json\/wp\/v2\/users\/2"}],"replies":[{"embeddable":true,"href":"https:\/\/cococoirglobal.com\/vi\/wp-json\/wp\/v2\/comments?post=15146"}],"version-history":[{"count":0,"href":"https:\/\/cococoirglobal.com\/vi\/wp-json\/wp\/v2\/pages\/15146\/revisions"}],"wp:attachment":[{"href":"https:\/\/cococoirglobal.com\/vi\/wp-json\/wp\/v2\/media?parent=15146"}],"curies":[{"name":"wp","href":"https:\/\/api.w.org\/{rel}","templated":true}]}}