{"id":15136,"date":"2022-11-30T12:09:51","date_gmt":"2022-11-30T05:09:51","guid":{"rendered":"https:\/\/cococoirglobal.com\/?page_id=15136"},"modified":"2023-05-26T11:35:04","modified_gmt":"2023-05-26T04:35:04","slug":"chat-luong-san-pham-cua-chung-to","status":"publish","type":"page","link":"https:\/\/cococoirglobal.com\/vi\/chat-luong-san-pham-cua-chung-toi\/","title":{"rendered":"CH\u1ea4T L\u01af\u1ee2NG S\u1ea2N PH\u1ea8M C\u1ee6A CH\u00daNG T\u00d4I"},"content":{"rendered":"\n<span><span><a href=\"https:\/\/cococoirglobal.com\/vi\/\">Home<\/a><\/span><\/span>\n\n\n\t<div id=\"col-261652391\" class=\"col small-12 large-12\"  >\n\t\t\t\t<div class=\"col-inner\"  >\n\t\t\t\n\t\t\t\n\t<div id=\"text-2692307471\" class=\"text\">\n\t\t\n<h1>CH\u1ea4T L\u01af\u1ee2NG S\u1ea2N PH\u1ea8M C\u1ee6A CH\u00daNG T\u00d4I<\/h1>\n\t\t\n<style>\n#text-2692307471 {\n  text-align: center;\n}\n<\/style>\n\t<\/div>\n\t\n\t\t<\/div>\n\t\t\t\t\t<\/div>\n\n\t\n<h2 style=\"text-align: justify;\">\u0110\u1eb7c \u0111i\u1ec3m n\u1ed5i b\u1eadt s\u1ea3n ph\u1ea9m<\/h2>\n<p>Gi\u00e1 th\u1ec3 tr\u1ed3ng x\u01a1 d\u1eeba h\u1eefu c\u01a1 100% t\u1ef1 nhi\u00ean c\u1ee7a ch\u00fang t\u00f4i l\u00e0 gi\u00e1 th\u1ec3 x\u01a1 d\u1eeba kh\u00f4ng c\u1ea7n \u0111\u1ea5t thu \u0111\u01b0\u1ee3c t\u1eeb vi\u1ec7c l\u1ef1a ch\u1ecdn v\u1ecf d\u1eeba t\u1ed1t nh\u1ea5t t\u1eeb \u200b\u200bt\u1ec9nh B\u1ebfn Tre, Vi\u1ec7t Nam. X\u01a1 d\u1eeba c\u1ee7a ch\u00fang t\u00f4i c\u00f3 k\u1ebft c\u1ea5u \u0111\u1ed3ng nh\u1ea5t, tho\u00e1t n\u01b0\u1edbc t\u1ed1t, \u0111\u1ed9 x\u1ed1p cao, kh\u1ea3 n\u0103ng gi\u1eef n\u01b0\u1edbc cao, h\u1ea5p th\u1ee5 n\u01b0\u1edbc t\u1ed1t, gi\u1eef \u1ea9m gi\u00fap r\u1ec5 ph\u00e1t tri\u1ec3n kh\u1ecfe m\u1ea1nh. Gi\u00e1 th\u1ec3 x\u01a1 d\u1eeba Coco Coir Global cung c\u1ea5p nhi\u1ec1u oxy h\u01a1n cho ph\u00e9p c\u00e2y ph\u00e1t tri\u1ec3n kh\u1ecfe m\u1ea1nh h\u01a1n v\u00e0 cho n\u0103ng su\u1ea5t cao h\u01a1n.<\/p>\n<p>T\u1ea5t c\u1ea3 c\u00e1c nguy\u00ean li\u1ec7u th\u00f4 c\u1ee7a Coco Coir Global \u0111\u00e3 \u0111\u01b0\u1ee3c ch\u1ee9ng nh\u1eadn h\u1eefu c\u01a1 b\u1edfi OMRI.<\/p>\n<p><img decoding=\"async\" loading=\"lazy\" class=\"aligncenter wp-image-17925 size-full\" src=\"https:\/\/cococoirglobal.com\/wp-content\/uploads\/2023\/05\/2-1-e1685006305549.jpg\" alt=\"OMRI Listed certified\" width=\"766\" height=\"450\" srcset=\"https:\/\/cococoirglobal.com\/wp-content\/uploads\/2023\/05\/2-1-e1685006305549.jpg 766w, https:\/\/cococoirglobal.com\/wp-content\/uploads\/2023\/05\/2-1-e1685006305549-300x176.jpg 300w, https:\/\/cococoirglobal.com\/wp-content\/uploads\/2023\/05\/2-1-e1685006305549-510x300.jpg 510w\" sizes=\"(max-width: 766px) 100vw, 766px\" \/><\/p>\n<p>&nbsp;<\/p>\n<p style=\"text-align: justify;\">Ch\u00fang t\u00f4i s\u1ea3n xu\u1ea5t s\u1ea3n ph\u1ea9m gi\u00e1 th\u1ec3 tr\u1ed3ng x\u01a1 d\u1eeba \u0111\u01b0\u1ee3c r\u1eeda s\u1ea1ch v\u00e0 \u0111\u1ec7m, \u0111\u00e3 \u0111\u01b0\u1ee3c th\u1eed nghi\u1ec7m b\u1edfi c\u00e1c Ph\u00f2ng th\u00ed nghi\u1ec7m \u0111\u01b0\u1ee3c b\u00ean th\u1ee9 ba c\u00f4ng nh\u1eadn. H\u1ea7u h\u1ebft c\u00e1c x\u00e9t nghi\u1ec7m \u0111\u01b0\u1ee3c th\u1ef1c hi\u1ec7n b\u1edfi c\u00e1c Ph\u00f2ng th\u00ed nghi\u1ec7m \u1edf Hoa K\u1ef3, m\u1ed9t s\u1ed1 \u00edt \u1edf Vi\u1ec7t Nam. Ph\u00e2n t\u00edch v\u1ec1: pH, EC (Mu\u1ed1i h\u00f2a tan), Ph\u00e2n t\u00edch \u0111\u1eb7c t\u00ednh h\u00f3a h\u1ecdc, T\u00ednh ch\u1ea5t v\u1eadt l\u00fd, Ki\u1ec3m tra kim lo\u1ea1i n\u1eb7ng (H\u00e0m l\u01b0\u1ee3ng ki\u1ec3m tra Kim lo\u1ea1i n\u1eb7ng c\u0169ng tu\u00e2n th\u1ee7 c\u00e1c y\u00eau c\u1ea7u c\u1ee7a Canada v\u1ec1 ph\u00e2n t\u00edch Kim lo\u1ea1i n\u1eb7ng) v\u00e0 D\u01b0 l\u01b0\u1ee3ng thu\u1ed1c tr\u1eeb s\u00e2u (kh\u00f4ng \u0111\u01b0\u1ee3c ph\u00e1t hi\u1ec7n \u0111\u1ed1i v\u1edbi kho\u1ea3ng 500 h\u1ee3p ch\u1ea5t), v\u00e0 Ph\u00e2n t\u00edch vi sinh v\u1eadt.<\/p>\n<p><img decoding=\"async\" loading=\"lazy\" class=\"aligncenter wp-image-17931\" src=\"https:\/\/cococoirglobal.com\/wp-content\/uploads\/2023\/05\/15-1.jpg\" alt=\"test reports coco coir global\" width=\"800\" height=\"593\" srcset=\"https:\/\/cococoirglobal.com\/wp-content\/uploads\/2023\/05\/15-1.jpg 1080w, https:\/\/cococoirglobal.com\/wp-content\/uploads\/2023\/05\/15-1-300x222.jpg 300w, https:\/\/cococoirglobal.com\/wp-content\/uploads\/2023\/05\/15-1-1024x759.jpg 1024w, https:\/\/cococoirglobal.com\/wp-content\/uploads\/2023\/05\/15-1-768x569.jpg 768w, https:\/\/cococoirglobal.com\/wp-content\/uploads\/2023\/05\/15-1-510x378.jpg 510w\" sizes=\"(max-width: 800px) 100vw, 800px\" \/><\/p>\n<h2 style=\"text-align: justify;\">&#8220;CH\u1ea4T L\u01af\u1ee2NG H\u00c0NG \u0110\u1ea6U&#8221; L\u00c0 PH\u01af\u01a0NG CH\u00c2M C\u1ee6A CH\u00daNG T\u00d4I<\/h2>\n<p style=\"text-align: justify;\"><strong>X\u01a1 d\u1eeba c\u1ee7a ch\u00fang t\u00f4i \u0111\u01b0\u1ee3c r\u1eeda 4 l\u1ea7n b\u1eb1ng n\u01b0\u1edbc ng\u1ecdt<\/strong> \u0111\u1ec3 lo\u1ea1i b\u1ecf mu\u1ed1i n\u00ean ch\u1ec9 s\u1ed1 EC r\u1ea5t th\u1ea5p \u2264 0,5mS\/cm, pH: 5,8 \u2013 6,5 S.U. Ch\u00fang t\u00f4i \u0111\u1ec7m x\u01a1 d\u1eeba theo quy tr\u00ecnh \u0111\u1eb7c bi\u1ec7t, d\u1eabn \u0111\u1ebfn h\u00e0m l\u01b0\u1ee3ng Natri (Na) v\u00e0 Kali (K) c\u1ef1c th\u1ea5p, t\u1ea1o ra ch\u1ea5t n\u1ec1n tr\u1ed3ng d\u1eeba x\u01a1 d\u1eeba t\u1ed1t, ki\u1ec3m so\u00e1t t\u1ed1t h\u01a1n vi\u1ec7c qu\u1ea3n l\u00fd ph\u00e2n b\u00f3n, \u0111\u1ea3m b\u1ea3o c\u00e2y tr\u1ed3ng \u0111\u01b0\u1ee3c tr\u1ed9n \u0111\u1ec1u dinh d\u01b0\u1ee1ng, kh\u00f4ng c\u1ea7n r\u1eeda ho\u1eb7c b\u1ed5 sung d\u1eeba Ch\u1ea5t n\u1ec1n x\u01a1 d\u1eeba.<\/p>\n<p style=\"text-align: justify;\">Kh\u00e1ch h\u00e0ng c\u00f3 th\u1ec3 \u0111\u00e1nh gi\u00e1 qu\u00e1 tr\u00ecnh r\u1eeda v\u00e0 \u0111\u1ec7m s\u1ea3n ph\u1ea9m c\u1ee7a ch\u00fang t\u00f4i \u0111\u00e1p \u1ee9ng c\u00e1c ti\u00eau chu\u1ea9n C\u00f4ng nghi\u1ec7p cao nh\u1ea5t th\u00f4ng qua b\u00e1o c\u00e1o ph\u00e2n t\u00edch \u0111\u1eb7c t\u00ednh H\u00f3a ch\u1ea5t S\u1ea3n ph\u1ea9m do Ph\u00f2ng th\u00ed nghi\u1ec7m \u0111\u01b0\u1ee3c b\u00ean th\u1ee9 ba c\u00f4ng nh\u1eadn t\u1ea1i Hoa K\u1ef3 th\u1ef1c hi\u1ec7n. Ph\u00e2n t\u00edch \u0111\u1eb7c t\u00ednh h\u00f3a h\u1ecdc n\u00e0y s\u1ebd \u0111\u01b0\u1ee3c th\u1ef1c hi\u1ec7n tr\u00ean m\u1ecdi L\u00f4 s\u1ea3n xu\u1ea5t \u0111\u01b0\u1ee3c k\u1ebft n\u1ed1i v\u1edbi \u0110\u01a1n \u0111\u1eb7t h\u00e0ng c\u1ee7a kh\u00e1ch h\u00e0ng.<\/p>\n<p><img decoding=\"async\" loading=\"lazy\" class=\"aligncenter wp-image-17928\" src=\"https:\/\/cococoirglobal.com\/wp-content\/uploads\/2023\/05\/14-1.jpg\" alt=\"high-grade coco coir - coco coir global\" width=\"800\" height=\"593\" srcset=\"https:\/\/cococoirglobal.com\/wp-content\/uploads\/2023\/05\/14-1.jpg 1080w, https:\/\/cococoirglobal.com\/wp-content\/uploads\/2023\/05\/14-1-300x222.jpg 300w, https:\/\/cococoirglobal.com\/wp-content\/uploads\/2023\/05\/14-1-1024x759.jpg 1024w, https:\/\/cococoirglobal.com\/wp-content\/uploads\/2023\/05\/14-1-768x569.jpg 768w, https:\/\/cococoirglobal.com\/wp-content\/uploads\/2023\/05\/14-1-510x378.jpg 510w\" sizes=\"(max-width: 800px) 100vw, 800px\" \/><\/p>\n<h2 style=\"text-align: justify;\">QUY TR\u00ccNH S\u1ea2N XU\u1ea4T NGHI\u00caM NG\u1eb6T V\u00c0 MINH B\u1ea0CH<\/h2>\n<p>Ch\u00fang t\u00f4i gi\u00e1m s\u00e1t ch\u1eb7t ch\u1ebd qu\u00e1 tr\u00ecnh v\u1eadn chuy\u1ec3n t\u1eeb nguy\u00ean li\u1ec7u \u0111\u1ebfn x\u01a1 d\u1eeba th\u00e0nh ph\u1ea9m, s\u00e0ng l\u1ecdc nghi\u00eam ng\u1eb7t trong qu\u00e1 tr\u00ecnh s\u1ea3n xu\u1ea5t, c\u00f3 bao b\u00ec v\u00e0 th\u00f9ng v\u1eadn chuy\u1ec3n ph\u00f9 h\u1ee3p \u0111\u1ec3 lo\u1ea1i b\u1ecf nguy c\u01a1 nhi\u1ec5m c\u1ecf, h\u1ea1t c\u1ecf, \u0111\u1ea5t, t\u1ea1p ch\u1ea5t, c\u00f4n tr\u00f9ng v\u00e0 vi sinh v\u1eadt g\u00e2y h\u1ea1i.<\/p>\n<p>Ch\u00fang t\u00f4i c\u00f3 th\u1ec3 t\u00f9y ch\u1ec9nh c\u00e1c s\u1ea3n ph\u1ea9m c\u1ee7a m\u00ecnh theo y\u00eau c\u1ea7u c\u1ee7a kh\u00e1ch h\u00e0ng. V\u00e0 x\u01a1 d\u1eeba c\u1ee7a ch\u00fang t\u00f4i c\u00f3 th\u1ec3 t\u00e1i s\u1eed d\u1ee5ng, ph\u00e2n h\u1ee7y sinh h\u1ecdc.<\/p>\n<h2 style=\"text-align: justify;\">C\u00c1C \u1ee8NG D\u1ee4NG KH\u00c1C C\u1ee6A X\u01a0 D\u1eeaA<\/h2>\n<p style=\"text-align: justify;\">B\u00ean c\u1ea1nh Gi\u00e1 th\u1ec3 tr\u1ed3ng x\u01a1 d\u1eeba \u0111\u00e3 \u0111\u01b0\u1ee3c l\u00e0m s\u1ea1ch v\u00e0 \u0111\u1ec7m, Chip D\u1eeba, ch\u00fang t\u00f4i c\u0169ng cung c\u1ea5p x\u01a1 d\u1eeba v\u00e0 v\u1ee5n v\u1ecf d\u1eeba (chip d\u1eeba) ch\u01b0a r\u1eeda v\u00e0 ch\u01b0a qua x\u1eed l\u00fd cho c\u00e1c m\u1ee5c \u0111\u00edch phi tr\u1ed3ng tr\u1ecdt nh\u01b0 l\u00f3t chu\u1ed3ng cho ng\u1ef1a, l\u1edbp ph\u1ee7 s\u00e2n ch\u01a1i, l\u1edbp ph\u1ee7 v\u01b0\u1eddn, l\u00e0m s\u1ea1ch d\u1ea7u\u2026<\/p>\n","protected":false},"excerpt":{"rendered":"<p>\u0110\u1eb7c \u0111i\u1ec3m n\u1ed5i b\u1eadt s\u1ea3n ph\u1ea9m Gi\u00e1 th\u1ec3 tr\u1ed3ng x\u01a1 d\u1eeba h\u1eefu c\u01a1 100% t\u1ef1 nhi\u00ean c\u1ee7a ch\u00fang t\u00f4i l\u00e0 gi\u00e1 th\u1ec3 x\u01a1 d\u1eeba kh\u00f4ng c\u1ea7n \u0111\u1ea5t thu \u0111\u01b0\u1ee3c t\u1eeb vi\u1ec7c l\u1ef1a ch\u1ecdn v\u1ecf d\u1eeba t\u1ed1t nh\u1ea5t t\u1eeb \u200b\u200bt\u1ec9nh B\u1ebfn Tre, Vi\u1ec7t Nam. X\u01a1 d\u1eeba c\u1ee7a ch\u00fang t\u00f4i c\u00f3 k\u1ebft c\u1ea5u \u0111\u1ed3ng nh\u1ea5t, tho\u00e1t n\u01b0\u1edbc&#8230;<\/p>\n","protected":false},"author":2,"featured_media":14020,"parent":0,"menu_order":0,"comment_status":"closed","ping_status":"closed","template":"","meta":{"footnotes":""},"yoast_head":"<!-- This site is optimized with the Yoast SEO plugin v22.6 - https:\/\/yoast.com\/wordpress\/plugins\/seo\/ -->\n<title>Ch\u1ea5t L\u01b0\u1ee3ng S\u1ea3n Ph\u1ea9m X\u01a1 D\u1eeba C\u1ee7a Coco Coir Global<\/title>\n<meta name=\"description\" content=\"Gi\u00e1 th\u1ec3 tr\u1ed3ng x\u01a1 d\u1eeba h\u1eefu c\u01a1 100% t\u1ef1 nhi\u00ean c\u1ee7a ch\u00fang t\u00f4i l\u00e0 gi\u00e1 th\u1ec3 x\u01a1 d\u1eeba kh\u00f4ng c\u1ea7n \u0111\u1ea5t thu \u0111\u01b0\u1ee3c t\u1eeb vi\u1ec7c l\u1ef1a ch\u1ecdn v\u1ecf d\u1eeba t\u1ed1t nh\u1ea5t t\u1eeb \u200b\u200bt\u1ec9nh B\u1ebfn Tre, Vi\u1ec7t Nam.\" \/>\n<meta name=\"robots\" content=\"index, follow, max-snippet:-1, max-image-preview:large, max-video-preview:-1\" \/>\n<link rel=\"canonical\" href=\"https:\/\/cococoirglobal.com\/vi\/chat-luong-san-pham-cua-chung-toi\/\" \/>\n<meta property=\"og:locale\" content=\"vi_VN\" \/>\n<meta property=\"og:type\" content=\"article\" \/>\n<meta property=\"og:title\" content=\"Ch\u1ea5t L\u01b0\u1ee3ng S\u1ea3n Ph\u1ea9m X\u01a1 D\u1eeba C\u1ee7a Coco Coir Global\" \/>\n<meta property=\"og:description\" content=\"Gi\u00e1 th\u1ec3 tr\u1ed3ng x\u01a1 d\u1eeba h\u1eefu c\u01a1 100% t\u1ef1 nhi\u00ean c\u1ee7a ch\u00fang t\u00f4i l\u00e0 gi\u00e1 th\u1ec3 x\u01a1 d\u1eeba kh\u00f4ng c\u1ea7n \u0111\u1ea5t thu \u0111\u01b0\u1ee3c t\u1eeb vi\u1ec7c l\u1ef1a ch\u1ecdn v\u1ecf d\u1eeba t\u1ed1t nh\u1ea5t t\u1eeb \u200b\u200bt\u1ec9nh B\u1ebfn Tre, Vi\u1ec7t Nam.\" \/>\n<meta property=\"og:url\" content=\"https:\/\/cococoirglobal.com\/vi\/chat-luong-san-pham-cua-chung-toi\/\" \/>\n<meta property=\"og:site_name\" content=\"Coco Coir Global Vietnam\" \/>\n<meta property=\"article:publisher\" content=\"https:\/\/www.facebook.com\/cococoirglobal\/\" \/>\n<meta property=\"article:modified_time\" content=\"2023-05-26T04:35:04+00:00\" \/>\n<meta property=\"og:image\" content=\"https:\/\/cococoirglobal.com\/wp-content\/uploads\/2022\/09\/feature-page-our-product-quality.png\" \/>\n\t<meta property=\"og:image:width\" content=\"1000\" \/>\n\t<meta property=\"og:image:height\" content=\"700\" \/>\n\t<meta property=\"og:image:type\" content=\"image\/png\" \/>\n<meta name=\"twitter:card\" content=\"summary_large_image\" \/>\n<meta name=\"twitter:label1\" content=\"Est. reading time\" \/>\n\t<meta name=\"twitter:data1\" content=\"4 minutes\" \/>\n<script type=\"application\/ld+json\" class=\"yoast-schema-graph\">{\"@context\":\"https:\/\/schema.org\",\"@graph\":[{\"@type\":\"WebPage\",\"@id\":\"https:\/\/cococoirglobal.com\/vi\/chat-luong-san-pham-cua-chung-toi\/\",\"url\":\"https:\/\/cococoirglobal.com\/vi\/chat-luong-san-pham-cua-chung-toi\/\",\"name\":\"Ch\u1ea5t L\u01b0\u1ee3ng S\u1ea3n Ph\u1ea9m X\u01a1 D\u1eeba C\u1ee7a Coco Coir Global\",\"isPartOf\":{\"@id\":\"https:\/\/cococoirglobal.com\/vi\/#website\"},\"primaryImageOfPage\":{\"@id\":\"https:\/\/cococoirglobal.com\/vi\/chat-luong-san-pham-cua-chung-toi\/#primaryimage\"},\"image\":{\"@id\":\"https:\/\/cococoirglobal.com\/vi\/chat-luong-san-pham-cua-chung-toi\/#primaryimage\"},\"thumbnailUrl\":\"https:\/\/cococoirglobal.com\/wp-content\/uploads\/2022\/09\/feature-page-our-product-quality.png\",\"datePublished\":\"2022-11-30T05:09:51+00:00\",\"dateModified\":\"2023-05-26T04:35:04+00:00\",\"description\":\"Gi\u00e1 th\u1ec3 tr\u1ed3ng x\u01a1 d\u1eeba h\u1eefu c\u01a1 100% t\u1ef1 nhi\u00ean c\u1ee7a ch\u00fang t\u00f4i l\u00e0 gi\u00e1 th\u1ec3 x\u01a1 d\u1eeba kh\u00f4ng c\u1ea7n \u0111\u1ea5t thu \u0111\u01b0\u1ee3c t\u1eeb vi\u1ec7c l\u1ef1a ch\u1ecdn v\u1ecf d\u1eeba t\u1ed1t nh\u1ea5t t\u1eeb \u200b\u200bt\u1ec9nh B\u1ebfn Tre, Vi\u1ec7t Nam.\",\"breadcrumb\":{\"@id\":\"https:\/\/cococoirglobal.com\/vi\/chat-luong-san-pham-cua-chung-toi\/#breadcrumb\"},\"inLanguage\":\"vi-VN\",\"potentialAction\":[{\"@type\":\"ReadAction\",\"target\":[\"https:\/\/cococoirglobal.com\/vi\/chat-luong-san-pham-cua-chung-toi\/\"]}]},{\"@type\":\"ImageObject\",\"inLanguage\":\"vi-VN\",\"@id\":\"https:\/\/cococoirglobal.com\/vi\/chat-luong-san-pham-cua-chung-toi\/#primaryimage\",\"url\":\"https:\/\/cococoirglobal.com\/wp-content\/uploads\/2022\/09\/feature-page-our-product-quality.png\",\"contentUrl\":\"https:\/\/cococoirglobal.com\/wp-content\/uploads\/2022\/09\/feature-page-our-product-quality.png\",\"width\":1000,\"height\":700,\"caption\":\"high-quality-coconut-coir-coco-coir-global\"},{\"@type\":\"BreadcrumbList\",\"@id\":\"https:\/\/cococoirglobal.com\/vi\/chat-luong-san-pham-cua-chung-toi\/#breadcrumb\",\"itemListElement\":[{\"@type\":\"ListItem\",\"position\":1,\"name\":\"Home\",\"item\":\"https:\/\/cococoirglobal.com\/vi\/\"},{\"@type\":\"ListItem\",\"position\":2,\"name\":\"CH\u1ea4T L\u01af\u1ee2NG S\u1ea2N PH\u1ea8M C\u1ee6A CH\u00daNG T\u00d4I\"}]},{\"@type\":\"WebSite\",\"@id\":\"https:\/\/cococoirglobal.com\/vi\/#website\",\"url\":\"https:\/\/cococoirglobal.com\/vi\/\",\"name\":\"Coco Coir Global\",\"description\":\"The leading manufacturer and supplier of Coco Coir Products!\",\"publisher\":{\"@id\":\"https:\/\/cococoirglobal.com\/vi\/#organization\"},\"potentialAction\":[{\"@type\":\"SearchAction\",\"target\":{\"@type\":\"EntryPoint\",\"urlTemplate\":\"https:\/\/cococoirglobal.com\/vi\/?s={search_term_string}\"},\"query-input\":\"required name=search_term_string\"}],\"inLanguage\":\"vi-VN\"},{\"@type\":\"Organization\",\"@id\":\"https:\/\/cococoirglobal.com\/vi\/#organization\",\"name\":\"COCO COIR GLOBAL COMPANY LIMITED\",\"url\":\"https:\/\/cococoirglobal.com\/vi\/\",\"logo\":{\"@type\":\"ImageObject\",\"inLanguage\":\"vi-VN\",\"@id\":\"https:\/\/cococoirglobal.com\/vi\/#\/schema\/logo\/image\/\",\"url\":\"https:\/\/cococoirglobal.com\/wp-content\/uploads\/2023\/05\/Logo-coco-coir.png\",\"contentUrl\":\"https:\/\/cococoirglobal.com\/wp-content\/uploads\/2023\/05\/Logo-coco-coir.png\",\"width\":512,\"height\":512,\"caption\":\"COCO COIR GLOBAL COMPANY LIMITED\"},\"image\":{\"@id\":\"https:\/\/cococoirglobal.com\/vi\/#\/schema\/logo\/image\/\"},\"sameAs\":[\"https:\/\/www.facebook.com\/cococoirglobal\/\",\"https:\/\/www.instagram.com\/cococoirglobal\/\",\"https:\/\/www.linkedin.com\/company\/coco-coir-global-company-limited\",\"https:\/\/www.youtube.com\/channel\/UC4Xk-Is93xHrllYZADkM7yQ\"]}]}<\/script>\n<!-- \/ Yoast SEO plugin. -->","yoast_head_json":{"title":"Ch\u1ea5t L\u01b0\u1ee3ng S\u1ea3n Ph\u1ea9m X\u01a1 D\u1eeba C\u1ee7a Coco Coir Global","description":"Gi\u00e1 th\u1ec3 tr\u1ed3ng x\u01a1 d\u1eeba h\u1eefu c\u01a1 100% t\u1ef1 nhi\u00ean c\u1ee7a ch\u00fang t\u00f4i l\u00e0 gi\u00e1 th\u1ec3 x\u01a1 d\u1eeba kh\u00f4ng c\u1ea7n \u0111\u1ea5t thu \u0111\u01b0\u1ee3c t\u1eeb vi\u1ec7c l\u1ef1a ch\u1ecdn v\u1ecf d\u1eeba t\u1ed1t nh\u1ea5t t\u1eeb \u200b\u200bt\u1ec9nh B\u1ebfn Tre, Vi\u1ec7t Nam.","robots":{"index":"index","follow":"follow","max-snippet":"max-snippet:-1","max-image-preview":"max-image-preview:large","max-video-preview":"max-video-preview:-1"},"canonical":"https:\/\/cococoirglobal.com\/vi\/chat-luong-san-pham-cua-chung-toi\/","og_locale":"vi_VN","og_type":"article","og_title":"Ch\u1ea5t L\u01b0\u1ee3ng S\u1ea3n Ph\u1ea9m X\u01a1 D\u1eeba C\u1ee7a Coco Coir Global","og_description":"Gi\u00e1 th\u1ec3 tr\u1ed3ng x\u01a1 d\u1eeba h\u1eefu c\u01a1 100% t\u1ef1 nhi\u00ean c\u1ee7a ch\u00fang t\u00f4i l\u00e0 gi\u00e1 th\u1ec3 x\u01a1 d\u1eeba kh\u00f4ng c\u1ea7n \u0111\u1ea5t thu \u0111\u01b0\u1ee3c t\u1eeb vi\u1ec7c l\u1ef1a ch\u1ecdn v\u1ecf d\u1eeba t\u1ed1t nh\u1ea5t t\u1eeb \u200b\u200bt\u1ec9nh B\u1ebfn Tre, Vi\u1ec7t Nam.","og_url":"https:\/\/cococoirglobal.com\/vi\/chat-luong-san-pham-cua-chung-toi\/","og_site_name":"Coco Coir Global Vietnam","article_publisher":"https:\/\/www.facebook.com\/cococoirglobal\/","article_modified_time":"2023-05-26T04:35:04+00:00","og_image":[{"width":1000,"height":700,"url":"https:\/\/cococoirglobal.com\/wp-content\/uploads\/2022\/09\/feature-page-our-product-quality.png","type":"image\/png"}],"twitter_card":"summary_large_image","twitter_misc":{"Est. reading time":"4 minutes"},"schema":{"@context":"https:\/\/schema.org","@graph":[{"@type":"WebPage","@id":"https:\/\/cococoirglobal.com\/vi\/chat-luong-san-pham-cua-chung-toi\/","url":"https:\/\/cococoirglobal.com\/vi\/chat-luong-san-pham-cua-chung-toi\/","name":"Ch\u1ea5t L\u01b0\u1ee3ng S\u1ea3n Ph\u1ea9m X\u01a1 D\u1eeba C\u1ee7a Coco Coir Global","isPartOf":{"@id":"https:\/\/cococoirglobal.com\/vi\/#website"},"primaryImageOfPage":{"@id":"https:\/\/cococoirglobal.com\/vi\/chat-luong-san-pham-cua-chung-toi\/#primaryimage"},"image":{"@id":"https:\/\/cococoirglobal.com\/vi\/chat-luong-san-pham-cua-chung-toi\/#primaryimage"},"thumbnailUrl":"https:\/\/cococoirglobal.com\/wp-content\/uploads\/2022\/09\/feature-page-our-product-quality.png","datePublished":"2022-11-30T05:09:51+00:00","dateModified":"2023-05-26T04:35:04+00:00","description":"Gi\u00e1 th\u1ec3 tr\u1ed3ng x\u01a1 d\u1eeba h\u1eefu c\u01a1 100% t\u1ef1 nhi\u00ean c\u1ee7a ch\u00fang t\u00f4i l\u00e0 gi\u00e1 th\u1ec3 x\u01a1 d\u1eeba kh\u00f4ng c\u1ea7n \u0111\u1ea5t thu \u0111\u01b0\u1ee3c t\u1eeb vi\u1ec7c l\u1ef1a ch\u1ecdn v\u1ecf d\u1eeba t\u1ed1t nh\u1ea5t t\u1eeb \u200b\u200bt\u1ec9nh B\u1ebfn Tre, Vi\u1ec7t Nam.","breadcrumb":{"@id":"https:\/\/cococoirglobal.com\/vi\/chat-luong-san-pham-cua-chung-toi\/#breadcrumb"},"inLanguage":"vi-VN","potentialAction":[{"@type":"ReadAction","target":["https:\/\/cococoirglobal.com\/vi\/chat-luong-san-pham-cua-chung-toi\/"]}]},{"@type":"ImageObject","inLanguage":"vi-VN","@id":"https:\/\/cococoirglobal.com\/vi\/chat-luong-san-pham-cua-chung-toi\/#primaryimage","url":"https:\/\/cococoirglobal.com\/wp-content\/uploads\/2022\/09\/feature-page-our-product-quality.png","contentUrl":"https:\/\/cococoirglobal.com\/wp-content\/uploads\/2022\/09\/feature-page-our-product-quality.png","width":1000,"height":700,"caption":"high-quality-coconut-coir-coco-coir-global"},{"@type":"BreadcrumbList","@id":"https:\/\/cococoirglobal.com\/vi\/chat-luong-san-pham-cua-chung-toi\/#breadcrumb","itemListElement":[{"@type":"ListItem","position":1,"name":"Home","item":"https:\/\/cococoirglobal.com\/vi\/"},{"@type":"ListItem","position":2,"name":"CH\u1ea4T L\u01af\u1ee2NG S\u1ea2N PH\u1ea8M C\u1ee6A CH\u00daNG T\u00d4I"}]},{"@type":"WebSite","@id":"https:\/\/cococoirglobal.com\/vi\/#website","url":"https:\/\/cococoirglobal.com\/vi\/","name":"Coco Coir Global","description":"The leading manufacturer and supplier of Coco Coir Products!","publisher":{"@id":"https:\/\/cococoirglobal.com\/vi\/#organization"},"potentialAction":[{"@type":"SearchAction","target":{"@type":"EntryPoint","urlTemplate":"https:\/\/cococoirglobal.com\/vi\/?s={search_term_string}"},"query-input":"required name=search_term_string"}],"inLanguage":"vi-VN"},{"@type":"Organization","@id":"https:\/\/cococoirglobal.com\/vi\/#organization","name":"COCO COIR GLOBAL COMPANY LIMITED","url":"https:\/\/cococoirglobal.com\/vi\/","logo":{"@type":"ImageObject","inLanguage":"vi-VN","@id":"https:\/\/cococoirglobal.com\/vi\/#\/schema\/logo\/image\/","url":"https:\/\/cococoirglobal.com\/wp-content\/uploads\/2023\/05\/Logo-coco-coir.png","contentUrl":"https:\/\/cococoirglobal.com\/wp-content\/uploads\/2023\/05\/Logo-coco-coir.png","width":512,"height":512,"caption":"COCO COIR GLOBAL COMPANY LIMITED"},"image":{"@id":"https:\/\/cococoirglobal.com\/vi\/#\/schema\/logo\/image\/"},"sameAs":["https:\/\/www.facebook.com\/cococoirglobal\/","https:\/\/www.instagram.com\/cococoirglobal\/","https:\/\/www.linkedin.com\/company\/coco-coir-global-company-limited","https:\/\/www.youtube.com\/channel\/UC4Xk-Is93xHrllYZADkM7yQ"]}]}},"_links":{"self":[{"href":"https:\/\/cococoirglobal.com\/vi\/wp-json\/wp\/v2\/pages\/15136"}],"collection":[{"href":"https:\/\/cococoirglobal.com\/vi\/wp-json\/wp\/v2\/pages"}],"about":[{"href":"https:\/\/cococoirglobal.com\/vi\/wp-json\/wp\/v2\/types\/page"}],"author":[{"embeddable":true,"href":"https:\/\/cococoirglobal.com\/vi\/wp-json\/wp\/v2\/users\/2"}],"replies":[{"embeddable":true,"href":"https:\/\/cococoirglobal.com\/vi\/wp-json\/wp\/v2\/comments?post=15136"}],"version-history":[{"count":0,"href":"https:\/\/cococoirglobal.com\/vi\/wp-json\/wp\/v2\/pages\/15136\/revisions"}],"wp:featuredmedia":[{"embeddable":true,"href":"https:\/\/cococoirglobal.com\/vi\/wp-json\/wp\/v2\/media\/14020"}],"wp:attachment":[{"href":"https:\/\/cococoirglobal.com\/vi\/wp-json\/wp\/v2\/media?parent=15136"}],"curies":[{"name":"wp","href":"https:\/\/api.w.org\/{rel}","templated":true}]}}