{"id":33375,"date":"2023-09-25T14:17:43","date_gmt":"2023-09-25T07:17:43","guid":{"rendered":"https:\/\/cococoirglobal.com\/?post_type=product&#038;p=33375"},"modified":"2023-12-04T14:44:48","modified_gmt":"2023-12-04T07:44:48","slug":"sacco-per-coltivazione-in-fibra-di-cocco","status":"publish","type":"product","link":"https:\/\/cococoirglobal.com\/it\/product\/sacco-per-coltivazione-in-fibra-di-cocco\/","title":{"rendered":"Sacco per coltivazione in fibra di cocco"},"content":{"rendered":"<h2><b>I. Informazioni sulla borsa per la coltivazione in fibra di cocco<\/b><\/h2>\n<p><b>Elencato OMRI<\/b><span style=\"font-weight: 400;\">: Codice prodotto Omri: coz-16114<\/span><\/p>\n<p><span style=\"font-weight: 400;\">Le materie prime sono naturali al 100% provenienti da gusci di cocco. Modulo pronto all&#8217;uso. Ampiamente utilizzato per le piante in serra, ovvero pomodori, cetrioli, peperoni, fragole, meloni, lattuga, ecc.<\/span><\/p>\n<p><a href=\"https:\/\/cococoirglobal.com\/grow-bag-2\/\"><img decoding=\"async\" loading=\"lazy\" class=\"size-full wp-image-30048 aligncenter\" src=\"https:\/\/cococoirglobal.com\/wp-content\/uploads\/2023\/09\/Grow-bag.png\" alt=\"\" width=\"1080\" height=\"800\" srcset=\"https:\/\/cococoirglobal.com\/wp-content\/uploads\/2023\/09\/Grow-bag.png 1080w, https:\/\/cococoirglobal.com\/wp-content\/uploads\/2023\/09\/Grow-bag-800x593.png 800w, https:\/\/cococoirglobal.com\/wp-content\/uploads\/2023\/09\/Grow-bag-768x569.png 768w, https:\/\/cococoirglobal.com\/wp-content\/uploads\/2023\/09\/Grow-bag-510x378.png 510w\" sizes=\"(max-width: 1080px) 100vw, 1080px\" \/><\/a><\/p>\n<h2><b>III. Caratteristiche della borsa per la coltivazione in fibra di cocco<\/b><\/h2>\n<ul>\n<li style=\"font-weight: 400;\" aria-level=\"1\"><span style=\"font-weight: 400;\">Substrato organico, biodegradabile ed ecologico<\/span><\/li>\n<li style=\"font-weight: 400;\" aria-level=\"1\"><span style=\"font-weight: 400;\">EC molto basso, particolarmente adatto per la semina<\/span><\/li>\n<li style=\"font-weight: 400;\" aria-level=\"1\"><span style=\"font-weight: 400;\">Livelli di pH bilanciati e stabilizzati, con contenuti estremamente bassi di potassio e sodio, adatti a diverse colture<\/span><\/li>\n<li style=\"font-weight: 400;\" aria-level=\"1\"><span style=\"font-weight: 400;\">Metalli pesanti e residui di pesticidi estremamente bassi<\/span><\/li>\n<li style=\"font-weight: 400;\" aria-level=\"1\"><span style=\"font-weight: 400;\">L&#8217;elevata porosit\u00e0 riempita d&#8217;aria (AFP) fornisce una buona struttura media (non troppo larga o troppo densa), un buon scambio di ossigeno, un drenaggio adeguato, una buona ritenzione idrica e un assorbimento di nutrienti per una migliore crescita delle piante<\/span><\/li>\n<li style=\"font-weight: 400;\" aria-level=\"1\"><span style=\"font-weight: 400;\">Buon drenaggio e elevata capacit\u00e0 di ritenzione idrica (WHC), che aiutano a trattenere l&#8217;umidit\u00e0 ed evitare il ristagno d&#8217;acqua per le piante.<\/span><\/li>\n<li style=\"font-weight: 400;\" aria-level=\"1\"><span style=\"font-weight: 400;\">L&#8217;aerazione desiderata aiuta le radici delle piante a ricevere la quantit\u00e0 necessaria di ossigeno, permettendole cos\u00ec di crescere sane.<\/span><\/li>\n<li style=\"font-weight: 400;\" aria-level=\"1\"><span style=\"font-weight: 400;\">L&#8217;elevata capacit\u00e0 di scambio cationico (CEC) aiuta le piante ad assorbire i nutrienti necessari<\/span><\/li>\n<li style=\"font-weight: 400;\" aria-level=\"1\"><span style=\"font-weight: 400;\">Non contiene sostanze chimiche nocive o parassiti, sicuro da usare<\/span><\/li>\n<\/ul>\n<p><a href=\"https:\/\/cococoirglobal.com\/grow-bag-vip-2\/\"><img decoding=\"async\" loading=\"lazy\" class=\"size-full wp-image-30043 aligncenter\" src=\"https:\/\/cococoirglobal.com\/wp-content\/uploads\/2023\/09\/Grow-bag-vip.png\" alt=\"\" width=\"1080\" height=\"800\" srcset=\"https:\/\/cococoirglobal.com\/wp-content\/uploads\/2023\/09\/Grow-bag-vip.png 1080w, https:\/\/cococoirglobal.com\/wp-content\/uploads\/2023\/09\/Grow-bag-vip-800x593.png 800w, https:\/\/cococoirglobal.com\/wp-content\/uploads\/2023\/09\/Grow-bag-vip-768x569.png 768w, https:\/\/cococoirglobal.com\/wp-content\/uploads\/2023\/09\/Grow-bag-vip-510x378.png 510w\" sizes=\"(max-width: 1080px) 100vw, 1080px\" \/><\/a><\/p>\n<h2><b>III. Vantaggi del sacchetto per la coltivazione in fibra di cocco<\/b><\/h2>\n<ul>\n<li style=\"font-weight: 400;\" aria-level=\"1\"><span style=\"font-weight: 400;\">Con propriet\u00e0 eccezionali, la fibra di cocco crea condizioni favorevoli e un ambiente ideale per la crescita delle piante.<\/span><\/li>\n<li style=\"font-weight: 400;\" aria-level=\"1\"><span style=\"font-weight: 400;\">Aiuta a migliorare la qualit\u00e0 del raccolto, producendo frutta e verdura gustose e nutrienti<\/span><\/li>\n<li style=\"font-weight: 400;\" aria-level=\"1\"><span style=\"font-weight: 400;\">Aiuta a migliorare la produttivit\u00e0 delle colture, producendo rendimenti elevati<\/span><\/li>\n<\/ul>\n<h2><b>IV. Applicazioni del sacchetto per la coltivazione in fibra di cocco<\/b><\/h2>\n<ul>\n<li style=\"font-weight: 400;\" aria-level=\"1\"><span style=\"font-weight: 400;\">Appositamente progettato per la maggior parte delle colture di vite in serra<\/span><\/li>\n<li style=\"font-weight: 400;\" aria-level=\"1\"><span style=\"font-weight: 400;\">Ideale se utilizzato con i cubi di propagazione della fibra di cocco<\/span><\/li>\n<li style=\"font-weight: 400;\" aria-level=\"1\"><span style=\"font-weight: 400;\">Ampiamente usato nelle serre o nei polytunnel ad alta tecnologia<\/span><\/li>\n<\/ul>\n<h2><b>V. Istruzioni per l&#8217;uso del Grow Bag in fibra di cocco<\/b><\/h2>\n<ul>\n<li style=\"font-weight: 400;\" aria-level=\"1\"><span style=\"font-weight: 400;\">Passaggio 1: Idratare manualmente il sacchetto di coltivazione con acqua dolce utilizzando un annaffiatoio o automaticamente utilizzando un sistema di irrigazione (solitamente utilizzato nelle serre ad alta tecnologia dotate di macchine di monitoraggio) finch\u00e9 non si espande completamente.<\/span><\/li>\n<li style=\"font-weight: 400;\" aria-level=\"1\"><span style=\"font-weight: 400;\">Passo 2: Metti la piantina o il cubo di propagazione che contiene la pianta giovane nel sacchetto di coltivazione<\/span><\/li>\n<li style=\"font-weight: 400;\" aria-level=\"1\"><span style=\"font-weight: 400;\">Passaggio 3: annaffiare e nutrire le piante con i regimi nutrizionali personalizzati o consigliati<\/span><\/li>\n<\/ul>\n<p><span style=\"font-weight: 400;\">Nota: prendere il controllo della routine di alimentazione per evitare carenze<\/span><\/p>\n<p><a href=\"https:\/\/cococoirglobal.com\/grow-bag-shipping-2\/\"><img decoding=\"async\" loading=\"lazy\" class=\"size-full wp-image-30053 aligncenter\" src=\"https:\/\/cococoirglobal.com\/wp-content\/uploads\/2023\/09\/Grow-bag-shipping.png\" alt=\"\" width=\"800\" height=\"593\" srcset=\"https:\/\/cococoirglobal.com\/wp-content\/uploads\/2023\/09\/Grow-bag-shipping.png 800w, https:\/\/cococoirglobal.com\/wp-content\/uploads\/2023\/09\/Grow-bag-shipping-768x569.png 768w, https:\/\/cococoirglobal.com\/wp-content\/uploads\/2023\/09\/Grow-bag-shipping-510x378.png 510w\" sizes=\"(max-width: 800px) 100vw, 800px\" \/><\/a><\/p>\n<h2><b>VI. Conservazione del sacchetto per la coltivazione in fibra di cocco<\/b><\/h2>\n<ul>\n<li style=\"font-weight: 400;\" aria-level=\"1\"><span style=\"font-weight: 400;\">Conservare in un&#8217;area fresca, asciutta e ben ventilata. Ci\u00f2 contribuir\u00e0 a evitare che l&#8217;umidit\u00e0 penetri all&#8217;interno e causi il deterioramento della fibra di cocco.<\/span><\/li>\n<li style=\"font-weight: 400;\" aria-level=\"1\"><span style=\"font-weight: 400;\">Tienilo lontano dalla luce solare: la luce solare diretta pu\u00f2 danneggiare la fibra di cocco, quindi \u00e8 essenziale conservarla lontano da finestre o altre fonti di luce solare diretta.<\/span><\/li>\n<li style=\"font-weight: 400;\" aria-level=\"1\"><span style=\"font-weight: 400;\">Evitare la contaminazione: tenere la fibra di cocco lontana da qualsiasi potenziale fonte di contaminazione, come fertilizzanti, pesticidi e sostanze chimiche.<\/span><\/li>\n<li style=\"font-weight: 400;\" aria-level=\"1\"><span style=\"font-weight: 400;\">Utilizzare entro la data di scadenza come consigliato dal produttore.<\/span><\/li>\n<\/ul>\n","protected":false},"excerpt":{"rendered":"<p><span style=\"font-weight: 400;\">\u2713 Pronto all&#8217;uso (non \u00e8 necessario prerisciacquare)<\/span><\/p>\n<p><span style=\"font-weight: 400;\">\u2713 Specializzato per colture in serra<\/span><\/p>\n<p><span style=\"font-weight: 400;\">\u2713 Consigliato da utilizzare insieme ai cubetti di cocco<\/span><\/p>\n<p><span style=\"font-weight: 400;\">\u2713 Scelta perfetta per consegne con grandi quantit\u00e0<\/span><\/p>\n","protected":false},"featured_media":33376,"comment_status":"open","ping_status":"closed","template":"","meta":[],"product_cat":[566],"product_tag":[],"yoast_head":"<!-- This site is optimized with the Yoast SEO plugin v22.6 - https:\/\/yoast.com\/wordpress\/plugins\/seo\/ -->\n<title>Sacco per coltivazione in fibra di cocco (lastra in fibra di cocco)<\/title>\n<meta name=\"description\" content=\"Le materie prime sono naturali al 100% provenienti da gusci di cocco. Modulo pronto all&#039;uso. Ampiamente utilizzato per le piante in serra, ovvero pomodori, cetrioli, peperoni, fragole, meloni, lattuga, ecc.\" \/>\n<meta name=\"robots\" content=\"index, follow, max-snippet:-1, max-image-preview:large, max-video-preview:-1\" \/>\n<link rel=\"canonical\" href=\"https:\/\/cococoirglobal.com\/it\/product\/sacco-per-coltivazione-in-fibra-di-cocco\/\" \/>\n<meta property=\"og:locale\" content=\"it_IT\" \/>\n<meta property=\"og:type\" content=\"article\" \/>\n<meta property=\"og:title\" content=\"Sacco per coltivazione in fibra di cocco (lastra in fibra di cocco)\" \/>\n<meta property=\"og:description\" content=\"Le materie prime sono naturali al 100% provenienti da gusci di cocco. Modulo pronto all&#039;uso. Ampiamente utilizzato per le piante in serra, ovvero pomodori, cetrioli, peperoni, fragole, meloni, lattuga, ecc.\" \/>\n<meta property=\"og:url\" content=\"https:\/\/cococoirglobal.com\/it\/product\/sacco-per-coltivazione-in-fibra-di-cocco\/\" \/>\n<meta property=\"og:site_name\" content=\"Coco Coir Global Vietnam\" \/>\n<meta property=\"article:publisher\" content=\"https:\/\/www.facebook.com\/cococoirglobal\/\" \/>\n<meta property=\"article:modified_time\" content=\"2023-12-04T07:44:48+00:00\" \/>\n<meta property=\"og:image\" content=\"https:\/\/cococoirglobal.com\/wp-content\/uploads\/2023\/07\/Grow-bag.png\" \/>\n\t<meta property=\"og:image:width\" content=\"1080\" \/>\n\t<meta property=\"og:image:height\" content=\"800\" \/>\n\t<meta property=\"og:image:type\" content=\"image\/png\" \/>\n<meta name=\"twitter:card\" content=\"summary_large_image\" \/>\n<meta name=\"twitter:label1\" content=\"Tempo di lettura stimato\" \/>\n\t<meta name=\"twitter:data1\" content=\"3 minuti\" \/>\n<script type=\"application\/ld+json\" class=\"yoast-schema-graph\">{\"@context\":\"https:\/\/schema.org\",\"@graph\":[{\"@type\":\"WebPage\",\"@id\":\"https:\/\/cococoirglobal.com\/it\/product\/sacco-per-coltivazione-in-fibra-di-cocco\/\",\"url\":\"https:\/\/cococoirglobal.com\/it\/product\/sacco-per-coltivazione-in-fibra-di-cocco\/\",\"name\":\"Sacco per coltivazione in fibra di cocco (lastra in fibra di cocco)\",\"isPartOf\":{\"@id\":\"https:\/\/cococoirglobal.com\/it\/#website\"},\"primaryImageOfPage\":{\"@id\":\"https:\/\/cococoirglobal.com\/it\/product\/sacco-per-coltivazione-in-fibra-di-cocco\/#primaryimage\"},\"image\":{\"@id\":\"https:\/\/cococoirglobal.com\/it\/product\/sacco-per-coltivazione-in-fibra-di-cocco\/#primaryimage\"},\"thumbnailUrl\":\"https:\/\/cococoirglobal.com\/wp-content\/uploads\/2023\/07\/Grow-bag.png\",\"datePublished\":\"2023-09-25T07:17:43+00:00\",\"dateModified\":\"2023-12-04T07:44:48+00:00\",\"description\":\"Le materie prime sono naturali al 100% provenienti da gusci di cocco. Modulo pronto all'uso. Ampiamente utilizzato per le piante in serra, ovvero pomodori, cetrioli, peperoni, fragole, meloni, lattuga, ecc.\",\"breadcrumb\":{\"@id\":\"https:\/\/cococoirglobal.com\/it\/product\/sacco-per-coltivazione-in-fibra-di-cocco\/#breadcrumb\"},\"inLanguage\":\"it-IT\",\"potentialAction\":[{\"@type\":\"ReadAction\",\"target\":[\"https:\/\/cococoirglobal.com\/it\/product\/sacco-per-coltivazione-in-fibra-di-cocco\/\"]}]},{\"@type\":\"ImageObject\",\"inLanguage\":\"it-IT\",\"@id\":\"https:\/\/cococoirglobal.com\/it\/product\/sacco-per-coltivazione-in-fibra-di-cocco\/#primaryimage\",\"url\":\"https:\/\/cococoirglobal.com\/wp-content\/uploads\/2023\/07\/Grow-bag.png\",\"contentUrl\":\"https:\/\/cococoirglobal.com\/wp-content\/uploads\/2023\/07\/Grow-bag.png\",\"width\":1080,\"height\":800},{\"@type\":\"BreadcrumbList\",\"@id\":\"https:\/\/cococoirglobal.com\/it\/product\/sacco-per-coltivazione-in-fibra-di-cocco\/#breadcrumb\",\"itemListElement\":[{\"@type\":\"ListItem\",\"position\":1,\"name\":\"Home\",\"item\":\"https:\/\/cococoirglobal.com\/it\/\"},{\"@type\":\"ListItem\",\"position\":2,\"name\":\"Prodotti\",\"item\":\"https:\/\/cococoirglobal.com\/it\/shop\/\"},{\"@type\":\"ListItem\",\"position\":3,\"name\":\"fibra di cocco\",\"item\":\"https:\/\/cococoirglobal.com\/it\/product-category\/fibra-di-cocco\/\"},{\"@type\":\"ListItem\",\"position\":4,\"name\":\"Sacco per coltivazione in fibra di cocco\"}]},{\"@type\":\"WebSite\",\"@id\":\"https:\/\/cococoirglobal.com\/it\/#website\",\"url\":\"https:\/\/cococoirglobal.com\/it\/\",\"name\":\"Coco Coir Global\",\"description\":\"The leading manufacturer and supplier of Coco Coir Products!\",\"publisher\":{\"@id\":\"https:\/\/cococoirglobal.com\/it\/#organization\"},\"potentialAction\":[{\"@type\":\"SearchAction\",\"target\":{\"@type\":\"EntryPoint\",\"urlTemplate\":\"https:\/\/cococoirglobal.com\/it\/?s={search_term_string}\"},\"query-input\":\"required name=search_term_string\"}],\"inLanguage\":\"it-IT\"},{\"@type\":\"Organization\",\"@id\":\"https:\/\/cococoirglobal.com\/it\/#organization\",\"name\":\"COCO COIR GLOBAL COMPANY LIMITED\",\"url\":\"https:\/\/cococoirglobal.com\/it\/\",\"logo\":{\"@type\":\"ImageObject\",\"inLanguage\":\"it-IT\",\"@id\":\"https:\/\/cococoirglobal.com\/it\/#\/schema\/logo\/image\/\",\"url\":\"https:\/\/cococoirglobal.com\/wp-content\/uploads\/2023\/05\/Logo-coco-coir.png\",\"contentUrl\":\"https:\/\/cococoirglobal.com\/wp-content\/uploads\/2023\/05\/Logo-coco-coir.png\",\"width\":512,\"height\":512,\"caption\":\"COCO COIR GLOBAL COMPANY LIMITED\"},\"image\":{\"@id\":\"https:\/\/cococoirglobal.com\/it\/#\/schema\/logo\/image\/\"},\"sameAs\":[\"https:\/\/www.facebook.com\/cococoirglobal\/\",\"https:\/\/www.instagram.com\/cococoirglobal\/\",\"https:\/\/www.linkedin.com\/company\/coco-coir-global-company-limited\",\"https:\/\/www.youtube.com\/channel\/UC4Xk-Is93xHrllYZADkM7yQ\"]}]}<\/script>\n<!-- \/ Yoast SEO plugin. -->","yoast_head_json":{"title":"Sacco per coltivazione in fibra di cocco (lastra in fibra di cocco)","description":"Le materie prime sono naturali al 100% provenienti da gusci di cocco. Modulo pronto all'uso. Ampiamente utilizzato per le piante in serra, ovvero pomodori, cetrioli, peperoni, fragole, meloni, lattuga, ecc.","robots":{"index":"index","follow":"follow","max-snippet":"max-snippet:-1","max-image-preview":"max-image-preview:large","max-video-preview":"max-video-preview:-1"},"canonical":"https:\/\/cococoirglobal.com\/it\/product\/sacco-per-coltivazione-in-fibra-di-cocco\/","og_locale":"it_IT","og_type":"article","og_title":"Sacco per coltivazione in fibra di cocco (lastra in fibra di cocco)","og_description":"Le materie prime sono naturali al 100% provenienti da gusci di cocco. Modulo pronto all'uso. Ampiamente utilizzato per le piante in serra, ovvero pomodori, cetrioli, peperoni, fragole, meloni, lattuga, ecc.","og_url":"https:\/\/cococoirglobal.com\/it\/product\/sacco-per-coltivazione-in-fibra-di-cocco\/","og_site_name":"Coco Coir Global Vietnam","article_publisher":"https:\/\/www.facebook.com\/cococoirglobal\/","article_modified_time":"2023-12-04T07:44:48+00:00","og_image":[{"width":1080,"height":800,"url":"https:\/\/cococoirglobal.com\/wp-content\/uploads\/2023\/07\/Grow-bag.png","type":"image\/png"}],"twitter_card":"summary_large_image","twitter_misc":{"Tempo di lettura stimato":"3 minuti"},"schema":{"@context":"https:\/\/schema.org","@graph":[{"@type":"WebPage","@id":"https:\/\/cococoirglobal.com\/it\/product\/sacco-per-coltivazione-in-fibra-di-cocco\/","url":"https:\/\/cococoirglobal.com\/it\/product\/sacco-per-coltivazione-in-fibra-di-cocco\/","name":"Sacco per coltivazione in fibra di cocco (lastra in fibra di cocco)","isPartOf":{"@id":"https:\/\/cococoirglobal.com\/it\/#website"},"primaryImageOfPage":{"@id":"https:\/\/cococoirglobal.com\/it\/product\/sacco-per-coltivazione-in-fibra-di-cocco\/#primaryimage"},"image":{"@id":"https:\/\/cococoirglobal.com\/it\/product\/sacco-per-coltivazione-in-fibra-di-cocco\/#primaryimage"},"thumbnailUrl":"https:\/\/cococoirglobal.com\/wp-content\/uploads\/2023\/07\/Grow-bag.png","datePublished":"2023-09-25T07:17:43+00:00","dateModified":"2023-12-04T07:44:48+00:00","description":"Le materie prime sono naturali al 100% provenienti da gusci di cocco. Modulo pronto all'uso. Ampiamente utilizzato per le piante in serra, ovvero pomodori, cetrioli, peperoni, fragole, meloni, lattuga, ecc.","breadcrumb":{"@id":"https:\/\/cococoirglobal.com\/it\/product\/sacco-per-coltivazione-in-fibra-di-cocco\/#breadcrumb"},"inLanguage":"it-IT","potentialAction":[{"@type":"ReadAction","target":["https:\/\/cococoirglobal.com\/it\/product\/sacco-per-coltivazione-in-fibra-di-cocco\/"]}]},{"@type":"ImageObject","inLanguage":"it-IT","@id":"https:\/\/cococoirglobal.com\/it\/product\/sacco-per-coltivazione-in-fibra-di-cocco\/#primaryimage","url":"https:\/\/cococoirglobal.com\/wp-content\/uploads\/2023\/07\/Grow-bag.png","contentUrl":"https:\/\/cococoirglobal.com\/wp-content\/uploads\/2023\/07\/Grow-bag.png","width":1080,"height":800},{"@type":"BreadcrumbList","@id":"https:\/\/cococoirglobal.com\/it\/product\/sacco-per-coltivazione-in-fibra-di-cocco\/#breadcrumb","itemListElement":[{"@type":"ListItem","position":1,"name":"Home","item":"https:\/\/cococoirglobal.com\/it\/"},{"@type":"ListItem","position":2,"name":"Prodotti","item":"https:\/\/cococoirglobal.com\/it\/shop\/"},{"@type":"ListItem","position":3,"name":"fibra di cocco","item":"https:\/\/cococoirglobal.com\/it\/product-category\/fibra-di-cocco\/"},{"@type":"ListItem","position":4,"name":"Sacco per coltivazione in fibra di cocco"}]},{"@type":"WebSite","@id":"https:\/\/cococoirglobal.com\/it\/#website","url":"https:\/\/cococoirglobal.com\/it\/","name":"Coco Coir Global","description":"The leading manufacturer and supplier of Coco Coir Products!","publisher":{"@id":"https:\/\/cococoirglobal.com\/it\/#organization"},"potentialAction":[{"@type":"SearchAction","target":{"@type":"EntryPoint","urlTemplate":"https:\/\/cococoirglobal.com\/it\/?s={search_term_string}"},"query-input":"required name=search_term_string"}],"inLanguage":"it-IT"},{"@type":"Organization","@id":"https:\/\/cococoirglobal.com\/it\/#organization","name":"COCO COIR GLOBAL COMPANY LIMITED","url":"https:\/\/cococoirglobal.com\/it\/","logo":{"@type":"ImageObject","inLanguage":"it-IT","@id":"https:\/\/cococoirglobal.com\/it\/#\/schema\/logo\/image\/","url":"https:\/\/cococoirglobal.com\/wp-content\/uploads\/2023\/05\/Logo-coco-coir.png","contentUrl":"https:\/\/cococoirglobal.com\/wp-content\/uploads\/2023\/05\/Logo-coco-coir.png","width":512,"height":512,"caption":"COCO COIR GLOBAL COMPANY LIMITED"},"image":{"@id":"https:\/\/cococoirglobal.com\/it\/#\/schema\/logo\/image\/"},"sameAs":["https:\/\/www.facebook.com\/cococoirglobal\/","https:\/\/www.instagram.com\/cococoirglobal\/","https:\/\/www.linkedin.com\/company\/coco-coir-global-company-limited","https:\/\/www.youtube.com\/channel\/UC4Xk-Is93xHrllYZADkM7yQ"]}]}},"_links":{"self":[{"href":"https:\/\/cococoirglobal.com\/it\/wp-json\/wp\/v2\/product\/33375"}],"collection":[{"href":"https:\/\/cococoirglobal.com\/it\/wp-json\/wp\/v2\/product"}],"about":[{"href":"https:\/\/cococoirglobal.com\/it\/wp-json\/wp\/v2\/types\/product"}],"replies":[{"embeddable":true,"href":"https:\/\/cococoirglobal.com\/it\/wp-json\/wp\/v2\/comments?post=33375"}],"wp:featuredmedia":[{"embeddable":true,"href":"https:\/\/cococoirglobal.com\/it\/wp-json\/wp\/v2\/media\/33376"}],"wp:attachment":[{"href":"https:\/\/cococoirglobal.com\/it\/wp-json\/wp\/v2\/media?parent=33375"}],"wp:term":[{"taxonomy":"product_cat","embeddable":true,"href":"https:\/\/cococoirglobal.com\/it\/wp-json\/wp\/v2\/product_cat?post=33375"},{"taxonomy":"product_tag","embeddable":true,"href":"https:\/\/cococoirglobal.com\/it\/wp-json\/wp\/v2\/product_tag?post=33375"}],"curies":[{"name":"wp","href":"https:\/\/api.w.org\/{rel}","templated":true}]}}