{"id":30211,"date":"2022-10-10T16:56:02","date_gmt":"2022-10-10T09:56:02","guid":{"rendered":"https:\/\/cococoirglobal.com\/?post_type=product&#038;p=30211"},"modified":"2023-12-04T14:48:36","modified_gmt":"2023-12-04T07:48:36","slug":"blocco-mattone-in-fibra-di-cocco-da-5-kg","status":"publish","type":"product","link":"https:\/\/cococoirglobal.com\/it\/product\/blocco-mattone-in-fibra-di-cocco-da-5-kg\/","title":{"rendered":"Blocco\/mattone in fibra di cocco da 5 kg"},"content":{"rendered":"<blockquote><p><b>A<\/b><a href=\"https:\/\/cococoirglobal.com\/\"> <b>Coco Coir globale<\/b><\/a><span style=\"font-weight: 400;\">, siamo orgogliosi di offrire<\/span><b>prodotti di prima scelta<\/b><span style=\"font-weight: 400;\"> che servono una vasta gamma di clienti (principalmente aziende B2B) con esigenze diverse. I nostri substrati in fibra di cocco di alta qualit\u00e0 lo sono<\/span><b>molto apprezzato dai laboratori<\/b><span style=\"font-weight: 400;\"> sia in Vietnam che negli Stati Uniti, e sono pari<\/span><b>OMRI Elencato per uso biologico<\/b><span style=\"font-weight: 400;\">. Perfetti per coltivare qualsiasi cosa, dai pomodori e cetrioli alla cannabis e alle piante ornamentali, i nostri substrati in fibra di cocco sono versatili ed efficaci. Inoltre, ne siamo felici<\/span><b>personalizzare i prodotti<\/b><span style=\"font-weight: 400;\"> per soddisfare le richieste e le offerte uniche dei clienti<\/span><b>spedizione in tutto il mondo<\/b><span style=\"font-weight: 400;\"> con opzioni di consegna flessibili. Scegli Coco Coir Global per substrati in fibra di cocco di alta qualit\u00e0 che porteranno la tua orticoltura a un livello superiore.<\/span><\/p><\/blockquote>\n<p><span style=\"font-weight: 400;\">Lo stesso finito Compresso<\/span><b>Fibra di cocco<\/b><span style=\"font-weight: 400;\"> prodotto con prodotto Grow Bag (certificato OMRI Listed), diverso solo in forma di blocco.<\/span><\/p>\n<p><span style=\"font-weight: 400;\">Le materie prime sono naturali al 100% provenienti da gusci di cocco. Idratare il blocco con acqua dolce quando utilizzato. Utilizzato per la maggior parte dei tipi di piante sia all&#8217;aperto che all&#8217;interno.<\/span><\/p>\n<h2><b>Caratteristiche di<\/b><a href=\"https:\/\/cococoirglobal.com\/product\/coconut-coir-block\/#coco_chips\"> <b>Blocco di cocco<\/b><\/a><b> 5 kg<\/b><\/h2>\n<ul>\n<li style=\"font-weight: 400;\" aria-level=\"1\"><span style=\"font-weight: 400;\">Substrato organico, biodegradabile ed ecologico<\/span><\/li>\n<li style=\"font-weight: 400;\" aria-level=\"1\"><span style=\"font-weight: 400;\">EC molto basso, particolarmente adatto per colture \u201csensibili\u201d.<\/span><\/li>\n<li style=\"font-weight: 400;\" aria-level=\"1\"><span style=\"font-weight: 400;\">Livelli di pH bilanciati e stabilizzati, con contenuti estremamente bassi di potassio e sodio, adatti a molte colture diverse<\/span><\/li>\n<li style=\"font-weight: 400;\" aria-level=\"1\"><span style=\"font-weight: 400;\">Metalli pesanti e residui di pesticidi estremamente bassi<\/span><\/li>\n<li style=\"font-weight: 400;\" aria-level=\"1\"><span style=\"font-weight: 400;\">L&#8217;elevata porosit\u00e0 riempita d&#8217;aria (AFP) fornisce una buona struttura media (non troppo larga o troppo densa), un buon scambio di ossigeno, un drenaggio adeguato, una buona ritenzione idrica e un assorbimento di nutrienti per una migliore crescita delle piante<\/span><\/li>\n<li style=\"font-weight: 400;\" aria-level=\"1\"><span style=\"font-weight: 400;\">Un buon drenaggio e un&#8217;elevata capacit\u00e0 di ritenzione idrica (WHC) aiutano a trattenere l&#8217;umidit\u00e0 ed evitare il ristagno d&#8217;acqua per le piante.<\/span><\/li>\n<li style=\"font-weight: 400;\" aria-level=\"1\"><span style=\"font-weight: 400;\">L&#8217;aerazione desiderata aiuta le radici delle piante a ricevere la quantit\u00e0 necessaria di ossigeno, permettendole cos\u00ec di crescere sane.<\/span><\/li>\n<li style=\"font-weight: 400;\" aria-level=\"1\"><span style=\"font-weight: 400;\">L&#8217;elevata capacit\u00e0 di scambio cationico (CEC) aiuta le piante ad assorbire i nutrienti necessari<\/span><\/li>\n<li style=\"font-weight: 400;\" aria-level=\"1\"><span style=\"font-weight: 400;\">Non contiene sostanze chimiche nocive o parassiti, sicuro da usare<\/span><\/li>\n<\/ul>\n<p style=\"text-align: center;\"><a href=\"https:\/\/cococoirglobal.com\/it\/?attachment_id=32399#main\" rel=\"attachment wp-att-32399\"><img decoding=\"async\" loading=\"lazy\" class=\"alignnone size-full wp-image-32399\" src=\"https:\/\/cococoirglobal.com\/wp-content\/uploads\/2023\/08\/Coco-Coir-Block-5kg.png\" alt=\"\" width=\"1080\" height=\"800\" srcset=\"https:\/\/cococoirglobal.com\/wp-content\/uploads\/2023\/08\/Coco-Coir-Block-5kg.png 1080w, https:\/\/cococoirglobal.com\/wp-content\/uploads\/2023\/08\/Coco-Coir-Block-5kg-800x593.png 800w, https:\/\/cococoirglobal.com\/wp-content\/uploads\/2023\/08\/Coco-Coir-Block-5kg-768x569.png 768w, https:\/\/cococoirglobal.com\/wp-content\/uploads\/2023\/08\/Coco-Coir-Block-5kg-510x378.png 510w\" sizes=\"(max-width: 1080px) 100vw, 1080px\" \/><\/a><\/p>\n<h2><b>Benefici di<\/b><a href=\"https:\/\/cococoirglobal.com\/product-category\/coco-coir\/#coconut_coir\"> <b>Fibra di cocco<\/b><\/a><b> Blocca 5 kg<\/b><\/h2>\n<ul>\n<li style=\"font-weight: 400;\" aria-level=\"1\"><span style=\"font-weight: 400;\">Aiuta a proteggere e ridurre la quantit\u00e0 di rifiuti nell&#8217;ambiente<\/span><\/li>\n<li style=\"font-weight: 400;\" aria-level=\"1\"><span style=\"font-weight: 400;\">Con propriet\u00e0 eccezionali, la fibra di cocco crea condizioni favorevoli e un ambiente ideale per la crescita delle piante.<\/span><\/li>\n<li style=\"font-weight: 400;\" aria-level=\"1\"><span style=\"font-weight: 400;\">Aiuta a migliorare la qualit\u00e0 del raccolto, producendo frutta e verdura gustose e nutrienti<\/span><\/li>\n<li style=\"font-weight: 400;\" aria-level=\"1\"><span style=\"font-weight: 400;\">Aiuta a migliorare la produttivit\u00e0 delle colture, producendo rendimenti elevati<\/span><\/li>\n<li style=\"font-weight: 400;\" aria-level=\"1\"><span style=\"font-weight: 400;\">Aiuta a ridurre il rischio che si verifichino malattie delle piante come quando si utilizza il terreno tradizionale<\/span><\/li>\n<li style=\"font-weight: 400;\" aria-level=\"1\"><span style=\"font-weight: 400;\">Aiuta i coltivatori a risparmiare sui costi legati alla cura e all&#8217;utilizzo della manodopera<\/span><\/li>\n<li style=\"font-weight: 400;\" aria-level=\"1\"><span style=\"font-weight: 400;\">Substrato di coltivazione versatile, applicato sia all&#8217;orticoltura che al non orticoltura (una serie di altri campi) (ulteriori informazioni qui)<\/span><\/li>\n<\/ul>\n<h2><b>Istruzioni per l&#8217;uso di Coco Coir Block 5kg<\/b><\/h2>\n<ul>\n<li style=\"font-weight: 400;\" aria-level=\"1\"><span style=\"font-weight: 400;\">Passaggio 1: idratare il cubo o il mattone\/blocco con acqua dolce<\/span><\/li>\n<li style=\"font-weight: 400;\" aria-level=\"1\"><span style=\"font-weight: 400;\">Passaggio 2: mentre aspetti che si espanda completamente, usa le mani per mescolarlo per un&#8217;espansione pi\u00f9 rapida.<\/span><\/li>\n<li style=\"font-weight: 400;\" aria-level=\"1\"><span style=\"font-weight: 400;\">Passaggio 3: estrarre una quantit\u00e0 adeguata di fibra di cocco<\/span><\/li>\n<li style=\"font-weight: 400;\" aria-level=\"1\"><span style=\"font-weight: 400;\">Passo 4: Mettilo nei vassoi per piantine\/propagazione se \u00e8 per vivai, o vasi\/contenitori se \u00e8 per il trapianto.<\/span><\/li>\n<li style=\"font-weight: 400;\" aria-level=\"1\"><span style=\"font-weight: 400;\">Passaggio 5: per coltivare le piante, trapiantare le piantine nei vasi\/contenitori<\/span><\/li>\n<li style=\"font-weight: 400;\" aria-level=\"1\"><span style=\"font-weight: 400;\">Passo 6: Innaffia e nutri le piante con il tuo nutriente o con quello consigliato<\/span><\/li>\n<\/ul>\n<p><span style=\"font-weight: 400;\">Nota<\/span><span style=\"font-weight: 400;\">: prendere il controllo della routine alimentare per evitare carenze<\/span><\/p>\n<p style=\"text-align: center;\"><a href=\"https:\/\/cococoirglobal.com\/it\/?attachment_id=26506#main\" rel=\"attachment wp-att-26506\"><img decoding=\"async\" loading=\"lazy\" class=\"alignnone size-full wp-image-26506\" src=\"https:\/\/cococoirglobal.com\/wp-content\/uploads\/2022\/10\/loading-ep-khoi-.png\" alt=\"Coco Coir Block\/Brick 5kg\" width=\"1080\" height=\"800\" srcset=\"https:\/\/cococoirglobal.com\/wp-content\/uploads\/2022\/10\/loading-ep-khoi-.png 1080w, https:\/\/cococoirglobal.com\/wp-content\/uploads\/2022\/10\/loading-ep-khoi--800x593.png 800w, https:\/\/cococoirglobal.com\/wp-content\/uploads\/2022\/10\/loading-ep-khoi--768x569.png 768w, https:\/\/cococoirglobal.com\/wp-content\/uploads\/2022\/10\/loading-ep-khoi--510x378.png 510w\" sizes=\"(max-width: 1080px) 100vw, 1080px\" \/><\/a><\/p>\n<h2><b>Conservazione del Blocco di Cocco di Cocco da 5kg<\/b><\/h2>\n<ul>\n<li style=\"font-weight: 400;\" aria-level=\"1\"><span style=\"font-weight: 400;\">Conservare in un luogo asciutto: conservare la fibra di cocco disidratata in un&#8217;area fresca, asciutta e ben ventilata. Ci\u00f2 contribuir\u00e0 a evitare che l&#8217;umidit\u00e0 penetri all&#8217;interno e causi il deterioramento della fibra di cocco.<\/span><\/li>\n<li style=\"font-weight: 400;\" aria-level=\"1\"><span style=\"font-weight: 400;\">Tienilo lontano dalla luce solare: la luce solare diretta pu\u00f2 danneggiare la fibra di cocco, quindi \u00e8 essenziale conservarla lontano da finestre o altre fonti di luce solare diretta.<\/span><\/li>\n<li style=\"font-weight: 400;\" aria-level=\"1\"><span style=\"font-weight: 400;\">Evitare la contaminazione: tenere la fibra di cocco lontana da qualsiasi potenziale fonte di contaminazione, come fertilizzanti, pesticidi e sostanze chimiche.<\/span><\/li>\n<li style=\"font-weight: 400;\" aria-level=\"1\"><span style=\"font-weight: 400;\">Utilizzare entro la data di scadenza come consigliato dal produttore.<\/span><\/li>\n<\/ul>\n<p><span style=\"font-weight: 400;\">Vedi altro:<\/span><\/p>\n<ul>\n<li style=\"font-weight: 400;\" aria-level=\"1\"><a href=\"https:\/\/cococoirglobal.com\/product\/coco-coir-grow-bag\/#coco_grow_bags\"><b>Sacco per coltivazione in fibra di cocco<\/b><\/a><span style=\"font-weight: 400;\"> Per rendimenti pi\u00f9 elevati Coco Coir Global<\/span><\/li>\n<li style=\"font-weight: 400;\" aria-level=\"1\"><a href=\"https:\/\/cococoirglobal.com\/product\/coco-peat-bag\/#coco_planting\"><b>Borsa di torba di cocco<\/b><\/a><span style=\"font-weight: 400;\"> 50 l\/100 l (sfuso) &#8211; Coco Coir Global<\/span><\/li>\n<li style=\"font-weight: 400;\" aria-level=\"1\"><a href=\"https:\/\/cococoirglobal.com\/product\/coconut-coir-bulk\/#bulk_coco_coir\"><b>Fibra di cocco sfusa<\/b><\/a><span style=\"font-weight: 400;\"> Substrato di coltivazione biologico 1800L\/2000L<\/span><\/li>\n<li style=\"font-weight: 400;\" aria-level=\"1\"><a href=\"https:\/\/cococoirglobal.com\/product\/coconut-coir-propagation-cube\/#coco_coir_grow_cubes\"><b>Cubo di propagazione della fibra di cocco<\/b><\/a><\/li>\n<li style=\"font-weight: 400;\" aria-level=\"1\"><a href=\"https:\/\/cococoirglobal.com\/product\/compressed-coco-coir-open-top-bag\/#brick_of_coco_coir\"><b>Borsa con apertura superiore compressa in fibra di cocco di cocco<\/b><\/a><span style=\"font-weight: 400;\"> (Mattone in fibra di cocco)<\/span><\/li>\n<li style=\"font-weight: 400;\" aria-level=\"1\"><a href=\"https:\/\/cococoirglobal.com\/product\/pre-filled-coco-coir-bags\/#pre_filled_coco_coir_bag\"><b>Sacchetti in cocco preriempiti<\/b><\/a><span style=\"font-weight: 400;\"> 100% naturale da bucce di cocco<\/span><\/li>\n<\/ul>\n","protected":false},"excerpt":{"rendered":"<p>\u2713 Economico e versatile per diversi usi<\/p>\n<p>\u2713 Adatto sia a coltivatori commerciali che individuali<\/p>\n<p>\u2713 Adatto sia per coltivazioni su piccola che su larga scala<\/p>\n","protected":false},"featured_media":32399,"comment_status":"open","ping_status":"closed","template":"","meta":[],"product_cat":[566],"product_tag":[],"yoast_head":"<!-- This site is optimized with the Yoast SEO plugin v22.6 - https:\/\/yoast.com\/wordpress\/plugins\/seo\/ -->\n<title>Blocco\/mattone in fibra di cocco da 5 kg<\/title>\n<meta name=\"description\" content=\"A Coco Coir globale, siamo orgogliosi di offrireprodotti di prima scelta che servono una vasta gamma di clienti (principalmente aziende B2B) con esigenze diverse. I nostri substrati in fibra di cocco di alta qualit\u00e0 lo sonomolto apprezzato dai laboratori sia in Vietnam\" \/>\n<meta name=\"robots\" content=\"index, follow, max-snippet:-1, max-image-preview:large, max-video-preview:-1\" \/>\n<link rel=\"canonical\" href=\"https:\/\/cococoirglobal.com\/it\/product\/blocco-mattone-in-fibra-di-cocco-da-5-kg\/\" \/>\n<meta property=\"og:locale\" content=\"it_IT\" \/>\n<meta property=\"og:type\" content=\"article\" \/>\n<meta property=\"og:title\" content=\"Blocco\/mattone in fibra di cocco da 5 kg\" \/>\n<meta property=\"og:description\" content=\"A Coco Coir globale, siamo orgogliosi di offrireprodotti di prima scelta che servono una vasta gamma di clienti (principalmente aziende B2B) con esigenze diverse. I nostri substrati in fibra di cocco di alta qualit\u00e0 lo sonomolto apprezzato dai laboratori sia in Vietnam\" \/>\n<meta property=\"og:url\" content=\"https:\/\/cococoirglobal.com\/it\/product\/blocco-mattone-in-fibra-di-cocco-da-5-kg\/\" \/>\n<meta property=\"og:site_name\" content=\"Coco Coir Global Vietnam\" \/>\n<meta property=\"article:publisher\" content=\"https:\/\/www.facebook.com\/cococoirglobal\/\" \/>\n<meta property=\"article:modified_time\" content=\"2023-12-04T07:48:36+00:00\" \/>\n<meta property=\"og:image\" content=\"https:\/\/cococoirglobal.com\/wp-content\/uploads\/2023\/08\/Coco-Coir-Block-5kg.png\" \/>\n\t<meta property=\"og:image:width\" content=\"1080\" \/>\n\t<meta property=\"og:image:height\" content=\"800\" \/>\n\t<meta property=\"og:image:type\" content=\"image\/png\" \/>\n<meta name=\"twitter:card\" content=\"summary_large_image\" \/>\n<meta name=\"twitter:label1\" content=\"Tempo di lettura stimato\" \/>\n\t<meta name=\"twitter:data1\" content=\"3 minuti\" \/>\n<script type=\"application\/ld+json\" class=\"yoast-schema-graph\">{\"@context\":\"https:\/\/schema.org\",\"@graph\":[{\"@type\":\"WebPage\",\"@id\":\"https:\/\/cococoirglobal.com\/it\/product\/blocco-mattone-in-fibra-di-cocco-da-5-kg\/\",\"url\":\"https:\/\/cococoirglobal.com\/it\/product\/blocco-mattone-in-fibra-di-cocco-da-5-kg\/\",\"name\":\"Blocco\/mattone in fibra di cocco da 5 kg\",\"isPartOf\":{\"@id\":\"https:\/\/cococoirglobal.com\/it\/#website\"},\"primaryImageOfPage\":{\"@id\":\"https:\/\/cococoirglobal.com\/it\/product\/blocco-mattone-in-fibra-di-cocco-da-5-kg\/#primaryimage\"},\"image\":{\"@id\":\"https:\/\/cococoirglobal.com\/it\/product\/blocco-mattone-in-fibra-di-cocco-da-5-kg\/#primaryimage\"},\"thumbnailUrl\":\"https:\/\/cococoirglobal.com\/wp-content\/uploads\/2023\/08\/Coco-Coir-Block-5kg.png\",\"datePublished\":\"2022-10-10T09:56:02+00:00\",\"dateModified\":\"2023-12-04T07:48:36+00:00\",\"description\":\"A Coco Coir globale, siamo orgogliosi di offrireprodotti di prima scelta che servono una vasta gamma di clienti (principalmente aziende B2B) con esigenze diverse. I nostri substrati in fibra di cocco di alta qualit\u00e0 lo sonomolto apprezzato dai laboratori sia in Vietnam\",\"breadcrumb\":{\"@id\":\"https:\/\/cococoirglobal.com\/it\/product\/blocco-mattone-in-fibra-di-cocco-da-5-kg\/#breadcrumb\"},\"inLanguage\":\"it-IT\",\"potentialAction\":[{\"@type\":\"ReadAction\",\"target\":[\"https:\/\/cococoirglobal.com\/it\/product\/blocco-mattone-in-fibra-di-cocco-da-5-kg\/\"]}]},{\"@type\":\"ImageObject\",\"inLanguage\":\"it-IT\",\"@id\":\"https:\/\/cococoirglobal.com\/it\/product\/blocco-mattone-in-fibra-di-cocco-da-5-kg\/#primaryimage\",\"url\":\"https:\/\/cococoirglobal.com\/wp-content\/uploads\/2023\/08\/Coco-Coir-Block-5kg.png\",\"contentUrl\":\"https:\/\/cococoirglobal.com\/wp-content\/uploads\/2023\/08\/Coco-Coir-Block-5kg.png\",\"width\":1080,\"height\":800,\"caption\":\"bloque fibra de coco\"},{\"@type\":\"BreadcrumbList\",\"@id\":\"https:\/\/cococoirglobal.com\/it\/product\/blocco-mattone-in-fibra-di-cocco-da-5-kg\/#breadcrumb\",\"itemListElement\":[{\"@type\":\"ListItem\",\"position\":1,\"name\":\"Home\",\"item\":\"https:\/\/cococoirglobal.com\/it\/\"},{\"@type\":\"ListItem\",\"position\":2,\"name\":\"Prodotti\",\"item\":\"https:\/\/cococoirglobal.com\/it\/shop\/\"},{\"@type\":\"ListItem\",\"position\":3,\"name\":\"fibra di cocco\",\"item\":\"https:\/\/cococoirglobal.com\/it\/product-category\/fibra-di-cocco\/\"},{\"@type\":\"ListItem\",\"position\":4,\"name\":\"Blocco\/mattone in fibra di cocco da 5 kg\"}]},{\"@type\":\"WebSite\",\"@id\":\"https:\/\/cococoirglobal.com\/it\/#website\",\"url\":\"https:\/\/cococoirglobal.com\/it\/\",\"name\":\"Coco Coir Global\",\"description\":\"The leading manufacturer and supplier of Coco Coir Products!\",\"publisher\":{\"@id\":\"https:\/\/cococoirglobal.com\/it\/#organization\"},\"potentialAction\":[{\"@type\":\"SearchAction\",\"target\":{\"@type\":\"EntryPoint\",\"urlTemplate\":\"https:\/\/cococoirglobal.com\/it\/?s={search_term_string}\"},\"query-input\":\"required name=search_term_string\"}],\"inLanguage\":\"it-IT\"},{\"@type\":\"Organization\",\"@id\":\"https:\/\/cococoirglobal.com\/it\/#organization\",\"name\":\"COCO COIR GLOBAL COMPANY LIMITED\",\"url\":\"https:\/\/cococoirglobal.com\/it\/\",\"logo\":{\"@type\":\"ImageObject\",\"inLanguage\":\"it-IT\",\"@id\":\"https:\/\/cococoirglobal.com\/it\/#\/schema\/logo\/image\/\",\"url\":\"https:\/\/cococoirglobal.com\/wp-content\/uploads\/2023\/05\/Logo-coco-coir.png\",\"contentUrl\":\"https:\/\/cococoirglobal.com\/wp-content\/uploads\/2023\/05\/Logo-coco-coir.png\",\"width\":512,\"height\":512,\"caption\":\"COCO COIR GLOBAL COMPANY LIMITED\"},\"image\":{\"@id\":\"https:\/\/cococoirglobal.com\/it\/#\/schema\/logo\/image\/\"},\"sameAs\":[\"https:\/\/www.facebook.com\/cococoirglobal\/\",\"https:\/\/www.instagram.com\/cococoirglobal\/\",\"https:\/\/www.linkedin.com\/company\/coco-coir-global-company-limited\",\"https:\/\/www.youtube.com\/channel\/UC4Xk-Is93xHrllYZADkM7yQ\"]}]}<\/script>\n<!-- \/ Yoast SEO plugin. -->","yoast_head_json":{"title":"Blocco\/mattone in fibra di cocco da 5 kg","description":"A Coco Coir globale, siamo orgogliosi di offrireprodotti di prima scelta che servono una vasta gamma di clienti (principalmente aziende B2B) con esigenze diverse. I nostri substrati in fibra di cocco di alta qualit\u00e0 lo sonomolto apprezzato dai laboratori sia in Vietnam","robots":{"index":"index","follow":"follow","max-snippet":"max-snippet:-1","max-image-preview":"max-image-preview:large","max-video-preview":"max-video-preview:-1"},"canonical":"https:\/\/cococoirglobal.com\/it\/product\/blocco-mattone-in-fibra-di-cocco-da-5-kg\/","og_locale":"it_IT","og_type":"article","og_title":"Blocco\/mattone in fibra di cocco da 5 kg","og_description":"A Coco Coir globale, siamo orgogliosi di offrireprodotti di prima scelta che servono una vasta gamma di clienti (principalmente aziende B2B) con esigenze diverse. I nostri substrati in fibra di cocco di alta qualit\u00e0 lo sonomolto apprezzato dai laboratori sia in Vietnam","og_url":"https:\/\/cococoirglobal.com\/it\/product\/blocco-mattone-in-fibra-di-cocco-da-5-kg\/","og_site_name":"Coco Coir Global Vietnam","article_publisher":"https:\/\/www.facebook.com\/cococoirglobal\/","article_modified_time":"2023-12-04T07:48:36+00:00","og_image":[{"width":1080,"height":800,"url":"https:\/\/cococoirglobal.com\/wp-content\/uploads\/2023\/08\/Coco-Coir-Block-5kg.png","type":"image\/png"}],"twitter_card":"summary_large_image","twitter_misc":{"Tempo di lettura stimato":"3 minuti"},"schema":{"@context":"https:\/\/schema.org","@graph":[{"@type":"WebPage","@id":"https:\/\/cococoirglobal.com\/it\/product\/blocco-mattone-in-fibra-di-cocco-da-5-kg\/","url":"https:\/\/cococoirglobal.com\/it\/product\/blocco-mattone-in-fibra-di-cocco-da-5-kg\/","name":"Blocco\/mattone in fibra di cocco da 5 kg","isPartOf":{"@id":"https:\/\/cococoirglobal.com\/it\/#website"},"primaryImageOfPage":{"@id":"https:\/\/cococoirglobal.com\/it\/product\/blocco-mattone-in-fibra-di-cocco-da-5-kg\/#primaryimage"},"image":{"@id":"https:\/\/cococoirglobal.com\/it\/product\/blocco-mattone-in-fibra-di-cocco-da-5-kg\/#primaryimage"},"thumbnailUrl":"https:\/\/cococoirglobal.com\/wp-content\/uploads\/2023\/08\/Coco-Coir-Block-5kg.png","datePublished":"2022-10-10T09:56:02+00:00","dateModified":"2023-12-04T07:48:36+00:00","description":"A Coco Coir globale, siamo orgogliosi di offrireprodotti di prima scelta che servono una vasta gamma di clienti (principalmente aziende B2B) con esigenze diverse. I nostri substrati in fibra di cocco di alta qualit\u00e0 lo sonomolto apprezzato dai laboratori sia in Vietnam","breadcrumb":{"@id":"https:\/\/cococoirglobal.com\/it\/product\/blocco-mattone-in-fibra-di-cocco-da-5-kg\/#breadcrumb"},"inLanguage":"it-IT","potentialAction":[{"@type":"ReadAction","target":["https:\/\/cococoirglobal.com\/it\/product\/blocco-mattone-in-fibra-di-cocco-da-5-kg\/"]}]},{"@type":"ImageObject","inLanguage":"it-IT","@id":"https:\/\/cococoirglobal.com\/it\/product\/blocco-mattone-in-fibra-di-cocco-da-5-kg\/#primaryimage","url":"https:\/\/cococoirglobal.com\/wp-content\/uploads\/2023\/08\/Coco-Coir-Block-5kg.png","contentUrl":"https:\/\/cococoirglobal.com\/wp-content\/uploads\/2023\/08\/Coco-Coir-Block-5kg.png","width":1080,"height":800,"caption":"bloque fibra de coco"},{"@type":"BreadcrumbList","@id":"https:\/\/cococoirglobal.com\/it\/product\/blocco-mattone-in-fibra-di-cocco-da-5-kg\/#breadcrumb","itemListElement":[{"@type":"ListItem","position":1,"name":"Home","item":"https:\/\/cococoirglobal.com\/it\/"},{"@type":"ListItem","position":2,"name":"Prodotti","item":"https:\/\/cococoirglobal.com\/it\/shop\/"},{"@type":"ListItem","position":3,"name":"fibra di cocco","item":"https:\/\/cococoirglobal.com\/it\/product-category\/fibra-di-cocco\/"},{"@type":"ListItem","position":4,"name":"Blocco\/mattone in fibra di cocco da 5 kg"}]},{"@type":"WebSite","@id":"https:\/\/cococoirglobal.com\/it\/#website","url":"https:\/\/cococoirglobal.com\/it\/","name":"Coco Coir Global","description":"The leading manufacturer and supplier of Coco Coir Products!","publisher":{"@id":"https:\/\/cococoirglobal.com\/it\/#organization"},"potentialAction":[{"@type":"SearchAction","target":{"@type":"EntryPoint","urlTemplate":"https:\/\/cococoirglobal.com\/it\/?s={search_term_string}"},"query-input":"required name=search_term_string"}],"inLanguage":"it-IT"},{"@type":"Organization","@id":"https:\/\/cococoirglobal.com\/it\/#organization","name":"COCO COIR GLOBAL COMPANY LIMITED","url":"https:\/\/cococoirglobal.com\/it\/","logo":{"@type":"ImageObject","inLanguage":"it-IT","@id":"https:\/\/cococoirglobal.com\/it\/#\/schema\/logo\/image\/","url":"https:\/\/cococoirglobal.com\/wp-content\/uploads\/2023\/05\/Logo-coco-coir.png","contentUrl":"https:\/\/cococoirglobal.com\/wp-content\/uploads\/2023\/05\/Logo-coco-coir.png","width":512,"height":512,"caption":"COCO COIR GLOBAL COMPANY LIMITED"},"image":{"@id":"https:\/\/cococoirglobal.com\/it\/#\/schema\/logo\/image\/"},"sameAs":["https:\/\/www.facebook.com\/cococoirglobal\/","https:\/\/www.instagram.com\/cococoirglobal\/","https:\/\/www.linkedin.com\/company\/coco-coir-global-company-limited","https:\/\/www.youtube.com\/channel\/UC4Xk-Is93xHrllYZADkM7yQ"]}]}},"_links":{"self":[{"href":"https:\/\/cococoirglobal.com\/it\/wp-json\/wp\/v2\/product\/30211"}],"collection":[{"href":"https:\/\/cococoirglobal.com\/it\/wp-json\/wp\/v2\/product"}],"about":[{"href":"https:\/\/cococoirglobal.com\/it\/wp-json\/wp\/v2\/types\/product"}],"replies":[{"embeddable":true,"href":"https:\/\/cococoirglobal.com\/it\/wp-json\/wp\/v2\/comments?post=30211"}],"wp:featuredmedia":[{"embeddable":true,"href":"https:\/\/cococoirglobal.com\/it\/wp-json\/wp\/v2\/media\/32399"}],"wp:attachment":[{"href":"https:\/\/cococoirglobal.com\/it\/wp-json\/wp\/v2\/media?parent=30211"}],"wp:term":[{"taxonomy":"product_cat","embeddable":true,"href":"https:\/\/cococoirglobal.com\/it\/wp-json\/wp\/v2\/product_cat?post=30211"},{"taxonomy":"product_tag","embeddable":true,"href":"https:\/\/cococoirglobal.com\/it\/wp-json\/wp\/v2\/product_tag?post=30211"}],"curies":[{"name":"wp","href":"https:\/\/api.w.org\/{rel}","templated":true}]}}