{"id":30127,"date":"2023-09-21T09:21:59","date_gmt":"2023-09-21T02:21:59","guid":{"rendered":"https:\/\/cococoirglobal.com\/?post_type=product&#038;p=30127"},"modified":"2023-12-09T09:09:30","modified_gmt":"2023-12-09T02:09:30","slug":"compressa-in-fibra-di-cocco-di-cocco","status":"publish","type":"product","link":"https:\/\/cococoirglobal.com\/it\/product\/compressa-in-fibra-di-cocco-di-cocco\/","title":{"rendered":"Compressa in fibra di cocco di cocco"},"content":{"rendered":"<blockquote><p><b>A<\/b><a href=\"https:\/\/cococoirglobal.com\/\"> <b>Coco Coir globale<\/b><\/a><span style=\"font-weight: 400;\">, siamo orgogliosi di offrire<\/span><b>prodotti di prima scelta<\/b><span style=\"font-weight: 400;\"> che servono una vasta gamma di clienti (principalmente aziende B2B) con esigenze diverse. I nostri substrati in fibra di cocco di alta qualit\u00e0 lo sono<\/span><b>molto apprezzato dai laboratori<\/b><span style=\"font-weight: 400;\"> sia in Vietnam che negli Stati Uniti, e sono pari<\/span><b>OMRI Elencato per uso biologico<\/b><span style=\"font-weight: 400;\">. Perfetti per coltivare qualsiasi cosa, dai pomodori e cetrioli alla cannabis e alle piante ornamentali, i nostri substrati in fibra di cocco sono versatili ed efficaci. Inoltre, ne siamo felici<\/span><b>personalizzare i prodotti<\/b><span style=\"font-weight: 400;\"> per soddisfare le richieste e le offerte uniche dei clienti<\/span><b>spedizione in tutto il mondo<\/b><span style=\"font-weight: 400;\"> con opzioni di consegna flessibili. Scegli Coco Coir Global per substrati in fibra di cocco di alta qualit\u00e0 che porteranno la tua orticoltura a un livello superiore.<\/span><\/p><\/blockquote>\n<p><span style=\"font-weight: 400;\">Lo stesso prodotto finito in fibra di cocco compressa con il prodotto Grow Bag (<\/span><b>Certificato OMRI Listed<\/b><span style=\"font-weight: 400;\">), diverso solo nella forma cubica. I cubi sono personalizzabili.<\/span><\/p>\n<p><span style=\"font-weight: 400;\">Le materie prime sono naturali al 100% provenienti da gusci di cocco. Modulo pronto all&#8217;uso. Ampiamente usato per diverse piante come mirtilli, lamponi, more, cannabis e zenzero.<\/span><\/p>\n<p style=\"text-align: center;\"><a href=\"https:\/\/cococoirglobal.com\/it\/?attachment_id=32420#main\" rel=\"attachment wp-att-32420\"><img decoding=\"async\" loading=\"lazy\" class=\"alignnone size-full wp-image-32420\" src=\"https:\/\/cococoirglobal.com\/wp-content\/uploads\/2023\/08\/Compressed-Coco-Coir-Open-Top.png\" alt=\"\" width=\"1080\" height=\"800\" srcset=\"https:\/\/cococoirglobal.com\/wp-content\/uploads\/2023\/08\/Compressed-Coco-Coir-Open-Top.png 1080w, https:\/\/cococoirglobal.com\/wp-content\/uploads\/2023\/08\/Compressed-Coco-Coir-Open-Top-800x593.png 800w, https:\/\/cococoirglobal.com\/wp-content\/uploads\/2023\/08\/Compressed-Coco-Coir-Open-Top-768x569.png 768w, https:\/\/cococoirglobal.com\/wp-content\/uploads\/2023\/08\/Compressed-Coco-Coir-Open-Top-510x378.png 510w\" sizes=\"(max-width: 1080px) 100vw, 1080px\" \/><\/a><\/p>\n<h2><b>Caratteristiche di Compresso<\/b><a href=\"https:\/\/cococoirglobal.com\/product-category\/coco-coir\/#coconut_coir\"> <b>Fibra di cocco<\/b><\/a><b> Borsa superiore aperta<\/b><\/h2>\n<ul>\n<li style=\"font-weight: 400;\" aria-level=\"1\"><span style=\"font-weight: 400;\">Substrato organico, biodegradabile ed ecologico<\/span><\/li>\n<li style=\"font-weight: 400;\" aria-level=\"1\"><span style=\"font-weight: 400;\">EC molto basso, particolarmente adatto per colture \u201csensibili\u201d.<\/span><\/li>\n<li style=\"font-weight: 400;\" aria-level=\"1\"><span style=\"font-weight: 400;\">Livelli di pH bilanciati e stabilizzati, con contenuti estremamente bassi di potassio e sodio, adatti a molte colture diverse<\/span><\/li>\n<li style=\"font-weight: 400;\" aria-level=\"1\"><span style=\"font-weight: 400;\">Metalli pesanti e residui di pesticidi estremamente bassi<\/span><\/li>\n<li style=\"font-weight: 400;\" aria-level=\"1\"><span style=\"font-weight: 400;\">L&#8217;elevata porosit\u00e0 riempita d&#8217;aria (AFP) fornisce una buona struttura media (non troppo larga o troppo densa), un buon scambio di ossigeno, un drenaggio adeguato, una buona ritenzione idrica e un assorbimento di nutrienti per una migliore crescita delle piante<\/span><\/li>\n<li style=\"font-weight: 400;\" aria-level=\"1\"><span style=\"font-weight: 400;\">Un buon drenaggio e un&#8217;elevata capacit\u00e0 di ritenzione idrica (WHC) aiutano a trattenere l&#8217;umidit\u00e0 ed evitare il ristagno d&#8217;acqua per le piante.<\/span><\/li>\n<li style=\"font-weight: 400;\" aria-level=\"1\"><span style=\"font-weight: 400;\">L&#8217;aerazione desiderata aiuta le radici delle piante a ricevere la quantit\u00e0 necessaria di ossigeno, permettendole cos\u00ec di crescere sane.<\/span><\/li>\n<li style=\"font-weight: 400;\" aria-level=\"1\"><span style=\"font-weight: 400;\">L&#8217;elevata capacit\u00e0 di scambio cationico (CEC) aiuta le piante ad assorbire i nutrienti necessari<\/span><\/li>\n<li style=\"font-weight: 400;\" aria-level=\"1\"><span style=\"font-weight: 400;\">Non contiene sostanze chimiche nocive o parassiti, sicuro da usare<\/span><\/li>\n<\/ul>\n<h2><b>Vantaggi della compressione<\/b><a href=\"https:\/\/cococoirglobal.com\/product\/compressed-coco-coir-open-top-bag\/#brick_of_coco_coir\"> <b>Borsa aperta in fibra di cocco<\/b><\/a><\/h2>\n<ul>\n<li style=\"font-weight: 400;\" aria-level=\"1\"><span style=\"font-weight: 400;\">Aiuta a proteggere e ridurre la quantit\u00e0 di rifiuti nell&#8217;ambiente<\/span><\/li>\n<li style=\"font-weight: 400;\" aria-level=\"1\"><span style=\"font-weight: 400;\">Con propriet\u00e0 eccezionali, la fibra di cocco crea condizioni favorevoli e un ambiente ideale per la crescita delle piante.<\/span><\/li>\n<li style=\"font-weight: 400;\" aria-level=\"1\"><span style=\"font-weight: 400;\">Aiuta a migliorare la qualit\u00e0 del raccolto, producendo frutta e verdura gustose e nutrienti<\/span><\/li>\n<li style=\"font-weight: 400;\" aria-level=\"1\"><span style=\"font-weight: 400;\">Aiuta a migliorare la produttivit\u00e0 delle colture, producendo rendimenti elevati<\/span><\/li>\n<li style=\"font-weight: 400;\" aria-level=\"1\"><span style=\"font-weight: 400;\">Aiuta a ridurre il rischio che si verifichino malattie delle piante come quando si utilizza il terreno tradizionale<\/span><\/li>\n<li style=\"font-weight: 400;\" aria-level=\"1\"><span style=\"font-weight: 400;\">Aiuta i coltivatori a risparmiare sui costi legati alla cura e all&#8217;utilizzo della manodopera<\/span><\/li>\n<\/ul>\n<h2><b>Istruzioni per l&#8217;uso del sacchetto con parte superiore aperta in fibra di cocco compressa<\/b><\/h2>\n<ul>\n<li style=\"font-weight: 400;\" aria-level=\"1\"><span style=\"font-weight: 400;\">Passaggio 1: idratare il mattone all&#8217;interno del sacchetto con acqua dolce finch\u00e9 non si espande completamente<\/span><\/li>\n<li style=\"font-weight: 400;\" aria-level=\"1\"><span style=\"font-weight: 400;\">Passaggio 2: mentre aspetti che si espanda completamente, usa le mani per mescolarlo per un&#8217;espansione pi\u00f9 rapida (se necessario)<\/span><\/li>\n<li style=\"font-weight: 400;\" aria-level=\"1\"><span style=\"font-weight: 400;\">Passaggio 3: trapiantare la piantina\/pianta giovane nel sacchetto<\/span><\/li>\n<li style=\"font-weight: 400;\" aria-level=\"1\"><span style=\"font-weight: 400;\">Passo 4: Innaffia e nutri le piante con il tuo nutriente o con quello consigliato<\/span><\/li>\n<\/ul>\n<p><span style=\"font-weight: 400;\">Nota: prendere il controllo della routine di alimentazione per evitare carenze<\/span><\/p>\n<p style=\"text-align: center;\"><a href=\"https:\/\/cococoirglobal.com\/it\/?attachment_id=32413#main\" rel=\"attachment wp-att-32413\"><img decoding=\"async\" loading=\"lazy\" class=\"alignnone size-full wp-image-32413\" src=\"https:\/\/cococoirglobal.com\/wp-content\/uploads\/2023\/08\/Compressed-Coco-Coir-Open-Top-Bag.png\" alt=\"\" width=\"1080\" height=\"800\" srcset=\"https:\/\/cococoirglobal.com\/wp-content\/uploads\/2023\/08\/Compressed-Coco-Coir-Open-Top-Bag.png 1080w, https:\/\/cococoirglobal.com\/wp-content\/uploads\/2023\/08\/Compressed-Coco-Coir-Open-Top-Bag-800x593.png 800w, https:\/\/cococoirglobal.com\/wp-content\/uploads\/2023\/08\/Compressed-Coco-Coir-Open-Top-Bag-768x569.png 768w, https:\/\/cococoirglobal.com\/wp-content\/uploads\/2023\/08\/Compressed-Coco-Coir-Open-Top-Bag-510x378.png 510w\" sizes=\"(max-width: 1080px) 100vw, 1080px\" \/><\/a><\/p>\n<h2><b>Conservazione del sacchetto aperto in fibra di cocco compressa<\/b><\/h2>\n<ul>\n<li style=\"font-weight: 400;\" aria-level=\"1\"><span style=\"font-weight: 400;\">Conservare in un&#8217;area fresca, asciutta e ben ventilata. Ci\u00f2 contribuir\u00e0 a evitare che l&#8217;umidit\u00e0 penetri all&#8217;interno e causi il deterioramento della fibra di cocco.<\/span><\/li>\n<li style=\"font-weight: 400;\" aria-level=\"1\"><span style=\"font-weight: 400;\">Tienilo lontano dalla luce solare: la luce solare diretta pu\u00f2 danneggiare la fibra di cocco, quindi \u00e8 essenziale conservarla lontano da finestre o altre fonti di luce solare diretta.<\/span><\/li>\n<li style=\"font-weight: 400;\" aria-level=\"1\"><span style=\"font-weight: 400;\">Evitare la contaminazione: tenere la fibra di cocco lontana da qualsiasi potenziale fonte di contaminazione, come fertilizzanti, pesticidi e sostanze chimiche.<\/span><\/li>\n<li style=\"font-weight: 400;\" aria-level=\"1\"><span style=\"font-weight: 400;\">Utilizzare entro la data di scadenza come consigliato dal produttore.<\/span><\/li>\n<\/ul>\n<p><span style=\"font-weight: 400;\">Vedi altro:<\/span><\/p>\n<ul>\n<li style=\"font-weight: 400;\" aria-level=\"1\"><a href=\"https:\/\/cococoirglobal.com\/product\/coco-coir-grow-bag\/#coco_grow_bags\"><b>Sacco per coltivazione in fibra di cocco<\/b><\/a><span style=\"font-weight: 400;\"> Per rendimenti pi\u00f9 elevati Coco Coir Global<\/span><\/li>\n<li style=\"font-weight: 400;\" aria-level=\"1\"><a href=\"https:\/\/cococoirglobal.com\/product\/coco-peat-bag\/#coco_planting\"><b>Borsa di torba di cocco<\/b><\/a><span style=\"font-weight: 400;\"> 50 l\/100 l (sfuso) &#8211; Coco Coir Global<\/span><\/li>\n<li style=\"font-weight: 400;\" aria-level=\"1\"><a href=\"https:\/\/cococoirglobal.com\/product\/coconut-coir-block\/#coco_chips\"><b>Blocco di cocco<\/b><\/a><span style=\"font-weight: 400;\">\/Mattone 5kg &#8211; Cocco di cocco globale<\/span><\/li>\n<li style=\"font-weight: 400;\" aria-level=\"1\"><a href=\"https:\/\/cococoirglobal.com\/product\/coconut-coir-bulk\/#bulk_coco_coir\"><b>Fibra di cocco sfusa<\/b><\/a><span style=\"font-weight: 400;\"> Substrato di coltivazione biologico 1800L\/2000L<\/span><\/li>\n<li style=\"font-weight: 400;\" aria-level=\"1\"><a href=\"https:\/\/cococoirglobal.com\/product\/coconut-coir-propagation-cube\/#coco_coir_grow_cubes\"><b>Cubo di propagazione della fibra di cocco<\/b><\/a><\/li>\n<li style=\"font-weight: 400;\" aria-level=\"1\"><a href=\"https:\/\/cococoirglobal.com\/product\/pre-filled-coco-coir-bags\/#pre_filled_coco_coir_bag\"><b>Sacchetti in cocco preriempiti<\/b><\/a><span style=\"font-weight: 400;\"> 100% naturale da bucce di cocco<\/span><\/li>\n<\/ul>\n","protected":false},"excerpt":{"rendered":"<p>\u2713 Leggero, facile da trasportare e da utilizzare<\/p>\n<p>\u2713 Facile da trasportare con grandi quantit\u00e0<\/p>\n<p>\u2713 Specializzato per frutti di bosco, zenzero, cannabis, ecc.<\/p>\n<p>\u2713 Adatto per coltivazioni sia su grande che su piccola scala, in serre\/tunnel o piccoli giardini.<\/p>\n","protected":false},"featured_media":32420,"comment_status":"open","ping_status":"closed","template":"","meta":[],"product_cat":[566],"product_tag":[],"yoast_head":"<!-- This site is optimized with the Yoast SEO plugin v22.6 - https:\/\/yoast.com\/wordpress\/plugins\/seo\/ -->\n<title>Borsa con apertura superiore compressa in fibra di cocco di cocco<\/title>\n<meta name=\"description\" content=\"A Coco Coir globale, siamo orgogliosi di offrireprodotti di prima scelta che servono una vasta gamma di clienti (principalmente aziende B2B) con esigenze diverse.\" \/>\n<meta name=\"robots\" content=\"index, follow, max-snippet:-1, max-image-preview:large, max-video-preview:-1\" \/>\n<link rel=\"canonical\" href=\"https:\/\/cococoirglobal.com\/it\/product\/compressa-in-fibra-di-cocco-di-cocco\/\" \/>\n<meta property=\"og:locale\" content=\"it_IT\" \/>\n<meta property=\"og:type\" content=\"article\" \/>\n<meta property=\"og:title\" content=\"Borsa con apertura superiore compressa in fibra di cocco di cocco\" \/>\n<meta property=\"og:description\" content=\"A Coco Coir globale, siamo orgogliosi di offrireprodotti di prima scelta che servono una vasta gamma di clienti (principalmente aziende B2B) con esigenze diverse.\" \/>\n<meta property=\"og:url\" content=\"https:\/\/cococoirglobal.com\/it\/product\/compressa-in-fibra-di-cocco-di-cocco\/\" \/>\n<meta property=\"og:site_name\" content=\"Coco Coir Global Vietnam\" \/>\n<meta property=\"article:publisher\" content=\"https:\/\/www.facebook.com\/cococoirglobal\/\" \/>\n<meta property=\"article:modified_time\" content=\"2023-12-09T02:09:30+00:00\" \/>\n<meta property=\"og:image\" content=\"https:\/\/cococoirglobal.com\/wp-content\/uploads\/2023\/08\/Compressed-Coco-Coir-Open-Top.png\" \/>\n\t<meta property=\"og:image:width\" content=\"1080\" \/>\n\t<meta property=\"og:image:height\" content=\"800\" \/>\n\t<meta property=\"og:image:type\" content=\"image\/png\" \/>\n<meta name=\"twitter:card\" content=\"summary_large_image\" \/>\n<meta name=\"twitter:label1\" content=\"Tempo di lettura stimato\" \/>\n\t<meta name=\"twitter:data1\" content=\"3 minuti\" \/>\n<script type=\"application\/ld+json\" class=\"yoast-schema-graph\">{\"@context\":\"https:\/\/schema.org\",\"@graph\":[{\"@type\":\"WebPage\",\"@id\":\"https:\/\/cococoirglobal.com\/it\/product\/compressa-in-fibra-di-cocco-di-cocco\/\",\"url\":\"https:\/\/cococoirglobal.com\/it\/product\/compressa-in-fibra-di-cocco-di-cocco\/\",\"name\":\"Borsa con apertura superiore compressa in fibra di cocco di cocco\",\"isPartOf\":{\"@id\":\"https:\/\/cococoirglobal.com\/it\/#website\"},\"primaryImageOfPage\":{\"@id\":\"https:\/\/cococoirglobal.com\/it\/product\/compressa-in-fibra-di-cocco-di-cocco\/#primaryimage\"},\"image\":{\"@id\":\"https:\/\/cococoirglobal.com\/it\/product\/compressa-in-fibra-di-cocco-di-cocco\/#primaryimage\"},\"thumbnailUrl\":\"https:\/\/cococoirglobal.com\/wp-content\/uploads\/2023\/08\/Compressed-Coco-Coir-Open-Top.png\",\"datePublished\":\"2023-09-21T02:21:59+00:00\",\"dateModified\":\"2023-12-09T02:09:30+00:00\",\"description\":\"A Coco Coir globale, siamo orgogliosi di offrireprodotti di prima scelta che servono una vasta gamma di clienti (principalmente aziende B2B) con esigenze diverse.\",\"breadcrumb\":{\"@id\":\"https:\/\/cococoirglobal.com\/it\/product\/compressa-in-fibra-di-cocco-di-cocco\/#breadcrumb\"},\"inLanguage\":\"it-IT\",\"potentialAction\":[{\"@type\":\"ReadAction\",\"target\":[\"https:\/\/cococoirglobal.com\/it\/product\/compressa-in-fibra-di-cocco-di-cocco\/\"]}]},{\"@type\":\"ImageObject\",\"inLanguage\":\"it-IT\",\"@id\":\"https:\/\/cococoirglobal.com\/it\/product\/compressa-in-fibra-di-cocco-di-cocco\/#primaryimage\",\"url\":\"https:\/\/cococoirglobal.com\/wp-content\/uploads\/2023\/08\/Compressed-Coco-Coir-Open-Top.png\",\"contentUrl\":\"https:\/\/cococoirglobal.com\/wp-content\/uploads\/2023\/08\/Compressed-Coco-Coir-Open-Top.png\",\"width\":1080,\"height\":800},{\"@type\":\"BreadcrumbList\",\"@id\":\"https:\/\/cococoirglobal.com\/it\/product\/compressa-in-fibra-di-cocco-di-cocco\/#breadcrumb\",\"itemListElement\":[{\"@type\":\"ListItem\",\"position\":1,\"name\":\"Home\",\"item\":\"https:\/\/cococoirglobal.com\/it\/\"},{\"@type\":\"ListItem\",\"position\":2,\"name\":\"Prodotti\",\"item\":\"https:\/\/cococoirglobal.com\/it\/shop\/\"},{\"@type\":\"ListItem\",\"position\":3,\"name\":\"Coco Coir \u88fd\u54c1\u7d39\u4ecb\",\"item\":\"https:\/\/cococoirglobal.com\/ja\/product-category\/coco-peat\/\"},{\"@type\":\"ListItem\",\"position\":4,\"name\":\"Compressa in fibra di cocco di cocco\"}]},{\"@type\":\"WebSite\",\"@id\":\"https:\/\/cococoirglobal.com\/it\/#website\",\"url\":\"https:\/\/cococoirglobal.com\/it\/\",\"name\":\"Coco Coir Global\",\"description\":\"The leading manufacturer and supplier of Coco Coir Products!\",\"publisher\":{\"@id\":\"https:\/\/cococoirglobal.com\/it\/#organization\"},\"potentialAction\":[{\"@type\":\"SearchAction\",\"target\":{\"@type\":\"EntryPoint\",\"urlTemplate\":\"https:\/\/cococoirglobal.com\/it\/?s={search_term_string}\"},\"query-input\":\"required name=search_term_string\"}],\"inLanguage\":\"it-IT\"},{\"@type\":\"Organization\",\"@id\":\"https:\/\/cococoirglobal.com\/it\/#organization\",\"name\":\"COCO COIR GLOBAL COMPANY LIMITED\",\"url\":\"https:\/\/cococoirglobal.com\/it\/\",\"logo\":{\"@type\":\"ImageObject\",\"inLanguage\":\"it-IT\",\"@id\":\"https:\/\/cococoirglobal.com\/it\/#\/schema\/logo\/image\/\",\"url\":\"https:\/\/cococoirglobal.com\/wp-content\/uploads\/2023\/05\/Logo-coco-coir.png\",\"contentUrl\":\"https:\/\/cococoirglobal.com\/wp-content\/uploads\/2023\/05\/Logo-coco-coir.png\",\"width\":512,\"height\":512,\"caption\":\"COCO COIR GLOBAL COMPANY LIMITED\"},\"image\":{\"@id\":\"https:\/\/cococoirglobal.com\/it\/#\/schema\/logo\/image\/\"},\"sameAs\":[\"https:\/\/www.facebook.com\/cococoirglobal\/\",\"https:\/\/www.instagram.com\/cococoirglobal\/\",\"https:\/\/www.linkedin.com\/company\/coco-coir-global-company-limited\",\"https:\/\/www.youtube.com\/channel\/UC4Xk-Is93xHrllYZADkM7yQ\"]}]}<\/script>\n<!-- \/ Yoast SEO plugin. -->","yoast_head_json":{"title":"Borsa con apertura superiore compressa in fibra di cocco di cocco","description":"A Coco Coir globale, siamo orgogliosi di offrireprodotti di prima scelta che servono una vasta gamma di clienti (principalmente aziende B2B) con esigenze diverse.","robots":{"index":"index","follow":"follow","max-snippet":"max-snippet:-1","max-image-preview":"max-image-preview:large","max-video-preview":"max-video-preview:-1"},"canonical":"https:\/\/cococoirglobal.com\/it\/product\/compressa-in-fibra-di-cocco-di-cocco\/","og_locale":"it_IT","og_type":"article","og_title":"Borsa con apertura superiore compressa in fibra di cocco di cocco","og_description":"A Coco Coir globale, siamo orgogliosi di offrireprodotti di prima scelta che servono una vasta gamma di clienti (principalmente aziende B2B) con esigenze diverse.","og_url":"https:\/\/cococoirglobal.com\/it\/product\/compressa-in-fibra-di-cocco-di-cocco\/","og_site_name":"Coco Coir Global Vietnam","article_publisher":"https:\/\/www.facebook.com\/cococoirglobal\/","article_modified_time":"2023-12-09T02:09:30+00:00","og_image":[{"width":1080,"height":800,"url":"https:\/\/cococoirglobal.com\/wp-content\/uploads\/2023\/08\/Compressed-Coco-Coir-Open-Top.png","type":"image\/png"}],"twitter_card":"summary_large_image","twitter_misc":{"Tempo di lettura stimato":"3 minuti"},"schema":{"@context":"https:\/\/schema.org","@graph":[{"@type":"WebPage","@id":"https:\/\/cococoirglobal.com\/it\/product\/compressa-in-fibra-di-cocco-di-cocco\/","url":"https:\/\/cococoirglobal.com\/it\/product\/compressa-in-fibra-di-cocco-di-cocco\/","name":"Borsa con apertura superiore compressa in fibra di cocco di cocco","isPartOf":{"@id":"https:\/\/cococoirglobal.com\/it\/#website"},"primaryImageOfPage":{"@id":"https:\/\/cococoirglobal.com\/it\/product\/compressa-in-fibra-di-cocco-di-cocco\/#primaryimage"},"image":{"@id":"https:\/\/cococoirglobal.com\/it\/product\/compressa-in-fibra-di-cocco-di-cocco\/#primaryimage"},"thumbnailUrl":"https:\/\/cococoirglobal.com\/wp-content\/uploads\/2023\/08\/Compressed-Coco-Coir-Open-Top.png","datePublished":"2023-09-21T02:21:59+00:00","dateModified":"2023-12-09T02:09:30+00:00","description":"A Coco Coir globale, siamo orgogliosi di offrireprodotti di prima scelta che servono una vasta gamma di clienti (principalmente aziende B2B) con esigenze diverse.","breadcrumb":{"@id":"https:\/\/cococoirglobal.com\/it\/product\/compressa-in-fibra-di-cocco-di-cocco\/#breadcrumb"},"inLanguage":"it-IT","potentialAction":[{"@type":"ReadAction","target":["https:\/\/cococoirglobal.com\/it\/product\/compressa-in-fibra-di-cocco-di-cocco\/"]}]},{"@type":"ImageObject","inLanguage":"it-IT","@id":"https:\/\/cococoirglobal.com\/it\/product\/compressa-in-fibra-di-cocco-di-cocco\/#primaryimage","url":"https:\/\/cococoirglobal.com\/wp-content\/uploads\/2023\/08\/Compressed-Coco-Coir-Open-Top.png","contentUrl":"https:\/\/cococoirglobal.com\/wp-content\/uploads\/2023\/08\/Compressed-Coco-Coir-Open-Top.png","width":1080,"height":800},{"@type":"BreadcrumbList","@id":"https:\/\/cococoirglobal.com\/it\/product\/compressa-in-fibra-di-cocco-di-cocco\/#breadcrumb","itemListElement":[{"@type":"ListItem","position":1,"name":"Home","item":"https:\/\/cococoirglobal.com\/it\/"},{"@type":"ListItem","position":2,"name":"Prodotti","item":"https:\/\/cococoirglobal.com\/it\/shop\/"},{"@type":"ListItem","position":3,"name":"Coco Coir \u88fd\u54c1\u7d39\u4ecb","item":"https:\/\/cococoirglobal.com\/ja\/product-category\/coco-peat\/"},{"@type":"ListItem","position":4,"name":"Compressa in fibra di cocco di cocco"}]},{"@type":"WebSite","@id":"https:\/\/cococoirglobal.com\/it\/#website","url":"https:\/\/cococoirglobal.com\/it\/","name":"Coco Coir Global","description":"The leading manufacturer and supplier of Coco Coir Products!","publisher":{"@id":"https:\/\/cococoirglobal.com\/it\/#organization"},"potentialAction":[{"@type":"SearchAction","target":{"@type":"EntryPoint","urlTemplate":"https:\/\/cococoirglobal.com\/it\/?s={search_term_string}"},"query-input":"required name=search_term_string"}],"inLanguage":"it-IT"},{"@type":"Organization","@id":"https:\/\/cococoirglobal.com\/it\/#organization","name":"COCO COIR GLOBAL COMPANY LIMITED","url":"https:\/\/cococoirglobal.com\/it\/","logo":{"@type":"ImageObject","inLanguage":"it-IT","@id":"https:\/\/cococoirglobal.com\/it\/#\/schema\/logo\/image\/","url":"https:\/\/cococoirglobal.com\/wp-content\/uploads\/2023\/05\/Logo-coco-coir.png","contentUrl":"https:\/\/cococoirglobal.com\/wp-content\/uploads\/2023\/05\/Logo-coco-coir.png","width":512,"height":512,"caption":"COCO COIR GLOBAL COMPANY LIMITED"},"image":{"@id":"https:\/\/cococoirglobal.com\/it\/#\/schema\/logo\/image\/"},"sameAs":["https:\/\/www.facebook.com\/cococoirglobal\/","https:\/\/www.instagram.com\/cococoirglobal\/","https:\/\/www.linkedin.com\/company\/coco-coir-global-company-limited","https:\/\/www.youtube.com\/channel\/UC4Xk-Is93xHrllYZADkM7yQ"]}]}},"_links":{"self":[{"href":"https:\/\/cococoirglobal.com\/it\/wp-json\/wp\/v2\/product\/30127"}],"collection":[{"href":"https:\/\/cococoirglobal.com\/it\/wp-json\/wp\/v2\/product"}],"about":[{"href":"https:\/\/cococoirglobal.com\/it\/wp-json\/wp\/v2\/types\/product"}],"replies":[{"embeddable":true,"href":"https:\/\/cococoirglobal.com\/it\/wp-json\/wp\/v2\/comments?post=30127"}],"wp:featuredmedia":[{"embeddable":true,"href":"https:\/\/cococoirglobal.com\/it\/wp-json\/wp\/v2\/media\/32420"}],"wp:attachment":[{"href":"https:\/\/cococoirglobal.com\/it\/wp-json\/wp\/v2\/media?parent=30127"}],"wp:term":[{"taxonomy":"product_cat","embeddable":true,"href":"https:\/\/cococoirglobal.com\/it\/wp-json\/wp\/v2\/product_cat?post=30127"},{"taxonomy":"product_tag","embeddable":true,"href":"https:\/\/cococoirglobal.com\/it\/wp-json\/wp\/v2\/product_tag?post=30127"}],"curies":[{"name":"wp","href":"https:\/\/api.w.org\/{rel}","templated":true}]}}