{"id":29719,"date":"2023-08-18T11:06:14","date_gmt":"2023-08-18T04:06:14","guid":{"rendered":"https:\/\/cococoirglobal.com\/?post_type=product&#038;p=29719"},"modified":"2023-12-04T14:46:41","modified_gmt":"2023-12-04T07:46:41","slug":"patatine-al-cocco","status":"publish","type":"product","link":"https:\/\/cococoirglobal.com\/it\/product\/patatine-al-cocco\/","title":{"rendered":"Patatine al cocco"},"content":{"rendered":"<blockquote><p>Noi di Coco Coir Global siamo immensi orgogliosi di presentare una vasta gamma di prodotti di qualit\u00e0 superiore, meticolosamente progettati per soddisfare uno spettro diversificato di clienti, concentrandoci prevalentemente sulle imprese B2B, ciascuna con le sue esigenze uniche.<\/p><\/blockquote>\n<p>I nostri substrati in fibra di cocco di alta qualit\u00e0 sono molto apprezzati dai laboratori sia in Vietnam che negli Stati Uniti e sono anche elencati dall&#8217;OMRI per l&#8217;uso biologico. Con una vasta fabbrica e spedizioni globali, garantiamo una fornitura ininterrotta mantenendo una qualit\u00e0 del prodotto costante. Inoltre, abbiamo la capacit\u00e0 di personalizzare i prodotti per soddisfare specifiche personalizzate, su misura per una variet\u00e0 di usi previsti dai clienti.<\/p>\n<p>Inoltre, abbiamo una comprovata esperienza nell&#8217;esportazione dei nostri prodotti in numerosi paesi in tutto il mondo e le testimonianze dei nostri partner ci fanno diventare un fornitore potenziale e affidabile. Ci impegniamo a fornire ai clienti i migliori prodotti in fibra di cocco, che contribuiscono al loro successo nella coltivazione.<\/p>\n<blockquote><p>Le scaglie di cocco realizzate con buccia di cocco naturale al 100% vengono tagliate a pezzetti. Ha una forma fibrosa grossolana. Le dimensioni dei chip sono personalizzabili. Pronto all&#8217;uso (non necessita di prerisciacquo). Si decompone pi\u00f9 lentamente rispetto ad altre forme di fibra di cocco. Disponibile sia in forma sfusa (non compressa) che compressa. Combinalo con torba di cocco, fibra di cocco o altre sostanze come perlite o vermiculite (opzionale) per migliorare la crescita delle piante.<\/p><\/blockquote>\n<p>*Condizioni di conservazione: luogo fresco e asciutto.<\/p>\n<h3><strong>Type<\/strong>: bag, brick\/block, grow bag, open top bag, custom<\/h3>\n<p style=\"text-align: center;\"><a href=\"https:\/\/cococoirglobal.com\/it\/?attachment_id=32392#main\" rel=\"attachment wp-att-32392\"><img decoding=\"async\" loading=\"lazy\" class=\"alignnone size-full wp-image-32392\" src=\"https:\/\/cococoirglobal.com\/wp-content\/uploads\/2023\/08\/Chips.png\" alt=\"Coco Chips\" width=\"1080\" height=\"800\" srcset=\"https:\/\/cococoirglobal.com\/wp-content\/uploads\/2023\/08\/Chips.png 1080w, https:\/\/cococoirglobal.com\/wp-content\/uploads\/2023\/08\/Chips-800x593.png 800w, https:\/\/cococoirglobal.com\/wp-content\/uploads\/2023\/08\/Chips-768x569.png 768w, https:\/\/cococoirglobal.com\/wp-content\/uploads\/2023\/08\/Chips-510x378.png 510w\" sizes=\"(max-width: 1080px) 100vw, 1080px\" \/><\/a><\/p>\n<h2>Features of Coco Chips<\/h2>\n<ul>\n<li>Organic, biodegradable and environmentally friendly substrate<\/li>\n<li>Very low EC and neutral pH levels which are optimized for the ideal growth of various plants<\/li>\n<li>Remarkably low Potassium and Sodium salts<\/li>\n<li>Negligible heavy metal and pesticide residue<\/li>\n<li>High air-filled porosity (AFP) provides good medium structure (not too loose or too compacted), good oxygen exchange and nutrient uptake for overall plant growth<\/li>\n<li>High water holding capacity (WHC) as well as good drainage, helping to retain moisture and avoid water logging for plants.<\/li>\n<li>Desirable aeration helps the plant roots to be supplied with the necessary amount of oxygen, thereby growing healthy.<\/li>\n<li>Free of impurities and contaminants, which is completely clean and safe to use<\/li>\n<\/ul>\n<h2>Benefits of Coco Chips<\/h2>\n<ul>\n<li>Versatile growing medium, applied in use of both horticulture and non-horticulture (a number of other fields)<\/li>\n<li>Help protect and reduce the amount of waste in the environment, contributing to sustainable agriculture.<\/li>\n<li>With outstanding properties, coco coir creates favorable conditions as well as an ideal environment for the growth of plants.<\/li>\n<li>Help improve crop quality, producing tasty and nutritious fruits and vegetables<\/li>\n<li>Helps improve crop productivity, producing high yields<\/li>\n<li>Being an ideal component of compost, enriching nutrients in the agricultural soil<\/li>\n<li>Helps reduce the risk of plant diseases occurring as when using traditional soil<\/li>\n<li>Helping growers save costs in efforts of caring and using labor<\/li>\n<\/ul>\n","protected":false},"excerpt":{"rendered":"<p>Noi di Coco Coir Global siamo immensi orgogliosi di presentare una vasta gamma di prodotti di qualit\u00e0 superiore, meticolosamente progettati per soddisfare uno spettro diversificato di clienti, concentrandoci prevalentemente sulle imprese B2B, ciascuna con le sue esigenze uniche. I nostri substrati in fibra di cocco di alta qualit\u00e0 sono molto apprezzati dai laboratori sia in&#8230;<\/p>\n","protected":false},"featured_media":32392,"comment_status":"open","ping_status":"closed","template":"","meta":[],"product_cat":[566],"product_tag":[],"yoast_head":"<!-- This site is optimized with the Yoast SEO plugin v22.6 - https:\/\/yoast.com\/wordpress\/plugins\/seo\/ -->\n<title>Produttore di patatine di cocco Coco Coir Global Vietnam<\/title>\n<meta name=\"description\" content=\"Le scaglie di cocco realizzate con buccia di cocco naturale al 100% vengono tagliate a pezzetti. Ha una forma fibrosa grossolana. Le dimensioni dei chip sono personalizzabili\" \/>\n<meta name=\"robots\" content=\"index, follow, max-snippet:-1, max-image-preview:large, max-video-preview:-1\" \/>\n<link rel=\"canonical\" href=\"https:\/\/cococoirglobal.com\/it\/product\/patatine-al-cocco\/\" \/>\n<meta property=\"og:locale\" content=\"it_IT\" \/>\n<meta property=\"og:type\" content=\"article\" \/>\n<meta property=\"og:title\" content=\"Produttore di patatine di cocco Coco Coir Global Vietnam\" \/>\n<meta property=\"og:description\" content=\"Le scaglie di cocco realizzate con buccia di cocco naturale al 100% vengono tagliate a pezzetti. Ha una forma fibrosa grossolana. Le dimensioni dei chip sono personalizzabili\" \/>\n<meta property=\"og:url\" content=\"https:\/\/cococoirglobal.com\/it\/product\/patatine-al-cocco\/\" \/>\n<meta property=\"og:site_name\" content=\"Coco Coir Global Vietnam\" \/>\n<meta property=\"article:publisher\" content=\"https:\/\/www.facebook.com\/cococoirglobal\/\" \/>\n<meta property=\"article:modified_time\" content=\"2023-12-04T07:46:41+00:00\" \/>\n<meta property=\"og:image\" content=\"https:\/\/cococoirglobal.com\/wp-content\/uploads\/2023\/08\/Chips.png\" \/>\n\t<meta property=\"og:image:width\" content=\"1080\" \/>\n\t<meta property=\"og:image:height\" content=\"800\" \/>\n\t<meta property=\"og:image:type\" content=\"image\/png\" \/>\n<meta name=\"twitter:card\" content=\"summary_large_image\" \/>\n<meta name=\"twitter:label1\" content=\"Tempo di lettura stimato\" \/>\n\t<meta name=\"twitter:data1\" content=\"2 minuti\" \/>\n<script type=\"application\/ld+json\" class=\"yoast-schema-graph\">{\"@context\":\"https:\/\/schema.org\",\"@graph\":[{\"@type\":\"WebPage\",\"@id\":\"https:\/\/cococoirglobal.com\/it\/product\/patatine-al-cocco\/\",\"url\":\"https:\/\/cococoirglobal.com\/it\/product\/patatine-al-cocco\/\",\"name\":\"Produttore di patatine di cocco Coco Coir Global Vietnam\",\"isPartOf\":{\"@id\":\"https:\/\/cococoirglobal.com\/it\/#website\"},\"primaryImageOfPage\":{\"@id\":\"https:\/\/cococoirglobal.com\/it\/product\/patatine-al-cocco\/#primaryimage\"},\"image\":{\"@id\":\"https:\/\/cococoirglobal.com\/it\/product\/patatine-al-cocco\/#primaryimage\"},\"thumbnailUrl\":\"https:\/\/cococoirglobal.com\/wp-content\/uploads\/2023\/08\/Chips.png\",\"datePublished\":\"2023-08-18T04:06:14+00:00\",\"dateModified\":\"2023-12-04T07:46:41+00:00\",\"description\":\"Le scaglie di cocco realizzate con buccia di cocco naturale al 100% vengono tagliate a pezzetti. Ha una forma fibrosa grossolana. Le dimensioni dei chip sono personalizzabili\",\"breadcrumb\":{\"@id\":\"https:\/\/cococoirglobal.com\/it\/product\/patatine-al-cocco\/#breadcrumb\"},\"inLanguage\":\"it-IT\",\"potentialAction\":[{\"@type\":\"ReadAction\",\"target\":[\"https:\/\/cococoirglobal.com\/it\/product\/patatine-al-cocco\/\"]}]},{\"@type\":\"ImageObject\",\"inLanguage\":\"it-IT\",\"@id\":\"https:\/\/cococoirglobal.com\/it\/product\/patatine-al-cocco\/#primaryimage\",\"url\":\"https:\/\/cococoirglobal.com\/wp-content\/uploads\/2023\/08\/Chips.png\",\"contentUrl\":\"https:\/\/cococoirglobal.com\/wp-content\/uploads\/2023\/08\/Chips.png\",\"width\":1080,\"height\":800,\"caption\":\"Coco Chips\"},{\"@type\":\"BreadcrumbList\",\"@id\":\"https:\/\/cococoirglobal.com\/it\/product\/patatine-al-cocco\/#breadcrumb\",\"itemListElement\":[{\"@type\":\"ListItem\",\"position\":1,\"name\":\"Home\",\"item\":\"https:\/\/cococoirglobal.com\/it\/\"},{\"@type\":\"ListItem\",\"position\":2,\"name\":\"Prodotti\",\"item\":\"https:\/\/cococoirglobal.com\/it\/shop\/\"},{\"@type\":\"ListItem\",\"position\":3,\"name\":\"fibra di cocco\",\"item\":\"https:\/\/cococoirglobal.com\/it\/product-category\/fibra-di-cocco\/\"},{\"@type\":\"ListItem\",\"position\":4,\"name\":\"Patatine al cocco\"}]},{\"@type\":\"WebSite\",\"@id\":\"https:\/\/cococoirglobal.com\/it\/#website\",\"url\":\"https:\/\/cococoirglobal.com\/it\/\",\"name\":\"Coco Coir Global\",\"description\":\"The leading manufacturer and supplier of Coco Coir Products!\",\"publisher\":{\"@id\":\"https:\/\/cococoirglobal.com\/it\/#organization\"},\"potentialAction\":[{\"@type\":\"SearchAction\",\"target\":{\"@type\":\"EntryPoint\",\"urlTemplate\":\"https:\/\/cococoirglobal.com\/it\/?s={search_term_string}\"},\"query-input\":\"required name=search_term_string\"}],\"inLanguage\":\"it-IT\"},{\"@type\":\"Organization\",\"@id\":\"https:\/\/cococoirglobal.com\/it\/#organization\",\"name\":\"COCO COIR GLOBAL COMPANY LIMITED\",\"url\":\"https:\/\/cococoirglobal.com\/it\/\",\"logo\":{\"@type\":\"ImageObject\",\"inLanguage\":\"it-IT\",\"@id\":\"https:\/\/cococoirglobal.com\/it\/#\/schema\/logo\/image\/\",\"url\":\"https:\/\/cococoirglobal.com\/wp-content\/uploads\/2023\/05\/Logo-coco-coir.png\",\"contentUrl\":\"https:\/\/cococoirglobal.com\/wp-content\/uploads\/2023\/05\/Logo-coco-coir.png\",\"width\":512,\"height\":512,\"caption\":\"COCO COIR GLOBAL COMPANY LIMITED\"},\"image\":{\"@id\":\"https:\/\/cococoirglobal.com\/it\/#\/schema\/logo\/image\/\"},\"sameAs\":[\"https:\/\/www.facebook.com\/cococoirglobal\/\",\"https:\/\/www.instagram.com\/cococoirglobal\/\",\"https:\/\/www.linkedin.com\/company\/coco-coir-global-company-limited\",\"https:\/\/www.youtube.com\/channel\/UC4Xk-Is93xHrllYZADkM7yQ\"]}]}<\/script>\n<!-- \/ Yoast SEO plugin. -->","yoast_head_json":{"title":"Produttore di patatine di cocco Coco Coir Global Vietnam","description":"Le scaglie di cocco realizzate con buccia di cocco naturale al 100% vengono tagliate a pezzetti. Ha una forma fibrosa grossolana. Le dimensioni dei chip sono personalizzabili","robots":{"index":"index","follow":"follow","max-snippet":"max-snippet:-1","max-image-preview":"max-image-preview:large","max-video-preview":"max-video-preview:-1"},"canonical":"https:\/\/cococoirglobal.com\/it\/product\/patatine-al-cocco\/","og_locale":"it_IT","og_type":"article","og_title":"Produttore di patatine di cocco Coco Coir Global Vietnam","og_description":"Le scaglie di cocco realizzate con buccia di cocco naturale al 100% vengono tagliate a pezzetti. Ha una forma fibrosa grossolana. Le dimensioni dei chip sono personalizzabili","og_url":"https:\/\/cococoirglobal.com\/it\/product\/patatine-al-cocco\/","og_site_name":"Coco Coir Global Vietnam","article_publisher":"https:\/\/www.facebook.com\/cococoirglobal\/","article_modified_time":"2023-12-04T07:46:41+00:00","og_image":[{"width":1080,"height":800,"url":"https:\/\/cococoirglobal.com\/wp-content\/uploads\/2023\/08\/Chips.png","type":"image\/png"}],"twitter_card":"summary_large_image","twitter_misc":{"Tempo di lettura stimato":"2 minuti"},"schema":{"@context":"https:\/\/schema.org","@graph":[{"@type":"WebPage","@id":"https:\/\/cococoirglobal.com\/it\/product\/patatine-al-cocco\/","url":"https:\/\/cococoirglobal.com\/it\/product\/patatine-al-cocco\/","name":"Produttore di patatine di cocco Coco Coir Global Vietnam","isPartOf":{"@id":"https:\/\/cococoirglobal.com\/it\/#website"},"primaryImageOfPage":{"@id":"https:\/\/cococoirglobal.com\/it\/product\/patatine-al-cocco\/#primaryimage"},"image":{"@id":"https:\/\/cococoirglobal.com\/it\/product\/patatine-al-cocco\/#primaryimage"},"thumbnailUrl":"https:\/\/cococoirglobal.com\/wp-content\/uploads\/2023\/08\/Chips.png","datePublished":"2023-08-18T04:06:14+00:00","dateModified":"2023-12-04T07:46:41+00:00","description":"Le scaglie di cocco realizzate con buccia di cocco naturale al 100% vengono tagliate a pezzetti. Ha una forma fibrosa grossolana. Le dimensioni dei chip sono personalizzabili","breadcrumb":{"@id":"https:\/\/cococoirglobal.com\/it\/product\/patatine-al-cocco\/#breadcrumb"},"inLanguage":"it-IT","potentialAction":[{"@type":"ReadAction","target":["https:\/\/cococoirglobal.com\/it\/product\/patatine-al-cocco\/"]}]},{"@type":"ImageObject","inLanguage":"it-IT","@id":"https:\/\/cococoirglobal.com\/it\/product\/patatine-al-cocco\/#primaryimage","url":"https:\/\/cococoirglobal.com\/wp-content\/uploads\/2023\/08\/Chips.png","contentUrl":"https:\/\/cococoirglobal.com\/wp-content\/uploads\/2023\/08\/Chips.png","width":1080,"height":800,"caption":"Coco Chips"},{"@type":"BreadcrumbList","@id":"https:\/\/cococoirglobal.com\/it\/product\/patatine-al-cocco\/#breadcrumb","itemListElement":[{"@type":"ListItem","position":1,"name":"Home","item":"https:\/\/cococoirglobal.com\/it\/"},{"@type":"ListItem","position":2,"name":"Prodotti","item":"https:\/\/cococoirglobal.com\/it\/shop\/"},{"@type":"ListItem","position":3,"name":"fibra di cocco","item":"https:\/\/cococoirglobal.com\/it\/product-category\/fibra-di-cocco\/"},{"@type":"ListItem","position":4,"name":"Patatine al cocco"}]},{"@type":"WebSite","@id":"https:\/\/cococoirglobal.com\/it\/#website","url":"https:\/\/cococoirglobal.com\/it\/","name":"Coco Coir Global","description":"The leading manufacturer and supplier of Coco Coir Products!","publisher":{"@id":"https:\/\/cococoirglobal.com\/it\/#organization"},"potentialAction":[{"@type":"SearchAction","target":{"@type":"EntryPoint","urlTemplate":"https:\/\/cococoirglobal.com\/it\/?s={search_term_string}"},"query-input":"required name=search_term_string"}],"inLanguage":"it-IT"},{"@type":"Organization","@id":"https:\/\/cococoirglobal.com\/it\/#organization","name":"COCO COIR GLOBAL COMPANY LIMITED","url":"https:\/\/cococoirglobal.com\/it\/","logo":{"@type":"ImageObject","inLanguage":"it-IT","@id":"https:\/\/cococoirglobal.com\/it\/#\/schema\/logo\/image\/","url":"https:\/\/cococoirglobal.com\/wp-content\/uploads\/2023\/05\/Logo-coco-coir.png","contentUrl":"https:\/\/cococoirglobal.com\/wp-content\/uploads\/2023\/05\/Logo-coco-coir.png","width":512,"height":512,"caption":"COCO COIR GLOBAL COMPANY LIMITED"},"image":{"@id":"https:\/\/cococoirglobal.com\/it\/#\/schema\/logo\/image\/"},"sameAs":["https:\/\/www.facebook.com\/cococoirglobal\/","https:\/\/www.instagram.com\/cococoirglobal\/","https:\/\/www.linkedin.com\/company\/coco-coir-global-company-limited","https:\/\/www.youtube.com\/channel\/UC4Xk-Is93xHrllYZADkM7yQ"]}]}},"_links":{"self":[{"href":"https:\/\/cococoirglobal.com\/it\/wp-json\/wp\/v2\/product\/29719"}],"collection":[{"href":"https:\/\/cococoirglobal.com\/it\/wp-json\/wp\/v2\/product"}],"about":[{"href":"https:\/\/cococoirglobal.com\/it\/wp-json\/wp\/v2\/types\/product"}],"replies":[{"embeddable":true,"href":"https:\/\/cococoirglobal.com\/it\/wp-json\/wp\/v2\/comments?post=29719"}],"wp:featuredmedia":[{"embeddable":true,"href":"https:\/\/cococoirglobal.com\/it\/wp-json\/wp\/v2\/media\/32392"}],"wp:attachment":[{"href":"https:\/\/cococoirglobal.com\/it\/wp-json\/wp\/v2\/media?parent=29719"}],"wp:term":[{"taxonomy":"product_cat","embeddable":true,"href":"https:\/\/cococoirglobal.com\/it\/wp-json\/wp\/v2\/product_cat?post=29719"},{"taxonomy":"product_tag","embeddable":true,"href":"https:\/\/cococoirglobal.com\/it\/wp-json\/wp\/v2\/product_tag?post=29719"}],"curies":[{"name":"wp","href":"https:\/\/api.w.org\/{rel}","templated":true}]}}