{"id":29716,"date":"2023-08-24T09:52:25","date_gmt":"2023-08-24T02:52:25","guid":{"rendered":"https:\/\/cococoirglobal.com\/?post_type=product&#038;p=29716"},"modified":"2023-12-04T14:46:03","modified_gmt":"2023-12-04T07:46:03","slug":"miscela-di-perlite-di-cocco","status":"publish","type":"product","link":"https:\/\/cococoirglobal.com\/it\/product\/miscela-di-perlite-di-cocco\/","title":{"rendered":"Miscela di perlite di cocco"},"content":{"rendered":"<blockquote><p>Noi di Coco Coir Global siamo immensi orgogliosi di presentare una vasta gamma di prodotti di qualit\u00e0 superiore, meticolosamente progettati per soddisfare uno spettro diversificato di clienti, concentrandoci prevalentemente sulle imprese B2B, ciascuna con le sue esigenze uniche.<\/p><\/blockquote>\n<p>I nostri substrati in fibra di cocco di alta qualit\u00e0 sono molto apprezzati dai laboratori sia in Vietnam che negli Stati Uniti e sono anche elencati dall&#8217;OMRI per l&#8217;uso biologico. Con una vasta fabbrica e spedizioni globali, garantiamo una fornitura ininterrotta mantenendo una qualit\u00e0 del prodotto costante. Inoltre, abbiamo la capacit\u00e0 di personalizzare i prodotti per soddisfare specifiche personalizzate, su misura per una variet\u00e0 di usi previsti dai clienti.<\/p>\n<blockquote><p>Inoltre, abbiamo una comprovata esperienza nell&#8217;esportazione dei nostri prodotti in numerosi paesi in tutto il mondo e le testimonianze dei nostri partner ci fanno diventare un fornitore potenziale e affidabile. Ci impegniamo a fornire ai clienti i migliori prodotti in fibra di cocco, che contribuiscono al loro successo nella coltivazione.<\/p><\/blockquote>\n<p>Il mix di torba di cocco\/perlite \u00e8 una miscela unica per migliorare la qualit\u00e0 del terreno e la crescita delle piante. Questa miscela fornisce un mezzo bilanciato per uno sviluppo ottimale delle radici, garantendo sia umidit\u00e0 che aerazione per le piante. La sua natura leggera rende la manipolazione e l&#8217;invasatura senza problemi. Il mix di torba di cocco\/perlite \u00e8 ideale anche per un&#8217;ampia gamma di piante, sia da interno che da esterno, offrendo praticit\u00e0 e migliore successo nel giardinaggio.<\/p>\n<p>*Dimensione della perlite: personalizzabile<\/p>\n<p>*Condizioni di conservazione: luogo fresco e asciutto.<\/p>\n<p style=\"text-align: center;\"><a href=\"https:\/\/cococoirglobal.com\/it\/?attachment_id=29174#main\" rel=\"attachment wp-att-29174\"><img decoding=\"async\" loading=\"lazy\" class=\"alignnone size-full wp-image-29174\" src=\"https:\/\/cococoirglobal.com\/wp-content\/uploads\/2023\/08\/Coco-Coir-Perlite-Mix.png\" alt=\"Coco Coir Perlite Mix\" width=\"1080\" height=\"800\" srcset=\"https:\/\/cococoirglobal.com\/wp-content\/uploads\/2023\/08\/Coco-Coir-Perlite-Mix.png 1080w, https:\/\/cococoirglobal.com\/wp-content\/uploads\/2023\/08\/Coco-Coir-Perlite-Mix-800x593.png 800w, https:\/\/cococoirglobal.com\/wp-content\/uploads\/2023\/08\/Coco-Coir-Perlite-Mix-768x569.png 768w, https:\/\/cococoirglobal.com\/wp-content\/uploads\/2023\/08\/Coco-Coir-Perlite-Mix-510x378.png 510w\" sizes=\"(max-width: 1080px) 100vw, 1080px\" \/><\/a><\/p>\n<h2><strong>Caratteristiche del mix di fibra di cocco e perlite<\/strong><\/h2>\n<ul>\n<li style=\"font-weight: 400;\" aria-level=\"1\">Livelli di EC molto bassi e pH neutro ottimizzati per la crescita ideale di varie piante<\/li>\n<li style=\"font-weight: 400;\" aria-level=\"1\">Sali di potassio e sodio notevolmente bassi<\/li>\n<li style=\"font-weight: 400;\" aria-level=\"1\">Residui trascurabili di metalli pesanti e pesticidi<\/li>\n<li style=\"font-weight: 400;\" aria-level=\"1\">L&#8217;elevata porosit\u00e0 riempita d&#8217;aria (AFP) fornisce una buona struttura media (non troppo sciolta o troppo compatta), un buon scambio di ossigeno e un buon assorbimento di nutrienti per la crescita complessiva delle piante<\/li>\n<li style=\"font-weight: 400;\" aria-level=\"1\">Elevata capacit\u00e0 di ritenzione idrica (WHC) e buon drenaggio, aiutano a trattenere l&#8217;umidit\u00e0 ed evitare ristagni d&#8217;acqua per le piante.<\/li>\n<li style=\"font-weight: 400;\" aria-level=\"1\">L&#8217;aerazione desiderata aiuta le radici delle piante a ricevere la quantit\u00e0 necessaria di ossigeno, permettendole cos\u00ec di crescere sane.<\/li>\n<li style=\"font-weight: 400;\" aria-level=\"1\">Privo di impurit\u00e0 e contaminanti, completamente pulito e sicuro da usare<\/li>\n<\/ul>\n<h2><strong>Vantaggi del mix di fibra di cocco e perlite<\/strong><\/h2>\n<ul>\n<li style=\"font-weight: 400;\" aria-level=\"1\">Substrato di coltivazione versatile, ideale per un&#8217;ampia variet\u00e0 di tipi di piante<\/li>\n<li style=\"font-weight: 400;\" aria-level=\"1\">Migliora il drenaggio e previene i ristagni idrici, che possono causare marciumi radicali e malattie fungine<\/li>\n<li style=\"font-weight: 400;\" aria-level=\"1\">Aumenta l&#8217;aerazione e l&#8217;ossigenazione, che possono stimolare la crescita delle radici e l&#8217;assorbimento dei nutrienti<\/li>\n<li style=\"font-weight: 400;\" aria-level=\"1\">Il suo pH neutro o leggermente acido aiuta a fornire condizioni ottimali per la disponibilit\u00e0 e l&#8217;assorbimento dei nutrienti<\/li>\n<li style=\"font-weight: 400;\" aria-level=\"1\">Sostenibile ed ecologico e pu\u00f2 essere riutilizzato pi\u00f9 volte<\/li>\n<li style=\"font-weight: 400;\" aria-level=\"1\">Aiuta a ridurre il rischio che si verifichino malattie delle piante come quando si utilizza il terreno tradizionale<\/li>\n<\/ul>\n","protected":false},"excerpt":{"rendered":"<div>\u2713 Mix bilanciato per una crescita ottimale delle piante<\/div>\n<div><\/div>\n<div>\u2713 Su misura per la coltivazione di vari tipi di piante<\/div>\n<div><\/div>\n<div>\u2713 Miscele personalizzate secondo le richieste<\/div>\n<div><\/div>\n<div>\u2713 Leggero e maneggevole<\/div>\n","protected":false},"featured_media":33140,"comment_status":"open","ping_status":"closed","template":"","meta":[],"product_cat":[566],"product_tag":[],"yoast_head":"<!-- This site is optimized with the Yoast SEO plugin v22.6 - https:\/\/yoast.com\/wordpress\/plugins\/seo\/ -->\n<title>Miscela di perlite di cocco di cocco in Vietnam - Coco Coir Global<\/title>\n<meta name=\"description\" content=\"Inoltre, abbiamo una comprovata esperienza nell&#039;esportazione dei nostri prodotti in numerosi paesi in tutto il mondo e le testimonianze dei nostri partner ci fanno diventare un fornitore potenziale e affidabile.\" \/>\n<meta name=\"robots\" content=\"index, follow, max-snippet:-1, max-image-preview:large, max-video-preview:-1\" \/>\n<link rel=\"canonical\" href=\"https:\/\/cococoirglobal.com\/it\/product\/miscela-di-perlite-di-cocco\/\" \/>\n<meta property=\"og:locale\" content=\"it_IT\" \/>\n<meta property=\"og:type\" content=\"article\" \/>\n<meta property=\"og:title\" content=\"Miscela di perlite di cocco di cocco in Vietnam - Coco Coir Global\" \/>\n<meta property=\"og:description\" content=\"Inoltre, abbiamo una comprovata esperienza nell&#039;esportazione dei nostri prodotti in numerosi paesi in tutto il mondo e le testimonianze dei nostri partner ci fanno diventare un fornitore potenziale e affidabile.\" \/>\n<meta property=\"og:url\" content=\"https:\/\/cococoirglobal.com\/it\/product\/miscela-di-perlite-di-cocco\/\" \/>\n<meta property=\"og:site_name\" content=\"Coco Coir Global Vietnam\" \/>\n<meta property=\"article:publisher\" content=\"https:\/\/www.facebook.com\/cococoirglobal\/\" \/>\n<meta property=\"article:modified_time\" content=\"2023-12-04T07:46:03+00:00\" \/>\n<meta property=\"og:image\" content=\"https:\/\/cococoirglobal.com\/wp-content\/uploads\/2023\/11\/6.png\" \/>\n\t<meta property=\"og:image:width\" content=\"1080\" \/>\n\t<meta property=\"og:image:height\" content=\"1080\" \/>\n\t<meta property=\"og:image:type\" content=\"image\/png\" \/>\n<meta name=\"twitter:card\" content=\"summary_large_image\" \/>\n<meta name=\"twitter:label1\" content=\"Tempo di lettura stimato\" \/>\n\t<meta name=\"twitter:data1\" content=\"2 minuti\" \/>\n<script type=\"application\/ld+json\" class=\"yoast-schema-graph\">{\"@context\":\"https:\/\/schema.org\",\"@graph\":[{\"@type\":\"WebPage\",\"@id\":\"https:\/\/cococoirglobal.com\/it\/product\/miscela-di-perlite-di-cocco\/\",\"url\":\"https:\/\/cococoirglobal.com\/it\/product\/miscela-di-perlite-di-cocco\/\",\"name\":\"Miscela di perlite di cocco di cocco in Vietnam - Coco Coir Global\",\"isPartOf\":{\"@id\":\"https:\/\/cococoirglobal.com\/it\/#website\"},\"primaryImageOfPage\":{\"@id\":\"https:\/\/cococoirglobal.com\/it\/product\/miscela-di-perlite-di-cocco\/#primaryimage\"},\"image\":{\"@id\":\"https:\/\/cococoirglobal.com\/it\/product\/miscela-di-perlite-di-cocco\/#primaryimage\"},\"thumbnailUrl\":\"https:\/\/cococoirglobal.com\/wp-content\/uploads\/2023\/11\/6.png\",\"datePublished\":\"2023-08-24T02:52:25+00:00\",\"dateModified\":\"2023-12-04T07:46:03+00:00\",\"description\":\"Inoltre, abbiamo una comprovata esperienza nell'esportazione dei nostri prodotti in numerosi paesi in tutto il mondo e le testimonianze dei nostri partner ci fanno diventare un fornitore potenziale e affidabile.\",\"breadcrumb\":{\"@id\":\"https:\/\/cococoirglobal.com\/it\/product\/miscela-di-perlite-di-cocco\/#breadcrumb\"},\"inLanguage\":\"it-IT\",\"potentialAction\":[{\"@type\":\"ReadAction\",\"target\":[\"https:\/\/cococoirglobal.com\/it\/product\/miscela-di-perlite-di-cocco\/\"]}]},{\"@type\":\"ImageObject\",\"inLanguage\":\"it-IT\",\"@id\":\"https:\/\/cococoirglobal.com\/it\/product\/miscela-di-perlite-di-cocco\/#primaryimage\",\"url\":\"https:\/\/cococoirglobal.com\/wp-content\/uploads\/2023\/11\/6.png\",\"contentUrl\":\"https:\/\/cococoirglobal.com\/wp-content\/uploads\/2023\/11\/6.png\",\"width\":1080,\"height\":1080,\"caption\":\"chips de coco\"},{\"@type\":\"BreadcrumbList\",\"@id\":\"https:\/\/cococoirglobal.com\/it\/product\/miscela-di-perlite-di-cocco\/#breadcrumb\",\"itemListElement\":[{\"@type\":\"ListItem\",\"position\":1,\"name\":\"Home\",\"item\":\"https:\/\/cococoirglobal.com\/it\/\"},{\"@type\":\"ListItem\",\"position\":2,\"name\":\"Prodotti\",\"item\":\"https:\/\/cococoirglobal.com\/it\/shop\/\"},{\"@type\":\"ListItem\",\"position\":3,\"name\":\"fibra di cocco\",\"item\":\"https:\/\/cococoirglobal.com\/it\/product-category\/fibra-di-cocco\/\"},{\"@type\":\"ListItem\",\"position\":4,\"name\":\"Miscela di perlite di cocco\"}]},{\"@type\":\"WebSite\",\"@id\":\"https:\/\/cococoirglobal.com\/it\/#website\",\"url\":\"https:\/\/cococoirglobal.com\/it\/\",\"name\":\"Coco Coir Global\",\"description\":\"The leading manufacturer and supplier of Coco Coir Products!\",\"publisher\":{\"@id\":\"https:\/\/cococoirglobal.com\/it\/#organization\"},\"potentialAction\":[{\"@type\":\"SearchAction\",\"target\":{\"@type\":\"EntryPoint\",\"urlTemplate\":\"https:\/\/cococoirglobal.com\/it\/?s={search_term_string}\"},\"query-input\":\"required name=search_term_string\"}],\"inLanguage\":\"it-IT\"},{\"@type\":\"Organization\",\"@id\":\"https:\/\/cococoirglobal.com\/it\/#organization\",\"name\":\"COCO COIR GLOBAL COMPANY LIMITED\",\"url\":\"https:\/\/cococoirglobal.com\/it\/\",\"logo\":{\"@type\":\"ImageObject\",\"inLanguage\":\"it-IT\",\"@id\":\"https:\/\/cococoirglobal.com\/it\/#\/schema\/logo\/image\/\",\"url\":\"https:\/\/cococoirglobal.com\/wp-content\/uploads\/2023\/05\/Logo-coco-coir.png\",\"contentUrl\":\"https:\/\/cococoirglobal.com\/wp-content\/uploads\/2023\/05\/Logo-coco-coir.png\",\"width\":512,\"height\":512,\"caption\":\"COCO COIR GLOBAL COMPANY LIMITED\"},\"image\":{\"@id\":\"https:\/\/cococoirglobal.com\/it\/#\/schema\/logo\/image\/\"},\"sameAs\":[\"https:\/\/www.facebook.com\/cococoirglobal\/\",\"https:\/\/www.instagram.com\/cococoirglobal\/\",\"https:\/\/www.linkedin.com\/company\/coco-coir-global-company-limited\",\"https:\/\/www.youtube.com\/channel\/UC4Xk-Is93xHrllYZADkM7yQ\"]}]}<\/script>\n<!-- \/ Yoast SEO plugin. -->","yoast_head_json":{"title":"Miscela di perlite di cocco di cocco in Vietnam - Coco Coir Global","description":"Inoltre, abbiamo una comprovata esperienza nell'esportazione dei nostri prodotti in numerosi paesi in tutto il mondo e le testimonianze dei nostri partner ci fanno diventare un fornitore potenziale e affidabile.","robots":{"index":"index","follow":"follow","max-snippet":"max-snippet:-1","max-image-preview":"max-image-preview:large","max-video-preview":"max-video-preview:-1"},"canonical":"https:\/\/cococoirglobal.com\/it\/product\/miscela-di-perlite-di-cocco\/","og_locale":"it_IT","og_type":"article","og_title":"Miscela di perlite di cocco di cocco in Vietnam - Coco Coir Global","og_description":"Inoltre, abbiamo una comprovata esperienza nell'esportazione dei nostri prodotti in numerosi paesi in tutto il mondo e le testimonianze dei nostri partner ci fanno diventare un fornitore potenziale e affidabile.","og_url":"https:\/\/cococoirglobal.com\/it\/product\/miscela-di-perlite-di-cocco\/","og_site_name":"Coco Coir Global Vietnam","article_publisher":"https:\/\/www.facebook.com\/cococoirglobal\/","article_modified_time":"2023-12-04T07:46:03+00:00","og_image":[{"width":1080,"height":1080,"url":"https:\/\/cococoirglobal.com\/wp-content\/uploads\/2023\/11\/6.png","type":"image\/png"}],"twitter_card":"summary_large_image","twitter_misc":{"Tempo di lettura stimato":"2 minuti"},"schema":{"@context":"https:\/\/schema.org","@graph":[{"@type":"WebPage","@id":"https:\/\/cococoirglobal.com\/it\/product\/miscela-di-perlite-di-cocco\/","url":"https:\/\/cococoirglobal.com\/it\/product\/miscela-di-perlite-di-cocco\/","name":"Miscela di perlite di cocco di cocco in Vietnam - Coco Coir Global","isPartOf":{"@id":"https:\/\/cococoirglobal.com\/it\/#website"},"primaryImageOfPage":{"@id":"https:\/\/cococoirglobal.com\/it\/product\/miscela-di-perlite-di-cocco\/#primaryimage"},"image":{"@id":"https:\/\/cococoirglobal.com\/it\/product\/miscela-di-perlite-di-cocco\/#primaryimage"},"thumbnailUrl":"https:\/\/cococoirglobal.com\/wp-content\/uploads\/2023\/11\/6.png","datePublished":"2023-08-24T02:52:25+00:00","dateModified":"2023-12-04T07:46:03+00:00","description":"Inoltre, abbiamo una comprovata esperienza nell'esportazione dei nostri prodotti in numerosi paesi in tutto il mondo e le testimonianze dei nostri partner ci fanno diventare un fornitore potenziale e affidabile.","breadcrumb":{"@id":"https:\/\/cococoirglobal.com\/it\/product\/miscela-di-perlite-di-cocco\/#breadcrumb"},"inLanguage":"it-IT","potentialAction":[{"@type":"ReadAction","target":["https:\/\/cococoirglobal.com\/it\/product\/miscela-di-perlite-di-cocco\/"]}]},{"@type":"ImageObject","inLanguage":"it-IT","@id":"https:\/\/cococoirglobal.com\/it\/product\/miscela-di-perlite-di-cocco\/#primaryimage","url":"https:\/\/cococoirglobal.com\/wp-content\/uploads\/2023\/11\/6.png","contentUrl":"https:\/\/cococoirglobal.com\/wp-content\/uploads\/2023\/11\/6.png","width":1080,"height":1080,"caption":"chips de coco"},{"@type":"BreadcrumbList","@id":"https:\/\/cococoirglobal.com\/it\/product\/miscela-di-perlite-di-cocco\/#breadcrumb","itemListElement":[{"@type":"ListItem","position":1,"name":"Home","item":"https:\/\/cococoirglobal.com\/it\/"},{"@type":"ListItem","position":2,"name":"Prodotti","item":"https:\/\/cococoirglobal.com\/it\/shop\/"},{"@type":"ListItem","position":3,"name":"fibra di cocco","item":"https:\/\/cococoirglobal.com\/it\/product-category\/fibra-di-cocco\/"},{"@type":"ListItem","position":4,"name":"Miscela di perlite di cocco"}]},{"@type":"WebSite","@id":"https:\/\/cococoirglobal.com\/it\/#website","url":"https:\/\/cococoirglobal.com\/it\/","name":"Coco Coir Global","description":"The leading manufacturer and supplier of Coco Coir Products!","publisher":{"@id":"https:\/\/cococoirglobal.com\/it\/#organization"},"potentialAction":[{"@type":"SearchAction","target":{"@type":"EntryPoint","urlTemplate":"https:\/\/cococoirglobal.com\/it\/?s={search_term_string}"},"query-input":"required name=search_term_string"}],"inLanguage":"it-IT"},{"@type":"Organization","@id":"https:\/\/cococoirglobal.com\/it\/#organization","name":"COCO COIR GLOBAL COMPANY LIMITED","url":"https:\/\/cococoirglobal.com\/it\/","logo":{"@type":"ImageObject","inLanguage":"it-IT","@id":"https:\/\/cococoirglobal.com\/it\/#\/schema\/logo\/image\/","url":"https:\/\/cococoirglobal.com\/wp-content\/uploads\/2023\/05\/Logo-coco-coir.png","contentUrl":"https:\/\/cococoirglobal.com\/wp-content\/uploads\/2023\/05\/Logo-coco-coir.png","width":512,"height":512,"caption":"COCO COIR GLOBAL COMPANY LIMITED"},"image":{"@id":"https:\/\/cococoirglobal.com\/it\/#\/schema\/logo\/image\/"},"sameAs":["https:\/\/www.facebook.com\/cococoirglobal\/","https:\/\/www.instagram.com\/cococoirglobal\/","https:\/\/www.linkedin.com\/company\/coco-coir-global-company-limited","https:\/\/www.youtube.com\/channel\/UC4Xk-Is93xHrllYZADkM7yQ"]}]}},"_links":{"self":[{"href":"https:\/\/cococoirglobal.com\/it\/wp-json\/wp\/v2\/product\/29716"}],"collection":[{"href":"https:\/\/cococoirglobal.com\/it\/wp-json\/wp\/v2\/product"}],"about":[{"href":"https:\/\/cococoirglobal.com\/it\/wp-json\/wp\/v2\/types\/product"}],"replies":[{"embeddable":true,"href":"https:\/\/cococoirglobal.com\/it\/wp-json\/wp\/v2\/comments?post=29716"}],"wp:featuredmedia":[{"embeddable":true,"href":"https:\/\/cococoirglobal.com\/it\/wp-json\/wp\/v2\/media\/33140"}],"wp:attachment":[{"href":"https:\/\/cococoirglobal.com\/it\/wp-json\/wp\/v2\/media?parent=29716"}],"wp:term":[{"taxonomy":"product_cat","embeddable":true,"href":"https:\/\/cococoirglobal.com\/it\/wp-json\/wp\/v2\/product_cat?post=29716"},{"taxonomy":"product_tag","embeddable":true,"href":"https:\/\/cococoirglobal.com\/it\/wp-json\/wp\/v2\/product_tag?post=29716"}],"curies":[{"name":"wp","href":"https:\/\/api.w.org\/{rel}","templated":true}]}}