{"id":29714,"date":"2023-08-24T10:55:13","date_gmt":"2023-08-24T03:55:13","guid":{"rendered":"https:\/\/cococoirglobal.com\/?post_type=product&#038;p=29714"},"modified":"2023-12-04T14:45:44","modified_gmt":"2023-12-04T07:45:44","slug":"buccia-di-cocco","status":"publish","type":"product","link":"https:\/\/cococoirglobal.com\/it\/product\/buccia-di-cocco\/","title":{"rendered":"Buccia di cocco"},"content":{"rendered":"<blockquote><p>Noi di Coco Coir Global siamo immensi orgogliosi di presentare una vasta gamma di prodotti di qualit\u00e0 superiore, meticolosamente progettati per soddisfare uno spettro diversificato di clienti, concentrandoci prevalentemente sulle imprese B2B, ciascuna con le sue esigenze uniche.<\/p><\/blockquote>\n<p>I nostri substrati in fibra di cocco di alta qualit\u00e0 sono molto apprezzati dai laboratori sia in Vietnam che negli Stati Uniti e sono anche elencati dall&#8217;OMRI per l&#8217;uso biologico. Con una vasta fabbrica e spedizioni globali, garantiamo una fornitura ininterrotta mantenendo una qualit\u00e0 del prodotto costante. Inoltre, abbiamo la capacit\u00e0 di personalizzare i prodotti per soddisfare specifiche personalizzate, su misura per una variet\u00e0 di usi previsti dai clienti.<\/p>\n<blockquote><p>Inoltre, abbiamo una comprovata esperienza nell&#8217;esportazione dei nostri prodotti in numerosi paesi in tutto il mondo e le testimonianze dei nostri partner ci fanno diventare un fornitore potenziale e affidabile. Ci impegniamo a fornire ai clienti i migliori prodotti in fibra di cocco, che contribuiscono al loro successo nella coltivazione.<\/p><\/blockquote>\n<p>La buccia di cocco, o fibra di cocco, o semplicemente fibra di cocco, fornisce una soluzione di giardinaggio ecologica e versatile. Le sue eccezionali qualit\u00e0 di ritenzione idrica e aerazione garantiscono un&#8217;idratazione ottimale delle piante e la salute delle radici. Grazie alla sua natura biodegradabile, la buccia di cocco promuove la sostenibilit\u00e0 nelle pratiche di giardinaggio. Essendo una risorsa rinnovabile, la buccia di cocco si allinea al giardinaggio eco-consapevole, rendendola una scelta preziosa sia per gli hobbisti che per i professionisti.<\/p>\n<p>*Condizioni di conservazione: luogo fresco e asciutto.<\/p>\n<p style=\"text-align: center;\"><a href=\"https:\/\/cococoirglobal.com\/it\/?attachment_id=32392#main\" rel=\"attachment wp-att-32392\"><img decoding=\"async\" loading=\"lazy\" class=\"alignnone size-full wp-image-32392\" src=\"https:\/\/cococoirglobal.com\/wp-content\/uploads\/2023\/08\/Chips.png\" alt=\"Coco Chips\" width=\"1080\" height=\"800\" srcset=\"https:\/\/cococoirglobal.com\/wp-content\/uploads\/2023\/08\/Chips.png 1080w, https:\/\/cococoirglobal.com\/wp-content\/uploads\/2023\/08\/Chips-800x593.png 800w, https:\/\/cococoirglobal.com\/wp-content\/uploads\/2023\/08\/Chips-768x569.png 768w, https:\/\/cococoirglobal.com\/wp-content\/uploads\/2023\/08\/Chips-510x378.png 510w\" sizes=\"(max-width: 1080px) 100vw, 1080px\" \/><\/a><\/p>\n<h2>Caratteristiche della buccia di cocco<\/h2>\n<ul>\n<li style=\"font-weight: 400;\" aria-level=\"1\">Substrato organico, biodegradabile ed ecologico<\/li>\n<li style=\"font-weight: 400;\" aria-level=\"1\">Livelli di EC molto bassi e pH neutro ottimizzati per la crescita ideale di varie piante<\/li>\n<li style=\"font-weight: 400;\" aria-level=\"1\">Sali di potassio e sodio notevolmente bassi<\/li>\n<li style=\"font-weight: 400;\" aria-level=\"1\">Residui trascurabili di metalli pesanti e pesticidi<\/li>\n<li style=\"font-weight: 400;\" aria-level=\"1\">L&#8217;elevata porosit\u00e0 riempita d&#8217;aria (AFP) fornisce una buona struttura media (non troppo sciolta o troppo compatta), un buon scambio di ossigeno e un buon assorbimento di nutrienti per la crescita complessiva delle piante<\/li>\n<li style=\"font-weight: 400;\" aria-level=\"1\">Elevata capacit\u00e0 di ritenzione idrica (WHC) e buon drenaggio, aiutano a trattenere l&#8217;umidit\u00e0 ed evitare ristagni d&#8217;acqua per le piante.<\/li>\n<li style=\"font-weight: 400;\" aria-level=\"1\">L&#8217;aerazione desiderata aiuta le radici delle piante a ricevere la quantit\u00e0 necessaria di ossigeno, permettendole cos\u00ec di crescere sane.<\/li>\n<li style=\"font-weight: 400;\" aria-level=\"1\">Privo di impurit\u00e0 e contaminanti, completamente pulito e sicuro da usare<\/li>\n<\/ul>\n<h2>Benefici della buccia di cocco<\/h2>\n<ul>\n<li style=\"font-weight: 400;\" aria-level=\"1\">Substrato di coltivazione versatile, applicato sia all&#8217;orticoltura che alla non orticoltura (una serie di altri campi)<\/li>\n<li style=\"font-weight: 400;\" aria-level=\"1\">Aiuta a proteggere e ridurre la quantit\u00e0 di rifiuti nell&#8217;ambiente, contribuendo all&#8217;agricoltura sostenibile.<\/li>\n<li style=\"font-weight: 400;\" aria-level=\"1\">Con propriet\u00e0 eccezionali, la fibra di cocco crea condizioni favorevoli e un ambiente ideale per la crescita delle piante.<\/li>\n<li style=\"font-weight: 400;\" aria-level=\"1\">Aiuta a migliorare la qualit\u00e0 del raccolto, producendo frutta e verdura gustose e nutrienti<\/li>\n<li style=\"font-weight: 400;\" aria-level=\"1\">Aiuta a migliorare la produttivit\u00e0 delle colture, producendo rendimenti elevati<\/li>\n<li style=\"font-weight: 400;\" aria-level=\"1\">Essendo un componente ideale del compost, arricchisce i nutrienti nel terreno agricolo<\/li>\n<li style=\"font-weight: 400;\" aria-level=\"1\">Aiuta a ridurre il rischio che si verifichino malattie delle piante come quando si utilizza il terreno tradizionale<\/li>\n<li style=\"font-weight: 400;\" aria-level=\"1\">Aiutare i coltivatori a risparmiare sui costi legati alla cura e all\u2019utilizzo della manodopera<\/li>\n<\/ul>\n","protected":false},"excerpt":{"rendered":"<p>\u2713 Substrato di coltivazione perfetto per molteplici scopi di coltivazione<\/p>\n<p>\u2713 Versatile nell&#8217;uso (sia orticolo che non orticolo)<\/p>\n<p>\u2713 Personalizzato secondo le richieste<\/p>\n<p>\u2713 Substrato ecologico e compostabile<\/p>\n","protected":false},"featured_media":32392,"comment_status":"open","ping_status":"closed","template":"","meta":[],"product_cat":[566],"product_tag":[],"yoast_head":"<!-- This site is optimized with the Yoast SEO plugin v22.6 - https:\/\/yoast.com\/wordpress\/plugins\/seo\/ -->\n<title>Chips di buccia di cocco in Vietnam Coco Coir Global EXPORT<\/title>\n<meta name=\"description\" content=\"Noi di Coco Coir Global siamo immensi orgogliosi di presentare una vasta gamma di prodotti di qualit\u00e0 superiore, meticolosamente progettati per soddisfare uno spettro diversificato di clienti, concentrandoci prevalentemente sulle imprese B2B, ciascuna con le sue esigenze uniche.\" \/>\n<meta name=\"robots\" content=\"index, follow, max-snippet:-1, max-image-preview:large, max-video-preview:-1\" \/>\n<link rel=\"canonical\" href=\"https:\/\/cococoirglobal.com\/it\/product\/buccia-di-cocco\/\" \/>\n<meta property=\"og:locale\" content=\"it_IT\" \/>\n<meta property=\"og:type\" content=\"article\" \/>\n<meta property=\"og:title\" content=\"Chips di buccia di cocco in Vietnam Coco Coir Global EXPORT\" \/>\n<meta property=\"og:description\" content=\"Noi di Coco Coir Global siamo immensi orgogliosi di presentare una vasta gamma di prodotti di qualit\u00e0 superiore, meticolosamente progettati per soddisfare uno spettro diversificato di clienti, concentrandoci prevalentemente sulle imprese B2B, ciascuna con le sue esigenze uniche.\" \/>\n<meta property=\"og:url\" content=\"https:\/\/cococoirglobal.com\/it\/product\/buccia-di-cocco\/\" \/>\n<meta property=\"og:site_name\" content=\"Coco Coir Global Vietnam\" \/>\n<meta property=\"article:publisher\" content=\"https:\/\/www.facebook.com\/cococoirglobal\/\" \/>\n<meta property=\"article:modified_time\" content=\"2023-12-04T07:45:44+00:00\" \/>\n<meta property=\"og:image\" content=\"https:\/\/cococoirglobal.com\/wp-content\/uploads\/2023\/08\/Chips.png\" \/>\n\t<meta property=\"og:image:width\" content=\"1080\" \/>\n\t<meta property=\"og:image:height\" content=\"800\" \/>\n\t<meta property=\"og:image:type\" content=\"image\/png\" \/>\n<meta name=\"twitter:card\" content=\"summary_large_image\" \/>\n<meta name=\"twitter:label1\" content=\"Tempo di lettura stimato\" \/>\n\t<meta name=\"twitter:data1\" content=\"2 minuti\" \/>\n<script type=\"application\/ld+json\" class=\"yoast-schema-graph\">{\"@context\":\"https:\/\/schema.org\",\"@graph\":[{\"@type\":\"WebPage\",\"@id\":\"https:\/\/cococoirglobal.com\/it\/product\/buccia-di-cocco\/\",\"url\":\"https:\/\/cococoirglobal.com\/it\/product\/buccia-di-cocco\/\",\"name\":\"Chips di buccia di cocco in Vietnam Coco Coir Global EXPORT\",\"isPartOf\":{\"@id\":\"https:\/\/cococoirglobal.com\/it\/#website\"},\"primaryImageOfPage\":{\"@id\":\"https:\/\/cococoirglobal.com\/it\/product\/buccia-di-cocco\/#primaryimage\"},\"image\":{\"@id\":\"https:\/\/cococoirglobal.com\/it\/product\/buccia-di-cocco\/#primaryimage\"},\"thumbnailUrl\":\"https:\/\/cococoirglobal.com\/wp-content\/uploads\/2023\/08\/Chips.png\",\"datePublished\":\"2023-08-24T03:55:13+00:00\",\"dateModified\":\"2023-12-04T07:45:44+00:00\",\"description\":\"Noi di Coco Coir Global siamo immensi orgogliosi di presentare una vasta gamma di prodotti di qualit\u00e0 superiore, meticolosamente progettati per soddisfare uno spettro diversificato di clienti, concentrandoci prevalentemente sulle imprese B2B, ciascuna con le sue esigenze uniche.\",\"breadcrumb\":{\"@id\":\"https:\/\/cococoirglobal.com\/it\/product\/buccia-di-cocco\/#breadcrumb\"},\"inLanguage\":\"it-IT\",\"potentialAction\":[{\"@type\":\"ReadAction\",\"target\":[\"https:\/\/cococoirglobal.com\/it\/product\/buccia-di-cocco\/\"]}]},{\"@type\":\"ImageObject\",\"inLanguage\":\"it-IT\",\"@id\":\"https:\/\/cococoirglobal.com\/it\/product\/buccia-di-cocco\/#primaryimage\",\"url\":\"https:\/\/cococoirglobal.com\/wp-content\/uploads\/2023\/08\/Chips.png\",\"contentUrl\":\"https:\/\/cococoirglobal.com\/wp-content\/uploads\/2023\/08\/Chips.png\",\"width\":1080,\"height\":800,\"caption\":\"Coco Chips\"},{\"@type\":\"BreadcrumbList\",\"@id\":\"https:\/\/cococoirglobal.com\/it\/product\/buccia-di-cocco\/#breadcrumb\",\"itemListElement\":[{\"@type\":\"ListItem\",\"position\":1,\"name\":\"Home\",\"item\":\"https:\/\/cococoirglobal.com\/it\/\"},{\"@type\":\"ListItem\",\"position\":2,\"name\":\"Prodotti\",\"item\":\"https:\/\/cococoirglobal.com\/it\/shop\/\"},{\"@type\":\"ListItem\",\"position\":3,\"name\":\"Coco Coir Products\",\"item\":\"https:\/\/cococoirglobal.com\/it\/product-category\/coco-coir\/\"},{\"@type\":\"ListItem\",\"position\":4,\"name\":\"Buccia di cocco\"}]},{\"@type\":\"WebSite\",\"@id\":\"https:\/\/cococoirglobal.com\/it\/#website\",\"url\":\"https:\/\/cococoirglobal.com\/it\/\",\"name\":\"Coco Coir Global\",\"description\":\"The leading manufacturer and supplier of Coco Coir Products!\",\"publisher\":{\"@id\":\"https:\/\/cococoirglobal.com\/it\/#organization\"},\"potentialAction\":[{\"@type\":\"SearchAction\",\"target\":{\"@type\":\"EntryPoint\",\"urlTemplate\":\"https:\/\/cococoirglobal.com\/it\/?s={search_term_string}\"},\"query-input\":\"required name=search_term_string\"}],\"inLanguage\":\"it-IT\"},{\"@type\":\"Organization\",\"@id\":\"https:\/\/cococoirglobal.com\/it\/#organization\",\"name\":\"COCO COIR GLOBAL COMPANY LIMITED\",\"url\":\"https:\/\/cococoirglobal.com\/it\/\",\"logo\":{\"@type\":\"ImageObject\",\"inLanguage\":\"it-IT\",\"@id\":\"https:\/\/cococoirglobal.com\/it\/#\/schema\/logo\/image\/\",\"url\":\"https:\/\/cococoirglobal.com\/wp-content\/uploads\/2023\/05\/Logo-coco-coir.png\",\"contentUrl\":\"https:\/\/cococoirglobal.com\/wp-content\/uploads\/2023\/05\/Logo-coco-coir.png\",\"width\":512,\"height\":512,\"caption\":\"COCO COIR GLOBAL COMPANY LIMITED\"},\"image\":{\"@id\":\"https:\/\/cococoirglobal.com\/it\/#\/schema\/logo\/image\/\"},\"sameAs\":[\"https:\/\/www.facebook.com\/cococoirglobal\/\",\"https:\/\/www.instagram.com\/cococoirglobal\/\",\"https:\/\/www.linkedin.com\/company\/coco-coir-global-company-limited\",\"https:\/\/www.youtube.com\/channel\/UC4Xk-Is93xHrllYZADkM7yQ\"]}]}<\/script>\n<!-- \/ Yoast SEO plugin. -->","yoast_head_json":{"title":"Chips di buccia di cocco in Vietnam Coco Coir Global EXPORT","description":"Noi di Coco Coir Global siamo immensi orgogliosi di presentare una vasta gamma di prodotti di qualit\u00e0 superiore, meticolosamente progettati per soddisfare uno spettro diversificato di clienti, concentrandoci prevalentemente sulle imprese B2B, ciascuna con le sue esigenze uniche.","robots":{"index":"index","follow":"follow","max-snippet":"max-snippet:-1","max-image-preview":"max-image-preview:large","max-video-preview":"max-video-preview:-1"},"canonical":"https:\/\/cococoirglobal.com\/it\/product\/buccia-di-cocco\/","og_locale":"it_IT","og_type":"article","og_title":"Chips di buccia di cocco in Vietnam Coco Coir Global EXPORT","og_description":"Noi di Coco Coir Global siamo immensi orgogliosi di presentare una vasta gamma di prodotti di qualit\u00e0 superiore, meticolosamente progettati per soddisfare uno spettro diversificato di clienti, concentrandoci prevalentemente sulle imprese B2B, ciascuna con le sue esigenze uniche.","og_url":"https:\/\/cococoirglobal.com\/it\/product\/buccia-di-cocco\/","og_site_name":"Coco Coir Global Vietnam","article_publisher":"https:\/\/www.facebook.com\/cococoirglobal\/","article_modified_time":"2023-12-04T07:45:44+00:00","og_image":[{"width":1080,"height":800,"url":"https:\/\/cococoirglobal.com\/wp-content\/uploads\/2023\/08\/Chips.png","type":"image\/png"}],"twitter_card":"summary_large_image","twitter_misc":{"Tempo di lettura stimato":"2 minuti"},"schema":{"@context":"https:\/\/schema.org","@graph":[{"@type":"WebPage","@id":"https:\/\/cococoirglobal.com\/it\/product\/buccia-di-cocco\/","url":"https:\/\/cococoirglobal.com\/it\/product\/buccia-di-cocco\/","name":"Chips di buccia di cocco in Vietnam Coco Coir Global EXPORT","isPartOf":{"@id":"https:\/\/cococoirglobal.com\/it\/#website"},"primaryImageOfPage":{"@id":"https:\/\/cococoirglobal.com\/it\/product\/buccia-di-cocco\/#primaryimage"},"image":{"@id":"https:\/\/cococoirglobal.com\/it\/product\/buccia-di-cocco\/#primaryimage"},"thumbnailUrl":"https:\/\/cococoirglobal.com\/wp-content\/uploads\/2023\/08\/Chips.png","datePublished":"2023-08-24T03:55:13+00:00","dateModified":"2023-12-04T07:45:44+00:00","description":"Noi di Coco Coir Global siamo immensi orgogliosi di presentare una vasta gamma di prodotti di qualit\u00e0 superiore, meticolosamente progettati per soddisfare uno spettro diversificato di clienti, concentrandoci prevalentemente sulle imprese B2B, ciascuna con le sue esigenze uniche.","breadcrumb":{"@id":"https:\/\/cococoirglobal.com\/it\/product\/buccia-di-cocco\/#breadcrumb"},"inLanguage":"it-IT","potentialAction":[{"@type":"ReadAction","target":["https:\/\/cococoirglobal.com\/it\/product\/buccia-di-cocco\/"]}]},{"@type":"ImageObject","inLanguage":"it-IT","@id":"https:\/\/cococoirglobal.com\/it\/product\/buccia-di-cocco\/#primaryimage","url":"https:\/\/cococoirglobal.com\/wp-content\/uploads\/2023\/08\/Chips.png","contentUrl":"https:\/\/cococoirglobal.com\/wp-content\/uploads\/2023\/08\/Chips.png","width":1080,"height":800,"caption":"Coco Chips"},{"@type":"BreadcrumbList","@id":"https:\/\/cococoirglobal.com\/it\/product\/buccia-di-cocco\/#breadcrumb","itemListElement":[{"@type":"ListItem","position":1,"name":"Home","item":"https:\/\/cococoirglobal.com\/it\/"},{"@type":"ListItem","position":2,"name":"Prodotti","item":"https:\/\/cococoirglobal.com\/it\/shop\/"},{"@type":"ListItem","position":3,"name":"Coco Coir Products","item":"https:\/\/cococoirglobal.com\/it\/product-category\/coco-coir\/"},{"@type":"ListItem","position":4,"name":"Buccia di cocco"}]},{"@type":"WebSite","@id":"https:\/\/cococoirglobal.com\/it\/#website","url":"https:\/\/cococoirglobal.com\/it\/","name":"Coco Coir Global","description":"The leading manufacturer and supplier of Coco Coir Products!","publisher":{"@id":"https:\/\/cococoirglobal.com\/it\/#organization"},"potentialAction":[{"@type":"SearchAction","target":{"@type":"EntryPoint","urlTemplate":"https:\/\/cococoirglobal.com\/it\/?s={search_term_string}"},"query-input":"required name=search_term_string"}],"inLanguage":"it-IT"},{"@type":"Organization","@id":"https:\/\/cococoirglobal.com\/it\/#organization","name":"COCO COIR GLOBAL COMPANY LIMITED","url":"https:\/\/cococoirglobal.com\/it\/","logo":{"@type":"ImageObject","inLanguage":"it-IT","@id":"https:\/\/cococoirglobal.com\/it\/#\/schema\/logo\/image\/","url":"https:\/\/cococoirglobal.com\/wp-content\/uploads\/2023\/05\/Logo-coco-coir.png","contentUrl":"https:\/\/cococoirglobal.com\/wp-content\/uploads\/2023\/05\/Logo-coco-coir.png","width":512,"height":512,"caption":"COCO COIR GLOBAL COMPANY LIMITED"},"image":{"@id":"https:\/\/cococoirglobal.com\/it\/#\/schema\/logo\/image\/"},"sameAs":["https:\/\/www.facebook.com\/cococoirglobal\/","https:\/\/www.instagram.com\/cococoirglobal\/","https:\/\/www.linkedin.com\/company\/coco-coir-global-company-limited","https:\/\/www.youtube.com\/channel\/UC4Xk-Is93xHrllYZADkM7yQ"]}]}},"_links":{"self":[{"href":"https:\/\/cococoirglobal.com\/it\/wp-json\/wp\/v2\/product\/29714"}],"collection":[{"href":"https:\/\/cococoirglobal.com\/it\/wp-json\/wp\/v2\/product"}],"about":[{"href":"https:\/\/cococoirglobal.com\/it\/wp-json\/wp\/v2\/types\/product"}],"replies":[{"embeddable":true,"href":"https:\/\/cococoirglobal.com\/it\/wp-json\/wp\/v2\/comments?post=29714"}],"wp:featuredmedia":[{"embeddable":true,"href":"https:\/\/cococoirglobal.com\/it\/wp-json\/wp\/v2\/media\/32392"}],"wp:attachment":[{"href":"https:\/\/cococoirglobal.com\/it\/wp-json\/wp\/v2\/media?parent=29714"}],"wp:term":[{"taxonomy":"product_cat","embeddable":true,"href":"https:\/\/cococoirglobal.com\/it\/wp-json\/wp\/v2\/product_cat?post=29714"},{"taxonomy":"product_tag","embeddable":true,"href":"https:\/\/cococoirglobal.com\/it\/wp-json\/wp\/v2\/product_tag?post=29714"}],"curies":[{"name":"wp","href":"https:\/\/api.w.org\/{rel}","templated":true}]}}