{"id":29580,"date":"2023-09-15T09:26:51","date_gmt":"2023-09-15T02:26:51","guid":{"rendered":"https:\/\/cococoirglobal.com\/?page_id=29580"},"modified":"2023-09-15T09:26:51","modified_gmt":"2023-09-15T02:26:51","slug":"faq","status":"publish","type":"page","link":"https:\/\/cococoirglobal.com\/it\/faq\/","title":{"rendered":"FAQ"},"content":{"rendered":"\t<div id=\"text-631995636\" class=\"text\">\n\t\t\n<h1>FAQ<\/h1>\n\t\t\n<style>\n#text-631995636 {\n  text-align: center;\n}\n<\/style>\n\t<\/div>\n\t\n<div class=\"row\"  id=\"row-1856054112\">\n\n\t<div id=\"col-2598933\" class=\"col small-12 large-12\"  >\n\t\t\t\t<div class=\"col-inner\"  >\n\t\t\t\n\t\t\t\n<div class=\"accordion\">\n<div id=\"accordion-2923752331\" class=\"accordion-item\"><a id=\"accordion-2923752331-label\" href=\"#\" class=\"accordion-title plain\" aria-expanded=\"false\" aria-controls=\"accordion-2923752331-content\"><button class=\"toggle\" aria-label=\"Toggle\"><i class=\"icon-angle-down\"><\/i><\/button><span>Cos'\u00e8 la fibra di cocco?<\/span><\/a><div id=\"accordion-2923752331-content\" class=\"accordion-inner\" aria-labelledby=\"accordion-2923752331-label\">\n<p>La fibra di cocco, nota anche come torba di cocco o fibra di cocco, \u00e8 derivata dalla buccia delle noci di cocco. \u00c8 ampiamente utilizzato come terreno di coltura in orticoltura e giardinaggio.<\/p>\n<\/div><\/div>\n<\/div>\n<div class=\"accordion\">\n<div id=\"accordion-3213512511\" class=\"accordion-item\"><a id=\"accordion-3213512511-label\" href=\"#\" class=\"accordion-title plain\" aria-expanded=\"false\" aria-controls=\"accordion-3213512511-content\"><button class=\"toggle\" aria-label=\"Toggle\"><i class=\"icon-angle-down\"><\/i><\/button><span>La fibra di cocco \u00e8 un materiale organico?<\/span><\/a><div id=\"accordion-3213512511-content\" class=\"accordion-inner\" aria-labelledby=\"accordion-3213512511-label\">\n<p>S\u00ec, la fibra di cocco \u00e8 considerata un materiale organico poich\u00e9 deriva da fonti naturali (bucce di cocco) ed \u00e8 priva di additivi sintetici.<\/p>\n<\/div><\/div>\n<\/div>\n<div class=\"accordion\">\n<div id=\"accordion-4147791943\" class=\"accordion-item\"><a id=\"accordion-4147791943-label\" href=\"#\" class=\"accordion-title plain\" aria-expanded=\"false\" aria-controls=\"accordion-4147791943-content\"><button class=\"toggle\" aria-label=\"Toggle\"><i class=\"icon-angle-down\"><\/i><\/button><span>Quali sono i vantaggi dell\u2019utilizzo della fibra di cocco nella coltura idroponica?<\/span><\/a><div id=\"accordion-4147791943-content\" class=\"accordion-inner\" aria-labelledby=\"accordion-4147791943-label\">\n<p>I vantaggi dell\u2019utilizzo della fibra di cocco nella coltura idroponica includono la sua sostenibilit\u00e0, natura rinnovabile e capacit\u00e0 di trattenere l\u2019umidit\u00e0 senza bagnarsi. \u00c8 anche leggero, facile da maneggiare e fornisce un ambiente favorevole per lo sviluppo delle radici.<\/p>\n<\/div><\/div>\n<\/div>\n<div class=\"accordion\">\n<div id=\"accordion-2259338730\" class=\"accordion-item\"><a id=\"accordion-2259338730-label\" href=\"#\" class=\"accordion-title plain\" aria-expanded=\"false\" aria-controls=\"accordion-2259338730-content\"><button class=\"toggle\" aria-label=\"Toggle\"><i class=\"icon-angle-down\"><\/i><\/button><span>Come viene utilizzata la fibra di cocco nel giardinaggio?<\/span><\/a><div id=\"accordion-2259338730-content\" class=\"accordion-inner\" aria-labelledby=\"accordion-2259338730-label\">\n<p>La fibra di cocco pu\u00f2 essere utilizzata come mezzo di coltura autonomo o miscelata con altri substrati. \u00c8 comunemente usato per la semina, per il giardinaggio in contenitori, per la coltura idroponica e come ammendante del terreno.<\/p>\n<\/div><\/div>\n<\/div>\n<div class=\"accordion\">\n<div id=\"accordion-1722736929\" class=\"accordion-item\"><a id=\"accordion-1722736929-label\" href=\"#\" class=\"accordion-title plain\" aria-expanded=\"false\" aria-controls=\"accordion-1722736929-content\"><button class=\"toggle\" aria-label=\"Toggle\"><i class=\"icon-angle-down\"><\/i><\/button><span>Quali sono i vantaggi dell\u2019utilizzo della fibra di cocco?<\/span><\/a><div id=\"accordion-1722736929-content\" class=\"accordion-inner\" aria-labelledby=\"accordion-1722736929-label\">\n<p>Per citare alcuni vantaggi della fibra di cocco: buona capacit\u00e0 di trattenere l&#8217;acqua, buon drenaggio, elevata porosit\u00e0 piena d&#8217;aria per sviluppare buone radici ed elevato scambio cationico per un migliore assorbimento dei nutrienti. \u00c8 anche leggero, facile da maneggiare e ha un buon drenaggio. \u00c8 anche una risorsa sostenibile e rinnovabile.<\/p>\n<\/div><\/div>\n<\/div>\n<div class=\"accordion\">\n<div id=\"accordion-1575535965\" class=\"accordion-item\"><a id=\"accordion-1575535965-label\" href=\"#\" class=\"accordion-title plain\" aria-expanded=\"false\" aria-controls=\"accordion-1575535965-content\"><button class=\"toggle\" aria-label=\"Toggle\"><i class=\"icon-angle-down\"><\/i><\/button><span>La fibra di cocco \u00e8 un materiale organico?<\/span><\/a><div id=\"accordion-1575535965-content\" class=\"accordion-inner\" aria-labelledby=\"accordion-1575535965-label\">\n<p>La fibra di cocco \u00e8 naturalmente leggermente acida, con un pH compreso tra 5,5 e 6,5. \u00c8 generalmente considerato a pH neutro rispetto ad altri terreni fuori suolo come la torba.<\/p>\n<\/div><\/div>\n<\/div>\n<div class=\"accordion\">\n<div id=\"accordion-2310506886\" class=\"accordion-item\"><a id=\"accordion-2310506886-label\" href=\"#\" class=\"accordion-title plain\" aria-expanded=\"false\" aria-controls=\"accordion-2310506886-content\"><button class=\"toggle\" aria-label=\"Toggle\"><i class=\"icon-angle-down\"><\/i><\/button><span>Quanto spesso dovrebbe essere annaffiata la fibra di cocco?<\/span><\/a><div id=\"accordion-2310506886-content\" class=\"accordion-inner\" aria-labelledby=\"accordion-2310506886-label\">\n<p>La frequenza di irrigazione della fibra di cocco dipende da vari fattori come il tipo di pianta, le dimensioni del contenitore e le condizioni ambientali. Dipende anche dalla composizione materiale della fibra di cocco (poich\u00e9 ciascuna avr\u00e0 un drenaggio distinto). Come linea guida generale, la fibra di cocco dovrebbe essere annaffiata quando lo strato superiore risulta asciutto al tatto.<\/p>\n<\/div><\/div>\n<\/div>\n<div class=\"accordion\">\n<div id=\"accordion-4129539899\" class=\"accordion-item\"><a id=\"accordion-4129539899-label\" href=\"#\" class=\"accordion-title plain\" aria-expanded=\"false\" aria-controls=\"accordion-4129539899-content\"><button class=\"toggle\" aria-label=\"Toggle\"><i class=\"icon-angle-down\"><\/i><\/button><span>La fibra di cocco pu\u00f2 essere riutilizzata?<\/span><\/a><div id=\"accordion-4129539899-content\" class=\"accordion-inner\" aria-labelledby=\"accordion-4129539899-label\">\n<p>S\u00ec, la fibra di cocco pu\u00f2 essere riutilizzata pi\u00f9 volte con un trattamento e una preparazione adeguati. Maggiore \u00e8 la qualit\u00e0, pi\u00f9 volte \u00e8 possibile riutilizzarlo.<\/p>\n<\/div><\/div>\n<\/div>\n<div class=\"accordion\">\n<div id=\"accordion-1465595640\" class=\"accordion-item\"><a id=\"accordion-1465595640-label\" href=\"#\" class=\"accordion-title plain\" aria-expanded=\"false\" aria-controls=\"accordion-1465595640-content\"><button class=\"toggle\" aria-label=\"Toggle\"><i class=\"icon-angle-down\"><\/i><\/button><span>La fibra di cocco contiene sostanze nutritive?<\/span><\/a><div id=\"accordion-1465595640-content\" class=\"accordion-inner\" aria-labelledby=\"accordion-1465595640-label\">\n<p>La fibra di cocco ha un basso contenuto di nutrienti, quindi viene spesso utilizzata con soluzioni nutritive o integrata con fertilizzanti organici per fornire nutrienti essenziali per la crescita delle piante.<\/p>\n<\/div><\/div>\n<\/div>\n<div class=\"accordion\">\n<div id=\"accordion-3622194052\" class=\"accordion-item\"><a id=\"accordion-3622194052-label\" href=\"#\" class=\"accordion-title plain\" aria-expanded=\"false\" aria-controls=\"accordion-3622194052-content\"><button class=\"toggle\" aria-label=\"Toggle\"><i class=\"icon-angle-down\"><\/i><\/button><span>La fibra di cocco \u00e8 ecologica?<\/span><\/a><div id=\"accordion-3622194052-content\" class=\"accordion-inner\" aria-labelledby=\"accordion-3622194052-label\">\n<p>S\u00ec, la fibra di cocco \u00e8 considerata ecologica poich\u00e9 \u00e8 un sottoprodotto dell&#8217;industria del cocco ed \u00e8 biodegradabile. \u00c8 un&#8217;alternativa sostenibile alla torba e anche compostabile, che aiuta a migliorare la struttura del terreno.<\/p>\n<\/div><\/div>\n<\/div>\n<div class=\"accordion\">\n<div id=\"accordion-1279127650\" class=\"accordion-item\"><a id=\"accordion-1279127650-label\" href=\"#\" class=\"accordion-title plain\" aria-expanded=\"false\" aria-controls=\"accordion-1279127650-content\"><button class=\"toggle\" aria-label=\"Toggle\"><i class=\"icon-angle-down\"><\/i><\/button><span>Dove posso acquistare la fibra di cocco?<\/span><\/a><div id=\"accordion-1279127650-content\" class=\"accordion-inner\" aria-labelledby=\"accordion-1279127650-label\">\n<p>Se siete coltivatori commerciali, distributori o rivenditori, dovreste scegliere di acquistare direttamente dalla fabbrica poich\u00e9 otterrete prezzi pi\u00f9 convenienti grazie all&#8217;acquisto di grandi quantit\u00e0. Al contrario, se siete coltivatori individuali che desiderano o iniziano a fare giardinaggio da soli a casa, \u00e8 preferibile acquistare prodotti in fibra di cocco nei negozi di giardinaggio, nei vivai o nei negozi online.<\/p>\n<\/div><\/div>\n<\/div>\n\t\t<\/div>\n\t\t\t\t\t<\/div>\n\n\t\n<\/div>\n","protected":false},"excerpt":{"rendered":"","protected":false},"author":2,"featured_media":0,"parent":0,"menu_order":0,"comment_status":"closed","ping_status":"closed","template":"","meta":{"footnotes":""},"yoast_head":"<!-- This site is optimized with the Yoast SEO plugin v22.6 - https:\/\/yoast.com\/wordpress\/plugins\/seo\/ -->\n<title>FAQ - Coco Coir Global Vietnam<\/title>\n<meta name=\"description\" content=\"If you are commercial growers, distributors or retailers, you should opt to buy direct from factory since you will get more affordable prices due to buying large quantities. In contrast, if you are individual growers wanting to or getting into doing gardening yourself at home, it\u2019s preferable to purchase coco coir products in gardening stores, nurseries or online shops.\" \/>\n<meta name=\"robots\" content=\"index, follow, max-snippet:-1, max-image-preview:large, max-video-preview:-1\" \/>\n<link rel=\"canonical\" href=\"https:\/\/cococoirglobal.com\/it\/faq\/\" \/>\n<meta property=\"og:locale\" content=\"it_IT\" \/>\n<meta property=\"og:type\" content=\"article\" \/>\n<meta property=\"og:title\" content=\"FAQ - Coco Coir Global Vietnam\" \/>\n<meta property=\"og:description\" content=\"If you are commercial growers, distributors or retailers, you should opt to buy direct from factory since you will get more affordable prices due to buying large quantities. In contrast, if you are individual growers wanting to or getting into doing gardening yourself at home, it\u2019s preferable to purchase coco coir products in gardening stores, nurseries or online shops.\" \/>\n<meta property=\"og:url\" content=\"https:\/\/cococoirglobal.com\/it\/faq\/\" \/>\n<meta property=\"og:site_name\" content=\"Coco Coir Global Vietnam\" \/>\n<meta property=\"article:publisher\" content=\"https:\/\/www.facebook.com\/cococoirglobal\/\" \/>\n<meta property=\"og:image\" content=\"https:\/\/cococoirglobal.com\/wp-content\/uploads\/2021\/08\/cropped-Logo-icon.png\" \/>\n\t<meta property=\"og:image:width\" content=\"512\" \/>\n\t<meta property=\"og:image:height\" content=\"512\" \/>\n\t<meta property=\"og:image:type\" content=\"image\/png\" \/>\n<meta name=\"twitter:card\" content=\"summary_large_image\" \/>\n<meta name=\"twitter:label1\" content=\"Tempo di lettura stimato\" \/>\n\t<meta name=\"twitter:data1\" content=\"3 minuti\" \/>\n<script type=\"application\/ld+json\" class=\"yoast-schema-graph\">{\"@context\":\"https:\/\/schema.org\",\"@graph\":[{\"@type\":\"WebPage\",\"@id\":\"https:\/\/cococoirglobal.com\/it\/faq\/\",\"url\":\"https:\/\/cococoirglobal.com\/it\/faq\/\",\"name\":\"FAQ - Coco Coir Global Vietnam\",\"isPartOf\":{\"@id\":\"https:\/\/cococoirglobal.com\/it\/#website\"},\"datePublished\":\"2023-09-15T02:26:51+00:00\",\"dateModified\":\"2023-09-15T02:26:51+00:00\",\"description\":\"If you are commercial growers, distributors or retailers, you should opt to buy direct from factory since you will get more affordable prices due to buying large quantities. In contrast, if you are individual growers wanting to or getting into doing gardening yourself at home, it\u2019s preferable to purchase coco coir products in gardening stores, nurseries or online shops.\",\"breadcrumb\":{\"@id\":\"https:\/\/cococoirglobal.com\/it\/faq\/#breadcrumb\"},\"inLanguage\":\"it-IT\",\"potentialAction\":[{\"@type\":\"ReadAction\",\"target\":[\"https:\/\/cococoirglobal.com\/it\/faq\/\"]}]},{\"@type\":\"BreadcrumbList\",\"@id\":\"https:\/\/cococoirglobal.com\/it\/faq\/#breadcrumb\",\"itemListElement\":[{\"@type\":\"ListItem\",\"position\":1,\"name\":\"Home\",\"item\":\"https:\/\/cococoirglobal.com\/it\/\"},{\"@type\":\"ListItem\",\"position\":2,\"name\":\"FAQ\"}]},{\"@type\":\"WebSite\",\"@id\":\"https:\/\/cococoirglobal.com\/it\/#website\",\"url\":\"https:\/\/cococoirglobal.com\/it\/\",\"name\":\"Coco Coir Global\",\"description\":\"The leading manufacturer and supplier of Coco Coir Products!\",\"publisher\":{\"@id\":\"https:\/\/cococoirglobal.com\/it\/#organization\"},\"potentialAction\":[{\"@type\":\"SearchAction\",\"target\":{\"@type\":\"EntryPoint\",\"urlTemplate\":\"https:\/\/cococoirglobal.com\/it\/?s={search_term_string}\"},\"query-input\":\"required name=search_term_string\"}],\"inLanguage\":\"it-IT\"},{\"@type\":\"Organization\",\"@id\":\"https:\/\/cococoirglobal.com\/it\/#organization\",\"name\":\"COCO COIR GLOBAL COMPANY LIMITED\",\"url\":\"https:\/\/cococoirglobal.com\/it\/\",\"logo\":{\"@type\":\"ImageObject\",\"inLanguage\":\"it-IT\",\"@id\":\"https:\/\/cococoirglobal.com\/it\/#\/schema\/logo\/image\/\",\"url\":\"https:\/\/cococoirglobal.com\/wp-content\/uploads\/2023\/05\/Logo-coco-coir.png\",\"contentUrl\":\"https:\/\/cococoirglobal.com\/wp-content\/uploads\/2023\/05\/Logo-coco-coir.png\",\"width\":512,\"height\":512,\"caption\":\"COCO COIR GLOBAL COMPANY LIMITED\"},\"image\":{\"@id\":\"https:\/\/cococoirglobal.com\/it\/#\/schema\/logo\/image\/\"},\"sameAs\":[\"https:\/\/www.facebook.com\/cococoirglobal\/\",\"https:\/\/www.instagram.com\/cococoirglobal\/\",\"https:\/\/www.linkedin.com\/company\/coco-coir-global-company-limited\",\"https:\/\/www.youtube.com\/channel\/UC4Xk-Is93xHrllYZADkM7yQ\"]}]}<\/script>\n<!-- \/ Yoast SEO plugin. -->","yoast_head_json":{"title":"FAQ - Coco Coir Global Vietnam","description":"If you are commercial growers, distributors or retailers, you should opt to buy direct from factory since you will get more affordable prices due to buying large quantities. In contrast, if you are individual growers wanting to or getting into doing gardening yourself at home, it\u2019s preferable to purchase coco coir products in gardening stores, nurseries or online shops.","robots":{"index":"index","follow":"follow","max-snippet":"max-snippet:-1","max-image-preview":"max-image-preview:large","max-video-preview":"max-video-preview:-1"},"canonical":"https:\/\/cococoirglobal.com\/it\/faq\/","og_locale":"it_IT","og_type":"article","og_title":"FAQ - Coco Coir Global Vietnam","og_description":"If you are commercial growers, distributors or retailers, you should opt to buy direct from factory since you will get more affordable prices due to buying large quantities. In contrast, if you are individual growers wanting to or getting into doing gardening yourself at home, it\u2019s preferable to purchase coco coir products in gardening stores, nurseries or online shops.","og_url":"https:\/\/cococoirglobal.com\/it\/faq\/","og_site_name":"Coco Coir Global Vietnam","article_publisher":"https:\/\/www.facebook.com\/cococoirglobal\/","og_image":[{"width":512,"height":512,"url":"https:\/\/cococoirglobal.com\/wp-content\/uploads\/2021\/08\/cropped-Logo-icon.png","type":"image\/png"}],"twitter_card":"summary_large_image","twitter_misc":{"Tempo di lettura stimato":"3 minuti"},"schema":{"@context":"https:\/\/schema.org","@graph":[{"@type":"WebPage","@id":"https:\/\/cococoirglobal.com\/it\/faq\/","url":"https:\/\/cococoirglobal.com\/it\/faq\/","name":"FAQ - Coco Coir Global Vietnam","isPartOf":{"@id":"https:\/\/cococoirglobal.com\/it\/#website"},"datePublished":"2023-09-15T02:26:51+00:00","dateModified":"2023-09-15T02:26:51+00:00","description":"If you are commercial growers, distributors or retailers, you should opt to buy direct from factory since you will get more affordable prices due to buying large quantities. In contrast, if you are individual growers wanting to or getting into doing gardening yourself at home, it\u2019s preferable to purchase coco coir products in gardening stores, nurseries or online shops.","breadcrumb":{"@id":"https:\/\/cococoirglobal.com\/it\/faq\/#breadcrumb"},"inLanguage":"it-IT","potentialAction":[{"@type":"ReadAction","target":["https:\/\/cococoirglobal.com\/it\/faq\/"]}]},{"@type":"BreadcrumbList","@id":"https:\/\/cococoirglobal.com\/it\/faq\/#breadcrumb","itemListElement":[{"@type":"ListItem","position":1,"name":"Home","item":"https:\/\/cococoirglobal.com\/it\/"},{"@type":"ListItem","position":2,"name":"FAQ"}]},{"@type":"WebSite","@id":"https:\/\/cococoirglobal.com\/it\/#website","url":"https:\/\/cococoirglobal.com\/it\/","name":"Coco Coir Global","description":"The leading manufacturer and supplier of Coco Coir Products!","publisher":{"@id":"https:\/\/cococoirglobal.com\/it\/#organization"},"potentialAction":[{"@type":"SearchAction","target":{"@type":"EntryPoint","urlTemplate":"https:\/\/cococoirglobal.com\/it\/?s={search_term_string}"},"query-input":"required name=search_term_string"}],"inLanguage":"it-IT"},{"@type":"Organization","@id":"https:\/\/cococoirglobal.com\/it\/#organization","name":"COCO COIR GLOBAL COMPANY LIMITED","url":"https:\/\/cococoirglobal.com\/it\/","logo":{"@type":"ImageObject","inLanguage":"it-IT","@id":"https:\/\/cococoirglobal.com\/it\/#\/schema\/logo\/image\/","url":"https:\/\/cococoirglobal.com\/wp-content\/uploads\/2023\/05\/Logo-coco-coir.png","contentUrl":"https:\/\/cococoirglobal.com\/wp-content\/uploads\/2023\/05\/Logo-coco-coir.png","width":512,"height":512,"caption":"COCO COIR GLOBAL COMPANY LIMITED"},"image":{"@id":"https:\/\/cococoirglobal.com\/it\/#\/schema\/logo\/image\/"},"sameAs":["https:\/\/www.facebook.com\/cococoirglobal\/","https:\/\/www.instagram.com\/cococoirglobal\/","https:\/\/www.linkedin.com\/company\/coco-coir-global-company-limited","https:\/\/www.youtube.com\/channel\/UC4Xk-Is93xHrllYZADkM7yQ"]}]}},"_links":{"self":[{"href":"https:\/\/cococoirglobal.com\/it\/wp-json\/wp\/v2\/pages\/29580"}],"collection":[{"href":"https:\/\/cococoirglobal.com\/it\/wp-json\/wp\/v2\/pages"}],"about":[{"href":"https:\/\/cococoirglobal.com\/it\/wp-json\/wp\/v2\/types\/page"}],"author":[{"embeddable":true,"href":"https:\/\/cococoirglobal.com\/it\/wp-json\/wp\/v2\/users\/2"}],"replies":[{"embeddable":true,"href":"https:\/\/cococoirglobal.com\/it\/wp-json\/wp\/v2\/comments?post=29580"}],"version-history":[{"count":0,"href":"https:\/\/cococoirglobal.com\/it\/wp-json\/wp\/v2\/pages\/29580\/revisions"}],"wp:attachment":[{"href":"https:\/\/cococoirglobal.com\/it\/wp-json\/wp\/v2\/media?parent=29580"}],"curies":[{"name":"wp","href":"https:\/\/api.w.org\/{rel}","templated":true}]}}