{"id":29558,"date":"2023-09-14T09:31:09","date_gmt":"2023-09-14T02:31:09","guid":{"rendered":"https:\/\/cococoirglobal.com\/?page_id=29558"},"modified":"2023-09-14T09:31:29","modified_gmt":"2023-09-14T02:31:29","slug":"cliente","status":"publish","type":"page","link":"https:\/\/cococoirglobal.com\/it\/page\/cliente\/","title":{"rendered":"CLIENTE"},"content":{"rendered":"\t<div class=\"img has-hover x md-x lg-x y md-y lg-y\" id=\"image_917397436\">\n\t\t\t\t\t\t\t\t<div class=\"img-inner image-cover dark\" style=\"padding-top:40%;\">\n\t\t\t<img width=\"1350\" height=\"500\" src=\"https:\/\/cococoirglobal.com\/wp-content\/uploads\/2023\/05\/CUSTOMERS-OF-COCO-COIR-GLOBAL-cococoirglobal.jpg\" class=\"attachment-original size-original\" alt=\"CUSTOMERS OF COCO COIR GLOBAL\" decoding=\"async\" loading=\"lazy\" srcset=\"https:\/\/cococoirglobal.com\/wp-content\/uploads\/2023\/05\/CUSTOMERS-OF-COCO-COIR-GLOBAL-cococoirglobal.jpg 1350w, https:\/\/cococoirglobal.com\/wp-content\/uploads\/2023\/05\/CUSTOMERS-OF-COCO-COIR-GLOBAL-cococoirglobal-300x111.jpg 300w, https:\/\/cococoirglobal.com\/wp-content\/uploads\/2023\/05\/CUSTOMERS-OF-COCO-COIR-GLOBAL-cococoirglobal-1024x379.jpg 1024w, https:\/\/cococoirglobal.com\/wp-content\/uploads\/2023\/05\/CUSTOMERS-OF-COCO-COIR-GLOBAL-cococoirglobal-768x284.jpg 768w, https:\/\/cococoirglobal.com\/wp-content\/uploads\/2023\/05\/CUSTOMERS-OF-COCO-COIR-GLOBAL-cococoirglobal-510x189.jpg 510w\" sizes=\"(max-width: 1350px) 100vw, 1350px\" \/>\t\t\t\t\t\t\n\t\t\t\t\t<\/div>\n\t\t\t\t\t\t\t\t\n<style>\n#image_917397436 {\n  width: 100%;\n}\n<\/style>\n\t<\/div>\n\t\n\t<section class=\"section\" id=\"section_1170348044\">\n\t\t<div class=\"bg section-bg fill bg-fill  bg-loaded\" >\n\n\t\t\t\n\t\t\t\n\t\t\t\n\n\t\t<\/div>\n\n\t\t\n\n\t\t<div class=\"section-content relative\">\n\t\t\t\n<div class=\"row row-small align-equal align-center\"  id=\"row-1804478482\">\n\n\t<div id=\"col-694284439\" class=\"col small-12 large-12\"  >\n\t\t\t\t<div class=\"col-inner\"  >\n\t\t\t\n\t\t\t\n\n<span><span><a href=\"https:\/\/cococoirglobal.com\/it\/\">Home<\/a><\/span><\/span>\n\n\t\t<\/div>\n\t\t\t\t\t<\/div>\n\n\t\n\n\t<div id=\"col-1546114903\" class=\"col small-12 large-12\"  >\n\t\t\t\t<div class=\"col-inner\"  >\n\t\t\t\n\t\t\t\n\t<div id=\"text-658749737\" class=\"text\">\n\t\t\n<h1 class=\"text-center\" style=\"text-align: center;\"><strong>CLIENTI DI COCO COIR GLOBAL<\/strong><\/h1>\n\t\t\n<style>\n#text-658749737 {\n  font-size: 1.3rem;\n}\n@media (min-width:550px) {\n  #text-658749737 {\n    font-size: 1.8rem;\n  }\n}\n<\/style>\n\t<\/div>\n\t\n<p>Coco Coir Global serve un elenco ampio e diversificato di clienti, tra cui coltivatori indipendenti, serre commerciali, partner di distribuzione e rivenditori in molti paesi del mondo. La domanda sempre crescente di prodotti di alta qualit\u00e0 insieme alla richiesta di soluzioni economiche ottimali ci ha motivato: vogliamo sviluppare un metodo per produrre in modo efficace prodotti in fibra di cocco e migliorare le nostre strategie di marketing, garantendo che raggiungano coloro che li richiedono per scopi specifici. , in particolare la coltivazione in serra e l&#8217;orticoltura.<\/p>\n<p>Per quanto riguarda le serre commerciali e i coltivatori individuali, siamo consapevoli della necessit\u00e0 dei nostri clienti di prodotti di alta qualit\u00e0 che soddisfino il livello pi\u00f9 alto degli standard del settore. Pertanto, ci assicuriamo di offrire prodotti della migliore qualit\u00e0 con un processo di produzione trasparente e rigorosamente controllato dalla fase di selezione delle materie prime al prodotto finito.<\/p>\n<p>Costruiamo una solida rete di clienti che sono partner o rivenditori nel mercato globale. Per rafforzare questo legame, miriamo a fornire prodotti di qualit\u00e0 mantenendo una quantit\u00e0 sufficiente a soddisfare richieste pi\u00f9 ampie. Svolgendo il nostro ruolo vitale nella catena di fornitura, vogliamo fornire il prodotto giusto a un prezzo accessibile, anche per spedizioni di megatoni, garantendo la disponibilit\u00e0 di materie prime con qualit\u00e0 costante e tempi di lavorazione rapidi e ininterrotti.<\/p>\n<p>Ci impegniamo a fornire a ciascuno dei nostri clienti prodotti garantiti di alta qualit\u00e0. Le nostre linee guida, che sono anche il valore fondamentale di Coco Coir Global, non mirano solo a soddisfare i clienti con prodotti di natura superba, ma anche a creare una scelta stabile che sia sempre la risposta corretta a &#8220;cosa \u00e8 ideale da utilizzare per la pulizia&#8221;. raccolti freschi e nutrienti?&#8221;, tutelano inoltre la salute del consumatore finale e lo sviluppo sostenibile dell&#8217;agricoltura nel suo complesso.<\/p>\n\t\t<\/div>\n\t\t\t\t\t<\/div>\n\n\t\n<\/div>\n\t\t<\/div>\n\n\t\t\n<style>\n#section_1170348044 {\n  padding-top: 30px;\n  padding-bottom: 30px;\n}\n#section_1170348044 .ux-shape-divider--top svg {\n  height: 150px;\n  --divider-top-width: 100%;\n}\n#section_1170348044 .ux-shape-divider--bottom svg {\n  height: 150px;\n  --divider-width: 100%;\n}\n<\/style>\n\t<\/section>\n\t\n\t<section class=\"section\" id=\"section_179368164\">\n\t\t<div class=\"bg section-bg fill bg-fill  bg-loaded\" >\n\n\t\t\t\n\t\t\t\n\t\t\t\n\n\t\t<\/div>\n\n\t\t\n\n\t\t<div class=\"section-content relative\">\n\t\t\t\n<div class=\"row row-small align-equal align-center\"  id=\"row-1760148212\">\n\n\t<div id=\"col-1521419390\" class=\"col list-child-pages small-12 large-12\"  >\n\t\t\t\t<div class=\"col-inner\"  >\n\t\t\t\n\t\t\t\n\n  \n    <div class=\"row large-columns-2 medium-columns- small-columns-\">\n  <div class=\"page-col col pb-0\" >\n          <div class=\"col-inner\" >\n          <a class=\"block plain\" href=\"https:\/\/cococoirglobal.com\/it\/page\/serre-commerciali\/\" title=\"SERRE COMMERCIALI\" target=\"\">\n            <div class=\"has-shadow page-box box has-hover\">\n                  <div class=\"box-image\" >\n                      <div class=\"box-image\" >\n                      <img width=\"300\" height=\"111\" src=\"https:\/\/cococoirglobal.com\/wp-content\/uploads\/2023\/05\/commercial-greenhouses-cococoirglobal-300x111.jpg\" class=\"attachment-medium size-medium\" alt=\"\" decoding=\"async\" loading=\"lazy\" srcset=\"https:\/\/cococoirglobal.com\/wp-content\/uploads\/2023\/05\/commercial-greenhouses-cococoirglobal-300x111.jpg 300w, https:\/\/cococoirglobal.com\/wp-content\/uploads\/2023\/05\/commercial-greenhouses-cococoirglobal-1024x379.jpg 1024w, https:\/\/cococoirglobal.com\/wp-content\/uploads\/2023\/05\/commercial-greenhouses-cococoirglobal-768x284.jpg 768w, https:\/\/cococoirglobal.com\/wp-content\/uploads\/2023\/05\/commercial-greenhouses-cococoirglobal-510x189.jpg 510w, https:\/\/cococoirglobal.com\/wp-content\/uploads\/2023\/05\/commercial-greenhouses-cococoirglobal.jpg 1350w\" sizes=\"(max-width: 300px) 100vw, 300px\" \/>                      <\/div>\n                                                              <\/div>\n                  <div class=\"box-text text-left\" >\n                        <div class=\"box-text-inner\">\n                                                                <p class=\"h3 strong heading-font\">SERRE COMMERCIALI<\/p>\n                                                            <div class=\"page-excerpt\">\n                                                            <\/div>\n                            \n                        <\/div>\n                  <\/div>\n              <\/div>\n            <\/a>\n            <\/div>\n          <\/div><div class=\"page-col col pb-0\" >\n          <div class=\"col-inner\" >\n          <a class=\"block plain\" href=\"https:\/\/cococoirglobal.com\/it\/cliente\/coltivatori-individuali\/\" title=\"COLTIVATORI INDIVIDUALI\" target=\"\">\n            <div class=\"has-shadow page-box box has-hover\">\n                  <div class=\"box-image\" >\n                      <div class=\"box-image\" >\n                      <img width=\"300\" height=\"111\" src=\"https:\/\/cococoirglobal.com\/wp-content\/uploads\/2023\/05\/individual-grower-300x111.jpg\" class=\"attachment-medium size-medium\" alt=\"\" decoding=\"async\" loading=\"lazy\" srcset=\"https:\/\/cococoirglobal.com\/wp-content\/uploads\/2023\/05\/individual-grower-300x111.jpg 300w, https:\/\/cococoirglobal.com\/wp-content\/uploads\/2023\/05\/individual-grower-1024x379.jpg 1024w, https:\/\/cococoirglobal.com\/wp-content\/uploads\/2023\/05\/individual-grower-768x284.jpg 768w, https:\/\/cococoirglobal.com\/wp-content\/uploads\/2023\/05\/individual-grower-510x189.jpg 510w, https:\/\/cococoirglobal.com\/wp-content\/uploads\/2023\/05\/individual-grower.jpg 1350w\" sizes=\"(max-width: 300px) 100vw, 300px\" \/>                      <\/div>\n                                                              <\/div>\n                  <div class=\"box-text text-left\" >\n                        <div class=\"box-text-inner\">\n                                                                <p class=\"h3 strong heading-font\">COLTIVATORI INDIVIDUALI<\/p>\n                                                            <div class=\"page-excerpt\">\n                                                            <\/div>\n                            \n                        <\/div>\n                  <\/div>\n              <\/div>\n            <\/a>\n            <\/div>\n          <\/div><div class=\"page-col col pb-0\" >\n          <div class=\"col-inner\" >\n          <a class=\"block plain\" href=\"https:\/\/cococoirglobal.com\/it\/page\/rivenditori-distributori\/\" title=\"RIVENDITORI DISTRIBUTORI\" target=\"\">\n            <div class=\"has-shadow page-box box has-hover\">\n                  <div class=\"box-image\" >\n                      <div class=\"box-image\" >\n                      <img width=\"300\" height=\"111\" src=\"https:\/\/cococoirglobal.com\/wp-content\/uploads\/2023\/05\/retailers-distributors-300x111.jpg\" class=\"attachment-medium size-medium\" alt=\"\" decoding=\"async\" loading=\"lazy\" srcset=\"https:\/\/cococoirglobal.com\/wp-content\/uploads\/2023\/05\/retailers-distributors-300x111.jpg 300w, https:\/\/cococoirglobal.com\/wp-content\/uploads\/2023\/05\/retailers-distributors-1024x379.jpg 1024w, https:\/\/cococoirglobal.com\/wp-content\/uploads\/2023\/05\/retailers-distributors-768x284.jpg 768w, https:\/\/cococoirglobal.com\/wp-content\/uploads\/2023\/05\/retailers-distributors-510x189.jpg 510w, https:\/\/cococoirglobal.com\/wp-content\/uploads\/2023\/05\/retailers-distributors.jpg 1350w\" sizes=\"(max-width: 300px) 100vw, 300px\" \/>                      <\/div>\n                                                              <\/div>\n                  <div class=\"box-text text-left\" >\n                        <div class=\"box-text-inner\">\n                                                                <p class=\"h3 strong heading-font\">RIVENDITORI DISTRIBUTORI<\/p>\n                                                            <div class=\"page-excerpt\">\n                                                            <\/div>\n                            \n                        <\/div>\n                  <\/div>\n              <\/div>\n            <\/a>\n            <\/div>\n          <\/div><\/div>\n\t\t<\/div>\n\t\t\t\t\t<\/div>\n\n\t\n<\/div>\n\t\t<\/div>\n\n\t\t\n<style>\n#section_179368164 {\n  padding-top: 30px;\n  padding-bottom: 30px;\n}\n#section_179368164 .ux-shape-divider--top svg {\n  height: 150px;\n  --divider-top-width: 100%;\n}\n#section_179368164 .ux-shape-divider--bottom svg {\n  height: 150px;\n  --divider-width: 100%;\n}\n<\/style>\n\t<\/section>\n\t\n","protected":false},"excerpt":{"rendered":"","protected":false},"author":2,"featured_media":29560,"parent":0,"menu_order":0,"comment_status":"closed","ping_status":"closed","template":"page-blank.php","meta":{"footnotes":""},"yoast_head":"<!-- This site is optimized with the Yoast SEO plugin v22.6 - https:\/\/yoast.com\/wordpress\/plugins\/seo\/ -->\n<title>CLIENTI CLIENTI DI COCO COIR GLOBAL<\/title>\n<meta name=\"description\" content=\"Coco Coir Global serve un elenco ampio e diversificato di clienti, tra cui coltivatori indipendenti, serre commerciali, partner di distribuzione e rivenditori in molti paesi del mondo. La domanda sempre crescente di prodotti di\" \/>\n<meta name=\"robots\" content=\"index, follow, max-snippet:-1, max-image-preview:large, max-video-preview:-1\" \/>\n<link rel=\"canonical\" href=\"https:\/\/cococoirglobal.com\/it\/page\/cliente\/\" \/>\n<meta property=\"og:locale\" content=\"it_IT\" \/>\n<meta property=\"og:type\" content=\"article\" \/>\n<meta property=\"og:title\" content=\"CLIENTI CLIENTI DI COCO COIR GLOBAL\" \/>\n<meta property=\"og:description\" content=\"Coco Coir Global serve un elenco ampio e diversificato di clienti, tra cui coltivatori indipendenti, serre commerciali, partner di distribuzione e rivenditori in molti paesi del mondo. La domanda sempre crescente di prodotti di\" \/>\n<meta property=\"og:url\" content=\"https:\/\/cococoirglobal.com\/it\/page\/cliente\/\" \/>\n<meta property=\"og:site_name\" content=\"Coco Coir Global Vietnam\" \/>\n<meta property=\"article:publisher\" content=\"https:\/\/www.facebook.com\/cococoirglobal\/\" \/>\n<meta property=\"article:modified_time\" content=\"2023-09-14T02:31:29+00:00\" \/>\n<meta property=\"og:image\" content=\"https:\/\/cococoirglobal.com\/wp-content\/uploads\/2023\/05\/CUSTOMERS-OF-COCO-COIR-GLOBAL-cococoirglobal.jpg\" \/>\n\t<meta property=\"og:image:width\" content=\"1350\" \/>\n\t<meta property=\"og:image:height\" content=\"500\" \/>\n\t<meta property=\"og:image:type\" content=\"image\/jpeg\" \/>\n<meta name=\"twitter:card\" content=\"summary_large_image\" \/>\n<meta name=\"twitter:label1\" content=\"Tempo di lettura stimato\" \/>\n\t<meta name=\"twitter:data1\" content=\"2 minuti\" \/>\n<script type=\"application\/ld+json\" class=\"yoast-schema-graph\">{\"@context\":\"https:\/\/schema.org\",\"@graph\":[{\"@type\":\"WebPage\",\"@id\":\"https:\/\/cococoirglobal.com\/it\/page\/cliente\/\",\"url\":\"https:\/\/cococoirglobal.com\/it\/page\/cliente\/\",\"name\":\"CLIENTI CLIENTI DI COCO COIR GLOBAL\",\"isPartOf\":{\"@id\":\"https:\/\/cococoirglobal.com\/it\/#website\"},\"primaryImageOfPage\":{\"@id\":\"https:\/\/cococoirglobal.com\/it\/page\/cliente\/#primaryimage\"},\"image\":{\"@id\":\"https:\/\/cococoirglobal.com\/it\/page\/cliente\/#primaryimage\"},\"thumbnailUrl\":\"https:\/\/cococoirglobal.com\/wp-content\/uploads\/2023\/05\/CUSTOMERS-OF-COCO-COIR-GLOBAL-cococoirglobal.jpg\",\"datePublished\":\"2023-09-14T02:31:09+00:00\",\"dateModified\":\"2023-09-14T02:31:29+00:00\",\"description\":\"Coco Coir Global serve un elenco ampio e diversificato di clienti, tra cui coltivatori indipendenti, serre commerciali, partner di distribuzione e rivenditori in molti paesi del mondo. La domanda sempre crescente di prodotti di\",\"breadcrumb\":{\"@id\":\"https:\/\/cococoirglobal.com\/it\/page\/cliente\/#breadcrumb\"},\"inLanguage\":\"it-IT\",\"potentialAction\":[{\"@type\":\"ReadAction\",\"target\":[\"https:\/\/cococoirglobal.com\/it\/page\/cliente\/\"]}]},{\"@type\":\"ImageObject\",\"inLanguage\":\"it-IT\",\"@id\":\"https:\/\/cococoirglobal.com\/it\/page\/cliente\/#primaryimage\",\"url\":\"https:\/\/cococoirglobal.com\/wp-content\/uploads\/2023\/05\/CUSTOMERS-OF-COCO-COIR-GLOBAL-cococoirglobal.jpg\",\"contentUrl\":\"https:\/\/cococoirglobal.com\/wp-content\/uploads\/2023\/05\/CUSTOMERS-OF-COCO-COIR-GLOBAL-cococoirglobal.jpg\",\"width\":1350,\"height\":500},{\"@type\":\"BreadcrumbList\",\"@id\":\"https:\/\/cococoirglobal.com\/it\/page\/cliente\/#breadcrumb\",\"itemListElement\":[{\"@type\":\"ListItem\",\"position\":1,\"name\":\"Home\",\"item\":\"https:\/\/cococoirglobal.com\/it\/\"},{\"@type\":\"ListItem\",\"position\":2,\"name\":\"CLIENTE\"}]},{\"@type\":\"WebSite\",\"@id\":\"https:\/\/cococoirglobal.com\/it\/#website\",\"url\":\"https:\/\/cococoirglobal.com\/it\/\",\"name\":\"Coco Coir Global\",\"description\":\"The leading manufacturer and supplier of Coco Coir Products!\",\"publisher\":{\"@id\":\"https:\/\/cococoirglobal.com\/it\/#organization\"},\"potentialAction\":[{\"@type\":\"SearchAction\",\"target\":{\"@type\":\"EntryPoint\",\"urlTemplate\":\"https:\/\/cococoirglobal.com\/it\/?s={search_term_string}\"},\"query-input\":\"required name=search_term_string\"}],\"inLanguage\":\"it-IT\"},{\"@type\":\"Organization\",\"@id\":\"https:\/\/cococoirglobal.com\/it\/#organization\",\"name\":\"COCO COIR GLOBAL COMPANY LIMITED\",\"url\":\"https:\/\/cococoirglobal.com\/it\/\",\"logo\":{\"@type\":\"ImageObject\",\"inLanguage\":\"it-IT\",\"@id\":\"https:\/\/cococoirglobal.com\/it\/#\/schema\/logo\/image\/\",\"url\":\"https:\/\/cococoirglobal.com\/wp-content\/uploads\/2023\/05\/Logo-coco-coir.png\",\"contentUrl\":\"https:\/\/cococoirglobal.com\/wp-content\/uploads\/2023\/05\/Logo-coco-coir.png\",\"width\":512,\"height\":512,\"caption\":\"COCO COIR GLOBAL COMPANY LIMITED\"},\"image\":{\"@id\":\"https:\/\/cococoirglobal.com\/it\/#\/schema\/logo\/image\/\"},\"sameAs\":[\"https:\/\/www.facebook.com\/cococoirglobal\/\",\"https:\/\/www.instagram.com\/cococoirglobal\/\",\"https:\/\/www.linkedin.com\/company\/coco-coir-global-company-limited\",\"https:\/\/www.youtube.com\/channel\/UC4Xk-Is93xHrllYZADkM7yQ\"]}]}<\/script>\n<!-- \/ Yoast SEO plugin. -->","yoast_head_json":{"title":"CLIENTI CLIENTI DI COCO COIR GLOBAL","description":"Coco Coir Global serve un elenco ampio e diversificato di clienti, tra cui coltivatori indipendenti, serre commerciali, partner di distribuzione e rivenditori in molti paesi del mondo. La domanda sempre crescente di prodotti di","robots":{"index":"index","follow":"follow","max-snippet":"max-snippet:-1","max-image-preview":"max-image-preview:large","max-video-preview":"max-video-preview:-1"},"canonical":"https:\/\/cococoirglobal.com\/it\/page\/cliente\/","og_locale":"it_IT","og_type":"article","og_title":"CLIENTI CLIENTI DI COCO COIR GLOBAL","og_description":"Coco Coir Global serve un elenco ampio e diversificato di clienti, tra cui coltivatori indipendenti, serre commerciali, partner di distribuzione e rivenditori in molti paesi del mondo. La domanda sempre crescente di prodotti di","og_url":"https:\/\/cococoirglobal.com\/it\/page\/cliente\/","og_site_name":"Coco Coir Global Vietnam","article_publisher":"https:\/\/www.facebook.com\/cococoirglobal\/","article_modified_time":"2023-09-14T02:31:29+00:00","og_image":[{"width":1350,"height":500,"url":"https:\/\/cococoirglobal.com\/wp-content\/uploads\/2023\/05\/CUSTOMERS-OF-COCO-COIR-GLOBAL-cococoirglobal.jpg","type":"image\/jpeg"}],"twitter_card":"summary_large_image","twitter_misc":{"Tempo di lettura stimato":"2 minuti"},"schema":{"@context":"https:\/\/schema.org","@graph":[{"@type":"WebPage","@id":"https:\/\/cococoirglobal.com\/it\/page\/cliente\/","url":"https:\/\/cococoirglobal.com\/it\/page\/cliente\/","name":"CLIENTI CLIENTI DI COCO COIR GLOBAL","isPartOf":{"@id":"https:\/\/cococoirglobal.com\/it\/#website"},"primaryImageOfPage":{"@id":"https:\/\/cococoirglobal.com\/it\/page\/cliente\/#primaryimage"},"image":{"@id":"https:\/\/cococoirglobal.com\/it\/page\/cliente\/#primaryimage"},"thumbnailUrl":"https:\/\/cococoirglobal.com\/wp-content\/uploads\/2023\/05\/CUSTOMERS-OF-COCO-COIR-GLOBAL-cococoirglobal.jpg","datePublished":"2023-09-14T02:31:09+00:00","dateModified":"2023-09-14T02:31:29+00:00","description":"Coco Coir Global serve un elenco ampio e diversificato di clienti, tra cui coltivatori indipendenti, serre commerciali, partner di distribuzione e rivenditori in molti paesi del mondo. La domanda sempre crescente di prodotti di","breadcrumb":{"@id":"https:\/\/cococoirglobal.com\/it\/page\/cliente\/#breadcrumb"},"inLanguage":"it-IT","potentialAction":[{"@type":"ReadAction","target":["https:\/\/cococoirglobal.com\/it\/page\/cliente\/"]}]},{"@type":"ImageObject","inLanguage":"it-IT","@id":"https:\/\/cococoirglobal.com\/it\/page\/cliente\/#primaryimage","url":"https:\/\/cococoirglobal.com\/wp-content\/uploads\/2023\/05\/CUSTOMERS-OF-COCO-COIR-GLOBAL-cococoirglobal.jpg","contentUrl":"https:\/\/cococoirglobal.com\/wp-content\/uploads\/2023\/05\/CUSTOMERS-OF-COCO-COIR-GLOBAL-cococoirglobal.jpg","width":1350,"height":500},{"@type":"BreadcrumbList","@id":"https:\/\/cococoirglobal.com\/it\/page\/cliente\/#breadcrumb","itemListElement":[{"@type":"ListItem","position":1,"name":"Home","item":"https:\/\/cococoirglobal.com\/it\/"},{"@type":"ListItem","position":2,"name":"CLIENTE"}]},{"@type":"WebSite","@id":"https:\/\/cococoirglobal.com\/it\/#website","url":"https:\/\/cococoirglobal.com\/it\/","name":"Coco Coir Global","description":"The leading manufacturer and supplier of Coco Coir Products!","publisher":{"@id":"https:\/\/cococoirglobal.com\/it\/#organization"},"potentialAction":[{"@type":"SearchAction","target":{"@type":"EntryPoint","urlTemplate":"https:\/\/cococoirglobal.com\/it\/?s={search_term_string}"},"query-input":"required name=search_term_string"}],"inLanguage":"it-IT"},{"@type":"Organization","@id":"https:\/\/cococoirglobal.com\/it\/#organization","name":"COCO COIR GLOBAL COMPANY LIMITED","url":"https:\/\/cococoirglobal.com\/it\/","logo":{"@type":"ImageObject","inLanguage":"it-IT","@id":"https:\/\/cococoirglobal.com\/it\/#\/schema\/logo\/image\/","url":"https:\/\/cococoirglobal.com\/wp-content\/uploads\/2023\/05\/Logo-coco-coir.png","contentUrl":"https:\/\/cococoirglobal.com\/wp-content\/uploads\/2023\/05\/Logo-coco-coir.png","width":512,"height":512,"caption":"COCO COIR GLOBAL COMPANY LIMITED"},"image":{"@id":"https:\/\/cococoirglobal.com\/it\/#\/schema\/logo\/image\/"},"sameAs":["https:\/\/www.facebook.com\/cococoirglobal\/","https:\/\/www.instagram.com\/cococoirglobal\/","https:\/\/www.linkedin.com\/company\/coco-coir-global-company-limited","https:\/\/www.youtube.com\/channel\/UC4Xk-Is93xHrllYZADkM7yQ"]}]}},"_links":{"self":[{"href":"https:\/\/cococoirglobal.com\/it\/wp-json\/wp\/v2\/pages\/29558"}],"collection":[{"href":"https:\/\/cococoirglobal.com\/it\/wp-json\/wp\/v2\/pages"}],"about":[{"href":"https:\/\/cococoirglobal.com\/it\/wp-json\/wp\/v2\/types\/page"}],"author":[{"embeddable":true,"href":"https:\/\/cococoirglobal.com\/it\/wp-json\/wp\/v2\/users\/2"}],"replies":[{"embeddable":true,"href":"https:\/\/cococoirglobal.com\/it\/wp-json\/wp\/v2\/comments?post=29558"}],"version-history":[{"count":0,"href":"https:\/\/cococoirglobal.com\/it\/wp-json\/wp\/v2\/pages\/29558\/revisions"}],"wp:featuredmedia":[{"embeddable":true,"href":"https:\/\/cococoirglobal.com\/it\/wp-json\/wp\/v2\/media\/29560"}],"wp:attachment":[{"href":"https:\/\/cococoirglobal.com\/it\/wp-json\/wp\/v2\/media?parent=29558"}],"curies":[{"name":"wp","href":"https:\/\/api.w.org\/{rel}","templated":true}]}}