{"id":29510,"date":"2023-09-13T11:27:06","date_gmt":"2023-09-13T04:27:06","guid":{"rendered":"https:\/\/cococoirglobal.com\/?page_id=29510"},"modified":"2023-09-13T11:27:06","modified_gmt":"2023-09-13T04:27:06","slug":"fonte-dei-materiali","status":"publish","type":"page","link":"https:\/\/cococoirglobal.com\/it\/fonte-dei-materiali\/","title":{"rendered":"FONTE DEI MATERIALI"},"content":{"rendered":"\t<div class=\"img has-hover x md-x lg-x y md-y lg-y\" id=\"image_516206061\">\n\t\t\t\t\t\t\t\t<div class=\"img-inner image-cover dark\" style=\"padding-top:40%;\">\n\t\t\t<img width=\"1350\" height=\"500\" src=\"https:\/\/cococoirglobal.com\/wp-content\/uploads\/2023\/05\/SOURCE-OF-MATERIALS.jpg\" class=\"attachment-original size-original\" alt=\"SOURCE OF MATERIALS\" decoding=\"async\" loading=\"lazy\" srcset=\"https:\/\/cococoirglobal.com\/wp-content\/uploads\/2023\/05\/SOURCE-OF-MATERIALS.jpg 1350w, https:\/\/cococoirglobal.com\/wp-content\/uploads\/2023\/05\/SOURCE-OF-MATERIALS-300x111.jpg 300w, https:\/\/cococoirglobal.com\/wp-content\/uploads\/2023\/05\/SOURCE-OF-MATERIALS-1024x379.jpg 1024w, https:\/\/cococoirglobal.com\/wp-content\/uploads\/2023\/05\/SOURCE-OF-MATERIALS-768x284.jpg 768w, https:\/\/cococoirglobal.com\/wp-content\/uploads\/2023\/05\/SOURCE-OF-MATERIALS-510x189.jpg 510w\" sizes=\"(max-width: 1350px) 100vw, 1350px\" \/>\t\t\t\t\t\t\n\t\t\t\t\t<\/div>\n\t\t\t\t\t\t\t\t\n<style>\n#image_516206061 {\n  width: 100%;\n}\n<\/style>\n\t<\/div>\n\t\n<div class=\"row row-small\"  id=\"row-1552580101\">\n\n\t<div id=\"col-1583930439\" class=\"col small-12 large-12\"  >\n\t\t\t\t<div class=\"col-inner\"  >\n\t\t\t\n\t\t\t\n\n<p style=\"text-align: justify;\"><span><span><a href=\"https:\/\/cococoirglobal.com\/it\/\">Home<\/a><\/span><\/span>\n\n\t\t<\/div>\n\t\t\t\t\t<\/div>\n\n\t\n\n\t<div id=\"col-1114194707\" class=\"col small-12 large-12\"  >\n\t\t\t\t<div class=\"col-inner\"  >\n\t\t\t\n\t\t\t\n\t<div id=\"text-3677676189\" class=\"text\">\n\t\t\n<h1 style=\"text-align: center;\">FONTE DEI MATERIALI<\/h1>\n\t\t\n<style>\n#text-3677676189 {\n  font-size: 1.3rem;\n}\n@media (min-width:550px) {\n  #text-3677676189 {\n    font-size: 1.8rem;\n  }\n}\n<\/style>\n\t<\/div>\n\t\n<blockquote><p><strong>Coco Coir Global<\/strong> \u00e8 orgogliosa di essere una delle fabbriche pi\u00f9 grandi e rinomate, specializzata nella produzione e fornitura di prodotti in cocco di alta qualit\u00e0 con grande produzione in Vietnam. Desideriamo offrire ai clienti i migliori prodotti, ecco perch\u00e9 la qualit\u00e0 dei prodotti \u00e8 al primo posto nella lista delle priorit\u00e0. La provenienza delle materie prime viene accuratamente selezionata prima di essere messe in produzione e deve rispondere a criteri prestabiliti. \u00c8 il primo e anche essenziale passo per produrre prodotti della migliore qualit\u00e0.<\/p><\/blockquote>\n<p>Il calibro delle materie prime \u00e8 una delle caratteristiche uniche dei nostri prodotti che distinguono Coco Coir Global dagli altri sul mercato. La nostra fabbrica si trova a Ben Tre, una provincia con una posizione &#8220;prime&#8221; nella regione del Delta del Mekong (distributore del fiume Mekong). Favorito dalla natura, la quantit\u00e0 e la qualit\u00e0 del cocco di Ben Tre non sono seconde a nessuno. Crescendo lungo le fertili rive dei fiumi alluvionali, le noci di cocco qui sono molto pi\u00f9 grandi e pi\u00f9 dolci rispetto ad altre regioni. La buccia di cocco (che specifica lo strato di cocco tra il guscio pi\u00f9 esterno e il guscio duro interno) crea un eccezionale substrato di cocco contenente molti nutrienti essenziali per la crescita delle piante nelle fasi iniziali senza la necessit\u00e0 di aggiungere altri integratori.<\/p>\n<p><img decoding=\"async\" loading=\"lazy\" class=\"aligncenter wp-image-18201 size-full\" src=\"https:\/\/cococoirglobal.com\/wp-content\/uploads\/2023\/05\/ANH-NGUON-NGUYEN-LIEU-800-\u00d7-593-px-1.png\" alt=\"source material coco coir global\" width=\"800\" height=\"593\" srcset=\"https:\/\/cococoirglobal.com\/wp-content\/uploads\/2023\/05\/ANH-NGUON-NGUYEN-LIEU-800-\u00d7-593-px-1.png 800w, https:\/\/cococoirglobal.com\/wp-content\/uploads\/2023\/05\/ANH-NGUON-NGUYEN-LIEU-800-\u00d7-593-px-1-300x222.png 300w, https:\/\/cococoirglobal.com\/wp-content\/uploads\/2023\/05\/ANH-NGUON-NGUYEN-LIEU-800-\u00d7-593-px-1-768x569.png 768w, https:\/\/cococoirglobal.com\/wp-content\/uploads\/2023\/05\/ANH-NGUON-NGUYEN-LIEU-800-\u00d7-593-px-1-510x378.png 510w\" sizes=\"(max-width: 800px) 100vw, 800px\" \/><\/p>\n<p style=\"text-align: justify;\">Si potrebbe dire che Ben Tre \u00e8 l&#8217;unica provincia del Vietnam in particolare e del mondo in generale a possedere una fonte &#8220;unica&#8221; di noci di cocco che nessun altro posto possiede. Le noci di cocco qui sono uniche nel loro genere, non sono salate come quelle coltivate sulla spiaggia, n\u00e9 tendono alla malnutrizione come quelle ottenute chiss\u00e0 come sulle montagne pi\u00f9 alte, si trovano lungo le fertili sponde del delta del fiume Mekong, con un notevole quantit\u00e0 di limo per nutrirli, creando la fonte di materie prime concentrata non solo nella quantit\u00e0 ma anche nella migliore qualit\u00e0 in tutto il paese che Coco Coir Global ha scelto per produrre i nostri prodotti.<\/p>\n<p><img decoding=\"async\" loading=\"lazy\" class=\"aligncenter wp-image-18206 size-full\" src=\"https:\/\/cococoirglobal.com\/wp-content\/uploads\/2023\/05\/6.png\" alt=\"\" width=\"800\" height=\"800\" srcset=\"https:\/\/cococoirglobal.com\/wp-content\/uploads\/2023\/05\/6.png 800w, https:\/\/cococoirglobal.com\/wp-content\/uploads\/2023\/05\/6-300x300.png 300w, https:\/\/cococoirglobal.com\/wp-content\/uploads\/2023\/05\/6-150x150.png 150w, https:\/\/cococoirglobal.com\/wp-content\/uploads\/2023\/05\/6-768x768.png 768w, https:\/\/cococoirglobal.com\/wp-content\/uploads\/2023\/05\/6-510x510.png 510w, https:\/\/cococoirglobal.com\/wp-content\/uploads\/2023\/05\/6-100x100.png 100w\" sizes=\"(max-width: 800px) 100vw, 800px\" \/><\/p>\n<p style=\"text-align: justify;\">Combinando materie prime abbondanti e di qualit\u00e0 con un sistema di produzione standardizzato, moderno e avanzato, Coco Coir Global si impegna a produrre prodotti di torba di cocco di alta qualit\u00e0 che rivaleggiano con le controparti internazionali di altri concorrenti. Con il desiderio di offrire prodotti di alta qualit\u00e0 a prezzi competitivi, abbiamo sviluppato i nostri prodotti e servizi sempre meglio, portando soddisfazione e la migliore esperienza per i clienti sia a livello nazionale che internazionale. Non solo vuole che l&#8217;azienda cresca pi\u00f9 forte, ma Coco Coir Global mira anche a mantenere e rafforzare l&#8217;industria del cocco Ben Tre, contribuendo allo sviluppo sostenibile di detta industria in particolare e dell&#8217;industria agricola in generale.<\/p>\n\t\t<\/div>\n\t\t\t\t\t<\/div>\n\n\t\n<\/div>\n","protected":false},"excerpt":{"rendered":"","protected":false},"author":2,"featured_media":29512,"parent":0,"menu_order":0,"comment_status":"closed","ping_status":"closed","template":"page-blank.php","meta":{"footnotes":""},"yoast_head":"<!-- This site is optimized with the Yoast SEO plugin v22.6 - https:\/\/yoast.com\/wordpress\/plugins\/seo\/ -->\n<title>FONTE DEI MATERIALI - Coco Coir Global Vietnam<\/title>\n<meta name=\"description\" content=\"Combinando materie prime abbondanti e di qualit\u00e0 con un sistema di produzione standardizzato, moderno e avanzato, Coco Coir Global si impegna a produrre prodotti di torba di cocco di alta qualit\u00e0 che rivaleggiano con le controparti internazionali di altri concorrenti. Con il desiderio di offrire prodotti di alta qualit\u00e0 a prezzi competitivi\" \/>\n<meta name=\"robots\" content=\"index, follow, max-snippet:-1, max-image-preview:large, max-video-preview:-1\" \/>\n<link rel=\"canonical\" href=\"https:\/\/cococoirglobal.com\/it\/fonte-dei-materiali\/\" \/>\n<meta property=\"og:locale\" content=\"it_IT\" \/>\n<meta property=\"og:type\" content=\"article\" \/>\n<meta property=\"og:title\" content=\"FONTE DEI MATERIALI - Coco Coir Global Vietnam\" \/>\n<meta property=\"og:description\" content=\"Combinando materie prime abbondanti e di qualit\u00e0 con un sistema di produzione standardizzato, moderno e avanzato, Coco Coir Global si impegna a produrre prodotti di torba di cocco di alta qualit\u00e0 che rivaleggiano con le controparti internazionali di altri concorrenti. Con il desiderio di offrire prodotti di alta qualit\u00e0 a prezzi competitivi\" \/>\n<meta property=\"og:url\" content=\"https:\/\/cococoirglobal.com\/it\/fonte-dei-materiali\/\" \/>\n<meta property=\"og:site_name\" content=\"Coco Coir Global Vietnam\" \/>\n<meta property=\"article:publisher\" content=\"https:\/\/www.facebook.com\/cococoirglobal\/\" \/>\n<meta property=\"og:image\" content=\"https:\/\/cococoirglobal.com\/wp-content\/uploads\/2023\/05\/SOURCE-OF-MATERIALS.jpg\" \/>\n\t<meta property=\"og:image:width\" content=\"1350\" \/>\n\t<meta property=\"og:image:height\" content=\"500\" \/>\n\t<meta property=\"og:image:type\" content=\"image\/jpeg\" \/>\n<meta name=\"twitter:card\" content=\"summary_large_image\" \/>\n<meta name=\"twitter:label1\" content=\"Tempo di lettura stimato\" \/>\n\t<meta name=\"twitter:data1\" content=\"3 minuti\" \/>\n<script type=\"application\/ld+json\" class=\"yoast-schema-graph\">{\"@context\":\"https:\/\/schema.org\",\"@graph\":[{\"@type\":\"WebPage\",\"@id\":\"https:\/\/cococoirglobal.com\/it\/fonte-dei-materiali\/\",\"url\":\"https:\/\/cococoirglobal.com\/it\/fonte-dei-materiali\/\",\"name\":\"FONTE DEI MATERIALI - Coco Coir Global Vietnam\",\"isPartOf\":{\"@id\":\"https:\/\/cococoirglobal.com\/it\/#website\"},\"primaryImageOfPage\":{\"@id\":\"https:\/\/cococoirglobal.com\/it\/fonte-dei-materiali\/#primaryimage\"},\"image\":{\"@id\":\"https:\/\/cococoirglobal.com\/it\/fonte-dei-materiali\/#primaryimage\"},\"thumbnailUrl\":\"https:\/\/cococoirglobal.com\/wp-content\/uploads\/2023\/05\/SOURCE-OF-MATERIALS.jpg\",\"datePublished\":\"2023-09-13T04:27:06+00:00\",\"dateModified\":\"2023-09-13T04:27:06+00:00\",\"description\":\"Combinando materie prime abbondanti e di qualit\u00e0 con un sistema di produzione standardizzato, moderno e avanzato, Coco Coir Global si impegna a produrre prodotti di torba di cocco di alta qualit\u00e0 che rivaleggiano con le controparti internazionali di altri concorrenti. Con il desiderio di offrire prodotti di alta qualit\u00e0 a prezzi competitivi\",\"breadcrumb\":{\"@id\":\"https:\/\/cococoirglobal.com\/it\/fonte-dei-materiali\/#breadcrumb\"},\"inLanguage\":\"it-IT\",\"potentialAction\":[{\"@type\":\"ReadAction\",\"target\":[\"https:\/\/cococoirglobal.com\/it\/fonte-dei-materiali\/\"]}]},{\"@type\":\"ImageObject\",\"inLanguage\":\"it-IT\",\"@id\":\"https:\/\/cococoirglobal.com\/it\/fonte-dei-materiali\/#primaryimage\",\"url\":\"https:\/\/cococoirglobal.com\/wp-content\/uploads\/2023\/05\/SOURCE-OF-MATERIALS.jpg\",\"contentUrl\":\"https:\/\/cococoirglobal.com\/wp-content\/uploads\/2023\/05\/SOURCE-OF-MATERIALS.jpg\",\"width\":1350,\"height\":500,\"caption\":\"SOURCE OF MATERIALS\"},{\"@type\":\"BreadcrumbList\",\"@id\":\"https:\/\/cococoirglobal.com\/it\/fonte-dei-materiali\/#breadcrumb\",\"itemListElement\":[{\"@type\":\"ListItem\",\"position\":1,\"name\":\"Home\",\"item\":\"https:\/\/cococoirglobal.com\/it\/\"},{\"@type\":\"ListItem\",\"position\":2,\"name\":\"FONTE DEI MATERIALI\"}]},{\"@type\":\"WebSite\",\"@id\":\"https:\/\/cococoirglobal.com\/it\/#website\",\"url\":\"https:\/\/cococoirglobal.com\/it\/\",\"name\":\"Coco Coir Global\",\"description\":\"The leading manufacturer and supplier of Coco Coir Products!\",\"publisher\":{\"@id\":\"https:\/\/cococoirglobal.com\/it\/#organization\"},\"potentialAction\":[{\"@type\":\"SearchAction\",\"target\":{\"@type\":\"EntryPoint\",\"urlTemplate\":\"https:\/\/cococoirglobal.com\/it\/?s={search_term_string}\"},\"query-input\":\"required name=search_term_string\"}],\"inLanguage\":\"it-IT\"},{\"@type\":\"Organization\",\"@id\":\"https:\/\/cococoirglobal.com\/it\/#organization\",\"name\":\"COCO COIR GLOBAL COMPANY LIMITED\",\"url\":\"https:\/\/cococoirglobal.com\/it\/\",\"logo\":{\"@type\":\"ImageObject\",\"inLanguage\":\"it-IT\",\"@id\":\"https:\/\/cococoirglobal.com\/it\/#\/schema\/logo\/image\/\",\"url\":\"https:\/\/cococoirglobal.com\/wp-content\/uploads\/2023\/05\/Logo-coco-coir.png\",\"contentUrl\":\"https:\/\/cococoirglobal.com\/wp-content\/uploads\/2023\/05\/Logo-coco-coir.png\",\"width\":512,\"height\":512,\"caption\":\"COCO COIR GLOBAL COMPANY LIMITED\"},\"image\":{\"@id\":\"https:\/\/cococoirglobal.com\/it\/#\/schema\/logo\/image\/\"},\"sameAs\":[\"https:\/\/www.facebook.com\/cococoirglobal\/\",\"https:\/\/www.instagram.com\/cococoirglobal\/\",\"https:\/\/www.linkedin.com\/company\/coco-coir-global-company-limited\",\"https:\/\/www.youtube.com\/channel\/UC4Xk-Is93xHrllYZADkM7yQ\"]}]}<\/script>\n<!-- \/ Yoast SEO plugin. -->","yoast_head_json":{"title":"FONTE DEI MATERIALI - Coco Coir Global Vietnam","description":"Combinando materie prime abbondanti e di qualit\u00e0 con un sistema di produzione standardizzato, moderno e avanzato, Coco Coir Global si impegna a produrre prodotti di torba di cocco di alta qualit\u00e0 che rivaleggiano con le controparti internazionali di altri concorrenti. Con il desiderio di offrire prodotti di alta qualit\u00e0 a prezzi competitivi","robots":{"index":"index","follow":"follow","max-snippet":"max-snippet:-1","max-image-preview":"max-image-preview:large","max-video-preview":"max-video-preview:-1"},"canonical":"https:\/\/cococoirglobal.com\/it\/fonte-dei-materiali\/","og_locale":"it_IT","og_type":"article","og_title":"FONTE DEI MATERIALI - Coco Coir Global Vietnam","og_description":"Combinando materie prime abbondanti e di qualit\u00e0 con un sistema di produzione standardizzato, moderno e avanzato, Coco Coir Global si impegna a produrre prodotti di torba di cocco di alta qualit\u00e0 che rivaleggiano con le controparti internazionali di altri concorrenti. Con il desiderio di offrire prodotti di alta qualit\u00e0 a prezzi competitivi","og_url":"https:\/\/cococoirglobal.com\/it\/fonte-dei-materiali\/","og_site_name":"Coco Coir Global Vietnam","article_publisher":"https:\/\/www.facebook.com\/cococoirglobal\/","og_image":[{"width":1350,"height":500,"url":"https:\/\/cococoirglobal.com\/wp-content\/uploads\/2023\/05\/SOURCE-OF-MATERIALS.jpg","type":"image\/jpeg"}],"twitter_card":"summary_large_image","twitter_misc":{"Tempo di lettura stimato":"3 minuti"},"schema":{"@context":"https:\/\/schema.org","@graph":[{"@type":"WebPage","@id":"https:\/\/cococoirglobal.com\/it\/fonte-dei-materiali\/","url":"https:\/\/cococoirglobal.com\/it\/fonte-dei-materiali\/","name":"FONTE DEI MATERIALI - Coco Coir Global Vietnam","isPartOf":{"@id":"https:\/\/cococoirglobal.com\/it\/#website"},"primaryImageOfPage":{"@id":"https:\/\/cococoirglobal.com\/it\/fonte-dei-materiali\/#primaryimage"},"image":{"@id":"https:\/\/cococoirglobal.com\/it\/fonte-dei-materiali\/#primaryimage"},"thumbnailUrl":"https:\/\/cococoirglobal.com\/wp-content\/uploads\/2023\/05\/SOURCE-OF-MATERIALS.jpg","datePublished":"2023-09-13T04:27:06+00:00","dateModified":"2023-09-13T04:27:06+00:00","description":"Combinando materie prime abbondanti e di qualit\u00e0 con un sistema di produzione standardizzato, moderno e avanzato, Coco Coir Global si impegna a produrre prodotti di torba di cocco di alta qualit\u00e0 che rivaleggiano con le controparti internazionali di altri concorrenti. Con il desiderio di offrire prodotti di alta qualit\u00e0 a prezzi competitivi","breadcrumb":{"@id":"https:\/\/cococoirglobal.com\/it\/fonte-dei-materiali\/#breadcrumb"},"inLanguage":"it-IT","potentialAction":[{"@type":"ReadAction","target":["https:\/\/cococoirglobal.com\/it\/fonte-dei-materiali\/"]}]},{"@type":"ImageObject","inLanguage":"it-IT","@id":"https:\/\/cococoirglobal.com\/it\/fonte-dei-materiali\/#primaryimage","url":"https:\/\/cococoirglobal.com\/wp-content\/uploads\/2023\/05\/SOURCE-OF-MATERIALS.jpg","contentUrl":"https:\/\/cococoirglobal.com\/wp-content\/uploads\/2023\/05\/SOURCE-OF-MATERIALS.jpg","width":1350,"height":500,"caption":"SOURCE OF MATERIALS"},{"@type":"BreadcrumbList","@id":"https:\/\/cococoirglobal.com\/it\/fonte-dei-materiali\/#breadcrumb","itemListElement":[{"@type":"ListItem","position":1,"name":"Home","item":"https:\/\/cococoirglobal.com\/it\/"},{"@type":"ListItem","position":2,"name":"FONTE DEI MATERIALI"}]},{"@type":"WebSite","@id":"https:\/\/cococoirglobal.com\/it\/#website","url":"https:\/\/cococoirglobal.com\/it\/","name":"Coco Coir Global","description":"The leading manufacturer and supplier of Coco Coir Products!","publisher":{"@id":"https:\/\/cococoirglobal.com\/it\/#organization"},"potentialAction":[{"@type":"SearchAction","target":{"@type":"EntryPoint","urlTemplate":"https:\/\/cococoirglobal.com\/it\/?s={search_term_string}"},"query-input":"required name=search_term_string"}],"inLanguage":"it-IT"},{"@type":"Organization","@id":"https:\/\/cococoirglobal.com\/it\/#organization","name":"COCO COIR GLOBAL COMPANY LIMITED","url":"https:\/\/cococoirglobal.com\/it\/","logo":{"@type":"ImageObject","inLanguage":"it-IT","@id":"https:\/\/cococoirglobal.com\/it\/#\/schema\/logo\/image\/","url":"https:\/\/cococoirglobal.com\/wp-content\/uploads\/2023\/05\/Logo-coco-coir.png","contentUrl":"https:\/\/cococoirglobal.com\/wp-content\/uploads\/2023\/05\/Logo-coco-coir.png","width":512,"height":512,"caption":"COCO COIR GLOBAL COMPANY LIMITED"},"image":{"@id":"https:\/\/cococoirglobal.com\/it\/#\/schema\/logo\/image\/"},"sameAs":["https:\/\/www.facebook.com\/cococoirglobal\/","https:\/\/www.instagram.com\/cococoirglobal\/","https:\/\/www.linkedin.com\/company\/coco-coir-global-company-limited","https:\/\/www.youtube.com\/channel\/UC4Xk-Is93xHrllYZADkM7yQ"]}]}},"_links":{"self":[{"href":"https:\/\/cococoirglobal.com\/it\/wp-json\/wp\/v2\/pages\/29510"}],"collection":[{"href":"https:\/\/cococoirglobal.com\/it\/wp-json\/wp\/v2\/pages"}],"about":[{"href":"https:\/\/cococoirglobal.com\/it\/wp-json\/wp\/v2\/types\/page"}],"author":[{"embeddable":true,"href":"https:\/\/cococoirglobal.com\/it\/wp-json\/wp\/v2\/users\/2"}],"replies":[{"embeddable":true,"href":"https:\/\/cococoirglobal.com\/it\/wp-json\/wp\/v2\/comments?post=29510"}],"version-history":[{"count":0,"href":"https:\/\/cococoirglobal.com\/it\/wp-json\/wp\/v2\/pages\/29510\/revisions"}],"wp:featuredmedia":[{"embeddable":true,"href":"https:\/\/cococoirglobal.com\/it\/wp-json\/wp\/v2\/media\/29512"}],"wp:attachment":[{"href":"https:\/\/cococoirglobal.com\/it\/wp-json\/wp\/v2\/media?parent=29510"}],"curies":[{"name":"wp","href":"https:\/\/api.w.org\/{rel}","templated":true}]}}