{"id":29507,"date":"2023-09-13T11:23:39","date_gmt":"2023-09-13T04:23:39","guid":{"rendered":"https:\/\/cococoirglobal.com\/?page_id=29507"},"modified":"2023-09-13T11:23:39","modified_gmt":"2023-09-13T04:23:39","slug":"certificazioni-di-qualita","status":"publish","type":"page","link":"https:\/\/cococoirglobal.com\/it\/certificazioni-di-qualita\/","title":{"rendered":"CERTIFICAZIONI DI QUALIT\u00c0"},"content":{"rendered":"\n<span><span><a href=\"https:\/\/cococoirglobal.com\/it\/\">Home<\/a><\/span><\/span>\n\n\n\t<div id=\"col-74027959\" class=\"col small-12 large-12\"  >\n\t\t\t\t<div class=\"col-inner\"  >\n\t\t\t\n\t\t\t\n\t<div id=\"text-3929799969\" class=\"text\">\n\t\t\n<h1>CERTIFICAZIONI DI QUALIT\u00c0<\/h1>\n\t\t\n<style>\n#text-3929799969 {\n  text-align: center;\n}\n<\/style>\n\t<\/div>\n\t\n\t\t<\/div>\n\t\t\t\t\t<\/div>\n\n\t\n<div class=\"row row-small align-middle align-center\"  id=\"row-361062627\">\n\n\t<div id=\"col-1482459159\" class=\"col medium-6 small-12 large-6\"  >\n\t\t\t\t<div class=\"col-inner\"  >\n\t\t\t\n\t\t\t\n<h2>1. OMRI ELENCATO<\/h2>\n<p>Coco Coir Global \u00e8 l&#8217;unica azienda che ottiene il certificato OMRI nel settore in Vietnam. L&#8217;OMRI Listed for organic use \u00e8 un certificato ben noto per tutti i produttori di materiali in entrata, in particolare nel settore dei media in crescita negli Stati Uniti, Canada, Messico e in tutto il mondo. Viene rilasciato da un istituto accreditato negli USA (Organic Materials Review Institute). Il processo di revisione di OMRI \u00e8 altamente valutato secondo gli standard USDA, che offre ai clienti garanzia e soddisfazione nella scelta dei prodotti nell&#8217;elenco OMRI.<\/p>\n\t\t<\/div>\n\t\t\t\t\t<\/div>\n\n\t\n\n\t<div id=\"col-1412762500\" class=\"col medium-6 small-12 large-6\"  >\n\t\t\t\t<div class=\"col-inner\"  >\n\t\t\t\n\t\t\t\n\t<div class=\"img has-hover x md-x lg-x y md-y lg-y\" id=\"image_120375747\">\n\t\t\t\t\t\t\t\t<div class=\"img-inner dark\" >\n\t\t\t<img width=\"800\" height=\"539\" src=\"https:\/\/cococoirglobal.com\/wp-content\/uploads\/2023\/08\/OMRI-listed-prod-avail-english-cmyk-coococoirglobal.jpg\" class=\"attachment-original size-original\" alt=\"OMRI-listed-prod-avail-english-cmyk-coococoirglobal\" decoding=\"async\" loading=\"lazy\" srcset=\"https:\/\/cococoirglobal.com\/wp-content\/uploads\/2023\/08\/OMRI-listed-prod-avail-english-cmyk-coococoirglobal.jpg 800w, https:\/\/cococoirglobal.com\/wp-content\/uploads\/2023\/08\/OMRI-listed-prod-avail-english-cmyk-coococoirglobal-768x517.jpg 768w, https:\/\/cococoirglobal.com\/wp-content\/uploads\/2023\/08\/OMRI-listed-prod-avail-english-cmyk-coococoirglobal-510x344.jpg 510w\" sizes=\"(max-width: 800px) 100vw, 800px\" \/>\t\t\t\t\t\t\n\t\t\t\t\t<\/div>\n\t\t\t\t\t\t\t\t\n<style>\n#image_120375747 {\n  width: 100%;\n}\n<\/style>\n\t<\/div>\n\t\n\t\t<\/div>\n\t\t\t\t\t<\/div>\n\n\t\n<\/div>\n<div class=\"row row-small align-middle align-center\"  id=\"row-1165007567\">\n\n\t<div id=\"col-1897577079\" class=\"col medium-6 small-12 large-6\"  >\n\t\t\t\t<div class=\"col-inner\"  >\n\t\t\t\n\t\t\t\n\t<div class=\"img has-hover x md-x lg-x y md-y lg-y\" id=\"image_1507335342\">\n\t\t\t\t\t\t\t\t<div class=\"img-inner dark\" >\n\t\t\t<img width=\"600\" height=\"180\" src=\"https:\/\/cococoirglobal.com\/wp-content\/uploads\/2023\/05\/iso-9001.jpg\" class=\"attachment-original size-original\" alt=\"iso-9001\" decoding=\"async\" loading=\"lazy\" srcset=\"https:\/\/cococoirglobal.com\/wp-content\/uploads\/2023\/05\/iso-9001.jpg 600w, https:\/\/cococoirglobal.com\/wp-content\/uploads\/2023\/05\/iso-9001-300x90.jpg 300w, https:\/\/cococoirglobal.com\/wp-content\/uploads\/2023\/05\/iso-9001-510x153.jpg 510w\" sizes=\"(max-width: 600px) 100vw, 600px\" \/>\t\t\t\t\t\t\n\t\t\t\t\t<\/div>\n\t\t\t\t\t\t\t\t\n<style>\n#image_1507335342 {\n  width: 100%;\n}\n<\/style>\n\t<\/div>\n\t\n\t\t<\/div>\n\t\t\t\t\t<\/div>\n\n\t\n\n\t<div id=\"col-954801545\" class=\"col medium-col-first medium-6 small-12 large-6\"  >\n\t\t\t\t<div class=\"col-inner\"  >\n\t\t\t\n\t\t\t\n<h2>2. ISO 9001:2015<\/h2>\n<p>Siamo una delle poche fabbriche di Coco Coir Grow Media in Vietnam ad essere certificata ISO 9001: 2015 e il sistema di produzione rigoroso e trasparente di Coco Coir Global garantisce non solo la massima qualit\u00e0 ma anche convenienza.<\/p>\n\t\t<\/div>\n\t\t\t\t\t<\/div>\n\n\t\n<\/div>\n","protected":false},"excerpt":{"rendered":"","protected":false},"author":2,"featured_media":0,"parent":0,"menu_order":0,"comment_status":"closed","ping_status":"closed","template":"","meta":{"footnotes":""},"yoast_head":"<!-- This site is optimized with the Yoast SEO plugin v22.6 - https:\/\/yoast.com\/wordpress\/plugins\/seo\/ -->\n<title>CERTIFICAZIONI DI QUALIT\u00c0 - Coco Coir Global Vietnam<\/title>\n<meta name=\"description\" content=\"Coco Coir Global \u00e8 l&#039;unica azienda che ottiene il certificato OMRI nel settore in Vietnam. L&#039;OMRI Listed for organic use \u00e8 un certificato ben noto per tutti i produttori di materiali in entrata, in particolare nel settore dei media in crescita negli Stati Uniti, Canada, Messico e in tutto il mondo. Viene rilasciato da un istituto accreditato negli USA (Organic Materials Review Institute). Il processo di revisione di OMRI \u00e8 altamente valutato secondo gli standard USDA, che offre ai clienti garanzia e soddisfazione nella scelta dei prodotti nell&#039;elenco OMRI.\" \/>\n<meta name=\"robots\" content=\"index, follow, max-snippet:-1, max-image-preview:large, max-video-preview:-1\" \/>\n<link rel=\"canonical\" href=\"https:\/\/cococoirglobal.com\/it\/certificazioni-di-qualita\/\" \/>\n<meta property=\"og:locale\" content=\"it_IT\" \/>\n<meta property=\"og:type\" content=\"article\" \/>\n<meta property=\"og:title\" content=\"CERTIFICAZIONI DI QUALIT\u00c0 - Coco Coir Global Vietnam\" \/>\n<meta property=\"og:description\" content=\"Coco Coir Global \u00e8 l&#039;unica azienda che ottiene il certificato OMRI nel settore in Vietnam. L&#039;OMRI Listed for organic use \u00e8 un certificato ben noto per tutti i produttori di materiali in entrata, in particolare nel settore dei media in crescita negli Stati Uniti, Canada, Messico e in tutto il mondo. Viene rilasciato da un istituto accreditato negli USA (Organic Materials Review Institute). Il processo di revisione di OMRI \u00e8 altamente valutato secondo gli standard USDA, che offre ai clienti garanzia e soddisfazione nella scelta dei prodotti nell&#039;elenco OMRI.\" \/>\n<meta property=\"og:url\" content=\"https:\/\/cococoirglobal.com\/it\/certificazioni-di-qualita\/\" \/>\n<meta property=\"og:site_name\" content=\"Coco Coir Global Vietnam\" \/>\n<meta property=\"article:publisher\" content=\"https:\/\/www.facebook.com\/cococoirglobal\/\" \/>\n<meta property=\"og:image\" content=\"https:\/\/cococoirglobal.com\/wp-content\/uploads\/2021\/08\/cropped-Logo-icon.png\" \/>\n\t<meta property=\"og:image:width\" content=\"512\" \/>\n\t<meta property=\"og:image:height\" content=\"512\" \/>\n\t<meta property=\"og:image:type\" content=\"image\/png\" \/>\n<meta name=\"twitter:card\" content=\"summary_large_image\" \/>\n<meta name=\"twitter:label1\" content=\"Tempo di lettura stimato\" \/>\n\t<meta name=\"twitter:data1\" content=\"1 minuto\" \/>\n<script type=\"application\/ld+json\" class=\"yoast-schema-graph\">{\"@context\":\"https:\/\/schema.org\",\"@graph\":[{\"@type\":\"WebPage\",\"@id\":\"https:\/\/cococoirglobal.com\/it\/certificazioni-di-qualita\/\",\"url\":\"https:\/\/cococoirglobal.com\/it\/certificazioni-di-qualita\/\",\"name\":\"CERTIFICAZIONI DI QUALIT\u00c0 - Coco Coir Global Vietnam\",\"isPartOf\":{\"@id\":\"https:\/\/cococoirglobal.com\/it\/#website\"},\"datePublished\":\"2023-09-13T04:23:39+00:00\",\"dateModified\":\"2023-09-13T04:23:39+00:00\",\"description\":\"Coco Coir Global \u00e8 l'unica azienda che ottiene il certificato OMRI nel settore in Vietnam. L'OMRI Listed for organic use \u00e8 un certificato ben noto per tutti i produttori di materiali in entrata, in particolare nel settore dei media in crescita negli Stati Uniti, Canada, Messico e in tutto il mondo. Viene rilasciato da un istituto accreditato negli USA (Organic Materials Review Institute). Il processo di revisione di OMRI \u00e8 altamente valutato secondo gli standard USDA, che offre ai clienti garanzia e soddisfazione nella scelta dei prodotti nell'elenco OMRI.\",\"breadcrumb\":{\"@id\":\"https:\/\/cococoirglobal.com\/it\/certificazioni-di-qualita\/#breadcrumb\"},\"inLanguage\":\"it-IT\",\"potentialAction\":[{\"@type\":\"ReadAction\",\"target\":[\"https:\/\/cococoirglobal.com\/it\/certificazioni-di-qualita\/\"]}]},{\"@type\":\"BreadcrumbList\",\"@id\":\"https:\/\/cococoirglobal.com\/it\/certificazioni-di-qualita\/#breadcrumb\",\"itemListElement\":[{\"@type\":\"ListItem\",\"position\":1,\"name\":\"Home\",\"item\":\"https:\/\/cococoirglobal.com\/it\/\"},{\"@type\":\"ListItem\",\"position\":2,\"name\":\"CERTIFICAZIONI DI QUALIT\u00c0\"}]},{\"@type\":\"WebSite\",\"@id\":\"https:\/\/cococoirglobal.com\/it\/#website\",\"url\":\"https:\/\/cococoirglobal.com\/it\/\",\"name\":\"Coco Coir Global\",\"description\":\"The leading manufacturer and supplier of Coco Coir Products!\",\"publisher\":{\"@id\":\"https:\/\/cococoirglobal.com\/it\/#organization\"},\"potentialAction\":[{\"@type\":\"SearchAction\",\"target\":{\"@type\":\"EntryPoint\",\"urlTemplate\":\"https:\/\/cococoirglobal.com\/it\/?s={search_term_string}\"},\"query-input\":\"required name=search_term_string\"}],\"inLanguage\":\"it-IT\"},{\"@type\":\"Organization\",\"@id\":\"https:\/\/cococoirglobal.com\/it\/#organization\",\"name\":\"COCO COIR GLOBAL COMPANY LIMITED\",\"url\":\"https:\/\/cococoirglobal.com\/it\/\",\"logo\":{\"@type\":\"ImageObject\",\"inLanguage\":\"it-IT\",\"@id\":\"https:\/\/cococoirglobal.com\/it\/#\/schema\/logo\/image\/\",\"url\":\"https:\/\/cococoirglobal.com\/wp-content\/uploads\/2023\/05\/Logo-coco-coir.png\",\"contentUrl\":\"https:\/\/cococoirglobal.com\/wp-content\/uploads\/2023\/05\/Logo-coco-coir.png\",\"width\":512,\"height\":512,\"caption\":\"COCO COIR GLOBAL COMPANY LIMITED\"},\"image\":{\"@id\":\"https:\/\/cococoirglobal.com\/it\/#\/schema\/logo\/image\/\"},\"sameAs\":[\"https:\/\/www.facebook.com\/cococoirglobal\/\",\"https:\/\/www.instagram.com\/cococoirglobal\/\",\"https:\/\/www.linkedin.com\/company\/coco-coir-global-company-limited\",\"https:\/\/www.youtube.com\/channel\/UC4Xk-Is93xHrllYZADkM7yQ\"]}]}<\/script>\n<!-- \/ Yoast SEO plugin. -->","yoast_head_json":{"title":"CERTIFICAZIONI DI QUALIT\u00c0 - Coco Coir Global Vietnam","description":"Coco Coir Global \u00e8 l'unica azienda che ottiene il certificato OMRI nel settore in Vietnam. L'OMRI Listed for organic use \u00e8 un certificato ben noto per tutti i produttori di materiali in entrata, in particolare nel settore dei media in crescita negli Stati Uniti, Canada, Messico e in tutto il mondo. Viene rilasciato da un istituto accreditato negli USA (Organic Materials Review Institute). Il processo di revisione di OMRI \u00e8 altamente valutato secondo gli standard USDA, che offre ai clienti garanzia e soddisfazione nella scelta dei prodotti nell'elenco OMRI.","robots":{"index":"index","follow":"follow","max-snippet":"max-snippet:-1","max-image-preview":"max-image-preview:large","max-video-preview":"max-video-preview:-1"},"canonical":"https:\/\/cococoirglobal.com\/it\/certificazioni-di-qualita\/","og_locale":"it_IT","og_type":"article","og_title":"CERTIFICAZIONI DI QUALIT\u00c0 - Coco Coir Global Vietnam","og_description":"Coco Coir Global \u00e8 l'unica azienda che ottiene il certificato OMRI nel settore in Vietnam. L'OMRI Listed for organic use \u00e8 un certificato ben noto per tutti i produttori di materiali in entrata, in particolare nel settore dei media in crescita negli Stati Uniti, Canada, Messico e in tutto il mondo. Viene rilasciato da un istituto accreditato negli USA (Organic Materials Review Institute). Il processo di revisione di OMRI \u00e8 altamente valutato secondo gli standard USDA, che offre ai clienti garanzia e soddisfazione nella scelta dei prodotti nell'elenco OMRI.","og_url":"https:\/\/cococoirglobal.com\/it\/certificazioni-di-qualita\/","og_site_name":"Coco Coir Global Vietnam","article_publisher":"https:\/\/www.facebook.com\/cococoirglobal\/","og_image":[{"width":512,"height":512,"url":"https:\/\/cococoirglobal.com\/wp-content\/uploads\/2021\/08\/cropped-Logo-icon.png","type":"image\/png"}],"twitter_card":"summary_large_image","twitter_misc":{"Tempo di lettura stimato":"1 minuto"},"schema":{"@context":"https:\/\/schema.org","@graph":[{"@type":"WebPage","@id":"https:\/\/cococoirglobal.com\/it\/certificazioni-di-qualita\/","url":"https:\/\/cococoirglobal.com\/it\/certificazioni-di-qualita\/","name":"CERTIFICAZIONI DI QUALIT\u00c0 - Coco Coir Global Vietnam","isPartOf":{"@id":"https:\/\/cococoirglobal.com\/it\/#website"},"datePublished":"2023-09-13T04:23:39+00:00","dateModified":"2023-09-13T04:23:39+00:00","description":"Coco Coir Global \u00e8 l'unica azienda che ottiene il certificato OMRI nel settore in Vietnam. L'OMRI Listed for organic use \u00e8 un certificato ben noto per tutti i produttori di materiali in entrata, in particolare nel settore dei media in crescita negli Stati Uniti, Canada, Messico e in tutto il mondo. Viene rilasciato da un istituto accreditato negli USA (Organic Materials Review Institute). Il processo di revisione di OMRI \u00e8 altamente valutato secondo gli standard USDA, che offre ai clienti garanzia e soddisfazione nella scelta dei prodotti nell'elenco OMRI.","breadcrumb":{"@id":"https:\/\/cococoirglobal.com\/it\/certificazioni-di-qualita\/#breadcrumb"},"inLanguage":"it-IT","potentialAction":[{"@type":"ReadAction","target":["https:\/\/cococoirglobal.com\/it\/certificazioni-di-qualita\/"]}]},{"@type":"BreadcrumbList","@id":"https:\/\/cococoirglobal.com\/it\/certificazioni-di-qualita\/#breadcrumb","itemListElement":[{"@type":"ListItem","position":1,"name":"Home","item":"https:\/\/cococoirglobal.com\/it\/"},{"@type":"ListItem","position":2,"name":"CERTIFICAZIONI DI QUALIT\u00c0"}]},{"@type":"WebSite","@id":"https:\/\/cococoirglobal.com\/it\/#website","url":"https:\/\/cococoirglobal.com\/it\/","name":"Coco Coir Global","description":"The leading manufacturer and supplier of Coco Coir Products!","publisher":{"@id":"https:\/\/cococoirglobal.com\/it\/#organization"},"potentialAction":[{"@type":"SearchAction","target":{"@type":"EntryPoint","urlTemplate":"https:\/\/cococoirglobal.com\/it\/?s={search_term_string}"},"query-input":"required name=search_term_string"}],"inLanguage":"it-IT"},{"@type":"Organization","@id":"https:\/\/cococoirglobal.com\/it\/#organization","name":"COCO COIR GLOBAL COMPANY LIMITED","url":"https:\/\/cococoirglobal.com\/it\/","logo":{"@type":"ImageObject","inLanguage":"it-IT","@id":"https:\/\/cococoirglobal.com\/it\/#\/schema\/logo\/image\/","url":"https:\/\/cococoirglobal.com\/wp-content\/uploads\/2023\/05\/Logo-coco-coir.png","contentUrl":"https:\/\/cococoirglobal.com\/wp-content\/uploads\/2023\/05\/Logo-coco-coir.png","width":512,"height":512,"caption":"COCO COIR GLOBAL COMPANY LIMITED"},"image":{"@id":"https:\/\/cococoirglobal.com\/it\/#\/schema\/logo\/image\/"},"sameAs":["https:\/\/www.facebook.com\/cococoirglobal\/","https:\/\/www.instagram.com\/cococoirglobal\/","https:\/\/www.linkedin.com\/company\/coco-coir-global-company-limited","https:\/\/www.youtube.com\/channel\/UC4Xk-Is93xHrllYZADkM7yQ"]}]}},"_links":{"self":[{"href":"https:\/\/cococoirglobal.com\/it\/wp-json\/wp\/v2\/pages\/29507"}],"collection":[{"href":"https:\/\/cococoirglobal.com\/it\/wp-json\/wp\/v2\/pages"}],"about":[{"href":"https:\/\/cococoirglobal.com\/it\/wp-json\/wp\/v2\/types\/page"}],"author":[{"embeddable":true,"href":"https:\/\/cococoirglobal.com\/it\/wp-json\/wp\/v2\/users\/2"}],"replies":[{"embeddable":true,"href":"https:\/\/cococoirglobal.com\/it\/wp-json\/wp\/v2\/comments?post=29507"}],"version-history":[{"count":0,"href":"https:\/\/cococoirglobal.com\/it\/wp-json\/wp\/v2\/pages\/29507\/revisions"}],"wp:attachment":[{"href":"https:\/\/cococoirglobal.com\/it\/wp-json\/wp\/v2\/media?parent=29507"}],"curies":[{"name":"wp","href":"https:\/\/api.w.org\/{rel}","templated":true}]}}