{"id":29505,"date":"2023-09-13T11:21:41","date_gmt":"2023-09-13T04:21:41","guid":{"rendered":"https:\/\/cococoirglobal.com\/?page_id=29505"},"modified":"2023-09-13T11:21:41","modified_gmt":"2023-09-13T04:21:41","slug":"politica-dacquisto","status":"publish","type":"page","link":"https:\/\/cococoirglobal.com\/it\/politica-dacquisto\/","title":{"rendered":"POLITICA D&#8217;ACQUISTO"},"content":{"rendered":"\n<span><span><a href=\"https:\/\/cococoirglobal.com\/it\/\">Home<\/a><\/span><\/span>\n\n\t<div id=\"text-2191146910\" class=\"text\">\n\t\t\n<h2>POLITICA D&#8217;ACQUISTO<\/h2>\n\t\t\n<style>\n#text-2191146910 {\n  text-align: center;\n}\n<\/style>\n\t<\/div>\n\t\n<p>Coco Coir Global ha costruito la nostra politica di acquisto mirando a garantire il massimo beneficio e garanzia per i nostri clienti, aumentando allo stesso tempo la fiducia riposta nel nostro marchio. Termini e condizioni sono i seguenti:<\/p>\n<ul>\n<li>Informazioni sui nostri prodotti: Garantiamo di fornire ai nostri clienti prodotti di alta qualit\u00e0, uniformit\u00e0 e specifiche identiche al campione impegnato. Inoltre, l&#8217;origine dei nostri prodotti sar\u00e0 sempre trasparente, creando la massima tranquillit\u00e0 per i clienti che acquistano da noi.<\/li>\n<li>Informazioni sui prezzi: con la politica di ottimizzazione dei costi, i nostri prodotti hanno prezzi competitivi, ragionevoli e stabili, il tutto mantenendo la qualit\u00e0 al massimo. Non solo, poich\u00e9 offriremo sempre un prezzo migliore per i clienti con ordini di volume maggiore, creiamo anche un prezzo adeguato per i canali di vendita al dettaglio e i distributori in ogni paese, il che garantisce che gli utenti finali possano comunque mettere le mani sulla nostra fornitura senza doverlo proteggere dalla fabbrica.<\/li>\n<li>Informazioni sul campionamento: siamo disposti a inviare di conseguenza il campione richiesto. Il presente di questa politica \u00e8 stabilire la fiducia nella nostra promessa di qualit\u00e0 anche se \u00e8 la prima volta che acquista il nostro acquirente. Inoltre l&#8217;azienda dar\u00e0 il nostro miglior supporto nel consegnarli a destinazione.<\/li>\n<li>Informazioni sull&#8217;apprezzamento del cliente: abbiamo politiche di apprezzamento per i nostri collaboratori a lungo termine. Essere fidati come potenziale fornitore e uscire soddisfatti utilizzando il nostro servizio \u00e8 sempre ci\u00f2 a cui miriamo.<\/li>\n<li>Informazioni sul risarcimento dei danni: nel caso in cui i nostri prodotti siano la causa diretta dell&#8217;incapacit\u00e0 dei nostri clienti di raggiungere il loro obiettivo, siamo disposti ad assumerci la responsabilit\u00e0 e a risarcire eventuali danni causati.<\/li>\n<\/ul>\n<p>Il nostro obiettivo finale \u00e8 fornire costantemente il meglio possibile, non solo in termini di qualit\u00e0 ma anche di costi, oltre ad essere affidabili nei confronti dei nostri clienti, assicurando che te ne andrai con solo la soddisfazione in mente. Per raggiungere questo obiettivo, non smetteremo mai di sforzarci di migliorarci e di dare tutto ci\u00f2 che il cliente aveva immaginato.<\/p>\n","protected":false},"excerpt":{"rendered":"<p>Coco Coir Global ha costruito la nostra politica di acquisto mirando a garantire il massimo beneficio e garanzia per i nostri clienti, aumentando allo stesso tempo la fiducia riposta nel nostro marchio. Termini e condizioni sono i seguenti: Informazioni sui nostri prodotti: Garantiamo di fornire ai nostri clienti prodotti di alta qualit\u00e0, uniformit\u00e0 e specifiche&#8230;<\/p>\n","protected":false},"author":2,"featured_media":0,"parent":0,"menu_order":0,"comment_status":"closed","ping_status":"closed","template":"","meta":{"footnotes":""},"yoast_head":"<!-- This site is optimized with the Yoast SEO plugin v22.6 - https:\/\/yoast.com\/wordpress\/plugins\/seo\/ -->\n<title>POLITICA D&#039;ACQUISTO - Coco Coir Global Vietnam<\/title>\n<meta name=\"description\" content=\"Coco Coir Global ha costruito la nostra politica di acquisto mirando a garantire il massimo beneficio e garanzia per i nostri clienti, aumentando allo stesso tempo la fiducia riposta nel nostro marchio. Termini e condizioni sono i seguenti:\" \/>\n<meta name=\"robots\" content=\"index, follow, max-snippet:-1, max-image-preview:large, max-video-preview:-1\" \/>\n<link rel=\"canonical\" href=\"https:\/\/cococoirglobal.com\/it\/politica-dacquisto\/\" \/>\n<meta property=\"og:locale\" content=\"it_IT\" \/>\n<meta property=\"og:type\" content=\"article\" \/>\n<meta property=\"og:title\" content=\"POLITICA D&#039;ACQUISTO - Coco Coir Global Vietnam\" \/>\n<meta property=\"og:description\" content=\"Coco Coir Global ha costruito la nostra politica di acquisto mirando a garantire il massimo beneficio e garanzia per i nostri clienti, aumentando allo stesso tempo la fiducia riposta nel nostro marchio. Termini e condizioni sono i seguenti:\" \/>\n<meta property=\"og:url\" content=\"https:\/\/cococoirglobal.com\/it\/politica-dacquisto\/\" \/>\n<meta property=\"og:site_name\" content=\"Coco Coir Global Vietnam\" \/>\n<meta property=\"article:publisher\" content=\"https:\/\/www.facebook.com\/cococoirglobal\/\" \/>\n<meta property=\"og:image\" content=\"https:\/\/cococoirglobal.com\/wp-content\/uploads\/2021\/08\/cropped-Logo-icon.png\" \/>\n\t<meta property=\"og:image:width\" content=\"512\" \/>\n\t<meta property=\"og:image:height\" content=\"512\" \/>\n\t<meta property=\"og:image:type\" content=\"image\/png\" \/>\n<meta name=\"twitter:card\" content=\"summary_large_image\" \/>\n<meta name=\"twitter:label1\" content=\"Tempo di lettura stimato\" \/>\n\t<meta name=\"twitter:data1\" content=\"2 minuti\" \/>\n<script type=\"application\/ld+json\" class=\"yoast-schema-graph\">{\"@context\":\"https:\/\/schema.org\",\"@graph\":[{\"@type\":\"WebPage\",\"@id\":\"https:\/\/cococoirglobal.com\/it\/politica-dacquisto\/\",\"url\":\"https:\/\/cococoirglobal.com\/it\/politica-dacquisto\/\",\"name\":\"POLITICA D'ACQUISTO - Coco Coir Global Vietnam\",\"isPartOf\":{\"@id\":\"https:\/\/cococoirglobal.com\/it\/#website\"},\"datePublished\":\"2023-09-13T04:21:41+00:00\",\"dateModified\":\"2023-09-13T04:21:41+00:00\",\"description\":\"Coco Coir Global ha costruito la nostra politica di acquisto mirando a garantire il massimo beneficio e garanzia per i nostri clienti, aumentando allo stesso tempo la fiducia riposta nel nostro marchio. Termini e condizioni sono i seguenti:\",\"breadcrumb\":{\"@id\":\"https:\/\/cococoirglobal.com\/it\/politica-dacquisto\/#breadcrumb\"},\"inLanguage\":\"it-IT\",\"potentialAction\":[{\"@type\":\"ReadAction\",\"target\":[\"https:\/\/cococoirglobal.com\/it\/politica-dacquisto\/\"]}]},{\"@type\":\"BreadcrumbList\",\"@id\":\"https:\/\/cococoirglobal.com\/it\/politica-dacquisto\/#breadcrumb\",\"itemListElement\":[{\"@type\":\"ListItem\",\"position\":1,\"name\":\"Home\",\"item\":\"https:\/\/cococoirglobal.com\/it\/\"},{\"@type\":\"ListItem\",\"position\":2,\"name\":\"POLITICA D&#8217;ACQUISTO\"}]},{\"@type\":\"WebSite\",\"@id\":\"https:\/\/cococoirglobal.com\/it\/#website\",\"url\":\"https:\/\/cococoirglobal.com\/it\/\",\"name\":\"Coco Coir Global\",\"description\":\"The leading manufacturer and supplier of Coco Coir Products!\",\"publisher\":{\"@id\":\"https:\/\/cococoirglobal.com\/it\/#organization\"},\"potentialAction\":[{\"@type\":\"SearchAction\",\"target\":{\"@type\":\"EntryPoint\",\"urlTemplate\":\"https:\/\/cococoirglobal.com\/it\/?s={search_term_string}\"},\"query-input\":\"required name=search_term_string\"}],\"inLanguage\":\"it-IT\"},{\"@type\":\"Organization\",\"@id\":\"https:\/\/cococoirglobal.com\/it\/#organization\",\"name\":\"COCO COIR GLOBAL COMPANY LIMITED\",\"url\":\"https:\/\/cococoirglobal.com\/it\/\",\"logo\":{\"@type\":\"ImageObject\",\"inLanguage\":\"it-IT\",\"@id\":\"https:\/\/cococoirglobal.com\/it\/#\/schema\/logo\/image\/\",\"url\":\"https:\/\/cococoirglobal.com\/wp-content\/uploads\/2023\/05\/Logo-coco-coir.png\",\"contentUrl\":\"https:\/\/cococoirglobal.com\/wp-content\/uploads\/2023\/05\/Logo-coco-coir.png\",\"width\":512,\"height\":512,\"caption\":\"COCO COIR GLOBAL COMPANY LIMITED\"},\"image\":{\"@id\":\"https:\/\/cococoirglobal.com\/it\/#\/schema\/logo\/image\/\"},\"sameAs\":[\"https:\/\/www.facebook.com\/cococoirglobal\/\",\"https:\/\/www.instagram.com\/cococoirglobal\/\",\"https:\/\/www.linkedin.com\/company\/coco-coir-global-company-limited\",\"https:\/\/www.youtube.com\/channel\/UC4Xk-Is93xHrllYZADkM7yQ\"]}]}<\/script>\n<!-- \/ Yoast SEO plugin. -->","yoast_head_json":{"title":"POLITICA D'ACQUISTO - Coco Coir Global Vietnam","description":"Coco Coir Global ha costruito la nostra politica di acquisto mirando a garantire il massimo beneficio e garanzia per i nostri clienti, aumentando allo stesso tempo la fiducia riposta nel nostro marchio. Termini e condizioni sono i seguenti:","robots":{"index":"index","follow":"follow","max-snippet":"max-snippet:-1","max-image-preview":"max-image-preview:large","max-video-preview":"max-video-preview:-1"},"canonical":"https:\/\/cococoirglobal.com\/it\/politica-dacquisto\/","og_locale":"it_IT","og_type":"article","og_title":"POLITICA D'ACQUISTO - Coco Coir Global Vietnam","og_description":"Coco Coir Global ha costruito la nostra politica di acquisto mirando a garantire il massimo beneficio e garanzia per i nostri clienti, aumentando allo stesso tempo la fiducia riposta nel nostro marchio. Termini e condizioni sono i seguenti:","og_url":"https:\/\/cococoirglobal.com\/it\/politica-dacquisto\/","og_site_name":"Coco Coir Global Vietnam","article_publisher":"https:\/\/www.facebook.com\/cococoirglobal\/","og_image":[{"width":512,"height":512,"url":"https:\/\/cococoirglobal.com\/wp-content\/uploads\/2021\/08\/cropped-Logo-icon.png","type":"image\/png"}],"twitter_card":"summary_large_image","twitter_misc":{"Tempo di lettura stimato":"2 minuti"},"schema":{"@context":"https:\/\/schema.org","@graph":[{"@type":"WebPage","@id":"https:\/\/cococoirglobal.com\/it\/politica-dacquisto\/","url":"https:\/\/cococoirglobal.com\/it\/politica-dacquisto\/","name":"POLITICA D'ACQUISTO - Coco Coir Global Vietnam","isPartOf":{"@id":"https:\/\/cococoirglobal.com\/it\/#website"},"datePublished":"2023-09-13T04:21:41+00:00","dateModified":"2023-09-13T04:21:41+00:00","description":"Coco Coir Global ha costruito la nostra politica di acquisto mirando a garantire il massimo beneficio e garanzia per i nostri clienti, aumentando allo stesso tempo la fiducia riposta nel nostro marchio. Termini e condizioni sono i seguenti:","breadcrumb":{"@id":"https:\/\/cococoirglobal.com\/it\/politica-dacquisto\/#breadcrumb"},"inLanguage":"it-IT","potentialAction":[{"@type":"ReadAction","target":["https:\/\/cococoirglobal.com\/it\/politica-dacquisto\/"]}]},{"@type":"BreadcrumbList","@id":"https:\/\/cococoirglobal.com\/it\/politica-dacquisto\/#breadcrumb","itemListElement":[{"@type":"ListItem","position":1,"name":"Home","item":"https:\/\/cococoirglobal.com\/it\/"},{"@type":"ListItem","position":2,"name":"POLITICA D&#8217;ACQUISTO"}]},{"@type":"WebSite","@id":"https:\/\/cococoirglobal.com\/it\/#website","url":"https:\/\/cococoirglobal.com\/it\/","name":"Coco Coir Global","description":"The leading manufacturer and supplier of Coco Coir Products!","publisher":{"@id":"https:\/\/cococoirglobal.com\/it\/#organization"},"potentialAction":[{"@type":"SearchAction","target":{"@type":"EntryPoint","urlTemplate":"https:\/\/cococoirglobal.com\/it\/?s={search_term_string}"},"query-input":"required name=search_term_string"}],"inLanguage":"it-IT"},{"@type":"Organization","@id":"https:\/\/cococoirglobal.com\/it\/#organization","name":"COCO COIR GLOBAL COMPANY LIMITED","url":"https:\/\/cococoirglobal.com\/it\/","logo":{"@type":"ImageObject","inLanguage":"it-IT","@id":"https:\/\/cococoirglobal.com\/it\/#\/schema\/logo\/image\/","url":"https:\/\/cococoirglobal.com\/wp-content\/uploads\/2023\/05\/Logo-coco-coir.png","contentUrl":"https:\/\/cococoirglobal.com\/wp-content\/uploads\/2023\/05\/Logo-coco-coir.png","width":512,"height":512,"caption":"COCO COIR GLOBAL COMPANY LIMITED"},"image":{"@id":"https:\/\/cococoirglobal.com\/it\/#\/schema\/logo\/image\/"},"sameAs":["https:\/\/www.facebook.com\/cococoirglobal\/","https:\/\/www.instagram.com\/cococoirglobal\/","https:\/\/www.linkedin.com\/company\/coco-coir-global-company-limited","https:\/\/www.youtube.com\/channel\/UC4Xk-Is93xHrllYZADkM7yQ"]}]}},"_links":{"self":[{"href":"https:\/\/cococoirglobal.com\/it\/wp-json\/wp\/v2\/pages\/29505"}],"collection":[{"href":"https:\/\/cococoirglobal.com\/it\/wp-json\/wp\/v2\/pages"}],"about":[{"href":"https:\/\/cococoirglobal.com\/it\/wp-json\/wp\/v2\/types\/page"}],"author":[{"embeddable":true,"href":"https:\/\/cococoirglobal.com\/it\/wp-json\/wp\/v2\/users\/2"}],"replies":[{"embeddable":true,"href":"https:\/\/cococoirglobal.com\/it\/wp-json\/wp\/v2\/comments?post=29505"}],"version-history":[{"count":0,"href":"https:\/\/cococoirglobal.com\/it\/wp-json\/wp\/v2\/pages\/29505\/revisions"}],"wp:attachment":[{"href":"https:\/\/cococoirglobal.com\/it\/wp-json\/wp\/v2\/media?parent=29505"}],"curies":[{"name":"wp","href":"https:\/\/api.w.org\/{rel}","templated":true}]}}