{"id":29500,"date":"2023-09-13T11:16:51","date_gmt":"2023-09-13T04:16:51","guid":{"rendered":"https:\/\/cococoirglobal.com\/?page_id=29500"},"modified":"2023-09-13T11:16:51","modified_gmt":"2023-09-13T04:16:51","slug":"politica-sulla-riservatezza","status":"publish","type":"page","link":"https:\/\/cococoirglobal.com\/it\/politica-sulla-riservatezza\/","title":{"rendered":"POLITICA SULLA RISERVATEZZA"},"content":{"rendered":"\n<span><span><a href=\"https:\/\/cococoirglobal.com\/it\/\">Home<\/a><\/span><\/span>\n\n\t<div id=\"text-2166106019\" class=\"text\">\n\t\t\n<h1>POLITICA SULLA RISERVATEZZA<\/h1>\n\t\t\n<style>\n#text-2166106019 {\n  text-align: center;\n}\n<\/style>\n\t<\/div>\n\t\n<p>Coco Coir Global presta particolare attenzione alla sicurezza dell&#8217;identit\u00e0 se richiesta. Per proteggere i diritti del cliente e la nostra reputazione, finch\u00e9 ci\u00f2 avviene senza il suo consenso, manterremo la riservatezza delle informazioni dei nostri clienti. Pertanto, come abbiamo insistito, ci sforziamo di creare un legame di fiducia e garanzia per gli acquirenti che hanno scelto Coco Coir Global come partner affidabile: per noi \u00e8 essenziale mentre sviluppiamo il nostro marchio e rafforziamo il nostro legame con i clienti in tutto il mondo.<\/p>\n","protected":false},"excerpt":{"rendered":"<p>Coco Coir Global presta particolare attenzione alla sicurezza dell&#8217;identit\u00e0 se richiesta. Per proteggere i diritti del cliente e la nostra reputazione, finch\u00e9 ci\u00f2 avviene senza il suo consenso, manterremo la riservatezza delle informazioni dei nostri clienti. Pertanto, come abbiamo insistito, ci sforziamo di creare un legame di fiducia e garanzia per gli acquirenti che hanno&#8230;<\/p>\n","protected":false},"author":2,"featured_media":29969,"parent":0,"menu_order":0,"comment_status":"closed","ping_status":"closed","template":"","meta":{"footnotes":""},"yoast_head":"<!-- This site is optimized with the Yoast SEO plugin v22.6 - https:\/\/yoast.com\/wordpress\/plugins\/seo\/ -->\n<title>POLITICA SULLA RISERVATEZZA - Coco Coir Global Vietnam<\/title>\n<meta name=\"description\" content=\"Coco Coir Global presta particolare attenzione alla sicurezza dell&#039;identit\u00e0 se richiesta. Per proteggere i diritti del cliente e la nostra reputazione, finch\u00e9 ci\u00f2 avviene senza il suo consenso, manterremo la riservatezza delle informazioni dei nostri clienti. Pertanto, come abbiamo insistito, ci sforziamo di creare un legame di fiducia e garanzia per gli acquirenti che hanno scelto Coco Coir Global come partner affidabile: per noi \u00e8 essenziale mentre sviluppiamo il nostro marchio e rafforziamo il nostro legame con i clienti in tutto il mondo.\" \/>\n<meta name=\"robots\" content=\"index, follow, max-snippet:-1, max-image-preview:large, max-video-preview:-1\" \/>\n<link rel=\"canonical\" href=\"https:\/\/cococoirglobal.com\/it\/politica-sulla-riservatezza\/\" \/>\n<meta property=\"og:locale\" content=\"it_IT\" \/>\n<meta property=\"og:type\" content=\"article\" \/>\n<meta property=\"og:title\" content=\"POLITICA SULLA RISERVATEZZA - Coco Coir Global Vietnam\" \/>\n<meta property=\"og:description\" content=\"Coco Coir Global presta particolare attenzione alla sicurezza dell&#039;identit\u00e0 se richiesta. Per proteggere i diritti del cliente e la nostra reputazione, finch\u00e9 ci\u00f2 avviene senza il suo consenso, manterremo la riservatezza delle informazioni dei nostri clienti. Pertanto, come abbiamo insistito, ci sforziamo di creare un legame di fiducia e garanzia per gli acquirenti che hanno scelto Coco Coir Global come partner affidabile: per noi \u00e8 essenziale mentre sviluppiamo il nostro marchio e rafforziamo il nostro legame con i clienti in tutto il mondo.\" \/>\n<meta property=\"og:url\" content=\"https:\/\/cococoirglobal.com\/it\/politica-sulla-riservatezza\/\" \/>\n<meta property=\"og:site_name\" content=\"Coco Coir Global Vietnam\" \/>\n<meta property=\"article:publisher\" content=\"https:\/\/www.facebook.com\/cococoirglobal\/\" \/>\n<meta property=\"og:image\" content=\"https:\/\/cococoirglobal.com\/wp-content\/uploads\/2021\/08\/cropped-Logo-icon.png\" \/>\n\t<meta property=\"og:image:width\" content=\"512\" \/>\n\t<meta property=\"og:image:height\" content=\"512\" \/>\n\t<meta property=\"og:image:type\" content=\"image\/png\" \/>\n<meta name=\"twitter:card\" content=\"summary_large_image\" \/>\n<meta name=\"twitter:label1\" content=\"Tempo di lettura stimato\" \/>\n\t<meta name=\"twitter:data1\" content=\"1 minuto\" \/>\n<script type=\"application\/ld+json\" class=\"yoast-schema-graph\">{\"@context\":\"https:\/\/schema.org\",\"@graph\":[{\"@type\":\"WebPage\",\"@id\":\"https:\/\/cococoirglobal.com\/it\/politica-sulla-riservatezza\/\",\"url\":\"https:\/\/cococoirglobal.com\/it\/politica-sulla-riservatezza\/\",\"name\":\"POLITICA SULLA RISERVATEZZA - Coco Coir Global Vietnam\",\"isPartOf\":{\"@id\":\"https:\/\/cococoirglobal.com\/it\/#website\"},\"primaryImageOfPage\":{\"@id\":\"https:\/\/cococoirglobal.com\/it\/politica-sulla-riservatezza\/#primaryimage\"},\"image\":{\"@id\":\"https:\/\/cococoirglobal.com\/it\/politica-sulla-riservatezza\/#primaryimage\"},\"thumbnailUrl\":\"https:\/\/cococoirglobal.com\/wp-content\/uploads\/2023\/09\/privacy-policy.png\",\"datePublished\":\"2023-09-13T04:16:51+00:00\",\"dateModified\":\"2023-09-13T04:16:51+00:00\",\"description\":\"Coco Coir Global presta particolare attenzione alla sicurezza dell'identit\u00e0 se richiesta. Per proteggere i diritti del cliente e la nostra reputazione, finch\u00e9 ci\u00f2 avviene senza il suo consenso, manterremo la riservatezza delle informazioni dei nostri clienti. Pertanto, come abbiamo insistito, ci sforziamo di creare un legame di fiducia e garanzia per gli acquirenti che hanno scelto Coco Coir Global come partner affidabile: per noi \u00e8 essenziale mentre sviluppiamo il nostro marchio e rafforziamo il nostro legame con i clienti in tutto il mondo.\",\"breadcrumb\":{\"@id\":\"https:\/\/cococoirglobal.com\/it\/politica-sulla-riservatezza\/#breadcrumb\"},\"inLanguage\":\"it-IT\",\"potentialAction\":[{\"@type\":\"ReadAction\",\"target\":[\"https:\/\/cococoirglobal.com\/it\/politica-sulla-riservatezza\/\"]}]},{\"@type\":\"ImageObject\",\"inLanguage\":\"it-IT\",\"@id\":\"https:\/\/cococoirglobal.com\/it\/politica-sulla-riservatezza\/#primaryimage\",\"url\":\"https:\/\/cococoirglobal.com\/wp-content\/uploads\/2023\/09\/privacy-policy.png\",\"contentUrl\":\"https:\/\/cococoirglobal.com\/wp-content\/uploads\/2023\/09\/privacy-policy.png\",\"width\":800,\"height\":593,\"caption\":\"PRIVACY POLICY\"},{\"@type\":\"BreadcrumbList\",\"@id\":\"https:\/\/cococoirglobal.com\/it\/politica-sulla-riservatezza\/#breadcrumb\",\"itemListElement\":[{\"@type\":\"ListItem\",\"position\":1,\"name\":\"Home\",\"item\":\"https:\/\/cococoirglobal.com\/it\/\"},{\"@type\":\"ListItem\",\"position\":2,\"name\":\"POLITICA SULLA RISERVATEZZA\"}]},{\"@type\":\"WebSite\",\"@id\":\"https:\/\/cococoirglobal.com\/it\/#website\",\"url\":\"https:\/\/cococoirglobal.com\/it\/\",\"name\":\"Coco Coir Global\",\"description\":\"The leading manufacturer and supplier of Coco Coir Products!\",\"publisher\":{\"@id\":\"https:\/\/cococoirglobal.com\/it\/#organization\"},\"potentialAction\":[{\"@type\":\"SearchAction\",\"target\":{\"@type\":\"EntryPoint\",\"urlTemplate\":\"https:\/\/cococoirglobal.com\/it\/?s={search_term_string}\"},\"query-input\":\"required name=search_term_string\"}],\"inLanguage\":\"it-IT\"},{\"@type\":\"Organization\",\"@id\":\"https:\/\/cococoirglobal.com\/it\/#organization\",\"name\":\"COCO COIR GLOBAL COMPANY LIMITED\",\"url\":\"https:\/\/cococoirglobal.com\/it\/\",\"logo\":{\"@type\":\"ImageObject\",\"inLanguage\":\"it-IT\",\"@id\":\"https:\/\/cococoirglobal.com\/it\/#\/schema\/logo\/image\/\",\"url\":\"https:\/\/cococoirglobal.com\/wp-content\/uploads\/2023\/05\/Logo-coco-coir.png\",\"contentUrl\":\"https:\/\/cococoirglobal.com\/wp-content\/uploads\/2023\/05\/Logo-coco-coir.png\",\"width\":512,\"height\":512,\"caption\":\"COCO COIR GLOBAL COMPANY LIMITED\"},\"image\":{\"@id\":\"https:\/\/cococoirglobal.com\/it\/#\/schema\/logo\/image\/\"},\"sameAs\":[\"https:\/\/www.facebook.com\/cococoirglobal\/\",\"https:\/\/www.instagram.com\/cococoirglobal\/\",\"https:\/\/www.linkedin.com\/company\/coco-coir-global-company-limited\",\"https:\/\/www.youtube.com\/channel\/UC4Xk-Is93xHrllYZADkM7yQ\"]}]}<\/script>\n<!-- \/ Yoast SEO plugin. -->","yoast_head_json":{"title":"POLITICA SULLA RISERVATEZZA - Coco Coir Global Vietnam","description":"Coco Coir Global presta particolare attenzione alla sicurezza dell'identit\u00e0 se richiesta. Per proteggere i diritti del cliente e la nostra reputazione, finch\u00e9 ci\u00f2 avviene senza il suo consenso, manterremo la riservatezza delle informazioni dei nostri clienti. Pertanto, come abbiamo insistito, ci sforziamo di creare un legame di fiducia e garanzia per gli acquirenti che hanno scelto Coco Coir Global come partner affidabile: per noi \u00e8 essenziale mentre sviluppiamo il nostro marchio e rafforziamo il nostro legame con i clienti in tutto il mondo.","robots":{"index":"index","follow":"follow","max-snippet":"max-snippet:-1","max-image-preview":"max-image-preview:large","max-video-preview":"max-video-preview:-1"},"canonical":"https:\/\/cococoirglobal.com\/it\/politica-sulla-riservatezza\/","og_locale":"it_IT","og_type":"article","og_title":"POLITICA SULLA RISERVATEZZA - Coco Coir Global Vietnam","og_description":"Coco Coir Global presta particolare attenzione alla sicurezza dell'identit\u00e0 se richiesta. Per proteggere i diritti del cliente e la nostra reputazione, finch\u00e9 ci\u00f2 avviene senza il suo consenso, manterremo la riservatezza delle informazioni dei nostri clienti. Pertanto, come abbiamo insistito, ci sforziamo di creare un legame di fiducia e garanzia per gli acquirenti che hanno scelto Coco Coir Global come partner affidabile: per noi \u00e8 essenziale mentre sviluppiamo il nostro marchio e rafforziamo il nostro legame con i clienti in tutto il mondo.","og_url":"https:\/\/cococoirglobal.com\/it\/politica-sulla-riservatezza\/","og_site_name":"Coco Coir Global Vietnam","article_publisher":"https:\/\/www.facebook.com\/cococoirglobal\/","og_image":[{"width":512,"height":512,"url":"https:\/\/cococoirglobal.com\/wp-content\/uploads\/2021\/08\/cropped-Logo-icon.png","type":"image\/png"}],"twitter_card":"summary_large_image","twitter_misc":{"Tempo di lettura stimato":"1 minuto"},"schema":{"@context":"https:\/\/schema.org","@graph":[{"@type":"WebPage","@id":"https:\/\/cococoirglobal.com\/it\/politica-sulla-riservatezza\/","url":"https:\/\/cococoirglobal.com\/it\/politica-sulla-riservatezza\/","name":"POLITICA SULLA RISERVATEZZA - Coco Coir Global Vietnam","isPartOf":{"@id":"https:\/\/cococoirglobal.com\/it\/#website"},"primaryImageOfPage":{"@id":"https:\/\/cococoirglobal.com\/it\/politica-sulla-riservatezza\/#primaryimage"},"image":{"@id":"https:\/\/cococoirglobal.com\/it\/politica-sulla-riservatezza\/#primaryimage"},"thumbnailUrl":"https:\/\/cococoirglobal.com\/wp-content\/uploads\/2023\/09\/privacy-policy.png","datePublished":"2023-09-13T04:16:51+00:00","dateModified":"2023-09-13T04:16:51+00:00","description":"Coco Coir Global presta particolare attenzione alla sicurezza dell'identit\u00e0 se richiesta. Per proteggere i diritti del cliente e la nostra reputazione, finch\u00e9 ci\u00f2 avviene senza il suo consenso, manterremo la riservatezza delle informazioni dei nostri clienti. Pertanto, come abbiamo insistito, ci sforziamo di creare un legame di fiducia e garanzia per gli acquirenti che hanno scelto Coco Coir Global come partner affidabile: per noi \u00e8 essenziale mentre sviluppiamo il nostro marchio e rafforziamo il nostro legame con i clienti in tutto il mondo.","breadcrumb":{"@id":"https:\/\/cococoirglobal.com\/it\/politica-sulla-riservatezza\/#breadcrumb"},"inLanguage":"it-IT","potentialAction":[{"@type":"ReadAction","target":["https:\/\/cococoirglobal.com\/it\/politica-sulla-riservatezza\/"]}]},{"@type":"ImageObject","inLanguage":"it-IT","@id":"https:\/\/cococoirglobal.com\/it\/politica-sulla-riservatezza\/#primaryimage","url":"https:\/\/cococoirglobal.com\/wp-content\/uploads\/2023\/09\/privacy-policy.png","contentUrl":"https:\/\/cococoirglobal.com\/wp-content\/uploads\/2023\/09\/privacy-policy.png","width":800,"height":593,"caption":"PRIVACY POLICY"},{"@type":"BreadcrumbList","@id":"https:\/\/cococoirglobal.com\/it\/politica-sulla-riservatezza\/#breadcrumb","itemListElement":[{"@type":"ListItem","position":1,"name":"Home","item":"https:\/\/cococoirglobal.com\/it\/"},{"@type":"ListItem","position":2,"name":"POLITICA SULLA RISERVATEZZA"}]},{"@type":"WebSite","@id":"https:\/\/cococoirglobal.com\/it\/#website","url":"https:\/\/cococoirglobal.com\/it\/","name":"Coco Coir Global","description":"The leading manufacturer and supplier of Coco Coir Products!","publisher":{"@id":"https:\/\/cococoirglobal.com\/it\/#organization"},"potentialAction":[{"@type":"SearchAction","target":{"@type":"EntryPoint","urlTemplate":"https:\/\/cococoirglobal.com\/it\/?s={search_term_string}"},"query-input":"required name=search_term_string"}],"inLanguage":"it-IT"},{"@type":"Organization","@id":"https:\/\/cococoirglobal.com\/it\/#organization","name":"COCO COIR GLOBAL COMPANY LIMITED","url":"https:\/\/cococoirglobal.com\/it\/","logo":{"@type":"ImageObject","inLanguage":"it-IT","@id":"https:\/\/cococoirglobal.com\/it\/#\/schema\/logo\/image\/","url":"https:\/\/cococoirglobal.com\/wp-content\/uploads\/2023\/05\/Logo-coco-coir.png","contentUrl":"https:\/\/cococoirglobal.com\/wp-content\/uploads\/2023\/05\/Logo-coco-coir.png","width":512,"height":512,"caption":"COCO COIR GLOBAL COMPANY LIMITED"},"image":{"@id":"https:\/\/cococoirglobal.com\/it\/#\/schema\/logo\/image\/"},"sameAs":["https:\/\/www.facebook.com\/cococoirglobal\/","https:\/\/www.instagram.com\/cococoirglobal\/","https:\/\/www.linkedin.com\/company\/coco-coir-global-company-limited","https:\/\/www.youtube.com\/channel\/UC4Xk-Is93xHrllYZADkM7yQ"]}]}},"_links":{"self":[{"href":"https:\/\/cococoirglobal.com\/it\/wp-json\/wp\/v2\/pages\/29500"}],"collection":[{"href":"https:\/\/cococoirglobal.com\/it\/wp-json\/wp\/v2\/pages"}],"about":[{"href":"https:\/\/cococoirglobal.com\/it\/wp-json\/wp\/v2\/types\/page"}],"author":[{"embeddable":true,"href":"https:\/\/cococoirglobal.com\/it\/wp-json\/wp\/v2\/users\/2"}],"replies":[{"embeddable":true,"href":"https:\/\/cococoirglobal.com\/it\/wp-json\/wp\/v2\/comments?post=29500"}],"version-history":[{"count":0,"href":"https:\/\/cococoirglobal.com\/it\/wp-json\/wp\/v2\/pages\/29500\/revisions"}],"wp:featuredmedia":[{"embeddable":true,"href":"https:\/\/cococoirglobal.com\/it\/wp-json\/wp\/v2\/media\/29969"}],"wp:attachment":[{"href":"https:\/\/cococoirglobal.com\/it\/wp-json\/wp\/v2\/media?parent=29500"}],"curies":[{"name":"wp","href":"https:\/\/api.w.org\/{rel}","templated":true}]}}