{"id":29485,"date":"2023-09-13T11:11:26","date_gmt":"2023-09-13T04:11:26","guid":{"rendered":"https:\/\/cococoirglobal.com\/?page_id=29485"},"modified":"2023-09-13T11:11:26","modified_gmt":"2023-09-13T04:11:26","slug":"la-qualita-dei-nostri-prodotti","status":"publish","type":"page","link":"https:\/\/cococoirglobal.com\/it\/la-qualita-dei-nostri-prodotti\/","title":{"rendered":"LA QUALIT\u00c0 DEI NOSTRI PRODOTTI"},"content":{"rendered":"\n<span><span><a href=\"https:\/\/cococoirglobal.com\/it\/\">Home<\/a><\/span><\/span>\n\n\n\t<div id=\"col-1077795328\" class=\"col small-12 large-12\"  >\n\t\t\t\t<div class=\"col-inner\"  >\n\t\t\t\n\t\t\t\n\t<div id=\"text-4058239004\" class=\"text\">\n\t\t\n<h1><strong>LA QUALIT\u00c0 DEI NOSTRI PRODOTTI<\/strong><\/h1>\n\t\t\n<style>\n#text-4058239004 {\n  text-align: center;\n}\n<\/style>\n\t<\/div>\n\t\n\t\t<\/div>\n\t\t\t\t\t<\/div>\n\n\t\n<h2 style=\"text-align: justify;\">Caratteristiche eccezionali dei nostri prodotti<\/h2>\n<p>Il nostro terreno di coltura biologico in fibra di cocco naturale al 100% \u00e8 un terreno di coltura senza suolo in fibra di cocco ottenuto dalla selezione delle migliori bucce di cocco della provincia di Ben Tre, Vietnam. La nostra fibra di cocco ha una consistenza uniforme, fornendo un buon drenaggio, elevata porosit\u00e0, elevata capacit\u00e0 di ritenzione idrica, ottimo assorbimento e trattiene l&#8217;umidit\u00e0 consentendo una crescita sana delle radici. I nostri substrati di coltivazione forniscono pi\u00f9 ossigeno consentendo alle piante di crescere pi\u00f9 sane e produrre rese maggiori.<\/p>\n<p>Tutte le nostre materie prime sono state elencate OMRI per uso biologico.<\/p>\n<p><img decoding=\"async\" loading=\"lazy\" class=\"aligncenter wp-image-17925 size-full\" src=\"https:\/\/cococoirglobal.com\/wp-content\/uploads\/2023\/05\/2-1-e1685006305549.jpg\" alt=\"OMRI Listed certified\" width=\"766\" height=\"450\" srcset=\"https:\/\/cococoirglobal.com\/wp-content\/uploads\/2023\/05\/2-1-e1685006305549.jpg 766w, https:\/\/cococoirglobal.com\/wp-content\/uploads\/2023\/05\/2-1-e1685006305549-300x176.jpg 300w, https:\/\/cococoirglobal.com\/wp-content\/uploads\/2023\/05\/2-1-e1685006305549-510x300.jpg 510w\" sizes=\"(max-width: 766px) 100vw, 766px\" \/><\/p>\n<p>&nbsp;<\/p>\n<p style=\"text-align: justify;\">Produciamo prodotti di coltivazione in fibra di cocco adeguatamente lavati e testati da laboratori terzi accreditati. La maggior parte dei test vengono eseguiti da laboratori negli Stati Uniti, alcuni in Vietnam. L&#8217;analisi di pH, EC (sali solubili), analisi delle caratteristiche chimiche, propriet\u00e0 fisiche, test sui metalli pesanti (il contenuto del test sui metalli pesanti \u00e8 conforme anche ai requisiti canadesi per l&#8217;analisi dei metalli pesanti), residui di pesticidi (non rilevati per circa 500 composti) e Analisi microbica.<\/p>\n<p><img decoding=\"async\" loading=\"lazy\" class=\"aligncenter wp-image-17931\" src=\"https:\/\/cococoirglobal.com\/wp-content\/uploads\/2023\/05\/15-1.jpg\" alt=\"test reports coco coir global\" width=\"800\" height=\"593\" srcset=\"https:\/\/cococoirglobal.com\/wp-content\/uploads\/2023\/05\/15-1.jpg 1080w, https:\/\/cococoirglobal.com\/wp-content\/uploads\/2023\/05\/15-1-300x222.jpg 300w, https:\/\/cococoirglobal.com\/wp-content\/uploads\/2023\/05\/15-1-1024x759.jpg 1024w, https:\/\/cococoirglobal.com\/wp-content\/uploads\/2023\/05\/15-1-768x569.jpg 768w, https:\/\/cococoirglobal.com\/wp-content\/uploads\/2023\/05\/15-1-510x378.jpg 510w\" sizes=\"(max-width: 800px) 100vw, 800px\" \/><\/p>\n<h2 style=\"text-align: justify;\">&#8220;La qualit\u00e0 prima di tutto&#8221; \u00e8 il nostro motto<\/h2>\n<p>Laviamo Coco Coir 4 volte con acqua dolce per rimuovere i sali, ottenendo un EC molto basso \u2264 0,5 mS\/cm, pH: 5,8 \u2013 6,5 S.U. Il tamponamento mediante la nostra speciale procedura si traduce in un contenuto estremamente basso di sodio (Na) e potassio (K), creando un buon substrato di coltivazione in fibra di cocco, un migliore controllo sulla gestione dei fertilizzanti, garantendo l&#8217;alimentazione delle piante con la miscela di nutrienti dei coltivatori, senza necessit\u00e0 di risciacquare o modificare Substrati in fibra di cocco.<\/p>\n<p>I clienti possono valutare il lavaggio e il buffering dei nostri prodotti per soddisfare i pi\u00f9 elevati standard del settore attraverso il nostro rapporto di analisi delle caratteristiche chimiche del prodotto eseguito da laboratori terzi accreditati negli Stati Uniti. Questa analisi delle caratteristiche chimiche verr\u00e0 eseguita periodicamente sui Lotti di Produzione collegati agli Ordini di Acquisto dei clienti.<\/p>\n<p><img decoding=\"async\" loading=\"lazy\" class=\"aligncenter wp-image-17928\" src=\"https:\/\/cococoirglobal.com\/wp-content\/uploads\/2023\/05\/14-1.jpg\" alt=\"high-grade coco coir - coco coir global\" width=\"800\" height=\"593\" srcset=\"https:\/\/cococoirglobal.com\/wp-content\/uploads\/2023\/05\/14-1.jpg 1080w, https:\/\/cococoirglobal.com\/wp-content\/uploads\/2023\/05\/14-1-300x222.jpg 300w, https:\/\/cococoirglobal.com\/wp-content\/uploads\/2023\/05\/14-1-1024x759.jpg 1024w, https:\/\/cococoirglobal.com\/wp-content\/uploads\/2023\/05\/14-1-768x569.jpg 768w, https:\/\/cococoirglobal.com\/wp-content\/uploads\/2023\/05\/14-1-510x378.jpg 510w\" sizes=\"(max-width: 800px) 100vw, 800px\" \/><\/p>\n<h2 style=\"text-align: justify;\">Strict and transparent manufacturing process<\/h2>\n<p>Monitoriamo da vicino il processo di trasporto dalla fibra di cocco grezza alla fibra di cocco finita, vagliamo rigorosamente durante i processi di produzione, disponiamo di imballaggi e contenitori di spedizione adeguati per eliminare il rischio di contaminazione di erbacce, semi di piante infestanti, terreno, impurit\u00e0, insetti, e microrganismi dannosi.<\/p>\n<p>Possiamo personalizzare i nostri prodotti in base alle esigenze del cliente. E la nostra fibra di cocco pu\u00f2 essere riutilizzabile e biodegradabile.<\/p>\n<h2 style=\"text-align: justify;\">Altre applicazioni della nostra fibra di cocco<\/h2>\n<p style=\"text-align: justify;\">Oltre a fornire i substrati di coltivazione in fibra di cocco e alcune miscele relative al servizio dell&#8217;orticoltura, offriamo anche prodotti per scopi non orticoli come lettiere per cavalli, pacciame per parchi giochi, pulizia dell&#8217;olio, ecc.<\/p>\n","protected":false},"excerpt":{"rendered":"<p>Caratteristiche eccezionali dei nostri prodotti Il nostro terreno di coltura biologico in fibra di cocco naturale al 100% \u00e8 un terreno di coltura senza suolo in fibra di cocco ottenuto dalla selezione delle migliori bucce di cocco della provincia di Ben Tre, Vietnam. La nostra fibra di cocco ha una consistenza uniforme, fornendo un buon&#8230;<\/p>\n","protected":false},"author":2,"featured_media":29492,"parent":0,"menu_order":0,"comment_status":"closed","ping_status":"closed","template":"","meta":{"footnotes":""},"yoast_head":"<!-- This site is optimized with the Yoast SEO plugin v22.6 - https:\/\/yoast.com\/wordpress\/plugins\/seo\/ -->\n<title>LA QUALIT\u00c0 DEI NOSTRI PRODOTTI - Coco Coir Global Vietnam<\/title>\n<meta name=\"description\" content=\"Il nostro terreno di coltura biologico in fibra di cocco naturale al 100% \u00e8 un terreno di coltura senza suolo in fibra di cocco ottenuto dalla selezione delle migliori bucce di cocco della provincia di Ben Tre, Vietnam. La nostra fibra di cocco ha una consistenza uniforme, fornendo un buon drenaggio, elevata porosit\u00e0, elevata capacit\u00e0 di ritenzione idrica,\" \/>\n<meta name=\"robots\" content=\"index, follow, max-snippet:-1, max-image-preview:large, max-video-preview:-1\" \/>\n<link rel=\"canonical\" href=\"https:\/\/cococoirglobal.com\/it\/la-qualita-dei-nostri-prodotti\/\" \/>\n<meta property=\"og:locale\" content=\"it_IT\" \/>\n<meta property=\"og:type\" content=\"article\" \/>\n<meta property=\"og:title\" content=\"LA QUALIT\u00c0 DEI NOSTRI PRODOTTI - Coco Coir Global Vietnam\" \/>\n<meta property=\"og:description\" content=\"Il nostro terreno di coltura biologico in fibra di cocco naturale al 100% \u00e8 un terreno di coltura senza suolo in fibra di cocco ottenuto dalla selezione delle migliori bucce di cocco della provincia di Ben Tre, Vietnam. La nostra fibra di cocco ha una consistenza uniforme, fornendo un buon drenaggio, elevata porosit\u00e0, elevata capacit\u00e0 di ritenzione idrica,\" \/>\n<meta property=\"og:url\" content=\"https:\/\/cococoirglobal.com\/it\/la-qualita-dei-nostri-prodotti\/\" \/>\n<meta property=\"og:site_name\" content=\"Coco Coir Global Vietnam\" \/>\n<meta property=\"article:publisher\" content=\"https:\/\/www.facebook.com\/cococoirglobal\/\" \/>\n<meta property=\"og:image\" content=\"https:\/\/cococoirglobal.com\/wp-content\/uploads\/2023\/05\/15-1.jpg\" \/>\n\t<meta property=\"og:image:width\" content=\"1080\" \/>\n\t<meta property=\"og:image:height\" content=\"800\" \/>\n\t<meta property=\"og:image:type\" content=\"image\/jpeg\" \/>\n<meta name=\"twitter:card\" content=\"summary_large_image\" \/>\n<meta name=\"twitter:label1\" content=\"Tempo di lettura stimato\" \/>\n\t<meta name=\"twitter:data1\" content=\"3 minuti\" \/>\n<script type=\"application\/ld+json\" class=\"yoast-schema-graph\">{\"@context\":\"https:\/\/schema.org\",\"@graph\":[{\"@type\":\"WebPage\",\"@id\":\"https:\/\/cococoirglobal.com\/it\/la-qualita-dei-nostri-prodotti\/\",\"url\":\"https:\/\/cococoirglobal.com\/it\/la-qualita-dei-nostri-prodotti\/\",\"name\":\"LA QUALIT\u00c0 DEI NOSTRI PRODOTTI - Coco Coir Global Vietnam\",\"isPartOf\":{\"@id\":\"https:\/\/cococoirglobal.com\/it\/#website\"},\"primaryImageOfPage\":{\"@id\":\"https:\/\/cococoirglobal.com\/it\/la-qualita-dei-nostri-prodotti\/#primaryimage\"},\"image\":{\"@id\":\"https:\/\/cococoirglobal.com\/it\/la-qualita-dei-nostri-prodotti\/#primaryimage\"},\"thumbnailUrl\":\"https:\/\/cococoirglobal.com\/wp-content\/uploads\/2023\/05\/15-1.jpg\",\"datePublished\":\"2023-09-13T04:11:26+00:00\",\"dateModified\":\"2023-09-13T04:11:26+00:00\",\"description\":\"Il nostro terreno di coltura biologico in fibra di cocco naturale al 100% \u00e8 un terreno di coltura senza suolo in fibra di cocco ottenuto dalla selezione delle migliori bucce di cocco della provincia di Ben Tre, Vietnam. La nostra fibra di cocco ha una consistenza uniforme, fornendo un buon drenaggio, elevata porosit\u00e0, elevata capacit\u00e0 di ritenzione idrica,\",\"breadcrumb\":{\"@id\":\"https:\/\/cococoirglobal.com\/it\/la-qualita-dei-nostri-prodotti\/#breadcrumb\"},\"inLanguage\":\"it-IT\",\"potentialAction\":[{\"@type\":\"ReadAction\",\"target\":[\"https:\/\/cococoirglobal.com\/it\/la-qualita-dei-nostri-prodotti\/\"]}]},{\"@type\":\"ImageObject\",\"inLanguage\":\"it-IT\",\"@id\":\"https:\/\/cococoirglobal.com\/it\/la-qualita-dei-nostri-prodotti\/#primaryimage\",\"url\":\"https:\/\/cococoirglobal.com\/wp-content\/uploads\/2023\/05\/15-1.jpg\",\"contentUrl\":\"https:\/\/cococoirglobal.com\/wp-content\/uploads\/2023\/05\/15-1.jpg\",\"width\":1080,\"height\":800},{\"@type\":\"BreadcrumbList\",\"@id\":\"https:\/\/cococoirglobal.com\/it\/la-qualita-dei-nostri-prodotti\/#breadcrumb\",\"itemListElement\":[{\"@type\":\"ListItem\",\"position\":1,\"name\":\"Home\",\"item\":\"https:\/\/cococoirglobal.com\/it\/\"},{\"@type\":\"ListItem\",\"position\":2,\"name\":\"LA QUALIT\u00c0 DEI NOSTRI PRODOTTI\"}]},{\"@type\":\"WebSite\",\"@id\":\"https:\/\/cococoirglobal.com\/it\/#website\",\"url\":\"https:\/\/cococoirglobal.com\/it\/\",\"name\":\"Coco Coir Global\",\"description\":\"The leading manufacturer and supplier of Coco Coir Products!\",\"publisher\":{\"@id\":\"https:\/\/cococoirglobal.com\/it\/#organization\"},\"potentialAction\":[{\"@type\":\"SearchAction\",\"target\":{\"@type\":\"EntryPoint\",\"urlTemplate\":\"https:\/\/cococoirglobal.com\/it\/?s={search_term_string}\"},\"query-input\":\"required name=search_term_string\"}],\"inLanguage\":\"it-IT\"},{\"@type\":\"Organization\",\"@id\":\"https:\/\/cococoirglobal.com\/it\/#organization\",\"name\":\"COCO COIR GLOBAL COMPANY LIMITED\",\"url\":\"https:\/\/cococoirglobal.com\/it\/\",\"logo\":{\"@type\":\"ImageObject\",\"inLanguage\":\"it-IT\",\"@id\":\"https:\/\/cococoirglobal.com\/it\/#\/schema\/logo\/image\/\",\"url\":\"https:\/\/cococoirglobal.com\/wp-content\/uploads\/2023\/05\/Logo-coco-coir.png\",\"contentUrl\":\"https:\/\/cococoirglobal.com\/wp-content\/uploads\/2023\/05\/Logo-coco-coir.png\",\"width\":512,\"height\":512,\"caption\":\"COCO COIR GLOBAL COMPANY LIMITED\"},\"image\":{\"@id\":\"https:\/\/cococoirglobal.com\/it\/#\/schema\/logo\/image\/\"},\"sameAs\":[\"https:\/\/www.facebook.com\/cococoirglobal\/\",\"https:\/\/www.instagram.com\/cococoirglobal\/\",\"https:\/\/www.linkedin.com\/company\/coco-coir-global-company-limited\",\"https:\/\/www.youtube.com\/channel\/UC4Xk-Is93xHrllYZADkM7yQ\"]}]}<\/script>\n<!-- \/ Yoast SEO plugin. -->","yoast_head_json":{"title":"LA QUALIT\u00c0 DEI NOSTRI PRODOTTI - Coco Coir Global Vietnam","description":"Il nostro terreno di coltura biologico in fibra di cocco naturale al 100% \u00e8 un terreno di coltura senza suolo in fibra di cocco ottenuto dalla selezione delle migliori bucce di cocco della provincia di Ben Tre, Vietnam. La nostra fibra di cocco ha una consistenza uniforme, fornendo un buon drenaggio, elevata porosit\u00e0, elevata capacit\u00e0 di ritenzione idrica,","robots":{"index":"index","follow":"follow","max-snippet":"max-snippet:-1","max-image-preview":"max-image-preview:large","max-video-preview":"max-video-preview:-1"},"canonical":"https:\/\/cococoirglobal.com\/it\/la-qualita-dei-nostri-prodotti\/","og_locale":"it_IT","og_type":"article","og_title":"LA QUALIT\u00c0 DEI NOSTRI PRODOTTI - Coco Coir Global Vietnam","og_description":"Il nostro terreno di coltura biologico in fibra di cocco naturale al 100% \u00e8 un terreno di coltura senza suolo in fibra di cocco ottenuto dalla selezione delle migliori bucce di cocco della provincia di Ben Tre, Vietnam. La nostra fibra di cocco ha una consistenza uniforme, fornendo un buon drenaggio, elevata porosit\u00e0, elevata capacit\u00e0 di ritenzione idrica,","og_url":"https:\/\/cococoirglobal.com\/it\/la-qualita-dei-nostri-prodotti\/","og_site_name":"Coco Coir Global Vietnam","article_publisher":"https:\/\/www.facebook.com\/cococoirglobal\/","og_image":[{"width":1080,"height":800,"url":"https:\/\/cococoirglobal.com\/wp-content\/uploads\/2023\/05\/15-1.jpg","type":"image\/jpeg"}],"twitter_card":"summary_large_image","twitter_misc":{"Tempo di lettura stimato":"3 minuti"},"schema":{"@context":"https:\/\/schema.org","@graph":[{"@type":"WebPage","@id":"https:\/\/cococoirglobal.com\/it\/la-qualita-dei-nostri-prodotti\/","url":"https:\/\/cococoirglobal.com\/it\/la-qualita-dei-nostri-prodotti\/","name":"LA QUALIT\u00c0 DEI NOSTRI PRODOTTI - Coco Coir Global Vietnam","isPartOf":{"@id":"https:\/\/cococoirglobal.com\/it\/#website"},"primaryImageOfPage":{"@id":"https:\/\/cococoirglobal.com\/it\/la-qualita-dei-nostri-prodotti\/#primaryimage"},"image":{"@id":"https:\/\/cococoirglobal.com\/it\/la-qualita-dei-nostri-prodotti\/#primaryimage"},"thumbnailUrl":"https:\/\/cococoirglobal.com\/wp-content\/uploads\/2023\/05\/15-1.jpg","datePublished":"2023-09-13T04:11:26+00:00","dateModified":"2023-09-13T04:11:26+00:00","description":"Il nostro terreno di coltura biologico in fibra di cocco naturale al 100% \u00e8 un terreno di coltura senza suolo in fibra di cocco ottenuto dalla selezione delle migliori bucce di cocco della provincia di Ben Tre, Vietnam. La nostra fibra di cocco ha una consistenza uniforme, fornendo un buon drenaggio, elevata porosit\u00e0, elevata capacit\u00e0 di ritenzione idrica,","breadcrumb":{"@id":"https:\/\/cococoirglobal.com\/it\/la-qualita-dei-nostri-prodotti\/#breadcrumb"},"inLanguage":"it-IT","potentialAction":[{"@type":"ReadAction","target":["https:\/\/cococoirglobal.com\/it\/la-qualita-dei-nostri-prodotti\/"]}]},{"@type":"ImageObject","inLanguage":"it-IT","@id":"https:\/\/cococoirglobal.com\/it\/la-qualita-dei-nostri-prodotti\/#primaryimage","url":"https:\/\/cococoirglobal.com\/wp-content\/uploads\/2023\/05\/15-1.jpg","contentUrl":"https:\/\/cococoirglobal.com\/wp-content\/uploads\/2023\/05\/15-1.jpg","width":1080,"height":800},{"@type":"BreadcrumbList","@id":"https:\/\/cococoirglobal.com\/it\/la-qualita-dei-nostri-prodotti\/#breadcrumb","itemListElement":[{"@type":"ListItem","position":1,"name":"Home","item":"https:\/\/cococoirglobal.com\/it\/"},{"@type":"ListItem","position":2,"name":"LA QUALIT\u00c0 DEI NOSTRI PRODOTTI"}]},{"@type":"WebSite","@id":"https:\/\/cococoirglobal.com\/it\/#website","url":"https:\/\/cococoirglobal.com\/it\/","name":"Coco Coir Global","description":"The leading manufacturer and supplier of Coco Coir Products!","publisher":{"@id":"https:\/\/cococoirglobal.com\/it\/#organization"},"potentialAction":[{"@type":"SearchAction","target":{"@type":"EntryPoint","urlTemplate":"https:\/\/cococoirglobal.com\/it\/?s={search_term_string}"},"query-input":"required name=search_term_string"}],"inLanguage":"it-IT"},{"@type":"Organization","@id":"https:\/\/cococoirglobal.com\/it\/#organization","name":"COCO COIR GLOBAL COMPANY LIMITED","url":"https:\/\/cococoirglobal.com\/it\/","logo":{"@type":"ImageObject","inLanguage":"it-IT","@id":"https:\/\/cococoirglobal.com\/it\/#\/schema\/logo\/image\/","url":"https:\/\/cococoirglobal.com\/wp-content\/uploads\/2023\/05\/Logo-coco-coir.png","contentUrl":"https:\/\/cococoirglobal.com\/wp-content\/uploads\/2023\/05\/Logo-coco-coir.png","width":512,"height":512,"caption":"COCO COIR GLOBAL COMPANY LIMITED"},"image":{"@id":"https:\/\/cococoirglobal.com\/it\/#\/schema\/logo\/image\/"},"sameAs":["https:\/\/www.facebook.com\/cococoirglobal\/","https:\/\/www.instagram.com\/cococoirglobal\/","https:\/\/www.linkedin.com\/company\/coco-coir-global-company-limited","https:\/\/www.youtube.com\/channel\/UC4Xk-Is93xHrllYZADkM7yQ"]}]}},"_links":{"self":[{"href":"https:\/\/cococoirglobal.com\/it\/wp-json\/wp\/v2\/pages\/29485"}],"collection":[{"href":"https:\/\/cococoirglobal.com\/it\/wp-json\/wp\/v2\/pages"}],"about":[{"href":"https:\/\/cococoirglobal.com\/it\/wp-json\/wp\/v2\/types\/page"}],"author":[{"embeddable":true,"href":"https:\/\/cococoirglobal.com\/it\/wp-json\/wp\/v2\/users\/2"}],"replies":[{"embeddable":true,"href":"https:\/\/cococoirglobal.com\/it\/wp-json\/wp\/v2\/comments?post=29485"}],"version-history":[{"count":0,"href":"https:\/\/cococoirglobal.com\/it\/wp-json\/wp\/v2\/pages\/29485\/revisions"}],"wp:featuredmedia":[{"embeddable":true,"href":"https:\/\/cococoirglobal.com\/it\/wp-json\/wp\/v2\/media\/29492"}],"wp:attachment":[{"href":"https:\/\/cococoirglobal.com\/it\/wp-json\/wp\/v2\/media?parent=29485"}],"curies":[{"name":"wp","href":"https:\/\/api.w.org\/{rel}","templated":true}]}}