{"id":29445,"date":"2023-09-13T10:53:47","date_gmt":"2023-09-13T03:53:47","guid":{"rendered":"https:\/\/cococoirglobal.com\/?page_id=29445"},"modified":"2023-09-13T10:55:18","modified_gmt":"2023-09-13T03:55:18","slug":"about-us","status":"publish","type":"page","link":"https:\/\/cococoirglobal.com\/it\/about-us\/","title":{"rendered":"About Us Coco Coir Global"},"content":{"rendered":"<p style=\"text-align: justify;\">\t<div class=\"img has-hover banner-full-width x md-x lg-x y md-y lg-y\" id=\"image_1860865934\">\n\t\t\t\t\t\t\t\t<div class=\"img-inner image-cover dark\" style=\"padding-top:400px;\">\n\t\t\t<img width=\"800\" height=\"571\" src=\"https:\/\/cococoirglobal.com\/wp-content\/uploads\/2021\/08\/5-1.jpg\" class=\"attachment-large size-large\" alt=\"\" decoding=\"async\" loading=\"lazy\" srcset=\"https:\/\/cococoirglobal.com\/wp-content\/uploads\/2021\/08\/5-1.jpg 1500w, https:\/\/cococoirglobal.com\/wp-content\/uploads\/2021\/08\/5-1-510x364.jpg 510w\" sizes=\"(max-width: 800px) 100vw, 800px\" \/>\t\t\t\t\t\t\n\t\t\t\t\t<\/div>\n\t\t\t\t\t\t\t\t\n<style>\n#image_1860865934 {\n  width: 100%;\n}\n<\/style>\n\t<\/div>\n\t\n<p style=\"text-align: justify;\">\t<section class=\"section\" id=\"section_159669690\">\n\t\t<div class=\"bg section-bg fill bg-fill  bg-loaded\" >\n\n\t\t\t\n\t\t\t\n\t\t\t\n\n\t\t<\/div>\n\n\t\t\n\n\t\t<div class=\"section-content relative\">\n\t\t\t\n<p style=\"text-align: justify;\"><div class=\"row row-small align-middle align-center\"  id=\"row-335645092\">\n<p style=\"text-align: justify;\">\n\t<div id=\"col-472847026\" class=\"col small-12 large-12\"  >\n\t\t\t\t<div class=\"col-inner\"  >\n\t\t\t\n\t\t\t\n<p style=\"text-align: justify;\">\n<p style=\"text-align: justify;\"><span><span><a href=\"https:\/\/cococoirglobal.com\/it\/\">Home<\/a><\/span><\/span>\n\n\t<div id=\"text-616916817\" class=\"text\">\n\t\t\n<h1 style=\"text-align: justify;\">Chi siamo Coco Coir Global<\/h1>\n<p style=\"text-align: justify;\">\t\t\n<style>\n#text-616916817 {\n  font-size: 1.3rem;\n  text-align: center;\n}\n@media (min-width:550px) {\n  #text-616916817 {\n    font-size: 1.8rem;\n  }\n}\n<\/style>\n\t<\/div>\n\t\n<p style=\"text-align: justify;\">\t\t<\/div>\n\t\t\t\t\t<\/div>\n\n\t\n\n\t<div id=\"col-1071300943\" class=\"col medium-4 small-12 large-4\"  >\n\t\t\t\t<div class=\"col-inner\"  >\n\t\t\t\n\t\t\t\n<p style=\"text-align: justify;\">\t<div class=\"box has-hover   has-hover box-text-bottom\" >\n\n\t\t<div class=\"box-image\" >\n\t\t\t\t\t\t<div class=\"\" >\n\t\t\t\t<img width=\"1080\" height=\"1080\" src=\"https:\/\/cococoirglobal.com\/wp-content\/uploads\/2023\/05\/2.jpg\" class=\"attachment- size-\" alt=\"Chairman Ho Chi Cuong\" decoding=\"async\" loading=\"lazy\" srcset=\"https:\/\/cococoirglobal.com\/wp-content\/uploads\/2023\/05\/2.jpg 1080w, https:\/\/cococoirglobal.com\/wp-content\/uploads\/2023\/05\/2-300x300.jpg 300w, https:\/\/cococoirglobal.com\/wp-content\/uploads\/2023\/05\/2-1024x1024.jpg 1024w, https:\/\/cococoirglobal.com\/wp-content\/uploads\/2023\/05\/2-150x150.jpg 150w, https:\/\/cococoirglobal.com\/wp-content\/uploads\/2023\/05\/2-768x768.jpg 768w, https:\/\/cococoirglobal.com\/wp-content\/uploads\/2023\/05\/2-510x510.jpg 510w, https:\/\/cococoirglobal.com\/wp-content\/uploads\/2023\/05\/2-100x100.jpg 100w\" sizes=\"(max-width: 1080px) 100vw, 1080px\" \/>\t\t\t\t\t\t\t\t\t\t\t<\/div>\n\t\t\t\t\t<\/div>\n\n\t\t<div class=\"box-text text-center\" >\n\t\t\t<div class=\"box-text-inner\">\n\t\t\t\t\n<p class=\"h2 heading-font\" style=\"text-align: justify;\">Owner\/President: Ho Chi Cuong<\/p>\n<p style=\"text-align: justify;\">\t\t\t<\/div>\n\t\t<\/div>\n\t<\/div>\n\t\n<p style=\"text-align: justify;\">\t\t<\/div>\n\t\t\t\t\t<\/div>\n\n\t\n\n\t<div id=\"col-142729985\" class=\"col medium-8 small-12 large-8\"  >\n\t\t\t\t<div class=\"col-inner\"  >\n\t\t\t\n\t\t\t\n<p style=\"text-align: justify;\">\t<div id=\"text-4065574287\" class=\"text\">\n\t\t\n<p style=\"text-align: justify;\"><em>\u201cAmiamo i prodotti che produciamo e amiamo il nostro lavoro. Il nostro personale \u00e8 professionale, ben addestrato e creativo per fornire prodotti della massima qualit\u00e0. Stiamo cercando di diventare il pi\u00f9 grande produttore, fornitore ed esportatore globale di fibra di cocco di alta qualit\u00e0 in Vietnam\u201d<\/em><\/p>\n<p style=\"text-align: justify;\">\t\t\n<style>\n#text-4065574287 {\n  font-size: 1.2rem;\n}\n<\/style>\n\t<\/div>\n\t\n<p style=\"text-align: justify;\">\t\t<\/div>\n\t\t\t\t\t<\/div>\n\n\t\n\n\t<div id=\"col-909076634\" class=\"col small-12 large-12\"  >\n\t\t\t\t<div class=\"col-inner\"  >\n\t\t\t\n\t\t\t\n<h2 class=\"text-center\" style=\"text-align: justify;\">La nostra storia<\/h2>\n<p>Essendo uno dei principali e prestigiosi produttori di fibra di cocco del Vietnam, Coco Coir Global ha un processo di produzione unico ed esclusivo che ci distingue. I nostri prodotti di qualit\u00e0 superiore hanno molteplici usi e sono molto apprezzati dai clienti di tutto il mondo, in particolare nell&#8217;orticoltura e nella coltivazione.<\/p>\n<p>La nostra fabbrica ha impianti di produzione situati nella provincia di Ben Tre nel Delta del Mekong, in Vietnam, conosciuta come la terra degli alberi di cocco. Intorno alla nostra fabbrica c&#8217;\u00e8 sempre verde terreno di alberi di cocco. Selezioniamo il miglior materiale di buccia di cocco per la produzione dei substrati di coltivazione in fibra di cocco della nostra fabbrica.<\/p>\n<blockquote><p><strong>Coco Coir Global<\/strong> possiede<strong> 5 ettari, equivalenti a 12 acri<\/strong> di terreno nella provincia di Ben Tre, in Vietnam. La fabbrica \u00e8 ben attrezzata con attrezzature di produzione. Abbiamo quasi 100 dipendenti, lavoriamo a tempo pieno in fabbrica. La fabbrica dispone di laboratori interni di ricerca e sviluppo e di qualit\u00e0. La fabbrica ha creato un&#8217;ampia rete di fornitori qualificati di materie prime di buccia di cocco.<\/p><\/blockquote>\n<p>Produciamo substrati di coltivazione in fibra di cocco biologica di alta qualit\u00e0 per l&#8217;orticoltura, la coltivazione e l&#8217;idroponica professionali in tutto il mondo che soddisfano i pi\u00f9 elevati standard di settore dei substrati in fibra di cocco. Il nostro terreno di coltivazione fuori suolo Coco Coir \u00e8 un&#8217;eccellente applicazione per la coltivazione di cannabis medicinale e cannabis ricreativa, verdure, bacche, frutta, fiori recisi, fiori, lettiere per rettili<\/p>\n<p style=\"text-align: justify;\">\t\t<\/div>\n\t\t\t\t\t<\/div>\n\n\t\n<p style=\"text-align: justify;\"><\/div>\n<div class=\"row row-small align-middle align-center\"  id=\"row-1302567842\">\n<p style=\"text-align: justify;\">\n\t<div id=\"col-1345821075\" class=\"col medium-6 small-12 large-6\"  >\n\t\t\t\t<div class=\"col-inner\"  >\n\t\t\t\n\t\t\t\n<h2 style=\"text-align: justify;\">La nostra storia<\/h2>\n<p style=\"text-align: justify;\">Siamo il pi\u00f9 grande fornitore ed esportatore di Coco Coir Grow Medium dal Vietnam. I nostri clienti sono principalmente aziende e aziende rispettabili, ovvero Wineco, Dalat Hasfarm, ecc. Abbiamo iniziato ad esportare prodotti dal 2018. I nostri mercati di esportazione ora includono: Australia, Giappone, Corea, ecc. Stiamo espandendo le nostre vendite nel mercato del Nord America.<\/p>\n<p style=\"text-align: justify;\">\t\t<\/div>\n\t\t\t\t\t<\/div>\n\n\t\n\n\t<div id=\"col-1221593856\" class=\"col medium-6 small-12 large-6\"  >\n\t\t\t\t<div class=\"col-inner\"  >\n\t\t\t\n\t\t\t\n<p style=\"text-align: justify;\">\t<div class=\"img has-hover x md-x lg-x y md-y lg-y\" id=\"image_367577540\">\n\t\t\t\t\t\t\t\t<div class=\"img-inner dark\" >\n\t\t\t<img width=\"800\" height=\"800\" src=\"https:\/\/cococoirglobal.com\/wp-content\/uploads\/2023\/05\/our-story.jpg\" class=\"attachment-large size-large\" alt=\"our story\" decoding=\"async\" loading=\"lazy\" srcset=\"https:\/\/cococoirglobal.com\/wp-content\/uploads\/2023\/05\/our-story.jpg 800w, https:\/\/cococoirglobal.com\/wp-content\/uploads\/2023\/05\/our-story-300x300.jpg 300w, https:\/\/cococoirglobal.com\/wp-content\/uploads\/2023\/05\/our-story-150x150.jpg 150w, https:\/\/cococoirglobal.com\/wp-content\/uploads\/2023\/05\/our-story-768x768.jpg 768w, https:\/\/cococoirglobal.com\/wp-content\/uploads\/2023\/05\/our-story-510x510.jpg 510w, https:\/\/cococoirglobal.com\/wp-content\/uploads\/2023\/05\/our-story-100x100.jpg 100w\" sizes=\"(max-width: 800px) 100vw, 800px\" \/>\t\t\t\t\t\t\n\t\t\t\t\t<\/div>\n\t\t\t\t\t\t\t\t\n<style>\n#image_367577540 {\n  width: 100%;\n}\n<\/style>\n\t<\/div>\n\t\n<p style=\"text-align: justify;\">\t\t<\/div>\n\t\t\t\t\t<\/div>\n\n\t\n<p style=\"text-align: justify;\"><\/div>\n<div class=\"row row-small align-middle align-center\"  id=\"row-877362569\">\n<p style=\"text-align: justify;\">\n\t<div id=\"col-735176015\" class=\"col medium-6 small-12 large-6\"  >\n\t\t\t\t<div class=\"col-inner\"  >\n\t\t\t\n\t\t\t\n<p style=\"text-align: justify;\">\t<div class=\"img has-hover x md-x lg-x y md-y lg-y\" id=\"image_1939404866\">\n\t\t\t\t\t\t\t\t<div class=\"img-inner dark\" >\n\t\t\t<img width=\"800\" height=\"800\" src=\"https:\/\/cococoirglobal.com\/wp-content\/uploads\/2023\/05\/5.jpg\" class=\"attachment-large size-large\" alt=\"\" decoding=\"async\" loading=\"lazy\" srcset=\"https:\/\/cococoirglobal.com\/wp-content\/uploads\/2023\/05\/5.jpg 800w, https:\/\/cococoirglobal.com\/wp-content\/uploads\/2023\/05\/5-300x300.jpg 300w, https:\/\/cococoirglobal.com\/wp-content\/uploads\/2023\/05\/5-150x150.jpg 150w, https:\/\/cococoirglobal.com\/wp-content\/uploads\/2023\/05\/5-768x768.jpg 768w, https:\/\/cococoirglobal.com\/wp-content\/uploads\/2023\/05\/5-510x510.jpg 510w, https:\/\/cococoirglobal.com\/wp-content\/uploads\/2023\/05\/5-100x100.jpg 100w\" sizes=\"(max-width: 800px) 100vw, 800px\" \/>\t\t\t\t\t\t\n\t\t\t\t\t<\/div>\n\t\t\t\t\t\t\t\t\n<style>\n#image_1939404866 {\n  width: 100%;\n}\n<\/style>\n\t<\/div>\n\t\n<p style=\"text-align: justify;\">\t\t<\/div>\n\t\t\t\t\t<\/div>\n\n\t\n\n\t<div id=\"col-2049547395\" class=\"col medium-col-first medium-6 small-12 large-6\"  >\n\t\t\t\t<div class=\"col-inner\"  >\n\t\t\t\n\t\t\t\n<h2 style=\"text-align: justify;\">Controllo di qualit\u00e0<\/h2>\n<p style=\"text-align: justify;\">Il nostro controllo in fabbrica dei processi di produzione della fibra di cocco garantisce una qualit\u00e0 costante attraverso i registri di qualit\u00e0, i lotti dei viaggiatori e i numeri dei lotti di produzione. Utilizziamo questi processi per controllare la qualit\u00e0 e gestire la tracciabilit\u00e0 dei prodotti dalla fonte al prodotto finito.<\/p>\n<p style=\"text-align: justify;\">\t\t<\/div>\n\t\t\t\t\t<\/div>\n\n\t\n<p style=\"text-align: justify;\"><\/div>\n<div class=\"row row-small align-middle align-center\"  id=\"row-1361514954\">\n<p style=\"text-align: justify;\">\n\t<div id=\"col-971095201\" class=\"col medium-6 small-12 large-6\"  >\n\t\t\t\t<div class=\"col-inner\"  >\n\t\t\t\n\t\t\t\n<h2 style=\"text-align: justify;\">Certificato biologico<\/h2>\n<p style=\"text-align: justify;\">Siamo una delle pochissime fabbriche di Coco Coir Grow Media in Vietnam ad avere la certificazione <strong>ISO 9001: 2015<\/strong> e l&#8217;unica finora ad avere la certificazione biologica OMRI.<\/p>\n<p style=\"text-align: justify;\">\t\t<\/div>\n\t\t\t\t\t<\/div>\n\n\t\n\n\t<div id=\"col-194957290\" class=\"col medium-6 small-12 large-6\"  >\n\t\t\t\t<div class=\"col-inner\"  >\n\t\t\t\n\t\t\t\n<p style=\"text-align: justify;\">\t<div class=\"img has-hover x md-x lg-x y md-y lg-y\" id=\"image_1833141297\">\n\t\t\t\t\t\t\t\t<div class=\"img-inner dark\" >\n\t\t\t<img width=\"800\" height=\"800\" src=\"https:\/\/cococoirglobal.com\/wp-content\/uploads\/2023\/05\/certified.png\" class=\"attachment-large size-large\" alt=\"OMRI Listed certified\" decoding=\"async\" loading=\"lazy\" srcset=\"https:\/\/cococoirglobal.com\/wp-content\/uploads\/2023\/05\/certified.png 800w, https:\/\/cococoirglobal.com\/wp-content\/uploads\/2023\/05\/certified-300x300.png 300w, https:\/\/cococoirglobal.com\/wp-content\/uploads\/2023\/05\/certified-150x150.png 150w, https:\/\/cococoirglobal.com\/wp-content\/uploads\/2023\/05\/certified-768x768.png 768w, https:\/\/cococoirglobal.com\/wp-content\/uploads\/2023\/05\/certified-510x510.png 510w, https:\/\/cococoirglobal.com\/wp-content\/uploads\/2023\/05\/certified-100x100.png 100w\" sizes=\"(max-width: 800px) 100vw, 800px\" \/>\t\t\t\t\t\t\n\t\t\t\t\t<\/div>\n\t\t\t\t\t\t\t\t\n<style>\n#image_1833141297 {\n  width: 100%;\n}\n<\/style>\n\t<\/div>\n\t\n<p style=\"text-align: justify;\">\t\t<\/div>\n\t\t\t\t\t<\/div>\n\n\t\n<p style=\"text-align: justify;\"><\/div>\n<p style=\"text-align: justify;\">\t\t<\/div>\n\n\t\t\n<style>\n#section_159669690 {\n  padding-top: 30px;\n  padding-bottom: 30px;\n}\n#section_159669690 .ux-shape-divider--top svg {\n  height: 150px;\n  --divider-top-width: 100%;\n}\n#section_159669690 .ux-shape-divider--bottom svg {\n  height: 150px;\n  --divider-width: 100%;\n}\n<\/style>\n\t<\/section>\n\t\n","protected":false},"excerpt":{"rendered":"","protected":false},"author":2,"featured_media":29465,"parent":0,"menu_order":0,"comment_status":"closed","ping_status":"closed","template":"","meta":{"footnotes":""},"yoast_head":"<!-- This site is optimized with the Yoast SEO plugin v22.6 - https:\/\/yoast.com\/wordpress\/plugins\/seo\/ -->\n<title>Chi siamo Coco Coir Global<\/title>\n<meta name=\"description\" content=\"Essendo uno dei principali e prestigiosi produttori di fibra di cocco del Vietnam, Coco Coir Global ha un processo di produzione unico ed esclusivo che ci distingue. I nostri prodotti di qualit\u00e0 superiore hanno molteplici usi e sono molto apprezzati dai clienti di tutto il mondo, in particolare nell&#039;orticoltura e nella coltivazione.\" \/>\n<meta name=\"robots\" content=\"index, follow, max-snippet:-1, max-image-preview:large, max-video-preview:-1\" \/>\n<link rel=\"canonical\" href=\"https:\/\/cococoirglobal.com\/it\/about-us\/\" \/>\n<meta property=\"og:locale\" content=\"it_IT\" \/>\n<meta property=\"og:type\" content=\"article\" \/>\n<meta property=\"og:title\" content=\"Chi siamo Coco Coir Global\" \/>\n<meta property=\"og:description\" content=\"Essendo uno dei principali e prestigiosi produttori di fibra di cocco del Vietnam, Coco Coir Global ha un processo di produzione unico ed esclusivo che ci distingue. I nostri prodotti di qualit\u00e0 superiore hanno molteplici usi e sono molto apprezzati dai clienti di tutto il mondo, in particolare nell&#039;orticoltura e nella coltivazione.\" \/>\n<meta property=\"og:url\" content=\"https:\/\/cococoirglobal.com\/it\/about-us\/\" \/>\n<meta property=\"og:site_name\" content=\"Coco Coir Global Vietnam\" \/>\n<meta property=\"article:publisher\" content=\"https:\/\/www.facebook.com\/cococoirglobal\/\" \/>\n<meta property=\"article:modified_time\" content=\"2023-09-13T03:55:18+00:00\" \/>\n<meta property=\"og:image\" content=\"https:\/\/cococoirglobal.com\/wp-content\/uploads\/2023\/05\/Banner-3.jpg\" \/>\n\t<meta property=\"og:image:width\" content=\"1350\" \/>\n\t<meta property=\"og:image:height\" content=\"500\" \/>\n\t<meta property=\"og:image:type\" content=\"image\/jpeg\" \/>\n<meta name=\"twitter:card\" content=\"summary_large_image\" \/>\n<meta name=\"twitter:label1\" content=\"Tempo di lettura stimato\" \/>\n\t<meta name=\"twitter:data1\" content=\"3 minuti\" \/>\n<script type=\"application\/ld+json\" class=\"yoast-schema-graph\">{\"@context\":\"https:\/\/schema.org\",\"@graph\":[{\"@type\":\"WebPage\",\"@id\":\"https:\/\/cococoirglobal.com\/it\/about-us\/\",\"url\":\"https:\/\/cococoirglobal.com\/it\/about-us\/\",\"name\":\"Chi siamo Coco Coir Global\",\"isPartOf\":{\"@id\":\"https:\/\/cococoirglobal.com\/it\/#website\"},\"primaryImageOfPage\":{\"@id\":\"https:\/\/cococoirglobal.com\/it\/about-us\/#primaryimage\"},\"image\":{\"@id\":\"https:\/\/cococoirglobal.com\/it\/about-us\/#primaryimage\"},\"thumbnailUrl\":\"https:\/\/cococoirglobal.com\/wp-content\/uploads\/2023\/05\/Banner-3.jpg\",\"datePublished\":\"2023-09-13T03:53:47+00:00\",\"dateModified\":\"2023-09-13T03:55:18+00:00\",\"description\":\"Essendo uno dei principali e prestigiosi produttori di fibra di cocco del Vietnam, Coco Coir Global ha un processo di produzione unico ed esclusivo che ci distingue. I nostri prodotti di qualit\u00e0 superiore hanno molteplici usi e sono molto apprezzati dai clienti di tutto il mondo, in particolare nell'orticoltura e nella coltivazione.\",\"breadcrumb\":{\"@id\":\"https:\/\/cococoirglobal.com\/it\/about-us\/#breadcrumb\"},\"inLanguage\":\"it-IT\",\"potentialAction\":[{\"@type\":\"ReadAction\",\"target\":[\"https:\/\/cococoirglobal.com\/it\/about-us\/\"]}]},{\"@type\":\"ImageObject\",\"inLanguage\":\"it-IT\",\"@id\":\"https:\/\/cococoirglobal.com\/it\/about-us\/#primaryimage\",\"url\":\"https:\/\/cococoirglobal.com\/wp-content\/uploads\/2023\/05\/Banner-3.jpg\",\"contentUrl\":\"https:\/\/cococoirglobal.com\/wp-content\/uploads\/2023\/05\/Banner-3.jpg\",\"width\":1350,\"height\":500},{\"@type\":\"BreadcrumbList\",\"@id\":\"https:\/\/cococoirglobal.com\/it\/about-us\/#breadcrumb\",\"itemListElement\":[{\"@type\":\"ListItem\",\"position\":1,\"name\":\"Home\",\"item\":\"https:\/\/cococoirglobal.com\/it\/\"},{\"@type\":\"ListItem\",\"position\":2,\"name\":\"About Us Coco Coir Global\"}]},{\"@type\":\"WebSite\",\"@id\":\"https:\/\/cococoirglobal.com\/it\/#website\",\"url\":\"https:\/\/cococoirglobal.com\/it\/\",\"name\":\"Coco Coir Global\",\"description\":\"The leading manufacturer and supplier of Coco Coir Products!\",\"publisher\":{\"@id\":\"https:\/\/cococoirglobal.com\/it\/#organization\"},\"potentialAction\":[{\"@type\":\"SearchAction\",\"target\":{\"@type\":\"EntryPoint\",\"urlTemplate\":\"https:\/\/cococoirglobal.com\/it\/?s={search_term_string}\"},\"query-input\":\"required name=search_term_string\"}],\"inLanguage\":\"it-IT\"},{\"@type\":\"Organization\",\"@id\":\"https:\/\/cococoirglobal.com\/it\/#organization\",\"name\":\"COCO COIR GLOBAL COMPANY LIMITED\",\"url\":\"https:\/\/cococoirglobal.com\/it\/\",\"logo\":{\"@type\":\"ImageObject\",\"inLanguage\":\"it-IT\",\"@id\":\"https:\/\/cococoirglobal.com\/it\/#\/schema\/logo\/image\/\",\"url\":\"https:\/\/cococoirglobal.com\/wp-content\/uploads\/2023\/05\/Logo-coco-coir.png\",\"contentUrl\":\"https:\/\/cococoirglobal.com\/wp-content\/uploads\/2023\/05\/Logo-coco-coir.png\",\"width\":512,\"height\":512,\"caption\":\"COCO COIR GLOBAL COMPANY LIMITED\"},\"image\":{\"@id\":\"https:\/\/cococoirglobal.com\/it\/#\/schema\/logo\/image\/\"},\"sameAs\":[\"https:\/\/www.facebook.com\/cococoirglobal\/\",\"https:\/\/www.instagram.com\/cococoirglobal\/\",\"https:\/\/www.linkedin.com\/company\/coco-coir-global-company-limited\",\"https:\/\/www.youtube.com\/channel\/UC4Xk-Is93xHrllYZADkM7yQ\"]}]}<\/script>\n<!-- \/ Yoast SEO plugin. -->","yoast_head_json":{"title":"Chi siamo Coco Coir Global","description":"Essendo uno dei principali e prestigiosi produttori di fibra di cocco del Vietnam, Coco Coir Global ha un processo di produzione unico ed esclusivo che ci distingue. I nostri prodotti di qualit\u00e0 superiore hanno molteplici usi e sono molto apprezzati dai clienti di tutto il mondo, in particolare nell'orticoltura e nella coltivazione.","robots":{"index":"index","follow":"follow","max-snippet":"max-snippet:-1","max-image-preview":"max-image-preview:large","max-video-preview":"max-video-preview:-1"},"canonical":"https:\/\/cococoirglobal.com\/it\/about-us\/","og_locale":"it_IT","og_type":"article","og_title":"Chi siamo Coco Coir Global","og_description":"Essendo uno dei principali e prestigiosi produttori di fibra di cocco del Vietnam, Coco Coir Global ha un processo di produzione unico ed esclusivo che ci distingue. I nostri prodotti di qualit\u00e0 superiore hanno molteplici usi e sono molto apprezzati dai clienti di tutto il mondo, in particolare nell'orticoltura e nella coltivazione.","og_url":"https:\/\/cococoirglobal.com\/it\/about-us\/","og_site_name":"Coco Coir Global Vietnam","article_publisher":"https:\/\/www.facebook.com\/cococoirglobal\/","article_modified_time":"2023-09-13T03:55:18+00:00","og_image":[{"width":1350,"height":500,"url":"https:\/\/cococoirglobal.com\/wp-content\/uploads\/2023\/05\/Banner-3.jpg","type":"image\/jpeg"}],"twitter_card":"summary_large_image","twitter_misc":{"Tempo di lettura stimato":"3 minuti"},"schema":{"@context":"https:\/\/schema.org","@graph":[{"@type":"WebPage","@id":"https:\/\/cococoirglobal.com\/it\/about-us\/","url":"https:\/\/cococoirglobal.com\/it\/about-us\/","name":"Chi siamo Coco Coir Global","isPartOf":{"@id":"https:\/\/cococoirglobal.com\/it\/#website"},"primaryImageOfPage":{"@id":"https:\/\/cococoirglobal.com\/it\/about-us\/#primaryimage"},"image":{"@id":"https:\/\/cococoirglobal.com\/it\/about-us\/#primaryimage"},"thumbnailUrl":"https:\/\/cococoirglobal.com\/wp-content\/uploads\/2023\/05\/Banner-3.jpg","datePublished":"2023-09-13T03:53:47+00:00","dateModified":"2023-09-13T03:55:18+00:00","description":"Essendo uno dei principali e prestigiosi produttori di fibra di cocco del Vietnam, Coco Coir Global ha un processo di produzione unico ed esclusivo che ci distingue. I nostri prodotti di qualit\u00e0 superiore hanno molteplici usi e sono molto apprezzati dai clienti di tutto il mondo, in particolare nell'orticoltura e nella coltivazione.","breadcrumb":{"@id":"https:\/\/cococoirglobal.com\/it\/about-us\/#breadcrumb"},"inLanguage":"it-IT","potentialAction":[{"@type":"ReadAction","target":["https:\/\/cococoirglobal.com\/it\/about-us\/"]}]},{"@type":"ImageObject","inLanguage":"it-IT","@id":"https:\/\/cococoirglobal.com\/it\/about-us\/#primaryimage","url":"https:\/\/cococoirglobal.com\/wp-content\/uploads\/2023\/05\/Banner-3.jpg","contentUrl":"https:\/\/cococoirglobal.com\/wp-content\/uploads\/2023\/05\/Banner-3.jpg","width":1350,"height":500},{"@type":"BreadcrumbList","@id":"https:\/\/cococoirglobal.com\/it\/about-us\/#breadcrumb","itemListElement":[{"@type":"ListItem","position":1,"name":"Home","item":"https:\/\/cococoirglobal.com\/it\/"},{"@type":"ListItem","position":2,"name":"About Us Coco Coir Global"}]},{"@type":"WebSite","@id":"https:\/\/cococoirglobal.com\/it\/#website","url":"https:\/\/cococoirglobal.com\/it\/","name":"Coco Coir Global","description":"The leading manufacturer and supplier of Coco Coir Products!","publisher":{"@id":"https:\/\/cococoirglobal.com\/it\/#organization"},"potentialAction":[{"@type":"SearchAction","target":{"@type":"EntryPoint","urlTemplate":"https:\/\/cococoirglobal.com\/it\/?s={search_term_string}"},"query-input":"required name=search_term_string"}],"inLanguage":"it-IT"},{"@type":"Organization","@id":"https:\/\/cococoirglobal.com\/it\/#organization","name":"COCO COIR GLOBAL COMPANY LIMITED","url":"https:\/\/cococoirglobal.com\/it\/","logo":{"@type":"ImageObject","inLanguage":"it-IT","@id":"https:\/\/cococoirglobal.com\/it\/#\/schema\/logo\/image\/","url":"https:\/\/cococoirglobal.com\/wp-content\/uploads\/2023\/05\/Logo-coco-coir.png","contentUrl":"https:\/\/cococoirglobal.com\/wp-content\/uploads\/2023\/05\/Logo-coco-coir.png","width":512,"height":512,"caption":"COCO COIR GLOBAL COMPANY LIMITED"},"image":{"@id":"https:\/\/cococoirglobal.com\/it\/#\/schema\/logo\/image\/"},"sameAs":["https:\/\/www.facebook.com\/cococoirglobal\/","https:\/\/www.instagram.com\/cococoirglobal\/","https:\/\/www.linkedin.com\/company\/coco-coir-global-company-limited","https:\/\/www.youtube.com\/channel\/UC4Xk-Is93xHrllYZADkM7yQ"]}]}},"_links":{"self":[{"href":"https:\/\/cococoirglobal.com\/it\/wp-json\/wp\/v2\/pages\/29445"}],"collection":[{"href":"https:\/\/cococoirglobal.com\/it\/wp-json\/wp\/v2\/pages"}],"about":[{"href":"https:\/\/cococoirglobal.com\/it\/wp-json\/wp\/v2\/types\/page"}],"author":[{"embeddable":true,"href":"https:\/\/cococoirglobal.com\/it\/wp-json\/wp\/v2\/users\/2"}],"replies":[{"embeddable":true,"href":"https:\/\/cococoirglobal.com\/it\/wp-json\/wp\/v2\/comments?post=29445"}],"version-history":[{"count":0,"href":"https:\/\/cococoirglobal.com\/it\/wp-json\/wp\/v2\/pages\/29445\/revisions"}],"wp:featuredmedia":[{"embeddable":true,"href":"https:\/\/cococoirglobal.com\/it\/wp-json\/wp\/v2\/media\/29465"}],"wp:attachment":[{"href":"https:\/\/cococoirglobal.com\/it\/wp-json\/wp\/v2\/media?parent=29445"}],"curies":[{"name":"wp","href":"https:\/\/api.w.org\/{rel}","templated":true}]}}