{"id":33018,"date":"2023-08-24T10:55:13","date_gmt":"2023-08-24T03:55:13","guid":{"rendered":"https:\/\/cococoirglobal.com\/?post_type=product&#038;p=33018"},"modified":"2025-04-24T00:40:11","modified_gmt":"2025-04-23T17:40:11","slug":"cascara-de-coco","status":"publish","type":"product","link":"https:\/\/cococoirglobal.com\/es\/product\/cascara-de-coco\/","title":{"rendered":"C\u00e1scara de coco"},"content":{"rendered":"<p><span style=\"font-weight: 400;\">En<\/span><b>Fibra de coco global<\/b><span style=\"font-weight: 400;\">, nos enorgullecemos de presentar una amplia gama de productos superiores meticulosamente dise\u00f1ados para atender a un espectro diverso de clientes, centr\u00e1ndonos predominantemente en<\/span><b>Empresas B2B<\/b><span style=\"font-weight: 400;\">, cada uno con sus requisitos \u00fanicos.<\/span><\/p>\n<blockquote><p><span style=\"font-weight: 400;\">Nuestros sustratos de fibra de coco de alta calidad son<\/span><b>muy elogiado por los laboratorios<\/b><span style=\"font-weight: 400;\"> tanto en Vietnam como en Estados Unidos, e incluso<\/span><b>Listado OMRI para uso org\u00e1nico.<\/b><span style=\"font-weight: 400;\">. Con un<\/span><b>Gran f\u00e1brica y env\u00edo global.<\/b><span style=\"font-weight: 400;\">, garantizamos un suministro ininterrumpido manteniendo al mismo tiempo una calidad constante del producto. Adem\u00e1s, tenemos la capacidad de<\/span><b>personalizar productos<\/b><span style=\"font-weight: 400;\"> para cumplir con especificaciones individualizadas, adaptadas a una variedad de usos previstos por el cliente.<\/span><\/p><\/blockquote>\n<p><span style=\"font-weight: 400;\">Adem\u00e1s, contamos con una probada<\/span><b>trayectoria de exportaci\u00f3n<\/b><span style=\"font-weight: 400;\"> nuestros productos a un<\/span><b>n\u00famero de pa\u00edses<\/b><span style=\"font-weight: 400;\">en todo el mundo y los testimonios de nuestros socios nos convierten en un proveedor potencial y confiable. Estamos dedicados a brindar a los clientes la<\/span><b>Los mejores productos de coco<\/b><span style=\"font-weight: 400;\">, que contribuyen a su \u00e9xito en el cultivo.<\/span><\/p>\n<p><span style=\"font-weight: 400;\">La c\u00e1scara de coco, la fibra de coco o simplemente la fibra de coco, proporciona una soluci\u00f3n de jardiner\u00eda vers\u00e1til y ecol\u00f3gica. Sus excepcionales cualidades de retenci\u00f3n de agua y aireaci\u00f3n garantizan una hidrataci\u00f3n \u00f3ptima de las plantas y la salud de las ra\u00edces. Por su naturaleza biodegradable, la c\u00e1scara de coco promueve la sostenibilidad en las pr\u00e1cticas de jardiner\u00eda. Como recurso renovable, la c\u00e1scara de coco se alinea con la jardiner\u00eda ecol\u00f3gica, lo que la convierte en una opci\u00f3n valiosa tanto para aficionados como para profesionales.<\/span><\/p>\n<p><b>*Condici\u00f3n de almacenamiento<\/b><span style=\"font-weight: 400;\">: Lugar seco y fresco.<\/span><\/p>\n<p><a href=\"https:\/\/cococoirglobal.com\/es\/?attachment_id=32390#main\" rel=\"attachment wp-att-32390\"><img decoding=\"async\" loading=\"lazy\" class=\"size-full wp-image-32390 aligncenter\" src=\"https:\/\/cococoirglobal.com\/wp-content\/uploads\/2023\/08\/Chips.png\" alt=\"Coco Chips\" width=\"1080\" height=\"800\" srcset=\"https:\/\/cococoirglobal.com\/wp-content\/uploads\/2023\/08\/Chips.png 1080w, https:\/\/cococoirglobal.com\/wp-content\/uploads\/2023\/08\/Chips-800x593.png 800w, https:\/\/cococoirglobal.com\/wp-content\/uploads\/2023\/08\/Chips-768x569.png 768w, https:\/\/cococoirglobal.com\/wp-content\/uploads\/2023\/08\/Chips-510x378.png 510w\" sizes=\"(max-width: 1080px) 100vw, 1080px\" \/><\/a><\/p>\n<h2><b>Caracter\u00edsticas de la c\u00e1scara de coco<\/b><\/h2>\n<ul>\n<li style=\"font-weight: 400;\" aria-level=\"1\"><span style=\"font-weight: 400;\">Sustrato org\u00e1nico, biodegradable y respetuoso con el medio ambiente<\/span><\/li>\n<li style=\"font-weight: 400;\" aria-level=\"1\"><span style=\"font-weight: 400;\">Niveles de EC muy bajos y pH neutro que est\u00e1n optimizados para el crecimiento ideal de varias plantas.<\/span><\/li>\n<li style=\"font-weight: 400;\" aria-level=\"1\"><span style=\"font-weight: 400;\">Sales notablemente bajas de potasio y sodio.<\/span><\/li>\n<li style=\"font-weight: 400;\" aria-level=\"1\"><span style=\"font-weight: 400;\">Residuos insignificantes de metales pesados \u200b\u200by pesticidas.<\/span><\/li>\n<li style=\"font-weight: 400;\" aria-level=\"1\"><span style=\"font-weight: 400;\">La alta porosidad llena de aire (AFP) proporciona una buena estructura media (ni demasiado suelta ni demasiado compactada), buen intercambio de ox\u00edgeno y absorci\u00f3n de nutrientes para el crecimiento general de las plantas.<\/span><\/li>\n<li style=\"font-weight: 400;\" aria-level=\"1\"><span style=\"font-weight: 400;\">Alta capacidad de retenci\u00f3n de agua (WHC), as\u00ed como buen drenaje, lo que ayuda a retener la humedad y evitar el encharcamiento de las plantas.<\/span><\/li>\n<li style=\"font-weight: 400;\" aria-level=\"1\"><span style=\"font-weight: 400;\">Una aireaci\u00f3n deseable ayuda a que las ra\u00edces de las plantas reciban la cantidad necesaria de ox\u00edgeno y, por tanto, crezcan sanas.<\/span><\/li>\n<li style=\"font-weight: 400;\" aria-level=\"1\"><span style=\"font-weight: 400;\">Libre de impurezas y contaminantes, completamente limpio y seguro de usar.<\/span><\/li>\n<\/ul>\n<h2><b>Beneficios de la c\u00e1scara de coco<\/b><\/h2>\n<ul>\n<li style=\"font-weight: 400;\" aria-level=\"1\"><span style=\"font-weight: 400;\">Medio de cultivo vers\u00e1til, aplicado tanto en horticultura como en no horticultura (varios otros campos)<\/span><\/li>\n<li style=\"font-weight: 400;\" aria-level=\"1\"><span style=\"font-weight: 400;\">Ayuda a proteger y reducir la cantidad de residuos en el medio ambiente, contribuyendo a la agricultura sostenible.<\/span><\/li>\n<li style=\"font-weight: 400;\" aria-level=\"1\"><span style=\"font-weight: 400;\">Con propiedades excepcionales, la fibra de coco crea condiciones favorables y un entorno ideal para el crecimiento de las plantas.<\/span><\/li>\n<li style=\"font-weight: 400;\" aria-level=\"1\"><span style=\"font-weight: 400;\">Ayudar a mejorar la calidad de los cultivos, produciendo frutas y verduras sabrosas y nutritivas.<\/span><\/li>\n<li style=\"font-weight: 400;\" aria-level=\"1\"><span style=\"font-weight: 400;\">Ayuda a mejorar la productividad de los cultivos, produciendo altos rendimientos.<\/span><\/li>\n<li style=\"font-weight: 400;\" aria-level=\"1\"><span style=\"font-weight: 400;\">Siendo un componente ideal del compost, enriqueciendo nutrientes en el suelo agr\u00edcola.<\/span><\/li>\n<li style=\"font-weight: 400;\" aria-level=\"1\"><span style=\"font-weight: 400;\">Ayuda a reducir el riesgo de que se produzcan enfermedades en las plantas como cuando se utiliza tierra tradicional.<\/span><\/li>\n<li style=\"font-weight: 400;\" aria-level=\"1\"><span style=\"font-weight: 400;\">Ayudar a los productores a ahorrar costos en esfuerzos de cuidado y uso de mano de obra.<\/span><\/li>\n<\/ul>\n","protected":false},"excerpt":{"rendered":"<div>\u2713 Medio de cultivo perfecto para m\u00faltiples prop\u00f3sitos de cultivo<\/div>\n<div><\/div>\n<div>\u2713 Vers\u00e1til en uso (tanto hort\u00edcola como no hort\u00edcola)<\/div>\n<div><\/div>\n<div>\u2713 Personalizado seg\u00fan las solicitudes<\/div>\n<div><\/div>\n<div>\u2713 Sustrato ecol\u00f3gico y compostable<\/div>\n","protected":false},"featured_media":32395,"comment_status":"open","ping_status":"closed","template":"","meta":[],"product_cat":[587],"product_tag":[],"yoast_head":"<!-- This site is optimized with the Yoast SEO plugin v22.6 - https:\/\/yoast.com\/wordpress\/plugins\/seo\/ -->\n<title>Chips de c\u00e1scara de coco en Vietnam EXPORTACI\u00d3N mundial de fibra de coco<\/title>\n<meta name=\"description\" content=\"EnFibra de coco global, nos enorgullecemos de presentar una amplia gama de productos superiores meticulosamente dise\u00f1ados para atender a un espectro diverso de clientes\" \/>\n<meta name=\"robots\" content=\"index, follow, max-snippet:-1, max-image-preview:large, max-video-preview:-1\" \/>\n<link rel=\"canonical\" href=\"https:\/\/cococoirglobal.com\/es\/product\/cascara-de-coco\/\" \/>\n<meta property=\"og:locale\" content=\"es_ES\" \/>\n<meta property=\"og:type\" content=\"article\" \/>\n<meta property=\"og:title\" content=\"Chips de c\u00e1scara de coco en Vietnam EXPORTACI\u00d3N mundial de fibra de coco\" \/>\n<meta property=\"og:description\" content=\"EnFibra de coco global, nos enorgullecemos de presentar una amplia gama de productos superiores meticulosamente dise\u00f1ados para atender a un espectro diverso de clientes\" \/>\n<meta property=\"og:url\" content=\"https:\/\/cococoirglobal.com\/es\/product\/cascara-de-coco\/\" \/>\n<meta property=\"og:site_name\" content=\"Coco Coir Global Vietnam\" \/>\n<meta property=\"article:publisher\" content=\"https:\/\/www.facebook.com\/cococoirglobal\/\" \/>\n<meta property=\"article:modified_time\" content=\"2025-04-23T17:40:11+00:00\" \/>\n<meta property=\"og:image\" content=\"https:\/\/cococoirglobal.com\/wp-content\/uploads\/2023\/08\/Chips.png\" \/>\n\t<meta property=\"og:image:width\" content=\"1080\" \/>\n\t<meta property=\"og:image:height\" content=\"800\" \/>\n\t<meta property=\"og:image:type\" content=\"image\/png\" \/>\n<meta name=\"twitter:card\" content=\"summary_large_image\" \/>\n<meta name=\"twitter:label1\" content=\"Tiempo de lectura\" \/>\n\t<meta name=\"twitter:data1\" content=\"3 minutos\" \/>\n<script type=\"application\/ld+json\" class=\"yoast-schema-graph\">{\"@context\":\"https:\/\/schema.org\",\"@graph\":[{\"@type\":\"WebPage\",\"@id\":\"https:\/\/cococoirglobal.com\/es\/product\/cascara-de-coco\/\",\"url\":\"https:\/\/cococoirglobal.com\/es\/product\/cascara-de-coco\/\",\"name\":\"Chips de c\u00e1scara de coco en Vietnam EXPORTACI\u00d3N mundial de fibra de coco\",\"isPartOf\":{\"@id\":\"https:\/\/cococoirglobal.com\/es\/#website\"},\"primaryImageOfPage\":{\"@id\":\"https:\/\/cococoirglobal.com\/es\/product\/cascara-de-coco\/#primaryimage\"},\"image\":{\"@id\":\"https:\/\/cococoirglobal.com\/es\/product\/cascara-de-coco\/#primaryimage\"},\"thumbnailUrl\":\"https:\/\/cococoirglobal.com\/wp-content\/uploads\/2023\/08\/Chips.png\",\"datePublished\":\"2023-08-24T03:55:13+00:00\",\"dateModified\":\"2025-04-23T17:40:11+00:00\",\"description\":\"EnFibra de coco global, nos enorgullecemos de presentar una amplia gama de productos superiores meticulosamente dise\u00f1ados para atender a un espectro diverso de clientes\",\"breadcrumb\":{\"@id\":\"https:\/\/cococoirglobal.com\/es\/product\/cascara-de-coco\/#breadcrumb\"},\"inLanguage\":\"es\",\"potentialAction\":[{\"@type\":\"ReadAction\",\"target\":[\"https:\/\/cococoirglobal.com\/es\/product\/cascara-de-coco\/\"]}]},{\"@type\":\"ImageObject\",\"inLanguage\":\"es\",\"@id\":\"https:\/\/cococoirglobal.com\/es\/product\/cascara-de-coco\/#primaryimage\",\"url\":\"https:\/\/cococoirglobal.com\/wp-content\/uploads\/2023\/08\/Chips.png\",\"contentUrl\":\"https:\/\/cococoirglobal.com\/wp-content\/uploads\/2023\/08\/Chips.png\",\"width\":1080,\"height\":800,\"caption\":\"chips de coco\"},{\"@type\":\"BreadcrumbList\",\"@id\":\"https:\/\/cococoirglobal.com\/es\/product\/cascara-de-coco\/#breadcrumb\",\"itemListElement\":[{\"@type\":\"ListItem\",\"position\":1,\"name\":\"Home\",\"item\":\"https:\/\/cococoirglobal.com\/es\/\"},{\"@type\":\"ListItem\",\"position\":2,\"name\":\"Productos\",\"item\":\"https:\/\/cococoirglobal.com\/es\/shop\/\"},{\"@type\":\"ListItem\",\"position\":3,\"name\":\"Coco coir product\",\"item\":\"https:\/\/cococoirglobal.com\/es\/product-category\/coco-coir-product\/\"},{\"@type\":\"ListItem\",\"position\":4,\"name\":\"C\u00e1scara de coco\"}]},{\"@type\":\"WebSite\",\"@id\":\"https:\/\/cococoirglobal.com\/es\/#website\",\"url\":\"https:\/\/cococoirglobal.com\/es\/\",\"name\":\"Coco Coir Global\",\"description\":\"The leading manufacturer and supplier of Coco Coir Products!\",\"publisher\":{\"@id\":\"https:\/\/cococoirglobal.com\/es\/#organization\"},\"potentialAction\":[{\"@type\":\"SearchAction\",\"target\":{\"@type\":\"EntryPoint\",\"urlTemplate\":\"https:\/\/cococoirglobal.com\/es\/?s={search_term_string}\"},\"query-input\":\"required name=search_term_string\"}],\"inLanguage\":\"es\"},{\"@type\":\"Organization\",\"@id\":\"https:\/\/cococoirglobal.com\/es\/#organization\",\"name\":\"COCO COIR GLOBAL COMPANY LIMITED\",\"url\":\"https:\/\/cococoirglobal.com\/es\/\",\"logo\":{\"@type\":\"ImageObject\",\"inLanguage\":\"es\",\"@id\":\"https:\/\/cococoirglobal.com\/es\/#\/schema\/logo\/image\/\",\"url\":\"https:\/\/cococoirglobal.com\/wp-content\/uploads\/2023\/05\/Logo-coco-coir.png\",\"contentUrl\":\"https:\/\/cococoirglobal.com\/wp-content\/uploads\/2023\/05\/Logo-coco-coir.png\",\"width\":512,\"height\":512,\"caption\":\"COCO COIR GLOBAL COMPANY LIMITED\"},\"image\":{\"@id\":\"https:\/\/cococoirglobal.com\/es\/#\/schema\/logo\/image\/\"},\"sameAs\":[\"https:\/\/www.facebook.com\/cococoirglobal\/\",\"https:\/\/www.instagram.com\/cococoirglobal\/\",\"https:\/\/www.linkedin.com\/company\/coco-coir-global-company-limited\",\"https:\/\/www.youtube.com\/channel\/UC4Xk-Is93xHrllYZADkM7yQ\"]}]}<\/script>\n<!-- \/ Yoast SEO plugin. -->","yoast_head_json":{"title":"Chips de c\u00e1scara de coco en Vietnam EXPORTACI\u00d3N mundial de fibra de coco","description":"EnFibra de coco global, nos enorgullecemos de presentar una amplia gama de productos superiores meticulosamente dise\u00f1ados para atender a un espectro diverso de clientes","robots":{"index":"index","follow":"follow","max-snippet":"max-snippet:-1","max-image-preview":"max-image-preview:large","max-video-preview":"max-video-preview:-1"},"canonical":"https:\/\/cococoirglobal.com\/es\/product\/cascara-de-coco\/","og_locale":"es_ES","og_type":"article","og_title":"Chips de c\u00e1scara de coco en Vietnam EXPORTACI\u00d3N mundial de fibra de coco","og_description":"EnFibra de coco global, nos enorgullecemos de presentar una amplia gama de productos superiores meticulosamente dise\u00f1ados para atender a un espectro diverso de clientes","og_url":"https:\/\/cococoirglobal.com\/es\/product\/cascara-de-coco\/","og_site_name":"Coco Coir Global Vietnam","article_publisher":"https:\/\/www.facebook.com\/cococoirglobal\/","article_modified_time":"2025-04-23T17:40:11+00:00","og_image":[{"width":1080,"height":800,"url":"https:\/\/cococoirglobal.com\/wp-content\/uploads\/2023\/08\/Chips.png","type":"image\/png"}],"twitter_card":"summary_large_image","twitter_misc":{"Tiempo de lectura":"3 minutos"},"schema":{"@context":"https:\/\/schema.org","@graph":[{"@type":"WebPage","@id":"https:\/\/cococoirglobal.com\/es\/product\/cascara-de-coco\/","url":"https:\/\/cococoirglobal.com\/es\/product\/cascara-de-coco\/","name":"Chips de c\u00e1scara de coco en Vietnam EXPORTACI\u00d3N mundial de fibra de coco","isPartOf":{"@id":"https:\/\/cococoirglobal.com\/es\/#website"},"primaryImageOfPage":{"@id":"https:\/\/cococoirglobal.com\/es\/product\/cascara-de-coco\/#primaryimage"},"image":{"@id":"https:\/\/cococoirglobal.com\/es\/product\/cascara-de-coco\/#primaryimage"},"thumbnailUrl":"https:\/\/cococoirglobal.com\/wp-content\/uploads\/2023\/08\/Chips.png","datePublished":"2023-08-24T03:55:13+00:00","dateModified":"2025-04-23T17:40:11+00:00","description":"EnFibra de coco global, nos enorgullecemos de presentar una amplia gama de productos superiores meticulosamente dise\u00f1ados para atender a un espectro diverso de clientes","breadcrumb":{"@id":"https:\/\/cococoirglobal.com\/es\/product\/cascara-de-coco\/#breadcrumb"},"inLanguage":"es","potentialAction":[{"@type":"ReadAction","target":["https:\/\/cococoirglobal.com\/es\/product\/cascara-de-coco\/"]}]},{"@type":"ImageObject","inLanguage":"es","@id":"https:\/\/cococoirglobal.com\/es\/product\/cascara-de-coco\/#primaryimage","url":"https:\/\/cococoirglobal.com\/wp-content\/uploads\/2023\/08\/Chips.png","contentUrl":"https:\/\/cococoirglobal.com\/wp-content\/uploads\/2023\/08\/Chips.png","width":1080,"height":800,"caption":"chips de coco"},{"@type":"BreadcrumbList","@id":"https:\/\/cococoirglobal.com\/es\/product\/cascara-de-coco\/#breadcrumb","itemListElement":[{"@type":"ListItem","position":1,"name":"Home","item":"https:\/\/cococoirglobal.com\/es\/"},{"@type":"ListItem","position":2,"name":"Productos","item":"https:\/\/cococoirglobal.com\/es\/shop\/"},{"@type":"ListItem","position":3,"name":"Coco coir product","item":"https:\/\/cococoirglobal.com\/es\/product-category\/coco-coir-product\/"},{"@type":"ListItem","position":4,"name":"C\u00e1scara de coco"}]},{"@type":"WebSite","@id":"https:\/\/cococoirglobal.com\/es\/#website","url":"https:\/\/cococoirglobal.com\/es\/","name":"Coco Coir Global","description":"The leading manufacturer and supplier of Coco Coir Products!","publisher":{"@id":"https:\/\/cococoirglobal.com\/es\/#organization"},"potentialAction":[{"@type":"SearchAction","target":{"@type":"EntryPoint","urlTemplate":"https:\/\/cococoirglobal.com\/es\/?s={search_term_string}"},"query-input":"required name=search_term_string"}],"inLanguage":"es"},{"@type":"Organization","@id":"https:\/\/cococoirglobal.com\/es\/#organization","name":"COCO COIR GLOBAL COMPANY LIMITED","url":"https:\/\/cococoirglobal.com\/es\/","logo":{"@type":"ImageObject","inLanguage":"es","@id":"https:\/\/cococoirglobal.com\/es\/#\/schema\/logo\/image\/","url":"https:\/\/cococoirglobal.com\/wp-content\/uploads\/2023\/05\/Logo-coco-coir.png","contentUrl":"https:\/\/cococoirglobal.com\/wp-content\/uploads\/2023\/05\/Logo-coco-coir.png","width":512,"height":512,"caption":"COCO COIR GLOBAL COMPANY LIMITED"},"image":{"@id":"https:\/\/cococoirglobal.com\/es\/#\/schema\/logo\/image\/"},"sameAs":["https:\/\/www.facebook.com\/cococoirglobal\/","https:\/\/www.instagram.com\/cococoirglobal\/","https:\/\/www.linkedin.com\/company\/coco-coir-global-company-limited","https:\/\/www.youtube.com\/channel\/UC4Xk-Is93xHrllYZADkM7yQ"]}]}},"_links":{"self":[{"href":"https:\/\/cococoirglobal.com\/es\/wp-json\/wp\/v2\/product\/33018"}],"collection":[{"href":"https:\/\/cococoirglobal.com\/es\/wp-json\/wp\/v2\/product"}],"about":[{"href":"https:\/\/cococoirglobal.com\/es\/wp-json\/wp\/v2\/types\/product"}],"replies":[{"embeddable":true,"href":"https:\/\/cococoirglobal.com\/es\/wp-json\/wp\/v2\/comments?post=33018"}],"wp:featuredmedia":[{"embeddable":true,"href":"https:\/\/cococoirglobal.com\/es\/wp-json\/wp\/v2\/media\/32395"}],"wp:attachment":[{"href":"https:\/\/cococoirglobal.com\/es\/wp-json\/wp\/v2\/media?parent=33018"}],"wp:term":[{"taxonomy":"product_cat","embeddable":true,"href":"https:\/\/cococoirglobal.com\/es\/wp-json\/wp\/v2\/product_cat?post=33018"},{"taxonomy":"product_tag","embeddable":true,"href":"https:\/\/cococoirglobal.com\/es\/wp-json\/wp\/v2\/product_tag?post=33018"}],"curies":[{"name":"wp","href":"https:\/\/api.w.org\/{rel}","templated":true}]}}