{"id":32950,"date":"2021-08-02T17:10:52","date_gmt":"2023-11-20T03:35:38","guid":{"rendered":"https:\/\/cococoirglobal.com\/?post_type=product&#038;p=32950"},"modified":"2024-04-25T23:30:36","modified_gmt":"2024-04-25T16:30:36","slug":"bolsa-de-fibra-de-coco-a-granel-1800l-2000l-suelta","status":"publish","type":"product","link":"https:\/\/cococoirglobal.com\/es\/product\/bolsa-de-fibra-de-coco-a-granel-1800l-2000l-suelta\/","title":{"rendered":"Saco de fibra de coco 1800L\/2000L (suelta)"},"content":{"rendered":"<blockquote><p><span style=\"font-weight: 400;\">En<\/span><a href=\"https:\/\/cococoirglobal.com\/\"> <b>Fibra de coco global<\/b><\/a><span style=\"font-weight: 400;\">, estamos orgullosos de ofrecer productos de primera calidad que sirven a una amplia gama de clientes.<\/span><b>(principalmente empresas B2B)<\/b><span style=\"font-weight: 400;\"> incluido<\/span><b>mayoristas de turba de coco<\/b><span style=\"font-weight: 400;\"> con necesidades diversas. Nuestros sustratos de fibra de coco de alta calidad son muy elogiados por laboratorios tanto en Vietnam como en EE. UU. e incluso est\u00e1n listados por OMRI para uso org\u00e1nico. Perfectos para cultivar de todo, desde tomates y pepinos hasta cannabis y plantas ornamentales, nuestros sustratos de fibra de coco son vers\u00e1tiles y eficaces. Adem\u00e1s, nos complace personalizar los productos para satisfacer las solicitudes \u00fanicas de los clientes y ofrecer env\u00edos a todo el mundo con opciones de entrega flexibles. Elija Coco Coir Global para obtener sustratos de fibra de coco de alta calidad que llevar\u00e1n su horticultura al siguiente nivel.<\/span><\/p><\/blockquote>\n<p><span style=\"font-weight: 400;\">El mismo terminado Suelto (Sin comprimir)<\/span><b> Producto de fibra de coco<\/b><span style=\"font-weight: 400;\"> con producto en bolsa de 50 litros (certificado OMRI Listed), solo diferente en el empaque. El volumen es hasta<\/span><b>2000 litros<\/b><span style=\"font-weight: 400;\"> o personalizable. Las materias primas son 100% naturales a partir de c\u00e1scaras de coco. Formulario listo para usar. Especialmente indicado para cultivos a gran escala.<\/span><\/p>\n<h2><b>Caracteristicas de<\/b><a href=\"https:\/\/cococoirglobal.com\/product\/coconut-coir-bulk\/#bulk_coco_coir\"> <b>Fibra de coco a granel<\/b><\/a><b> Bolsa 1800L\/2000L<\/b><\/h2>\n<ul>\n<li style=\"font-weight: 400;\" aria-level=\"1\"><span style=\"font-weight: 400;\">Sustrato org\u00e1nico, biodegradable y respetuoso con el medio ambiente<\/span><\/li>\n<li style=\"font-weight: 400;\" aria-level=\"1\"><span style=\"font-weight: 400;\">EC muy baja, especialmente adecuada para cultivos \u201csensibles\u201d<\/span><\/li>\n<li style=\"font-weight: 400;\" aria-level=\"1\"><span style=\"font-weight: 400;\">Niveles de pH equilibrados y estabilizados, con contenidos extremadamente bajos de potasio y sodio, adecuados para muchos cultivos diferentes.<\/span><\/li>\n<li style=\"font-weight: 400;\" aria-level=\"1\"><span style=\"font-weight: 400;\">Residuos extremadamente bajos de metales pesados \u200b\u200by pesticidas.<\/span><\/li>\n<li style=\"font-weight: 400;\" aria-level=\"1\"><span style=\"font-weight: 400;\">La alta porosidad llena de aire (AFP) proporciona una buena estructura media (ni demasiado suelta ni demasiado densa), buen intercambio de ox\u00edgeno, drenaje adecuado, buena retenci\u00f3n de agua y absorci\u00f3n de nutrientes para un mejor crecimiento de las plantas.<\/span><\/li>\n<li style=\"font-weight: 400;\" aria-level=\"1\"><span style=\"font-weight: 400;\">Un buen drenaje y una alta capacidad de retenci\u00f3n de agua (WHC) ayudan a retener la humedad y evitar el encharcamiento de las plantas.<\/span><\/li>\n<li style=\"font-weight: 400;\" aria-level=\"1\"><span style=\"font-weight: 400;\">Una aireaci\u00f3n deseable ayuda a que las ra\u00edces de las plantas reciban la cantidad necesaria de ox\u00edgeno y, por tanto, crezcan sanas.<\/span><\/li>\n<li style=\"font-weight: 400;\" aria-level=\"1\"><span style=\"font-weight: 400;\">La alta capacidad de intercambio cati\u00f3nico (CEC) ayuda a las plantas a absorber los nutrientes necesarios<\/span><\/li>\n<li style=\"font-weight: 400;\" aria-level=\"1\"><span style=\"font-weight: 400;\">No contiene productos qu\u00edmicos nocivos ni plagas, es seguro de usar.<\/span><\/li>\n<\/ul>\n<p><a href=\"https:\/\/cococoirglobal.com\/es\/?attachment_id=32383#main\" rel=\"attachment wp-att-32383\"><img decoding=\"async\" loading=\"lazy\" class=\"aligncenter wp-image-32383 size-full\" src=\"https:\/\/cococoirglobal.com\/wp-content\/uploads\/2023\/08\/Bulk-coco-coir-bag-1800L.png\" alt=\"saco de fibra de coco\" width=\"1080\" height=\"800\" srcset=\"https:\/\/cococoirglobal.com\/wp-content\/uploads\/2023\/08\/Bulk-coco-coir-bag-1800L.png 1080w, https:\/\/cococoirglobal.com\/wp-content\/uploads\/2023\/08\/Bulk-coco-coir-bag-1800L-800x593.png 800w, https:\/\/cococoirglobal.com\/wp-content\/uploads\/2023\/08\/Bulk-coco-coir-bag-1800L-768x569.png 768w, https:\/\/cococoirglobal.com\/wp-content\/uploads\/2023\/08\/Bulk-coco-coir-bag-1800L-510x378.png 510w\" sizes=\"(max-width: 1080px) 100vw, 1080px\" \/><\/a><\/p>\n<h2><b>Beneficios del volumen<\/b><a href=\"https:\/\/cococoirglobal.com\/product-category\/coco-coir\/#coconut_coir\"> <b>Fibra de coco<\/b><\/a><b> Bolsa 1800L\/2000L<\/b><\/h2>\n<ul>\n<li style=\"font-weight: 400;\" aria-level=\"1\"><span style=\"font-weight: 400;\">Ayuda a proteger y reducir la cantidad de residuos en el medio ambiente.<\/span><\/li>\n<li style=\"font-weight: 400;\" aria-level=\"1\"><span style=\"font-weight: 400;\">Con propiedades excepcionales, la fibra de coco crea condiciones favorables y un entorno ideal para el crecimiento de las plantas.<\/span><\/li>\n<li style=\"font-weight: 400;\" aria-level=\"1\"><span style=\"font-weight: 400;\">Ayuda a mejorar la calidad de los cultivos, produciendo frutas y verduras sabrosas y nutritivas.<\/span><\/li>\n<li style=\"font-weight: 400;\" aria-level=\"1\"><span style=\"font-weight: 400;\">Ayuda a mejorar la productividad de los cultivos, produciendo altos rendimientos.<\/span><\/li>\n<li style=\"font-weight: 400;\" aria-level=\"1\"><span style=\"font-weight: 400;\">Ayuda a reducir el riesgo de que se produzcan enfermedades en las plantas como cuando se utiliza tierra tradicional.<\/span><\/li>\n<li style=\"font-weight: 400;\" aria-level=\"1\"><span style=\"font-weight: 400;\">Ayuda a los productores a ahorrar costos en esfuerzos de cuidado y uso de mano de obra.<\/span><\/li>\n<li style=\"font-weight: 400;\" aria-level=\"1\"><span style=\"font-weight: 400;\">Medio de cultivo vers\u00e1til, aplicado tanto en uso hort\u00edcola como no hort\u00edcola (varios otros campos) (obtenga m\u00e1s informaci\u00f3n aqu\u00ed)<\/span><\/li>\n<\/ul>\n<p><a href=\"https:\/\/cococoirglobal.com\/es\/?attachment_id=26491#main\" rel=\"attachment wp-att-26491\"><img decoding=\"async\" loading=\"lazy\" class=\"aligncenter wp-image-26491 size-full\" src=\"https:\/\/cococoirglobal.com\/wp-content\/uploads\/2022\/10\/loading-jumbo-shiping.png\" alt=\"saco de fibra de coco\" width=\"1080\" height=\"800\" srcset=\"https:\/\/cococoirglobal.com\/wp-content\/uploads\/2022\/10\/loading-jumbo-shiping.png 1080w, https:\/\/cococoirglobal.com\/wp-content\/uploads\/2022\/10\/loading-jumbo-shiping-800x593.png 800w, https:\/\/cococoirglobal.com\/wp-content\/uploads\/2022\/10\/loading-jumbo-shiping-768x569.png 768w, https:\/\/cococoirglobal.com\/wp-content\/uploads\/2022\/10\/loading-jumbo-shiping-510x378.png 510w\" sizes=\"(max-width: 1080px) 100vw, 1080px\" \/><\/a><\/p>\n<h2><b>Instrucciones de uso de la bolsa de fibra de coco a granel 1800L\/2000L<\/b><\/h2>\n<ul>\n<li style=\"font-weight: 400;\" aria-level=\"1\"><span style=\"font-weight: 400;\">Paso 1: saca una cantidad adecuada de fibra de coco de la bolsa.<\/span><\/li>\n<li style=\"font-weight: 400;\" aria-level=\"1\"><span style=\"font-weight: 400;\">Paso 2: Col\u00f3quelo en bandejas de pl\u00e1ntulas\/propagaci\u00f3n si es para viveros, o en macetas\/contenedores si es para trasplante.<\/span><\/li>\n<li style=\"font-weight: 400;\" aria-level=\"1\"><span style=\"font-weight: 400;\">Paso 3: Para cultivar plantas, trasplante las pl\u00e1ntulas a macetas\/contenedores.<\/span><\/li>\n<li style=\"font-weight: 400;\" aria-level=\"1\"><span style=\"font-weight: 400;\">Paso 4: Riega y alimenta las plantas con tu propio nutriente o el recomendado.<\/span><\/li>\n<\/ul>\n<p><span style=\"font-weight: 400;\">Nota<\/span><span style=\"font-weight: 400;\">: Tomar control de la rutina de alimentaci\u00f3n para evitar carencias<\/span><\/p>\n<h2><b>Bolsa de preservaci\u00f3n de fibra de coco a granel 1800L\/2000L<\/b><\/h2>\n<ul>\n<li style=\"font-weight: 400;\" aria-level=\"1\"><span style=\"font-weight: 400;\">Almacenar en un lugar seco: aseg\u00farese de mantener seca la fibra de coco almacen\u00e1ndola en un lugar seco lejos de cualquier fuente de humedad, incluida la lluvia, la nieve y la luz solar directa.<\/span><\/li>\n<li style=\"font-weight: 400;\" aria-level=\"1\"><span style=\"font-weight: 400;\">Selle la bolsa: Despu\u00e9s de abrir la bolsa de fibra de coco, selle la abertura herm\u00e9ticamente para evitar que entre humedad.<\/span><\/li>\n<li style=\"font-weight: 400;\" aria-level=\"1\"><span style=\"font-weight: 400;\">Mant\u00e9ngalo fresco: no exponga la fibra de coco a altas temperaturas. Lo ideal es guardarlo en un lugar fresco y con sombra.<\/span><\/li>\n<li style=\"font-weight: 400;\" aria-level=\"1\"><span style=\"font-weight: 400;\">Evite la contaminaci\u00f3n: mantenga la fibra de coco alejada de cualquier fuente potencial de contaminaci\u00f3n, como fertilizantes, pesticidas y productos qu\u00edmicos.<\/span><\/li>\n<li style=\"font-weight: 400;\" aria-level=\"1\"><span style=\"font-weight: 400;\">Utilizar dentro de la fecha de caducidad recomendada por el fabricante.<\/span><\/li>\n<\/ul>\n<p><span style=\"font-weight: 400;\">Ver m\u00e1s:<\/span><\/p>\n<ul>\n<li style=\"font-weight: 400;\" aria-level=\"1\"><a href=\"https:\/\/cococoirglobal.com\/product\/coco-coir-grow-bag\/#coco_grow_bags\"><b>Bolsa de cultivo de fibra de coco<\/b><\/a><span style=\"font-weight: 400;\"> Para mayores rendimientos Coco Coir Global<\/span><\/li>\n<li style=\"font-weight: 400;\" aria-level=\"1\"><a href=\"https:\/\/cococoirglobal.com\/product\/coco-peat-bag\/#coco_planting\"><b>Bolsa de turba de coco<\/b><\/a><span style=\"font-weight: 400;\"> 50L\/100L (suelto) &#8211; Coco Coir Global<\/span><\/li>\n<li style=\"font-weight: 400;\" aria-level=\"1\"><a href=\"https:\/\/cococoirglobal.com\/product\/coconut-coir-block\/#coco_chips\"><b>Bloque de fibra de coco<\/b><\/a><span style=\"font-weight: 400;\">\/Ladrillo 5kg &#8211; Coco Coir Global<\/span><\/li>\n<li style=\"font-weight: 400;\" aria-level=\"1\"><a href=\"https:\/\/cococoirglobal.com\/product\/coconut-coir-propagation-cube\/#coco_coir_grow_cubes\"><b>Cubo de propagaci\u00f3n de fibra de coco<\/b><\/a><\/li>\n<li style=\"font-weight: 400;\" aria-level=\"1\"><b>Comprimido<\/b><a href=\"https:\/\/cococoirglobal.com\/product\/pre-filled-coco-coir-bags\/#pre_filled_coco_coir_bag\"> <b>Bolso abierto con parte superior de fibra de coco<\/b><\/a><span style=\"font-weight: 400;\"> (Ladrillo de fibra de coco)<\/span><\/li>\n<li style=\"font-weight: 400;\" aria-level=\"1\"><a href=\"https:\/\/cococoirglobal.com\/product\/pre-filled-coco-coir-bags\/#pre_filled_coco_coir_bag\"><b>Bolsas de fibra de coco precargadas<\/b><\/a><span style=\"font-weight: 400;\"> 100% natural de c\u00e1scaras de coco<\/span><\/li>\n<\/ul>\n<p>&nbsp;<\/p>\n","protected":false},"excerpt":{"rendered":"<div>\u2713 Econ\u00f3mico y c\u00f3modo de usar<\/div>\n<div><\/div>\n<div>\u2713 F\u00e1cil de transportar mediante carretillas elevadoras<\/div>\n<div><\/div>\n<div>\u2713 Equipado para uso a gran escala<\/div>\n<div><\/div>\n<div>\u2713 Vers\u00e1til para diferentes usos<\/div>\n","protected":false},"featured_media":32388,"comment_status":"open","ping_status":"closed","template":"","meta":[],"product_cat":[587],"product_tag":[],"yoast_head":"<!-- This site is optimized with the Yoast SEO plugin v22.6 - https:\/\/yoast.com\/wordpress\/plugins\/seo\/ -->\n<title>Bolsa de fibra de coco a granel 1800L\/2000L (suelta)<\/title>\n<meta name=\"description\" content=\"En Fibra de coco global, estamos orgullosos de ofrecer productos de primera calidad que sirven a una amplia gama de clientes.(principalmente empresas B2B) incluidomayoristas de turba de coco con necesidades diversas.\" \/>\n<meta name=\"robots\" content=\"index, follow, max-snippet:-1, max-image-preview:large, max-video-preview:-1\" \/>\n<link rel=\"canonical\" href=\"https:\/\/cococoirglobal.com\/es\/product\/bolsa-de-fibra-de-coco-a-granel-1800l-2000l-suelta\/\" \/>\n<meta property=\"og:locale\" content=\"es_ES\" \/>\n<meta property=\"og:type\" content=\"article\" \/>\n<meta property=\"og:title\" content=\"Bolsa de fibra de coco a granel 1800L\/2000L (suelta)\" \/>\n<meta property=\"og:description\" content=\"En Fibra de coco global, estamos orgullosos de ofrecer productos de primera calidad que sirven a una amplia gama de clientes.(principalmente empresas B2B) incluidomayoristas de turba de coco con necesidades diversas.\" \/>\n<meta property=\"og:url\" content=\"https:\/\/cococoirglobal.com\/es\/product\/bolsa-de-fibra-de-coco-a-granel-1800l-2000l-suelta\/\" \/>\n<meta property=\"og:site_name\" content=\"Coco Coir Global Vietnam\" \/>\n<meta property=\"article:publisher\" content=\"https:\/\/www.facebook.com\/cococoirglobal\/\" \/>\n<meta property=\"article:modified_time\" content=\"2024-04-25T16:30:36+00:00\" \/>\n<meta property=\"og:image\" content=\"https:\/\/cococoirglobal.com\/wp-content\/uploads\/2023\/08\/Bulk-coco-coir-bag-1800L.png\" \/>\n\t<meta property=\"og:image:width\" content=\"1080\" \/>\n\t<meta property=\"og:image:height\" content=\"800\" \/>\n\t<meta property=\"og:image:type\" content=\"image\/png\" \/>\n<meta name=\"twitter:card\" content=\"summary_large_image\" \/>\n<meta name=\"twitter:label1\" content=\"Tiempo de lectura\" \/>\n\t<meta name=\"twitter:data1\" content=\"4 minutos\" \/>\n<script type=\"application\/ld+json\" class=\"yoast-schema-graph\">{\"@context\":\"https:\/\/schema.org\",\"@graph\":[{\"@type\":\"WebPage\",\"@id\":\"https:\/\/cococoirglobal.com\/es\/product\/bolsa-de-fibra-de-coco-a-granel-1800l-2000l-suelta\/\",\"url\":\"https:\/\/cococoirglobal.com\/es\/product\/bolsa-de-fibra-de-coco-a-granel-1800l-2000l-suelta\/\",\"name\":\"Bolsa de fibra de coco a granel 1800L\/2000L (suelta)\",\"isPartOf\":{\"@id\":\"https:\/\/cococoirglobal.com\/es\/#website\"},\"primaryImageOfPage\":{\"@id\":\"https:\/\/cococoirglobal.com\/es\/product\/bolsa-de-fibra-de-coco-a-granel-1800l-2000l-suelta\/#primaryimage\"},\"image\":{\"@id\":\"https:\/\/cococoirglobal.com\/es\/product\/bolsa-de-fibra-de-coco-a-granel-1800l-2000l-suelta\/#primaryimage\"},\"thumbnailUrl\":\"https:\/\/cococoirglobal.com\/wp-content\/uploads\/2023\/08\/Bulk-coco-coir-bag-1800L.png\",\"datePublished\":\"2023-11-20T03:35:38+00:00\",\"dateModified\":\"2024-04-25T16:30:36+00:00\",\"description\":\"En Fibra de coco global, estamos orgullosos de ofrecer productos de primera calidad que sirven a una amplia gama de clientes.(principalmente empresas B2B) incluidomayoristas de turba de coco con necesidades diversas.\",\"breadcrumb\":{\"@id\":\"https:\/\/cococoirglobal.com\/es\/product\/bolsa-de-fibra-de-coco-a-granel-1800l-2000l-suelta\/#breadcrumb\"},\"inLanguage\":\"es\",\"potentialAction\":[{\"@type\":\"ReadAction\",\"target\":[\"https:\/\/cococoirglobal.com\/es\/product\/bolsa-de-fibra-de-coco-a-granel-1800l-2000l-suelta\/\"]}]},{\"@type\":\"ImageObject\",\"inLanguage\":\"es\",\"@id\":\"https:\/\/cococoirglobal.com\/es\/product\/bolsa-de-fibra-de-coco-a-granel-1800l-2000l-suelta\/#primaryimage\",\"url\":\"https:\/\/cococoirglobal.com\/wp-content\/uploads\/2023\/08\/Bulk-coco-coir-bag-1800L.png\",\"contentUrl\":\"https:\/\/cococoirglobal.com\/wp-content\/uploads\/2023\/08\/Bulk-coco-coir-bag-1800L.png\",\"width\":1080,\"height\":800,\"caption\":\"saco de fibra de coco\"},{\"@type\":\"BreadcrumbList\",\"@id\":\"https:\/\/cococoirglobal.com\/es\/product\/bolsa-de-fibra-de-coco-a-granel-1800l-2000l-suelta\/#breadcrumb\",\"itemListElement\":[{\"@type\":\"ListItem\",\"position\":1,\"name\":\"Home\",\"item\":\"https:\/\/cococoirglobal.com\/es\/\"},{\"@type\":\"ListItem\",\"position\":2,\"name\":\"Productos\",\"item\":\"https:\/\/cococoirglobal.com\/es\/shop\/\"},{\"@type\":\"ListItem\",\"position\":3,\"name\":\"Coco coir product\",\"item\":\"https:\/\/cococoirglobal.com\/es\/product-category\/coco-coir-product\/\"},{\"@type\":\"ListItem\",\"position\":4,\"name\":\"Saco de fibra de coco 1800L\/2000L (suelta)\"}]},{\"@type\":\"WebSite\",\"@id\":\"https:\/\/cococoirglobal.com\/es\/#website\",\"url\":\"https:\/\/cococoirglobal.com\/es\/\",\"name\":\"Coco Coir Global\",\"description\":\"The leading manufacturer and supplier of Coco Coir Products!\",\"publisher\":{\"@id\":\"https:\/\/cococoirglobal.com\/es\/#organization\"},\"potentialAction\":[{\"@type\":\"SearchAction\",\"target\":{\"@type\":\"EntryPoint\",\"urlTemplate\":\"https:\/\/cococoirglobal.com\/es\/?s={search_term_string}\"},\"query-input\":\"required name=search_term_string\"}],\"inLanguage\":\"es\"},{\"@type\":\"Organization\",\"@id\":\"https:\/\/cococoirglobal.com\/es\/#organization\",\"name\":\"COCO COIR GLOBAL COMPANY LIMITED\",\"url\":\"https:\/\/cococoirglobal.com\/es\/\",\"logo\":{\"@type\":\"ImageObject\",\"inLanguage\":\"es\",\"@id\":\"https:\/\/cococoirglobal.com\/es\/#\/schema\/logo\/image\/\",\"url\":\"https:\/\/cococoirglobal.com\/wp-content\/uploads\/2023\/05\/Logo-coco-coir.png\",\"contentUrl\":\"https:\/\/cococoirglobal.com\/wp-content\/uploads\/2023\/05\/Logo-coco-coir.png\",\"width\":512,\"height\":512,\"caption\":\"COCO COIR GLOBAL COMPANY LIMITED\"},\"image\":{\"@id\":\"https:\/\/cococoirglobal.com\/es\/#\/schema\/logo\/image\/\"},\"sameAs\":[\"https:\/\/www.facebook.com\/cococoirglobal\/\",\"https:\/\/www.instagram.com\/cococoirglobal\/\",\"https:\/\/www.linkedin.com\/company\/coco-coir-global-company-limited\",\"https:\/\/www.youtube.com\/channel\/UC4Xk-Is93xHrllYZADkM7yQ\"]}]}<\/script>\n<!-- \/ Yoast SEO plugin. -->","yoast_head_json":{"title":"Bolsa de fibra de coco a granel 1800L\/2000L (suelta)","description":"En Fibra de coco global, estamos orgullosos de ofrecer productos de primera calidad que sirven a una amplia gama de clientes.(principalmente empresas B2B) incluidomayoristas de turba de coco con necesidades diversas.","robots":{"index":"index","follow":"follow","max-snippet":"max-snippet:-1","max-image-preview":"max-image-preview:large","max-video-preview":"max-video-preview:-1"},"canonical":"https:\/\/cococoirglobal.com\/es\/product\/bolsa-de-fibra-de-coco-a-granel-1800l-2000l-suelta\/","og_locale":"es_ES","og_type":"article","og_title":"Bolsa de fibra de coco a granel 1800L\/2000L (suelta)","og_description":"En Fibra de coco global, estamos orgullosos de ofrecer productos de primera calidad que sirven a una amplia gama de clientes.(principalmente empresas B2B) incluidomayoristas de turba de coco con necesidades diversas.","og_url":"https:\/\/cococoirglobal.com\/es\/product\/bolsa-de-fibra-de-coco-a-granel-1800l-2000l-suelta\/","og_site_name":"Coco Coir Global Vietnam","article_publisher":"https:\/\/www.facebook.com\/cococoirglobal\/","article_modified_time":"2024-04-25T16:30:36+00:00","og_image":[{"width":1080,"height":800,"url":"https:\/\/cococoirglobal.com\/wp-content\/uploads\/2023\/08\/Bulk-coco-coir-bag-1800L.png","type":"image\/png"}],"twitter_card":"summary_large_image","twitter_misc":{"Tiempo de lectura":"4 minutos"},"schema":{"@context":"https:\/\/schema.org","@graph":[{"@type":"WebPage","@id":"https:\/\/cococoirglobal.com\/es\/product\/bolsa-de-fibra-de-coco-a-granel-1800l-2000l-suelta\/","url":"https:\/\/cococoirglobal.com\/es\/product\/bolsa-de-fibra-de-coco-a-granel-1800l-2000l-suelta\/","name":"Bolsa de fibra de coco a granel 1800L\/2000L (suelta)","isPartOf":{"@id":"https:\/\/cococoirglobal.com\/es\/#website"},"primaryImageOfPage":{"@id":"https:\/\/cococoirglobal.com\/es\/product\/bolsa-de-fibra-de-coco-a-granel-1800l-2000l-suelta\/#primaryimage"},"image":{"@id":"https:\/\/cococoirglobal.com\/es\/product\/bolsa-de-fibra-de-coco-a-granel-1800l-2000l-suelta\/#primaryimage"},"thumbnailUrl":"https:\/\/cococoirglobal.com\/wp-content\/uploads\/2023\/08\/Bulk-coco-coir-bag-1800L.png","datePublished":"2023-11-20T03:35:38+00:00","dateModified":"2024-04-25T16:30:36+00:00","description":"En Fibra de coco global, estamos orgullosos de ofrecer productos de primera calidad que sirven a una amplia gama de clientes.(principalmente empresas B2B) incluidomayoristas de turba de coco con necesidades diversas.","breadcrumb":{"@id":"https:\/\/cococoirglobal.com\/es\/product\/bolsa-de-fibra-de-coco-a-granel-1800l-2000l-suelta\/#breadcrumb"},"inLanguage":"es","potentialAction":[{"@type":"ReadAction","target":["https:\/\/cococoirglobal.com\/es\/product\/bolsa-de-fibra-de-coco-a-granel-1800l-2000l-suelta\/"]}]},{"@type":"ImageObject","inLanguage":"es","@id":"https:\/\/cococoirglobal.com\/es\/product\/bolsa-de-fibra-de-coco-a-granel-1800l-2000l-suelta\/#primaryimage","url":"https:\/\/cococoirglobal.com\/wp-content\/uploads\/2023\/08\/Bulk-coco-coir-bag-1800L.png","contentUrl":"https:\/\/cococoirglobal.com\/wp-content\/uploads\/2023\/08\/Bulk-coco-coir-bag-1800L.png","width":1080,"height":800,"caption":"saco de fibra de coco"},{"@type":"BreadcrumbList","@id":"https:\/\/cococoirglobal.com\/es\/product\/bolsa-de-fibra-de-coco-a-granel-1800l-2000l-suelta\/#breadcrumb","itemListElement":[{"@type":"ListItem","position":1,"name":"Home","item":"https:\/\/cococoirglobal.com\/es\/"},{"@type":"ListItem","position":2,"name":"Productos","item":"https:\/\/cococoirglobal.com\/es\/shop\/"},{"@type":"ListItem","position":3,"name":"Coco coir product","item":"https:\/\/cococoirglobal.com\/es\/product-category\/coco-coir-product\/"},{"@type":"ListItem","position":4,"name":"Saco de fibra de coco 1800L\/2000L (suelta)"}]},{"@type":"WebSite","@id":"https:\/\/cococoirglobal.com\/es\/#website","url":"https:\/\/cococoirglobal.com\/es\/","name":"Coco Coir Global","description":"The leading manufacturer and supplier of Coco Coir Products!","publisher":{"@id":"https:\/\/cococoirglobal.com\/es\/#organization"},"potentialAction":[{"@type":"SearchAction","target":{"@type":"EntryPoint","urlTemplate":"https:\/\/cococoirglobal.com\/es\/?s={search_term_string}"},"query-input":"required name=search_term_string"}],"inLanguage":"es"},{"@type":"Organization","@id":"https:\/\/cococoirglobal.com\/es\/#organization","name":"COCO COIR GLOBAL COMPANY LIMITED","url":"https:\/\/cococoirglobal.com\/es\/","logo":{"@type":"ImageObject","inLanguage":"es","@id":"https:\/\/cococoirglobal.com\/es\/#\/schema\/logo\/image\/","url":"https:\/\/cococoirglobal.com\/wp-content\/uploads\/2023\/05\/Logo-coco-coir.png","contentUrl":"https:\/\/cococoirglobal.com\/wp-content\/uploads\/2023\/05\/Logo-coco-coir.png","width":512,"height":512,"caption":"COCO COIR GLOBAL COMPANY LIMITED"},"image":{"@id":"https:\/\/cococoirglobal.com\/es\/#\/schema\/logo\/image\/"},"sameAs":["https:\/\/www.facebook.com\/cococoirglobal\/","https:\/\/www.instagram.com\/cococoirglobal\/","https:\/\/www.linkedin.com\/company\/coco-coir-global-company-limited","https:\/\/www.youtube.com\/channel\/UC4Xk-Is93xHrllYZADkM7yQ"]}]}},"_links":{"self":[{"href":"https:\/\/cococoirglobal.com\/es\/wp-json\/wp\/v2\/product\/32950"}],"collection":[{"href":"https:\/\/cococoirglobal.com\/es\/wp-json\/wp\/v2\/product"}],"about":[{"href":"https:\/\/cococoirglobal.com\/es\/wp-json\/wp\/v2\/types\/product"}],"replies":[{"embeddable":true,"href":"https:\/\/cococoirglobal.com\/es\/wp-json\/wp\/v2\/comments?post=32950"}],"wp:featuredmedia":[{"embeddable":true,"href":"https:\/\/cococoirglobal.com\/es\/wp-json\/wp\/v2\/media\/32388"}],"wp:attachment":[{"href":"https:\/\/cococoirglobal.com\/es\/wp-json\/wp\/v2\/media?parent=32950"}],"wp:term":[{"taxonomy":"product_cat","embeddable":true,"href":"https:\/\/cococoirglobal.com\/es\/wp-json\/wp\/v2\/product_cat?post=32950"},{"taxonomy":"product_tag","embeddable":true,"href":"https:\/\/cococoirglobal.com\/es\/wp-json\/wp\/v2\/product_tag?post=32950"}],"curies":[{"name":"wp","href":"https:\/\/api.w.org\/{rel}","templated":true}]}}