{"id":32915,"date":"2022-10-10T16:56:02","date_gmt":"2022-10-10T09:56:02","guid":{"rendered":"https:\/\/cococoirglobal.com\/?post_type=product&#038;p=32915"},"modified":"2024-04-25T23:39:07","modified_gmt":"2024-04-25T16:39:07","slug":"bloque-ladrillo-de-fibra-de-coco-5kg","status":"publish","type":"product","link":"https:\/\/cococoirglobal.com\/es\/product\/bloque-ladrillo-de-fibra-de-coco-5kg\/","title":{"rendered":"Bloque Fibra de Coco 5kg"},"content":{"rendered":"<p><b>En<\/b><a href=\"https:\/\/cococoirglobal.com\/\"> <b>Fibra de coco global<\/b><\/a><span style=\"font-weight: 400;\">, estamos orgullosos de ofrecer <\/span><b>productos de primera calidad<\/b><span style=\"font-weight: 400;\"> que atienden a una amplia gama de clientes (en su mayor\u00eda empresas B2B) con diversas necesidades. Nuestros sustratos de fibra de coco de alta calidad son <\/span><b>muy elogiado por los laboratorios<\/b><span style=\"font-weight: 400;\"> tanto en Vietnam como en Estados Unidos, e incluso<\/span><b>Listado OMRI para uso org\u00e1nico.<\/b><span style=\"font-weight: 400;\">. Perfectos para cultivar de todo, desde tomates y pepinos hasta cannabis y plantas ornamentales, nuestros sustratos de fibra de coco son vers\u00e1tiles y eficaces. Adem\u00e1s, estamos felices de<\/span><b>personalizar productos<\/b><span style=\"font-weight: 400;\"> para satisfacer las solicitudes y ofertas \u00fanicas de los clientes<\/span><b>Env\u00edo al mundo entero<\/b><span style=\"font-weight: 400;\"> con opciones de entrega flexibles. Elija Coco Coir Global para obtener sustratos de fibra de coco de alta calidad que llevar\u00e1n su horticultura al siguiente nivel.<\/span><\/p>\n<p><span style=\"font-weight: 400;\">El mismo acabado comprimido<\/span><b>Fibra de coco<\/b><span style=\"font-weight: 400;\"> Producto con producto Grow Bag (certificado OMRI Listed), solo diferente en forma de bloque.<\/span><\/p>\n<p><span style=\"font-weight: 400;\">Las materias primas son 100% naturales a partir de c\u00e1scaras de coco. Hidrata el bloque con agua dulce cuando lo utilices. Se utiliza para la mayor\u00eda de tipos de plantas tanto de exterior como de interior.<\/span><\/p>\n<h2><b>Caracteristicas de<\/b><a href=\"https:\/\/cococoirglobal.com\/product\/coconut-coir-block\/#coco_chips\"> <b>Bloque fibra de coco<\/b><\/a><b> 5 kg<\/b><\/h2>\n<ul>\n<li style=\"font-weight: 400;\" aria-level=\"1\"><span style=\"font-weight: 400;\">Sustrato org\u00e1nico, biodegradable y respetuoso con el medio ambiente<\/span><\/li>\n<li style=\"font-weight: 400;\" aria-level=\"1\"><span style=\"font-weight: 400;\">EC muy baja, especialmente adecuada para cultivos \u201csensibles\u201d<\/span><\/li>\n<li style=\"font-weight: 400;\" aria-level=\"1\"><span style=\"font-weight: 400;\">Niveles de pH equilibrados y estabilizados, con contenidos extremadamente bajos de potasio y sodio, adecuados para muchos cultivos diferentes.<\/span><\/li>\n<li style=\"font-weight: 400;\" aria-level=\"1\"><span style=\"font-weight: 400;\">Residuos extremadamente bajos de metales pesados \u200b\u200by pesticidas.<\/span><\/li>\n<li style=\"font-weight: 400;\" aria-level=\"1\"><span style=\"font-weight: 400;\">La alta porosidad llena de aire (AFP) proporciona una buena estructura media (ni demasiado suelta ni demasiado densa), buen intercambio de ox\u00edgeno, drenaje adecuado, buena retenci\u00f3n de agua y absorci\u00f3n de nutrientes para un mejor crecimiento de las plantas.<\/span><\/li>\n<li style=\"font-weight: 400;\" aria-level=\"1\"><span style=\"font-weight: 400;\">Un buen drenaje y una alta capacidad de retenci\u00f3n de agua (WHC) ayudan a retener la humedad y evitar el encharcamiento de las plantas.<\/span><\/li>\n<li style=\"font-weight: 400;\" aria-level=\"1\"><span style=\"font-weight: 400;\">Una aireaci\u00f3n deseable ayuda a que las ra\u00edces de las plantas reciban la cantidad necesaria de ox\u00edgeno y, por tanto, crezcan sanas.<\/span><\/li>\n<li style=\"font-weight: 400;\" aria-level=\"1\"><span style=\"font-weight: 400;\">La alta capacidad de intercambio cati\u00f3nico (CEC) ayuda a las plantas a absorber los nutrientes necesarios<\/span><\/li>\n<li style=\"font-weight: 400;\" aria-level=\"1\"><span style=\"font-weight: 400;\">No contiene productos qu\u00edmicos nocivos ni plagas, es seguro de usar.<\/span><\/li>\n<\/ul>\n<p><a href=\"https:\/\/cococoirglobal.com\/es\/?attachment_id=32397#main\" rel=\"attachment wp-att-32397\"><img decoding=\"async\" loading=\"lazy\" class=\"aligncenter wp-image-32397 size-full\" src=\"https:\/\/cococoirglobal.com\/wp-content\/uploads\/2023\/08\/Coco-Coir-Block-5kg.png\" alt=\"bloque fibra de coco\" width=\"1080\" height=\"800\" srcset=\"https:\/\/cococoirglobal.com\/wp-content\/uploads\/2023\/08\/Coco-Coir-Block-5kg.png 1080w, https:\/\/cococoirglobal.com\/wp-content\/uploads\/2023\/08\/Coco-Coir-Block-5kg-800x593.png 800w, https:\/\/cococoirglobal.com\/wp-content\/uploads\/2023\/08\/Coco-Coir-Block-5kg-768x569.png 768w, https:\/\/cococoirglobal.com\/wp-content\/uploads\/2023\/08\/Coco-Coir-Block-5kg-510x378.png 510w\" sizes=\"(max-width: 1080px) 100vw, 1080px\" \/><\/a><\/p>\n<h2><b>Beneficios de <\/b><b>Bloque <\/b><a href=\"https:\/\/cococoirglobal.com\/product-category\/coco-coir\/#coconut_coir\"><b>Fibra de coco<\/b><\/a><b>\u00a05kg<\/b><\/h2>\n<ul>\n<li style=\"font-weight: 400;\" aria-level=\"1\"><span style=\"font-weight: 400;\">Ayuda a proteger y reducir la cantidad de residuos en el medio ambiente.<\/span><\/li>\n<li style=\"font-weight: 400;\" aria-level=\"1\"><span style=\"font-weight: 400;\">Con propiedades excepcionales, la fibra de coco crea condiciones favorables y un entorno ideal para el crecimiento de las plantas.<\/span><\/li>\n<li style=\"font-weight: 400;\" aria-level=\"1\"><span style=\"font-weight: 400;\">Ayuda a mejorar la calidad de los cultivos, produciendo frutas y verduras sabrosas y nutritivas.<\/span><\/li>\n<li style=\"font-weight: 400;\" aria-level=\"1\"><span style=\"font-weight: 400;\">Ayuda a mejorar la productividad de los cultivos, produciendo altos rendimientos.<\/span><\/li>\n<li style=\"font-weight: 400;\" aria-level=\"1\"><span style=\"font-weight: 400;\">Ayuda a reducir el riesgo de que se produzcan enfermedades en las plantas como cuando se utiliza tierra tradicional.<\/span><\/li>\n<li style=\"font-weight: 400;\" aria-level=\"1\"><span style=\"font-weight: 400;\">Ayuda a los productores a ahorrar costos en esfuerzos de cuidado y uso de mano de obra.<\/span><\/li>\n<li style=\"font-weight: 400;\" aria-level=\"1\"><span style=\"font-weight: 400;\">Medio de cultivo vers\u00e1til, aplicado tanto en uso hort\u00edcola como no hort\u00edcola (varios otros campos) (obtenga m\u00e1s informaci\u00f3n aqu\u00ed)<\/span><\/li>\n<\/ul>\n<h2><b>Modo de empleo de <\/b><b><\/b><b>Bloque <\/b><b>Fibra de coco <\/b><b style=\"font-size: 23.040001px;\">5kg<\/b><\/h2>\n<ul>\n<li style=\"font-weight: 400;\" aria-level=\"1\"><span style=\"font-weight: 400;\">Paso 1: Hidratar el cubo o ladrillo\/bloque con agua dulce<\/span><\/li>\n<li style=\"font-weight: 400;\" aria-level=\"1\"><span style=\"font-weight: 400;\">Paso 2: Mientras espera que se expanda por completo, use las manos para agitarlo y lograr una expansi\u00f3n m\u00e1s r\u00e1pida.<\/span><\/li>\n<li style=\"font-weight: 400;\" aria-level=\"1\"><span style=\"font-weight: 400;\">Paso 3: saca una cantidad adecuada de fibra de coco.<\/span><\/li>\n<li style=\"font-weight: 400;\" aria-level=\"1\"><span style=\"font-weight: 400;\">Paso 4: Col\u00f3quelo en bandejas de pl\u00e1ntulas\/propagaci\u00f3n si es para viveros, o en macetas\/contenedores si es para trasplante.<\/span><\/li>\n<li style=\"font-weight: 400;\" aria-level=\"1\"><span style=\"font-weight: 400;\">Paso 5: Para cultivar plantas, trasplante las pl\u00e1ntulas a macetas\/contenedores.<\/span><\/li>\n<li style=\"font-weight: 400;\" aria-level=\"1\"><span style=\"font-weight: 400;\">Paso 6: Riega y alimenta las plantas con tu propio nutriente o el recomendado.<\/span><\/li>\n<\/ul>\n<p><span style=\"font-weight: 400;\">Nota<\/span><span style=\"font-weight: 400;\">: Tomar control de la rutina de alimentaci\u00f3n para evitar carencias<\/span><\/p>\n<p><a href=\"https:\/\/cococoirglobal.com\/es\/?attachment_id=26506#main\" rel=\"attachment wp-att-26506\"><img decoding=\"async\" loading=\"lazy\" class=\"aligncenter wp-image-26506 size-full\" src=\"https:\/\/cococoirglobal.com\/wp-content\/uploads\/2022\/10\/loading-ep-khoi-.png\" alt=\"bloque fibra de coco\" width=\"1080\" height=\"800\" srcset=\"https:\/\/cococoirglobal.com\/wp-content\/uploads\/2022\/10\/loading-ep-khoi-.png 1080w, https:\/\/cococoirglobal.com\/wp-content\/uploads\/2022\/10\/loading-ep-khoi--800x593.png 800w, https:\/\/cococoirglobal.com\/wp-content\/uploads\/2022\/10\/loading-ep-khoi--768x569.png 768w, https:\/\/cococoirglobal.com\/wp-content\/uploads\/2022\/10\/loading-ep-khoi--510x378.png 510w\" sizes=\"(max-width: 1080px) 100vw, 1080px\" \/><\/a><\/p>\n<h2><b>Conservaci\u00f3n de Fibra de Coco Bloque 5kg<\/b><\/h2>\n<ul>\n<li style=\"font-weight: 400;\" aria-level=\"1\"><span style=\"font-weight: 400;\">Almacenar en un lugar seco: Mantenga la fibra de coco deshidratada en un \u00e1rea fresca, seca y bien ventilada. Esto ayudar\u00e1 a evitar que la humedad se filtre y provoque que la fibra de coco se eche a perder.<\/span><\/li>\n<li style=\"font-weight: 400;\" aria-level=\"1\"><span style=\"font-weight: 400;\">Mant\u00e9ngalo alejado de la luz solar: la luz solar directa puede da\u00f1ar la fibra de coco, por lo que es esencial guardarla lejos de ventanas o cualquier otra fuente de luz solar directa.<\/span><\/li>\n<li style=\"font-weight: 400;\" aria-level=\"1\"><span style=\"font-weight: 400;\">Evite la contaminaci\u00f3n: mantenga la fibra de coco alejada de cualquier fuente potencial de contaminaci\u00f3n, como fertilizantes, pesticidas y productos qu\u00edmicos.<\/span><\/li>\n<li style=\"font-weight: 400;\" aria-level=\"1\"><span style=\"font-weight: 400;\">Utilizar dentro de la fecha de caducidad recomendada por el fabricante.<\/span><\/li>\n<\/ul>\n<p><span style=\"font-weight: 400;\">Ver m\u00e1s:<\/span><\/p>\n<ul>\n<li style=\"font-weight: 400;\" aria-level=\"1\"><a href=\"https:\/\/cococoirglobal.com\/product\/coco-coir-grow-bag\/#coco_grow_bags\"><b>Bolsa de cultivo de fibra de coco<\/b><\/a><span style=\"font-weight: 400;\"> Para mayores rendimientos Coco Coir Global<\/span><\/li>\n<li style=\"font-weight: 400;\" aria-level=\"1\"><a href=\"https:\/\/cococoirglobal.com\/product\/coco-peat-bag\/#coco_planting\"><b>Bolsa de turba de coco<\/b><\/a><span style=\"font-weight: 400;\"> 50L\/100L (suelto) &#8211; Coco Coir Global<\/span><\/li>\n<li style=\"font-weight: 400;\" aria-level=\"1\"><a href=\"https:\/\/cococoirglobal.com\/product\/coconut-coir-bulk\/#bulk_coco_coir\"><b>Fibra de coco a granel<\/b><\/a><span style=\"font-weight: 400;\"> Medios de cultivo org\u00e1nicos 1800L\/2000L<\/span><\/li>\n<li style=\"font-weight: 400;\" aria-level=\"1\"><a href=\"https:\/\/cococoirglobal.com\/product\/coconut-coir-propagation-cube\/#coco_coir_grow_cubes\"><b>Cubo de propagaci\u00f3n de fibra de coco<\/b><\/a><\/li>\n<li style=\"font-weight: 400;\" aria-level=\"1\"><a href=\"https:\/\/cococoirglobal.com\/product\/compressed-coco-coir-open-top-bag\/#brick_of_coco_coir\"><b>Bolsa superior abierta de fibra de coco comprimida<\/b><\/a><span style=\"font-weight: 400;\"> (Ladrillo de fibra de coco)<\/span><\/li>\n<li style=\"font-weight: 400;\" aria-level=\"1\"><a href=\"https:\/\/cococoirglobal.com\/product\/pre-filled-coco-coir-bags\/#pre_filled_coco_coir_bag\"><b>Bolsas de fibra de coco precargadas<\/b><\/a><span style=\"font-weight: 400;\"> 100% natural de c\u00e1scaras de coco<\/span><\/li>\n<\/ul>\n<p>&nbsp;<\/p>\n","protected":false},"excerpt":{"rendered":"<div>\u2713 Econ\u00f3mico y vers\u00e1til para diferentes usos<\/div>\n<div><\/div>\n<div>\u2713 Adecuado tanto para productores comerciales como individuales<\/div>\n<div><\/div>\n<div>\u2713 Adecuado para cultivos a peque\u00f1a y gran escala<\/div>\n","protected":false},"featured_media":32402,"comment_status":"open","ping_status":"closed","template":"","meta":[],"product_cat":[587],"product_tag":[],"yoast_head":"<!-- This site is optimized with the Yoast SEO plugin v22.6 - https:\/\/yoast.com\/wordpress\/plugins\/seo\/ -->\n<title>Bloque de fibra de coco y ladrillo de fibra de coco 5 kg para plantas<\/title>\n<meta name=\"description\" content=\"En Fibra de coco global, estamos orgullosos de ofrecerproductos de primera calidad que atienden a una amplia gama de clientes (en su mayor\u00eda empresas B2B) con diversas necesidades.\" \/>\n<meta name=\"robots\" content=\"index, follow, max-snippet:-1, max-image-preview:large, max-video-preview:-1\" \/>\n<link rel=\"canonical\" href=\"https:\/\/cococoirglobal.com\/es\/product\/bloque-ladrillo-de-fibra-de-coco-5kg\/\" \/>\n<meta property=\"og:locale\" content=\"es_ES\" \/>\n<meta property=\"og:type\" content=\"article\" \/>\n<meta property=\"og:title\" content=\"Bloque de fibra de coco y ladrillo de fibra de coco 5 kg para plantas\" \/>\n<meta property=\"og:description\" content=\"En Fibra de coco global, estamos orgullosos de ofrecerproductos de primera calidad que atienden a una amplia gama de clientes (en su mayor\u00eda empresas B2B) con diversas necesidades.\" \/>\n<meta property=\"og:url\" content=\"https:\/\/cococoirglobal.com\/es\/product\/bloque-ladrillo-de-fibra-de-coco-5kg\/\" \/>\n<meta property=\"og:site_name\" content=\"Coco Coir Global Vietnam\" \/>\n<meta property=\"article:publisher\" content=\"https:\/\/www.facebook.com\/cococoirglobal\/\" \/>\n<meta property=\"article:modified_time\" content=\"2024-04-25T16:39:07+00:00\" \/>\n<meta property=\"og:image\" content=\"https:\/\/cococoirglobal.com\/wp-content\/uploads\/2023\/08\/Coco-Coir-Block-5kg.png\" \/>\n\t<meta property=\"og:image:width\" content=\"1080\" \/>\n\t<meta property=\"og:image:height\" content=\"800\" \/>\n\t<meta property=\"og:image:type\" content=\"image\/png\" \/>\n<meta name=\"twitter:card\" content=\"summary_large_image\" \/>\n<meta name=\"twitter:label1\" content=\"Tiempo de lectura\" \/>\n\t<meta name=\"twitter:data1\" content=\"4 minutos\" \/>\n<script type=\"application\/ld+json\" class=\"yoast-schema-graph\">{\"@context\":\"https:\/\/schema.org\",\"@graph\":[{\"@type\":\"WebPage\",\"@id\":\"https:\/\/cococoirglobal.com\/es\/product\/bloque-ladrillo-de-fibra-de-coco-5kg\/\",\"url\":\"https:\/\/cococoirglobal.com\/es\/product\/bloque-ladrillo-de-fibra-de-coco-5kg\/\",\"name\":\"Bloque de fibra de coco y ladrillo de fibra de coco 5 kg para plantas\",\"isPartOf\":{\"@id\":\"https:\/\/cococoirglobal.com\/es\/#website\"},\"primaryImageOfPage\":{\"@id\":\"https:\/\/cococoirglobal.com\/es\/product\/bloque-ladrillo-de-fibra-de-coco-5kg\/#primaryimage\"},\"image\":{\"@id\":\"https:\/\/cococoirglobal.com\/es\/product\/bloque-ladrillo-de-fibra-de-coco-5kg\/#primaryimage\"},\"thumbnailUrl\":\"https:\/\/cococoirglobal.com\/wp-content\/uploads\/2023\/08\/Coco-Coir-Block-5kg.png\",\"datePublished\":\"2022-10-10T09:56:02+00:00\",\"dateModified\":\"2024-04-25T16:39:07+00:00\",\"description\":\"En Fibra de coco global, estamos orgullosos de ofrecerproductos de primera calidad que atienden a una amplia gama de clientes (en su mayor\u00eda empresas B2B) con diversas necesidades.\",\"breadcrumb\":{\"@id\":\"https:\/\/cococoirglobal.com\/es\/product\/bloque-ladrillo-de-fibra-de-coco-5kg\/#breadcrumb\"},\"inLanguage\":\"es\",\"potentialAction\":[{\"@type\":\"ReadAction\",\"target\":[\"https:\/\/cococoirglobal.com\/es\/product\/bloque-ladrillo-de-fibra-de-coco-5kg\/\"]}]},{\"@type\":\"ImageObject\",\"inLanguage\":\"es\",\"@id\":\"https:\/\/cococoirglobal.com\/es\/product\/bloque-ladrillo-de-fibra-de-coco-5kg\/#primaryimage\",\"url\":\"https:\/\/cococoirglobal.com\/wp-content\/uploads\/2023\/08\/Coco-Coir-Block-5kg.png\",\"contentUrl\":\"https:\/\/cococoirglobal.com\/wp-content\/uploads\/2023\/08\/Coco-Coir-Block-5kg.png\",\"width\":1080,\"height\":800,\"caption\":\"bloque fibra de coco\"},{\"@type\":\"BreadcrumbList\",\"@id\":\"https:\/\/cococoirglobal.com\/es\/product\/bloque-ladrillo-de-fibra-de-coco-5kg\/#breadcrumb\",\"itemListElement\":[{\"@type\":\"ListItem\",\"position\":1,\"name\":\"Home\",\"item\":\"https:\/\/cococoirglobal.com\/es\/\"},{\"@type\":\"ListItem\",\"position\":2,\"name\":\"Productos\",\"item\":\"https:\/\/cococoirglobal.com\/es\/shop\/\"},{\"@type\":\"ListItem\",\"position\":3,\"name\":\"Coco coir product\",\"item\":\"https:\/\/cococoirglobal.com\/es\/product-category\/coco-coir-product\/\"},{\"@type\":\"ListItem\",\"position\":4,\"name\":\"Bloque Fibra de Coco 5kg\"}]},{\"@type\":\"WebSite\",\"@id\":\"https:\/\/cococoirglobal.com\/es\/#website\",\"url\":\"https:\/\/cococoirglobal.com\/es\/\",\"name\":\"Coco Coir Global\",\"description\":\"The leading manufacturer and supplier of Coco Coir Products!\",\"publisher\":{\"@id\":\"https:\/\/cococoirglobal.com\/es\/#organization\"},\"potentialAction\":[{\"@type\":\"SearchAction\",\"target\":{\"@type\":\"EntryPoint\",\"urlTemplate\":\"https:\/\/cococoirglobal.com\/es\/?s={search_term_string}\"},\"query-input\":\"required name=search_term_string\"}],\"inLanguage\":\"es\"},{\"@type\":\"Organization\",\"@id\":\"https:\/\/cococoirglobal.com\/es\/#organization\",\"name\":\"COCO COIR GLOBAL COMPANY LIMITED\",\"url\":\"https:\/\/cococoirglobal.com\/es\/\",\"logo\":{\"@type\":\"ImageObject\",\"inLanguage\":\"es\",\"@id\":\"https:\/\/cococoirglobal.com\/es\/#\/schema\/logo\/image\/\",\"url\":\"https:\/\/cococoirglobal.com\/wp-content\/uploads\/2023\/05\/Logo-coco-coir.png\",\"contentUrl\":\"https:\/\/cococoirglobal.com\/wp-content\/uploads\/2023\/05\/Logo-coco-coir.png\",\"width\":512,\"height\":512,\"caption\":\"COCO COIR GLOBAL COMPANY LIMITED\"},\"image\":{\"@id\":\"https:\/\/cococoirglobal.com\/es\/#\/schema\/logo\/image\/\"},\"sameAs\":[\"https:\/\/www.facebook.com\/cococoirglobal\/\",\"https:\/\/www.instagram.com\/cococoirglobal\/\",\"https:\/\/www.linkedin.com\/company\/coco-coir-global-company-limited\",\"https:\/\/www.youtube.com\/channel\/UC4Xk-Is93xHrllYZADkM7yQ\"]}]}<\/script>\n<!-- \/ Yoast SEO plugin. -->","yoast_head_json":{"title":"Bloque de fibra de coco y ladrillo de fibra de coco 5 kg para plantas","description":"En Fibra de coco global, estamos orgullosos de ofrecerproductos de primera calidad que atienden a una amplia gama de clientes (en su mayor\u00eda empresas B2B) con diversas necesidades.","robots":{"index":"index","follow":"follow","max-snippet":"max-snippet:-1","max-image-preview":"max-image-preview:large","max-video-preview":"max-video-preview:-1"},"canonical":"https:\/\/cococoirglobal.com\/es\/product\/bloque-ladrillo-de-fibra-de-coco-5kg\/","og_locale":"es_ES","og_type":"article","og_title":"Bloque de fibra de coco y ladrillo de fibra de coco 5 kg para plantas","og_description":"En Fibra de coco global, estamos orgullosos de ofrecerproductos de primera calidad que atienden a una amplia gama de clientes (en su mayor\u00eda empresas B2B) con diversas necesidades.","og_url":"https:\/\/cococoirglobal.com\/es\/product\/bloque-ladrillo-de-fibra-de-coco-5kg\/","og_site_name":"Coco Coir Global Vietnam","article_publisher":"https:\/\/www.facebook.com\/cococoirglobal\/","article_modified_time":"2024-04-25T16:39:07+00:00","og_image":[{"width":1080,"height":800,"url":"https:\/\/cococoirglobal.com\/wp-content\/uploads\/2023\/08\/Coco-Coir-Block-5kg.png","type":"image\/png"}],"twitter_card":"summary_large_image","twitter_misc":{"Tiempo de lectura":"4 minutos"},"schema":{"@context":"https:\/\/schema.org","@graph":[{"@type":"WebPage","@id":"https:\/\/cococoirglobal.com\/es\/product\/bloque-ladrillo-de-fibra-de-coco-5kg\/","url":"https:\/\/cococoirglobal.com\/es\/product\/bloque-ladrillo-de-fibra-de-coco-5kg\/","name":"Bloque de fibra de coco y ladrillo de fibra de coco 5 kg para plantas","isPartOf":{"@id":"https:\/\/cococoirglobal.com\/es\/#website"},"primaryImageOfPage":{"@id":"https:\/\/cococoirglobal.com\/es\/product\/bloque-ladrillo-de-fibra-de-coco-5kg\/#primaryimage"},"image":{"@id":"https:\/\/cococoirglobal.com\/es\/product\/bloque-ladrillo-de-fibra-de-coco-5kg\/#primaryimage"},"thumbnailUrl":"https:\/\/cococoirglobal.com\/wp-content\/uploads\/2023\/08\/Coco-Coir-Block-5kg.png","datePublished":"2022-10-10T09:56:02+00:00","dateModified":"2024-04-25T16:39:07+00:00","description":"En Fibra de coco global, estamos orgullosos de ofrecerproductos de primera calidad que atienden a una amplia gama de clientes (en su mayor\u00eda empresas B2B) con diversas necesidades.","breadcrumb":{"@id":"https:\/\/cococoirglobal.com\/es\/product\/bloque-ladrillo-de-fibra-de-coco-5kg\/#breadcrumb"},"inLanguage":"es","potentialAction":[{"@type":"ReadAction","target":["https:\/\/cococoirglobal.com\/es\/product\/bloque-ladrillo-de-fibra-de-coco-5kg\/"]}]},{"@type":"ImageObject","inLanguage":"es","@id":"https:\/\/cococoirglobal.com\/es\/product\/bloque-ladrillo-de-fibra-de-coco-5kg\/#primaryimage","url":"https:\/\/cococoirglobal.com\/wp-content\/uploads\/2023\/08\/Coco-Coir-Block-5kg.png","contentUrl":"https:\/\/cococoirglobal.com\/wp-content\/uploads\/2023\/08\/Coco-Coir-Block-5kg.png","width":1080,"height":800,"caption":"bloque fibra de coco"},{"@type":"BreadcrumbList","@id":"https:\/\/cococoirglobal.com\/es\/product\/bloque-ladrillo-de-fibra-de-coco-5kg\/#breadcrumb","itemListElement":[{"@type":"ListItem","position":1,"name":"Home","item":"https:\/\/cococoirglobal.com\/es\/"},{"@type":"ListItem","position":2,"name":"Productos","item":"https:\/\/cococoirglobal.com\/es\/shop\/"},{"@type":"ListItem","position":3,"name":"Coco coir product","item":"https:\/\/cococoirglobal.com\/es\/product-category\/coco-coir-product\/"},{"@type":"ListItem","position":4,"name":"Bloque Fibra de Coco 5kg"}]},{"@type":"WebSite","@id":"https:\/\/cococoirglobal.com\/es\/#website","url":"https:\/\/cococoirglobal.com\/es\/","name":"Coco Coir Global","description":"The leading manufacturer and supplier of Coco Coir Products!","publisher":{"@id":"https:\/\/cococoirglobal.com\/es\/#organization"},"potentialAction":[{"@type":"SearchAction","target":{"@type":"EntryPoint","urlTemplate":"https:\/\/cococoirglobal.com\/es\/?s={search_term_string}"},"query-input":"required name=search_term_string"}],"inLanguage":"es"},{"@type":"Organization","@id":"https:\/\/cococoirglobal.com\/es\/#organization","name":"COCO COIR GLOBAL COMPANY LIMITED","url":"https:\/\/cococoirglobal.com\/es\/","logo":{"@type":"ImageObject","inLanguage":"es","@id":"https:\/\/cococoirglobal.com\/es\/#\/schema\/logo\/image\/","url":"https:\/\/cococoirglobal.com\/wp-content\/uploads\/2023\/05\/Logo-coco-coir.png","contentUrl":"https:\/\/cococoirglobal.com\/wp-content\/uploads\/2023\/05\/Logo-coco-coir.png","width":512,"height":512,"caption":"COCO COIR GLOBAL COMPANY LIMITED"},"image":{"@id":"https:\/\/cococoirglobal.com\/es\/#\/schema\/logo\/image\/"},"sameAs":["https:\/\/www.facebook.com\/cococoirglobal\/","https:\/\/www.instagram.com\/cococoirglobal\/","https:\/\/www.linkedin.com\/company\/coco-coir-global-company-limited","https:\/\/www.youtube.com\/channel\/UC4Xk-Is93xHrllYZADkM7yQ"]}]}},"_links":{"self":[{"href":"https:\/\/cococoirglobal.com\/es\/wp-json\/wp\/v2\/product\/32915"}],"collection":[{"href":"https:\/\/cococoirglobal.com\/es\/wp-json\/wp\/v2\/product"}],"about":[{"href":"https:\/\/cococoirglobal.com\/es\/wp-json\/wp\/v2\/types\/product"}],"replies":[{"embeddable":true,"href":"https:\/\/cococoirglobal.com\/es\/wp-json\/wp\/v2\/comments?post=32915"}],"wp:featuredmedia":[{"embeddable":true,"href":"https:\/\/cococoirglobal.com\/es\/wp-json\/wp\/v2\/media\/32402"}],"wp:attachment":[{"href":"https:\/\/cococoirglobal.com\/es\/wp-json\/wp\/v2\/media?parent=32915"}],"wp:term":[{"taxonomy":"product_cat","embeddable":true,"href":"https:\/\/cococoirglobal.com\/es\/wp-json\/wp\/v2\/product_cat?post=32915"},{"taxonomy":"product_tag","embeddable":true,"href":"https:\/\/cococoirglobal.com\/es\/wp-json\/wp\/v2\/product_tag?post=32915"}],"curies":[{"name":"wp","href":"https:\/\/api.w.org\/{rel}","templated":true}]}}