{"id":32873,"date":"2022-11-07T18:17:39","date_gmt":"2022-11-07T11:17:39","guid":{"rendered":"https:\/\/cococoirglobal.com\/?post_type=product&#038;p=32873"},"modified":"2023-12-04T14:55:10","modified_gmt":"2023-12-04T07:55:10","slug":"cubo-de-propagacion-de-fibra-de-coco","status":"publish","type":"product","link":"https:\/\/cococoirglobal.com\/es\/product\/cubo-de-propagacion-de-fibra-de-coco\/","title":{"rendered":"Cubo de propagaci\u00f3n de fibra de coco"},"content":{"rendered":"<blockquote><p><b>En<\/b><a href=\"https:\/\/cococoirglobal.com\/\"> <b>Fibra de coco global<\/b><\/a><span style=\"font-weight: 400;\">, estamos orgullosos de ofrecer<\/span><b>productos de primera calidad<\/b><span style=\"font-weight: 400;\"> que atienden a una amplia gama de clientes (en su mayor\u00eda empresas B2B) con diversas necesidades. Nuestros sustratos de fibra de coco de alta calidad son<\/span><b>muy elogiado por los laboratorios<\/b><span style=\"font-weight: 400;\"> tanto en Vietnam como en Estados Unidos, e incluso<\/span><b>Listado OMRI para uso org\u00e1nico.<\/b><span style=\"font-weight: 400;\">. Perfectos para cultivar de todo, desde tomates y pepinos hasta cannabis y plantas ornamentales, nuestros sustratos de fibra de coco son vers\u00e1tiles y eficaces. Adem\u00e1s, estamos felices de<\/span><b>personalizar productos<\/b><span style=\"font-weight: 400;\"> para satisfacer las solicitudes y ofertas \u00fanicas de los clientes<\/span><b>Env\u00edo al mundo entero<\/b><span style=\"font-weight: 400;\"> con opciones de entrega flexibles. Elija Coco Coir Global para obtener sustratos de fibra de coco de alta calidad que llevar\u00e1n su horticultura al siguiente nivel.<\/span><\/p><\/blockquote>\n<p><span style=\"font-weight: 400;\">El mismo producto terminado de fibra de coco comprimida con el producto Grow Bag (certificado por OMRI), solo que es diferente en forma de cubo.<\/span><b>Cubitos<\/b><span style=\"font-weight: 400;\"> son personalizables. Embalado con bolsas de pl\u00e1stico (o bolsas biodegradables si es necesario).<\/span><\/p>\n<p><span style=\"font-weight: 400;\">Las materias primas son 100% naturales a partir de c\u00e1scaras de coco. Formulario listo para usar. Ampliamente utilizado para sembrar semillas y propagar esquejes. Especialmente indicado para cultivos de invernadero como tomate, pepino, pimiento, berenjena, etc.<\/span><\/p>\n<h2><b>Caracteristicas de<\/b><a href=\"https:\/\/cococoirglobal.com\/product-category\/coco-coir\/#coconut_coir\"> <b>Fibra de coco<\/b><\/a><b> Cubo de propagaci\u00f3n<\/b><\/h2>\n<ul>\n<li style=\"font-weight: 400;\" aria-level=\"1\"><span style=\"font-weight: 400;\">Sustrato org\u00e1nico, biodegradable y respetuoso con el medio ambiente<\/span><\/li>\n<li style=\"font-weight: 400;\" aria-level=\"1\"><span style=\"font-weight: 400;\">EC muy baja, especialmente adecuada para el inicio de semillas.<\/span><\/li>\n<li style=\"font-weight: 400;\" aria-level=\"1\"><span style=\"font-weight: 400;\">Niveles de pH equilibrados y estabilizados, con contenidos extremadamente bajos de potasio y sodio, adecuados para diferentes cultivos.<\/span><\/li>\n<li style=\"font-weight: 400;\" aria-level=\"1\"><span style=\"font-weight: 400;\">Residuos extremadamente bajos de metales pesados \u200b\u200by pesticidas.<\/span><\/li>\n<li style=\"font-weight: 400;\" aria-level=\"1\"><span style=\"font-weight: 400;\">La alta porosidad llena de aire (AFP) proporciona una buena estructura media (ni demasiado suelta ni demasiado densa), buen intercambio de ox\u00edgeno, drenaje adecuado, buena retenci\u00f3n de agua y absorci\u00f3n de nutrientes para un mejor crecimiento de las plantas.<\/span><\/li>\n<li style=\"font-weight: 400;\" aria-level=\"1\"><span style=\"font-weight: 400;\">Un buen drenaje y una alta capacidad de retenci\u00f3n de agua (WHC) ayudan a retener la humedad y evitar el encharcamiento de las plantas.<\/span><\/li>\n<li style=\"font-weight: 400;\" aria-level=\"1\"><span style=\"font-weight: 400;\">Una aireaci\u00f3n deseable ayuda a que las ra\u00edces de las plantas reciban la cantidad necesaria de ox\u00edgeno y, por tanto, crezcan sanas.<\/span><\/li>\n<li style=\"font-weight: 400;\" aria-level=\"1\"><span style=\"font-weight: 400;\">La alta capacidad de intercambio cati\u00f3nico (CEC) ayuda a las plantas a absorber los nutrientes necesarios<\/span><\/li>\n<li style=\"font-weight: 400;\" aria-level=\"1\"><span style=\"font-weight: 400;\">No contiene productos qu\u00edmicos nocivos ni plagas, es seguro de usar.<\/span><\/li>\n<\/ul>\n<p><a href=\"https:\/\/cococoirglobal.com\/es\/?attachment_id=32404#main\" rel=\"attachment wp-att-32404\"><img decoding=\"async\" loading=\"lazy\" class=\"size-full wp-image-32404 aligncenter\" src=\"https:\/\/cococoirglobal.com\/wp-content\/uploads\/2023\/08\/Coconut-Coir-Propagation-Cube.png\" alt=\"\" width=\"1080\" height=\"800\" srcset=\"https:\/\/cococoirglobal.com\/wp-content\/uploads\/2023\/08\/Coconut-Coir-Propagation-Cube.png 1080w, https:\/\/cococoirglobal.com\/wp-content\/uploads\/2023\/08\/Coconut-Coir-Propagation-Cube-800x593.png 800w, https:\/\/cococoirglobal.com\/wp-content\/uploads\/2023\/08\/Coconut-Coir-Propagation-Cube-768x569.png 768w, https:\/\/cococoirglobal.com\/wp-content\/uploads\/2023\/08\/Coconut-Coir-Propagation-Cube-510x378.png 510w\" sizes=\"(max-width: 1080px) 100vw, 1080px\" \/><\/a><\/p>\n<h2><b>Beneficios de<\/b><a href=\"https:\/\/cococoirglobal.com\/product\/coconut-coir-propagation-cube\/#coco_coir_grow_cubes\"> <b>Cubo de propagaci\u00f3n de fibra de coco<\/b><\/a><\/h2>\n<ul>\n<li style=\"font-weight: 400;\" aria-level=\"1\"><span style=\"font-weight: 400;\">Ayuda a proteger y reducir la cantidad de residuos en el medio ambiente.<\/span><\/li>\n<li style=\"font-weight: 400;\" aria-level=\"1\"><span style=\"font-weight: 400;\">Con propiedades excepcionales, la fibra de coco crea condiciones favorables y un entorno ideal para el crecimiento de las plantas.<\/span><\/li>\n<li style=\"font-weight: 400;\" aria-level=\"1\"><span style=\"font-weight: 400;\">Ayuda a mejorar la calidad de los cultivos, produciendo frutas y verduras sabrosas y nutritivas.<\/span><\/li>\n<li style=\"font-weight: 400;\" aria-level=\"1\"><span style=\"font-weight: 400;\">Ayuda a mejorar la productividad de los cultivos, produciendo altos rendimientos.<\/span><\/li>\n<li style=\"font-weight: 400;\" aria-level=\"1\"><span style=\"font-weight: 400;\">Ayuda a reducir el riesgo de que se produzcan enfermedades en las plantas como cuando se utiliza tierra tradicional.<\/span><\/li>\n<li style=\"font-weight: 400;\" aria-level=\"1\"><span style=\"font-weight: 400;\">Ayuda a los productores a ahorrar costos en esfuerzos de cuidado y uso de mano de obra.<\/span><\/li>\n<\/ul>\n<h2><b>Instrucciones de uso del cubo de propagaci\u00f3n de fibra de coco<\/b><\/h2>\n<ul>\n<li style=\"font-weight: 400;\" aria-level=\"1\"><span style=\"font-weight: 400;\">Paso 1: Hidrata el cubo de cultivo con agua dulce manualmente usando una regadera o autom\u00e1ticamente usando un sistema de riego (usualmente usado en invernaderos de alta tecnolog\u00eda que cuentan con m\u00e1quinas de monitoreo) hasta que se expanda hasta su plenitud.<\/span><\/li>\n<li style=\"font-weight: 400;\" aria-level=\"1\"><span style=\"font-weight: 400;\">Paso 2: Pon la semilla o la pl\u00e1ntula en el cubo de cultivo.<\/span><\/li>\n<li style=\"font-weight: 400;\" aria-level=\"1\"><span style=\"font-weight: 400;\">Paso 3: Riegue y alimente las plantas con sus propios reg\u00edmenes de nutrientes o los recomendados (si es necesario)<\/span><\/li>\n<\/ul>\n<p><span style=\"font-weight: 400;\">Nota<\/span><span style=\"font-weight: 400;\">: Tomar control de la rutina de alimentaci\u00f3n para evitar carencias<\/span><\/p>\n<h2><b>Preservaci\u00f3n del cubo de propagaci\u00f3n de fibra de coco<\/b><\/h2>\n<ul>\n<li style=\"font-weight: 400;\" aria-level=\"1\"><span style=\"font-weight: 400;\">Almacenar en un \u00e1rea fresca, seca y bien ventilada. Esto ayudar\u00e1 a evitar que la humedad se filtre y provoque que la fibra de coco se eche a perder.<\/span><\/li>\n<li style=\"font-weight: 400;\" aria-level=\"1\"><span style=\"font-weight: 400;\">Mant\u00e9ngalo alejado de la luz solar: la luz solar directa puede da\u00f1ar la fibra de coco, por lo que es esencial guardarla lejos de ventanas o cualquier otra fuente de luz solar directa.<\/span><\/li>\n<li style=\"font-weight: 400;\" aria-level=\"1\"><span style=\"font-weight: 400;\">Evite la contaminaci\u00f3n: mantenga la fibra de coco alejada de cualquier fuente potencial de contaminaci\u00f3n, como fertilizantes, pesticidas y productos qu\u00edmicos.<\/span><\/li>\n<li style=\"font-weight: 400;\" aria-level=\"1\"><span style=\"font-weight: 400;\">Utilizar dentro de la fecha de caducidad recomendada por el fabricante.<\/span><\/li>\n<\/ul>\n<p><span style=\"font-weight: 400;\">Ver m\u00e1s:<\/span><\/p>\n<ul>\n<li style=\"font-weight: 400;\" aria-level=\"1\"><a href=\"https:\/\/cococoirglobal.com\/product\/coco-coir-grow-bag\/#coco_grow_bags\"><b>Bolsa de cultivo de fibra de coco<\/b><\/a><span style=\"font-weight: 400;\"> Para mayores rendimientos Coco Coir Global<\/span><\/li>\n<li style=\"font-weight: 400;\" aria-level=\"1\"><a href=\"https:\/\/cococoirglobal.com\/product\/coco-peat-bag\/#coco_planting\"><b>Bolsa de turba de coco<\/b><\/a><span style=\"font-weight: 400;\"> 50L\/100L (suelto) &#8211; Coco Coir Global<\/span><\/li>\n<li style=\"font-weight: 400;\" aria-level=\"1\"><a href=\"https:\/\/cococoirglobal.com\/product\/coconut-coir-block\/#coco_chips\"><b>Bloque de fibra de coco<\/b><\/a><span style=\"font-weight: 400;\">\/Ladrillo 5kg &#8211; Coco Coir Global<\/span><\/li>\n<li style=\"font-weight: 400;\" aria-level=\"1\"><a href=\"https:\/\/cococoirglobal.com\/product\/coconut-coir-bulk\/#bulk_coco_coir\"><b>Fibra de coco a granel<\/b><\/a><span style=\"font-weight: 400;\"> Medios de cultivo org\u00e1nicos 1800L\/2000L<\/span><\/li>\n<li style=\"font-weight: 400;\" aria-level=\"1\"><span style=\"font-weight: 400;\">Comprimido<\/span><a href=\"https:\/\/cococoirglobal.com\/product\/compressed-coco-coir-open-top-bag\/#brick_of_coco_coir\"> <b>Bolso abierto con parte superior de fibra de coco<\/b><\/a><span style=\"font-weight: 400;\"> (Ladrillo de fibra de coco)<\/span><\/li>\n<li style=\"font-weight: 400;\" aria-level=\"1\"><a href=\"https:\/\/cococoirglobal.com\/product\/pre-filled-coco-coir-bags\/#pre_filled_coco_coir_bag\"><b>Bolsas de fibra de coco precargadas<\/b><\/a><span style=\"font-weight: 400;\"> 100% natural de c\u00e1scaras de coco<\/span><\/li>\n<\/ul>\n<p>&nbsp;<\/p>\n","protected":false},"excerpt":{"rendered":"<div>\u2713 Sustrato ideal para sembrar semillas y propagar plantas j\u00f3venes.<\/div>\n<div><\/div>\n<div>\u2713 Especializados para cultivos de invernadero<\/div>\n<div><\/div>\n<div>\u2713 Recomendado para usar junto con bolsas de cultivo de fibra de coco.<\/div>\n<div><\/div>\n<div>\u2713 F\u00e1cil de usar y transportar con grandes cantidades<\/div>\n","protected":false},"featured_media":32409,"comment_status":"open","ping_status":"closed","template":"","meta":[],"product_cat":[587],"product_tag":[],"yoast_head":"<!-- This site is optimized with the Yoast SEO plugin v22.6 - https:\/\/yoast.com\/wordpress\/plugins\/seo\/ -->\n<title>Coco Coir Cube - Cubo de propagaci\u00f3n de Coco Coir 100% org\u00e1nico<\/title>\n<meta name=\"description\" content=\"En Fibra de coco global, estamos orgullosos de ofrecerproductos de primera calidad que atienden a una amplia gama de clientes (en su mayor\u00eda empresas B2B) con diversas necesidades.\" \/>\n<meta name=\"robots\" content=\"index, follow, max-snippet:-1, max-image-preview:large, max-video-preview:-1\" \/>\n<link rel=\"canonical\" href=\"https:\/\/cococoirglobal.com\/es\/product\/cubo-de-propagacion-de-fibra-de-coco\/\" \/>\n<meta property=\"og:locale\" content=\"es_ES\" \/>\n<meta property=\"og:type\" content=\"article\" \/>\n<meta property=\"og:title\" content=\"Coco Coir Cube - Cubo de propagaci\u00f3n de Coco Coir 100% org\u00e1nico\" \/>\n<meta property=\"og:description\" content=\"En Fibra de coco global, estamos orgullosos de ofrecerproductos de primera calidad que atienden a una amplia gama de clientes (en su mayor\u00eda empresas B2B) con diversas necesidades.\" \/>\n<meta property=\"og:url\" content=\"https:\/\/cococoirglobal.com\/es\/product\/cubo-de-propagacion-de-fibra-de-coco\/\" \/>\n<meta property=\"og:site_name\" content=\"Coco Coir Global Vietnam\" \/>\n<meta property=\"article:publisher\" content=\"https:\/\/www.facebook.com\/cococoirglobal\/\" \/>\n<meta property=\"article:modified_time\" content=\"2023-12-04T07:55:10+00:00\" \/>\n<meta property=\"og:image\" content=\"https:\/\/cococoirglobal.com\/wp-content\/uploads\/2023\/08\/Coconut-Coir-Propagation-Cube.png\" \/>\n\t<meta property=\"og:image:width\" content=\"1080\" \/>\n\t<meta property=\"og:image:height\" content=\"800\" \/>\n\t<meta property=\"og:image:type\" content=\"image\/png\" \/>\n<meta name=\"twitter:card\" content=\"summary_large_image\" \/>\n<meta name=\"twitter:label1\" content=\"Tiempo de lectura\" \/>\n\t<meta name=\"twitter:data1\" content=\"3 minutos\" \/>\n<script type=\"application\/ld+json\" class=\"yoast-schema-graph\">{\"@context\":\"https:\/\/schema.org\",\"@graph\":[{\"@type\":\"WebPage\",\"@id\":\"https:\/\/cococoirglobal.com\/es\/product\/cubo-de-propagacion-de-fibra-de-coco\/\",\"url\":\"https:\/\/cococoirglobal.com\/es\/product\/cubo-de-propagacion-de-fibra-de-coco\/\",\"name\":\"Coco Coir Cube - Cubo de propagaci\u00f3n de Coco Coir 100% org\u00e1nico\",\"isPartOf\":{\"@id\":\"https:\/\/cococoirglobal.com\/es\/#website\"},\"primaryImageOfPage\":{\"@id\":\"https:\/\/cococoirglobal.com\/es\/product\/cubo-de-propagacion-de-fibra-de-coco\/#primaryimage\"},\"image\":{\"@id\":\"https:\/\/cococoirglobal.com\/es\/product\/cubo-de-propagacion-de-fibra-de-coco\/#primaryimage\"},\"thumbnailUrl\":\"https:\/\/cococoirglobal.com\/wp-content\/uploads\/2023\/08\/Coconut-Coir-Propagation-Cube.png\",\"datePublished\":\"2022-11-07T11:17:39+00:00\",\"dateModified\":\"2023-12-04T07:55:10+00:00\",\"description\":\"En Fibra de coco global, estamos orgullosos de ofrecerproductos de primera calidad que atienden a una amplia gama de clientes (en su mayor\u00eda empresas B2B) con diversas necesidades.\",\"breadcrumb\":{\"@id\":\"https:\/\/cococoirglobal.com\/es\/product\/cubo-de-propagacion-de-fibra-de-coco\/#breadcrumb\"},\"inLanguage\":\"es\",\"potentialAction\":[{\"@type\":\"ReadAction\",\"target\":[\"https:\/\/cococoirglobal.com\/es\/product\/cubo-de-propagacion-de-fibra-de-coco\/\"]}]},{\"@type\":\"ImageObject\",\"inLanguage\":\"es\",\"@id\":\"https:\/\/cococoirglobal.com\/es\/product\/cubo-de-propagacion-de-fibra-de-coco\/#primaryimage\",\"url\":\"https:\/\/cococoirglobal.com\/wp-content\/uploads\/2023\/08\/Coconut-Coir-Propagation-Cube.png\",\"contentUrl\":\"https:\/\/cococoirglobal.com\/wp-content\/uploads\/2023\/08\/Coconut-Coir-Propagation-Cube.png\",\"width\":1080,\"height\":800},{\"@type\":\"BreadcrumbList\",\"@id\":\"https:\/\/cococoirglobal.com\/es\/product\/cubo-de-propagacion-de-fibra-de-coco\/#breadcrumb\",\"itemListElement\":[{\"@type\":\"ListItem\",\"position\":1,\"name\":\"Home\",\"item\":\"https:\/\/cococoirglobal.com\/es\/\"},{\"@type\":\"ListItem\",\"position\":2,\"name\":\"Productos\",\"item\":\"https:\/\/cococoirglobal.com\/es\/shop\/\"},{\"@type\":\"ListItem\",\"position\":3,\"name\":\"Coco coir product\",\"item\":\"https:\/\/cococoirglobal.com\/es\/product-category\/coco-coir-product\/\"},{\"@type\":\"ListItem\",\"position\":4,\"name\":\"Cubo de propagaci\u00f3n de fibra de coco\"}]},{\"@type\":\"WebSite\",\"@id\":\"https:\/\/cococoirglobal.com\/es\/#website\",\"url\":\"https:\/\/cococoirglobal.com\/es\/\",\"name\":\"Coco Coir Global\",\"description\":\"The leading manufacturer and supplier of Coco Coir Products!\",\"publisher\":{\"@id\":\"https:\/\/cococoirglobal.com\/es\/#organization\"},\"potentialAction\":[{\"@type\":\"SearchAction\",\"target\":{\"@type\":\"EntryPoint\",\"urlTemplate\":\"https:\/\/cococoirglobal.com\/es\/?s={search_term_string}\"},\"query-input\":\"required name=search_term_string\"}],\"inLanguage\":\"es\"},{\"@type\":\"Organization\",\"@id\":\"https:\/\/cococoirglobal.com\/es\/#organization\",\"name\":\"COCO COIR GLOBAL COMPANY LIMITED\",\"url\":\"https:\/\/cococoirglobal.com\/es\/\",\"logo\":{\"@type\":\"ImageObject\",\"inLanguage\":\"es\",\"@id\":\"https:\/\/cococoirglobal.com\/es\/#\/schema\/logo\/image\/\",\"url\":\"https:\/\/cococoirglobal.com\/wp-content\/uploads\/2023\/05\/Logo-coco-coir.png\",\"contentUrl\":\"https:\/\/cococoirglobal.com\/wp-content\/uploads\/2023\/05\/Logo-coco-coir.png\",\"width\":512,\"height\":512,\"caption\":\"COCO COIR GLOBAL COMPANY LIMITED\"},\"image\":{\"@id\":\"https:\/\/cococoirglobal.com\/es\/#\/schema\/logo\/image\/\"},\"sameAs\":[\"https:\/\/www.facebook.com\/cococoirglobal\/\",\"https:\/\/www.instagram.com\/cococoirglobal\/\",\"https:\/\/www.linkedin.com\/company\/coco-coir-global-company-limited\",\"https:\/\/www.youtube.com\/channel\/UC4Xk-Is93xHrllYZADkM7yQ\"]}]}<\/script>\n<!-- \/ Yoast SEO plugin. -->","yoast_head_json":{"title":"Coco Coir Cube - Cubo de propagaci\u00f3n de Coco Coir 100% org\u00e1nico","description":"En Fibra de coco global, estamos orgullosos de ofrecerproductos de primera calidad que atienden a una amplia gama de clientes (en su mayor\u00eda empresas B2B) con diversas necesidades.","robots":{"index":"index","follow":"follow","max-snippet":"max-snippet:-1","max-image-preview":"max-image-preview:large","max-video-preview":"max-video-preview:-1"},"canonical":"https:\/\/cococoirglobal.com\/es\/product\/cubo-de-propagacion-de-fibra-de-coco\/","og_locale":"es_ES","og_type":"article","og_title":"Coco Coir Cube - Cubo de propagaci\u00f3n de Coco Coir 100% org\u00e1nico","og_description":"En Fibra de coco global, estamos orgullosos de ofrecerproductos de primera calidad que atienden a una amplia gama de clientes (en su mayor\u00eda empresas B2B) con diversas necesidades.","og_url":"https:\/\/cococoirglobal.com\/es\/product\/cubo-de-propagacion-de-fibra-de-coco\/","og_site_name":"Coco Coir Global Vietnam","article_publisher":"https:\/\/www.facebook.com\/cococoirglobal\/","article_modified_time":"2023-12-04T07:55:10+00:00","og_image":[{"width":1080,"height":800,"url":"https:\/\/cococoirglobal.com\/wp-content\/uploads\/2023\/08\/Coconut-Coir-Propagation-Cube.png","type":"image\/png"}],"twitter_card":"summary_large_image","twitter_misc":{"Tiempo de lectura":"3 minutos"},"schema":{"@context":"https:\/\/schema.org","@graph":[{"@type":"WebPage","@id":"https:\/\/cococoirglobal.com\/es\/product\/cubo-de-propagacion-de-fibra-de-coco\/","url":"https:\/\/cococoirglobal.com\/es\/product\/cubo-de-propagacion-de-fibra-de-coco\/","name":"Coco Coir Cube - Cubo de propagaci\u00f3n de Coco Coir 100% org\u00e1nico","isPartOf":{"@id":"https:\/\/cococoirglobal.com\/es\/#website"},"primaryImageOfPage":{"@id":"https:\/\/cococoirglobal.com\/es\/product\/cubo-de-propagacion-de-fibra-de-coco\/#primaryimage"},"image":{"@id":"https:\/\/cococoirglobal.com\/es\/product\/cubo-de-propagacion-de-fibra-de-coco\/#primaryimage"},"thumbnailUrl":"https:\/\/cococoirglobal.com\/wp-content\/uploads\/2023\/08\/Coconut-Coir-Propagation-Cube.png","datePublished":"2022-11-07T11:17:39+00:00","dateModified":"2023-12-04T07:55:10+00:00","description":"En Fibra de coco global, estamos orgullosos de ofrecerproductos de primera calidad que atienden a una amplia gama de clientes (en su mayor\u00eda empresas B2B) con diversas necesidades.","breadcrumb":{"@id":"https:\/\/cococoirglobal.com\/es\/product\/cubo-de-propagacion-de-fibra-de-coco\/#breadcrumb"},"inLanguage":"es","potentialAction":[{"@type":"ReadAction","target":["https:\/\/cococoirglobal.com\/es\/product\/cubo-de-propagacion-de-fibra-de-coco\/"]}]},{"@type":"ImageObject","inLanguage":"es","@id":"https:\/\/cococoirglobal.com\/es\/product\/cubo-de-propagacion-de-fibra-de-coco\/#primaryimage","url":"https:\/\/cococoirglobal.com\/wp-content\/uploads\/2023\/08\/Coconut-Coir-Propagation-Cube.png","contentUrl":"https:\/\/cococoirglobal.com\/wp-content\/uploads\/2023\/08\/Coconut-Coir-Propagation-Cube.png","width":1080,"height":800},{"@type":"BreadcrumbList","@id":"https:\/\/cococoirglobal.com\/es\/product\/cubo-de-propagacion-de-fibra-de-coco\/#breadcrumb","itemListElement":[{"@type":"ListItem","position":1,"name":"Home","item":"https:\/\/cococoirglobal.com\/es\/"},{"@type":"ListItem","position":2,"name":"Productos","item":"https:\/\/cococoirglobal.com\/es\/shop\/"},{"@type":"ListItem","position":3,"name":"Coco coir product","item":"https:\/\/cococoirglobal.com\/es\/product-category\/coco-coir-product\/"},{"@type":"ListItem","position":4,"name":"Cubo de propagaci\u00f3n de fibra de coco"}]},{"@type":"WebSite","@id":"https:\/\/cococoirglobal.com\/es\/#website","url":"https:\/\/cococoirglobal.com\/es\/","name":"Coco Coir Global","description":"The leading manufacturer and supplier of Coco Coir Products!","publisher":{"@id":"https:\/\/cococoirglobal.com\/es\/#organization"},"potentialAction":[{"@type":"SearchAction","target":{"@type":"EntryPoint","urlTemplate":"https:\/\/cococoirglobal.com\/es\/?s={search_term_string}"},"query-input":"required name=search_term_string"}],"inLanguage":"es"},{"@type":"Organization","@id":"https:\/\/cococoirglobal.com\/es\/#organization","name":"COCO COIR GLOBAL COMPANY LIMITED","url":"https:\/\/cococoirglobal.com\/es\/","logo":{"@type":"ImageObject","inLanguage":"es","@id":"https:\/\/cococoirglobal.com\/es\/#\/schema\/logo\/image\/","url":"https:\/\/cococoirglobal.com\/wp-content\/uploads\/2023\/05\/Logo-coco-coir.png","contentUrl":"https:\/\/cococoirglobal.com\/wp-content\/uploads\/2023\/05\/Logo-coco-coir.png","width":512,"height":512,"caption":"COCO COIR GLOBAL COMPANY LIMITED"},"image":{"@id":"https:\/\/cococoirglobal.com\/es\/#\/schema\/logo\/image\/"},"sameAs":["https:\/\/www.facebook.com\/cococoirglobal\/","https:\/\/www.instagram.com\/cococoirglobal\/","https:\/\/www.linkedin.com\/company\/coco-coir-global-company-limited","https:\/\/www.youtube.com\/channel\/UC4Xk-Is93xHrllYZADkM7yQ"]}]}},"_links":{"self":[{"href":"https:\/\/cococoirglobal.com\/es\/wp-json\/wp\/v2\/product\/32873"}],"collection":[{"href":"https:\/\/cococoirglobal.com\/es\/wp-json\/wp\/v2\/product"}],"about":[{"href":"https:\/\/cococoirglobal.com\/es\/wp-json\/wp\/v2\/types\/product"}],"replies":[{"embeddable":true,"href":"https:\/\/cococoirglobal.com\/es\/wp-json\/wp\/v2\/comments?post=32873"}],"wp:featuredmedia":[{"embeddable":true,"href":"https:\/\/cococoirglobal.com\/es\/wp-json\/wp\/v2\/media\/32409"}],"wp:attachment":[{"href":"https:\/\/cococoirglobal.com\/es\/wp-json\/wp\/v2\/media?parent=32873"}],"wp:term":[{"taxonomy":"product_cat","embeddable":true,"href":"https:\/\/cococoirglobal.com\/es\/wp-json\/wp\/v2\/product_cat?post=32873"},{"taxonomy":"product_tag","embeddable":true,"href":"https:\/\/cococoirglobal.com\/es\/wp-json\/wp\/v2\/product_tag?post=32873"}],"curies":[{"name":"wp","href":"https:\/\/api.w.org\/{rel}","templated":true}]}}