{"id":32594,"date":"2023-09-25T14:17:43","date_gmt":"2023-09-25T07:17:43","guid":{"rendered":"https:\/\/cococoirglobal.com\/?post_type=product&#038;p=32594"},"modified":"2023-12-04T14:53:29","modified_gmt":"2023-12-04T07:53:29","slug":"bolsa-de-cultivo-de-coco-coco-coir-slab","status":"publish","type":"product","link":"https:\/\/cococoirglobal.com\/es\/product\/bolsa-de-cultivo-de-coco-coco-coir-slab\/","title":{"rendered":"Bolsa de cultivo de coco (Coco Coir Slab)"},"content":{"rendered":"<h2><b>I. Acerca de la bolsa de cultivo Coco Coir<\/b><\/h2>\n<p><b>Listado por OMRI<\/b><span style=\"font-weight: 400;\">: C\u00f3digo de producto Omri: coz-16114<\/span><\/p>\n<p><span style=\"font-weight: 400;\">Las materias primas son 100% naturales a partir de c\u00e1scaras de coco. Formulario listo para usar. Se utiliza ampliamente para plantas de invernadero, como tomates, pepinos, pimientos, fresas, melones, lechugas, etc.<\/span><\/p>\n<h2><b>III. Caracter\u00edsticas de la bolsa de cultivo Coco Coir<\/b><\/h2>\n<ul>\n<li style=\"font-weight: 400;\" aria-level=\"1\"><span style=\"font-weight: 400;\">Sustrato org\u00e1nico, biodegradable y respetuoso con el medio ambiente<\/span><\/li>\n<li style=\"font-weight: 400;\" aria-level=\"1\"><span style=\"font-weight: 400;\">EC muy baja, especialmente adecuada para el inicio de semillas.<\/span><\/li>\n<li style=\"font-weight: 400;\" aria-level=\"1\"><span style=\"font-weight: 400;\">Niveles de pH equilibrados y estabilizados, con contenidos extremadamente bajos de potasio y sodio, adecuados para diferentes cultivos.<\/span><\/li>\n<li style=\"font-weight: 400;\" aria-level=\"1\"><span style=\"font-weight: 400;\">Residuos extremadamente bajos de metales pesados \u200b\u200by pesticidas.<\/span><\/li>\n<li style=\"font-weight: 400;\" aria-level=\"1\"><span style=\"font-weight: 400;\">La alta porosidad llena de aire (AFP) proporciona una buena estructura media (ni demasiado suelta ni demasiado densa), buen intercambio de ox\u00edgeno, drenaje adecuado, buena retenci\u00f3n de agua y absorci\u00f3n de nutrientes para un mejor crecimiento de las plantas.<\/span><\/li>\n<li style=\"font-weight: 400;\" aria-level=\"1\"><span style=\"font-weight: 400;\">Buen drenaje y alta capacidad de retenci\u00f3n de agua (WHC), lo que ayuda a retener la humedad y evitar el encharcamiento de las plantas.<\/span><\/li>\n<li style=\"font-weight: 400;\" aria-level=\"1\"><span style=\"font-weight: 400;\">Una aireaci\u00f3n deseable ayuda a que las ra\u00edces de las plantas reciban la cantidad necesaria de ox\u00edgeno y, por tanto, crezcan sanas.<\/span><\/li>\n<li style=\"font-weight: 400;\" aria-level=\"1\"><span style=\"font-weight: 400;\">La alta capacidad de intercambio cati\u00f3nico (CEC) ayuda a las plantas a absorber los nutrientes necesarios<\/span><\/li>\n<li style=\"font-weight: 400;\" aria-level=\"1\"><span style=\"font-weight: 400;\">No contiene productos qu\u00edmicos nocivos ni plagas, es seguro de usar.<\/span><\/li>\n<\/ul>\n<p><a href=\"https:\/\/cococoirglobal.com\/grow-bag-2\/\"><img decoding=\"async\" loading=\"lazy\" class=\"size-full wp-image-30048 aligncenter\" src=\"https:\/\/cococoirglobal.com\/wp-content\/uploads\/2023\/09\/Grow-bag.png\" alt=\"\" width=\"1080\" height=\"800\" srcset=\"https:\/\/cococoirglobal.com\/wp-content\/uploads\/2023\/09\/Grow-bag.png 1080w, https:\/\/cococoirglobal.com\/wp-content\/uploads\/2023\/09\/Grow-bag-800x593.png 800w, https:\/\/cococoirglobal.com\/wp-content\/uploads\/2023\/09\/Grow-bag-768x569.png 768w, https:\/\/cococoirglobal.com\/wp-content\/uploads\/2023\/09\/Grow-bag-510x378.png 510w\" sizes=\"(max-width: 1080px) 100vw, 1080px\" \/><\/a><\/p>\n<h2><b>III. Beneficios de la bolsa de cultivo Coco Coir<\/b><\/h2>\n<ul>\n<li style=\"font-weight: 400;\" aria-level=\"1\"><span style=\"font-weight: 400;\">Con propiedades excepcionales, la fibra de coco crea condiciones favorables y un entorno ideal para el crecimiento de las plantas.<\/span><\/li>\n<li style=\"font-weight: 400;\" aria-level=\"1\"><span style=\"font-weight: 400;\">Ayudar a mejorar la calidad de los cultivos, produciendo frutas y verduras sabrosas y nutritivas.<\/span><\/li>\n<li style=\"font-weight: 400;\" aria-level=\"1\"><span style=\"font-weight: 400;\">Ayuda a mejorar la productividad de los cultivos, produciendo altos rendimientos.<\/span><\/li>\n<\/ul>\n<h2><b>IV. Aplicaciones de la bolsa de cultivo de fibra de coco<\/b><\/h2>\n<ul>\n<li style=\"font-weight: 400;\" aria-level=\"1\"><span style=\"font-weight: 400;\">Especialmente dise\u00f1ado para la mayor\u00eda de cultivos de vid en invernadero.<\/span><\/li>\n<li style=\"font-weight: 400;\" aria-level=\"1\"><span style=\"font-weight: 400;\">Mejor cuando se usa con cubos de propagaci\u00f3n de fibra de coco<\/span><\/li>\n<li style=\"font-weight: 400;\" aria-level=\"1\"><span style=\"font-weight: 400;\">Ampliamente utilizado en invernaderos o polit\u00faneles de alta tecnolog\u00eda.<\/span><\/li>\n<\/ul>\n<p><a href=\"https:\/\/cococoirglobal.com\/grow-bag-vip-2\/\"><img decoding=\"async\" loading=\"lazy\" class=\"size-full wp-image-30043 aligncenter\" src=\"https:\/\/cococoirglobal.com\/wp-content\/uploads\/2023\/09\/Grow-bag-vip.png\" alt=\"\" width=\"1080\" height=\"800\" srcset=\"https:\/\/cococoirglobal.com\/wp-content\/uploads\/2023\/09\/Grow-bag-vip.png 1080w, https:\/\/cococoirglobal.com\/wp-content\/uploads\/2023\/09\/Grow-bag-vip-800x593.png 800w, https:\/\/cococoirglobal.com\/wp-content\/uploads\/2023\/09\/Grow-bag-vip-768x569.png 768w, https:\/\/cococoirglobal.com\/wp-content\/uploads\/2023\/09\/Grow-bag-vip-510x378.png 510w\" sizes=\"(max-width: 1080px) 100vw, 1080px\" \/><\/a><\/p>\n<h2><b>V. Direcci\u00f3n de uso de Coco Coir Grow Bag<\/b><\/h2>\n<ul>\n<li style=\"font-weight: 400;\" aria-level=\"1\"><span style=\"font-weight: 400;\">Paso 1: Hidrata la bolsa de cultivo con agua dulce manualmente usando una regadera o autom\u00e1ticamente usando un sistema de riego (usualmente usado en invernaderos de alta tecnolog\u00eda que cuentan con m\u00e1quinas de monitoreo) hasta que se expanda al m\u00e1ximo.<\/span><\/li>\n<li style=\"font-weight: 400;\" aria-level=\"1\"><span style=\"font-weight: 400;\">Paso 2: coloque la pl\u00e1ntula o el cubo de propagaci\u00f3n que tenga la planta joven en la bolsa de cultivo.<\/span><\/li>\n<li style=\"font-weight: 400;\" aria-level=\"1\"><span style=\"font-weight: 400;\">Paso 3: Riegue y alimente las plantas con sus propios reg\u00edmenes de nutrientes o los recomendados.<\/span><\/li>\n<\/ul>\n<p><span style=\"font-weight: 400;\">Nota: Toma control de la rutina de alimentaci\u00f3n para evitar carencias<\/span><\/p>\n<h2><b>VI. Preservaci\u00f3n de la bolsa de cultivo de fibra de coco<\/b><\/h2>\n<ul>\n<li style=\"font-weight: 400;\" aria-level=\"1\"><span style=\"font-weight: 400;\">Almacenar en un \u00e1rea fresca, seca y bien ventilada. Esto ayudar\u00e1 a evitar que la humedad se filtre y provoque que la fibra de coco se eche a perder.<\/span><\/li>\n<li style=\"font-weight: 400;\" aria-level=\"1\"><span style=\"font-weight: 400;\">Mant\u00e9ngalo alejado de la luz solar: la luz solar directa puede da\u00f1ar la fibra de coco, por lo que es esencial guardarla lejos de ventanas o cualquier otra fuente de luz solar directa.<\/span><\/li>\n<li style=\"font-weight: 400;\" aria-level=\"1\"><span style=\"font-weight: 400;\">Evite la contaminaci\u00f3n: mantenga la fibra de coco alejada de cualquier fuente potencial de contaminaci\u00f3n, como fertilizantes, pesticidas y productos qu\u00edmicos.<\/span><\/li>\n<li style=\"font-weight: 400;\" aria-level=\"1\"><span style=\"font-weight: 400;\">Utilizar dentro de la fecha de caducidad recomendada por el fabricante.<\/span><\/li>\n<\/ul>\n<p>&nbsp;<\/p>\n","protected":false},"excerpt":{"rendered":"<div>\u2713 Listo para usar (no es necesario enjuagar previamente)<\/div>\n<div><\/div>\n<div>\u2713 Especializados para cultivos de invernadero<\/div>\n<div><\/div>\n<div>\u2713 Recomendado para usar junto con cubos de fibra de coco.<\/div>\n<div><\/div>\n<div>\u2713 La elecci\u00f3n perfecta para entregas con grandes cantidades<\/div>\n","protected":false},"featured_media":32615,"comment_status":"open","ping_status":"closed","template":"","meta":[],"product_cat":[587],"product_tag":[],"yoast_head":"<!-- This site is optimized with the Yoast SEO plugin v22.6 - https:\/\/yoast.com\/wordpress\/plugins\/seo\/ -->\n<title>Bolsa de cultivo de fibra de coco (Coco Coir Slab) Coco Coir Global<\/title>\n<meta name=\"description\" content=\"\u2713 Listo para usar (no es necesario enjuagar previamente)  \u2713 Especializados para cultivos de invernadero  \u2713 Recomendado para usar junto con cubos de fibra de coco.  \u2713 La elecci\u00f3n perfecta para entregas con grandes cantidades\" \/>\n<meta name=\"robots\" content=\"index, follow, max-snippet:-1, max-image-preview:large, max-video-preview:-1\" \/>\n<link rel=\"canonical\" href=\"https:\/\/cococoirglobal.com\/es\/product\/bolsa-de-cultivo-de-coco-coco-coir-slab\/\" \/>\n<meta property=\"og:locale\" content=\"es_ES\" \/>\n<meta property=\"og:type\" content=\"article\" \/>\n<meta property=\"og:title\" content=\"Bolsa de cultivo de fibra de coco (Coco Coir Slab) Coco Coir Global\" \/>\n<meta property=\"og:description\" content=\"\u2713 Listo para usar (no es necesario enjuagar previamente)  \u2713 Especializados para cultivos de invernadero  \u2713 Recomendado para usar junto con cubos de fibra de coco.  \u2713 La elecci\u00f3n perfecta para entregas con grandes cantidades\" \/>\n<meta property=\"og:url\" content=\"https:\/\/cococoirglobal.com\/es\/product\/bolsa-de-cultivo-de-coco-coco-coir-slab\/\" \/>\n<meta property=\"og:site_name\" content=\"Coco Coir Global Vietnam\" \/>\n<meta property=\"article:publisher\" content=\"https:\/\/www.facebook.com\/cococoirglobal\/\" \/>\n<meta property=\"article:modified_time\" content=\"2023-12-04T07:53:29+00:00\" \/>\n<meta property=\"og:image\" content=\"https:\/\/cococoirglobal.com\/wp-content\/uploads\/2023\/07\/Grow-bag.png\" \/>\n\t<meta property=\"og:image:width\" content=\"1080\" \/>\n\t<meta property=\"og:image:height\" content=\"800\" \/>\n\t<meta property=\"og:image:type\" content=\"image\/png\" \/>\n<meta name=\"twitter:card\" content=\"summary_large_image\" \/>\n<meta name=\"twitter:label1\" content=\"Tiempo de lectura\" \/>\n\t<meta name=\"twitter:data1\" content=\"3 minutos\" \/>\n<script type=\"application\/ld+json\" class=\"yoast-schema-graph\">{\"@context\":\"https:\/\/schema.org\",\"@graph\":[{\"@type\":\"WebPage\",\"@id\":\"https:\/\/cococoirglobal.com\/es\/product\/bolsa-de-cultivo-de-coco-coco-coir-slab\/\",\"url\":\"https:\/\/cococoirglobal.com\/es\/product\/bolsa-de-cultivo-de-coco-coco-coir-slab\/\",\"name\":\"Bolsa de cultivo de fibra de coco (Coco Coir Slab) Coco Coir Global\",\"isPartOf\":{\"@id\":\"https:\/\/cococoirglobal.com\/es\/#website\"},\"primaryImageOfPage\":{\"@id\":\"https:\/\/cococoirglobal.com\/es\/product\/bolsa-de-cultivo-de-coco-coco-coir-slab\/#primaryimage\"},\"image\":{\"@id\":\"https:\/\/cococoirglobal.com\/es\/product\/bolsa-de-cultivo-de-coco-coco-coir-slab\/#primaryimage\"},\"thumbnailUrl\":\"https:\/\/cococoirglobal.com\/wp-content\/uploads\/2023\/07\/Grow-bag.png\",\"datePublished\":\"2023-09-25T07:17:43+00:00\",\"dateModified\":\"2023-12-04T07:53:29+00:00\",\"description\":\"\u2713 Listo para usar (no es necesario enjuagar previamente) \u2713 Especializados para cultivos de invernadero \u2713 Recomendado para usar junto con cubos de fibra de coco. \u2713 La elecci\u00f3n perfecta para entregas con grandes cantidades\",\"breadcrumb\":{\"@id\":\"https:\/\/cococoirglobal.com\/es\/product\/bolsa-de-cultivo-de-coco-coco-coir-slab\/#breadcrumb\"},\"inLanguage\":\"es\",\"potentialAction\":[{\"@type\":\"ReadAction\",\"target\":[\"https:\/\/cococoirglobal.com\/es\/product\/bolsa-de-cultivo-de-coco-coco-coir-slab\/\"]}]},{\"@type\":\"ImageObject\",\"inLanguage\":\"es\",\"@id\":\"https:\/\/cococoirglobal.com\/es\/product\/bolsa-de-cultivo-de-coco-coco-coir-slab\/#primaryimage\",\"url\":\"https:\/\/cococoirglobal.com\/wp-content\/uploads\/2023\/07\/Grow-bag.png\",\"contentUrl\":\"https:\/\/cococoirglobal.com\/wp-content\/uploads\/2023\/07\/Grow-bag.png\",\"width\":1080,\"height\":800},{\"@type\":\"BreadcrumbList\",\"@id\":\"https:\/\/cococoirglobal.com\/es\/product\/bolsa-de-cultivo-de-coco-coco-coir-slab\/#breadcrumb\",\"itemListElement\":[{\"@type\":\"ListItem\",\"position\":1,\"name\":\"Home\",\"item\":\"https:\/\/cococoirglobal.com\/es\/\"},{\"@type\":\"ListItem\",\"position\":2,\"name\":\"Productos\",\"item\":\"https:\/\/cococoirglobal.com\/es\/shop\/\"},{\"@type\":\"ListItem\",\"position\":3,\"name\":\"Coco coir product\",\"item\":\"https:\/\/cococoirglobal.com\/es\/product-category\/coco-coir-product\/\"},{\"@type\":\"ListItem\",\"position\":4,\"name\":\"Bolsa de cultivo de coco (Coco Coir Slab)\"}]},{\"@type\":\"WebSite\",\"@id\":\"https:\/\/cococoirglobal.com\/es\/#website\",\"url\":\"https:\/\/cococoirglobal.com\/es\/\",\"name\":\"Coco Coir Global\",\"description\":\"The leading manufacturer and supplier of Coco Coir Products!\",\"publisher\":{\"@id\":\"https:\/\/cococoirglobal.com\/es\/#organization\"},\"potentialAction\":[{\"@type\":\"SearchAction\",\"target\":{\"@type\":\"EntryPoint\",\"urlTemplate\":\"https:\/\/cococoirglobal.com\/es\/?s={search_term_string}\"},\"query-input\":\"required name=search_term_string\"}],\"inLanguage\":\"es\"},{\"@type\":\"Organization\",\"@id\":\"https:\/\/cococoirglobal.com\/es\/#organization\",\"name\":\"COCO COIR GLOBAL COMPANY LIMITED\",\"url\":\"https:\/\/cococoirglobal.com\/es\/\",\"logo\":{\"@type\":\"ImageObject\",\"inLanguage\":\"es\",\"@id\":\"https:\/\/cococoirglobal.com\/es\/#\/schema\/logo\/image\/\",\"url\":\"https:\/\/cococoirglobal.com\/wp-content\/uploads\/2023\/05\/Logo-coco-coir.png\",\"contentUrl\":\"https:\/\/cococoirglobal.com\/wp-content\/uploads\/2023\/05\/Logo-coco-coir.png\",\"width\":512,\"height\":512,\"caption\":\"COCO COIR GLOBAL COMPANY LIMITED\"},\"image\":{\"@id\":\"https:\/\/cococoirglobal.com\/es\/#\/schema\/logo\/image\/\"},\"sameAs\":[\"https:\/\/www.facebook.com\/cococoirglobal\/\",\"https:\/\/www.instagram.com\/cococoirglobal\/\",\"https:\/\/www.linkedin.com\/company\/coco-coir-global-company-limited\",\"https:\/\/www.youtube.com\/channel\/UC4Xk-Is93xHrllYZADkM7yQ\"]}]}<\/script>\n<!-- \/ Yoast SEO plugin. -->","yoast_head_json":{"title":"Bolsa de cultivo de fibra de coco (Coco Coir Slab) Coco Coir Global","description":"\u2713 Listo para usar (no es necesario enjuagar previamente)  \u2713 Especializados para cultivos de invernadero  \u2713 Recomendado para usar junto con cubos de fibra de coco.  \u2713 La elecci\u00f3n perfecta para entregas con grandes cantidades","robots":{"index":"index","follow":"follow","max-snippet":"max-snippet:-1","max-image-preview":"max-image-preview:large","max-video-preview":"max-video-preview:-1"},"canonical":"https:\/\/cococoirglobal.com\/es\/product\/bolsa-de-cultivo-de-coco-coco-coir-slab\/","og_locale":"es_ES","og_type":"article","og_title":"Bolsa de cultivo de fibra de coco (Coco Coir Slab) Coco Coir Global","og_description":"\u2713 Listo para usar (no es necesario enjuagar previamente)  \u2713 Especializados para cultivos de invernadero  \u2713 Recomendado para usar junto con cubos de fibra de coco.  \u2713 La elecci\u00f3n perfecta para entregas con grandes cantidades","og_url":"https:\/\/cococoirglobal.com\/es\/product\/bolsa-de-cultivo-de-coco-coco-coir-slab\/","og_site_name":"Coco Coir Global Vietnam","article_publisher":"https:\/\/www.facebook.com\/cococoirglobal\/","article_modified_time":"2023-12-04T07:53:29+00:00","og_image":[{"width":1080,"height":800,"url":"https:\/\/cococoirglobal.com\/wp-content\/uploads\/2023\/07\/Grow-bag.png","type":"image\/png"}],"twitter_card":"summary_large_image","twitter_misc":{"Tiempo de lectura":"3 minutos"},"schema":{"@context":"https:\/\/schema.org","@graph":[{"@type":"WebPage","@id":"https:\/\/cococoirglobal.com\/es\/product\/bolsa-de-cultivo-de-coco-coco-coir-slab\/","url":"https:\/\/cococoirglobal.com\/es\/product\/bolsa-de-cultivo-de-coco-coco-coir-slab\/","name":"Bolsa de cultivo de fibra de coco (Coco Coir Slab) Coco Coir Global","isPartOf":{"@id":"https:\/\/cococoirglobal.com\/es\/#website"},"primaryImageOfPage":{"@id":"https:\/\/cococoirglobal.com\/es\/product\/bolsa-de-cultivo-de-coco-coco-coir-slab\/#primaryimage"},"image":{"@id":"https:\/\/cococoirglobal.com\/es\/product\/bolsa-de-cultivo-de-coco-coco-coir-slab\/#primaryimage"},"thumbnailUrl":"https:\/\/cococoirglobal.com\/wp-content\/uploads\/2023\/07\/Grow-bag.png","datePublished":"2023-09-25T07:17:43+00:00","dateModified":"2023-12-04T07:53:29+00:00","description":"\u2713 Listo para usar (no es necesario enjuagar previamente) \u2713 Especializados para cultivos de invernadero \u2713 Recomendado para usar junto con cubos de fibra de coco. \u2713 La elecci\u00f3n perfecta para entregas con grandes cantidades","breadcrumb":{"@id":"https:\/\/cococoirglobal.com\/es\/product\/bolsa-de-cultivo-de-coco-coco-coir-slab\/#breadcrumb"},"inLanguage":"es","potentialAction":[{"@type":"ReadAction","target":["https:\/\/cococoirglobal.com\/es\/product\/bolsa-de-cultivo-de-coco-coco-coir-slab\/"]}]},{"@type":"ImageObject","inLanguage":"es","@id":"https:\/\/cococoirglobal.com\/es\/product\/bolsa-de-cultivo-de-coco-coco-coir-slab\/#primaryimage","url":"https:\/\/cococoirglobal.com\/wp-content\/uploads\/2023\/07\/Grow-bag.png","contentUrl":"https:\/\/cococoirglobal.com\/wp-content\/uploads\/2023\/07\/Grow-bag.png","width":1080,"height":800},{"@type":"BreadcrumbList","@id":"https:\/\/cococoirglobal.com\/es\/product\/bolsa-de-cultivo-de-coco-coco-coir-slab\/#breadcrumb","itemListElement":[{"@type":"ListItem","position":1,"name":"Home","item":"https:\/\/cococoirglobal.com\/es\/"},{"@type":"ListItem","position":2,"name":"Productos","item":"https:\/\/cococoirglobal.com\/es\/shop\/"},{"@type":"ListItem","position":3,"name":"Coco coir product","item":"https:\/\/cococoirglobal.com\/es\/product-category\/coco-coir-product\/"},{"@type":"ListItem","position":4,"name":"Bolsa de cultivo de coco (Coco Coir Slab)"}]},{"@type":"WebSite","@id":"https:\/\/cococoirglobal.com\/es\/#website","url":"https:\/\/cococoirglobal.com\/es\/","name":"Coco Coir Global","description":"The leading manufacturer and supplier of Coco Coir Products!","publisher":{"@id":"https:\/\/cococoirglobal.com\/es\/#organization"},"potentialAction":[{"@type":"SearchAction","target":{"@type":"EntryPoint","urlTemplate":"https:\/\/cococoirglobal.com\/es\/?s={search_term_string}"},"query-input":"required name=search_term_string"}],"inLanguage":"es"},{"@type":"Organization","@id":"https:\/\/cococoirglobal.com\/es\/#organization","name":"COCO COIR GLOBAL COMPANY LIMITED","url":"https:\/\/cococoirglobal.com\/es\/","logo":{"@type":"ImageObject","inLanguage":"es","@id":"https:\/\/cococoirglobal.com\/es\/#\/schema\/logo\/image\/","url":"https:\/\/cococoirglobal.com\/wp-content\/uploads\/2023\/05\/Logo-coco-coir.png","contentUrl":"https:\/\/cococoirglobal.com\/wp-content\/uploads\/2023\/05\/Logo-coco-coir.png","width":512,"height":512,"caption":"COCO COIR GLOBAL COMPANY LIMITED"},"image":{"@id":"https:\/\/cococoirglobal.com\/es\/#\/schema\/logo\/image\/"},"sameAs":["https:\/\/www.facebook.com\/cococoirglobal\/","https:\/\/www.instagram.com\/cococoirglobal\/","https:\/\/www.linkedin.com\/company\/coco-coir-global-company-limited","https:\/\/www.youtube.com\/channel\/UC4Xk-Is93xHrllYZADkM7yQ"]}]}},"_links":{"self":[{"href":"https:\/\/cococoirglobal.com\/es\/wp-json\/wp\/v2\/product\/32594"}],"collection":[{"href":"https:\/\/cococoirglobal.com\/es\/wp-json\/wp\/v2\/product"}],"about":[{"href":"https:\/\/cococoirglobal.com\/es\/wp-json\/wp\/v2\/types\/product"}],"replies":[{"embeddable":true,"href":"https:\/\/cococoirglobal.com\/es\/wp-json\/wp\/v2\/comments?post=32594"}],"wp:featuredmedia":[{"embeddable":true,"href":"https:\/\/cococoirglobal.com\/es\/wp-json\/wp\/v2\/media\/32615"}],"wp:attachment":[{"href":"https:\/\/cococoirglobal.com\/es\/wp-json\/wp\/v2\/media?parent=32594"}],"wp:term":[{"taxonomy":"product_cat","embeddable":true,"href":"https:\/\/cococoirglobal.com\/es\/wp-json\/wp\/v2\/product_cat?post=32594"},{"taxonomy":"product_tag","embeddable":true,"href":"https:\/\/cococoirglobal.com\/es\/wp-json\/wp\/v2\/product_tag?post=32594"}],"curies":[{"name":"wp","href":"https:\/\/api.w.org\/{rel}","templated":true}]}}