{"id":31959,"date":"2023-10-24T17:07:21","date_gmt":"2023-10-24T10:07:21","guid":{"rendered":"https:\/\/cococoirglobal.com\/?page_id=31959"},"modified":"2023-10-24T17:13:19","modified_gmt":"2023-10-24T10:13:19","slug":"faq","status":"publish","type":"page","link":"https:\/\/cococoirglobal.com\/es\/faq\/","title":{"rendered":"FAQ"},"content":{"rendered":"\t<div id=\"text-4108585734\" class=\"text\">\n\t\t\n<h1>FAQ<\/h1>\n\t\t\n<style>\n#text-4108585734 {\n  text-align: center;\n}\n<\/style>\n\t<\/div>\n\t\n<div class=\"row\"  id=\"row-1458440995\">\n\n\t<div id=\"col-1305977242\" class=\"col small-12 large-12\"  >\n\t\t\t\t<div class=\"col-inner\"  >\n\t\t\t\n\t\t\t\n<div class=\"accordion\">\n<div id=\"accordion-801980027\" class=\"accordion-item\"><a id=\"accordion-801980027-label\" href=\"#\" class=\"accordion-title plain\" aria-expanded=\"false\" aria-controls=\"accordion-801980027-content\"><button class=\"toggle\" aria-label=\"Toggle\"><i class=\"icon-angle-down\"><\/i><\/button><span>\u00bfQu\u00e9 es la fibra de coco?<\/span><\/a><div id=\"accordion-801980027-content\" class=\"accordion-inner\" aria-labelledby=\"accordion-801980027-label\">\n<p>La fibra de coco, tambi\u00e9n conocida como turba de coco o fibra de coco, se deriva de la c\u00e1scara de los cocos. Se utiliza ampliamente como medio de cultivo en horticultura y jardiner\u00eda.<\/p>\n<\/div><\/div>\n<\/div>\n<div class=\"accordion\">\n<div id=\"accordion-1304423297\" class=\"accordion-item\"><a id=\"accordion-1304423297-label\" href=\"#\" class=\"accordion-title plain\" aria-expanded=\"false\" aria-controls=\"accordion-1304423297-content\"><button class=\"toggle\" aria-label=\"Toggle\"><i class=\"icon-angle-down\"><\/i><\/button><span>\u00bfEs la fibra de coco un material org\u00e1nico?<\/span><\/a><div id=\"accordion-1304423297-content\" class=\"accordion-inner\" aria-labelledby=\"accordion-1304423297-label\">\n<p>S\u00ed, la fibra de coco se considera un material org\u00e1nico ya que se deriva de fuentes naturales (c\u00e1scaras de coco) y no contiene aditivos sint\u00e9ticos.<\/p>\n<\/div><\/div>\n<\/div>\n<div class=\"accordion\">\n<div id=\"accordion-518340957\" class=\"accordion-item\"><a id=\"accordion-518340957-label\" href=\"#\" class=\"accordion-title plain\" aria-expanded=\"false\" aria-controls=\"accordion-518340957-content\"><button class=\"toggle\" aria-label=\"Toggle\"><i class=\"icon-angle-down\"><\/i><\/button><span>\u00bfCu\u00e1les son los beneficios de utilizar fibra de coco en hidropon\u00eda?<\/span><\/a><div id=\"accordion-518340957-content\" class=\"accordion-inner\" aria-labelledby=\"accordion-518340957-label\">\n<p>Los beneficios del uso de fibra de coco en hidropon\u00eda incluyen su sostenibilidad, naturaleza renovable y capacidad para retener la humedad sin encharcarse. Tambi\u00e9n es liviano, f\u00e1cil de manejar y proporciona un entorno favorable para el desarrollo de las ra\u00edces.<\/p>\n<\/div><\/div>\n<\/div>\n<div class=\"accordion\">\n<div id=\"accordion-918621658\" class=\"accordion-item\"><a id=\"accordion-918621658-label\" href=\"#\" class=\"accordion-title plain\" aria-expanded=\"false\" aria-controls=\"accordion-918621658-content\"><button class=\"toggle\" aria-label=\"Toggle\"><i class=\"icon-angle-down\"><\/i><\/button><span>\u00bfC\u00f3mo se utiliza la fibra de coco en jardiner\u00eda?<\/span><\/a><div id=\"accordion-918621658-content\" class=\"accordion-inner\" aria-labelledby=\"accordion-918621658-label\">\n<p>La fibra de coco se puede utilizar como sustrato de cultivo independiente o mezclada con otros sustratos. Se usa com\u00fanmente para sembrar semillas, jardiner\u00eda en macetas, hidropon\u00eda y como enmienda del suelo.<\/p>\n<\/div><\/div>\n<\/div>\n<div class=\"accordion\">\n<div id=\"accordion-1314131892\" class=\"accordion-item\"><a id=\"accordion-1314131892-label\" href=\"#\" class=\"accordion-title plain\" aria-expanded=\"false\" aria-controls=\"accordion-1314131892-content\"><button class=\"toggle\" aria-label=\"Toggle\"><i class=\"icon-angle-down\"><\/i><\/button><span>\u00bfCu\u00e1les son las ventajas de utilizar fibra de coco?<\/span><\/a><div id=\"accordion-1314131892-content\" class=\"accordion-inner\" aria-labelledby=\"accordion-1314131892-label\">\n<p>Por nombrar algunas ventajas de la fibra de coco: buena capacidad de retenci\u00f3n de agua, buen drenaje, alta porosidad llena de aire para desarrollar buenas ra\u00edces y alto intercambio cati\u00f3nico para una mejor absorci\u00f3n de nutrientes. Tambi\u00e9n es liviano, f\u00e1cil de manejar y tiene buen drenaje. Tambi\u00e9n es un recurso sostenible y renovable.<\/p>\n<\/div><\/div>\n<\/div>\n<div class=\"accordion\">\n<div id=\"accordion-631562360\" class=\"accordion-item\"><a id=\"accordion-631562360-label\" href=\"#\" class=\"accordion-title plain\" aria-expanded=\"false\" aria-controls=\"accordion-631562360-content\"><button class=\"toggle\" aria-label=\"Toggle\"><i class=\"icon-angle-down\"><\/i><\/button><span>\u00bfEs la fibra de coco un material org\u00e1nico?<\/span><\/a><div id=\"accordion-631562360-content\" class=\"accordion-inner\" aria-labelledby=\"accordion-631562360-label\">\n<p>La fibra de coco es naturalmente ligeramente \u00e1cida, con un pH que oscila entre 5,5 y 6,5. Generalmente se considera que tiene un pH neutro en comparaci\u00f3n con otros medios sin suelo como la turba.<\/p>\n<\/div><\/div>\n<\/div>\n<div class=\"accordion\">\n<div id=\"accordion-2294669481\" class=\"accordion-item\"><a id=\"accordion-2294669481-label\" href=\"#\" class=\"accordion-title plain\" aria-expanded=\"false\" aria-controls=\"accordion-2294669481-content\"><button class=\"toggle\" aria-label=\"Toggle\"><i class=\"icon-angle-down\"><\/i><\/button><span>\u00bfCon qu\u00e9 frecuencia se debe regar la fibra de coco?<\/span><\/a><div id=\"accordion-2294669481-content\" class=\"accordion-inner\" aria-labelledby=\"accordion-2294669481-label\">\n<p>La frecuencia de riego de la fibra de coco depende de varios factores, como el tipo de planta, el tama\u00f1o del contenedor y las condiciones ambientales. Tambi\u00e9n depende de la composici\u00f3n del material de la fibra de coco (ya que cada uno tendr\u00e1 un drenaje distinto). Como pauta general, la fibra de coco se debe regar cuando la capa superior se sienta seca al tacto.<\/p>\n<\/div><\/div>\n<\/div>\n<div class=\"accordion\">\n<div id=\"accordion-1517471839\" class=\"accordion-item\"><a id=\"accordion-1517471839-label\" href=\"#\" class=\"accordion-title plain\" aria-expanded=\"false\" aria-controls=\"accordion-1517471839-content\"><button class=\"toggle\" aria-label=\"Toggle\"><i class=\"icon-angle-down\"><\/i><\/button><span>\u00bfSe puede reutilizar la fibra de coco?<\/span><\/a><div id=\"accordion-1517471839-content\" class=\"accordion-inner\" aria-labelledby=\"accordion-1517471839-label\">\n<p>S\u00ed, la fibra de coco se puede reutilizar varias veces antes con el tratamiento y preparaci\u00f3n adecuados. Cuanto mayor sea la calidad, m\u00e1s veces podr\u00e1s reutilizar.<\/p>\n<\/div><\/div>\n<\/div>\n<div class=\"accordion\">\n<div id=\"accordion-3648065139\" class=\"accordion-item\"><a id=\"accordion-3648065139-label\" href=\"#\" class=\"accordion-title plain\" aria-expanded=\"false\" aria-controls=\"accordion-3648065139-content\"><button class=\"toggle\" aria-label=\"Toggle\"><i class=\"icon-angle-down\"><\/i><\/button><span>\u00bfLa fibra de coco contiene nutrientes?<\/span><\/a><div id=\"accordion-3648065139-content\" class=\"accordion-inner\" aria-labelledby=\"accordion-3648065139-label\">\n<p>La fibra de coco tiene un bajo contenido de nutrientes, por lo que a menudo se usa con soluciones nutritivas o se complementa con fertilizantes org\u00e1nicos para proporcionar nutrientes esenciales para el crecimiento de las plantas.<\/p>\n<\/div><\/div>\n<\/div>\n<div class=\"accordion\">\n<div id=\"accordion-1282991246\" class=\"accordion-item\"><a id=\"accordion-1282991246-label\" href=\"#\" class=\"accordion-title plain\" aria-expanded=\"false\" aria-controls=\"accordion-1282991246-content\"><button class=\"toggle\" aria-label=\"Toggle\"><i class=\"icon-angle-down\"><\/i><\/button><span>\u00bfLa fibra de coco es respetuosa con el medio ambiente?<\/span><\/a><div id=\"accordion-1282991246-content\" class=\"accordion-inner\" aria-labelledby=\"accordion-1282991246-label\">\n<p>S\u00ed, la fibra de coco se considera respetuosa con el medio ambiente ya que es un subproducto de la industria del coco y es biodegradable. Es una alternativa sostenible a la turba, y tambi\u00e9n compostable, que ayuda a mejorar la estructura del suelo.<\/p>\n<\/div><\/div>\n<\/div>\n<div class=\"accordion\">\n<div id=\"accordion-2057951\" class=\"accordion-item\"><a id=\"accordion-2057951-label\" href=\"#\" class=\"accordion-title plain\" aria-expanded=\"false\" aria-controls=\"accordion-2057951-content\"><button class=\"toggle\" aria-label=\"Toggle\"><i class=\"icon-angle-down\"><\/i><\/button><span>\u00bfD\u00f3nde puedo comprar fibra de coco?<\/span><\/a><div id=\"accordion-2057951-content\" class=\"accordion-inner\" aria-labelledby=\"accordion-2057951-label\">\n<p>Si son productores comerciales, distribuidores o minoristas, deben optar por comprar directamente de f\u00e1brica, ya que obtendr\u00e1n precios m\u00e1s asequibles al comprar grandes cantidades. Por el contrario, si sois cultivadores individuales que quer\u00e9is o os adentr\u00e1is en la jardiner\u00eda en casa, es preferible adquirir productos de fibra de coco en tiendas de jardiner\u00eda, viveros o tiendas online.<\/p>\n<\/div><\/div>\n<\/div>\n\t\t<\/div>\n\t\t\t\t\t<\/div>\n\n\t\n<\/div>\n","protected":false},"excerpt":{"rendered":"","protected":false},"author":2,"featured_media":0,"parent":0,"menu_order":0,"comment_status":"closed","ping_status":"closed","template":"","meta":{"footnotes":""},"yoast_head":"<!-- This site is optimized with the Yoast SEO plugin v22.6 - https:\/\/yoast.com\/wordpress\/plugins\/seo\/ -->\n<title>FAQ - Coco Coir Global Vietnam<\/title>\n<meta name=\"robots\" content=\"index, follow, max-snippet:-1, max-image-preview:large, max-video-preview:-1\" \/>\n<link rel=\"canonical\" href=\"https:\/\/cococoirglobal.com\/es\/faq\/\" \/>\n<meta property=\"og:locale\" content=\"es_ES\" \/>\n<meta property=\"og:type\" content=\"article\" \/>\n<meta property=\"og:title\" content=\"FAQ - Coco Coir Global Vietnam\" \/>\n<meta property=\"og:url\" content=\"https:\/\/cococoirglobal.com\/es\/faq\/\" \/>\n<meta property=\"og:site_name\" content=\"Coco Coir Global Vietnam\" \/>\n<meta property=\"article:publisher\" content=\"https:\/\/www.facebook.com\/cococoirglobal\/\" \/>\n<meta property=\"article:modified_time\" content=\"2023-10-24T10:13:19+00:00\" \/>\n<meta property=\"og:image\" content=\"https:\/\/cococoirglobal.com\/wp-content\/uploads\/2021\/08\/cropped-Logo-icon.png\" \/>\n\t<meta property=\"og:image:width\" content=\"512\" \/>\n\t<meta property=\"og:image:height\" content=\"512\" \/>\n\t<meta property=\"og:image:type\" content=\"image\/png\" \/>\n<meta name=\"twitter:card\" content=\"summary_large_image\" \/>\n<meta name=\"twitter:label1\" content=\"Tiempo de lectura\" \/>\n\t<meta name=\"twitter:data1\" content=\"3 minutos\" \/>\n<script type=\"application\/ld+json\" class=\"yoast-schema-graph\">{\"@context\":\"https:\/\/schema.org\",\"@graph\":[{\"@type\":\"WebPage\",\"@id\":\"https:\/\/cococoirglobal.com\/es\/faq\/\",\"url\":\"https:\/\/cococoirglobal.com\/es\/faq\/\",\"name\":\"FAQ - Coco Coir Global Vietnam\",\"isPartOf\":{\"@id\":\"https:\/\/cococoirglobal.com\/es\/#website\"},\"datePublished\":\"2023-10-24T10:07:21+00:00\",\"dateModified\":\"2023-10-24T10:13:19+00:00\",\"breadcrumb\":{\"@id\":\"https:\/\/cococoirglobal.com\/es\/faq\/#breadcrumb\"},\"inLanguage\":\"es\",\"potentialAction\":[{\"@type\":\"ReadAction\",\"target\":[\"https:\/\/cococoirglobal.com\/es\/faq\/\"]}]},{\"@type\":\"BreadcrumbList\",\"@id\":\"https:\/\/cococoirglobal.com\/es\/faq\/#breadcrumb\",\"itemListElement\":[{\"@type\":\"ListItem\",\"position\":1,\"name\":\"Home\",\"item\":\"https:\/\/cococoirglobal.com\/es\/\"},{\"@type\":\"ListItem\",\"position\":2,\"name\":\"FAQ\"}]},{\"@type\":\"WebSite\",\"@id\":\"https:\/\/cococoirglobal.com\/es\/#website\",\"url\":\"https:\/\/cococoirglobal.com\/es\/\",\"name\":\"Coco Coir Global\",\"description\":\"The leading manufacturer and supplier of Coco Coir Products!\",\"publisher\":{\"@id\":\"https:\/\/cococoirglobal.com\/es\/#organization\"},\"potentialAction\":[{\"@type\":\"SearchAction\",\"target\":{\"@type\":\"EntryPoint\",\"urlTemplate\":\"https:\/\/cococoirglobal.com\/es\/?s={search_term_string}\"},\"query-input\":\"required name=search_term_string\"}],\"inLanguage\":\"es\"},{\"@type\":\"Organization\",\"@id\":\"https:\/\/cococoirglobal.com\/es\/#organization\",\"name\":\"COCO COIR GLOBAL COMPANY LIMITED\",\"url\":\"https:\/\/cococoirglobal.com\/es\/\",\"logo\":{\"@type\":\"ImageObject\",\"inLanguage\":\"es\",\"@id\":\"https:\/\/cococoirglobal.com\/es\/#\/schema\/logo\/image\/\",\"url\":\"https:\/\/cococoirglobal.com\/wp-content\/uploads\/2023\/05\/Logo-coco-coir.png\",\"contentUrl\":\"https:\/\/cococoirglobal.com\/wp-content\/uploads\/2023\/05\/Logo-coco-coir.png\",\"width\":512,\"height\":512,\"caption\":\"COCO COIR GLOBAL COMPANY LIMITED\"},\"image\":{\"@id\":\"https:\/\/cococoirglobal.com\/es\/#\/schema\/logo\/image\/\"},\"sameAs\":[\"https:\/\/www.facebook.com\/cococoirglobal\/\",\"https:\/\/www.instagram.com\/cococoirglobal\/\",\"https:\/\/www.linkedin.com\/company\/coco-coir-global-company-limited\",\"https:\/\/www.youtube.com\/channel\/UC4Xk-Is93xHrllYZADkM7yQ\"]}]}<\/script>\n<!-- \/ Yoast SEO plugin. -->","yoast_head_json":{"title":"FAQ - Coco Coir Global Vietnam","robots":{"index":"index","follow":"follow","max-snippet":"max-snippet:-1","max-image-preview":"max-image-preview:large","max-video-preview":"max-video-preview:-1"},"canonical":"https:\/\/cococoirglobal.com\/es\/faq\/","og_locale":"es_ES","og_type":"article","og_title":"FAQ - Coco Coir Global Vietnam","og_url":"https:\/\/cococoirglobal.com\/es\/faq\/","og_site_name":"Coco Coir Global Vietnam","article_publisher":"https:\/\/www.facebook.com\/cococoirglobal\/","article_modified_time":"2023-10-24T10:13:19+00:00","og_image":[{"width":512,"height":512,"url":"https:\/\/cococoirglobal.com\/wp-content\/uploads\/2021\/08\/cropped-Logo-icon.png","type":"image\/png"}],"twitter_card":"summary_large_image","twitter_misc":{"Tiempo de lectura":"3 minutos"},"schema":{"@context":"https:\/\/schema.org","@graph":[{"@type":"WebPage","@id":"https:\/\/cococoirglobal.com\/es\/faq\/","url":"https:\/\/cococoirglobal.com\/es\/faq\/","name":"FAQ - Coco Coir Global Vietnam","isPartOf":{"@id":"https:\/\/cococoirglobal.com\/es\/#website"},"datePublished":"2023-10-24T10:07:21+00:00","dateModified":"2023-10-24T10:13:19+00:00","breadcrumb":{"@id":"https:\/\/cococoirglobal.com\/es\/faq\/#breadcrumb"},"inLanguage":"es","potentialAction":[{"@type":"ReadAction","target":["https:\/\/cococoirglobal.com\/es\/faq\/"]}]},{"@type":"BreadcrumbList","@id":"https:\/\/cococoirglobal.com\/es\/faq\/#breadcrumb","itemListElement":[{"@type":"ListItem","position":1,"name":"Home","item":"https:\/\/cococoirglobal.com\/es\/"},{"@type":"ListItem","position":2,"name":"FAQ"}]},{"@type":"WebSite","@id":"https:\/\/cococoirglobal.com\/es\/#website","url":"https:\/\/cococoirglobal.com\/es\/","name":"Coco Coir Global","description":"The leading manufacturer and supplier of Coco Coir Products!","publisher":{"@id":"https:\/\/cococoirglobal.com\/es\/#organization"},"potentialAction":[{"@type":"SearchAction","target":{"@type":"EntryPoint","urlTemplate":"https:\/\/cococoirglobal.com\/es\/?s={search_term_string}"},"query-input":"required name=search_term_string"}],"inLanguage":"es"},{"@type":"Organization","@id":"https:\/\/cococoirglobal.com\/es\/#organization","name":"COCO COIR GLOBAL COMPANY LIMITED","url":"https:\/\/cococoirglobal.com\/es\/","logo":{"@type":"ImageObject","inLanguage":"es","@id":"https:\/\/cococoirglobal.com\/es\/#\/schema\/logo\/image\/","url":"https:\/\/cococoirglobal.com\/wp-content\/uploads\/2023\/05\/Logo-coco-coir.png","contentUrl":"https:\/\/cococoirglobal.com\/wp-content\/uploads\/2023\/05\/Logo-coco-coir.png","width":512,"height":512,"caption":"COCO COIR GLOBAL COMPANY LIMITED"},"image":{"@id":"https:\/\/cococoirglobal.com\/es\/#\/schema\/logo\/image\/"},"sameAs":["https:\/\/www.facebook.com\/cococoirglobal\/","https:\/\/www.instagram.com\/cococoirglobal\/","https:\/\/www.linkedin.com\/company\/coco-coir-global-company-limited","https:\/\/www.youtube.com\/channel\/UC4Xk-Is93xHrllYZADkM7yQ"]}]}},"_links":{"self":[{"href":"https:\/\/cococoirglobal.com\/es\/wp-json\/wp\/v2\/pages\/31959"}],"collection":[{"href":"https:\/\/cococoirglobal.com\/es\/wp-json\/wp\/v2\/pages"}],"about":[{"href":"https:\/\/cococoirglobal.com\/es\/wp-json\/wp\/v2\/types\/page"}],"author":[{"embeddable":true,"href":"https:\/\/cococoirglobal.com\/es\/wp-json\/wp\/v2\/users\/2"}],"replies":[{"embeddable":true,"href":"https:\/\/cococoirglobal.com\/es\/wp-json\/wp\/v2\/comments?post=31959"}],"version-history":[{"count":0,"href":"https:\/\/cococoirglobal.com\/es\/wp-json\/wp\/v2\/pages\/31959\/revisions"}],"wp:attachment":[{"href":"https:\/\/cococoirglobal.com\/es\/wp-json\/wp\/v2\/media?parent=31959"}],"curies":[{"name":"wp","href":"https:\/\/api.w.org\/{rel}","templated":true}]}}