{"id":31827,"date":"2023-10-20T11:39:45","date_gmt":"2023-10-20T04:39:45","guid":{"rendered":"https:\/\/cococoirglobal.com\/?page_id=31827"},"modified":"2023-10-20T11:40:40","modified_gmt":"2023-10-20T04:40:40","slug":"cliente","status":"publish","type":"page","link":"https:\/\/cococoirglobal.com\/es\/page\/cliente\/","title":{"rendered":"CLIENTE"},"content":{"rendered":"\t<div class=\"img has-hover x md-x lg-x y md-y lg-y\" id=\"image_998632275\">\n\t\t\t\t\t\t\t\t<div class=\"img-inner image-cover dark\" style=\"padding-top:40%;\">\n\t\t\t<img width=\"1350\" height=\"500\" src=\"https:\/\/cococoirglobal.com\/wp-content\/uploads\/2023\/05\/CUSTOMERS-OF-COCO-COIR-GLOBAL-cococoirglobal.jpg\" class=\"attachment-original size-original\" alt=\"CUSTOMERS OF COCO COIR GLOBAL\" decoding=\"async\" loading=\"lazy\" srcset=\"https:\/\/cococoirglobal.com\/wp-content\/uploads\/2023\/05\/CUSTOMERS-OF-COCO-COIR-GLOBAL-cococoirglobal.jpg 1350w, https:\/\/cococoirglobal.com\/wp-content\/uploads\/2023\/05\/CUSTOMERS-OF-COCO-COIR-GLOBAL-cococoirglobal-300x111.jpg 300w, https:\/\/cococoirglobal.com\/wp-content\/uploads\/2023\/05\/CUSTOMERS-OF-COCO-COIR-GLOBAL-cococoirglobal-1024x379.jpg 1024w, https:\/\/cococoirglobal.com\/wp-content\/uploads\/2023\/05\/CUSTOMERS-OF-COCO-COIR-GLOBAL-cococoirglobal-768x284.jpg 768w, https:\/\/cococoirglobal.com\/wp-content\/uploads\/2023\/05\/CUSTOMERS-OF-COCO-COIR-GLOBAL-cococoirglobal-510x189.jpg 510w\" sizes=\"(max-width: 1350px) 100vw, 1350px\" \/>\t\t\t\t\t\t\n\t\t\t\t\t<\/div>\n\t\t\t\t\t\t\t\t\n<style>\n#image_998632275 {\n  width: 100%;\n}\n<\/style>\n\t<\/div>\n\t\n\t<section class=\"section\" id=\"section_64093618\">\n\t\t<div class=\"bg section-bg fill bg-fill  bg-loaded\" >\n\n\t\t\t\n\t\t\t\n\t\t\t\n\n\t\t<\/div>\n\n\t\t\n\n\t\t<div class=\"section-content relative\">\n\t\t\t\n<div class=\"row row-small align-equal align-center\"  id=\"row-1027296680\">\n\n\t<div id=\"col-402450123\" class=\"col small-12 large-12\"  >\n\t\t\t\t<div class=\"col-inner\"  >\n\t\t\t\n\t\t\t\n\n<span><span><a href=\"https:\/\/cococoirglobal.com\/es\/\">Home<\/a><\/span><\/span>\n\n\t\t<\/div>\n\t\t\t\t\t<\/div>\n\n\t\n\n\t<div id=\"col-199834260\" class=\"col small-12 large-12\"  >\n\t\t\t\t<div class=\"col-inner\"  >\n\t\t\t\n\t\t\t\n\t<div id=\"text-103827614\" class=\"text\">\n\t\t\n<h1 class=\"text-center\" style=\"text-align: center;\"><strong>CLIENTES DE COCO COIR GLOBAL<\/strong><\/h1>\n\t\t\n<style>\n#text-103827614 {\n  font-size: 1.3rem;\n}\n@media (min-width:550px) {\n  #text-103827614 {\n    font-size: 1.8rem;\n  }\n}\n<\/style>\n\t<\/div>\n\t\n<blockquote><p><strong>Coco Coir Global<\/strong> presta servicios a una lista diversa y extensa de clientes, incluidos productores independientes, invernaderos comerciales, socios de distribuci\u00f3n y minoristas en muchos pa\u00edses del mundo. La demanda cada vez mayor de productos de alta calidad junto con la demanda de soluciones econ\u00f3micas \u00f3ptimas nos motiv\u00f3: queremos desarrollar un m\u00e9todo para producir productos de fibra de coco de manera efectiva, as\u00ed como elevar nuestras estrategias de marketing, asegurando que lleguen a quienes los necesitan para sus fines. , especialmente cultivos y horticultura en invernaderos.<\/p><\/blockquote>\n<p>Para los invernaderos comerciales y los productores individuales, somos conscientes de la necesidad de nuestros clientes de productos de alta calidad que satisfagan el nivel superior de los est\u00e1ndares de la industria. Por lo tanto, nos aseguramos de ofrecer productos de la mejor calidad con un proceso de producci\u00f3n transparente y estrictamente controlado desde la etapa de selecci\u00f3n de la materia prima hasta el producto terminado.<\/p>\n<p>Construimos una s\u00f3lida red de clientes que son socios o minoristas en el mercado global. Para reforzar ese v\u00ednculo, nuestro objetivo es proporcionar productos de calidad manteniendo una cantidad suficiente para satisfacer demandas m\u00e1s amplias. Al desempe\u00f1ar nuestro papel vital en la cadena de suministro, queremos suministrar el producto adecuado a un precio asequible, incluso para env\u00edos de megatones, garantizando la disponibilidad de materias primas con una calidad constante y un tiempo de procesamiento r\u00e1pido e ininterrumpido.<\/p>\n<p>Nos esforzamos por suministrar a cada uno de nuestros clientes productos garantizados de alta calidad. Nuestras directrices, que tambi\u00e9n son el valor fundamental de Coco Coir Global, no s\u00f3lo tienen como objetivo complacer a los clientes con productos naturales excelentes, sino tambi\u00e9n crear una elecci\u00f3n estable que siempre sea la respuesta correcta a &#8220;lo que es ideal para usar en productos limpios&#8221;. , frescos y nutritivos?&#8221;, protegen adem\u00e1s la salud del consumidor final y el desarrollo sostenible de la agricultura en su conjunto.<\/p>\n\t\t<\/div>\n\t\t\t\t\t<\/div>\n\n\t\n<\/div>\n\t\t<\/div>\n\n\t\t\n<style>\n#section_64093618 {\n  padding-top: 30px;\n  padding-bottom: 30px;\n}\n#section_64093618 .ux-shape-divider--top svg {\n  height: 150px;\n  --divider-top-width: 100%;\n}\n#section_64093618 .ux-shape-divider--bottom svg {\n  height: 150px;\n  --divider-width: 100%;\n}\n<\/style>\n\t<\/section>\n\t\n\t<section class=\"section\" id=\"section_1247566760\">\n\t\t<div class=\"bg section-bg fill bg-fill  bg-loaded\" >\n\n\t\t\t\n\t\t\t\n\t\t\t\n\n\t\t<\/div>\n\n\t\t\n\n\t\t<div class=\"section-content relative\">\n\t\t\t\n<div class=\"row row-small align-equal align-center\"  id=\"row-1180786004\">\n\n\t<div id=\"col-1655343680\" class=\"col list-child-pages small-12 large-12\"  >\n\t\t\t\t<div class=\"col-inner\"  >\n\t\t\t\n\t\t\t\n\n  \n    <div class=\"row large-columns-2 medium-columns- small-columns-\">\n  <div class=\"page-col col pb-0\" >\n          <div class=\"col-inner\" >\n          <a class=\"block plain\" href=\"https:\/\/cococoirglobal.com\/es\/page\/invernaderos-comerciales\/\" title=\"INVERNADEROS COMERCIALES\" target=\"\">\n            <div class=\"has-shadow page-box box has-hover\">\n                  <div class=\"box-image\" >\n                      <div class=\"box-image\" >\n                      <img width=\"300\" height=\"111\" src=\"https:\/\/cococoirglobal.com\/wp-content\/uploads\/2023\/05\/commercial-greenhouses-cococoirglobal-300x111.jpg\" class=\"attachment-medium size-medium\" alt=\"\" decoding=\"async\" loading=\"lazy\" srcset=\"https:\/\/cococoirglobal.com\/wp-content\/uploads\/2023\/05\/commercial-greenhouses-cococoirglobal-300x111.jpg 300w, https:\/\/cococoirglobal.com\/wp-content\/uploads\/2023\/05\/commercial-greenhouses-cococoirglobal-1024x379.jpg 1024w, https:\/\/cococoirglobal.com\/wp-content\/uploads\/2023\/05\/commercial-greenhouses-cococoirglobal-768x284.jpg 768w, https:\/\/cococoirglobal.com\/wp-content\/uploads\/2023\/05\/commercial-greenhouses-cococoirglobal-510x189.jpg 510w, https:\/\/cococoirglobal.com\/wp-content\/uploads\/2023\/05\/commercial-greenhouses-cococoirglobal.jpg 1350w\" sizes=\"(max-width: 300px) 100vw, 300px\" \/>                      <\/div>\n                                                              <\/div>\n                  <div class=\"box-text text-left\" >\n                        <div class=\"box-text-inner\">\n                                                                <p class=\"h3 strong heading-font\">INVERNADEROS COMERCIALES<\/p>\n                                                            <div class=\"page-excerpt\">\n                                                            <\/div>\n                            \n                        <\/div>\n                  <\/div>\n              <\/div>\n            <\/a>\n            <\/div>\n          <\/div><div class=\"page-col col pb-0\" >\n          <div class=\"col-inner\" >\n          <a class=\"block plain\" href=\"https:\/\/cococoirglobal.com\/es\/page\/productor-individual\/\" title=\"PRODUCTOR INDIVIDUAL\" target=\"\">\n            <div class=\"has-shadow page-box box has-hover\">\n                  <div class=\"box-image\" >\n                      <div class=\"box-image\" >\n                      <img width=\"300\" height=\"111\" src=\"https:\/\/cococoirglobal.com\/wp-content\/uploads\/2023\/05\/individual-grower-300x111.jpg\" class=\"attachment-medium size-medium\" alt=\"\" decoding=\"async\" loading=\"lazy\" srcset=\"https:\/\/cococoirglobal.com\/wp-content\/uploads\/2023\/05\/individual-grower-300x111.jpg 300w, https:\/\/cococoirglobal.com\/wp-content\/uploads\/2023\/05\/individual-grower-1024x379.jpg 1024w, https:\/\/cococoirglobal.com\/wp-content\/uploads\/2023\/05\/individual-grower-768x284.jpg 768w, https:\/\/cococoirglobal.com\/wp-content\/uploads\/2023\/05\/individual-grower-510x189.jpg 510w, https:\/\/cococoirglobal.com\/wp-content\/uploads\/2023\/05\/individual-grower.jpg 1350w\" sizes=\"(max-width: 300px) 100vw, 300px\" \/>                      <\/div>\n                                                              <\/div>\n                  <div class=\"box-text text-left\" >\n                        <div class=\"box-text-inner\">\n                                                                <p class=\"h3 strong heading-font\">PRODUCTOR INDIVIDUAL<\/p>\n                                                            <div class=\"page-excerpt\">\n                                                            <\/div>\n                            \n                        <\/div>\n                  <\/div>\n              <\/div>\n            <\/a>\n            <\/div>\n          <\/div><div class=\"page-col col pb-0\" >\n          <div class=\"col-inner\" >\n          <a class=\"block plain\" href=\"https:\/\/cococoirglobal.com\/es\/page\/minoristas-distribuidores\/\" title=\"MINORISTAS DISTRIBUIDORES\" target=\"\">\n            <div class=\"has-shadow page-box box has-hover\">\n                  <div class=\"box-image\" >\n                      <div class=\"box-image\" >\n                      <img width=\"300\" height=\"111\" src=\"https:\/\/cococoirglobal.com\/wp-content\/uploads\/2023\/05\/retailers-distributors-300x111.jpg\" class=\"attachment-medium size-medium\" alt=\"\" decoding=\"async\" loading=\"lazy\" srcset=\"https:\/\/cococoirglobal.com\/wp-content\/uploads\/2023\/05\/retailers-distributors-300x111.jpg 300w, https:\/\/cococoirglobal.com\/wp-content\/uploads\/2023\/05\/retailers-distributors-1024x379.jpg 1024w, https:\/\/cococoirglobal.com\/wp-content\/uploads\/2023\/05\/retailers-distributors-768x284.jpg 768w, https:\/\/cococoirglobal.com\/wp-content\/uploads\/2023\/05\/retailers-distributors-510x189.jpg 510w, https:\/\/cococoirglobal.com\/wp-content\/uploads\/2023\/05\/retailers-distributors.jpg 1350w\" sizes=\"(max-width: 300px) 100vw, 300px\" \/>                      <\/div>\n                                                              <\/div>\n                  <div class=\"box-text text-left\" >\n                        <div class=\"box-text-inner\">\n                                                                <p class=\"h3 strong heading-font\">MINORISTAS DISTRIBUIDORES<\/p>\n                                                            <div class=\"page-excerpt\">\n                                                            <\/div>\n                            \n                        <\/div>\n                  <\/div>\n              <\/div>\n            <\/a>\n            <\/div>\n          <\/div><\/div>\n\t\t<\/div>\n\t\t\t\t\t<\/div>\n\n\t\n<\/div>\n\t\t<\/div>\n\n\t\t\n<style>\n#section_1247566760 {\n  padding-top: 30px;\n  padding-bottom: 30px;\n}\n#section_1247566760 .ux-shape-divider--top svg {\n  height: 150px;\n  --divider-top-width: 100%;\n}\n#section_1247566760 .ux-shape-divider--bottom svg {\n  height: 150px;\n  --divider-width: 100%;\n}\n<\/style>\n\t<\/section>\n\t\n","protected":false},"excerpt":{"rendered":"","protected":false},"author":2,"featured_media":31830,"parent":0,"menu_order":0,"comment_status":"closed","ping_status":"closed","template":"page-blank.php","meta":{"footnotes":""},"yoast_head":"<!-- This site is optimized with the Yoast SEO plugin v22.6 - https:\/\/yoast.com\/wordpress\/plugins\/seo\/ -->\n<title>CLIENTE - Coco Coir Global Vietnam<\/title>\n<meta name=\"description\" content=\"Coco Coir Global presta servicios a una lista diversa y extensa de clientes, incluidos productores independientes, invernaderos comerciales, socios de distribuci\u00f3n y minoristas en muchos pa\u00edses del mundo.\" \/>\n<meta name=\"robots\" content=\"index, follow, max-snippet:-1, max-image-preview:large, max-video-preview:-1\" \/>\n<link rel=\"canonical\" href=\"https:\/\/cococoirglobal.com\/es\/page\/cliente\/\" \/>\n<meta property=\"og:locale\" content=\"es_ES\" \/>\n<meta property=\"og:type\" content=\"article\" \/>\n<meta property=\"og:title\" content=\"CLIENTE - Coco Coir Global Vietnam\" \/>\n<meta property=\"og:description\" content=\"Coco Coir Global presta servicios a una lista diversa y extensa de clientes, incluidos productores independientes, invernaderos comerciales, socios de distribuci\u00f3n y minoristas en muchos pa\u00edses del mundo.\" \/>\n<meta property=\"og:url\" content=\"https:\/\/cococoirglobal.com\/es\/page\/cliente\/\" \/>\n<meta property=\"og:site_name\" content=\"Coco Coir Global Vietnam\" \/>\n<meta property=\"article:publisher\" content=\"https:\/\/www.facebook.com\/cococoirglobal\/\" \/>\n<meta property=\"article:modified_time\" content=\"2023-10-20T04:40:40+00:00\" \/>\n<meta property=\"og:image\" content=\"https:\/\/cococoirglobal.com\/wp-content\/uploads\/2023\/05\/CUSTOMERS-OF-COCO-COIR-GLOBAL-cococoirglobal.jpg\" \/>\n\t<meta property=\"og:image:width\" content=\"1350\" \/>\n\t<meta property=\"og:image:height\" content=\"500\" \/>\n\t<meta property=\"og:image:type\" content=\"image\/jpeg\" \/>\n<meta name=\"twitter:card\" content=\"summary_large_image\" \/>\n<meta name=\"twitter:label1\" content=\"Tiempo de lectura\" \/>\n\t<meta name=\"twitter:data1\" content=\"2 minutos\" \/>\n<script type=\"application\/ld+json\" class=\"yoast-schema-graph\">{\"@context\":\"https:\/\/schema.org\",\"@graph\":[{\"@type\":\"WebPage\",\"@id\":\"https:\/\/cococoirglobal.com\/es\/page\/cliente\/\",\"url\":\"https:\/\/cococoirglobal.com\/es\/page\/cliente\/\",\"name\":\"CLIENTE - Coco Coir Global Vietnam\",\"isPartOf\":{\"@id\":\"https:\/\/cococoirglobal.com\/es\/#website\"},\"primaryImageOfPage\":{\"@id\":\"https:\/\/cococoirglobal.com\/es\/page\/cliente\/#primaryimage\"},\"image\":{\"@id\":\"https:\/\/cococoirglobal.com\/es\/page\/cliente\/#primaryimage\"},\"thumbnailUrl\":\"https:\/\/cococoirglobal.com\/wp-content\/uploads\/2023\/05\/CUSTOMERS-OF-COCO-COIR-GLOBAL-cococoirglobal.jpg\",\"datePublished\":\"2023-10-20T04:39:45+00:00\",\"dateModified\":\"2023-10-20T04:40:40+00:00\",\"description\":\"Coco Coir Global presta servicios a una lista diversa y extensa de clientes, incluidos productores independientes, invernaderos comerciales, socios de distribuci\u00f3n y minoristas en muchos pa\u00edses del mundo.\",\"breadcrumb\":{\"@id\":\"https:\/\/cococoirglobal.com\/es\/page\/cliente\/#breadcrumb\"},\"inLanguage\":\"es\",\"potentialAction\":[{\"@type\":\"ReadAction\",\"target\":[\"https:\/\/cococoirglobal.com\/es\/page\/cliente\/\"]}]},{\"@type\":\"ImageObject\",\"inLanguage\":\"es\",\"@id\":\"https:\/\/cococoirglobal.com\/es\/page\/cliente\/#primaryimage\",\"url\":\"https:\/\/cococoirglobal.com\/wp-content\/uploads\/2023\/05\/CUSTOMERS-OF-COCO-COIR-GLOBAL-cococoirglobal.jpg\",\"contentUrl\":\"https:\/\/cococoirglobal.com\/wp-content\/uploads\/2023\/05\/CUSTOMERS-OF-COCO-COIR-GLOBAL-cococoirglobal.jpg\",\"width\":1350,\"height\":500},{\"@type\":\"BreadcrumbList\",\"@id\":\"https:\/\/cococoirglobal.com\/es\/page\/cliente\/#breadcrumb\",\"itemListElement\":[{\"@type\":\"ListItem\",\"position\":1,\"name\":\"Home\",\"item\":\"https:\/\/cococoirglobal.com\/es\/\"},{\"@type\":\"ListItem\",\"position\":2,\"name\":\"CLIENTE\"}]},{\"@type\":\"WebSite\",\"@id\":\"https:\/\/cococoirglobal.com\/es\/#website\",\"url\":\"https:\/\/cococoirglobal.com\/es\/\",\"name\":\"Coco Coir Global\",\"description\":\"The leading manufacturer and supplier of Coco Coir Products!\",\"publisher\":{\"@id\":\"https:\/\/cococoirglobal.com\/es\/#organization\"},\"potentialAction\":[{\"@type\":\"SearchAction\",\"target\":{\"@type\":\"EntryPoint\",\"urlTemplate\":\"https:\/\/cococoirglobal.com\/es\/?s={search_term_string}\"},\"query-input\":\"required name=search_term_string\"}],\"inLanguage\":\"es\"},{\"@type\":\"Organization\",\"@id\":\"https:\/\/cococoirglobal.com\/es\/#organization\",\"name\":\"COCO COIR GLOBAL COMPANY LIMITED\",\"url\":\"https:\/\/cococoirglobal.com\/es\/\",\"logo\":{\"@type\":\"ImageObject\",\"inLanguage\":\"es\",\"@id\":\"https:\/\/cococoirglobal.com\/es\/#\/schema\/logo\/image\/\",\"url\":\"https:\/\/cococoirglobal.com\/wp-content\/uploads\/2023\/05\/Logo-coco-coir.png\",\"contentUrl\":\"https:\/\/cococoirglobal.com\/wp-content\/uploads\/2023\/05\/Logo-coco-coir.png\",\"width\":512,\"height\":512,\"caption\":\"COCO COIR GLOBAL COMPANY LIMITED\"},\"image\":{\"@id\":\"https:\/\/cococoirglobal.com\/es\/#\/schema\/logo\/image\/\"},\"sameAs\":[\"https:\/\/www.facebook.com\/cococoirglobal\/\",\"https:\/\/www.instagram.com\/cococoirglobal\/\",\"https:\/\/www.linkedin.com\/company\/coco-coir-global-company-limited\",\"https:\/\/www.youtube.com\/channel\/UC4Xk-Is93xHrllYZADkM7yQ\"]}]}<\/script>\n<!-- \/ Yoast SEO plugin. -->","yoast_head_json":{"title":"CLIENTE - Coco Coir Global Vietnam","description":"Coco Coir Global presta servicios a una lista diversa y extensa de clientes, incluidos productores independientes, invernaderos comerciales, socios de distribuci\u00f3n y minoristas en muchos pa\u00edses del mundo.","robots":{"index":"index","follow":"follow","max-snippet":"max-snippet:-1","max-image-preview":"max-image-preview:large","max-video-preview":"max-video-preview:-1"},"canonical":"https:\/\/cococoirglobal.com\/es\/page\/cliente\/","og_locale":"es_ES","og_type":"article","og_title":"CLIENTE - Coco Coir Global Vietnam","og_description":"Coco Coir Global presta servicios a una lista diversa y extensa de clientes, incluidos productores independientes, invernaderos comerciales, socios de distribuci\u00f3n y minoristas en muchos pa\u00edses del mundo.","og_url":"https:\/\/cococoirglobal.com\/es\/page\/cliente\/","og_site_name":"Coco Coir Global Vietnam","article_publisher":"https:\/\/www.facebook.com\/cococoirglobal\/","article_modified_time":"2023-10-20T04:40:40+00:00","og_image":[{"width":1350,"height":500,"url":"https:\/\/cococoirglobal.com\/wp-content\/uploads\/2023\/05\/CUSTOMERS-OF-COCO-COIR-GLOBAL-cococoirglobal.jpg","type":"image\/jpeg"}],"twitter_card":"summary_large_image","twitter_misc":{"Tiempo de lectura":"2 minutos"},"schema":{"@context":"https:\/\/schema.org","@graph":[{"@type":"WebPage","@id":"https:\/\/cococoirglobal.com\/es\/page\/cliente\/","url":"https:\/\/cococoirglobal.com\/es\/page\/cliente\/","name":"CLIENTE - Coco Coir Global Vietnam","isPartOf":{"@id":"https:\/\/cococoirglobal.com\/es\/#website"},"primaryImageOfPage":{"@id":"https:\/\/cococoirglobal.com\/es\/page\/cliente\/#primaryimage"},"image":{"@id":"https:\/\/cococoirglobal.com\/es\/page\/cliente\/#primaryimage"},"thumbnailUrl":"https:\/\/cococoirglobal.com\/wp-content\/uploads\/2023\/05\/CUSTOMERS-OF-COCO-COIR-GLOBAL-cococoirglobal.jpg","datePublished":"2023-10-20T04:39:45+00:00","dateModified":"2023-10-20T04:40:40+00:00","description":"Coco Coir Global presta servicios a una lista diversa y extensa de clientes, incluidos productores independientes, invernaderos comerciales, socios de distribuci\u00f3n y minoristas en muchos pa\u00edses del mundo.","breadcrumb":{"@id":"https:\/\/cococoirglobal.com\/es\/page\/cliente\/#breadcrumb"},"inLanguage":"es","potentialAction":[{"@type":"ReadAction","target":["https:\/\/cococoirglobal.com\/es\/page\/cliente\/"]}]},{"@type":"ImageObject","inLanguage":"es","@id":"https:\/\/cococoirglobal.com\/es\/page\/cliente\/#primaryimage","url":"https:\/\/cococoirglobal.com\/wp-content\/uploads\/2023\/05\/CUSTOMERS-OF-COCO-COIR-GLOBAL-cococoirglobal.jpg","contentUrl":"https:\/\/cococoirglobal.com\/wp-content\/uploads\/2023\/05\/CUSTOMERS-OF-COCO-COIR-GLOBAL-cococoirglobal.jpg","width":1350,"height":500},{"@type":"BreadcrumbList","@id":"https:\/\/cococoirglobal.com\/es\/page\/cliente\/#breadcrumb","itemListElement":[{"@type":"ListItem","position":1,"name":"Home","item":"https:\/\/cococoirglobal.com\/es\/"},{"@type":"ListItem","position":2,"name":"CLIENTE"}]},{"@type":"WebSite","@id":"https:\/\/cococoirglobal.com\/es\/#website","url":"https:\/\/cococoirglobal.com\/es\/","name":"Coco Coir Global","description":"The leading manufacturer and supplier of Coco Coir Products!","publisher":{"@id":"https:\/\/cococoirglobal.com\/es\/#organization"},"potentialAction":[{"@type":"SearchAction","target":{"@type":"EntryPoint","urlTemplate":"https:\/\/cococoirglobal.com\/es\/?s={search_term_string}"},"query-input":"required name=search_term_string"}],"inLanguage":"es"},{"@type":"Organization","@id":"https:\/\/cococoirglobal.com\/es\/#organization","name":"COCO COIR GLOBAL COMPANY LIMITED","url":"https:\/\/cococoirglobal.com\/es\/","logo":{"@type":"ImageObject","inLanguage":"es","@id":"https:\/\/cococoirglobal.com\/es\/#\/schema\/logo\/image\/","url":"https:\/\/cococoirglobal.com\/wp-content\/uploads\/2023\/05\/Logo-coco-coir.png","contentUrl":"https:\/\/cococoirglobal.com\/wp-content\/uploads\/2023\/05\/Logo-coco-coir.png","width":512,"height":512,"caption":"COCO COIR GLOBAL COMPANY LIMITED"},"image":{"@id":"https:\/\/cococoirglobal.com\/es\/#\/schema\/logo\/image\/"},"sameAs":["https:\/\/www.facebook.com\/cococoirglobal\/","https:\/\/www.instagram.com\/cococoirglobal\/","https:\/\/www.linkedin.com\/company\/coco-coir-global-company-limited","https:\/\/www.youtube.com\/channel\/UC4Xk-Is93xHrllYZADkM7yQ"]}]}},"_links":{"self":[{"href":"https:\/\/cococoirglobal.com\/es\/wp-json\/wp\/v2\/pages\/31827"}],"collection":[{"href":"https:\/\/cococoirglobal.com\/es\/wp-json\/wp\/v2\/pages"}],"about":[{"href":"https:\/\/cococoirglobal.com\/es\/wp-json\/wp\/v2\/types\/page"}],"author":[{"embeddable":true,"href":"https:\/\/cococoirglobal.com\/es\/wp-json\/wp\/v2\/users\/2"}],"replies":[{"embeddable":true,"href":"https:\/\/cococoirglobal.com\/es\/wp-json\/wp\/v2\/comments?post=31827"}],"version-history":[{"count":0,"href":"https:\/\/cococoirglobal.com\/es\/wp-json\/wp\/v2\/pages\/31827\/revisions"}],"wp:featuredmedia":[{"embeddable":true,"href":"https:\/\/cococoirglobal.com\/es\/wp-json\/wp\/v2\/media\/31830"}],"wp:attachment":[{"href":"https:\/\/cococoirglobal.com\/es\/wp-json\/wp\/v2\/media?parent=31827"}],"curies":[{"name":"wp","href":"https:\/\/api.w.org\/{rel}","templated":true}]}}