{"id":31799,"date":"2023-10-19T09:53:49","date_gmt":"2023-10-19T02:53:49","guid":{"rendered":"https:\/\/cococoirglobal.com\/?page_id=31799"},"modified":"2023-10-19T09:54:24","modified_gmt":"2023-10-19T02:54:24","slug":"solicitud","status":"publish","type":"page","link":"https:\/\/cococoirglobal.com\/es\/page\/solicitud\/","title":{"rendered":"SOLICITUD"},"content":{"rendered":"\t<div class=\"img has-hover x md-x lg-x y md-y lg-y\" id=\"image_1691119766\">\n\t\t\t\t\t\t\t\t<div class=\"img-inner image-cover dark\" style=\"padding-top:40%;\">\n\t\t\t<img width=\"1350\" height=\"500\" src=\"https:\/\/cococoirglobal.com\/wp-content\/uploads\/2023\/05\/UNG-DUNG-CUA-XO-DUA.jpg\" class=\"attachment-original size-original\" alt=\"APPLICATIONS OF COCONUT\" decoding=\"async\" loading=\"lazy\" srcset=\"https:\/\/cococoirglobal.com\/wp-content\/uploads\/2023\/05\/UNG-DUNG-CUA-XO-DUA.jpg 1350w, https:\/\/cococoirglobal.com\/wp-content\/uploads\/2023\/05\/UNG-DUNG-CUA-XO-DUA-300x111.jpg 300w, https:\/\/cococoirglobal.com\/wp-content\/uploads\/2023\/05\/UNG-DUNG-CUA-XO-DUA-1024x379.jpg 1024w, https:\/\/cococoirglobal.com\/wp-content\/uploads\/2023\/05\/UNG-DUNG-CUA-XO-DUA-768x284.jpg 768w, https:\/\/cococoirglobal.com\/wp-content\/uploads\/2023\/05\/UNG-DUNG-CUA-XO-DUA-510x189.jpg 510w\" sizes=\"(max-width: 1350px) 100vw, 1350px\" \/>\t\t\t\t\t\t\n\t\t\t\t\t<\/div>\n\t\t\t\t\t\t\t\t\n<style>\n#image_1691119766 {\n  width: 100%;\n}\n<\/style>\n\t<\/div>\n\t\n\t<section class=\"section\" id=\"section_545141640\">\n\t\t<div class=\"bg section-bg fill bg-fill  bg-loaded\" >\n\n\t\t\t\n\t\t\t\n\t\t\t\n\n\t\t<\/div>\n\n\t\t\n\n\t\t<div class=\"section-content relative\">\n\t\t\t\n<div class=\"row row-small align-equal align-center\"  id=\"row-818814971\">\n\n\t<div id=\"col-1905298755\" class=\"col small-12 large-12\"  >\n\t\t\t\t<div class=\"col-inner\"  >\n\t\t\t\n\t\t\t\n\n<span><span><a href=\"https:\/\/cococoirglobal.com\/es\/\">Home<\/a><\/span><\/span>\n\n\t\t<\/div>\n\t\t\t\t\t<\/div>\n\n\t\n\n\t<div id=\"col-610032167\" class=\"col small-12 large-12\"  >\n\t\t\t\t<div class=\"col-inner\"  >\n\t\t\t\n\t\t\t\n\t<div id=\"text-457690015\" class=\"text\">\n\t\t\n<h1 class=\"text-center\">APLICACIONES DE LA COCO<\/h1>\n\t\t\n<style>\n#text-457690015 {\n  font-size: 1.3rem;\n}\n@media (min-width:550px) {\n  #text-457690015 {\n    font-size: 1.8rem;\n  }\n}\n<\/style>\n\t<\/div>\n\t\n<p style=\"text-align: center;\">Coco Coir &#8211; \u00a1Un sustrato sostenible y vers\u00e1til!<\/p>\n<p>En los \u00faltimos a\u00f1os, hemos sido testigos del creciente crecimiento de los sustratos de cultivo de fibra de coco, especialmente en el sector agr\u00edcola. Los productores se dan cuenta gradualmente de la utilidad y la importancia de la fibra de coco en la horticultura y el cultivo, lo que ayuda a que sus cultivos mejoren notablemente en eficiencia tanto en calidad como en rendimiento. Adem\u00e1s, debido a las caracter\u00edsticas de la fibra de coco, un sustrato org\u00e1nico, respetuoso con el medio ambiente y completamente benigno, merece convertirse en uno de los sustratos de &#8220;primera clase&#8221; en la industria de los sustratos de cultivo. La aplicaci\u00f3n de la fibra de coco es mejor en el campo de la horticultura, espec\u00edficamente para aquellas que aplican t\u00e9cnicas modernas y avanzadas, produciendo verduras y frutas de alta calidad, deliciosas y nutritivas, al mismo tiempo que ayudan a reducir la contaminaci\u00f3n ambiental, tambi\u00e9n contribuye a la agricultura sostenible en particular y humana. salud en general.<\/p>\n\t\t<\/div>\n\t\t\t\t\t<\/div>\n\n\t\n<\/div>\n\t\t<\/div>\n\n\t\t\n<style>\n#section_545141640 {\n  padding-top: 30px;\n  padding-bottom: 30px;\n}\n#section_545141640 .ux-shape-divider--top svg {\n  height: 150px;\n  --divider-top-width: 100%;\n}\n#section_545141640 .ux-shape-divider--bottom svg {\n  height: 150px;\n  --divider-width: 100%;\n}\n<\/style>\n\t<\/section>\n\t\n\t<section class=\"section\" id=\"section_1739652147\">\n\t\t<div class=\"bg section-bg fill bg-fill  bg-loaded\" >\n\n\t\t\t\n\t\t\t\n\t\t\t\n\n\t\t<\/div>\n\n\t\t\n\n\t\t<div class=\"section-content relative\">\n\t\t\t\n<div class=\"row row-small align-equal align-center\"  id=\"row-1172686997\">\n\n\t<div id=\"col-720914907\" class=\"col list-child-pages small-12 large-12\"  >\n\t\t\t\t<div class=\"col-inner\"  >\n\t\t\t\n\t\t\t\n\n  \n    <div class=\"row large-columns-2 medium-columns- small-columns-\">\n  <div class=\"page-col col pb-0\" >\n          <div class=\"col-inner\" >\n          <a class=\"block plain\" href=\"https:\/\/cococoirglobal.com\/es\/page\/invernadero\/\" title=\"APLICACIONES DE LA COCO EN CULTIVO EN INVERNADERO\" target=\"\">\n            <div class=\"has-shadow page-box box has-hover\">\n                  <div class=\"box-image\" >\n                      <div class=\"box-image\" >\n                      <img width=\"300\" height=\"111\" src=\"https:\/\/cococoirglobal.com\/wp-content\/uploads\/2023\/05\/APPLICATIONS-OF-COCO-COIR-IN-GREENHOUSE-FARMING-300x111.jpg\" class=\"attachment-medium size-medium\" alt=\"\" decoding=\"async\" loading=\"lazy\" srcset=\"https:\/\/cococoirglobal.com\/wp-content\/uploads\/2023\/05\/APPLICATIONS-OF-COCO-COIR-IN-GREENHOUSE-FARMING-300x111.jpg 300w, https:\/\/cococoirglobal.com\/wp-content\/uploads\/2023\/05\/APPLICATIONS-OF-COCO-COIR-IN-GREENHOUSE-FARMING-1024x379.jpg 1024w, https:\/\/cococoirglobal.com\/wp-content\/uploads\/2023\/05\/APPLICATIONS-OF-COCO-COIR-IN-GREENHOUSE-FARMING-768x284.jpg 768w, https:\/\/cococoirglobal.com\/wp-content\/uploads\/2023\/05\/APPLICATIONS-OF-COCO-COIR-IN-GREENHOUSE-FARMING-510x189.jpg 510w, https:\/\/cococoirglobal.com\/wp-content\/uploads\/2023\/05\/APPLICATIONS-OF-COCO-COIR-IN-GREENHOUSE-FARMING.jpg 1350w\" sizes=\"(max-width: 300px) 100vw, 300px\" \/>                      <\/div>\n                                                              <\/div>\n                  <div class=\"box-text text-left\" >\n                        <div class=\"box-text-inner\">\n                                                                <p class=\"h3 strong heading-font\">APLICACIONES DE LA COCO EN CULTIVO EN INVERNADERO<\/p>\n                                                            <div class=\"page-excerpt\">\n                                                            <\/div>\n                            \n                        <\/div>\n                  <\/div>\n              <\/div>\n            <\/a>\n            <\/div>\n          <\/div><div class=\"page-col col pb-0\" >\n          <div class=\"col-inner\" >\n          <a class=\"block plain\" href=\"https:\/\/cococoirglobal.com\/es\/page\/jardineria\/\" title=\"APLICACIONES DE LA COCO EN JARDINER\u00cdA\" target=\"\">\n            <div class=\"has-shadow page-box box has-hover\">\n                  <div class=\"box-image\" >\n                      <div class=\"box-image\" >\n                      <img width=\"300\" height=\"111\" src=\"https:\/\/cococoirglobal.com\/wp-content\/uploads\/2023\/05\/APPLICATIONS-OF-COCO-COIR-IN-GARDENING-1-300x111.jpg\" class=\"attachment-medium size-medium\" alt=\"\" decoding=\"async\" loading=\"lazy\" srcset=\"https:\/\/cococoirglobal.com\/wp-content\/uploads\/2023\/05\/APPLICATIONS-OF-COCO-COIR-IN-GARDENING-1-300x111.jpg 300w, https:\/\/cococoirglobal.com\/wp-content\/uploads\/2023\/05\/APPLICATIONS-OF-COCO-COIR-IN-GARDENING-1-1024x379.jpg 1024w, https:\/\/cococoirglobal.com\/wp-content\/uploads\/2023\/05\/APPLICATIONS-OF-COCO-COIR-IN-GARDENING-1-768x284.jpg 768w, https:\/\/cococoirglobal.com\/wp-content\/uploads\/2023\/05\/APPLICATIONS-OF-COCO-COIR-IN-GARDENING-1-510x189.jpg 510w, https:\/\/cococoirglobal.com\/wp-content\/uploads\/2023\/05\/APPLICATIONS-OF-COCO-COIR-IN-GARDENING-1.jpg 1350w\" sizes=\"(max-width: 300px) 100vw, 300px\" \/>                      <\/div>\n                                                              <\/div>\n                  <div class=\"box-text text-left\" >\n                        <div class=\"box-text-inner\">\n                                                                <p class=\"h3 strong heading-font\">APLICACIONES DE LA COCO EN JARDINER\u00cdA<\/p>\n                                                            <div class=\"page-excerpt\">\n                                                            <\/div>\n                            \n                        <\/div>\n                  <\/div>\n              <\/div>\n            <\/a>\n            <\/div>\n          <\/div><div class=\"page-col col pb-0\" >\n          <div class=\"col-inner\" >\n          <a class=\"block plain\" href=\"https:\/\/cococoirglobal.com\/es\/page\/produccion-de-fertilizantes-organicos\/\" title=\"APLICACIONES DE LA COCA DE COCO EN LA PRODUCCI\u00d3N DE FERTILIZANTES ORG\u00c1NICOS\" target=\"\">\n            <div class=\"has-shadow page-box box has-hover\">\n                  <div class=\"box-image\" >\n                      <div class=\"box-image\" >\n                      <img width=\"300\" height=\"111\" src=\"https:\/\/cococoirglobal.com\/wp-content\/uploads\/2023\/05\/ORGANIC-FERTILIZER-PRODUCTION-1-300x111.jpg\" class=\"attachment-medium size-medium\" alt=\"\" decoding=\"async\" loading=\"lazy\" srcset=\"https:\/\/cococoirglobal.com\/wp-content\/uploads\/2023\/05\/ORGANIC-FERTILIZER-PRODUCTION-1-300x111.jpg 300w, https:\/\/cococoirglobal.com\/wp-content\/uploads\/2023\/05\/ORGANIC-FERTILIZER-PRODUCTION-1-1024x379.jpg 1024w, https:\/\/cococoirglobal.com\/wp-content\/uploads\/2023\/05\/ORGANIC-FERTILIZER-PRODUCTION-1-768x284.jpg 768w, https:\/\/cococoirglobal.com\/wp-content\/uploads\/2023\/05\/ORGANIC-FERTILIZER-PRODUCTION-1-510x189.jpg 510w, https:\/\/cococoirglobal.com\/wp-content\/uploads\/2023\/05\/ORGANIC-FERTILIZER-PRODUCTION-1.jpg 1350w\" sizes=\"(max-width: 300px) 100vw, 300px\" \/>                      <\/div>\n                                                              <\/div>\n                  <div class=\"box-text text-left\" >\n                        <div class=\"box-text-inner\">\n                                                                <p class=\"h3 strong heading-font\">APLICACIONES DE LA COCA DE COCO EN LA PRODUCCI\u00d3N DE FERTILIZANTES ORG\u00c1NICOS<\/p>\n                                                            <div class=\"page-excerpt\">\n                                                            <\/div>\n                            \n                        <\/div>\n                  <\/div>\n              <\/div>\n            <\/a>\n            <\/div>\n          <\/div><div class=\"page-col col pb-0\" >\n          <div class=\"col-inner\" >\n          <a class=\"block plain\" href=\"https:\/\/cococoirglobal.com\/es\/page\/hacer-mezclas-para-macetas\/\" title=\"APLICACI\u00d3N DE COCO EN LA FABRICACI\u00d3N DE MEZCLAS PARA MACETAS\" target=\"\">\n            <div class=\"has-shadow page-box box has-hover\">\n                  <div class=\"box-image\" >\n                      <div class=\"box-image\" >\n                      <img width=\"300\" height=\"111\" src=\"https:\/\/cococoirglobal.com\/wp-content\/uploads\/2023\/05\/APPLICATION-OF-COCO-COIR-IN-MAKING-POTTING-MIXES-300x111.jpg\" class=\"attachment-medium size-medium\" alt=\"\" decoding=\"async\" loading=\"lazy\" srcset=\"https:\/\/cococoirglobal.com\/wp-content\/uploads\/2023\/05\/APPLICATION-OF-COCO-COIR-IN-MAKING-POTTING-MIXES-300x111.jpg 300w, https:\/\/cococoirglobal.com\/wp-content\/uploads\/2023\/05\/APPLICATION-OF-COCO-COIR-IN-MAKING-POTTING-MIXES-1024x379.jpg 1024w, https:\/\/cococoirglobal.com\/wp-content\/uploads\/2023\/05\/APPLICATION-OF-COCO-COIR-IN-MAKING-POTTING-MIXES-768x284.jpg 768w, https:\/\/cococoirglobal.com\/wp-content\/uploads\/2023\/05\/APPLICATION-OF-COCO-COIR-IN-MAKING-POTTING-MIXES-510x189.jpg 510w, https:\/\/cococoirglobal.com\/wp-content\/uploads\/2023\/05\/APPLICATION-OF-COCO-COIR-IN-MAKING-POTTING-MIXES.jpg 1350w\" sizes=\"(max-width: 300px) 100vw, 300px\" \/>                      <\/div>\n                                                              <\/div>\n                  <div class=\"box-text text-left\" >\n                        <div class=\"box-text-inner\">\n                                                                <p class=\"h3 strong heading-font\">APLICACI\u00d3N DE COCO EN LA FABRICACI\u00d3N DE MEZCLAS PARA MACETAS<\/p>\n                                                            <div class=\"page-excerpt\">\n                                                            <\/div>\n                            \n                        <\/div>\n                  <\/div>\n              <\/div>\n            <\/a>\n            <\/div>\n          <\/div><\/div>\n\t\t<\/div>\n\t\t\t\t\t<\/div>\n\n\t\n<\/div>\n\t\t<\/div>\n\n\t\t\n<style>\n#section_1739652147 {\n  padding-top: 30px;\n  padding-bottom: 30px;\n}\n#section_1739652147 .ux-shape-divider--top svg {\n  height: 150px;\n  --divider-top-width: 100%;\n}\n#section_1739652147 .ux-shape-divider--bottom svg {\n  height: 150px;\n  --divider-width: 100%;\n}\n<\/style>\n\t<\/section>\n\t\n","protected":false},"excerpt":{"rendered":"","protected":false},"author":2,"featured_media":31792,"parent":0,"menu_order":0,"comment_status":"closed","ping_status":"closed","template":"page-blank.php","meta":{"footnotes":""},"yoast_head":"<!-- This site is optimized with the Yoast SEO plugin v22.6 - https:\/\/yoast.com\/wordpress\/plugins\/seo\/ -->\n<title>SOLICITUD - Coco Coir Global Vietnam<\/title>\n<meta name=\"description\" content=\"En los \u00faltimos a\u00f1os, hemos sido testigos del creciente crecimiento de los sustratos de cultivo de fibra de coco, especialmente en el sector agr\u00edcola. Los productores se dan cuenta gradualmente de la utilidad y la importancia de la fibra de coco en la horticultura y el cultivo, lo que ayuda a que sus cultivos mejoren notablemente en eficiencia tanto en calidad como en rendimiento.\" \/>\n<meta name=\"robots\" content=\"index, follow, max-snippet:-1, max-image-preview:large, max-video-preview:-1\" \/>\n<link rel=\"canonical\" href=\"https:\/\/cococoirglobal.com\/es\/page\/solicitud\/\" \/>\n<meta property=\"og:locale\" content=\"es_ES\" \/>\n<meta property=\"og:type\" content=\"article\" \/>\n<meta property=\"og:title\" content=\"SOLICITUD - Coco Coir Global Vietnam\" \/>\n<meta property=\"og:description\" content=\"En los \u00faltimos a\u00f1os, hemos sido testigos del creciente crecimiento de los sustratos de cultivo de fibra de coco, especialmente en el sector agr\u00edcola. Los productores se dan cuenta gradualmente de la utilidad y la importancia de la fibra de coco en la horticultura y el cultivo, lo que ayuda a que sus cultivos mejoren notablemente en eficiencia tanto en calidad como en rendimiento.\" \/>\n<meta property=\"og:url\" content=\"https:\/\/cococoirglobal.com\/es\/page\/solicitud\/\" \/>\n<meta property=\"og:site_name\" content=\"Coco Coir Global Vietnam\" \/>\n<meta property=\"article:publisher\" content=\"https:\/\/www.facebook.com\/cococoirglobal\/\" \/>\n<meta property=\"article:modified_time\" content=\"2023-10-19T02:54:24+00:00\" \/>\n<meta property=\"og:image\" content=\"https:\/\/cococoirglobal.com\/wp-content\/uploads\/2023\/05\/14-1.jpg\" \/>\n\t<meta property=\"og:image:width\" content=\"1080\" \/>\n\t<meta property=\"og:image:height\" content=\"800\" \/>\n\t<meta property=\"og:image:type\" content=\"image\/jpeg\" \/>\n<meta name=\"twitter:card\" content=\"summary_large_image\" \/>\n<meta name=\"twitter:label1\" content=\"Tiempo de lectura\" \/>\n\t<meta name=\"twitter:data1\" content=\"1 minuto\" \/>\n<script type=\"application\/ld+json\" class=\"yoast-schema-graph\">{\"@context\":\"https:\/\/schema.org\",\"@graph\":[{\"@type\":\"WebPage\",\"@id\":\"https:\/\/cococoirglobal.com\/es\/page\/solicitud\/\",\"url\":\"https:\/\/cococoirglobal.com\/es\/page\/solicitud\/\",\"name\":\"SOLICITUD - Coco Coir Global Vietnam\",\"isPartOf\":{\"@id\":\"https:\/\/cococoirglobal.com\/es\/#website\"},\"primaryImageOfPage\":{\"@id\":\"https:\/\/cococoirglobal.com\/es\/page\/solicitud\/#primaryimage\"},\"image\":{\"@id\":\"https:\/\/cococoirglobal.com\/es\/page\/solicitud\/#primaryimage\"},\"thumbnailUrl\":\"https:\/\/cococoirglobal.com\/wp-content\/uploads\/2023\/05\/14-1.jpg\",\"datePublished\":\"2023-10-19T02:53:49+00:00\",\"dateModified\":\"2023-10-19T02:54:24+00:00\",\"description\":\"En los \u00faltimos a\u00f1os, hemos sido testigos del creciente crecimiento de los sustratos de cultivo de fibra de coco, especialmente en el sector agr\u00edcola. Los productores se dan cuenta gradualmente de la utilidad y la importancia de la fibra de coco en la horticultura y el cultivo, lo que ayuda a que sus cultivos mejoren notablemente en eficiencia tanto en calidad como en rendimiento.\",\"breadcrumb\":{\"@id\":\"https:\/\/cococoirglobal.com\/es\/page\/solicitud\/#breadcrumb\"},\"inLanguage\":\"es\",\"potentialAction\":[{\"@type\":\"ReadAction\",\"target\":[\"https:\/\/cococoirglobal.com\/es\/page\/solicitud\/\"]}]},{\"@type\":\"ImageObject\",\"inLanguage\":\"es\",\"@id\":\"https:\/\/cococoirglobal.com\/es\/page\/solicitud\/#primaryimage\",\"url\":\"https:\/\/cococoirglobal.com\/wp-content\/uploads\/2023\/05\/14-1.jpg\",\"contentUrl\":\"https:\/\/cococoirglobal.com\/wp-content\/uploads\/2023\/05\/14-1.jpg\",\"width\":1080,\"height\":800},{\"@type\":\"BreadcrumbList\",\"@id\":\"https:\/\/cococoirglobal.com\/es\/page\/solicitud\/#breadcrumb\",\"itemListElement\":[{\"@type\":\"ListItem\",\"position\":1,\"name\":\"Home\",\"item\":\"https:\/\/cococoirglobal.com\/es\/\"},{\"@type\":\"ListItem\",\"position\":2,\"name\":\"SOLICITUD\"}]},{\"@type\":\"WebSite\",\"@id\":\"https:\/\/cococoirglobal.com\/es\/#website\",\"url\":\"https:\/\/cococoirglobal.com\/es\/\",\"name\":\"Coco Coir Global\",\"description\":\"The leading manufacturer and supplier of Coco Coir Products!\",\"publisher\":{\"@id\":\"https:\/\/cococoirglobal.com\/es\/#organization\"},\"potentialAction\":[{\"@type\":\"SearchAction\",\"target\":{\"@type\":\"EntryPoint\",\"urlTemplate\":\"https:\/\/cococoirglobal.com\/es\/?s={search_term_string}\"},\"query-input\":\"required name=search_term_string\"}],\"inLanguage\":\"es\"},{\"@type\":\"Organization\",\"@id\":\"https:\/\/cococoirglobal.com\/es\/#organization\",\"name\":\"COCO COIR GLOBAL COMPANY LIMITED\",\"url\":\"https:\/\/cococoirglobal.com\/es\/\",\"logo\":{\"@type\":\"ImageObject\",\"inLanguage\":\"es\",\"@id\":\"https:\/\/cococoirglobal.com\/es\/#\/schema\/logo\/image\/\",\"url\":\"https:\/\/cococoirglobal.com\/wp-content\/uploads\/2023\/05\/Logo-coco-coir.png\",\"contentUrl\":\"https:\/\/cococoirglobal.com\/wp-content\/uploads\/2023\/05\/Logo-coco-coir.png\",\"width\":512,\"height\":512,\"caption\":\"COCO COIR GLOBAL COMPANY LIMITED\"},\"image\":{\"@id\":\"https:\/\/cococoirglobal.com\/es\/#\/schema\/logo\/image\/\"},\"sameAs\":[\"https:\/\/www.facebook.com\/cococoirglobal\/\",\"https:\/\/www.instagram.com\/cococoirglobal\/\",\"https:\/\/www.linkedin.com\/company\/coco-coir-global-company-limited\",\"https:\/\/www.youtube.com\/channel\/UC4Xk-Is93xHrllYZADkM7yQ\"]}]}<\/script>\n<!-- \/ Yoast SEO plugin. -->","yoast_head_json":{"title":"SOLICITUD - Coco Coir Global Vietnam","description":"En los \u00faltimos a\u00f1os, hemos sido testigos del creciente crecimiento de los sustratos de cultivo de fibra de coco, especialmente en el sector agr\u00edcola. Los productores se dan cuenta gradualmente de la utilidad y la importancia de la fibra de coco en la horticultura y el cultivo, lo que ayuda a que sus cultivos mejoren notablemente en eficiencia tanto en calidad como en rendimiento.","robots":{"index":"index","follow":"follow","max-snippet":"max-snippet:-1","max-image-preview":"max-image-preview:large","max-video-preview":"max-video-preview:-1"},"canonical":"https:\/\/cococoirglobal.com\/es\/page\/solicitud\/","og_locale":"es_ES","og_type":"article","og_title":"SOLICITUD - Coco Coir Global Vietnam","og_description":"En los \u00faltimos a\u00f1os, hemos sido testigos del creciente crecimiento de los sustratos de cultivo de fibra de coco, especialmente en el sector agr\u00edcola. Los productores se dan cuenta gradualmente de la utilidad y la importancia de la fibra de coco en la horticultura y el cultivo, lo que ayuda a que sus cultivos mejoren notablemente en eficiencia tanto en calidad como en rendimiento.","og_url":"https:\/\/cococoirglobal.com\/es\/page\/solicitud\/","og_site_name":"Coco Coir Global Vietnam","article_publisher":"https:\/\/www.facebook.com\/cococoirglobal\/","article_modified_time":"2023-10-19T02:54:24+00:00","og_image":[{"width":1080,"height":800,"url":"https:\/\/cococoirglobal.com\/wp-content\/uploads\/2023\/05\/14-1.jpg","type":"image\/jpeg"}],"twitter_card":"summary_large_image","twitter_misc":{"Tiempo de lectura":"1 minuto"},"schema":{"@context":"https:\/\/schema.org","@graph":[{"@type":"WebPage","@id":"https:\/\/cococoirglobal.com\/es\/page\/solicitud\/","url":"https:\/\/cococoirglobal.com\/es\/page\/solicitud\/","name":"SOLICITUD - Coco Coir Global Vietnam","isPartOf":{"@id":"https:\/\/cococoirglobal.com\/es\/#website"},"primaryImageOfPage":{"@id":"https:\/\/cococoirglobal.com\/es\/page\/solicitud\/#primaryimage"},"image":{"@id":"https:\/\/cococoirglobal.com\/es\/page\/solicitud\/#primaryimage"},"thumbnailUrl":"https:\/\/cococoirglobal.com\/wp-content\/uploads\/2023\/05\/14-1.jpg","datePublished":"2023-10-19T02:53:49+00:00","dateModified":"2023-10-19T02:54:24+00:00","description":"En los \u00faltimos a\u00f1os, hemos sido testigos del creciente crecimiento de los sustratos de cultivo de fibra de coco, especialmente en el sector agr\u00edcola. Los productores se dan cuenta gradualmente de la utilidad y la importancia de la fibra de coco en la horticultura y el cultivo, lo que ayuda a que sus cultivos mejoren notablemente en eficiencia tanto en calidad como en rendimiento.","breadcrumb":{"@id":"https:\/\/cococoirglobal.com\/es\/page\/solicitud\/#breadcrumb"},"inLanguage":"es","potentialAction":[{"@type":"ReadAction","target":["https:\/\/cococoirglobal.com\/es\/page\/solicitud\/"]}]},{"@type":"ImageObject","inLanguage":"es","@id":"https:\/\/cococoirglobal.com\/es\/page\/solicitud\/#primaryimage","url":"https:\/\/cococoirglobal.com\/wp-content\/uploads\/2023\/05\/14-1.jpg","contentUrl":"https:\/\/cococoirglobal.com\/wp-content\/uploads\/2023\/05\/14-1.jpg","width":1080,"height":800},{"@type":"BreadcrumbList","@id":"https:\/\/cococoirglobal.com\/es\/page\/solicitud\/#breadcrumb","itemListElement":[{"@type":"ListItem","position":1,"name":"Home","item":"https:\/\/cococoirglobal.com\/es\/"},{"@type":"ListItem","position":2,"name":"SOLICITUD"}]},{"@type":"WebSite","@id":"https:\/\/cococoirglobal.com\/es\/#website","url":"https:\/\/cococoirglobal.com\/es\/","name":"Coco Coir Global","description":"The leading manufacturer and supplier of Coco Coir Products!","publisher":{"@id":"https:\/\/cococoirglobal.com\/es\/#organization"},"potentialAction":[{"@type":"SearchAction","target":{"@type":"EntryPoint","urlTemplate":"https:\/\/cococoirglobal.com\/es\/?s={search_term_string}"},"query-input":"required name=search_term_string"}],"inLanguage":"es"},{"@type":"Organization","@id":"https:\/\/cococoirglobal.com\/es\/#organization","name":"COCO COIR GLOBAL COMPANY LIMITED","url":"https:\/\/cococoirglobal.com\/es\/","logo":{"@type":"ImageObject","inLanguage":"es","@id":"https:\/\/cococoirglobal.com\/es\/#\/schema\/logo\/image\/","url":"https:\/\/cococoirglobal.com\/wp-content\/uploads\/2023\/05\/Logo-coco-coir.png","contentUrl":"https:\/\/cococoirglobal.com\/wp-content\/uploads\/2023\/05\/Logo-coco-coir.png","width":512,"height":512,"caption":"COCO COIR GLOBAL COMPANY LIMITED"},"image":{"@id":"https:\/\/cococoirglobal.com\/es\/#\/schema\/logo\/image\/"},"sameAs":["https:\/\/www.facebook.com\/cococoirglobal\/","https:\/\/www.instagram.com\/cococoirglobal\/","https:\/\/www.linkedin.com\/company\/coco-coir-global-company-limited","https:\/\/www.youtube.com\/channel\/UC4Xk-Is93xHrllYZADkM7yQ"]}]}},"_links":{"self":[{"href":"https:\/\/cococoirglobal.com\/es\/wp-json\/wp\/v2\/pages\/31799"}],"collection":[{"href":"https:\/\/cococoirglobal.com\/es\/wp-json\/wp\/v2\/pages"}],"about":[{"href":"https:\/\/cococoirglobal.com\/es\/wp-json\/wp\/v2\/types\/page"}],"author":[{"embeddable":true,"href":"https:\/\/cococoirglobal.com\/es\/wp-json\/wp\/v2\/users\/2"}],"replies":[{"embeddable":true,"href":"https:\/\/cococoirglobal.com\/es\/wp-json\/wp\/v2\/comments?post=31799"}],"version-history":[{"count":0,"href":"https:\/\/cococoirglobal.com\/es\/wp-json\/wp\/v2\/pages\/31799\/revisions"}],"wp:featuredmedia":[{"embeddable":true,"href":"https:\/\/cococoirglobal.com\/es\/wp-json\/wp\/v2\/media\/31792"}],"wp:attachment":[{"href":"https:\/\/cococoirglobal.com\/es\/wp-json\/wp\/v2\/media?parent=31799"}],"curies":[{"name":"wp","href":"https:\/\/api.w.org\/{rel}","templated":true}]}}