{"id":31786,"date":"2023-10-19T09:40:25","date_gmt":"2023-10-19T02:40:25","guid":{"rendered":"https:\/\/cococoirglobal.com\/?page_id=31786"},"modified":"2023-10-19T09:40:25","modified_gmt":"2023-10-19T02:40:25","slug":"nuestra-calidad-del-producto","status":"publish","type":"page","link":"https:\/\/cococoirglobal.com\/es\/nuestra-calidad-del-producto\/","title":{"rendered":"NUESTRA CALIDAD DEL PRODUCTO"},"content":{"rendered":"\n<span><span><a href=\"https:\/\/cococoirglobal.com\/es\/\">Home<\/a><\/span><\/span>\n\n\n\t<div id=\"col-762036661\" class=\"col small-12 large-12\"  >\n\t\t\t\t<div class=\"col-inner\"  >\n\t\t\t\n\t\t\t\n\t<div id=\"text-2193046637\" class=\"text\">\n\t\t\n<h1>NUESTRA CALIDAD DEL PRODUCTO<\/h1>\n\t\t\n<style>\n#text-2193046637 {\n  text-align: center;\n}\n<\/style>\n\t<\/div>\n\t\n\t\t<\/div>\n\t\t\t\t\t<\/div>\n\n\t\n<h2 style=\"text-align: justify;\">Caracter\u00edsticas destacadas de nuestros productos<\/h2>\n<p style=\"text-align: justify;\">Nuestro medio de cultivo org\u00e1nico de fibra de coco 100% natural es un medio de cultivo de fibra de coco sin suelo que se obtiene seleccionando las mejores c\u00e1scaras de coco de la provincia de Ben Tre, Vietnam. Nuestra fibra de coco tiene una textura uniforme, proporciona un buen drenaje, alta porosidad, alta capacidad de retenci\u00f3n de agua, gran absorci\u00f3n y retiene la humedad, lo que permite un crecimiento saludable de las ra\u00edces. Nuestro Grow Media proporciona m\u00e1s ox\u00edgeno, lo que permite que las plantas crezcan m\u00e1s sanas y produzcan mayores rendimientos.<\/p>\n<p style=\"text-align: justify;\">Todas nuestras materias primas han sido certificadas por OMRI para uso org\u00e1nico.<\/p>\n<p><img decoding=\"async\" loading=\"lazy\" class=\"aligncenter wp-image-17925 size-full\" src=\"https:\/\/cococoirglobal.com\/wp-content\/uploads\/2023\/05\/2-1-e1685006305549.jpg\" alt=\"OMRI Listed certified\" width=\"766\" height=\"450\" srcset=\"https:\/\/cococoirglobal.com\/wp-content\/uploads\/2023\/05\/2-1-e1685006305549.jpg 766w, https:\/\/cococoirglobal.com\/wp-content\/uploads\/2023\/05\/2-1-e1685006305549-300x176.jpg 300w, https:\/\/cococoirglobal.com\/wp-content\/uploads\/2023\/05\/2-1-e1685006305549-510x300.jpg 510w\" sizes=\"(max-width: 766px) 100vw, 766px\" \/><\/p>\n<p>&nbsp;<\/p>\n<p style=\"text-align: justify;\">Producimos medios de cultivo Coco Coir debidamente lavados que han sido probados por laboratorios acreditados de terceros. La mayor\u00eda de las pruebas se realizan en laboratorios de EE. UU., algunos de ellos en Vietnam. El an\u00e1lisis de pH, EC (sales solubles), an\u00e1lisis de caracter\u00edsticas qu\u00edmicas, propiedades f\u00edsicas, pruebas de metales pesados (el contenido de la prueba de metales pesados tambi\u00e9n cumple con los requisitos canadienses para el an\u00e1lisis de metales pesados), residuos de pesticidas (no detectados para aproximadamente 500 compuestos) y An\u00e1lisis microbiano.<\/p>\n<p><img decoding=\"async\" loading=\"lazy\" class=\"aligncenter wp-image-17931\" src=\"https:\/\/cococoirglobal.com\/wp-content\/uploads\/2023\/05\/15-1.jpg\" alt=\"test reports coco coir global\" width=\"800\" height=\"593\" srcset=\"https:\/\/cococoirglobal.com\/wp-content\/uploads\/2023\/05\/15-1.jpg 1080w, https:\/\/cococoirglobal.com\/wp-content\/uploads\/2023\/05\/15-1-300x222.jpg 300w, https:\/\/cococoirglobal.com\/wp-content\/uploads\/2023\/05\/15-1-1024x759.jpg 1024w, https:\/\/cococoirglobal.com\/wp-content\/uploads\/2023\/05\/15-1-768x569.jpg 768w, https:\/\/cococoirglobal.com\/wp-content\/uploads\/2023\/05\/15-1-510x378.jpg 510w\" sizes=\"(max-width: 800px) 100vw, 800px\" \/><\/p>\n<h2 style=\"text-align: justify;\">&#8220;La calidad primero&#8221; es nuestro lema<\/h2>\n<p>Lavamos Coco Coir 4 veces con agua dulce para eliminar las sales, lo que da como resultado una EC muy baja \u2264 0,5 mS\/cm, pH: 5,8 \u2013 6,5 S.U. La amortiguaci\u00f3n mediante nuestro procedimiento especial da como resultado un contenido de nivel extremadamente bajo de sodio (Na) y potasio (K), creando un buen sustrato de cultivo de fibra de coco, mejor control sobre el manejo de fertilizantes, asegurando que la mezcla de nutrientes de los productores alimente a las plantas, sin necesidad de enjuagar ni modificar. Sustratos de fibra de coco.<\/p>\n<p>Los clientes pueden evaluar el lavado y el buffering de nuestros productos para cumplir con los m\u00e1s altos est\u00e1ndares de la industria a trav\u00e9s de nuestro informe de an\u00e1lisis de las caracter\u00edsticas qu\u00edmicas del producto realizado por laboratorios externos acreditados en los EE. UU. Este an\u00e1lisis de caracter\u00edsticas qu\u00edmicas se realizar\u00e1 peri\u00f3dicamente en Lotes de Producci\u00f3n relacionados con \u00d3rdenes de Compra de los clientes.<\/p>\n<p><img decoding=\"async\" loading=\"lazy\" class=\"aligncenter wp-image-17928\" src=\"https:\/\/cococoirglobal.com\/wp-content\/uploads\/2023\/05\/14-1.jpg\" alt=\"high-grade coco coir - coco coir global\" width=\"800\" height=\"593\" srcset=\"https:\/\/cococoirglobal.com\/wp-content\/uploads\/2023\/05\/14-1.jpg 1080w, https:\/\/cococoirglobal.com\/wp-content\/uploads\/2023\/05\/14-1-300x222.jpg 300w, https:\/\/cococoirglobal.com\/wp-content\/uploads\/2023\/05\/14-1-1024x759.jpg 1024w, https:\/\/cococoirglobal.com\/wp-content\/uploads\/2023\/05\/14-1-768x569.jpg 768w, https:\/\/cococoirglobal.com\/wp-content\/uploads\/2023\/05\/14-1-510x378.jpg 510w\" sizes=\"(max-width: 800px) 100vw, 800px\" \/><\/p>\n<h2 style=\"text-align: justify;\">Proceso de fabricaci\u00f3n estricto y transparente.<\/h2>\n<p>Monitoreamos de cerca el proceso de transporte desde las materias primas hasta la fibra de coco terminada, realizamos controles estrictos durante los procesos de producci\u00f3n, contamos con embalajes y contenedores de env\u00edo adecuados para eliminar el riesgo de contaminaci\u00f3n de malezas, semillas de malezas, tierra, impurezas, insectos y microorganismos da\u00f1inos.<\/p>\n<p>Podemos personalizar nuestros productos seg\u00fan los requisitos del cliente. Y nuestro Coco Coir puede ser reutilizable y biodegradable.<\/p>\n<h2 style=\"text-align: justify;\">Otras aplicaciones de nuestra Coco Coir<\/h2>\n<p style=\"text-align: justify;\">Adem\u00e1s de proporcionar medios de cultivo de fibra de coco y algunas mezclas relacionadas con la horticultura, tambi\u00e9n ofrecemos productos para fines no hort\u00edcolas, como lechos para caballos, mantillo para parques infantiles, limpieza de aceite, etc.<\/p>\n","protected":false},"excerpt":{"rendered":"<p>Caracter\u00edsticas destacadas de nuestros productos Nuestro medio de cultivo org\u00e1nico de fibra de coco 100% natural es un medio de cultivo de fibra de coco sin suelo que se obtiene seleccionando las mejores c\u00e1scaras de coco de la provincia de Ben Tre, Vietnam. Nuestra fibra de coco tiene una textura uniforme, proporciona un buen drenaje,&#8230;<\/p>\n","protected":false},"author":2,"featured_media":31792,"parent":0,"menu_order":0,"comment_status":"closed","ping_status":"closed","template":"","meta":{"footnotes":""},"yoast_head":"<!-- This site is optimized with the Yoast SEO plugin v22.6 - https:\/\/yoast.com\/wordpress\/plugins\/seo\/ -->\n<title>NUESTRA CALIDAD DEL PRODUCTO - Coco Coir Global Vietnam<\/title>\n<meta name=\"description\" content=\"Nuestro medio de cultivo org\u00e1nico de fibra de coco 100% natural es un medio de cultivo de fibra de coco sin suelo que se obtiene seleccionando las mejores c\u00e1scaras de coco de la provincia de Ben Tre, Vietnam.\" \/>\n<meta name=\"robots\" content=\"index, follow, max-snippet:-1, max-image-preview:large, max-video-preview:-1\" \/>\n<link rel=\"canonical\" href=\"https:\/\/cococoirglobal.com\/es\/nuestra-calidad-del-producto\/\" \/>\n<meta property=\"og:locale\" content=\"es_ES\" \/>\n<meta property=\"og:type\" content=\"article\" \/>\n<meta property=\"og:title\" content=\"NUESTRA CALIDAD DEL PRODUCTO - Coco Coir Global Vietnam\" \/>\n<meta property=\"og:description\" content=\"Nuestro medio de cultivo org\u00e1nico de fibra de coco 100% natural es un medio de cultivo de fibra de coco sin suelo que se obtiene seleccionando las mejores c\u00e1scaras de coco de la provincia de Ben Tre, Vietnam.\" \/>\n<meta property=\"og:url\" content=\"https:\/\/cococoirglobal.com\/es\/nuestra-calidad-del-producto\/\" \/>\n<meta property=\"og:site_name\" content=\"Coco Coir Global Vietnam\" \/>\n<meta property=\"article:publisher\" content=\"https:\/\/www.facebook.com\/cococoirglobal\/\" \/>\n<meta property=\"og:image\" content=\"https:\/\/cococoirglobal.com\/wp-content\/uploads\/2023\/05\/14-1.jpg\" \/>\n\t<meta property=\"og:image:width\" content=\"1080\" \/>\n\t<meta property=\"og:image:height\" content=\"800\" \/>\n\t<meta property=\"og:image:type\" content=\"image\/jpeg\" \/>\n<meta name=\"twitter:card\" content=\"summary_large_image\" \/>\n<meta name=\"twitter:label1\" content=\"Tiempo de lectura\" \/>\n\t<meta name=\"twitter:data1\" content=\"3 minutos\" \/>\n<script type=\"application\/ld+json\" class=\"yoast-schema-graph\">{\"@context\":\"https:\/\/schema.org\",\"@graph\":[{\"@type\":\"WebPage\",\"@id\":\"https:\/\/cococoirglobal.com\/es\/nuestra-calidad-del-producto\/\",\"url\":\"https:\/\/cococoirglobal.com\/es\/nuestra-calidad-del-producto\/\",\"name\":\"NUESTRA CALIDAD DEL PRODUCTO - Coco Coir Global Vietnam\",\"isPartOf\":{\"@id\":\"https:\/\/cococoirglobal.com\/es\/#website\"},\"primaryImageOfPage\":{\"@id\":\"https:\/\/cococoirglobal.com\/es\/nuestra-calidad-del-producto\/#primaryimage\"},\"image\":{\"@id\":\"https:\/\/cococoirglobal.com\/es\/nuestra-calidad-del-producto\/#primaryimage\"},\"thumbnailUrl\":\"https:\/\/cococoirglobal.com\/wp-content\/uploads\/2023\/05\/14-1.jpg\",\"datePublished\":\"2023-10-19T02:40:25+00:00\",\"dateModified\":\"2023-10-19T02:40:25+00:00\",\"description\":\"Nuestro medio de cultivo org\u00e1nico de fibra de coco 100% natural es un medio de cultivo de fibra de coco sin suelo que se obtiene seleccionando las mejores c\u00e1scaras de coco de la provincia de Ben Tre, Vietnam.\",\"breadcrumb\":{\"@id\":\"https:\/\/cococoirglobal.com\/es\/nuestra-calidad-del-producto\/#breadcrumb\"},\"inLanguage\":\"es\",\"potentialAction\":[{\"@type\":\"ReadAction\",\"target\":[\"https:\/\/cococoirglobal.com\/es\/nuestra-calidad-del-producto\/\"]}]},{\"@type\":\"ImageObject\",\"inLanguage\":\"es\",\"@id\":\"https:\/\/cococoirglobal.com\/es\/nuestra-calidad-del-producto\/#primaryimage\",\"url\":\"https:\/\/cococoirglobal.com\/wp-content\/uploads\/2023\/05\/14-1.jpg\",\"contentUrl\":\"https:\/\/cococoirglobal.com\/wp-content\/uploads\/2023\/05\/14-1.jpg\",\"width\":1080,\"height\":800},{\"@type\":\"BreadcrumbList\",\"@id\":\"https:\/\/cococoirglobal.com\/es\/nuestra-calidad-del-producto\/#breadcrumb\",\"itemListElement\":[{\"@type\":\"ListItem\",\"position\":1,\"name\":\"Home\",\"item\":\"https:\/\/cococoirglobal.com\/es\/\"},{\"@type\":\"ListItem\",\"position\":2,\"name\":\"NUESTRA CALIDAD DEL PRODUCTO\"}]},{\"@type\":\"WebSite\",\"@id\":\"https:\/\/cococoirglobal.com\/es\/#website\",\"url\":\"https:\/\/cococoirglobal.com\/es\/\",\"name\":\"Coco Coir Global\",\"description\":\"The leading manufacturer and supplier of Coco Coir Products!\",\"publisher\":{\"@id\":\"https:\/\/cococoirglobal.com\/es\/#organization\"},\"potentialAction\":[{\"@type\":\"SearchAction\",\"target\":{\"@type\":\"EntryPoint\",\"urlTemplate\":\"https:\/\/cococoirglobal.com\/es\/?s={search_term_string}\"},\"query-input\":\"required name=search_term_string\"}],\"inLanguage\":\"es\"},{\"@type\":\"Organization\",\"@id\":\"https:\/\/cococoirglobal.com\/es\/#organization\",\"name\":\"COCO COIR GLOBAL COMPANY LIMITED\",\"url\":\"https:\/\/cococoirglobal.com\/es\/\",\"logo\":{\"@type\":\"ImageObject\",\"inLanguage\":\"es\",\"@id\":\"https:\/\/cococoirglobal.com\/es\/#\/schema\/logo\/image\/\",\"url\":\"https:\/\/cococoirglobal.com\/wp-content\/uploads\/2023\/05\/Logo-coco-coir.png\",\"contentUrl\":\"https:\/\/cococoirglobal.com\/wp-content\/uploads\/2023\/05\/Logo-coco-coir.png\",\"width\":512,\"height\":512,\"caption\":\"COCO COIR GLOBAL COMPANY LIMITED\"},\"image\":{\"@id\":\"https:\/\/cococoirglobal.com\/es\/#\/schema\/logo\/image\/\"},\"sameAs\":[\"https:\/\/www.facebook.com\/cococoirglobal\/\",\"https:\/\/www.instagram.com\/cococoirglobal\/\",\"https:\/\/www.linkedin.com\/company\/coco-coir-global-company-limited\",\"https:\/\/www.youtube.com\/channel\/UC4Xk-Is93xHrllYZADkM7yQ\"]}]}<\/script>\n<!-- \/ Yoast SEO plugin. -->","yoast_head_json":{"title":"NUESTRA CALIDAD DEL PRODUCTO - Coco Coir Global Vietnam","description":"Nuestro medio de cultivo org\u00e1nico de fibra de coco 100% natural es un medio de cultivo de fibra de coco sin suelo que se obtiene seleccionando las mejores c\u00e1scaras de coco de la provincia de Ben Tre, Vietnam.","robots":{"index":"index","follow":"follow","max-snippet":"max-snippet:-1","max-image-preview":"max-image-preview:large","max-video-preview":"max-video-preview:-1"},"canonical":"https:\/\/cococoirglobal.com\/es\/nuestra-calidad-del-producto\/","og_locale":"es_ES","og_type":"article","og_title":"NUESTRA CALIDAD DEL PRODUCTO - Coco Coir Global Vietnam","og_description":"Nuestro medio de cultivo org\u00e1nico de fibra de coco 100% natural es un medio de cultivo de fibra de coco sin suelo que se obtiene seleccionando las mejores c\u00e1scaras de coco de la provincia de Ben Tre, Vietnam.","og_url":"https:\/\/cococoirglobal.com\/es\/nuestra-calidad-del-producto\/","og_site_name":"Coco Coir Global Vietnam","article_publisher":"https:\/\/www.facebook.com\/cococoirglobal\/","og_image":[{"width":1080,"height":800,"url":"https:\/\/cococoirglobal.com\/wp-content\/uploads\/2023\/05\/14-1.jpg","type":"image\/jpeg"}],"twitter_card":"summary_large_image","twitter_misc":{"Tiempo de lectura":"3 minutos"},"schema":{"@context":"https:\/\/schema.org","@graph":[{"@type":"WebPage","@id":"https:\/\/cococoirglobal.com\/es\/nuestra-calidad-del-producto\/","url":"https:\/\/cococoirglobal.com\/es\/nuestra-calidad-del-producto\/","name":"NUESTRA CALIDAD DEL PRODUCTO - Coco Coir Global Vietnam","isPartOf":{"@id":"https:\/\/cococoirglobal.com\/es\/#website"},"primaryImageOfPage":{"@id":"https:\/\/cococoirglobal.com\/es\/nuestra-calidad-del-producto\/#primaryimage"},"image":{"@id":"https:\/\/cococoirglobal.com\/es\/nuestra-calidad-del-producto\/#primaryimage"},"thumbnailUrl":"https:\/\/cococoirglobal.com\/wp-content\/uploads\/2023\/05\/14-1.jpg","datePublished":"2023-10-19T02:40:25+00:00","dateModified":"2023-10-19T02:40:25+00:00","description":"Nuestro medio de cultivo org\u00e1nico de fibra de coco 100% natural es un medio de cultivo de fibra de coco sin suelo que se obtiene seleccionando las mejores c\u00e1scaras de coco de la provincia de Ben Tre, Vietnam.","breadcrumb":{"@id":"https:\/\/cococoirglobal.com\/es\/nuestra-calidad-del-producto\/#breadcrumb"},"inLanguage":"es","potentialAction":[{"@type":"ReadAction","target":["https:\/\/cococoirglobal.com\/es\/nuestra-calidad-del-producto\/"]}]},{"@type":"ImageObject","inLanguage":"es","@id":"https:\/\/cococoirglobal.com\/es\/nuestra-calidad-del-producto\/#primaryimage","url":"https:\/\/cococoirglobal.com\/wp-content\/uploads\/2023\/05\/14-1.jpg","contentUrl":"https:\/\/cococoirglobal.com\/wp-content\/uploads\/2023\/05\/14-1.jpg","width":1080,"height":800},{"@type":"BreadcrumbList","@id":"https:\/\/cococoirglobal.com\/es\/nuestra-calidad-del-producto\/#breadcrumb","itemListElement":[{"@type":"ListItem","position":1,"name":"Home","item":"https:\/\/cococoirglobal.com\/es\/"},{"@type":"ListItem","position":2,"name":"NUESTRA CALIDAD DEL PRODUCTO"}]},{"@type":"WebSite","@id":"https:\/\/cococoirglobal.com\/es\/#website","url":"https:\/\/cococoirglobal.com\/es\/","name":"Coco Coir Global","description":"The leading manufacturer and supplier of Coco Coir Products!","publisher":{"@id":"https:\/\/cococoirglobal.com\/es\/#organization"},"potentialAction":[{"@type":"SearchAction","target":{"@type":"EntryPoint","urlTemplate":"https:\/\/cococoirglobal.com\/es\/?s={search_term_string}"},"query-input":"required name=search_term_string"}],"inLanguage":"es"},{"@type":"Organization","@id":"https:\/\/cococoirglobal.com\/es\/#organization","name":"COCO COIR GLOBAL COMPANY LIMITED","url":"https:\/\/cococoirglobal.com\/es\/","logo":{"@type":"ImageObject","inLanguage":"es","@id":"https:\/\/cococoirglobal.com\/es\/#\/schema\/logo\/image\/","url":"https:\/\/cococoirglobal.com\/wp-content\/uploads\/2023\/05\/Logo-coco-coir.png","contentUrl":"https:\/\/cococoirglobal.com\/wp-content\/uploads\/2023\/05\/Logo-coco-coir.png","width":512,"height":512,"caption":"COCO COIR GLOBAL COMPANY LIMITED"},"image":{"@id":"https:\/\/cococoirglobal.com\/es\/#\/schema\/logo\/image\/"},"sameAs":["https:\/\/www.facebook.com\/cococoirglobal\/","https:\/\/www.instagram.com\/cococoirglobal\/","https:\/\/www.linkedin.com\/company\/coco-coir-global-company-limited","https:\/\/www.youtube.com\/channel\/UC4Xk-Is93xHrllYZADkM7yQ"]}]}},"_links":{"self":[{"href":"https:\/\/cococoirglobal.com\/es\/wp-json\/wp\/v2\/pages\/31786"}],"collection":[{"href":"https:\/\/cococoirglobal.com\/es\/wp-json\/wp\/v2\/pages"}],"about":[{"href":"https:\/\/cococoirglobal.com\/es\/wp-json\/wp\/v2\/types\/page"}],"author":[{"embeddable":true,"href":"https:\/\/cococoirglobal.com\/es\/wp-json\/wp\/v2\/users\/2"}],"replies":[{"embeddable":true,"href":"https:\/\/cococoirglobal.com\/es\/wp-json\/wp\/v2\/comments?post=31786"}],"version-history":[{"count":0,"href":"https:\/\/cococoirglobal.com\/es\/wp-json\/wp\/v2\/pages\/31786\/revisions"}],"wp:featuredmedia":[{"embeddable":true,"href":"https:\/\/cococoirglobal.com\/es\/wp-json\/wp\/v2\/media\/31792"}],"wp:attachment":[{"href":"https:\/\/cococoirglobal.com\/es\/wp-json\/wp\/v2\/media?parent=31786"}],"curies":[{"name":"wp","href":"https:\/\/api.w.org\/{rel}","templated":true}]}}