{"id":31783,"date":"2023-10-19T09:33:53","date_gmt":"2023-10-19T02:33:53","guid":{"rendered":"https:\/\/cococoirglobal.com\/?page_id=31783"},"modified":"2023-10-19T09:33:53","modified_gmt":"2023-10-19T02:33:53","slug":"certificaciones-de-calidad","status":"publish","type":"page","link":"https:\/\/cococoirglobal.com\/es\/certificaciones-de-calidad\/","title":{"rendered":"CERTIFICACIONES DE CALIDAD"},"content":{"rendered":"\n<span><span><a href=\"https:\/\/cococoirglobal.com\/es\/\">Home<\/a><\/span><\/span>\n\n\n\t<div id=\"col-743327414\" class=\"col small-12 large-12\"  >\n\t\t\t\t<div class=\"col-inner\"  >\n\t\t\t\n\t\t\t\n\t<div id=\"text-703156843\" class=\"text\">\n\t\t\n<h1>CERTIFICACIONES DE CALIDAD<\/h1>\n\t\t\n<style>\n#text-703156843 {\n  text-align: center;\n}\n<\/style>\n\t<\/div>\n\t\n\t\t<\/div>\n\t\t\t\t\t<\/div>\n\n\t\n<div class=\"row row-small align-middle align-center\"  id=\"row-2111502581\">\n\n\t<div id=\"col-584897566\" class=\"col medium-6 small-12 large-6\"  >\n\t\t\t\t<div class=\"col-inner\"  >\n\t\t\t\n\t\t\t\n<h2>1. LISTADO EN OMRI<\/h2>\n<p>Coco Coir Global es la \u00fanica empresa que obtiene el certificado OMRI en la industria en Vietnam. OMRI Listed para uso org\u00e1nico es un certificado bien conocido para cualquier productor de insumos, especialmente en el sector de medios de cultivo en EE. UU., Canad\u00e1, M\u00e9xico y todo el mundo. Est\u00e1 emitido por un instituto acreditado en EE.UU. (Organic Materials Review Institute). El proceso de revisi\u00f3n de OMRI est\u00e1 altamente evaluado de acuerdo con los est\u00e1ndares del USDA, lo que brinda a los clientes seguridad y satisfacci\u00f3n al elegir productos en la Lista OMRI.<\/p>\n\t\t<\/div>\n\t\t\t\t\t<\/div>\n\n\t\n\n\t<div id=\"col-1207345455\" class=\"col medium-6 small-12 large-6\"  >\n\t\t\t\t<div class=\"col-inner\"  >\n\t\t\t\n\t\t\t\n\t<div class=\"img has-hover x md-x lg-x y md-y lg-y\" id=\"image_711701645\">\n\t\t\t\t\t\t\t\t<div class=\"img-inner dark\" >\n\t\t\t<img width=\"800\" height=\"539\" src=\"https:\/\/cococoirglobal.com\/wp-content\/uploads\/2023\/08\/OMRI-listed-prod-avail-english-cmyk-coococoirglobal.jpg\" class=\"attachment-original size-original\" alt=\"OMRI-listed-prod-avail-english-cmyk-coococoirglobal\" decoding=\"async\" loading=\"lazy\" srcset=\"https:\/\/cococoirglobal.com\/wp-content\/uploads\/2023\/08\/OMRI-listed-prod-avail-english-cmyk-coococoirglobal.jpg 800w, https:\/\/cococoirglobal.com\/wp-content\/uploads\/2023\/08\/OMRI-listed-prod-avail-english-cmyk-coococoirglobal-768x517.jpg 768w, https:\/\/cococoirglobal.com\/wp-content\/uploads\/2023\/08\/OMRI-listed-prod-avail-english-cmyk-coococoirglobal-510x344.jpg 510w\" sizes=\"(max-width: 800px) 100vw, 800px\" \/>\t\t\t\t\t\t\n\t\t\t\t\t<\/div>\n\t\t\t\t\t\t\t\t\n<style>\n#image_711701645 {\n  width: 100%;\n}\n<\/style>\n\t<\/div>\n\t\n\t\t<\/div>\n\t\t\t\t\t<\/div>\n\n\t\n<\/div>\n<div class=\"row row-small align-middle align-center\"  id=\"row-34532505\">\n\n\t<div id=\"col-1791623270\" class=\"col medium-6 small-12 large-6\"  >\n\t\t\t\t<div class=\"col-inner\"  >\n\t\t\t\n\t\t\t\n\t<div class=\"img has-hover x md-x lg-x y md-y lg-y\" id=\"image_2144181671\">\n\t\t\t\t\t\t\t\t<div class=\"img-inner dark\" >\n\t\t\t<img width=\"600\" height=\"180\" src=\"https:\/\/cococoirglobal.com\/wp-content\/uploads\/2023\/05\/iso-9001.jpg\" class=\"attachment-original size-original\" alt=\"iso-9001\" decoding=\"async\" loading=\"lazy\" srcset=\"https:\/\/cococoirglobal.com\/wp-content\/uploads\/2023\/05\/iso-9001.jpg 600w, https:\/\/cococoirglobal.com\/wp-content\/uploads\/2023\/05\/iso-9001-300x90.jpg 300w, https:\/\/cococoirglobal.com\/wp-content\/uploads\/2023\/05\/iso-9001-510x153.jpg 510w\" sizes=\"(max-width: 600px) 100vw, 600px\" \/>\t\t\t\t\t\t\n\t\t\t\t\t<\/div>\n\t\t\t\t\t\t\t\t\n<style>\n#image_2144181671 {\n  width: 100%;\n}\n<\/style>\n\t<\/div>\n\t\n\t\t<\/div>\n\t\t\t\t\t<\/div>\n\n\t\n\n\t<div id=\"col-1833218259\" class=\"col medium-col-first medium-6 small-12 large-6\"  >\n\t\t\t\t<div class=\"col-inner\"  >\n\t\t\t\n\t\t\t\n<h2>2.ISO 9001:2015<\/h2>\n<p>Somos una de las pocas f\u00e1bricas de Coco Coir Grow Media en Vietnam que cuenta con la certificaci\u00f3n ISO 9001: 2015, y el sistema de producci\u00f3n riguroso y transparente de Coco Coir Global garantiza no solo la m\u00e1s alta calidad sino tambi\u00e9n la asequibilidad.<\/p>\n\t\t<\/div>\n\t\t\t\t\t<\/div>\n\n\t\n<\/div>\n","protected":false},"excerpt":{"rendered":"","protected":false},"author":2,"featured_media":31715,"parent":0,"menu_order":0,"comment_status":"closed","ping_status":"closed","template":"","meta":{"footnotes":""},"yoast_head":"<!-- This site is optimized with the Yoast SEO plugin v22.6 - https:\/\/yoast.com\/wordpress\/plugins\/seo\/ -->\n<title>CERTIFICACIONES DE CALIDAD - Coco Coir Global Vietnam<\/title>\n<meta name=\"description\" content=\"Coco Coir Global es la \u00fanica empresa que obtiene el certificado OMRI en la industria en Vietnam. OMRI Listed para uso org\u00e1nico es un certificado bien conocido para cualquier productor de insumos, especialmente en el sector de medios de cultivo en EE. UU., Canad\u00e1, M\u00e9xico y todo el mundo. Est\u00e1 emitido por un instituto acreditado en EE.UU. (Organic Materials Review Institute). El proceso de revisi\u00f3n de OMRI est\u00e1 altamente evaluado de acuerdo con los est\u00e1ndares del USDA, lo que brinda a los clientes seguridad y satisfacci\u00f3n al elegir productos en la Lista OMRI.\" \/>\n<meta name=\"robots\" content=\"index, follow, max-snippet:-1, max-image-preview:large, max-video-preview:-1\" \/>\n<link rel=\"canonical\" href=\"https:\/\/cococoirglobal.com\/es\/certificaciones-de-calidad\/\" \/>\n<meta property=\"og:locale\" content=\"es_ES\" \/>\n<meta property=\"og:type\" content=\"article\" \/>\n<meta property=\"og:title\" content=\"CERTIFICACIONES DE CALIDAD - Coco Coir Global Vietnam\" \/>\n<meta property=\"og:description\" content=\"Coco Coir Global es la \u00fanica empresa que obtiene el certificado OMRI en la industria en Vietnam. OMRI Listed para uso org\u00e1nico es un certificado bien conocido para cualquier productor de insumos, especialmente en el sector de medios de cultivo en EE. UU., Canad\u00e1, M\u00e9xico y todo el mundo. Est\u00e1 emitido por un instituto acreditado en EE.UU. (Organic Materials Review Institute). El proceso de revisi\u00f3n de OMRI est\u00e1 altamente evaluado de acuerdo con los est\u00e1ndares del USDA, lo que brinda a los clientes seguridad y satisfacci\u00f3n al elegir productos en la Lista OMRI.\" \/>\n<meta property=\"og:url\" content=\"https:\/\/cococoirglobal.com\/es\/certificaciones-de-calidad\/\" \/>\n<meta property=\"og:site_name\" content=\"Coco Coir Global Vietnam\" \/>\n<meta property=\"article:publisher\" content=\"https:\/\/www.facebook.com\/cococoirglobal\/\" \/>\n<meta property=\"og:image\" content=\"https:\/\/cococoirglobal.com\/wp-content\/uploads\/2022\/09\/www.cococoirglobal.com-28.png\" \/>\n\t<meta property=\"og:image:width\" content=\"800\" \/>\n\t<meta property=\"og:image:height\" content=\"571\" \/>\n\t<meta property=\"og:image:type\" content=\"image\/png\" \/>\n<meta name=\"twitter:card\" content=\"summary_large_image\" \/>\n<meta name=\"twitter:label1\" content=\"Tiempo de lectura\" \/>\n\t<meta name=\"twitter:data1\" content=\"1 minuto\" \/>\n<script type=\"application\/ld+json\" class=\"yoast-schema-graph\">{\"@context\":\"https:\/\/schema.org\",\"@graph\":[{\"@type\":\"WebPage\",\"@id\":\"https:\/\/cococoirglobal.com\/es\/certificaciones-de-calidad\/\",\"url\":\"https:\/\/cococoirglobal.com\/es\/certificaciones-de-calidad\/\",\"name\":\"CERTIFICACIONES DE CALIDAD - Coco Coir Global Vietnam\",\"isPartOf\":{\"@id\":\"https:\/\/cococoirglobal.com\/es\/#website\"},\"primaryImageOfPage\":{\"@id\":\"https:\/\/cococoirglobal.com\/es\/certificaciones-de-calidad\/#primaryimage\"},\"image\":{\"@id\":\"https:\/\/cococoirglobal.com\/es\/certificaciones-de-calidad\/#primaryimage\"},\"thumbnailUrl\":\"https:\/\/cococoirglobal.com\/wp-content\/uploads\/2022\/09\/www.cococoirglobal.com-28.png\",\"datePublished\":\"2023-10-19T02:33:53+00:00\",\"dateModified\":\"2023-10-19T02:33:53+00:00\",\"description\":\"Coco Coir Global es la \u00fanica empresa que obtiene el certificado OMRI en la industria en Vietnam. OMRI Listed para uso org\u00e1nico es un certificado bien conocido para cualquier productor de insumos, especialmente en el sector de medios de cultivo en EE. UU., Canad\u00e1, M\u00e9xico y todo el mundo. Est\u00e1 emitido por un instituto acreditado en EE.UU. (Organic Materials Review Institute). El proceso de revisi\u00f3n de OMRI est\u00e1 altamente evaluado de acuerdo con los est\u00e1ndares del USDA, lo que brinda a los clientes seguridad y satisfacci\u00f3n al elegir productos en la Lista OMRI.\",\"breadcrumb\":{\"@id\":\"https:\/\/cococoirglobal.com\/es\/certificaciones-de-calidad\/#breadcrumb\"},\"inLanguage\":\"es\",\"potentialAction\":[{\"@type\":\"ReadAction\",\"target\":[\"https:\/\/cococoirglobal.com\/es\/certificaciones-de-calidad\/\"]}]},{\"@type\":\"ImageObject\",\"inLanguage\":\"es\",\"@id\":\"https:\/\/cococoirglobal.com\/es\/certificaciones-de-calidad\/#primaryimage\",\"url\":\"https:\/\/cococoirglobal.com\/wp-content\/uploads\/2022\/09\/www.cococoirglobal.com-28.png\",\"contentUrl\":\"https:\/\/cococoirglobal.com\/wp-content\/uploads\/2022\/09\/www.cococoirglobal.com-28.png\",\"width\":1500,\"height\":1071},{\"@type\":\"BreadcrumbList\",\"@id\":\"https:\/\/cococoirglobal.com\/es\/certificaciones-de-calidad\/#breadcrumb\",\"itemListElement\":[{\"@type\":\"ListItem\",\"position\":1,\"name\":\"Home\",\"item\":\"https:\/\/cococoirglobal.com\/es\/\"},{\"@type\":\"ListItem\",\"position\":2,\"name\":\"CERTIFICACIONES DE CALIDAD\"}]},{\"@type\":\"WebSite\",\"@id\":\"https:\/\/cococoirglobal.com\/es\/#website\",\"url\":\"https:\/\/cococoirglobal.com\/es\/\",\"name\":\"Coco Coir Global\",\"description\":\"The leading manufacturer and supplier of Coco Coir Products!\",\"publisher\":{\"@id\":\"https:\/\/cococoirglobal.com\/es\/#organization\"},\"potentialAction\":[{\"@type\":\"SearchAction\",\"target\":{\"@type\":\"EntryPoint\",\"urlTemplate\":\"https:\/\/cococoirglobal.com\/es\/?s={search_term_string}\"},\"query-input\":\"required name=search_term_string\"}],\"inLanguage\":\"es\"},{\"@type\":\"Organization\",\"@id\":\"https:\/\/cococoirglobal.com\/es\/#organization\",\"name\":\"COCO COIR GLOBAL COMPANY LIMITED\",\"url\":\"https:\/\/cococoirglobal.com\/es\/\",\"logo\":{\"@type\":\"ImageObject\",\"inLanguage\":\"es\",\"@id\":\"https:\/\/cococoirglobal.com\/es\/#\/schema\/logo\/image\/\",\"url\":\"https:\/\/cococoirglobal.com\/wp-content\/uploads\/2023\/05\/Logo-coco-coir.png\",\"contentUrl\":\"https:\/\/cococoirglobal.com\/wp-content\/uploads\/2023\/05\/Logo-coco-coir.png\",\"width\":512,\"height\":512,\"caption\":\"COCO COIR GLOBAL COMPANY LIMITED\"},\"image\":{\"@id\":\"https:\/\/cococoirglobal.com\/es\/#\/schema\/logo\/image\/\"},\"sameAs\":[\"https:\/\/www.facebook.com\/cococoirglobal\/\",\"https:\/\/www.instagram.com\/cococoirglobal\/\",\"https:\/\/www.linkedin.com\/company\/coco-coir-global-company-limited\",\"https:\/\/www.youtube.com\/channel\/UC4Xk-Is93xHrllYZADkM7yQ\"]}]}<\/script>\n<!-- \/ Yoast SEO plugin. -->","yoast_head_json":{"title":"CERTIFICACIONES DE CALIDAD - Coco Coir Global Vietnam","description":"Coco Coir Global es la \u00fanica empresa que obtiene el certificado OMRI en la industria en Vietnam. OMRI Listed para uso org\u00e1nico es un certificado bien conocido para cualquier productor de insumos, especialmente en el sector de medios de cultivo en EE. UU., Canad\u00e1, M\u00e9xico y todo el mundo. Est\u00e1 emitido por un instituto acreditado en EE.UU. (Organic Materials Review Institute). El proceso de revisi\u00f3n de OMRI est\u00e1 altamente evaluado de acuerdo con los est\u00e1ndares del USDA, lo que brinda a los clientes seguridad y satisfacci\u00f3n al elegir productos en la Lista OMRI.","robots":{"index":"index","follow":"follow","max-snippet":"max-snippet:-1","max-image-preview":"max-image-preview:large","max-video-preview":"max-video-preview:-1"},"canonical":"https:\/\/cococoirglobal.com\/es\/certificaciones-de-calidad\/","og_locale":"es_ES","og_type":"article","og_title":"CERTIFICACIONES DE CALIDAD - Coco Coir Global Vietnam","og_description":"Coco Coir Global es la \u00fanica empresa que obtiene el certificado OMRI en la industria en Vietnam. OMRI Listed para uso org\u00e1nico es un certificado bien conocido para cualquier productor de insumos, especialmente en el sector de medios de cultivo en EE. UU., Canad\u00e1, M\u00e9xico y todo el mundo. Est\u00e1 emitido por un instituto acreditado en EE.UU. (Organic Materials Review Institute). El proceso de revisi\u00f3n de OMRI est\u00e1 altamente evaluado de acuerdo con los est\u00e1ndares del USDA, lo que brinda a los clientes seguridad y satisfacci\u00f3n al elegir productos en la Lista OMRI.","og_url":"https:\/\/cococoirglobal.com\/es\/certificaciones-de-calidad\/","og_site_name":"Coco Coir Global Vietnam","article_publisher":"https:\/\/www.facebook.com\/cococoirglobal\/","og_image":[{"url":"https:\/\/cococoirglobal.com\/wp-content\/uploads\/2022\/09\/www.cococoirglobal.com-28.png","width":800,"height":571,"type":"image\/png"}],"twitter_card":"summary_large_image","twitter_misc":{"Tiempo de lectura":"1 minuto"},"schema":{"@context":"https:\/\/schema.org","@graph":[{"@type":"WebPage","@id":"https:\/\/cococoirglobal.com\/es\/certificaciones-de-calidad\/","url":"https:\/\/cococoirglobal.com\/es\/certificaciones-de-calidad\/","name":"CERTIFICACIONES DE CALIDAD - Coco Coir Global Vietnam","isPartOf":{"@id":"https:\/\/cococoirglobal.com\/es\/#website"},"primaryImageOfPage":{"@id":"https:\/\/cococoirglobal.com\/es\/certificaciones-de-calidad\/#primaryimage"},"image":{"@id":"https:\/\/cococoirglobal.com\/es\/certificaciones-de-calidad\/#primaryimage"},"thumbnailUrl":"https:\/\/cococoirglobal.com\/wp-content\/uploads\/2022\/09\/www.cococoirglobal.com-28.png","datePublished":"2023-10-19T02:33:53+00:00","dateModified":"2023-10-19T02:33:53+00:00","description":"Coco Coir Global es la \u00fanica empresa que obtiene el certificado OMRI en la industria en Vietnam. OMRI Listed para uso org\u00e1nico es un certificado bien conocido para cualquier productor de insumos, especialmente en el sector de medios de cultivo en EE. UU., Canad\u00e1, M\u00e9xico y todo el mundo. Est\u00e1 emitido por un instituto acreditado en EE.UU. (Organic Materials Review Institute). El proceso de revisi\u00f3n de OMRI est\u00e1 altamente evaluado de acuerdo con los est\u00e1ndares del USDA, lo que brinda a los clientes seguridad y satisfacci\u00f3n al elegir productos en la Lista OMRI.","breadcrumb":{"@id":"https:\/\/cococoirglobal.com\/es\/certificaciones-de-calidad\/#breadcrumb"},"inLanguage":"es","potentialAction":[{"@type":"ReadAction","target":["https:\/\/cococoirglobal.com\/es\/certificaciones-de-calidad\/"]}]},{"@type":"ImageObject","inLanguage":"es","@id":"https:\/\/cococoirglobal.com\/es\/certificaciones-de-calidad\/#primaryimage","url":"https:\/\/cococoirglobal.com\/wp-content\/uploads\/2022\/09\/www.cococoirglobal.com-28.png","contentUrl":"https:\/\/cococoirglobal.com\/wp-content\/uploads\/2022\/09\/www.cococoirglobal.com-28.png","width":1500,"height":1071},{"@type":"BreadcrumbList","@id":"https:\/\/cococoirglobal.com\/es\/certificaciones-de-calidad\/#breadcrumb","itemListElement":[{"@type":"ListItem","position":1,"name":"Home","item":"https:\/\/cococoirglobal.com\/es\/"},{"@type":"ListItem","position":2,"name":"CERTIFICACIONES DE CALIDAD"}]},{"@type":"WebSite","@id":"https:\/\/cococoirglobal.com\/es\/#website","url":"https:\/\/cococoirglobal.com\/es\/","name":"Coco Coir Global","description":"The leading manufacturer and supplier of Coco Coir Products!","publisher":{"@id":"https:\/\/cococoirglobal.com\/es\/#organization"},"potentialAction":[{"@type":"SearchAction","target":{"@type":"EntryPoint","urlTemplate":"https:\/\/cococoirglobal.com\/es\/?s={search_term_string}"},"query-input":"required name=search_term_string"}],"inLanguage":"es"},{"@type":"Organization","@id":"https:\/\/cococoirglobal.com\/es\/#organization","name":"COCO COIR GLOBAL COMPANY LIMITED","url":"https:\/\/cococoirglobal.com\/es\/","logo":{"@type":"ImageObject","inLanguage":"es","@id":"https:\/\/cococoirglobal.com\/es\/#\/schema\/logo\/image\/","url":"https:\/\/cococoirglobal.com\/wp-content\/uploads\/2023\/05\/Logo-coco-coir.png","contentUrl":"https:\/\/cococoirglobal.com\/wp-content\/uploads\/2023\/05\/Logo-coco-coir.png","width":512,"height":512,"caption":"COCO COIR GLOBAL COMPANY LIMITED"},"image":{"@id":"https:\/\/cococoirglobal.com\/es\/#\/schema\/logo\/image\/"},"sameAs":["https:\/\/www.facebook.com\/cococoirglobal\/","https:\/\/www.instagram.com\/cococoirglobal\/","https:\/\/www.linkedin.com\/company\/coco-coir-global-company-limited","https:\/\/www.youtube.com\/channel\/UC4Xk-Is93xHrllYZADkM7yQ"]}]}},"_links":{"self":[{"href":"https:\/\/cococoirglobal.com\/es\/wp-json\/wp\/v2\/pages\/31783"}],"collection":[{"href":"https:\/\/cococoirglobal.com\/es\/wp-json\/wp\/v2\/pages"}],"about":[{"href":"https:\/\/cococoirglobal.com\/es\/wp-json\/wp\/v2\/types\/page"}],"author":[{"embeddable":true,"href":"https:\/\/cococoirglobal.com\/es\/wp-json\/wp\/v2\/users\/2"}],"replies":[{"embeddable":true,"href":"https:\/\/cococoirglobal.com\/es\/wp-json\/wp\/v2\/comments?post=31783"}],"version-history":[{"count":0,"href":"https:\/\/cococoirglobal.com\/es\/wp-json\/wp\/v2\/pages\/31783\/revisions"}],"wp:featuredmedia":[{"embeddable":true,"href":"https:\/\/cococoirglobal.com\/es\/wp-json\/wp\/v2\/media\/31715"}],"wp:attachment":[{"href":"https:\/\/cococoirglobal.com\/es\/wp-json\/wp\/v2\/media?parent=31783"}],"curies":[{"name":"wp","href":"https:\/\/api.w.org\/{rel}","templated":true}]}}