{"id":31693,"date":"2023-10-19T09:27:53","date_gmt":"2023-10-19T02:27:53","guid":{"rendered":"https:\/\/cococoirglobal.com\/?page_id=31693"},"modified":"2023-10-19T09:27:53","modified_gmt":"2023-10-19T02:27:53","slug":"por-que-somos-diferentes","status":"publish","type":"page","link":"https:\/\/cococoirglobal.com\/es\/por-que-somos-diferentes\/","title":{"rendered":"POR QU\u00c9 SOMOS DIFERENTES"},"content":{"rendered":"\n<span><span><a href=\"https:\/\/cococoirglobal.com\/es\/\">Home<\/a><\/span><\/span>\n\n\n\t<div id=\"col-1308865025\" class=\"col small-12 large-12\"  >\n\t\t\t\t<div class=\"col-inner\"  >\n\t\t\t\n\t\t\t\n\t<div id=\"text-71496083\" class=\"text\">\n\t\t\n<h1>POR QU\u00c9 SOMOS DIFERENTES<\/h1>\n\t\t\n<style>\n#text-71496083 {\n  text-align: center;\n}\n<\/style>\n\t<\/div>\n\t\n\t\t<\/div>\n\t\t\t\t\t<\/div>\n\n\t\n<div class=\"row row-small align-middle align-center\"  id=\"row-1063820060\">\n\n\t<div id=\"col-1534136671\" class=\"col medium-6 small-12 large-6\"  >\n\t\t\t\t<div class=\"col-inner\"  >\n\t\t\t\n\t\t\t\n<h2>1. Control de calidad del producto l\u00edder en el mercado<\/h2>\n<p style=\"text-align: justify;\">Proporcionamos informes de an\u00e1lisis de EC (Sales Solubles), pH y caracter\u00edsticas qu\u00edmicas de nuestros productos, realizados peri\u00f3dicamente por laboratorios externos acreditados en los EE. UU., para Lotes de Producci\u00f3n relacionados con las \u00d3rdenes de Compra de los clientes.<\/p>\n\t\t<\/div>\n\t\t\t\t\t<\/div>\n\n\t\n\n\t<div id=\"col-295431334\" class=\"col medium-6 small-12 large-6\"  >\n\t\t\t\t<div class=\"col-inner\"  >\n\t\t\t\n\t\t\t\n\t<div class=\"img has-hover x md-x lg-x y md-y lg-y\" id=\"image_753544700\">\n\t\t\t\t\t\t\t\t<div class=\"img-inner dark\" >\n\t\t\t<img width=\"500\" height=\"500\" src=\"https:\/\/cococoirglobal.com\/wp-content\/uploads\/2023\/05\/1-cococoirglobal.jpg\" class=\"attachment-original size-original\" alt=\"Ki\u1ec3m so\u00e1t ch\u1ea5t l\u01b0\u1ee3ng s\u1ea3n ph\u1ea9m h\u00e0ng \u0111\u1ea7u th\u1ecb tr\u01b0\u1eddng\" decoding=\"async\" loading=\"lazy\" srcset=\"https:\/\/cococoirglobal.com\/wp-content\/uploads\/2023\/05\/1-cococoirglobal.jpg 500w, https:\/\/cococoirglobal.com\/wp-content\/uploads\/2023\/05\/1-cococoirglobal-300x300.jpg 300w, https:\/\/cococoirglobal.com\/wp-content\/uploads\/2023\/05\/1-cococoirglobal-150x150.jpg 150w, https:\/\/cococoirglobal.com\/wp-content\/uploads\/2023\/05\/1-cococoirglobal-100x100.jpg 100w\" sizes=\"(max-width: 500px) 100vw, 500px\" \/>\t\t\t\t\t\t\n\t\t\t\t\t<\/div>\n\t\t\t\t\t\t\t\t\n<style>\n#image_753544700 {\n  width: 100%;\n}\n<\/style>\n\t<\/div>\n\t\n\t\t<\/div>\n\t\t\t\t\t<\/div>\n\n\t\n<\/div>\n<div class=\"row row-small align-middle align-center\"  id=\"row-123928050\">\n\n\t<div id=\"col-656417106\" class=\"col medium-6 small-12 large-6\"  >\n\t\t\t\t<div class=\"col-inner\"  >\n\t\t\t\n\t\t\t\n\t<div class=\"img has-hover x md-x lg-x y md-y lg-y\" id=\"image_947353414\">\n\t\t\t\t\t\t\t\t<div class=\"img-inner dark\" >\n\t\t\t<img width=\"500\" height=\"500\" src=\"https:\/\/cococoirglobal.com\/wp-content\/uploads\/2023\/05\/2-cococoirglobal.jpg\" class=\"attachment-original size-original\" alt=\"Gi\u1eb7t v\u00e0 \u0111\u1ec7m\" decoding=\"async\" loading=\"lazy\" srcset=\"https:\/\/cococoirglobal.com\/wp-content\/uploads\/2023\/05\/2-cococoirglobal.jpg 500w, https:\/\/cococoirglobal.com\/wp-content\/uploads\/2023\/05\/2-cococoirglobal-300x300.jpg 300w, https:\/\/cococoirglobal.com\/wp-content\/uploads\/2023\/05\/2-cococoirglobal-150x150.jpg 150w, https:\/\/cococoirglobal.com\/wp-content\/uploads\/2023\/05\/2-cococoirglobal-100x100.jpg 100w\" sizes=\"(max-width: 500px) 100vw, 500px\" \/>\t\t\t\t\t\t\n\t\t\t\t\t<\/div>\n\t\t\t\t\t\t\t\t\n<style>\n#image_947353414 {\n  width: 100%;\n}\n<\/style>\n\t<\/div>\n\t\n\t\t<\/div>\n\t\t\t\t\t<\/div>\n\n\t\n\n\t<div id=\"col-1220543561\" class=\"col medium-col-first medium-6 small-12 large-6\"  >\n\t\t\t\t<div class=\"col-inner\"  >\n\t\t\t\n\t\t\t\n<h2>2. Tratada adecuadamente<\/h2>\n<p style=\"text-align: justify;\">Nuestros productos Coco Coir se lavan minuciosamente y se tratan adecuadamente, lo que da como resultado una EC baja de menos de 0,5 mS\/cm, un pH estabilizado que oscila entre 5,8 y 6,5, niveles extremadamente bajos de sodio (Na) y potasio (K) que pueden compararse con Otros productos est\u00e1ndar y de primera calidad del mercado.<\/p>\n\t\t<\/div>\n\t\t\t\t\t<\/div>\n\n\t\n<\/div>\n<div class=\"row row-small align-middle align-center\"  id=\"row-1432051113\">\n\n\t<div id=\"col-339972772\" class=\"col medium-6 small-12 large-6\"  >\n\t\t\t\t<div class=\"col-inner\"  >\n\t\t\t\n\t\t\t\n<h2>3. Plazo de entrega r\u00e1pido<\/h2>\n<p style=\"text-align: justify;\">7 d\u00edas calendario para Fibra de Coco Suelta y 20 d\u00edas para Fibra de Coco comprimida por contenedor 40\u2019HC. Para chips de c\u00e1scara de coco: 3 d\u00edas para productos sin lavar y 7 d\u00edas naturales para productos lavados y tamponados.<\/p>\n\t\t<\/div>\n\t\t\t\t\t<\/div>\n\n\t\n\n\t<div id=\"col-1098325268\" class=\"col medium-6 small-12 large-6\"  >\n\t\t\t\t<div class=\"col-inner\"  >\n\t\t\t\n\t\t\t\n\t<div class=\"img has-hover x md-x lg-x y md-y lg-y\" id=\"image_1283588880\">\n\t\t\t\t\t\t\t\t<div class=\"img-inner dark\" >\n\t\t\t<img width=\"500\" height=\"500\" src=\"https:\/\/cococoirglobal.com\/wp-content\/uploads\/2023\/05\/3-cococoirglobal.jpg\" class=\"attachment-original size-original\" alt=\"Th\u1eddi gian quay v\u00f2ng nhanh\" decoding=\"async\" loading=\"lazy\" srcset=\"https:\/\/cococoirglobal.com\/wp-content\/uploads\/2023\/05\/3-cococoirglobal.jpg 500w, https:\/\/cococoirglobal.com\/wp-content\/uploads\/2023\/05\/3-cococoirglobal-300x300.jpg 300w, https:\/\/cococoirglobal.com\/wp-content\/uploads\/2023\/05\/3-cococoirglobal-150x150.jpg 150w, https:\/\/cococoirglobal.com\/wp-content\/uploads\/2023\/05\/3-cococoirglobal-100x100.jpg 100w\" sizes=\"(max-width: 500px) 100vw, 500px\" \/>\t\t\t\t\t\t\n\t\t\t\t\t<\/div>\n\t\t\t\t\t\t\t\t\n<style>\n#image_1283588880 {\n  width: 100%;\n}\n<\/style>\n\t<\/div>\n\t\n\t\t<\/div>\n\t\t\t\t\t<\/div>\n\n\t\n<\/div>\n<div class=\"row row-small align-middle align-center\"  id=\"row-1643430830\">\n\n\t<div id=\"col-809304427\" class=\"col medium-6 small-12 large-6\"  >\n\t\t\t\t<div class=\"col-inner\"  >\n\t\t\t\n\t\t\t\n\t<div class=\"img has-hover x md-x lg-x y md-y lg-y\" id=\"image_368780047\">\n\t\t\t\t\t\t\t\t<div class=\"img-inner dark\" >\n\t\t\t<img width=\"500\" height=\"500\" src=\"https:\/\/cococoirglobal.com\/wp-content\/uploads\/2023\/05\/4-cococoirglobal.jpg\" class=\"attachment-original size-original\" alt=\"cung c\u1ea5p quy m\u00f4 l\u1edbn\" decoding=\"async\" loading=\"lazy\" srcset=\"https:\/\/cococoirglobal.com\/wp-content\/uploads\/2023\/05\/4-cococoirglobal.jpg 500w, https:\/\/cococoirglobal.com\/wp-content\/uploads\/2023\/05\/4-cococoirglobal-300x300.jpg 300w, https:\/\/cococoirglobal.com\/wp-content\/uploads\/2023\/05\/4-cococoirglobal-150x150.jpg 150w, https:\/\/cococoirglobal.com\/wp-content\/uploads\/2023\/05\/4-cococoirglobal-100x100.jpg 100w\" sizes=\"(max-width: 500px) 100vw, 500px\" \/>\t\t\t\t\t\t\n\t\t\t\t\t<\/div>\n\t\t\t\t\t\t\t\t\n<style>\n#image_368780047 {\n  width: 100%;\n}\n<\/style>\n\t<\/div>\n\t\n\t\t<\/div>\n\t\t\t\t\t<\/div>\n\n\t\n\n\t<div id=\"col-1715558772\" class=\"col medium-col-first medium-6 small-12 large-6\"  >\n\t\t\t\t<div class=\"col-inner\"  >\n\t\t\t\n\t\t\t\n<h2>4. Suministro a gran escala<\/h2>\n<p style=\"text-align: justify;\">Como modelo de empresa a empresa para los productores comerciales, los distribuidores almacenan con plazos de entrega r\u00e1pidos.<\/p>\n\t\t<\/div>\n\t\t\t\t\t<\/div>\n\n\t\n<\/div>\n<div class=\"row row-small align-middle align-center\"  id=\"row-835854681\">\n\n\t<div id=\"col-966205505\" class=\"col medium-6 small-12 large-6\"  >\n\t\t\t\t<div class=\"col-inner\"  >\n\t\t\t\n\t\t\t\n<h2>5. Precios competitivos<\/h2>\n<p style=\"text-align: justify;\">Estamos seguros de que nuestros precios pueden superar el precio de los mismos productos de alta calidad con caracter\u00edsticas de la competencia, ahorrando a nuestros clientes enormes costos, aumentando la ventaja competitiva de los clientes en el mercado y los m\u00e1rgenes de beneficio de los clientes.<\/p>\n\t\t<\/div>\n\t\t\t\t\t<\/div>\n\n\t\n\n\t<div id=\"col-396663219\" class=\"col medium-6 small-12 large-6\"  >\n\t\t\t\t<div class=\"col-inner\"  >\n\t\t\t\n\t\t\t\n\t<div class=\"img has-hover x md-x lg-x y md-y lg-y\" id=\"image_1948110273\">\n\t\t\t\t\t\t\t\t<div class=\"img-inner dark\" >\n\t\t\t<img width=\"500\" height=\"500\" src=\"https:\/\/cococoirglobal.com\/wp-content\/uploads\/2023\/05\/5-cococoirglobal.jpg\" class=\"attachment-original size-original\" alt=\"gi\u00e1 c\u1ea3 c\u1ea1nh tranh\" decoding=\"async\" loading=\"lazy\" srcset=\"https:\/\/cococoirglobal.com\/wp-content\/uploads\/2023\/05\/5-cococoirglobal.jpg 500w, https:\/\/cococoirglobal.com\/wp-content\/uploads\/2023\/05\/5-cococoirglobal-300x300.jpg 300w, https:\/\/cococoirglobal.com\/wp-content\/uploads\/2023\/05\/5-cococoirglobal-150x150.jpg 150w, https:\/\/cococoirglobal.com\/wp-content\/uploads\/2023\/05\/5-cococoirglobal-100x100.jpg 100w\" sizes=\"(max-width: 500px) 100vw, 500px\" \/>\t\t\t\t\t\t\n\t\t\t\t\t<\/div>\n\t\t\t\t\t\t\t\t\n<style>\n#image_1948110273 {\n  width: 100%;\n}\n<\/style>\n\t<\/div>\n\t\n\t\t<\/div>\n\t\t\t\t\t<\/div>\n\n\t\n<\/div>\n<div class=\"row row-small align-middle align-center\"  id=\"row-664115989\">\n\n\t<div id=\"col-1676387513\" class=\"col medium-6 small-12 large-6\"  >\n\t\t\t\t<div class=\"col-inner\"  >\n\t\t\t\n\t\t\t\n\t<div class=\"img has-hover x md-x lg-x y md-y lg-y\" id=\"image_1753747592\">\n\t\t\t\t\t\t\t\t<div class=\"img-inner dark\" >\n\t\t\t<img width=\"500\" height=\"500\" src=\"https:\/\/cococoirglobal.com\/wp-content\/uploads\/2023\/05\/6-cococoirglobal.jpg\" class=\"attachment-original size-original\" alt=\"B\u1ed9 ph\u1eadn Xu\u1ea5t - Nh\u1eadp kh\u1ea9u\" decoding=\"async\" loading=\"lazy\" srcset=\"https:\/\/cococoirglobal.com\/wp-content\/uploads\/2023\/05\/6-cococoirglobal.jpg 500w, https:\/\/cococoirglobal.com\/wp-content\/uploads\/2023\/05\/6-cococoirglobal-300x300.jpg 300w, https:\/\/cococoirglobal.com\/wp-content\/uploads\/2023\/05\/6-cococoirglobal-150x150.jpg 150w, https:\/\/cococoirglobal.com\/wp-content\/uploads\/2023\/05\/6-cococoirglobal-100x100.jpg 100w\" sizes=\"(max-width: 500px) 100vw, 500px\" \/>\t\t\t\t\t\t\n\t\t\t\t\t<\/div>\n\t\t\t\t\t\t\t\t\n<style>\n#image_1753747592 {\n  width: 100%;\n}\n<\/style>\n\t<\/div>\n\t\n\t\t<\/div>\n\t\t\t\t\t<\/div>\n\n\t\n\n\t<div id=\"col-1526481649\" class=\"col medium-col-first medium-6 small-12 large-6\"  >\n\t\t\t\t<div class=\"col-inner\"  >\n\t\t\t\n\t\t\t\n<h2>6. Log\u00edstica<\/h2>\n<p style=\"text-align: justify;\">Nuestra f\u00e1brica est\u00e1 ubicada cerca del puerto mar\u00edtimo, el principal puerto de Vietnam del Sur. Nuestro equipo de Log\u00edstica trabaja en estrecha colaboraci\u00f3n con el agente de carga y las l\u00edneas navieras para lograr horarios de env\u00edo flexibles y obtener las tarifas de transporte mar\u00edtimo m\u00e1s competitivas. El tiempo de transporte desde Vietnam a Los \u00c1ngeles, Long Beach es de aproximadamente 20 d\u00edas a 25 d\u00edas. Nueva York 28-29 d\u00edas. Vancouver 25 d\u00edas, Toronto\/Montreal 32 d\u00edas.<\/p>\n\t\t<\/div>\n\t\t\t\t\t<\/div>\n\n\t\n<\/div>\n<div class=\"row row-small align-middle align-center\"  id=\"row-2104231061\">\n\n\t<div id=\"col-663824281\" class=\"col medium-6 small-12 large-6\"  >\n\t\t\t\t<div class=\"col-inner\"  >\n\t\t\t\n\t\t\t\n<h2>7. Estabilidad pol\u00edtica<\/h2>\n<p>Having political stability, Vietnam is a reliable production place in the world.<\/p>\n\t\t<\/div>\n\t\t\t\t\t<\/div>\n\n\t\n\n\t<div id=\"col-696118982\" class=\"col medium-6 small-12 large-6\"  >\n\t\t\t\t<div class=\"col-inner\"  >\n\t\t\t\n\t\t\t\n\t<div class=\"img has-hover x md-x lg-x y md-y lg-y\" id=\"image_1654700435\">\n\t\t\t\t\t\t\t\t<div class=\"img-inner dark\" >\n\t\t\t<img width=\"500\" height=\"500\" src=\"https:\/\/cococoirglobal.com\/wp-content\/uploads\/2023\/05\/7-cococoirglobal.jpg\" class=\"attachment-original size-original\" alt=\"\u1ed4n \u0111\u1ecbnh ch\u00ednh tr\u1ecb\" decoding=\"async\" loading=\"lazy\" srcset=\"https:\/\/cococoirglobal.com\/wp-content\/uploads\/2023\/05\/7-cococoirglobal.jpg 500w, https:\/\/cococoirglobal.com\/wp-content\/uploads\/2023\/05\/7-cococoirglobal-300x300.jpg 300w, https:\/\/cococoirglobal.com\/wp-content\/uploads\/2023\/05\/7-cococoirglobal-150x150.jpg 150w, https:\/\/cococoirglobal.com\/wp-content\/uploads\/2023\/05\/7-cococoirglobal-100x100.jpg 100w\" sizes=\"(max-width: 500px) 100vw, 500px\" \/>\t\t\t\t\t\t\n\t\t\t\t\t<\/div>\n\t\t\t\t\t\t\t\t\n<style>\n#image_1654700435 {\n  width: 100%;\n}\n<\/style>\n\t<\/div>\n\t\n\t\t<\/div>\n\t\t\t\t\t<\/div>\n\n\t\n<\/div>\n","protected":false},"excerpt":{"rendered":"","protected":false},"author":2,"featured_media":31653,"parent":0,"menu_order":0,"comment_status":"closed","ping_status":"closed","template":"","meta":{"footnotes":""},"yoast_head":"<!-- This site is optimized with the Yoast SEO plugin v22.6 - https:\/\/yoast.com\/wordpress\/plugins\/seo\/ -->\n<title>POR QU\u00c9 SOMOS DIFERENTES - Coco Coir Global Vietnam<\/title>\n<meta name=\"description\" content=\"Proporcionamos informes de an\u00e1lisis de EC (Sales Solubles), pH y caracter\u00edsticas qu\u00edmicas de nuestros productos, realizados peri\u00f3dicamente por laboratorios externos acreditados en los EE. UU., para Lotes de Producci\u00f3n relacionados con las \u00d3rdenes de Compra de los clientes.\" \/>\n<meta name=\"robots\" content=\"index, follow, max-snippet:-1, max-image-preview:large, max-video-preview:-1\" \/>\n<link rel=\"canonical\" href=\"https:\/\/cococoirglobal.com\/es\/por-que-somos-diferentes\/\" \/>\n<meta property=\"og:locale\" content=\"es_ES\" \/>\n<meta property=\"og:type\" content=\"article\" \/>\n<meta property=\"og:title\" content=\"POR QU\u00c9 SOMOS DIFERENTES - Coco Coir Global Vietnam\" \/>\n<meta property=\"og:description\" content=\"Proporcionamos informes de an\u00e1lisis de EC (Sales Solubles), pH y caracter\u00edsticas qu\u00edmicas de nuestros productos, realizados peri\u00f3dicamente por laboratorios externos acreditados en los EE. UU., para Lotes de Producci\u00f3n relacionados con las \u00d3rdenes de Compra de los clientes.\" \/>\n<meta property=\"og:url\" content=\"https:\/\/cococoirglobal.com\/es\/por-que-somos-diferentes\/\" \/>\n<meta property=\"og:site_name\" content=\"Coco Coir Global Vietnam\" \/>\n<meta property=\"article:publisher\" content=\"https:\/\/www.facebook.com\/cococoirglobal\/\" \/>\n<meta property=\"og:image\" content=\"https:\/\/cococoirglobal.com\/wp-content\/uploads\/2021\/09\/Nha-may-9-1.jpg\" \/>\n\t<meta property=\"og:image:width\" content=\"1280\" \/>\n\t<meta property=\"og:image:height\" content=\"920\" \/>\n\t<meta property=\"og:image:type\" content=\"image\/jpeg\" \/>\n<meta name=\"twitter:card\" content=\"summary_large_image\" \/>\n<meta name=\"twitter:label1\" content=\"Tiempo de lectura\" \/>\n\t<meta name=\"twitter:data1\" content=\"2 minutos\" \/>\n<script type=\"application\/ld+json\" class=\"yoast-schema-graph\">{\"@context\":\"https:\/\/schema.org\",\"@graph\":[{\"@type\":\"WebPage\",\"@id\":\"https:\/\/cococoirglobal.com\/es\/por-que-somos-diferentes\/\",\"url\":\"https:\/\/cococoirglobal.com\/es\/por-que-somos-diferentes\/\",\"name\":\"POR QU\u00c9 SOMOS DIFERENTES - Coco Coir Global Vietnam\",\"isPartOf\":{\"@id\":\"https:\/\/cococoirglobal.com\/es\/#website\"},\"primaryImageOfPage\":{\"@id\":\"https:\/\/cococoirglobal.com\/es\/por-que-somos-diferentes\/#primaryimage\"},\"image\":{\"@id\":\"https:\/\/cococoirglobal.com\/es\/por-que-somos-diferentes\/#primaryimage\"},\"thumbnailUrl\":\"https:\/\/cococoirglobal.com\/wp-content\/uploads\/2021\/09\/Nha-may-9-1.jpg\",\"datePublished\":\"2023-10-19T02:27:53+00:00\",\"dateModified\":\"2023-10-19T02:27:53+00:00\",\"description\":\"Proporcionamos informes de an\u00e1lisis de EC (Sales Solubles), pH y caracter\u00edsticas qu\u00edmicas de nuestros productos, realizados peri\u00f3dicamente por laboratorios externos acreditados en los EE. UU., para Lotes de Producci\u00f3n relacionados con las \u00d3rdenes de Compra de los clientes.\",\"breadcrumb\":{\"@id\":\"https:\/\/cococoirglobal.com\/es\/por-que-somos-diferentes\/#breadcrumb\"},\"inLanguage\":\"es\",\"potentialAction\":[{\"@type\":\"ReadAction\",\"target\":[\"https:\/\/cococoirglobal.com\/es\/por-que-somos-diferentes\/\"]}]},{\"@type\":\"ImageObject\",\"inLanguage\":\"es\",\"@id\":\"https:\/\/cococoirglobal.com\/es\/por-que-somos-diferentes\/#primaryimage\",\"url\":\"https:\/\/cococoirglobal.com\/wp-content\/uploads\/2021\/09\/Nha-may-9-1.jpg\",\"contentUrl\":\"https:\/\/cococoirglobal.com\/wp-content\/uploads\/2021\/09\/Nha-may-9-1.jpg\",\"width\":1280,\"height\":920},{\"@type\":\"BreadcrumbList\",\"@id\":\"https:\/\/cococoirglobal.com\/es\/por-que-somos-diferentes\/#breadcrumb\",\"itemListElement\":[{\"@type\":\"ListItem\",\"position\":1,\"name\":\"Home\",\"item\":\"https:\/\/cococoirglobal.com\/es\/\"},{\"@type\":\"ListItem\",\"position\":2,\"name\":\"POR QU\u00c9 SOMOS DIFERENTES\"}]},{\"@type\":\"WebSite\",\"@id\":\"https:\/\/cococoirglobal.com\/es\/#website\",\"url\":\"https:\/\/cococoirglobal.com\/es\/\",\"name\":\"Coco Coir Global\",\"description\":\"The leading manufacturer and supplier of Coco Coir Products!\",\"publisher\":{\"@id\":\"https:\/\/cococoirglobal.com\/es\/#organization\"},\"potentialAction\":[{\"@type\":\"SearchAction\",\"target\":{\"@type\":\"EntryPoint\",\"urlTemplate\":\"https:\/\/cococoirglobal.com\/es\/?s={search_term_string}\"},\"query-input\":\"required name=search_term_string\"}],\"inLanguage\":\"es\"},{\"@type\":\"Organization\",\"@id\":\"https:\/\/cococoirglobal.com\/es\/#organization\",\"name\":\"COCO COIR GLOBAL COMPANY LIMITED\",\"url\":\"https:\/\/cococoirglobal.com\/es\/\",\"logo\":{\"@type\":\"ImageObject\",\"inLanguage\":\"es\",\"@id\":\"https:\/\/cococoirglobal.com\/es\/#\/schema\/logo\/image\/\",\"url\":\"https:\/\/cococoirglobal.com\/wp-content\/uploads\/2023\/05\/Logo-coco-coir.png\",\"contentUrl\":\"https:\/\/cococoirglobal.com\/wp-content\/uploads\/2023\/05\/Logo-coco-coir.png\",\"width\":512,\"height\":512,\"caption\":\"COCO COIR GLOBAL COMPANY LIMITED\"},\"image\":{\"@id\":\"https:\/\/cococoirglobal.com\/es\/#\/schema\/logo\/image\/\"},\"sameAs\":[\"https:\/\/www.facebook.com\/cococoirglobal\/\",\"https:\/\/www.instagram.com\/cococoirglobal\/\",\"https:\/\/www.linkedin.com\/company\/coco-coir-global-company-limited\",\"https:\/\/www.youtube.com\/channel\/UC4Xk-Is93xHrllYZADkM7yQ\"]}]}<\/script>\n<!-- \/ Yoast SEO plugin. -->","yoast_head_json":{"title":"POR QU\u00c9 SOMOS DIFERENTES - Coco Coir Global Vietnam","description":"Proporcionamos informes de an\u00e1lisis de EC (Sales Solubles), pH y caracter\u00edsticas qu\u00edmicas de nuestros productos, realizados peri\u00f3dicamente por laboratorios externos acreditados en los EE. UU., para Lotes de Producci\u00f3n relacionados con las \u00d3rdenes de Compra de los clientes.","robots":{"index":"index","follow":"follow","max-snippet":"max-snippet:-1","max-image-preview":"max-image-preview:large","max-video-preview":"max-video-preview:-1"},"canonical":"https:\/\/cococoirglobal.com\/es\/por-que-somos-diferentes\/","og_locale":"es_ES","og_type":"article","og_title":"POR QU\u00c9 SOMOS DIFERENTES - Coco Coir Global Vietnam","og_description":"Proporcionamos informes de an\u00e1lisis de EC (Sales Solubles), pH y caracter\u00edsticas qu\u00edmicas de nuestros productos, realizados peri\u00f3dicamente por laboratorios externos acreditados en los EE. UU., para Lotes de Producci\u00f3n relacionados con las \u00d3rdenes de Compra de los clientes.","og_url":"https:\/\/cococoirglobal.com\/es\/por-que-somos-diferentes\/","og_site_name":"Coco Coir Global Vietnam","article_publisher":"https:\/\/www.facebook.com\/cococoirglobal\/","og_image":[{"width":1280,"height":920,"url":"https:\/\/cococoirglobal.com\/wp-content\/uploads\/2021\/09\/Nha-may-9-1.jpg","type":"image\/jpeg"}],"twitter_card":"summary_large_image","twitter_misc":{"Tiempo de lectura":"2 minutos"},"schema":{"@context":"https:\/\/schema.org","@graph":[{"@type":"WebPage","@id":"https:\/\/cococoirglobal.com\/es\/por-que-somos-diferentes\/","url":"https:\/\/cococoirglobal.com\/es\/por-que-somos-diferentes\/","name":"POR QU\u00c9 SOMOS DIFERENTES - Coco Coir Global Vietnam","isPartOf":{"@id":"https:\/\/cococoirglobal.com\/es\/#website"},"primaryImageOfPage":{"@id":"https:\/\/cococoirglobal.com\/es\/por-que-somos-diferentes\/#primaryimage"},"image":{"@id":"https:\/\/cococoirglobal.com\/es\/por-que-somos-diferentes\/#primaryimage"},"thumbnailUrl":"https:\/\/cococoirglobal.com\/wp-content\/uploads\/2021\/09\/Nha-may-9-1.jpg","datePublished":"2023-10-19T02:27:53+00:00","dateModified":"2023-10-19T02:27:53+00:00","description":"Proporcionamos informes de an\u00e1lisis de EC (Sales Solubles), pH y caracter\u00edsticas qu\u00edmicas de nuestros productos, realizados peri\u00f3dicamente por laboratorios externos acreditados en los EE. UU., para Lotes de Producci\u00f3n relacionados con las \u00d3rdenes de Compra de los clientes.","breadcrumb":{"@id":"https:\/\/cococoirglobal.com\/es\/por-que-somos-diferentes\/#breadcrumb"},"inLanguage":"es","potentialAction":[{"@type":"ReadAction","target":["https:\/\/cococoirglobal.com\/es\/por-que-somos-diferentes\/"]}]},{"@type":"ImageObject","inLanguage":"es","@id":"https:\/\/cococoirglobal.com\/es\/por-que-somos-diferentes\/#primaryimage","url":"https:\/\/cococoirglobal.com\/wp-content\/uploads\/2021\/09\/Nha-may-9-1.jpg","contentUrl":"https:\/\/cococoirglobal.com\/wp-content\/uploads\/2021\/09\/Nha-may-9-1.jpg","width":1280,"height":920},{"@type":"BreadcrumbList","@id":"https:\/\/cococoirglobal.com\/es\/por-que-somos-diferentes\/#breadcrumb","itemListElement":[{"@type":"ListItem","position":1,"name":"Home","item":"https:\/\/cococoirglobal.com\/es\/"},{"@type":"ListItem","position":2,"name":"POR QU\u00c9 SOMOS DIFERENTES"}]},{"@type":"WebSite","@id":"https:\/\/cococoirglobal.com\/es\/#website","url":"https:\/\/cococoirglobal.com\/es\/","name":"Coco Coir Global","description":"The leading manufacturer and supplier of Coco Coir Products!","publisher":{"@id":"https:\/\/cococoirglobal.com\/es\/#organization"},"potentialAction":[{"@type":"SearchAction","target":{"@type":"EntryPoint","urlTemplate":"https:\/\/cococoirglobal.com\/es\/?s={search_term_string}"},"query-input":"required name=search_term_string"}],"inLanguage":"es"},{"@type":"Organization","@id":"https:\/\/cococoirglobal.com\/es\/#organization","name":"COCO COIR GLOBAL COMPANY LIMITED","url":"https:\/\/cococoirglobal.com\/es\/","logo":{"@type":"ImageObject","inLanguage":"es","@id":"https:\/\/cococoirglobal.com\/es\/#\/schema\/logo\/image\/","url":"https:\/\/cococoirglobal.com\/wp-content\/uploads\/2023\/05\/Logo-coco-coir.png","contentUrl":"https:\/\/cococoirglobal.com\/wp-content\/uploads\/2023\/05\/Logo-coco-coir.png","width":512,"height":512,"caption":"COCO COIR GLOBAL COMPANY LIMITED"},"image":{"@id":"https:\/\/cococoirglobal.com\/es\/#\/schema\/logo\/image\/"},"sameAs":["https:\/\/www.facebook.com\/cococoirglobal\/","https:\/\/www.instagram.com\/cococoirglobal\/","https:\/\/www.linkedin.com\/company\/coco-coir-global-company-limited","https:\/\/www.youtube.com\/channel\/UC4Xk-Is93xHrllYZADkM7yQ"]}]}},"_links":{"self":[{"href":"https:\/\/cococoirglobal.com\/es\/wp-json\/wp\/v2\/pages\/31693"}],"collection":[{"href":"https:\/\/cococoirglobal.com\/es\/wp-json\/wp\/v2\/pages"}],"about":[{"href":"https:\/\/cococoirglobal.com\/es\/wp-json\/wp\/v2\/types\/page"}],"author":[{"embeddable":true,"href":"https:\/\/cococoirglobal.com\/es\/wp-json\/wp\/v2\/users\/2"}],"replies":[{"embeddable":true,"href":"https:\/\/cococoirglobal.com\/es\/wp-json\/wp\/v2\/comments?post=31693"}],"version-history":[{"count":0,"href":"https:\/\/cococoirglobal.com\/es\/wp-json\/wp\/v2\/pages\/31693\/revisions"}],"wp:featuredmedia":[{"embeddable":true,"href":"https:\/\/cococoirglobal.com\/es\/wp-json\/wp\/v2\/media\/31653"}],"wp:attachment":[{"href":"https:\/\/cococoirglobal.com\/es\/wp-json\/wp\/v2\/media?parent=31693"}],"curies":[{"name":"wp","href":"https:\/\/api.w.org\/{rel}","templated":true}]}}