{"id":31681,"date":"2023-10-19T09:23:44","date_gmt":"2023-10-19T02:23:44","guid":{"rendered":"https:\/\/cococoirglobal.com\/?page_id=31681"},"modified":"2023-10-19T09:24:15","modified_gmt":"2023-10-19T02:24:15","slug":"fuente-de-materiales","status":"publish","type":"page","link":"https:\/\/cococoirglobal.com\/es\/page\/fuente-de-materiales\/","title":{"rendered":"FUENTE DE MATERIALES"},"content":{"rendered":"<p><span style=\"vertical-align: inherit;\"><span style=\"vertical-align: inherit;\">\t<div class=\"img has-hover x md-x lg-x y md-y lg-y\" id=\"image_1639192451\">\n\t\t\t\t\t\t\t\t<div class=\"img-inner image-cover dark\" style=\"padding-top:40%;\">\n\t\t\t<img width=\"1350\" height=\"500\" src=\"https:\/\/cococoirglobal.com\/wp-content\/uploads\/2023\/05\/SOURCE-OF-MATERIALS.jpg\" class=\"attachment-original size-original\" alt=\"SOURCE OF MATERIALS\" decoding=\"async\" loading=\"lazy\" srcset=\"https:\/\/cococoirglobal.com\/wp-content\/uploads\/2023\/05\/SOURCE-OF-MATERIALS.jpg 1350w, https:\/\/cococoirglobal.com\/wp-content\/uploads\/2023\/05\/SOURCE-OF-MATERIALS-300x111.jpg 300w, https:\/\/cococoirglobal.com\/wp-content\/uploads\/2023\/05\/SOURCE-OF-MATERIALS-1024x379.jpg 1024w, https:\/\/cococoirglobal.com\/wp-content\/uploads\/2023\/05\/SOURCE-OF-MATERIALS-768x284.jpg 768w, https:\/\/cococoirglobal.com\/wp-content\/uploads\/2023\/05\/SOURCE-OF-MATERIALS-510x189.jpg 510w\" sizes=\"(max-width: 1350px) 100vw, 1350px\" \/>\t\t\t\t\t\t\n\t\t\t\t\t<\/div>\n\t\t\t\t\t\t\t\t\n<style>\n#image_1639192451 {\n  width: 100%;\n}\n<\/style>\n\t<\/div>\n\t<\/span><\/span><\/p>\n<p><span style=\"vertical-align: inherit;\"><span style=\"vertical-align: inherit;\"><div class=\"row row-small\"  id=\"row-1770132402\"><\/span><\/span><\/p>\n<p><span style=\"vertical-align: inherit;\"><span style=\"vertical-align: inherit;\">\n\t<div id=\"col-1373291942\" class=\"col small-12 large-12\"  >\n\t\t\t\t<div class=\"col-inner\"  >\n\t\t\t\n\t\t\t<\/span><\/span><\/p>\n<p><span style=\"vertical-align: inherit;\"><span style=\"vertical-align: inherit;\"><\/span><\/span><\/p>\n<p style=\"text-align: justify;\"><span style=\"vertical-align: inherit;\"><span style=\"vertical-align: inherit;\"><span><span><a href=\"https:\/\/cococoirglobal.com\/es\/\">Home<\/a><\/span><\/span> <\/span><\/span><br \/>\n<span style=\"vertical-align: inherit;\"><span style=\"vertical-align: inherit;\"><\/span><\/span><\/p>\n<p><span style=\"vertical-align: inherit;\"><span style=\"vertical-align: inherit;\">\t\t<\/div>\n\t\t\t\t\t<\/div>\n\n\t <\/span><\/span><br \/>\n<span style=\"vertical-align: inherit;\"><span style=\"vertical-align: inherit;\">\n\t<div id=\"col-535286873\" class=\"col small-12 large-12\"  >\n\t\t\t\t<div class=\"col-inner\"  >\n\t\t\t\n\t\t\t\t\t<\/div>\n\t\t\t\t\t<\/div>\n\n\t<\/span><\/span><\/p>\n<p><span style=\"vertical-align: inherit;\"><span style=\"vertical-align: inherit;\">\t<div id=\"text-3306979385\" class=\"text\">\n\t\t<\/span><\/span><\/p>\n<h1 style=\"text-align: center;\"><span style=\"vertical-align: inherit;\"><span style=\"vertical-align: inherit;\">SOURCE OF MATERIALS<\/span><\/span><\/h1>\n<p><span style=\"vertical-align: inherit;\"><span style=\"vertical-align: inherit;\">\t\t\n<style>\n#text-3306979385 {\n  font-size: 1.3rem;\n}\n@media (min-width:550px) {\n  #text-3306979385 {\n    font-size: 1.8rem;\n  }\n}\n<\/style>\n\t<\/div>\n\t<\/span><\/span><\/p>\n<blockquote><p><strong><span style=\"vertical-align: inherit;\"><span style=\"vertical-align: inherit;\">Coco Coir Global<\/span><\/span><\/strong><span style=\"vertical-align: inherit;\"><span style=\"vertical-align: inherit;\"> is proud to be one of the largest and most reputable factories, specialized in manufacturing and supplying high quality coconut fiber products with large production in Vietnam. <\/span><span style=\"vertical-align: inherit;\">We want to provide customers with the best products, so product quality is at the top of the priority list. <\/span><span style=\"vertical-align: inherit;\">The source of raw materials is carefully selected before being put into production and must meet predetermined criteria. <\/span><span style=\"vertical-align: inherit;\">It is the first and also essential step to produce products of the best quality.<\/span><\/span><\/p><\/blockquote>\n<p><span style=\"vertical-align: inherit;\"><span style=\"vertical-align: inherit;\">The caliber of raw materials is one of the unique features of our products that makes Coco Coir Global stand out from others in the market. <\/span><span style=\"vertical-align: inherit;\">Our factory is located in Ben Tre, a province with a &#8220;privileged&#8221; location in the Mekong Delta region (tributary of the Mekong River). <\/span><span style=\"vertical-align: inherit;\">Favored by nature, the quantity and quality of Ben Tre coconut are unsurpassed. <\/span><span style=\"vertical-align: inherit;\">Coconuts, which grow along fertile alluvial river banks, are much larger and sweeter compared to other regions. <\/span><span style=\"vertical-align: inherit;\">Coconut husk (which specifies the layer of coconut fiber between the outermost husk and the inner hard shell) creates an exceptional coconut fiber substrate that contains many essential nutrients for plant growth in the early stages without the need to add any other supplement.<\/span><\/span><\/p>\n<p><img decoding=\"async\" loading=\"lazy\" class=\"aligncenter wp-image-18201 size-full\" src=\"https:\/\/cococoirglobal.com\/wp-content\/uploads\/2023\/05\/ANH-NGUON-NGUYEN-LIEU-800-\u00d7-593-px-1.png\" alt=\"source material coco coir global\" width=\"800\" height=\"593\" srcset=\"https:\/\/cococoirglobal.com\/wp-content\/uploads\/2023\/05\/ANH-NGUON-NGUYEN-LIEU-800-\u00d7-593-px-1.png 800w, https:\/\/cococoirglobal.com\/wp-content\/uploads\/2023\/05\/ANH-NGUON-NGUYEN-LIEU-800-\u00d7-593-px-1-300x222.png 300w, https:\/\/cococoirglobal.com\/wp-content\/uploads\/2023\/05\/ANH-NGUON-NGUYEN-LIEU-800-\u00d7-593-px-1-768x569.png 768w, https:\/\/cococoirglobal.com\/wp-content\/uploads\/2023\/05\/ANH-NGUON-NGUYEN-LIEU-800-\u00d7-593-px-1-510x378.png 510w\" sizes=\"(max-width: 800px) 100vw, 800px\" \/><\/p>\n<p style=\"text-align: justify;\"><span style=\"vertical-align: inherit;\"><span style=\"vertical-align: inherit;\">You could say that Ben Tre is the only province in Vietnam in particular, and the world in general, that has a &#8220;unique&#8221; source of coconuts that no other place has. <\/span><span style=\"vertical-align: inherit;\">The coconut here is unique in its kind, they are not salty like those grown on the beach, nor do they tend to malnutrition like those that are somehow obtained in the highest mountains, they are located along the fertile banks of the Mekong River Delta, with a remarkable amount of silt to nourish them, creating the source of concentrated raw materials not only in quantity but also in the best quality throughout the country that Coco Coir Global has chosen to produce our products.<\/span><\/span><\/p>\n<p><img decoding=\"async\" loading=\"lazy\" class=\"aligncenter wp-image-18206 size-full\" src=\"https:\/\/cococoirglobal.com\/wp-content\/uploads\/2023\/05\/6.png\" alt=\"\" width=\"800\" height=\"800\" srcset=\"https:\/\/cococoirglobal.com\/wp-content\/uploads\/2023\/05\/6.png 800w, https:\/\/cococoirglobal.com\/wp-content\/uploads\/2023\/05\/6-300x300.png 300w, https:\/\/cococoirglobal.com\/wp-content\/uploads\/2023\/05\/6-150x150.png 150w, https:\/\/cococoirglobal.com\/wp-content\/uploads\/2023\/05\/6-768x768.png 768w, https:\/\/cococoirglobal.com\/wp-content\/uploads\/2023\/05\/6-510x510.png 510w, https:\/\/cococoirglobal.com\/wp-content\/uploads\/2023\/05\/6-100x100.png 100w\" sizes=\"(max-width: 800px) 100vw, 800px\" \/><\/p>\n<p style=\"text-align: justify;\"><span style=\"vertical-align: inherit;\"><span style=\"vertical-align: inherit;\">By combining abundant and quality raw materials with a standardized, modern and advanced production system, Coco Coir Global is committed to producing high-quality coconut peat products that rival their international counterparts from other competitors. <\/span><span style=\"vertical-align: inherit;\">With the desire to bring high quality products at competitive prices, we have been developing our products and services better and better, providing satisfaction and the best experience to customers both nationally and internationally. <\/span><span style=\"vertical-align: inherit;\">Not only do we want the business to grow stronger, but Coco Coir Global also aims to maintain and strengthen the Ben Tre coconut industry, contributing to the sustainable development of that industry in particular and the agricultural industry in general.<\/span><\/span><\/p>\n<p><span style=\"vertical-align: inherit;\"><span style=\"vertical-align: inherit;\">[\/cabbage]<\/span><\/span><\/p>\n<p><span style=\"vertical-align: inherit;\"><span style=\"vertical-align: inherit;\"><\/div><\/span><\/span><\/p>\n","protected":false},"excerpt":{"rendered":"","protected":false},"author":2,"featured_media":31683,"parent":0,"menu_order":0,"comment_status":"closed","ping_status":"closed","template":"page-blank.php","meta":{"footnotes":""},"yoast_head":"<!-- This site is optimized with the Yoast SEO plugin v22.6 - https:\/\/yoast.com\/wordpress\/plugins\/seo\/ -->\n<title>FUENTE DE MATERIALES - Coco Coir Global Vietnam<\/title>\n<meta name=\"description\" content=\"Coco Coir Global se enorgullece de ser una de las f\u00e1bricas m\u00e1s grandes y de mayor reputaci\u00f3n, especializada en la fabricaci\u00f3n y suministro de productos de fibra de coco de alta calidad con una gran producci\u00f3n en Vietnam. Deseamos ofrecer a los clientes los mejores productos, por eso la calidad de los productos ocupa el primer lugar en la lista de prioridades. La fuente de las materias primas se selecciona cuidadosamente antes de ponerlas en producci\u00f3n y debe cumplir con criterios predeterminados. Es el primer y tambi\u00e9n imprescindible paso para elaborar productos de la mejor calidad.\" \/>\n<meta name=\"robots\" content=\"index, follow, max-snippet:-1, max-image-preview:large, max-video-preview:-1\" \/>\n<link rel=\"canonical\" href=\"https:\/\/cococoirglobal.com\/es\/page\/fuente-de-materiales\/\" \/>\n<meta property=\"og:locale\" content=\"es_ES\" \/>\n<meta property=\"og:type\" content=\"article\" \/>\n<meta property=\"og:title\" content=\"FUENTE DE MATERIALES - Coco Coir Global Vietnam\" \/>\n<meta property=\"og:description\" content=\"Coco Coir Global se enorgullece de ser una de las f\u00e1bricas m\u00e1s grandes y de mayor reputaci\u00f3n, especializada en la fabricaci\u00f3n y suministro de productos de fibra de coco de alta calidad con una gran producci\u00f3n en Vietnam. Deseamos ofrecer a los clientes los mejores productos, por eso la calidad de los productos ocupa el primer lugar en la lista de prioridades. La fuente de las materias primas se selecciona cuidadosamente antes de ponerlas en producci\u00f3n y debe cumplir con criterios predeterminados. Es el primer y tambi\u00e9n imprescindible paso para elaborar productos de la mejor calidad.\" \/>\n<meta property=\"og:url\" content=\"https:\/\/cococoirglobal.com\/es\/page\/fuente-de-materiales\/\" \/>\n<meta property=\"og:site_name\" content=\"Coco Coir Global Vietnam\" \/>\n<meta property=\"article:publisher\" content=\"https:\/\/www.facebook.com\/cococoirglobal\/\" \/>\n<meta property=\"article:modified_time\" content=\"2023-10-19T02:24:15+00:00\" \/>\n<meta property=\"og:image\" content=\"https:\/\/cococoirglobal.com\/wp-content\/uploads\/2023\/05\/SOURCE-OF-MATERIALS.jpg\" \/>\n\t<meta property=\"og:image:width\" content=\"1350\" \/>\n\t<meta property=\"og:image:height\" content=\"500\" \/>\n\t<meta property=\"og:image:type\" content=\"image\/jpeg\" \/>\n<meta name=\"twitter:card\" content=\"summary_large_image\" \/>\n<meta name=\"twitter:label1\" content=\"Tiempo de lectura\" \/>\n\t<meta name=\"twitter:data1\" content=\"3 minutos\" \/>\n<script type=\"application\/ld+json\" class=\"yoast-schema-graph\">{\"@context\":\"https:\/\/schema.org\",\"@graph\":[{\"@type\":\"WebPage\",\"@id\":\"https:\/\/cococoirglobal.com\/es\/page\/fuente-de-materiales\/\",\"url\":\"https:\/\/cococoirglobal.com\/es\/page\/fuente-de-materiales\/\",\"name\":\"FUENTE DE MATERIALES - Coco Coir Global Vietnam\",\"isPartOf\":{\"@id\":\"https:\/\/cococoirglobal.com\/es\/#website\"},\"primaryImageOfPage\":{\"@id\":\"https:\/\/cococoirglobal.com\/es\/page\/fuente-de-materiales\/#primaryimage\"},\"image\":{\"@id\":\"https:\/\/cococoirglobal.com\/es\/page\/fuente-de-materiales\/#primaryimage\"},\"thumbnailUrl\":\"https:\/\/cococoirglobal.com\/wp-content\/uploads\/2023\/05\/SOURCE-OF-MATERIALS.jpg\",\"datePublished\":\"2023-10-19T02:23:44+00:00\",\"dateModified\":\"2023-10-19T02:24:15+00:00\",\"description\":\"Coco Coir Global se enorgullece de ser una de las f\u00e1bricas m\u00e1s grandes y de mayor reputaci\u00f3n, especializada en la fabricaci\u00f3n y suministro de productos de fibra de coco de alta calidad con una gran producci\u00f3n en Vietnam. Deseamos ofrecer a los clientes los mejores productos, por eso la calidad de los productos ocupa el primer lugar en la lista de prioridades. La fuente de las materias primas se selecciona cuidadosamente antes de ponerlas en producci\u00f3n y debe cumplir con criterios predeterminados. Es el primer y tambi\u00e9n imprescindible paso para elaborar productos de la mejor calidad.\",\"breadcrumb\":{\"@id\":\"https:\/\/cococoirglobal.com\/es\/page\/fuente-de-materiales\/#breadcrumb\"},\"inLanguage\":\"es\",\"potentialAction\":[{\"@type\":\"ReadAction\",\"target\":[\"https:\/\/cococoirglobal.com\/es\/page\/fuente-de-materiales\/\"]}]},{\"@type\":\"ImageObject\",\"inLanguage\":\"es\",\"@id\":\"https:\/\/cococoirglobal.com\/es\/page\/fuente-de-materiales\/#primaryimage\",\"url\":\"https:\/\/cococoirglobal.com\/wp-content\/uploads\/2023\/05\/SOURCE-OF-MATERIALS.jpg\",\"contentUrl\":\"https:\/\/cococoirglobal.com\/wp-content\/uploads\/2023\/05\/SOURCE-OF-MATERIALS.jpg\",\"width\":1350,\"height\":500,\"caption\":\"SOURCE OF MATERIALS\"},{\"@type\":\"BreadcrumbList\",\"@id\":\"https:\/\/cococoirglobal.com\/es\/page\/fuente-de-materiales\/#breadcrumb\",\"itemListElement\":[{\"@type\":\"ListItem\",\"position\":1,\"name\":\"Home\",\"item\":\"https:\/\/cococoirglobal.com\/es\/\"},{\"@type\":\"ListItem\",\"position\":2,\"name\":\"FUENTE DE MATERIALES\"}]},{\"@type\":\"WebSite\",\"@id\":\"https:\/\/cococoirglobal.com\/es\/#website\",\"url\":\"https:\/\/cococoirglobal.com\/es\/\",\"name\":\"Coco Coir Global\",\"description\":\"The leading manufacturer and supplier of Coco Coir Products!\",\"publisher\":{\"@id\":\"https:\/\/cococoirglobal.com\/es\/#organization\"},\"potentialAction\":[{\"@type\":\"SearchAction\",\"target\":{\"@type\":\"EntryPoint\",\"urlTemplate\":\"https:\/\/cococoirglobal.com\/es\/?s={search_term_string}\"},\"query-input\":\"required name=search_term_string\"}],\"inLanguage\":\"es\"},{\"@type\":\"Organization\",\"@id\":\"https:\/\/cococoirglobal.com\/es\/#organization\",\"name\":\"COCO COIR GLOBAL COMPANY LIMITED\",\"url\":\"https:\/\/cococoirglobal.com\/es\/\",\"logo\":{\"@type\":\"ImageObject\",\"inLanguage\":\"es\",\"@id\":\"https:\/\/cococoirglobal.com\/es\/#\/schema\/logo\/image\/\",\"url\":\"https:\/\/cococoirglobal.com\/wp-content\/uploads\/2023\/05\/Logo-coco-coir.png\",\"contentUrl\":\"https:\/\/cococoirglobal.com\/wp-content\/uploads\/2023\/05\/Logo-coco-coir.png\",\"width\":512,\"height\":512,\"caption\":\"COCO COIR GLOBAL COMPANY LIMITED\"},\"image\":{\"@id\":\"https:\/\/cococoirglobal.com\/es\/#\/schema\/logo\/image\/\"},\"sameAs\":[\"https:\/\/www.facebook.com\/cococoirglobal\/\",\"https:\/\/www.instagram.com\/cococoirglobal\/\",\"https:\/\/www.linkedin.com\/company\/coco-coir-global-company-limited\",\"https:\/\/www.youtube.com\/channel\/UC4Xk-Is93xHrllYZADkM7yQ\"]}]}<\/script>\n<!-- \/ Yoast SEO plugin. -->","yoast_head_json":{"title":"FUENTE DE MATERIALES - Coco Coir Global Vietnam","description":"Coco Coir Global se enorgullece de ser una de las f\u00e1bricas m\u00e1s grandes y de mayor reputaci\u00f3n, especializada en la fabricaci\u00f3n y suministro de productos de fibra de coco de alta calidad con una gran producci\u00f3n en Vietnam. Deseamos ofrecer a los clientes los mejores productos, por eso la calidad de los productos ocupa el primer lugar en la lista de prioridades. La fuente de las materias primas se selecciona cuidadosamente antes de ponerlas en producci\u00f3n y debe cumplir con criterios predeterminados. Es el primer y tambi\u00e9n imprescindible paso para elaborar productos de la mejor calidad.","robots":{"index":"index","follow":"follow","max-snippet":"max-snippet:-1","max-image-preview":"max-image-preview:large","max-video-preview":"max-video-preview:-1"},"canonical":"https:\/\/cococoirglobal.com\/es\/page\/fuente-de-materiales\/","og_locale":"es_ES","og_type":"article","og_title":"FUENTE DE MATERIALES - Coco Coir Global Vietnam","og_description":"Coco Coir Global se enorgullece de ser una de las f\u00e1bricas m\u00e1s grandes y de mayor reputaci\u00f3n, especializada en la fabricaci\u00f3n y suministro de productos de fibra de coco de alta calidad con una gran producci\u00f3n en Vietnam. Deseamos ofrecer a los clientes los mejores productos, por eso la calidad de los productos ocupa el primer lugar en la lista de prioridades. La fuente de las materias primas se selecciona cuidadosamente antes de ponerlas en producci\u00f3n y debe cumplir con criterios predeterminados. Es el primer y tambi\u00e9n imprescindible paso para elaborar productos de la mejor calidad.","og_url":"https:\/\/cococoirglobal.com\/es\/page\/fuente-de-materiales\/","og_site_name":"Coco Coir Global Vietnam","article_publisher":"https:\/\/www.facebook.com\/cococoirglobal\/","article_modified_time":"2023-10-19T02:24:15+00:00","og_image":[{"width":1350,"height":500,"url":"https:\/\/cococoirglobal.com\/wp-content\/uploads\/2023\/05\/SOURCE-OF-MATERIALS.jpg","type":"image\/jpeg"}],"twitter_card":"summary_large_image","twitter_misc":{"Tiempo de lectura":"3 minutos"},"schema":{"@context":"https:\/\/schema.org","@graph":[{"@type":"WebPage","@id":"https:\/\/cococoirglobal.com\/es\/page\/fuente-de-materiales\/","url":"https:\/\/cococoirglobal.com\/es\/page\/fuente-de-materiales\/","name":"FUENTE DE MATERIALES - Coco Coir Global Vietnam","isPartOf":{"@id":"https:\/\/cococoirglobal.com\/es\/#website"},"primaryImageOfPage":{"@id":"https:\/\/cococoirglobal.com\/es\/page\/fuente-de-materiales\/#primaryimage"},"image":{"@id":"https:\/\/cococoirglobal.com\/es\/page\/fuente-de-materiales\/#primaryimage"},"thumbnailUrl":"https:\/\/cococoirglobal.com\/wp-content\/uploads\/2023\/05\/SOURCE-OF-MATERIALS.jpg","datePublished":"2023-10-19T02:23:44+00:00","dateModified":"2023-10-19T02:24:15+00:00","description":"Coco Coir Global se enorgullece de ser una de las f\u00e1bricas m\u00e1s grandes y de mayor reputaci\u00f3n, especializada en la fabricaci\u00f3n y suministro de productos de fibra de coco de alta calidad con una gran producci\u00f3n en Vietnam. Deseamos ofrecer a los clientes los mejores productos, por eso la calidad de los productos ocupa el primer lugar en la lista de prioridades. La fuente de las materias primas se selecciona cuidadosamente antes de ponerlas en producci\u00f3n y debe cumplir con criterios predeterminados. Es el primer y tambi\u00e9n imprescindible paso para elaborar productos de la mejor calidad.","breadcrumb":{"@id":"https:\/\/cococoirglobal.com\/es\/page\/fuente-de-materiales\/#breadcrumb"},"inLanguage":"es","potentialAction":[{"@type":"ReadAction","target":["https:\/\/cococoirglobal.com\/es\/page\/fuente-de-materiales\/"]}]},{"@type":"ImageObject","inLanguage":"es","@id":"https:\/\/cococoirglobal.com\/es\/page\/fuente-de-materiales\/#primaryimage","url":"https:\/\/cococoirglobal.com\/wp-content\/uploads\/2023\/05\/SOURCE-OF-MATERIALS.jpg","contentUrl":"https:\/\/cococoirglobal.com\/wp-content\/uploads\/2023\/05\/SOURCE-OF-MATERIALS.jpg","width":1350,"height":500,"caption":"SOURCE OF MATERIALS"},{"@type":"BreadcrumbList","@id":"https:\/\/cococoirglobal.com\/es\/page\/fuente-de-materiales\/#breadcrumb","itemListElement":[{"@type":"ListItem","position":1,"name":"Home","item":"https:\/\/cococoirglobal.com\/es\/"},{"@type":"ListItem","position":2,"name":"FUENTE DE MATERIALES"}]},{"@type":"WebSite","@id":"https:\/\/cococoirglobal.com\/es\/#website","url":"https:\/\/cococoirglobal.com\/es\/","name":"Coco Coir Global","description":"The leading manufacturer and supplier of Coco Coir Products!","publisher":{"@id":"https:\/\/cococoirglobal.com\/es\/#organization"},"potentialAction":[{"@type":"SearchAction","target":{"@type":"EntryPoint","urlTemplate":"https:\/\/cococoirglobal.com\/es\/?s={search_term_string}"},"query-input":"required name=search_term_string"}],"inLanguage":"es"},{"@type":"Organization","@id":"https:\/\/cococoirglobal.com\/es\/#organization","name":"COCO COIR GLOBAL COMPANY LIMITED","url":"https:\/\/cococoirglobal.com\/es\/","logo":{"@type":"ImageObject","inLanguage":"es","@id":"https:\/\/cococoirglobal.com\/es\/#\/schema\/logo\/image\/","url":"https:\/\/cococoirglobal.com\/wp-content\/uploads\/2023\/05\/Logo-coco-coir.png","contentUrl":"https:\/\/cococoirglobal.com\/wp-content\/uploads\/2023\/05\/Logo-coco-coir.png","width":512,"height":512,"caption":"COCO COIR GLOBAL COMPANY LIMITED"},"image":{"@id":"https:\/\/cococoirglobal.com\/es\/#\/schema\/logo\/image\/"},"sameAs":["https:\/\/www.facebook.com\/cococoirglobal\/","https:\/\/www.instagram.com\/cococoirglobal\/","https:\/\/www.linkedin.com\/company\/coco-coir-global-company-limited","https:\/\/www.youtube.com\/channel\/UC4Xk-Is93xHrllYZADkM7yQ"]}]}},"_links":{"self":[{"href":"https:\/\/cococoirglobal.com\/es\/wp-json\/wp\/v2\/pages\/31681"}],"collection":[{"href":"https:\/\/cococoirglobal.com\/es\/wp-json\/wp\/v2\/pages"}],"about":[{"href":"https:\/\/cococoirglobal.com\/es\/wp-json\/wp\/v2\/types\/page"}],"author":[{"embeddable":true,"href":"https:\/\/cococoirglobal.com\/es\/wp-json\/wp\/v2\/users\/2"}],"replies":[{"embeddable":true,"href":"https:\/\/cococoirglobal.com\/es\/wp-json\/wp\/v2\/comments?post=31681"}],"version-history":[{"count":0,"href":"https:\/\/cococoirglobal.com\/es\/wp-json\/wp\/v2\/pages\/31681\/revisions"}],"wp:featuredmedia":[{"embeddable":true,"href":"https:\/\/cococoirglobal.com\/es\/wp-json\/wp\/v2\/media\/31683"}],"wp:attachment":[{"href":"https:\/\/cococoirglobal.com\/es\/wp-json\/wp\/v2\/media?parent=31681"}],"curies":[{"name":"wp","href":"https:\/\/api.w.org\/{rel}","templated":true}]}}