{"id":31679,"date":"2023-10-19T09:20:52","date_gmt":"2023-10-19T02:20:52","guid":{"rendered":"https:\/\/cococoirglobal.com\/?page_id=31679"},"modified":"2023-10-19T09:20:52","modified_gmt":"2023-10-19T02:20:52","slug":"politica-de-pago","status":"publish","type":"page","link":"https:\/\/cococoirglobal.com\/es\/politica-de-pago\/","title":{"rendered":"POL\u00cdTICA DE PAGO"},"content":{"rendered":"\n<span><span><a href=\"https:\/\/cococoirglobal.com\/es\/\">Home<\/a><\/span><\/span>\n\n\t<div id=\"text-2875461549\" class=\"text\">\n\t\t\n<h1>Pol\u00edtica de pago<\/h1>\n\t\t\n<style>\n#text-2875461549 {\n  text-align: center;\n}\n<\/style>\n\t<\/div>\n\t\n<blockquote><p><strong>Coco Coir Global<\/strong> tambi\u00e9n est\u00e1 diversificada en nuestra pol\u00edtica de pagos, aplicando especialmente medios de pago globales, especialmente para clientes que compraron en masa.<\/p><\/blockquote>\n<p>Dependiendo de la configuraci\u00f3n de las compras, se trata de una elecci\u00f3n flexible entre diferentes m\u00e9todos de pago, ya que el cliente puede elegir el que mejor se adapte a \u00e9l y a nosotros como socios en lados opuestos de la mesa.<\/p>\n<p style=\"text-align: center;\"><a href=\"https:\/\/cococoirglobal.com\/privacy-policy\/payment-policy\/#main\" rel=\"attachment wp-att-29963\"><img decoding=\"async\" loading=\"lazy\" class=\"alignnone size-full wp-image-29963\" src=\"https:\/\/cococoirglobal.com\/wp-content\/uploads\/2023\/09\/payment-policy.png\" alt=\"Payment Policy\" width=\"800\" height=\"593\" srcset=\"https:\/\/cococoirglobal.com\/wp-content\/uploads\/2023\/09\/payment-policy.png 800w, https:\/\/cococoirglobal.com\/wp-content\/uploads\/2023\/09\/payment-policy-768x569.png 768w, https:\/\/cococoirglobal.com\/wp-content\/uploads\/2023\/09\/payment-policy-510x378.png 510w\" sizes=\"(max-width: 800px) 100vw, 800px\" \/><\/a><\/p>\n","protected":false},"excerpt":{"rendered":"<p>Coco Coir Global tambi\u00e9n est\u00e1 diversificada en nuestra pol\u00edtica de pagos, aplicando especialmente medios de pago globales, especialmente para clientes que compraron en masa. Dependiendo de la configuraci\u00f3n de las compras, se trata de una elecci\u00f3n flexible entre diferentes m\u00e9todos de pago, ya que el cliente puede elegir el que mejor se adapte a \u00e9l&#8230;<\/p>\n","protected":false},"author":2,"featured_media":31672,"parent":0,"menu_order":0,"comment_status":"closed","ping_status":"closed","template":"","meta":{"footnotes":""},"yoast_head":"<!-- This site is optimized with the Yoast SEO plugin v22.6 - https:\/\/yoast.com\/wordpress\/plugins\/seo\/ -->\n<title>POL\u00cdTICA DE PAGO - Coco Coir Global Vietnam<\/title>\n<meta name=\"description\" content=\"Coco Coir Global tambi\u00e9n est\u00e1 diversificada en nuestra pol\u00edtica de pagos, aplicando especialmente medios de pago globales, especialmente para clientes que\" \/>\n<meta name=\"robots\" content=\"index, follow, max-snippet:-1, max-image-preview:large, max-video-preview:-1\" \/>\n<link rel=\"canonical\" href=\"https:\/\/cococoirglobal.com\/es\/politica-de-pago\/\" \/>\n<meta property=\"og:locale\" content=\"es_ES\" \/>\n<meta property=\"og:type\" content=\"article\" \/>\n<meta property=\"og:title\" content=\"POL\u00cdTICA DE PAGO - Coco Coir Global Vietnam\" \/>\n<meta property=\"og:description\" content=\"Coco Coir Global tambi\u00e9n est\u00e1 diversificada en nuestra pol\u00edtica de pagos, aplicando especialmente medios de pago globales, especialmente para clientes que\" \/>\n<meta property=\"og:url\" content=\"https:\/\/cococoirglobal.com\/es\/politica-de-pago\/\" \/>\n<meta property=\"og:site_name\" content=\"Coco Coir Global Vietnam\" \/>\n<meta property=\"article:publisher\" content=\"https:\/\/www.facebook.com\/cococoirglobal\/\" \/>\n<meta property=\"og:image\" content=\"https:\/\/cococoirglobal.com\/wp-content\/uploads\/2023\/09\/payment-policy.png\" \/>\n\t<meta property=\"og:image:width\" content=\"800\" \/>\n\t<meta property=\"og:image:height\" content=\"593\" \/>\n\t<meta property=\"og:image:type\" content=\"image\/png\" \/>\n<meta name=\"twitter:card\" content=\"summary_large_image\" \/>\n<meta name=\"twitter:label1\" content=\"Tiempo de lectura\" \/>\n\t<meta name=\"twitter:data1\" content=\"1 minuto\" \/>\n<script type=\"application\/ld+json\" class=\"yoast-schema-graph\">{\"@context\":\"https:\/\/schema.org\",\"@graph\":[{\"@type\":\"WebPage\",\"@id\":\"https:\/\/cococoirglobal.com\/es\/politica-de-pago\/\",\"url\":\"https:\/\/cococoirglobal.com\/es\/politica-de-pago\/\",\"name\":\"POL\u00cdTICA DE PAGO - Coco Coir Global Vietnam\",\"isPartOf\":{\"@id\":\"https:\/\/cococoirglobal.com\/es\/#website\"},\"primaryImageOfPage\":{\"@id\":\"https:\/\/cococoirglobal.com\/es\/politica-de-pago\/#primaryimage\"},\"image\":{\"@id\":\"https:\/\/cococoirglobal.com\/es\/politica-de-pago\/#primaryimage\"},\"thumbnailUrl\":\"https:\/\/cococoirglobal.com\/wp-content\/uploads\/2023\/09\/payment-policy.png\",\"datePublished\":\"2023-10-19T02:20:52+00:00\",\"dateModified\":\"2023-10-19T02:20:52+00:00\",\"description\":\"Coco Coir Global tambi\u00e9n est\u00e1 diversificada en nuestra pol\u00edtica de pagos, aplicando especialmente medios de pago globales, especialmente para clientes que\",\"breadcrumb\":{\"@id\":\"https:\/\/cococoirglobal.com\/es\/politica-de-pago\/#breadcrumb\"},\"inLanguage\":\"es\",\"potentialAction\":[{\"@type\":\"ReadAction\",\"target\":[\"https:\/\/cococoirglobal.com\/es\/politica-de-pago\/\"]}]},{\"@type\":\"ImageObject\",\"inLanguage\":\"es\",\"@id\":\"https:\/\/cococoirglobal.com\/es\/politica-de-pago\/#primaryimage\",\"url\":\"https:\/\/cococoirglobal.com\/wp-content\/uploads\/2023\/09\/payment-policy.png\",\"contentUrl\":\"https:\/\/cococoirglobal.com\/wp-content\/uploads\/2023\/09\/payment-policy.png\",\"width\":800,\"height\":593},{\"@type\":\"BreadcrumbList\",\"@id\":\"https:\/\/cococoirglobal.com\/es\/politica-de-pago\/#breadcrumb\",\"itemListElement\":[{\"@type\":\"ListItem\",\"position\":1,\"name\":\"Home\",\"item\":\"https:\/\/cococoirglobal.com\/es\/\"},{\"@type\":\"ListItem\",\"position\":2,\"name\":\"POL\u00cdTICA DE PAGO\"}]},{\"@type\":\"WebSite\",\"@id\":\"https:\/\/cococoirglobal.com\/es\/#website\",\"url\":\"https:\/\/cococoirglobal.com\/es\/\",\"name\":\"Coco Coir Global\",\"description\":\"The leading manufacturer and supplier of Coco Coir Products!\",\"publisher\":{\"@id\":\"https:\/\/cococoirglobal.com\/es\/#organization\"},\"potentialAction\":[{\"@type\":\"SearchAction\",\"target\":{\"@type\":\"EntryPoint\",\"urlTemplate\":\"https:\/\/cococoirglobal.com\/es\/?s={search_term_string}\"},\"query-input\":\"required name=search_term_string\"}],\"inLanguage\":\"es\"},{\"@type\":\"Organization\",\"@id\":\"https:\/\/cococoirglobal.com\/es\/#organization\",\"name\":\"COCO COIR GLOBAL COMPANY LIMITED\",\"url\":\"https:\/\/cococoirglobal.com\/es\/\",\"logo\":{\"@type\":\"ImageObject\",\"inLanguage\":\"es\",\"@id\":\"https:\/\/cococoirglobal.com\/es\/#\/schema\/logo\/image\/\",\"url\":\"https:\/\/cococoirglobal.com\/wp-content\/uploads\/2023\/05\/Logo-coco-coir.png\",\"contentUrl\":\"https:\/\/cococoirglobal.com\/wp-content\/uploads\/2023\/05\/Logo-coco-coir.png\",\"width\":512,\"height\":512,\"caption\":\"COCO COIR GLOBAL COMPANY LIMITED\"},\"image\":{\"@id\":\"https:\/\/cococoirglobal.com\/es\/#\/schema\/logo\/image\/\"},\"sameAs\":[\"https:\/\/www.facebook.com\/cococoirglobal\/\",\"https:\/\/www.instagram.com\/cococoirglobal\/\",\"https:\/\/www.linkedin.com\/company\/coco-coir-global-company-limited\",\"https:\/\/www.youtube.com\/channel\/UC4Xk-Is93xHrllYZADkM7yQ\"]}]}<\/script>\n<!-- \/ Yoast SEO plugin. -->","yoast_head_json":{"title":"POL\u00cdTICA DE PAGO - Coco Coir Global Vietnam","description":"Coco Coir Global tambi\u00e9n est\u00e1 diversificada en nuestra pol\u00edtica de pagos, aplicando especialmente medios de pago globales, especialmente para clientes que","robots":{"index":"index","follow":"follow","max-snippet":"max-snippet:-1","max-image-preview":"max-image-preview:large","max-video-preview":"max-video-preview:-1"},"canonical":"https:\/\/cococoirglobal.com\/es\/politica-de-pago\/","og_locale":"es_ES","og_type":"article","og_title":"POL\u00cdTICA DE PAGO - Coco Coir Global Vietnam","og_description":"Coco Coir Global tambi\u00e9n est\u00e1 diversificada en nuestra pol\u00edtica de pagos, aplicando especialmente medios de pago globales, especialmente para clientes que","og_url":"https:\/\/cococoirglobal.com\/es\/politica-de-pago\/","og_site_name":"Coco Coir Global Vietnam","article_publisher":"https:\/\/www.facebook.com\/cococoirglobal\/","og_image":[{"width":800,"height":593,"url":"https:\/\/cococoirglobal.com\/wp-content\/uploads\/2023\/09\/payment-policy.png","type":"image\/png"}],"twitter_card":"summary_large_image","twitter_misc":{"Tiempo de lectura":"1 minuto"},"schema":{"@context":"https:\/\/schema.org","@graph":[{"@type":"WebPage","@id":"https:\/\/cococoirglobal.com\/es\/politica-de-pago\/","url":"https:\/\/cococoirglobal.com\/es\/politica-de-pago\/","name":"POL\u00cdTICA DE PAGO - Coco Coir Global Vietnam","isPartOf":{"@id":"https:\/\/cococoirglobal.com\/es\/#website"},"primaryImageOfPage":{"@id":"https:\/\/cococoirglobal.com\/es\/politica-de-pago\/#primaryimage"},"image":{"@id":"https:\/\/cococoirglobal.com\/es\/politica-de-pago\/#primaryimage"},"thumbnailUrl":"https:\/\/cococoirglobal.com\/wp-content\/uploads\/2023\/09\/payment-policy.png","datePublished":"2023-10-19T02:20:52+00:00","dateModified":"2023-10-19T02:20:52+00:00","description":"Coco Coir Global tambi\u00e9n est\u00e1 diversificada en nuestra pol\u00edtica de pagos, aplicando especialmente medios de pago globales, especialmente para clientes que","breadcrumb":{"@id":"https:\/\/cococoirglobal.com\/es\/politica-de-pago\/#breadcrumb"},"inLanguage":"es","potentialAction":[{"@type":"ReadAction","target":["https:\/\/cococoirglobal.com\/es\/politica-de-pago\/"]}]},{"@type":"ImageObject","inLanguage":"es","@id":"https:\/\/cococoirglobal.com\/es\/politica-de-pago\/#primaryimage","url":"https:\/\/cococoirglobal.com\/wp-content\/uploads\/2023\/09\/payment-policy.png","contentUrl":"https:\/\/cococoirglobal.com\/wp-content\/uploads\/2023\/09\/payment-policy.png","width":800,"height":593},{"@type":"BreadcrumbList","@id":"https:\/\/cococoirglobal.com\/es\/politica-de-pago\/#breadcrumb","itemListElement":[{"@type":"ListItem","position":1,"name":"Home","item":"https:\/\/cococoirglobal.com\/es\/"},{"@type":"ListItem","position":2,"name":"POL\u00cdTICA DE PAGO"}]},{"@type":"WebSite","@id":"https:\/\/cococoirglobal.com\/es\/#website","url":"https:\/\/cococoirglobal.com\/es\/","name":"Coco Coir Global","description":"The leading manufacturer and supplier of Coco Coir Products!","publisher":{"@id":"https:\/\/cococoirglobal.com\/es\/#organization"},"potentialAction":[{"@type":"SearchAction","target":{"@type":"EntryPoint","urlTemplate":"https:\/\/cococoirglobal.com\/es\/?s={search_term_string}"},"query-input":"required name=search_term_string"}],"inLanguage":"es"},{"@type":"Organization","@id":"https:\/\/cococoirglobal.com\/es\/#organization","name":"COCO COIR GLOBAL COMPANY LIMITED","url":"https:\/\/cococoirglobal.com\/es\/","logo":{"@type":"ImageObject","inLanguage":"es","@id":"https:\/\/cococoirglobal.com\/es\/#\/schema\/logo\/image\/","url":"https:\/\/cococoirglobal.com\/wp-content\/uploads\/2023\/05\/Logo-coco-coir.png","contentUrl":"https:\/\/cococoirglobal.com\/wp-content\/uploads\/2023\/05\/Logo-coco-coir.png","width":512,"height":512,"caption":"COCO COIR GLOBAL COMPANY LIMITED"},"image":{"@id":"https:\/\/cococoirglobal.com\/es\/#\/schema\/logo\/image\/"},"sameAs":["https:\/\/www.facebook.com\/cococoirglobal\/","https:\/\/www.instagram.com\/cococoirglobal\/","https:\/\/www.linkedin.com\/company\/coco-coir-global-company-limited","https:\/\/www.youtube.com\/channel\/UC4Xk-Is93xHrllYZADkM7yQ"]}]}},"_links":{"self":[{"href":"https:\/\/cococoirglobal.com\/es\/wp-json\/wp\/v2\/pages\/31679"}],"collection":[{"href":"https:\/\/cococoirglobal.com\/es\/wp-json\/wp\/v2\/pages"}],"about":[{"href":"https:\/\/cococoirglobal.com\/es\/wp-json\/wp\/v2\/types\/page"}],"author":[{"embeddable":true,"href":"https:\/\/cococoirglobal.com\/es\/wp-json\/wp\/v2\/users\/2"}],"replies":[{"embeddable":true,"href":"https:\/\/cococoirglobal.com\/es\/wp-json\/wp\/v2\/comments?post=31679"}],"version-history":[{"count":0,"href":"https:\/\/cococoirglobal.com\/es\/wp-json\/wp\/v2\/pages\/31679\/revisions"}],"wp:featuredmedia":[{"embeddable":true,"href":"https:\/\/cococoirglobal.com\/es\/wp-json\/wp\/v2\/media\/31672"}],"wp:attachment":[{"href":"https:\/\/cococoirglobal.com\/es\/wp-json\/wp\/v2\/media?parent=31679"}],"curies":[{"name":"wp","href":"https:\/\/api.w.org\/{rel}","templated":true}]}}