{"id":31677,"date":"2023-10-19T09:18:47","date_gmt":"2023-10-19T02:18:47","guid":{"rendered":"https:\/\/cococoirglobal.com\/?page_id=31677"},"modified":"2023-10-19T09:18:47","modified_gmt":"2023-10-19T02:18:47","slug":"politica-de-compras","status":"publish","type":"page","link":"https:\/\/cococoirglobal.com\/es\/politica-de-compras\/","title":{"rendered":"POL\u00cdTICA DE COMPRAS"},"content":{"rendered":"\n<span><span><a href=\"https:\/\/cococoirglobal.com\/es\/\">Home<\/a><\/span><\/span>\n\n\t<div id=\"text-3342783005\" class=\"text\">\n\t\t\n<h2>POL\u00cdTICA DE COMPRAS<\/h2>\n\t\t\n<style>\n#text-3342783005 {\n  text-align: center;\n}\n<\/style>\n\t<\/div>\n\t\n<p>Coco Coir Global construy\u00f3 nuestra pol\u00edtica de compras con el objetivo de garantizar el m\u00e1ximo beneficio y seguridad para nuestros clientes, al mismo tiempo que aumenta la confianza depositada en nuestra marca. Los t\u00e9rminos y condiciones son los siguientes:<\/p>\n<ul>\n<li>Acerca de nuestros productos: Garantizamos proporcionar a nuestros clientes productos de alta calidad, uniformidad y especificaciones id\u00e9nticas a las de la muestra comprometida. Adem\u00e1s, el origen de nuestros productos ser\u00e1 transparente en todo momento, creando total tranquilidad para los clientes a la hora de comprarnos.<\/li>\n<li>Acerca de los precios: con la pol\u00edtica de optimizaci\u00f3n de costos, nuestros productos tienen precios competitivos, razonables y estables, manteniendo al mismo tiempo la calidad superior. No solo eso, como siempre ofreceremos un mejor precio para los clientes con pedidos de mayor volumen, tambi\u00e9n creamos un precio adecuado para los canales minoristas y distribuidores en cada pa\u00eds, lo que garantiza que los usuarios finales sigan teniendo en sus manos nuestro suministro sin teniendo que asegurarlo de f\u00e1brica.<\/li>\n<li>Acerca del muestreo: estamos dispuestos a enviar la muestra solicitada en consecuencia. El presente de esta pol\u00edtica es generar confianza en nuestra promesa de calidad incluso si es la primera compra de nuestro comprador. Adem\u00e1s, la empresa brindar\u00e1 nuestro mejor apoyo para entregarlos en su destino.<\/li>\n<li>Sobre valoraci\u00f3n del cliente: Contamos con pol\u00edticas de valoraci\u00f3n para nuestros colaboradores de largo plazo. Ser confiable como proveedor potencial y tener la satisfacci\u00f3n en mente al utilizar nuestro servicio es siempre lo que buscamos.<\/li>\n<li>Acerca de la compensaci\u00f3n por da\u00f1os: en el caso de que nuestros productos sean la causa directa de la incapacidad de nuestro cliente para lograr su objetivo, estamos dispuestos a asumir la responsabilidad y compensar cualquier da\u00f1o causado.<\/li>\n<\/ul>\n<p>Nuestro objetivo final es brindar constantemente lo mejor posible, no solo en calidad sino tambi\u00e9n en costo, adem\u00e1s de ser confiables para nuestros clientes, asegurarnos de que usted se vaya solo con la satisfacci\u00f3n en mente. Para lograrlo, nunca dejaremos de esforzarnos por superarnos y dar todo en la plenitud de lo que el cliente imagin\u00f3.<\/p>\n<p style=\"text-align: center;\"><a href=\"https:\/\/cococoirglobal.com\/privacy-policy\/purchasing-policy\/#main\" rel=\"attachment wp-att-29953\"><img decoding=\"async\" loading=\"lazy\" class=\"alignnone size-full wp-image-29953\" src=\"https:\/\/cococoirglobal.com\/wp-content\/uploads\/2023\/09\/purchasing-policy.png\" alt=\"PURCHASING POLICY\" width=\"800\" height=\"593\" srcset=\"https:\/\/cococoirglobal.com\/wp-content\/uploads\/2023\/09\/purchasing-policy.png 800w, https:\/\/cococoirglobal.com\/wp-content\/uploads\/2023\/09\/purchasing-policy-768x569.png 768w, https:\/\/cococoirglobal.com\/wp-content\/uploads\/2023\/09\/purchasing-policy-510x378.png 510w\" sizes=\"(max-width: 800px) 100vw, 800px\" \/><\/a><\/p>\n","protected":false},"excerpt":{"rendered":"<p>Coco Coir Global construy\u00f3 nuestra pol\u00edtica de compras con el objetivo de garantizar el m\u00e1ximo beneficio y seguridad para nuestros clientes, al mismo tiempo que aumenta la confianza depositada en nuestra marca. Los t\u00e9rminos y condiciones son los siguientes: Acerca de nuestros productos: Garantizamos proporcionar a nuestros clientes productos de alta calidad, uniformidad y especificaciones&#8230;<\/p>\n","protected":false},"author":2,"featured_media":31670,"parent":0,"menu_order":0,"comment_status":"closed","ping_status":"closed","template":"","meta":{"footnotes":""},"yoast_head":"<!-- This site is optimized with the Yoast SEO plugin v22.6 - https:\/\/yoast.com\/wordpress\/plugins\/seo\/ -->\n<title>POL\u00cdTICA DE COMPRAS - Coco Coir Global Vietnam<\/title>\n<meta name=\"description\" content=\"Coco Coir Global construy\u00f3 nuestra pol\u00edtica de compras con el objetivo de garantizar el m\u00e1ximo beneficio y seguridad para nuestros clientes, al mismo\" \/>\n<meta name=\"robots\" content=\"index, follow, max-snippet:-1, max-image-preview:large, max-video-preview:-1\" \/>\n<link rel=\"canonical\" href=\"https:\/\/cococoirglobal.com\/es\/politica-de-compras\/\" \/>\n<meta property=\"og:locale\" content=\"es_ES\" \/>\n<meta property=\"og:type\" content=\"article\" \/>\n<meta property=\"og:title\" content=\"POL\u00cdTICA DE COMPRAS - Coco Coir Global Vietnam\" \/>\n<meta property=\"og:description\" content=\"Coco Coir Global construy\u00f3 nuestra pol\u00edtica de compras con el objetivo de garantizar el m\u00e1ximo beneficio y seguridad para nuestros clientes, al mismo\" \/>\n<meta property=\"og:url\" content=\"https:\/\/cococoirglobal.com\/es\/politica-de-compras\/\" \/>\n<meta property=\"og:site_name\" content=\"Coco Coir Global Vietnam\" \/>\n<meta property=\"article:publisher\" content=\"https:\/\/www.facebook.com\/cococoirglobal\/\" \/>\n<meta property=\"og:image\" content=\"https:\/\/cococoirglobal.com\/wp-content\/uploads\/2023\/09\/purchasing-policy.png\" \/>\n\t<meta property=\"og:image:width\" content=\"800\" \/>\n\t<meta property=\"og:image:height\" content=\"593\" \/>\n\t<meta property=\"og:image:type\" content=\"image\/png\" \/>\n<meta name=\"twitter:card\" content=\"summary_large_image\" \/>\n<meta name=\"twitter:label1\" content=\"Tiempo de lectura\" \/>\n\t<meta name=\"twitter:data1\" content=\"2 minutos\" \/>\n<script type=\"application\/ld+json\" class=\"yoast-schema-graph\">{\"@context\":\"https:\/\/schema.org\",\"@graph\":[{\"@type\":\"WebPage\",\"@id\":\"https:\/\/cococoirglobal.com\/es\/politica-de-compras\/\",\"url\":\"https:\/\/cococoirglobal.com\/es\/politica-de-compras\/\",\"name\":\"POL\u00cdTICA DE COMPRAS - Coco Coir Global Vietnam\",\"isPartOf\":{\"@id\":\"https:\/\/cococoirglobal.com\/es\/#website\"},\"primaryImageOfPage\":{\"@id\":\"https:\/\/cococoirglobal.com\/es\/politica-de-compras\/#primaryimage\"},\"image\":{\"@id\":\"https:\/\/cococoirglobal.com\/es\/politica-de-compras\/#primaryimage\"},\"thumbnailUrl\":\"https:\/\/cococoirglobal.com\/wp-content\/uploads\/2023\/09\/purchasing-policy.png\",\"datePublished\":\"2023-10-19T02:18:47+00:00\",\"dateModified\":\"2023-10-19T02:18:47+00:00\",\"description\":\"Coco Coir Global construy\u00f3 nuestra pol\u00edtica de compras con el objetivo de garantizar el m\u00e1ximo beneficio y seguridad para nuestros clientes, al mismo\",\"breadcrumb\":{\"@id\":\"https:\/\/cococoirglobal.com\/es\/politica-de-compras\/#breadcrumb\"},\"inLanguage\":\"es\",\"potentialAction\":[{\"@type\":\"ReadAction\",\"target\":[\"https:\/\/cococoirglobal.com\/es\/politica-de-compras\/\"]}]},{\"@type\":\"ImageObject\",\"inLanguage\":\"es\",\"@id\":\"https:\/\/cococoirglobal.com\/es\/politica-de-compras\/#primaryimage\",\"url\":\"https:\/\/cococoirglobal.com\/wp-content\/uploads\/2023\/09\/purchasing-policy.png\",\"contentUrl\":\"https:\/\/cococoirglobal.com\/wp-content\/uploads\/2023\/09\/purchasing-policy.png\",\"width\":800,\"height\":593},{\"@type\":\"BreadcrumbList\",\"@id\":\"https:\/\/cococoirglobal.com\/es\/politica-de-compras\/#breadcrumb\",\"itemListElement\":[{\"@type\":\"ListItem\",\"position\":1,\"name\":\"Home\",\"item\":\"https:\/\/cococoirglobal.com\/es\/\"},{\"@type\":\"ListItem\",\"position\":2,\"name\":\"POL\u00cdTICA DE COMPRAS\"}]},{\"@type\":\"WebSite\",\"@id\":\"https:\/\/cococoirglobal.com\/es\/#website\",\"url\":\"https:\/\/cococoirglobal.com\/es\/\",\"name\":\"Coco Coir Global\",\"description\":\"The leading manufacturer and supplier of Coco Coir Products!\",\"publisher\":{\"@id\":\"https:\/\/cococoirglobal.com\/es\/#organization\"},\"potentialAction\":[{\"@type\":\"SearchAction\",\"target\":{\"@type\":\"EntryPoint\",\"urlTemplate\":\"https:\/\/cococoirglobal.com\/es\/?s={search_term_string}\"},\"query-input\":\"required name=search_term_string\"}],\"inLanguage\":\"es\"},{\"@type\":\"Organization\",\"@id\":\"https:\/\/cococoirglobal.com\/es\/#organization\",\"name\":\"COCO COIR GLOBAL COMPANY LIMITED\",\"url\":\"https:\/\/cococoirglobal.com\/es\/\",\"logo\":{\"@type\":\"ImageObject\",\"inLanguage\":\"es\",\"@id\":\"https:\/\/cococoirglobal.com\/es\/#\/schema\/logo\/image\/\",\"url\":\"https:\/\/cococoirglobal.com\/wp-content\/uploads\/2023\/05\/Logo-coco-coir.png\",\"contentUrl\":\"https:\/\/cococoirglobal.com\/wp-content\/uploads\/2023\/05\/Logo-coco-coir.png\",\"width\":512,\"height\":512,\"caption\":\"COCO COIR GLOBAL COMPANY LIMITED\"},\"image\":{\"@id\":\"https:\/\/cococoirglobal.com\/es\/#\/schema\/logo\/image\/\"},\"sameAs\":[\"https:\/\/www.facebook.com\/cococoirglobal\/\",\"https:\/\/www.instagram.com\/cococoirglobal\/\",\"https:\/\/www.linkedin.com\/company\/coco-coir-global-company-limited\",\"https:\/\/www.youtube.com\/channel\/UC4Xk-Is93xHrllYZADkM7yQ\"]}]}<\/script>\n<!-- \/ Yoast SEO plugin. -->","yoast_head_json":{"title":"POL\u00cdTICA DE COMPRAS - Coco Coir Global Vietnam","description":"Coco Coir Global construy\u00f3 nuestra pol\u00edtica de compras con el objetivo de garantizar el m\u00e1ximo beneficio y seguridad para nuestros clientes, al mismo","robots":{"index":"index","follow":"follow","max-snippet":"max-snippet:-1","max-image-preview":"max-image-preview:large","max-video-preview":"max-video-preview:-1"},"canonical":"https:\/\/cococoirglobal.com\/es\/politica-de-compras\/","og_locale":"es_ES","og_type":"article","og_title":"POL\u00cdTICA DE COMPRAS - Coco Coir Global Vietnam","og_description":"Coco Coir Global construy\u00f3 nuestra pol\u00edtica de compras con el objetivo de garantizar el m\u00e1ximo beneficio y seguridad para nuestros clientes, al mismo","og_url":"https:\/\/cococoirglobal.com\/es\/politica-de-compras\/","og_site_name":"Coco Coir Global Vietnam","article_publisher":"https:\/\/www.facebook.com\/cococoirglobal\/","og_image":[{"width":800,"height":593,"url":"https:\/\/cococoirglobal.com\/wp-content\/uploads\/2023\/09\/purchasing-policy.png","type":"image\/png"}],"twitter_card":"summary_large_image","twitter_misc":{"Tiempo de lectura":"2 minutos"},"schema":{"@context":"https:\/\/schema.org","@graph":[{"@type":"WebPage","@id":"https:\/\/cococoirglobal.com\/es\/politica-de-compras\/","url":"https:\/\/cococoirglobal.com\/es\/politica-de-compras\/","name":"POL\u00cdTICA DE COMPRAS - Coco Coir Global Vietnam","isPartOf":{"@id":"https:\/\/cococoirglobal.com\/es\/#website"},"primaryImageOfPage":{"@id":"https:\/\/cococoirglobal.com\/es\/politica-de-compras\/#primaryimage"},"image":{"@id":"https:\/\/cococoirglobal.com\/es\/politica-de-compras\/#primaryimage"},"thumbnailUrl":"https:\/\/cococoirglobal.com\/wp-content\/uploads\/2023\/09\/purchasing-policy.png","datePublished":"2023-10-19T02:18:47+00:00","dateModified":"2023-10-19T02:18:47+00:00","description":"Coco Coir Global construy\u00f3 nuestra pol\u00edtica de compras con el objetivo de garantizar el m\u00e1ximo beneficio y seguridad para nuestros clientes, al mismo","breadcrumb":{"@id":"https:\/\/cococoirglobal.com\/es\/politica-de-compras\/#breadcrumb"},"inLanguage":"es","potentialAction":[{"@type":"ReadAction","target":["https:\/\/cococoirglobal.com\/es\/politica-de-compras\/"]}]},{"@type":"ImageObject","inLanguage":"es","@id":"https:\/\/cococoirglobal.com\/es\/politica-de-compras\/#primaryimage","url":"https:\/\/cococoirglobal.com\/wp-content\/uploads\/2023\/09\/purchasing-policy.png","contentUrl":"https:\/\/cococoirglobal.com\/wp-content\/uploads\/2023\/09\/purchasing-policy.png","width":800,"height":593},{"@type":"BreadcrumbList","@id":"https:\/\/cococoirglobal.com\/es\/politica-de-compras\/#breadcrumb","itemListElement":[{"@type":"ListItem","position":1,"name":"Home","item":"https:\/\/cococoirglobal.com\/es\/"},{"@type":"ListItem","position":2,"name":"POL\u00cdTICA DE COMPRAS"}]},{"@type":"WebSite","@id":"https:\/\/cococoirglobal.com\/es\/#website","url":"https:\/\/cococoirglobal.com\/es\/","name":"Coco Coir Global","description":"The leading manufacturer and supplier of Coco Coir Products!","publisher":{"@id":"https:\/\/cococoirglobal.com\/es\/#organization"},"potentialAction":[{"@type":"SearchAction","target":{"@type":"EntryPoint","urlTemplate":"https:\/\/cococoirglobal.com\/es\/?s={search_term_string}"},"query-input":"required name=search_term_string"}],"inLanguage":"es"},{"@type":"Organization","@id":"https:\/\/cococoirglobal.com\/es\/#organization","name":"COCO COIR GLOBAL COMPANY LIMITED","url":"https:\/\/cococoirglobal.com\/es\/","logo":{"@type":"ImageObject","inLanguage":"es","@id":"https:\/\/cococoirglobal.com\/es\/#\/schema\/logo\/image\/","url":"https:\/\/cococoirglobal.com\/wp-content\/uploads\/2023\/05\/Logo-coco-coir.png","contentUrl":"https:\/\/cococoirglobal.com\/wp-content\/uploads\/2023\/05\/Logo-coco-coir.png","width":512,"height":512,"caption":"COCO COIR GLOBAL COMPANY LIMITED"},"image":{"@id":"https:\/\/cococoirglobal.com\/es\/#\/schema\/logo\/image\/"},"sameAs":["https:\/\/www.facebook.com\/cococoirglobal\/","https:\/\/www.instagram.com\/cococoirglobal\/","https:\/\/www.linkedin.com\/company\/coco-coir-global-company-limited","https:\/\/www.youtube.com\/channel\/UC4Xk-Is93xHrllYZADkM7yQ"]}]}},"_links":{"self":[{"href":"https:\/\/cococoirglobal.com\/es\/wp-json\/wp\/v2\/pages\/31677"}],"collection":[{"href":"https:\/\/cococoirglobal.com\/es\/wp-json\/wp\/v2\/pages"}],"about":[{"href":"https:\/\/cococoirglobal.com\/es\/wp-json\/wp\/v2\/types\/page"}],"author":[{"embeddable":true,"href":"https:\/\/cococoirglobal.com\/es\/wp-json\/wp\/v2\/users\/2"}],"replies":[{"embeddable":true,"href":"https:\/\/cococoirglobal.com\/es\/wp-json\/wp\/v2\/comments?post=31677"}],"version-history":[{"count":0,"href":"https:\/\/cococoirglobal.com\/es\/wp-json\/wp\/v2\/pages\/31677\/revisions"}],"wp:featuredmedia":[{"embeddable":true,"href":"https:\/\/cococoirglobal.com\/es\/wp-json\/wp\/v2\/media\/31670"}],"wp:attachment":[{"href":"https:\/\/cococoirglobal.com\/es\/wp-json\/wp\/v2\/media?parent=31677"}],"curies":[{"name":"wp","href":"https:\/\/api.w.org\/{rel}","templated":true}]}}