{"id":31675,"date":"2023-10-19T09:16:53","date_gmt":"2023-10-19T02:16:53","guid":{"rendered":"https:\/\/cococoirglobal.com\/?page_id=31675"},"modified":"2023-10-19T09:16:53","modified_gmt":"2023-10-19T02:16:53","slug":"politica-de-transporte","status":"publish","type":"page","link":"https:\/\/cococoirglobal.com\/es\/politica-de-transporte\/","title":{"rendered":"POL\u00cdTICA DE TRANSPORTE"},"content":{"rendered":"\n<span><span><a href=\"https:\/\/cococoirglobal.com\/es\/\">Home<\/a><\/span><\/span>\n\n\t<div id=\"text-3960306443\" class=\"text\">\n\t\t\n<h2>POL\u00cdTICA DE TRANSPORTE<\/h2>\n\t\t\n<style>\n#text-3960306443 {\n  text-align: center;\n}\n<\/style>\n\t<\/div>\n\t\n<p>Con conocimiento y experiencia en el transporte de mercanc\u00edas no solo a nivel interno sino tambi\u00e9n internacional, Coco Coir Global tiene confianza y est\u00e1 listo para entregar nuestro producto a cualquier fin solicitado. Esto tambi\u00e9n se traslada a proporcionar documentos o ayudar con el procedimiento de importaci\u00f3n.<\/p>\n<p>Tambi\u00e9n podemos trabajar de forma flexible con diferentes plazos de entrega, incluso puerta a puerta, cumpliendo con las normas y requisitos exactos. Adem\u00e1s, podemos prometer que nuestros socios transportistas son confiables y manejan los riesgos y problemas de manera r\u00e1pida y profesional.<\/p>\n<p style=\"text-align: center;\"><a href=\"https:\/\/cococoirglobal.com\/privacy-policy\/transporting-policy\/#main\" rel=\"attachment wp-att-29958\"><img decoding=\"async\" loading=\"lazy\" class=\"alignnone size-full wp-image-29958\" src=\"https:\/\/cococoirglobal.com\/wp-content\/uploads\/2023\/09\/transporting-policy.png\" alt=\"TRANSPORTING POLICY\" width=\"800\" height=\"593\" srcset=\"https:\/\/cococoirglobal.com\/wp-content\/uploads\/2023\/09\/transporting-policy.png 800w, https:\/\/cococoirglobal.com\/wp-content\/uploads\/2023\/09\/transporting-policy-768x569.png 768w, https:\/\/cococoirglobal.com\/wp-content\/uploads\/2023\/09\/transporting-policy-510x378.png 510w\" sizes=\"(max-width: 800px) 100vw, 800px\" \/><\/a><\/p>\n","protected":false},"excerpt":{"rendered":"<p>Con conocimiento y experiencia en el transporte de mercanc\u00edas no solo a nivel interno sino tambi\u00e9n internacional, Coco Coir Global tiene confianza y est\u00e1 listo para entregar nuestro producto a cualquier fin solicitado. Esto tambi\u00e9n se traslada a proporcionar documentos o ayudar con el procedimiento de importaci\u00f3n. Tambi\u00e9n podemos trabajar de forma flexible con diferentes&#8230;<\/p>\n","protected":false},"author":2,"featured_media":31671,"parent":0,"menu_order":0,"comment_status":"closed","ping_status":"closed","template":"","meta":{"footnotes":""},"yoast_head":"<!-- This site is optimized with the Yoast SEO plugin v22.6 - https:\/\/yoast.com\/wordpress\/plugins\/seo\/ -->\n<title>POL\u00cdTICA DE TRANSPORTE - Coco Coir Global Vietnam<\/title>\n<meta name=\"description\" content=\"Con conocimiento y experiencia en el transporte de mercanc\u00edas no solo a nivel interno sino tambi\u00e9n internacional, Coco Coir Global tiene confianza y est\u00e1\" \/>\n<meta name=\"robots\" content=\"index, follow, max-snippet:-1, max-image-preview:large, max-video-preview:-1\" \/>\n<link rel=\"canonical\" href=\"https:\/\/cococoirglobal.com\/es\/politica-de-transporte\/\" \/>\n<meta property=\"og:locale\" content=\"es_ES\" \/>\n<meta property=\"og:type\" content=\"article\" \/>\n<meta property=\"og:title\" content=\"POL\u00cdTICA DE TRANSPORTE - Coco Coir Global Vietnam\" \/>\n<meta property=\"og:description\" content=\"Con conocimiento y experiencia en el transporte de mercanc\u00edas no solo a nivel interno sino tambi\u00e9n internacional, Coco Coir Global tiene confianza y est\u00e1\" \/>\n<meta property=\"og:url\" content=\"https:\/\/cococoirglobal.com\/es\/politica-de-transporte\/\" \/>\n<meta property=\"og:site_name\" content=\"Coco Coir Global Vietnam\" \/>\n<meta property=\"article:publisher\" content=\"https:\/\/www.facebook.com\/cococoirglobal\/\" \/>\n<meta property=\"og:image\" content=\"https:\/\/cococoirglobal.com\/wp-content\/uploads\/2023\/09\/transporting-policy.png\" \/>\n\t<meta property=\"og:image:width\" content=\"800\" \/>\n\t<meta property=\"og:image:height\" content=\"593\" \/>\n\t<meta property=\"og:image:type\" content=\"image\/png\" \/>\n<meta name=\"twitter:card\" content=\"summary_large_image\" \/>\n<meta name=\"twitter:label1\" content=\"Tiempo de lectura\" \/>\n\t<meta name=\"twitter:data1\" content=\"1 minuto\" \/>\n<script type=\"application\/ld+json\" class=\"yoast-schema-graph\">{\"@context\":\"https:\/\/schema.org\",\"@graph\":[{\"@type\":\"WebPage\",\"@id\":\"https:\/\/cococoirglobal.com\/es\/politica-de-transporte\/\",\"url\":\"https:\/\/cococoirglobal.com\/es\/politica-de-transporte\/\",\"name\":\"POL\u00cdTICA DE TRANSPORTE - Coco Coir Global Vietnam\",\"isPartOf\":{\"@id\":\"https:\/\/cococoirglobal.com\/es\/#website\"},\"primaryImageOfPage\":{\"@id\":\"https:\/\/cococoirglobal.com\/es\/politica-de-transporte\/#primaryimage\"},\"image\":{\"@id\":\"https:\/\/cococoirglobal.com\/es\/politica-de-transporte\/#primaryimage\"},\"thumbnailUrl\":\"https:\/\/cococoirglobal.com\/wp-content\/uploads\/2023\/09\/transporting-policy.png\",\"datePublished\":\"2023-10-19T02:16:53+00:00\",\"dateModified\":\"2023-10-19T02:16:53+00:00\",\"description\":\"Con conocimiento y experiencia en el transporte de mercanc\u00edas no solo a nivel interno sino tambi\u00e9n internacional, Coco Coir Global tiene confianza y est\u00e1\",\"breadcrumb\":{\"@id\":\"https:\/\/cococoirglobal.com\/es\/politica-de-transporte\/#breadcrumb\"},\"inLanguage\":\"es\",\"potentialAction\":[{\"@type\":\"ReadAction\",\"target\":[\"https:\/\/cococoirglobal.com\/es\/politica-de-transporte\/\"]}]},{\"@type\":\"ImageObject\",\"inLanguage\":\"es\",\"@id\":\"https:\/\/cococoirglobal.com\/es\/politica-de-transporte\/#primaryimage\",\"url\":\"https:\/\/cococoirglobal.com\/wp-content\/uploads\/2023\/09\/transporting-policy.png\",\"contentUrl\":\"https:\/\/cococoirglobal.com\/wp-content\/uploads\/2023\/09\/transporting-policy.png\",\"width\":800,\"height\":593},{\"@type\":\"BreadcrumbList\",\"@id\":\"https:\/\/cococoirglobal.com\/es\/politica-de-transporte\/#breadcrumb\",\"itemListElement\":[{\"@type\":\"ListItem\",\"position\":1,\"name\":\"Home\",\"item\":\"https:\/\/cococoirglobal.com\/es\/\"},{\"@type\":\"ListItem\",\"position\":2,\"name\":\"POL\u00cdTICA DE TRANSPORTE\"}]},{\"@type\":\"WebSite\",\"@id\":\"https:\/\/cococoirglobal.com\/es\/#website\",\"url\":\"https:\/\/cococoirglobal.com\/es\/\",\"name\":\"Coco Coir Global\",\"description\":\"The leading manufacturer and supplier of Coco Coir Products!\",\"publisher\":{\"@id\":\"https:\/\/cococoirglobal.com\/es\/#organization\"},\"potentialAction\":[{\"@type\":\"SearchAction\",\"target\":{\"@type\":\"EntryPoint\",\"urlTemplate\":\"https:\/\/cococoirglobal.com\/es\/?s={search_term_string}\"},\"query-input\":\"required name=search_term_string\"}],\"inLanguage\":\"es\"},{\"@type\":\"Organization\",\"@id\":\"https:\/\/cococoirglobal.com\/es\/#organization\",\"name\":\"COCO COIR GLOBAL COMPANY LIMITED\",\"url\":\"https:\/\/cococoirglobal.com\/es\/\",\"logo\":{\"@type\":\"ImageObject\",\"inLanguage\":\"es\",\"@id\":\"https:\/\/cococoirglobal.com\/es\/#\/schema\/logo\/image\/\",\"url\":\"https:\/\/cococoirglobal.com\/wp-content\/uploads\/2023\/05\/Logo-coco-coir.png\",\"contentUrl\":\"https:\/\/cococoirglobal.com\/wp-content\/uploads\/2023\/05\/Logo-coco-coir.png\",\"width\":512,\"height\":512,\"caption\":\"COCO COIR GLOBAL COMPANY LIMITED\"},\"image\":{\"@id\":\"https:\/\/cococoirglobal.com\/es\/#\/schema\/logo\/image\/\"},\"sameAs\":[\"https:\/\/www.facebook.com\/cococoirglobal\/\",\"https:\/\/www.instagram.com\/cococoirglobal\/\",\"https:\/\/www.linkedin.com\/company\/coco-coir-global-company-limited\",\"https:\/\/www.youtube.com\/channel\/UC4Xk-Is93xHrllYZADkM7yQ\"]}]}<\/script>\n<!-- \/ Yoast SEO plugin. -->","yoast_head_json":{"title":"POL\u00cdTICA DE TRANSPORTE - Coco Coir Global Vietnam","description":"Con conocimiento y experiencia en el transporte de mercanc\u00edas no solo a nivel interno sino tambi\u00e9n internacional, Coco Coir Global tiene confianza y est\u00e1","robots":{"index":"index","follow":"follow","max-snippet":"max-snippet:-1","max-image-preview":"max-image-preview:large","max-video-preview":"max-video-preview:-1"},"canonical":"https:\/\/cococoirglobal.com\/es\/politica-de-transporte\/","og_locale":"es_ES","og_type":"article","og_title":"POL\u00cdTICA DE TRANSPORTE - Coco Coir Global Vietnam","og_description":"Con conocimiento y experiencia en el transporte de mercanc\u00edas no solo a nivel interno sino tambi\u00e9n internacional, Coco Coir Global tiene confianza y est\u00e1","og_url":"https:\/\/cococoirglobal.com\/es\/politica-de-transporte\/","og_site_name":"Coco Coir Global Vietnam","article_publisher":"https:\/\/www.facebook.com\/cococoirglobal\/","og_image":[{"width":800,"height":593,"url":"https:\/\/cococoirglobal.com\/wp-content\/uploads\/2023\/09\/transporting-policy.png","type":"image\/png"}],"twitter_card":"summary_large_image","twitter_misc":{"Tiempo de lectura":"1 minuto"},"schema":{"@context":"https:\/\/schema.org","@graph":[{"@type":"WebPage","@id":"https:\/\/cococoirglobal.com\/es\/politica-de-transporte\/","url":"https:\/\/cococoirglobal.com\/es\/politica-de-transporte\/","name":"POL\u00cdTICA DE TRANSPORTE - Coco Coir Global Vietnam","isPartOf":{"@id":"https:\/\/cococoirglobal.com\/es\/#website"},"primaryImageOfPage":{"@id":"https:\/\/cococoirglobal.com\/es\/politica-de-transporte\/#primaryimage"},"image":{"@id":"https:\/\/cococoirglobal.com\/es\/politica-de-transporte\/#primaryimage"},"thumbnailUrl":"https:\/\/cococoirglobal.com\/wp-content\/uploads\/2023\/09\/transporting-policy.png","datePublished":"2023-10-19T02:16:53+00:00","dateModified":"2023-10-19T02:16:53+00:00","description":"Con conocimiento y experiencia en el transporte de mercanc\u00edas no solo a nivel interno sino tambi\u00e9n internacional, Coco Coir Global tiene confianza y est\u00e1","breadcrumb":{"@id":"https:\/\/cococoirglobal.com\/es\/politica-de-transporte\/#breadcrumb"},"inLanguage":"es","potentialAction":[{"@type":"ReadAction","target":["https:\/\/cococoirglobal.com\/es\/politica-de-transporte\/"]}]},{"@type":"ImageObject","inLanguage":"es","@id":"https:\/\/cococoirglobal.com\/es\/politica-de-transporte\/#primaryimage","url":"https:\/\/cococoirglobal.com\/wp-content\/uploads\/2023\/09\/transporting-policy.png","contentUrl":"https:\/\/cococoirglobal.com\/wp-content\/uploads\/2023\/09\/transporting-policy.png","width":800,"height":593},{"@type":"BreadcrumbList","@id":"https:\/\/cococoirglobal.com\/es\/politica-de-transporte\/#breadcrumb","itemListElement":[{"@type":"ListItem","position":1,"name":"Home","item":"https:\/\/cococoirglobal.com\/es\/"},{"@type":"ListItem","position":2,"name":"POL\u00cdTICA DE TRANSPORTE"}]},{"@type":"WebSite","@id":"https:\/\/cococoirglobal.com\/es\/#website","url":"https:\/\/cococoirglobal.com\/es\/","name":"Coco Coir Global","description":"The leading manufacturer and supplier of Coco Coir Products!","publisher":{"@id":"https:\/\/cococoirglobal.com\/es\/#organization"},"potentialAction":[{"@type":"SearchAction","target":{"@type":"EntryPoint","urlTemplate":"https:\/\/cococoirglobal.com\/es\/?s={search_term_string}"},"query-input":"required name=search_term_string"}],"inLanguage":"es"},{"@type":"Organization","@id":"https:\/\/cococoirglobal.com\/es\/#organization","name":"COCO COIR GLOBAL COMPANY LIMITED","url":"https:\/\/cococoirglobal.com\/es\/","logo":{"@type":"ImageObject","inLanguage":"es","@id":"https:\/\/cococoirglobal.com\/es\/#\/schema\/logo\/image\/","url":"https:\/\/cococoirglobal.com\/wp-content\/uploads\/2023\/05\/Logo-coco-coir.png","contentUrl":"https:\/\/cococoirglobal.com\/wp-content\/uploads\/2023\/05\/Logo-coco-coir.png","width":512,"height":512,"caption":"COCO COIR GLOBAL COMPANY LIMITED"},"image":{"@id":"https:\/\/cococoirglobal.com\/es\/#\/schema\/logo\/image\/"},"sameAs":["https:\/\/www.facebook.com\/cococoirglobal\/","https:\/\/www.instagram.com\/cococoirglobal\/","https:\/\/www.linkedin.com\/company\/coco-coir-global-company-limited","https:\/\/www.youtube.com\/channel\/UC4Xk-Is93xHrllYZADkM7yQ"]}]}},"_links":{"self":[{"href":"https:\/\/cococoirglobal.com\/es\/wp-json\/wp\/v2\/pages\/31675"}],"collection":[{"href":"https:\/\/cococoirglobal.com\/es\/wp-json\/wp\/v2\/pages"}],"about":[{"href":"https:\/\/cococoirglobal.com\/es\/wp-json\/wp\/v2\/types\/page"}],"author":[{"embeddable":true,"href":"https:\/\/cococoirglobal.com\/es\/wp-json\/wp\/v2\/users\/2"}],"replies":[{"embeddable":true,"href":"https:\/\/cococoirglobal.com\/es\/wp-json\/wp\/v2\/comments?post=31675"}],"version-history":[{"count":0,"href":"https:\/\/cococoirglobal.com\/es\/wp-json\/wp\/v2\/pages\/31675\/revisions"}],"wp:featuredmedia":[{"embeddable":true,"href":"https:\/\/cococoirglobal.com\/es\/wp-json\/wp\/v2\/media\/31671"}],"wp:attachment":[{"href":"https:\/\/cococoirglobal.com\/es\/wp-json\/wp\/v2\/media?parent=31675"}],"curies":[{"name":"wp","href":"https:\/\/api.w.org\/{rel}","templated":true}]}}