{"id":31644,"date":"2023-10-18T17:10:33","date_gmt":"2023-10-18T10:10:33","guid":{"rendered":"https:\/\/cococoirglobal.com\/?page_id=31644"},"modified":"2023-10-18T17:10:33","modified_gmt":"2023-10-18T10:10:33","slug":"sobre-nosotras","status":"publish","type":"page","link":"https:\/\/cococoirglobal.com\/es\/sobre-nosotras\/","title":{"rendered":"Sobre nosotras"},"content":{"rendered":"<p style=\"text-align: justify;\">\n\t<div class=\"img has-hover banner-full-width x md-x lg-x y md-y lg-y\" id=\"image_50201294\">\n\t\t\t\t\t\t\t\t<div class=\"img-inner image-cover dark\" style=\"padding-top:400px;\">\n\t\t\t<img width=\"800\" height=\"571\" src=\"https:\/\/cococoirglobal.com\/wp-content\/uploads\/2021\/08\/5-1.jpg\" class=\"attachment-large size-large\" alt=\"\" decoding=\"async\" loading=\"lazy\" srcset=\"https:\/\/cococoirglobal.com\/wp-content\/uploads\/2021\/08\/5-1.jpg 1500w, https:\/\/cococoirglobal.com\/wp-content\/uploads\/2021\/08\/5-1-510x364.jpg 510w\" sizes=\"(max-width: 800px) 100vw, 800px\" \/>\t\t\t\t\t\t\n\t\t\t\t\t<\/div>\n\t\t\t\t\t\t\t\t\n<style>\n#image_50201294 {\n  width: 100%;\n}\n<\/style>\n\t<\/div>\n\t\n<p style=\"text-align: justify;\">\n\t<section class=\"section\" id=\"section_2024704072\">\n\t\t<div class=\"bg section-bg fill bg-fill  bg-loaded\" >\n\n\t\t\t\n\t\t\t\n\t\t\t\n\n\t\t<\/div>\n\n\t\t\n\n\t\t<div class=\"section-content relative\">\n\t\t\t\n<div class=\"row row-small align-middle align-center\"  id=\"row-1531601975\">\n\n\t<div id=\"col-932280394\" class=\"col small-12 large-12\"  >\n\t\t\t\t<div class=\"col-inner\"  >\n\t\t\t\n\t\t\t\n<p style=\"text-align: justify;\">\n\n<p style=\"text-align: justify;\"><span><span><a href=\"https:\/\/cococoirglobal.com\/es\/\">Home<\/a><\/span><\/span>\n\n\t<div id=\"text-508947346\" class=\"text\">\n\t\t\n<h1 style=\"text-align: justify;\">Sobre nosotras Coco Coir Global<\/h1>\n<p style=\"text-align: justify;\">\u00a0<\/p>\n\t\t\n<style>\n#text-508947346 {\n  font-size: 1.3rem;\n  text-align: center;\n}\n@media (min-width:550px) {\n  #text-508947346 {\n    font-size: 1.8rem;\n  }\n}\n<\/style>\n\t<\/div>\n\t\n<\/p>\n\t\t<\/div>\n\t\t\t\t\t<\/div>\n\n\t\n\n\t<div id=\"col-538938110\" class=\"col medium-4 small-12 large-4\"  >\n\t\t\t\t<div class=\"col-inner\"  >\n\t\t\t\n\t\t\t\n<p style=\"text-align: justify;\">\n\t<div class=\"box has-hover   has-hover box-text-bottom\" >\n\n\t\t<div class=\"box-image\" >\n\t\t\t\t\t\t<div class=\"\" >\n\t\t\t\t<img width=\"1080\" height=\"1080\" src=\"https:\/\/cococoirglobal.com\/wp-content\/uploads\/2023\/05\/2.jpg\" class=\"attachment- size-\" alt=\"Chairman Ho Chi Cuong\" decoding=\"async\" loading=\"lazy\" srcset=\"https:\/\/cococoirglobal.com\/wp-content\/uploads\/2023\/05\/2.jpg 1080w, https:\/\/cococoirglobal.com\/wp-content\/uploads\/2023\/05\/2-300x300.jpg 300w, https:\/\/cococoirglobal.com\/wp-content\/uploads\/2023\/05\/2-1024x1024.jpg 1024w, https:\/\/cococoirglobal.com\/wp-content\/uploads\/2023\/05\/2-150x150.jpg 150w, https:\/\/cococoirglobal.com\/wp-content\/uploads\/2023\/05\/2-768x768.jpg 768w, https:\/\/cococoirglobal.com\/wp-content\/uploads\/2023\/05\/2-510x510.jpg 510w, https:\/\/cococoirglobal.com\/wp-content\/uploads\/2023\/05\/2-100x100.jpg 100w\" sizes=\"(max-width: 1080px) 100vw, 1080px\" \/>\t\t\t\t\t\t\t\t\t\t\t<\/div>\n\t\t\t\t\t<\/div>\n\n\t\t<div class=\"box-text text-center\" >\n\t\t\t<div class=\"box-text-inner\">\n\t\t\t\t\n<p class=\"h2 heading-font\" style=\"text-align: justify;\">Owner\/President: Ho Chi Cuong<\/p>\n\t\t\t<\/div>\n\t\t<\/div>\n\t<\/div>\n\t\n\t\t<\/div>\n\t\t\t\t\t<\/div>\n\n\t\n\n\t<div id=\"col-940072171\" class=\"col medium-8 small-12 large-8\"  >\n\t\t\t\t<div class=\"col-inner\"  >\n\t\t\t\n\t\t\t\n<p style=\"text-align: justify;\">\n\t<div id=\"text-2182414228\" class=\"text\">\n\t\t\n<p style=\"text-align: justify;\"><em>\u201cAmamos los productos que producimos y amamos nuestro trabajo. Nuestra gente es profesional, bien capacitada y creativa para brindar productos de la m\u00e1s alta calidad. Nos esforzamos por convertirnos en el mayor fabricante, proveedor y exportador mundial de fibra de coco de alta calidad en Vietnam\u201d.<\/em><\/p>\n<p style=\"text-align: justify;\">\u00a0<\/p>\n\t\t\n<style>\n#text-2182414228 {\n  font-size: 1.2rem;\n}\n<\/style>\n\t<\/div>\n\t\n<\/p>\n\t\t<\/div>\n\t\t\t\t\t<\/div>\n\n\t\n\n\t<div id=\"col-702721006\" class=\"col small-12 large-12\"  >\n\t\t\t\t<div class=\"col-inner\"  >\n\t\t\t\n\t\t\t\n<h2 class=\"text-center\" style=\"text-align: justify;\"><strong>Nuestra historia<\/strong><\/h2>\n<p>Como uno de los principales y prestigiosos fabricantes de fibra de coco de Vietnam, Coco Coir Global tiene un proceso de producci\u00f3n \u00fanico y exclusivo que nos distingue. Nuestros productos superiores tienen m\u00faltiples usos y son muy valorados por clientes de todo el mundo, especialmente en horticultura y cultivo.<\/p>\n<p>Nuestra f\u00e1brica tiene instalaciones de producci\u00f3n ubicadas en la provincia de Ben Tre en el delta del Mekong, Vietnam, conocida como la tierra de los cocoteros. Alrededor de nuestra f\u00e1brica hay tierras de cocoteros siempre verdes. Seleccionamos el mejor material de c\u00e1scara de coco para la fabricaci\u00f3n de medios de cultivo Coco Coir Grow en nuestra f\u00e1brica.<\/p>\n<blockquote>\n<p><strong>Coco Coir Global<\/strong> tiene 5 hect\u00e1reas, equivalentes a 12 acres de tierra en la provincia de Ben Tre, Vietnam. La f\u00e1brica est\u00e1 bien equipada con equipos de producci\u00f3n. Tenemos casi 100 empleados, trabajamos a tiempo completo en la f\u00e1brica. La f\u00e1brica cuenta con laboratorios internos de investigaci\u00f3n y desarrollo y calidad. La f\u00e1brica ha establecido una gran red de proveedores calificados de materias primas de c\u00e1scara de coco.<\/p>\n<\/blockquote>\n<p>Fabricamos medios de cultivo de fibra de coco org\u00e1nicos de alta calidad para horticultura, cultivo e hidropon\u00eda profesionales en todo el mundo que cumplen con los m\u00e1s altos est\u00e1ndares de la industria de sustratos de fibra de coco. Nuestro medio de cultivo sin suelo Coco Coir es una excelente aplicaci\u00f3n para el cultivo de cannabis medicinal y cannabis recreativo, verduras, bayas, frutas, flores cortadas, flores y camas para reptiles.<\/p>\n\t\t<\/div>\n\t\t\t\t\t<\/div>\n\n\t\n<\/div>\n<div class=\"row row-small align-middle align-center\"  id=\"row-155238456\">\n<p style=\"text-align: justify;\">\n\n\t<div id=\"col-1949238318\" class=\"col medium-6 small-12 large-6\"  >\n\t\t\t\t<div class=\"col-inner\"  >\n\t\t\t\n\t\t\t\n<h2 style=\"text-align: justify;\"><strong>Nuestra historia<\/strong><\/h2>\n<p style=\"text-align: justify;\">Somos el mayor proveedor y exportador de medios de cultivo de fibra de coco de Vietnam. Nuestros clientes son principalmente empresas y corporaciones de buena reputaci\u00f3n, a saber, Wineco, Dalat Hasfarm, etc. Comenzamos a exportar productos desde 2018. Nuestros mercados de exportaci\u00f3n ahora incluyen: Australia, Jap\u00f3n, Corea, etc. Estamos ampliando nuestras ventas al mercado de Am\u00e9rica del Norte.<\/p>\n\t\t<\/div>\n\t\t\t\t\t<\/div>\n\n\t\n\n\t<div id=\"col-2107670984\" class=\"col medium-6 small-12 large-6\"  >\n\t\t\t\t<div class=\"col-inner\"  >\n\t\t\t\n\t\t\t\n<p style=\"text-align: justify;\">\n\t<div class=\"img has-hover x md-x lg-x y md-y lg-y\" id=\"image_623698857\">\n\t\t\t\t\t\t\t\t<div class=\"img-inner dark\" >\n\t\t\t<img width=\"800\" height=\"800\" src=\"https:\/\/cococoirglobal.com\/wp-content\/uploads\/2023\/05\/our-story.jpg\" class=\"attachment-large size-large\" alt=\"our story\" decoding=\"async\" loading=\"lazy\" srcset=\"https:\/\/cococoirglobal.com\/wp-content\/uploads\/2023\/05\/our-story.jpg 800w, https:\/\/cococoirglobal.com\/wp-content\/uploads\/2023\/05\/our-story-300x300.jpg 300w, https:\/\/cococoirglobal.com\/wp-content\/uploads\/2023\/05\/our-story-150x150.jpg 150w, https:\/\/cococoirglobal.com\/wp-content\/uploads\/2023\/05\/our-story-768x768.jpg 768w, https:\/\/cococoirglobal.com\/wp-content\/uploads\/2023\/05\/our-story-510x510.jpg 510w, https:\/\/cococoirglobal.com\/wp-content\/uploads\/2023\/05\/our-story-100x100.jpg 100w\" sizes=\"(max-width: 800px) 100vw, 800px\" \/>\t\t\t\t\t\t\n\t\t\t\t\t<\/div>\n\t\t\t\t\t\t\t\t\n<style>\n#image_623698857 {\n  width: 100%;\n}\n<\/style>\n\t<\/div>\n\t\n\t\t<\/div>\n\t\t\t\t\t<\/div>\n\n\t\n<\/div>\n<div class=\"row row-small align-middle align-center\"  id=\"row-764997625\">\n<p style=\"text-align: justify;\">\n\n\t<div id=\"col-677560861\" class=\"col medium-6 small-12 large-6\"  >\n\t\t\t\t<div class=\"col-inner\"  >\n\t\t\t\n\t\t\t\n<p style=\"text-align: justify;\">\n\t<div class=\"img has-hover x md-x lg-x y md-y lg-y\" id=\"image_813875450\">\n\t\t\t\t\t\t\t\t<div class=\"img-inner dark\" >\n\t\t\t<img width=\"800\" height=\"800\" src=\"https:\/\/cococoirglobal.com\/wp-content\/uploads\/2023\/05\/5.jpg\" class=\"attachment-large size-large\" alt=\"\" decoding=\"async\" loading=\"lazy\" srcset=\"https:\/\/cococoirglobal.com\/wp-content\/uploads\/2023\/05\/5.jpg 800w, https:\/\/cococoirglobal.com\/wp-content\/uploads\/2023\/05\/5-300x300.jpg 300w, https:\/\/cococoirglobal.com\/wp-content\/uploads\/2023\/05\/5-150x150.jpg 150w, https:\/\/cococoirglobal.com\/wp-content\/uploads\/2023\/05\/5-768x768.jpg 768w, https:\/\/cococoirglobal.com\/wp-content\/uploads\/2023\/05\/5-510x510.jpg 510w, https:\/\/cococoirglobal.com\/wp-content\/uploads\/2023\/05\/5-100x100.jpg 100w\" sizes=\"(max-width: 800px) 100vw, 800px\" \/>\t\t\t\t\t\t\n\t\t\t\t\t<\/div>\n\t\t\t\t\t\t\t\t\n<style>\n#image_813875450 {\n  width: 100%;\n}\n<\/style>\n\t<\/div>\n\t\n\t\t<\/div>\n\t\t\t\t\t<\/div>\n\n\t\n\n\t<div id=\"col-122326745\" class=\"col medium-col-first medium-6 small-12 large-6\"  >\n\t\t\t\t<div class=\"col-inner\"  >\n\t\t\t\n\t\t\t\n<h2 style=\"text-align: justify;\"><strong>Control de calidad<\/strong><\/h2>\n<p style=\"text-align: justify;\">Nuestros procesos de fabricaci\u00f3n de fibra de coco de control de f\u00e1brica brindan una calidad constante a trav\u00e9s de registros de calidad, lotes viajeros y n\u00fameros de lotes de producci\u00f3n. Utilizamos estos procesos para controlar la calidad y gestionar la trazabilidad de los productos desde el origen hasta el producto terminado.<\/p>\n\t\t<\/div>\n\t\t\t\t\t<\/div>\n\n\t\n<\/div>\n<div class=\"row row-small align-middle align-center\"  id=\"row-225533810\">\n<p style=\"text-align: justify;\">\n\n\t<div id=\"col-1792283388\" class=\"col medium-6 small-12 large-6\"  >\n\t\t\t\t<div class=\"col-inner\"  >\n\t\t\t\n\t\t\t\n<h2 style=\"text-align: justify;\">Organic Certified<\/h2>\n<p style=\"text-align: justify;\">We are one of very few Coco Coir Grow Media factories in Vietnam has ISO 9001: 2015 certification and and the only one so far that has OMRI organic certification.<\/p>\n\t\t<\/div>\n\t\t\t\t\t<\/div>\n\n\t\n\n\t<div id=\"col-973555340\" class=\"col medium-6 small-12 large-6\"  >\n\t\t\t\t<div class=\"col-inner\"  >\n\t\t\t\n\t\t\t\n<p style=\"text-align: justify;\">\n\t<div class=\"img has-hover x md-x lg-x y md-y lg-y\" id=\"image_1874507453\">\n\t\t\t\t\t\t\t\t<div class=\"img-inner dark\" >\n\t\t\t<img width=\"800\" height=\"800\" src=\"https:\/\/cococoirglobal.com\/wp-content\/uploads\/2023\/05\/certified.png\" class=\"attachment-large size-large\" alt=\"OMRI Listed certified\" decoding=\"async\" loading=\"lazy\" srcset=\"https:\/\/cococoirglobal.com\/wp-content\/uploads\/2023\/05\/certified.png 800w, https:\/\/cococoirglobal.com\/wp-content\/uploads\/2023\/05\/certified-300x300.png 300w, https:\/\/cococoirglobal.com\/wp-content\/uploads\/2023\/05\/certified-150x150.png 150w, https:\/\/cococoirglobal.com\/wp-content\/uploads\/2023\/05\/certified-768x768.png 768w, https:\/\/cococoirglobal.com\/wp-content\/uploads\/2023\/05\/certified-510x510.png 510w, https:\/\/cococoirglobal.com\/wp-content\/uploads\/2023\/05\/certified-100x100.png 100w\" sizes=\"(max-width: 800px) 100vw, 800px\" \/>\t\t\t\t\t\t\n\t\t\t\t\t<\/div>\n\t\t\t\t\t\t\t\t\n<style>\n#image_1874507453 {\n  width: 100%;\n}\n<\/style>\n\t<\/div>\n\t\n\t\t<\/div>\n\t\t\t\t\t<\/div>\n\n\t\n<\/div>\n\t\t<\/div>\n\n\t\t\n<style>\n#section_2024704072 {\n  padding-top: 30px;\n  padding-bottom: 30px;\n}\n#section_2024704072 .ux-shape-divider--top svg {\n  height: 150px;\n  --divider-top-width: 100%;\n}\n#section_2024704072 .ux-shape-divider--bottom svg {\n  height: 150px;\n  --divider-width: 100%;\n}\n<\/style>\n\t<\/section>\n\t\n","protected":false},"excerpt":{"rendered":"","protected":false},"author":2,"featured_media":31664,"parent":0,"menu_order":0,"comment_status":"closed","ping_status":"closed","template":"","meta":{"footnotes":""},"yoast_head":"<!-- This site is optimized with the Yoast SEO plugin v22.6 - https:\/\/yoast.com\/wordpress\/plugins\/seo\/ -->\n<title>Sobre nosotras - Coco Coir Global Vietnam<\/title>\n<meta name=\"robots\" content=\"index, follow, max-snippet:-1, max-image-preview:large, max-video-preview:-1\" \/>\n<link rel=\"canonical\" href=\"https:\/\/cococoirglobal.com\/es\/sobre-nosotras\/\" \/>\n<meta property=\"og:locale\" content=\"es_ES\" \/>\n<meta property=\"og:type\" content=\"article\" \/>\n<meta property=\"og:title\" content=\"Sobre nosotras - Coco Coir Global Vietnam\" \/>\n<meta property=\"og:url\" content=\"https:\/\/cococoirglobal.com\/es\/sobre-nosotras\/\" \/>\n<meta property=\"og:site_name\" content=\"Coco Coir Global Vietnam\" \/>\n<meta property=\"article:publisher\" content=\"https:\/\/www.facebook.com\/cococoirglobal\/\" \/>\n<meta property=\"og:image\" content=\"https:\/\/cococoirglobal.com\/wp-content\/uploads\/2023\/05\/Banner-3.jpg\" \/>\n\t<meta property=\"og:image:width\" content=\"1350\" \/>\n\t<meta property=\"og:image:height\" content=\"500\" \/>\n\t<meta property=\"og:image:type\" content=\"image\/jpeg\" \/>\n<meta name=\"twitter:card\" content=\"summary_large_image\" \/>\n<meta name=\"twitter:label1\" content=\"Tiempo de lectura\" \/>\n\t<meta name=\"twitter:data1\" content=\"2 minutos\" \/>\n<script type=\"application\/ld+json\" class=\"yoast-schema-graph\">{\"@context\":\"https:\/\/schema.org\",\"@graph\":[{\"@type\":\"WebPage\",\"@id\":\"https:\/\/cococoirglobal.com\/es\/sobre-nosotras\/\",\"url\":\"https:\/\/cococoirglobal.com\/es\/sobre-nosotras\/\",\"name\":\"Sobre nosotras - Coco Coir Global Vietnam\",\"isPartOf\":{\"@id\":\"https:\/\/cococoirglobal.com\/es\/#website\"},\"primaryImageOfPage\":{\"@id\":\"https:\/\/cococoirglobal.com\/es\/sobre-nosotras\/#primaryimage\"},\"image\":{\"@id\":\"https:\/\/cococoirglobal.com\/es\/sobre-nosotras\/#primaryimage\"},\"thumbnailUrl\":\"https:\/\/cococoirglobal.com\/wp-content\/uploads\/2023\/05\/Banner-3.jpg\",\"datePublished\":\"2023-10-18T10:10:33+00:00\",\"dateModified\":\"2023-10-18T10:10:33+00:00\",\"breadcrumb\":{\"@id\":\"https:\/\/cococoirglobal.com\/es\/sobre-nosotras\/#breadcrumb\"},\"inLanguage\":\"es\",\"potentialAction\":[{\"@type\":\"ReadAction\",\"target\":[\"https:\/\/cococoirglobal.com\/es\/sobre-nosotras\/\"]}]},{\"@type\":\"ImageObject\",\"inLanguage\":\"es\",\"@id\":\"https:\/\/cococoirglobal.com\/es\/sobre-nosotras\/#primaryimage\",\"url\":\"https:\/\/cococoirglobal.com\/wp-content\/uploads\/2023\/05\/Banner-3.jpg\",\"contentUrl\":\"https:\/\/cococoirglobal.com\/wp-content\/uploads\/2023\/05\/Banner-3.jpg\",\"width\":1350,\"height\":500},{\"@type\":\"BreadcrumbList\",\"@id\":\"https:\/\/cococoirglobal.com\/es\/sobre-nosotras\/#breadcrumb\",\"itemListElement\":[{\"@type\":\"ListItem\",\"position\":1,\"name\":\"Home\",\"item\":\"https:\/\/cococoirglobal.com\/es\/\"},{\"@type\":\"ListItem\",\"position\":2,\"name\":\"Sobre nosotras\"}]},{\"@type\":\"WebSite\",\"@id\":\"https:\/\/cococoirglobal.com\/es\/#website\",\"url\":\"https:\/\/cococoirglobal.com\/es\/\",\"name\":\"Coco Coir Global\",\"description\":\"The leading manufacturer and supplier of Coco Coir Products!\",\"publisher\":{\"@id\":\"https:\/\/cococoirglobal.com\/es\/#organization\"},\"potentialAction\":[{\"@type\":\"SearchAction\",\"target\":{\"@type\":\"EntryPoint\",\"urlTemplate\":\"https:\/\/cococoirglobal.com\/es\/?s={search_term_string}\"},\"query-input\":\"required name=search_term_string\"}],\"inLanguage\":\"es\"},{\"@type\":\"Organization\",\"@id\":\"https:\/\/cococoirglobal.com\/es\/#organization\",\"name\":\"COCO COIR GLOBAL COMPANY LIMITED\",\"url\":\"https:\/\/cococoirglobal.com\/es\/\",\"logo\":{\"@type\":\"ImageObject\",\"inLanguage\":\"es\",\"@id\":\"https:\/\/cococoirglobal.com\/es\/#\/schema\/logo\/image\/\",\"url\":\"https:\/\/cococoirglobal.com\/wp-content\/uploads\/2023\/05\/Logo-coco-coir.png\",\"contentUrl\":\"https:\/\/cococoirglobal.com\/wp-content\/uploads\/2023\/05\/Logo-coco-coir.png\",\"width\":512,\"height\":512,\"caption\":\"COCO COIR GLOBAL COMPANY LIMITED\"},\"image\":{\"@id\":\"https:\/\/cococoirglobal.com\/es\/#\/schema\/logo\/image\/\"},\"sameAs\":[\"https:\/\/www.facebook.com\/cococoirglobal\/\",\"https:\/\/www.instagram.com\/cococoirglobal\/\",\"https:\/\/www.linkedin.com\/company\/coco-coir-global-company-limited\",\"https:\/\/www.youtube.com\/channel\/UC4Xk-Is93xHrllYZADkM7yQ\"]}]}<\/script>\n<!-- \/ Yoast SEO plugin. -->","yoast_head_json":{"title":"Sobre nosotras - Coco Coir Global Vietnam","robots":{"index":"index","follow":"follow","max-snippet":"max-snippet:-1","max-image-preview":"max-image-preview:large","max-video-preview":"max-video-preview:-1"},"canonical":"https:\/\/cococoirglobal.com\/es\/sobre-nosotras\/","og_locale":"es_ES","og_type":"article","og_title":"Sobre nosotras - Coco Coir Global Vietnam","og_url":"https:\/\/cococoirglobal.com\/es\/sobre-nosotras\/","og_site_name":"Coco Coir Global Vietnam","article_publisher":"https:\/\/www.facebook.com\/cococoirglobal\/","og_image":[{"width":1350,"height":500,"url":"https:\/\/cococoirglobal.com\/wp-content\/uploads\/2023\/05\/Banner-3.jpg","type":"image\/jpeg"}],"twitter_card":"summary_large_image","twitter_misc":{"Tiempo de lectura":"2 minutos"},"schema":{"@context":"https:\/\/schema.org","@graph":[{"@type":"WebPage","@id":"https:\/\/cococoirglobal.com\/es\/sobre-nosotras\/","url":"https:\/\/cococoirglobal.com\/es\/sobre-nosotras\/","name":"Sobre nosotras - Coco Coir Global Vietnam","isPartOf":{"@id":"https:\/\/cococoirglobal.com\/es\/#website"},"primaryImageOfPage":{"@id":"https:\/\/cococoirglobal.com\/es\/sobre-nosotras\/#primaryimage"},"image":{"@id":"https:\/\/cococoirglobal.com\/es\/sobre-nosotras\/#primaryimage"},"thumbnailUrl":"https:\/\/cococoirglobal.com\/wp-content\/uploads\/2023\/05\/Banner-3.jpg","datePublished":"2023-10-18T10:10:33+00:00","dateModified":"2023-10-18T10:10:33+00:00","breadcrumb":{"@id":"https:\/\/cococoirglobal.com\/es\/sobre-nosotras\/#breadcrumb"},"inLanguage":"es","potentialAction":[{"@type":"ReadAction","target":["https:\/\/cococoirglobal.com\/es\/sobre-nosotras\/"]}]},{"@type":"ImageObject","inLanguage":"es","@id":"https:\/\/cococoirglobal.com\/es\/sobre-nosotras\/#primaryimage","url":"https:\/\/cococoirglobal.com\/wp-content\/uploads\/2023\/05\/Banner-3.jpg","contentUrl":"https:\/\/cococoirglobal.com\/wp-content\/uploads\/2023\/05\/Banner-3.jpg","width":1350,"height":500},{"@type":"BreadcrumbList","@id":"https:\/\/cococoirglobal.com\/es\/sobre-nosotras\/#breadcrumb","itemListElement":[{"@type":"ListItem","position":1,"name":"Home","item":"https:\/\/cococoirglobal.com\/es\/"},{"@type":"ListItem","position":2,"name":"Sobre nosotras"}]},{"@type":"WebSite","@id":"https:\/\/cococoirglobal.com\/es\/#website","url":"https:\/\/cococoirglobal.com\/es\/","name":"Coco Coir Global","description":"The leading manufacturer and supplier of Coco Coir Products!","publisher":{"@id":"https:\/\/cococoirglobal.com\/es\/#organization"},"potentialAction":[{"@type":"SearchAction","target":{"@type":"EntryPoint","urlTemplate":"https:\/\/cococoirglobal.com\/es\/?s={search_term_string}"},"query-input":"required name=search_term_string"}],"inLanguage":"es"},{"@type":"Organization","@id":"https:\/\/cococoirglobal.com\/es\/#organization","name":"COCO COIR GLOBAL COMPANY LIMITED","url":"https:\/\/cococoirglobal.com\/es\/","logo":{"@type":"ImageObject","inLanguage":"es","@id":"https:\/\/cococoirglobal.com\/es\/#\/schema\/logo\/image\/","url":"https:\/\/cococoirglobal.com\/wp-content\/uploads\/2023\/05\/Logo-coco-coir.png","contentUrl":"https:\/\/cococoirglobal.com\/wp-content\/uploads\/2023\/05\/Logo-coco-coir.png","width":512,"height":512,"caption":"COCO COIR GLOBAL COMPANY LIMITED"},"image":{"@id":"https:\/\/cococoirglobal.com\/es\/#\/schema\/logo\/image\/"},"sameAs":["https:\/\/www.facebook.com\/cococoirglobal\/","https:\/\/www.instagram.com\/cococoirglobal\/","https:\/\/www.linkedin.com\/company\/coco-coir-global-company-limited","https:\/\/www.youtube.com\/channel\/UC4Xk-Is93xHrllYZADkM7yQ"]}]}},"_links":{"self":[{"href":"https:\/\/cococoirglobal.com\/es\/wp-json\/wp\/v2\/pages\/31644"}],"collection":[{"href":"https:\/\/cococoirglobal.com\/es\/wp-json\/wp\/v2\/pages"}],"about":[{"href":"https:\/\/cococoirglobal.com\/es\/wp-json\/wp\/v2\/types\/page"}],"author":[{"embeddable":true,"href":"https:\/\/cococoirglobal.com\/es\/wp-json\/wp\/v2\/users\/2"}],"replies":[{"embeddable":true,"href":"https:\/\/cococoirglobal.com\/es\/wp-json\/wp\/v2\/comments?post=31644"}],"version-history":[{"count":0,"href":"https:\/\/cococoirglobal.com\/es\/wp-json\/wp\/v2\/pages\/31644\/revisions"}],"wp:featuredmedia":[{"embeddable":true,"href":"https:\/\/cococoirglobal.com\/es\/wp-json\/wp\/v2\/media\/31664"}],"wp:attachment":[{"href":"https:\/\/cococoirglobal.com\/es\/wp-json\/wp\/v2\/media?parent=31644"}],"curies":[{"name":"wp","href":"https:\/\/api.w.org\/{rel}","templated":true}]}}