{"id":33413,"date":"2023-08-18T10:46:02","date_gmt":"2023-12-04T03:55:38","guid":{"rendered":"https:\/\/cococoirglobal.com\/?post_type=product&#038;p=33413"},"modified":"2023-12-04T10:55:40","modified_gmt":"2023-12-04T03:55:40","slug":"kokostorf","status":"publish","type":"product","link":"https:\/\/cococoirglobal.com\/de\/product\/kokostorf\/","title":{"rendered":"Kokostorf"},"content":{"rendered":"<p><span style=\"font-weight: 400;\">Bei<\/span><b>Coco Coir Global<\/b><span style=\"font-weight: 400;\">Wir sind sehr stolz darauf, ein umfangreiches Sortiment an erstklassigen Produkten zu pr\u00e4sentieren, die sorgf\u00e4ltig entwickelt wurden, um ein vielf\u00e4ltiges Kundenspektrum zu bedienen, wobei wir uns haupts\u00e4chlich auf Folgendes konzentrieren:<\/span><b>B2B-Unternehmen<\/b><span style=\"font-weight: 400;\">, jedes mit seinen individuellen Anforderungen.<\/span><\/p>\n<p><span style=\"font-weight: 400;\">Unsere hochwertigen Kokossubstrate sind<\/span><b>von Laboren hoch gelobt<\/b><span style=\"font-weight: 400;\"> sowohl in Vietnam als auch in den USA und sind sogar<\/span><b>OMRI-gelistet f\u00fcr den \u00f6kologischen Gebrauch<\/b><span style=\"font-weight: 400;\">. Mit einem<\/span><b>riesige Fabrik und weltweiter Versand<\/b><span style=\"font-weight: 400;\">Wir sorgen f\u00fcr eine unterbrechungsfreie Versorgung bei gleichbleibender Produktqualit\u00e4t. Dar\u00fcber hinaus haben wir die M\u00f6glichkeit dazu<\/span><b>Produkte anpassen<\/b><span style=\"font-weight: 400;\"> um individuelle Spezifikationen zu erf\u00fcllen, die auf eine Vielzahl beabsichtigter Kundenanwendungen zugeschnitten sind.<\/span><\/p>\n<p><span style=\"font-weight: 400;\">Dar\u00fcber hinaus verf\u00fcgen wir \u00fcber eine bew\u00e4hrte<\/span><b>Erfolgsbilanz im Export<\/b><span style=\"font-weight: 400;\"> unsere Produkte zu einem<\/span><b>Anzahl der L\u00e4nder<\/b><span style=\"font-weight: 400;\">auf der ganzen Welt und die Erfahrungsberichte unserer Partner machen uns zu einem potenziellen und zuverl\u00e4ssigen Lieferanten. Wir sind bestrebt, unseren Kunden das zu bieten<\/span><b>feinste Kokosfaserprodukte<\/b><span style=\"font-weight: 400;\">, die zu ihrem Erfolg im Anbau beitragen.<\/span><\/p>\n<p><span style=\"font-weight: 400;\">Kokostorf oder Kokosfaser hergestellt aus<\/span><b><i>100 % nat\u00fcrliche Kokosnussschalen<\/i><\/b><span style=\"font-weight: 400;\">, hat eine gleichm\u00e4\u00dfige feine und por\u00f6se Textur. Gebrauchsfertig (kein Vorsp\u00fclen erforderlich). Erh\u00e4ltlich sowohl in loser (unkomprimierter) als auch in komprimierter Form. Produktspezifikationen sind anpassbar. Kombinieren Sie es mit Kokosfasern oder Kokoschips, um mehrere Mischungen zu erstellen, die f\u00fcr bestimmte Pflanzen geeignet sind. Kann mit anderen Substanzen wie Perlit oder Vermiculit (optional) gemischt werden, um das Pflanzenwachstum zu f\u00f6rdern.<\/span><\/p>\n<p><b>*Lagerzustand<\/b><span style=\"font-weight: 400;\">: Trockener und k\u00fchler Ort.<\/span><\/p>\n<p><b>Typ<\/b><span style=\"font-weight: 400;\">: Tasche, W\u00fcrfel, Ziegel\/Block, Pflanzbeutel, oben offener Beutel, kundenspezifisch<\/span><\/p>\n<p><a href=\"https:\/\/cococoirglobal.com\/de\/?attachment_id=32467#main\" rel=\"attachment wp-att-32467\"><img decoding=\"async\" loading=\"lazy\" class=\"size-full wp-image-32467 aligncenter\" src=\"https:\/\/cococoirglobal.com\/wp-content\/uploads\/2023\/08\/95-5.png\" alt=\"\" width=\"1080\" height=\"800\" srcset=\"https:\/\/cococoirglobal.com\/wp-content\/uploads\/2023\/08\/95-5.png 1080w, https:\/\/cococoirglobal.com\/wp-content\/uploads\/2023\/08\/95-5-800x593.png 800w, https:\/\/cococoirglobal.com\/wp-content\/uploads\/2023\/08\/95-5-768x569.png 768w, https:\/\/cococoirglobal.com\/wp-content\/uploads\/2023\/08\/95-5-510x378.png 510w\" sizes=\"(max-width: 1080px) 100vw, 1080px\" \/><\/a><\/p>\n<h2><b>Eigenschaften von Kokostorf<\/b><\/h2>\n<ul>\n<li style=\"font-weight: 400;\" aria-level=\"1\"><span style=\"font-weight: 400;\">Organisches, biologisch abbaubares und umweltfreundliches Substrat<\/span><\/li>\n<li style=\"font-weight: 400;\" aria-level=\"1\"><span style=\"font-weight: 400;\">Sehr niedrige EC- und neutrale pH-Werte, die f\u00fcr das ideale Wachstum verschiedener Pflanzen optimiert sind<\/span><\/li>\n<li style=\"font-weight: 400;\" aria-level=\"1\"><span style=\"font-weight: 400;\">Bemerkenswert niedrige Kalium- und Natriumsalze<\/span><\/li>\n<li style=\"font-weight: 400;\" aria-level=\"1\"><span style=\"font-weight: 400;\">Vernachl\u00e4ssigbare R\u00fcckst\u00e4nde von Schwermetallen und Pestiziden<\/span><\/li>\n<li style=\"font-weight: 400;\" aria-level=\"1\"><span style=\"font-weight: 400;\">Eine hohe luftgef\u00fcllte Porosit\u00e4t (AFP) sorgt f\u00fcr eine gute mittlere Struktur (nicht zu locker oder zu verdichtet), einen guten Sauerstoffaustausch und eine gute N\u00e4hrstoffaufnahme f\u00fcr das gesamte Pflanzenwachstum<\/span><\/li>\n<li style=\"font-weight: 400;\" aria-level=\"1\"><span style=\"font-weight: 400;\">Hohe Wasserhaltekapazit\u00e4t (WHC) sowie gute Drainage, hilft, Feuchtigkeit zu speichern und Staun\u00e4sse f\u00fcr Pflanzen zu vermeiden.<\/span><\/li>\n<li style=\"font-weight: 400;\" aria-level=\"1\"><span style=\"font-weight: 400;\">Eine erw\u00fcnschte Bel\u00fcftung tr\u00e4gt dazu bei, dass die Pflanzenwurzeln mit der n\u00f6tigen Menge Sauerstoff versorgt werden und dadurch gesund wachsen.<\/span><\/li>\n<li style=\"font-weight: 400;\" aria-level=\"1\"><span style=\"font-weight: 400;\">Frei von Verunreinigungen und Verunreinigungen, absolut sauber und sicher in der Anwendung<\/span><\/li>\n<\/ul>\n<h2><b>Vorteile von Kokostorf<\/b><\/h2>\n<ul>\n<li style=\"font-weight: 400;\" aria-level=\"1\"><span style=\"font-weight: 400;\">Vielseitiges Wachstumsmedium, das sowohl im Gartenbau als auch im Nicht-Gartenbau (einer Reihe anderer Bereiche) eingesetzt wird.<\/span><\/li>\n<li style=\"font-weight: 400;\" aria-level=\"1\"><span style=\"font-weight: 400;\">Tragen Sie dazu bei, die Abfallmenge in der Umwelt zu sch\u00fctzen und zu reduzieren und so zu einer nachhaltigen Landwirtschaft beizutragen.<\/span><\/li>\n<li style=\"font-weight: 400;\" aria-level=\"1\"><span style=\"font-weight: 400;\">Mit seinen herausragenden Eigenschaften schafft Kokosfaser g\u00fcnstige Bedingungen und ein ideales Umfeld f\u00fcr das Wachstum von Pflanzen.<\/span><\/li>\n<li style=\"font-weight: 400;\" aria-level=\"1\"><span style=\"font-weight: 400;\">Helfen Sie dabei, die Erntequalit\u00e4t zu verbessern und schmackhaftes und nahrhaftes Obst und Gem\u00fcse zu produzieren<\/span><\/li>\n<li style=\"font-weight: 400;\" aria-level=\"1\"><span style=\"font-weight: 400;\">Tr\u00e4gt zur Verbesserung der Pflanzenproduktivit\u00e4t bei und sorgt f\u00fcr hohe Ertr\u00e4ge<\/span><\/li>\n<li style=\"font-weight: 400;\" aria-level=\"1\"><span style=\"font-weight: 400;\">Als idealer Kompostbestandteil reichert es den landwirtschaftlichen Boden mit N\u00e4hrstoffen an<\/span><\/li>\n<li style=\"font-weight: 400;\" aria-level=\"1\"><span style=\"font-weight: 400;\">Reduziert das Risiko von Pflanzenkrankheiten wie bei der Verwendung herk\u00f6mmlicher Erde<\/span><\/li>\n<li style=\"font-weight: 400;\" aria-level=\"1\"><span style=\"font-weight: 400;\">Helfen Sie den Erzeugern, Kosten f\u00fcr die Pflege und den Einsatz von Arbeitskr\u00e4ften zu sparen<\/span><\/li>\n<\/ul>\n","protected":false},"excerpt":{"rendered":"<p><span style=\"font-weight: 400;\">\u2713 Leicht und einfach zu handhaben<\/span><\/p>\n<p><span style=\"font-weight: 400;\">\u2713 Hervorragende Wasser- und N\u00e4hrstoffspeicherf\u00e4higkeit<\/span><\/p>\n<p><span style=\"font-weight: 400;\">\u2713 Vielseitig einsetzbar f\u00fcr den Anbau verschiedenster Pflanzen<\/span><\/p>\n<p><span style=\"font-weight: 400;\">\u2713 Ideal als Einstreu f\u00fcr verschiedene Tiere<\/span><\/p>\n","protected":false},"featured_media":32468,"comment_status":"open","ping_status":"closed","template":"","meta":[],"product_cat":[572],"product_tag":[],"yoast_head":"<!-- This site is optimized with the Yoast SEO plugin v22.6 - https:\/\/yoast.com\/wordpress\/plugins\/seo\/ -->\n<title>Kokostorf - Coco Coir Global<\/title>\n<meta name=\"description\" content=\"\u2713 Leicht und einfach zu handhaben  \u2713 Hervorragende Wasser- und N\u00e4hrstoffspeicherf\u00e4higkeit  \u2713 Vielseitig einsetzbar f\u00fcr den Anbau verschiedenster Pflanzen  \u2713 Ideal als Einstreu f\u00fcr verschiedene Tiere\" \/>\n<meta name=\"robots\" content=\"index, follow, max-snippet:-1, max-image-preview:large, max-video-preview:-1\" \/>\n<link rel=\"canonical\" href=\"https:\/\/cococoirglobal.com\/de\/product\/kokostorf\/\" \/>\n<meta property=\"og:locale\" content=\"de_DE\" \/>\n<meta property=\"og:type\" content=\"article\" \/>\n<meta property=\"og:title\" content=\"Kokostorf - Coco Coir Global\" \/>\n<meta property=\"og:description\" content=\"\u2713 Leicht und einfach zu handhaben  \u2713 Hervorragende Wasser- und N\u00e4hrstoffspeicherf\u00e4higkeit  \u2713 Vielseitig einsetzbar f\u00fcr den Anbau verschiedenster Pflanzen  \u2713 Ideal als Einstreu f\u00fcr verschiedene Tiere\" \/>\n<meta property=\"og:url\" content=\"https:\/\/cococoirglobal.com\/de\/product\/kokostorf\/\" \/>\n<meta property=\"og:site_name\" content=\"Coco Coir Global Vietnam\" \/>\n<meta property=\"article:publisher\" content=\"https:\/\/www.facebook.com\/cococoirglobal\/\" \/>\n<meta property=\"article:modified_time\" content=\"2023-12-04T03:55:40+00:00\" \/>\n<meta property=\"og:image\" content=\"https:\/\/cococoirglobal.com\/wp-content\/uploads\/2023\/08\/95-5.png\" \/>\n\t<meta property=\"og:image:width\" content=\"1080\" \/>\n\t<meta property=\"og:image:height\" content=\"800\" \/>\n\t<meta property=\"og:image:type\" content=\"image\/png\" \/>\n<meta name=\"twitter:card\" content=\"summary_large_image\" \/>\n<meta name=\"twitter:label1\" content=\"Gesch\u00e4tzte Lesezeit\" \/>\n\t<meta name=\"twitter:data1\" content=\"3 Minuten\" \/>\n<script type=\"application\/ld+json\" class=\"yoast-schema-graph\">{\"@context\":\"https:\/\/schema.org\",\"@graph\":[{\"@type\":\"WebPage\",\"@id\":\"https:\/\/cococoirglobal.com\/de\/product\/kokostorf\/\",\"url\":\"https:\/\/cococoirglobal.com\/de\/product\/kokostorf\/\",\"name\":\"Kokostorf - Coco Coir Global\",\"isPartOf\":{\"@id\":\"https:\/\/cococoirglobal.com\/de\/#website\"},\"primaryImageOfPage\":{\"@id\":\"https:\/\/cococoirglobal.com\/de\/product\/kokostorf\/#primaryimage\"},\"image\":{\"@id\":\"https:\/\/cococoirglobal.com\/de\/product\/kokostorf\/#primaryimage\"},\"thumbnailUrl\":\"https:\/\/cococoirglobal.com\/wp-content\/uploads\/2023\/08\/95-5.png\",\"datePublished\":\"2023-12-04T03:55:38+00:00\",\"dateModified\":\"2023-12-04T03:55:40+00:00\",\"description\":\"\u2713 Leicht und einfach zu handhaben \u2713 Hervorragende Wasser- und N\u00e4hrstoffspeicherf\u00e4higkeit \u2713 Vielseitig einsetzbar f\u00fcr den Anbau verschiedenster Pflanzen \u2713 Ideal als Einstreu f\u00fcr verschiedene Tiere\",\"breadcrumb\":{\"@id\":\"https:\/\/cococoirglobal.com\/de\/product\/kokostorf\/#breadcrumb\"},\"inLanguage\":\"de-DE\",\"potentialAction\":[{\"@type\":\"ReadAction\",\"target\":[\"https:\/\/cococoirglobal.com\/de\/product\/kokostorf\/\"]}]},{\"@type\":\"ImageObject\",\"inLanguage\":\"de-DE\",\"@id\":\"https:\/\/cococoirglobal.com\/de\/product\/kokostorf\/#primaryimage\",\"url\":\"https:\/\/cococoirglobal.com\/wp-content\/uploads\/2023\/08\/95-5.png\",\"contentUrl\":\"https:\/\/cococoirglobal.com\/wp-content\/uploads\/2023\/08\/95-5.png\",\"width\":1080,\"height\":800},{\"@type\":\"BreadcrumbList\",\"@id\":\"https:\/\/cococoirglobal.com\/de\/product\/kokostorf\/#breadcrumb\",\"itemListElement\":[{\"@type\":\"ListItem\",\"position\":1,\"name\":\"Home\",\"item\":\"https:\/\/cococoirglobal.com\/de\/\"},{\"@type\":\"ListItem\",\"position\":2,\"name\":\"Produkte\",\"item\":\"https:\/\/cococoirglobal.com\/de\/shop\/\"},{\"@type\":\"ListItem\",\"position\":3,\"name\":\"Kokos Kokos Produkte\",\"item\":\"https:\/\/cococoirglobal.com\/de\/product-category\/kokos-kokos-produkte\/\"},{\"@type\":\"ListItem\",\"position\":4,\"name\":\"Kokostorf\"}]},{\"@type\":\"WebSite\",\"@id\":\"https:\/\/cococoirglobal.com\/de\/#website\",\"url\":\"https:\/\/cococoirglobal.com\/de\/\",\"name\":\"Coco Coir Global\",\"description\":\"The leading manufacturer and supplier of Coco Coir Products!\",\"publisher\":{\"@id\":\"https:\/\/cococoirglobal.com\/de\/#organization\"},\"potentialAction\":[{\"@type\":\"SearchAction\",\"target\":{\"@type\":\"EntryPoint\",\"urlTemplate\":\"https:\/\/cococoirglobal.com\/de\/?s={search_term_string}\"},\"query-input\":\"required name=search_term_string\"}],\"inLanguage\":\"de-DE\"},{\"@type\":\"Organization\",\"@id\":\"https:\/\/cococoirglobal.com\/de\/#organization\",\"name\":\"COCO COIR GLOBAL COMPANY LIMITED\",\"url\":\"https:\/\/cococoirglobal.com\/de\/\",\"logo\":{\"@type\":\"ImageObject\",\"inLanguage\":\"de-DE\",\"@id\":\"https:\/\/cococoirglobal.com\/de\/#\/schema\/logo\/image\/\",\"url\":\"https:\/\/cococoirglobal.com\/wp-content\/uploads\/2023\/05\/Logo-coco-coir.png\",\"contentUrl\":\"https:\/\/cococoirglobal.com\/wp-content\/uploads\/2023\/05\/Logo-coco-coir.png\",\"width\":512,\"height\":512,\"caption\":\"COCO COIR GLOBAL COMPANY LIMITED\"},\"image\":{\"@id\":\"https:\/\/cococoirglobal.com\/de\/#\/schema\/logo\/image\/\"},\"sameAs\":[\"https:\/\/www.facebook.com\/cococoirglobal\/\",\"https:\/\/www.instagram.com\/cococoirglobal\/\",\"https:\/\/www.linkedin.com\/company\/coco-coir-global-company-limited\",\"https:\/\/www.youtube.com\/channel\/UC4Xk-Is93xHrllYZADkM7yQ\"]}]}<\/script>\n<!-- \/ Yoast SEO plugin. -->","yoast_head_json":{"title":"Kokostorf - Coco Coir Global","description":"\u2713 Leicht und einfach zu handhaben  \u2713 Hervorragende Wasser- und N\u00e4hrstoffspeicherf\u00e4higkeit  \u2713 Vielseitig einsetzbar f\u00fcr den Anbau verschiedenster Pflanzen  \u2713 Ideal als Einstreu f\u00fcr verschiedene Tiere","robots":{"index":"index","follow":"follow","max-snippet":"max-snippet:-1","max-image-preview":"max-image-preview:large","max-video-preview":"max-video-preview:-1"},"canonical":"https:\/\/cococoirglobal.com\/de\/product\/kokostorf\/","og_locale":"de_DE","og_type":"article","og_title":"Kokostorf - Coco Coir Global","og_description":"\u2713 Leicht und einfach zu handhaben  \u2713 Hervorragende Wasser- und N\u00e4hrstoffspeicherf\u00e4higkeit  \u2713 Vielseitig einsetzbar f\u00fcr den Anbau verschiedenster Pflanzen  \u2713 Ideal als Einstreu f\u00fcr verschiedene Tiere","og_url":"https:\/\/cococoirglobal.com\/de\/product\/kokostorf\/","og_site_name":"Coco Coir Global Vietnam","article_publisher":"https:\/\/www.facebook.com\/cococoirglobal\/","article_modified_time":"2023-12-04T03:55:40+00:00","og_image":[{"width":1080,"height":800,"url":"https:\/\/cococoirglobal.com\/wp-content\/uploads\/2023\/08\/95-5.png","type":"image\/png"}],"twitter_card":"summary_large_image","twitter_misc":{"Gesch\u00e4tzte Lesezeit":"3 Minuten"},"schema":{"@context":"https:\/\/schema.org","@graph":[{"@type":"WebPage","@id":"https:\/\/cococoirglobal.com\/de\/product\/kokostorf\/","url":"https:\/\/cococoirglobal.com\/de\/product\/kokostorf\/","name":"Kokostorf - Coco Coir Global","isPartOf":{"@id":"https:\/\/cococoirglobal.com\/de\/#website"},"primaryImageOfPage":{"@id":"https:\/\/cococoirglobal.com\/de\/product\/kokostorf\/#primaryimage"},"image":{"@id":"https:\/\/cococoirglobal.com\/de\/product\/kokostorf\/#primaryimage"},"thumbnailUrl":"https:\/\/cococoirglobal.com\/wp-content\/uploads\/2023\/08\/95-5.png","datePublished":"2023-12-04T03:55:38+00:00","dateModified":"2023-12-04T03:55:40+00:00","description":"\u2713 Leicht und einfach zu handhaben \u2713 Hervorragende Wasser- und N\u00e4hrstoffspeicherf\u00e4higkeit \u2713 Vielseitig einsetzbar f\u00fcr den Anbau verschiedenster Pflanzen \u2713 Ideal als Einstreu f\u00fcr verschiedene Tiere","breadcrumb":{"@id":"https:\/\/cococoirglobal.com\/de\/product\/kokostorf\/#breadcrumb"},"inLanguage":"de-DE","potentialAction":[{"@type":"ReadAction","target":["https:\/\/cococoirglobal.com\/de\/product\/kokostorf\/"]}]},{"@type":"ImageObject","inLanguage":"de-DE","@id":"https:\/\/cococoirglobal.com\/de\/product\/kokostorf\/#primaryimage","url":"https:\/\/cococoirglobal.com\/wp-content\/uploads\/2023\/08\/95-5.png","contentUrl":"https:\/\/cococoirglobal.com\/wp-content\/uploads\/2023\/08\/95-5.png","width":1080,"height":800},{"@type":"BreadcrumbList","@id":"https:\/\/cococoirglobal.com\/de\/product\/kokostorf\/#breadcrumb","itemListElement":[{"@type":"ListItem","position":1,"name":"Home","item":"https:\/\/cococoirglobal.com\/de\/"},{"@type":"ListItem","position":2,"name":"Produkte","item":"https:\/\/cococoirglobal.com\/de\/shop\/"},{"@type":"ListItem","position":3,"name":"Kokos Kokos Produkte","item":"https:\/\/cococoirglobal.com\/de\/product-category\/kokos-kokos-produkte\/"},{"@type":"ListItem","position":4,"name":"Kokostorf"}]},{"@type":"WebSite","@id":"https:\/\/cococoirglobal.com\/de\/#website","url":"https:\/\/cococoirglobal.com\/de\/","name":"Coco Coir Global","description":"The leading manufacturer and supplier of Coco Coir Products!","publisher":{"@id":"https:\/\/cococoirglobal.com\/de\/#organization"},"potentialAction":[{"@type":"SearchAction","target":{"@type":"EntryPoint","urlTemplate":"https:\/\/cococoirglobal.com\/de\/?s={search_term_string}"},"query-input":"required name=search_term_string"}],"inLanguage":"de-DE"},{"@type":"Organization","@id":"https:\/\/cococoirglobal.com\/de\/#organization","name":"COCO COIR GLOBAL COMPANY LIMITED","url":"https:\/\/cococoirglobal.com\/de\/","logo":{"@type":"ImageObject","inLanguage":"de-DE","@id":"https:\/\/cococoirglobal.com\/de\/#\/schema\/logo\/image\/","url":"https:\/\/cococoirglobal.com\/wp-content\/uploads\/2023\/05\/Logo-coco-coir.png","contentUrl":"https:\/\/cococoirglobal.com\/wp-content\/uploads\/2023\/05\/Logo-coco-coir.png","width":512,"height":512,"caption":"COCO COIR GLOBAL COMPANY LIMITED"},"image":{"@id":"https:\/\/cococoirglobal.com\/de\/#\/schema\/logo\/image\/"},"sameAs":["https:\/\/www.facebook.com\/cococoirglobal\/","https:\/\/www.instagram.com\/cococoirglobal\/","https:\/\/www.linkedin.com\/company\/coco-coir-global-company-limited","https:\/\/www.youtube.com\/channel\/UC4Xk-Is93xHrllYZADkM7yQ"]}]}},"_links":{"self":[{"href":"https:\/\/cococoirglobal.com\/de\/wp-json\/wp\/v2\/product\/33413"}],"collection":[{"href":"https:\/\/cococoirglobal.com\/de\/wp-json\/wp\/v2\/product"}],"about":[{"href":"https:\/\/cococoirglobal.com\/de\/wp-json\/wp\/v2\/types\/product"}],"replies":[{"embeddable":true,"href":"https:\/\/cococoirglobal.com\/de\/wp-json\/wp\/v2\/comments?post=33413"}],"wp:featuredmedia":[{"embeddable":true,"href":"https:\/\/cococoirglobal.com\/de\/wp-json\/wp\/v2\/media\/32468"}],"wp:attachment":[{"href":"https:\/\/cococoirglobal.com\/de\/wp-json\/wp\/v2\/media?parent=33413"}],"wp:term":[{"taxonomy":"product_cat","embeddable":true,"href":"https:\/\/cococoirglobal.com\/de\/wp-json\/wp\/v2\/product_cat?post=33413"},{"taxonomy":"product_tag","embeddable":true,"href":"https:\/\/cococoirglobal.com\/de\/wp-json\/wp\/v2\/product_tag?post=33413"}],"curies":[{"name":"wp","href":"https:\/\/api.w.org\/{rel}","templated":true}]}}