{"id":33395,"date":"2023-08-24T09:52:25","date_gmt":"2023-12-01T03:33:02","guid":{"rendered":"https:\/\/cococoirglobal.com\/?post_type=product&#038;p=33395"},"modified":"2023-12-01T10:33:03","modified_gmt":"2023-12-01T03:33:03","slug":"kokos-kokos-perlit-mischung","status":"publish","type":"product","link":"https:\/\/cococoirglobal.com\/de\/product\/kokos-kokos-perlit-mischung\/","title":{"rendered":"Kokos Kokos Perlit Mischung"},"content":{"rendered":"<blockquote><p><span style=\"font-weight: 400;\">Bei<\/span><b>Coco Coir Global<\/b><span style=\"font-weight: 400;\">Wir sind sehr stolz darauf, ein umfangreiches Sortiment an erstklassigen Produkten zu pr\u00e4sentieren, die sorgf\u00e4ltig entwickelt wurden, um ein vielf\u00e4ltiges Kundenspektrum zu bedienen, wobei wir uns haupts\u00e4chlich auf Folgendes konzentrieren:<\/span><b>B2B-Unternehmen<\/b><span style=\"font-weight: 400;\">, jedes mit seinen individuellen Anforderungen.<\/span><\/p><\/blockquote>\n<p><span style=\"font-weight: 400;\">Unsere hochwertigen Kokossubstrate sind<\/span><b>von Laboren hoch gelobt<\/b><span style=\"font-weight: 400;\"> sowohl in Vietnam als auch in den USA und sind sogar<\/span><b>OMRI-gelistet f\u00fcr den \u00f6kologischen Gebrauch<\/b><span style=\"font-weight: 400;\">. Mit einem<\/span><b>riesige Fabrik und weltweiter Versand<\/b><span style=\"font-weight: 400;\">Wir sorgen f\u00fcr eine unterbrechungsfreie Versorgung bei gleichbleibender Produktqualit\u00e4t. Dar\u00fcber hinaus haben wir die M\u00f6glichkeit dazu<\/span><b>Produkte anpassen<\/b><span style=\"font-weight: 400;\"> um individuelle Spezifikationen zu erf\u00fcllen, die auf eine Vielzahl beabsichtigter Kundenanwendungen zugeschnitten sind.<\/span><\/p>\n<p><span style=\"font-weight: 400;\">Dar\u00fcber hinaus verf\u00fcgen wir \u00fcber eine bew\u00e4hrte<\/span><b>Erfolgsbilanz im Export<\/b><span style=\"font-weight: 400;\"> unsere Produkte zu einem<\/span><b>Anzahl der L\u00e4nder<\/b><span style=\"font-weight: 400;\">auf der ganzen Welt und die Erfahrungsberichte unserer Partner machen uns zu einem potenziellen und zuverl\u00e4ssigen Lieferanten. Wir sind bestrebt, unseren Kunden das zu bieten<\/span><b>feinste Kokosfaserprodukte<\/b><span style=\"font-weight: 400;\">, die zu ihrem Erfolg im Anbau beitragen.<\/span><\/p>\n<p><span style=\"font-weight: 400;\">Coco Peat\/Perlite Mix ist eine einzigartige Mischung zur Verbesserung der Bodenqualit\u00e4t und des Pflanzenwachstums. Diese Mischung bietet ein ausgewogenes Medium f\u00fcr eine optimale Wurzelentwicklung und sorgt f\u00fcr Feuchtigkeit und Bel\u00fcftung der Pflanzen. Aufgrund seines geringen Gewichts ist die Handhabung und das Eintopfen problemlos. Coco Peat\/Perlite Mix eignet sich auch ideal f\u00fcr eine Vielzahl von Pflanzen, sowohl f\u00fcr Innen- als auch f\u00fcr Au\u00dfenpflanzen, und bietet Komfort und verbesserten Erfolg bei der Gartenarbeit.<\/span><\/p>\n<p><a href=\"https:\/\/cococoirglobal.com\/6-6\/\"><img decoding=\"async\" loading=\"lazy\" class=\"size-full wp-image-33138 aligncenter\" src=\"https:\/\/cococoirglobal.com\/wp-content\/uploads\/2023\/11\/6.png\" alt=\"\" width=\"1080\" height=\"1080\" srcset=\"https:\/\/cococoirglobal.com\/wp-content\/uploads\/2023\/11\/6.png 1080w, https:\/\/cococoirglobal.com\/wp-content\/uploads\/2023\/11\/6-800x800.png 800w, https:\/\/cococoirglobal.com\/wp-content\/uploads\/2023\/11\/6-768x768.png 768w, https:\/\/cococoirglobal.com\/wp-content\/uploads\/2023\/11\/6-510x510.png 510w, https:\/\/cococoirglobal.com\/wp-content\/uploads\/2023\/11\/6-100x100.png 100w\" sizes=\"(max-width: 1080px) 100vw, 1080px\" \/><\/a><\/p>\n<p><b>*Perlitgr\u00f6\u00dfe<\/b><span style=\"font-weight: 400;\">: Anpassbar<\/span><\/p>\n<p><b>*Lagerzustand<\/b><span style=\"font-weight: 400;\">: Trockener und k\u00fchler Ort.<\/span><\/p>\n<h2><b>Eigenschaften der Kokosfaser\/Perlit-Mischung<\/b><\/h2>\n<ul>\n<li style=\"font-weight: 400;\" aria-level=\"1\"><span style=\"font-weight: 400;\">Sehr niedrige EC- und neutrale pH-Werte, die f\u00fcr das ideale Wachstum verschiedener Pflanzen optimiert sind<\/span><\/li>\n<li style=\"font-weight: 400;\" aria-level=\"1\"><span style=\"font-weight: 400;\">Bemerkenswert niedrige Kalium- und Natriumsalze<\/span><\/li>\n<li style=\"font-weight: 400;\" aria-level=\"1\"><span style=\"font-weight: 400;\">Vernachl\u00e4ssigbare R\u00fcckst\u00e4nde von Schwermetallen und Pestiziden<\/span><\/li>\n<li style=\"font-weight: 400;\" aria-level=\"1\"><span style=\"font-weight: 400;\">Eine hohe luftgef\u00fcllte Porosit\u00e4t (AFP) sorgt f\u00fcr eine gute mittlere Struktur (nicht zu locker oder zu verdichtet), einen guten Sauerstoffaustausch und eine gute N\u00e4hrstoffaufnahme f\u00fcr das gesamte Pflanzenwachstum<\/span><\/li>\n<li style=\"font-weight: 400;\" aria-level=\"1\"><span style=\"font-weight: 400;\">Hohe Wasserhaltekapazit\u00e4t (WHC) sowie gute Drainage, hilft, Feuchtigkeit zu speichern und Staun\u00e4sse f\u00fcr Pflanzen zu vermeiden.<\/span><\/li>\n<li style=\"font-weight: 400;\" aria-level=\"1\"><span style=\"font-weight: 400;\">Eine erw\u00fcnschte Bel\u00fcftung tr\u00e4gt dazu bei, dass die Pflanzenwurzeln mit der n\u00f6tigen Menge Sauerstoff versorgt werden und dadurch gesund wachsen.<\/span><\/li>\n<li style=\"font-weight: 400;\" aria-level=\"1\"><span style=\"font-weight: 400;\">Frei von Verunreinigungen und Verunreinigungen, absolut sauber und sicher in der Anwendung<\/span><\/li>\n<\/ul>\n<h2><b>Vorteile der Kokosfaser\/Perlit-Mischung<\/b><\/h2>\n<ul>\n<li style=\"font-weight: 400;\" aria-level=\"1\"><span style=\"font-weight: 400;\">Vielseitiges Wachstumsmedium, ideal f\u00fcr eine Vielzahl von Pflanzenarten<\/span><\/li>\n<li style=\"font-weight: 400;\" aria-level=\"1\"><span style=\"font-weight: 400;\">Verbessert die Entw\u00e4sserung und verhindert Staun\u00e4sse, die Wurzelf\u00e4ule und Pilzkrankheiten verursachen kann<\/span><\/li>\n<li style=\"font-weight: 400;\" aria-level=\"1\"><span style=\"font-weight: 400;\">Erh\u00f6ht die Bel\u00fcftung und Sauerstoffversorgung, was das Wurzelwachstum und die N\u00e4hrstoffaufnahme stimulieren kann<\/span><\/li>\n<li style=\"font-weight: 400;\" aria-level=\"1\"><span style=\"font-weight: 400;\">Sein neutraler oder leicht saurer pH-Wert sorgt f\u00fcr optimale Bedingungen f\u00fcr die N\u00e4hrstoffverf\u00fcgbarkeit und -aufnahme<\/span><\/li>\n<li style=\"font-weight: 400;\" aria-level=\"1\"><span style=\"font-weight: 400;\">Nachhaltig und umweltfreundlich, mehrfach wiederverwendbar<\/span><\/li>\n<li style=\"font-weight: 400;\" aria-level=\"1\"><span style=\"font-weight: 400;\">Reduziert das Risiko von Pflanzenkrankheiten wie bei der Verwendung herk\u00f6mmlicher Erde<\/span><\/li>\n<\/ul>\n","protected":false},"excerpt":{"rendered":"<p><span style=\"font-weight: 400;\">\u2713 Ausgewogene Mischung f\u00fcr optimales Pflanzenwachstum<\/span><\/p>\n<p><span style=\"font-weight: 400;\">\u2713 Ma\u00dfgeschneidert f\u00fcr den Anbau verschiedener Pflanzenarten<\/span><\/p>\n<p><span style=\"font-weight: 400;\">\u2713 Individuelle Mischungen je nach Wunsch<\/span><\/p>\n<p><span style=\"font-weight: 400;\">\u2713 Leicht und einfach zu handhaben<\/span><\/p>\n","protected":false},"featured_media":33139,"comment_status":"open","ping_status":"closed","template":"","meta":[],"product_cat":[572],"product_tag":[],"yoast_head":"<!-- This site is optimized with the Yoast SEO plugin v22.6 - https:\/\/yoast.com\/wordpress\/plugins\/seo\/ -->\n<title>Kokos-Kokos-Perlit-Mischung<\/title>\n<meta name=\"description\" content=\"BeiCoco Coir GlobalWir sind sehr stolz darauf, ein umfangreiches Sortiment an erstklassigen Produkten zu pr\u00e4sentieren, die sorgf\u00e4ltig entwickelt wurden, um ein vielf\u00e4ltiges Kundenspektrum zu bedienen, wobei wir uns haupts\u00e4chlich auf Folgendes konzentrieren:B2B-Unternehmen, jedes mit seinen individuellen Anforderungen.\" \/>\n<meta name=\"robots\" content=\"index, follow, max-snippet:-1, max-image-preview:large, max-video-preview:-1\" \/>\n<link rel=\"canonical\" href=\"https:\/\/cococoirglobal.com\/de\/product\/kokos-kokos-perlit-mischung\/\" \/>\n<meta property=\"og:locale\" content=\"de_DE\" \/>\n<meta property=\"og:type\" content=\"article\" \/>\n<meta property=\"og:title\" content=\"Kokos-Kokos-Perlit-Mischung\" \/>\n<meta property=\"og:description\" content=\"BeiCoco Coir GlobalWir sind sehr stolz darauf, ein umfangreiches Sortiment an erstklassigen Produkten zu pr\u00e4sentieren, die sorgf\u00e4ltig entwickelt wurden, um ein vielf\u00e4ltiges Kundenspektrum zu bedienen, wobei wir uns haupts\u00e4chlich auf Folgendes konzentrieren:B2B-Unternehmen, jedes mit seinen individuellen Anforderungen.\" \/>\n<meta property=\"og:url\" content=\"https:\/\/cococoirglobal.com\/de\/product\/kokos-kokos-perlit-mischung\/\" \/>\n<meta property=\"og:site_name\" content=\"Coco Coir Global Vietnam\" \/>\n<meta property=\"article:publisher\" content=\"https:\/\/www.facebook.com\/cococoirglobal\/\" \/>\n<meta property=\"article:modified_time\" content=\"2023-12-01T03:33:03+00:00\" \/>\n<meta property=\"og:image\" content=\"https:\/\/cococoirglobal.com\/wp-content\/uploads\/2023\/11\/6.png\" \/>\n\t<meta property=\"og:image:width\" content=\"1080\" \/>\n\t<meta property=\"og:image:height\" content=\"1080\" \/>\n\t<meta property=\"og:image:type\" content=\"image\/png\" \/>\n<meta name=\"twitter:card\" content=\"summary_large_image\" \/>\n<meta name=\"twitter:label1\" content=\"Gesch\u00e4tzte Lesezeit\" \/>\n\t<meta name=\"twitter:data1\" content=\"2 Minuten\" \/>\n<script type=\"application\/ld+json\" class=\"yoast-schema-graph\">{\"@context\":\"https:\/\/schema.org\",\"@graph\":[{\"@type\":\"WebPage\",\"@id\":\"https:\/\/cococoirglobal.com\/de\/product\/kokos-kokos-perlit-mischung\/\",\"url\":\"https:\/\/cococoirglobal.com\/de\/product\/kokos-kokos-perlit-mischung\/\",\"name\":\"Kokos-Kokos-Perlit-Mischung\",\"isPartOf\":{\"@id\":\"https:\/\/cococoirglobal.com\/de\/#website\"},\"primaryImageOfPage\":{\"@id\":\"https:\/\/cococoirglobal.com\/de\/product\/kokos-kokos-perlit-mischung\/#primaryimage\"},\"image\":{\"@id\":\"https:\/\/cococoirglobal.com\/de\/product\/kokos-kokos-perlit-mischung\/#primaryimage\"},\"thumbnailUrl\":\"https:\/\/cococoirglobal.com\/wp-content\/uploads\/2023\/11\/6.png\",\"datePublished\":\"2023-12-01T03:33:02+00:00\",\"dateModified\":\"2023-12-01T03:33:03+00:00\",\"description\":\"BeiCoco Coir GlobalWir sind sehr stolz darauf, ein umfangreiches Sortiment an erstklassigen Produkten zu pr\u00e4sentieren, die sorgf\u00e4ltig entwickelt wurden, um ein vielf\u00e4ltiges Kundenspektrum zu bedienen, wobei wir uns haupts\u00e4chlich auf Folgendes konzentrieren:B2B-Unternehmen, jedes mit seinen individuellen Anforderungen.\",\"breadcrumb\":{\"@id\":\"https:\/\/cococoirglobal.com\/de\/product\/kokos-kokos-perlit-mischung\/#breadcrumb\"},\"inLanguage\":\"de-DE\",\"potentialAction\":[{\"@type\":\"ReadAction\",\"target\":[\"https:\/\/cococoirglobal.com\/de\/product\/kokos-kokos-perlit-mischung\/\"]}]},{\"@type\":\"ImageObject\",\"inLanguage\":\"de-DE\",\"@id\":\"https:\/\/cococoirglobal.com\/de\/product\/kokos-kokos-perlit-mischung\/#primaryimage\",\"url\":\"https:\/\/cococoirglobal.com\/wp-content\/uploads\/2023\/11\/6.png\",\"contentUrl\":\"https:\/\/cococoirglobal.com\/wp-content\/uploads\/2023\/11\/6.png\",\"width\":1080,\"height\":1080,\"caption\":\"chips de coco\"},{\"@type\":\"BreadcrumbList\",\"@id\":\"https:\/\/cococoirglobal.com\/de\/product\/kokos-kokos-perlit-mischung\/#breadcrumb\",\"itemListElement\":[{\"@type\":\"ListItem\",\"position\":1,\"name\":\"Home\",\"item\":\"https:\/\/cococoirglobal.com\/de\/\"},{\"@type\":\"ListItem\",\"position\":2,\"name\":\"Produkte\",\"item\":\"https:\/\/cococoirglobal.com\/de\/shop\/\"},{\"@type\":\"ListItem\",\"position\":3,\"name\":\"Kokos Kokos Produkte\",\"item\":\"https:\/\/cococoirglobal.com\/de\/product-category\/kokos-kokos-produkte\/\"},{\"@type\":\"ListItem\",\"position\":4,\"name\":\"Kokos Kokos Perlit Mischung\"}]},{\"@type\":\"WebSite\",\"@id\":\"https:\/\/cococoirglobal.com\/de\/#website\",\"url\":\"https:\/\/cococoirglobal.com\/de\/\",\"name\":\"Coco Coir Global\",\"description\":\"The leading manufacturer and supplier of Coco Coir Products!\",\"publisher\":{\"@id\":\"https:\/\/cococoirglobal.com\/de\/#organization\"},\"potentialAction\":[{\"@type\":\"SearchAction\",\"target\":{\"@type\":\"EntryPoint\",\"urlTemplate\":\"https:\/\/cococoirglobal.com\/de\/?s={search_term_string}\"},\"query-input\":\"required name=search_term_string\"}],\"inLanguage\":\"de-DE\"},{\"@type\":\"Organization\",\"@id\":\"https:\/\/cococoirglobal.com\/de\/#organization\",\"name\":\"COCO COIR GLOBAL COMPANY LIMITED\",\"url\":\"https:\/\/cococoirglobal.com\/de\/\",\"logo\":{\"@type\":\"ImageObject\",\"inLanguage\":\"de-DE\",\"@id\":\"https:\/\/cococoirglobal.com\/de\/#\/schema\/logo\/image\/\",\"url\":\"https:\/\/cococoirglobal.com\/wp-content\/uploads\/2023\/05\/Logo-coco-coir.png\",\"contentUrl\":\"https:\/\/cococoirglobal.com\/wp-content\/uploads\/2023\/05\/Logo-coco-coir.png\",\"width\":512,\"height\":512,\"caption\":\"COCO COIR GLOBAL COMPANY LIMITED\"},\"image\":{\"@id\":\"https:\/\/cococoirglobal.com\/de\/#\/schema\/logo\/image\/\"},\"sameAs\":[\"https:\/\/www.facebook.com\/cococoirglobal\/\",\"https:\/\/www.instagram.com\/cococoirglobal\/\",\"https:\/\/www.linkedin.com\/company\/coco-coir-global-company-limited\",\"https:\/\/www.youtube.com\/channel\/UC4Xk-Is93xHrllYZADkM7yQ\"]}]}<\/script>\n<!-- \/ Yoast SEO plugin. -->","yoast_head_json":{"title":"Kokos-Kokos-Perlit-Mischung","description":"BeiCoco Coir GlobalWir sind sehr stolz darauf, ein umfangreiches Sortiment an erstklassigen Produkten zu pr\u00e4sentieren, die sorgf\u00e4ltig entwickelt wurden, um ein vielf\u00e4ltiges Kundenspektrum zu bedienen, wobei wir uns haupts\u00e4chlich auf Folgendes konzentrieren:B2B-Unternehmen, jedes mit seinen individuellen Anforderungen.","robots":{"index":"index","follow":"follow","max-snippet":"max-snippet:-1","max-image-preview":"max-image-preview:large","max-video-preview":"max-video-preview:-1"},"canonical":"https:\/\/cococoirglobal.com\/de\/product\/kokos-kokos-perlit-mischung\/","og_locale":"de_DE","og_type":"article","og_title":"Kokos-Kokos-Perlit-Mischung","og_description":"BeiCoco Coir GlobalWir sind sehr stolz darauf, ein umfangreiches Sortiment an erstklassigen Produkten zu pr\u00e4sentieren, die sorgf\u00e4ltig entwickelt wurden, um ein vielf\u00e4ltiges Kundenspektrum zu bedienen, wobei wir uns haupts\u00e4chlich auf Folgendes konzentrieren:B2B-Unternehmen, jedes mit seinen individuellen Anforderungen.","og_url":"https:\/\/cococoirglobal.com\/de\/product\/kokos-kokos-perlit-mischung\/","og_site_name":"Coco Coir Global Vietnam","article_publisher":"https:\/\/www.facebook.com\/cococoirglobal\/","article_modified_time":"2023-12-01T03:33:03+00:00","og_image":[{"width":1080,"height":1080,"url":"https:\/\/cococoirglobal.com\/wp-content\/uploads\/2023\/11\/6.png","type":"image\/png"}],"twitter_card":"summary_large_image","twitter_misc":{"Gesch\u00e4tzte Lesezeit":"2 Minuten"},"schema":{"@context":"https:\/\/schema.org","@graph":[{"@type":"WebPage","@id":"https:\/\/cococoirglobal.com\/de\/product\/kokos-kokos-perlit-mischung\/","url":"https:\/\/cococoirglobal.com\/de\/product\/kokos-kokos-perlit-mischung\/","name":"Kokos-Kokos-Perlit-Mischung","isPartOf":{"@id":"https:\/\/cococoirglobal.com\/de\/#website"},"primaryImageOfPage":{"@id":"https:\/\/cococoirglobal.com\/de\/product\/kokos-kokos-perlit-mischung\/#primaryimage"},"image":{"@id":"https:\/\/cococoirglobal.com\/de\/product\/kokos-kokos-perlit-mischung\/#primaryimage"},"thumbnailUrl":"https:\/\/cococoirglobal.com\/wp-content\/uploads\/2023\/11\/6.png","datePublished":"2023-12-01T03:33:02+00:00","dateModified":"2023-12-01T03:33:03+00:00","description":"BeiCoco Coir GlobalWir sind sehr stolz darauf, ein umfangreiches Sortiment an erstklassigen Produkten zu pr\u00e4sentieren, die sorgf\u00e4ltig entwickelt wurden, um ein vielf\u00e4ltiges Kundenspektrum zu bedienen, wobei wir uns haupts\u00e4chlich auf Folgendes konzentrieren:B2B-Unternehmen, jedes mit seinen individuellen Anforderungen.","breadcrumb":{"@id":"https:\/\/cococoirglobal.com\/de\/product\/kokos-kokos-perlit-mischung\/#breadcrumb"},"inLanguage":"de-DE","potentialAction":[{"@type":"ReadAction","target":["https:\/\/cococoirglobal.com\/de\/product\/kokos-kokos-perlit-mischung\/"]}]},{"@type":"ImageObject","inLanguage":"de-DE","@id":"https:\/\/cococoirglobal.com\/de\/product\/kokos-kokos-perlit-mischung\/#primaryimage","url":"https:\/\/cococoirglobal.com\/wp-content\/uploads\/2023\/11\/6.png","contentUrl":"https:\/\/cococoirglobal.com\/wp-content\/uploads\/2023\/11\/6.png","width":1080,"height":1080,"caption":"chips de coco"},{"@type":"BreadcrumbList","@id":"https:\/\/cococoirglobal.com\/de\/product\/kokos-kokos-perlit-mischung\/#breadcrumb","itemListElement":[{"@type":"ListItem","position":1,"name":"Home","item":"https:\/\/cococoirglobal.com\/de\/"},{"@type":"ListItem","position":2,"name":"Produkte","item":"https:\/\/cococoirglobal.com\/de\/shop\/"},{"@type":"ListItem","position":3,"name":"Kokos Kokos Produkte","item":"https:\/\/cococoirglobal.com\/de\/product-category\/kokos-kokos-produkte\/"},{"@type":"ListItem","position":4,"name":"Kokos Kokos Perlit Mischung"}]},{"@type":"WebSite","@id":"https:\/\/cococoirglobal.com\/de\/#website","url":"https:\/\/cococoirglobal.com\/de\/","name":"Coco Coir Global","description":"The leading manufacturer and supplier of Coco Coir Products!","publisher":{"@id":"https:\/\/cococoirglobal.com\/de\/#organization"},"potentialAction":[{"@type":"SearchAction","target":{"@type":"EntryPoint","urlTemplate":"https:\/\/cococoirglobal.com\/de\/?s={search_term_string}"},"query-input":"required name=search_term_string"}],"inLanguage":"de-DE"},{"@type":"Organization","@id":"https:\/\/cococoirglobal.com\/de\/#organization","name":"COCO COIR GLOBAL COMPANY LIMITED","url":"https:\/\/cococoirglobal.com\/de\/","logo":{"@type":"ImageObject","inLanguage":"de-DE","@id":"https:\/\/cococoirglobal.com\/de\/#\/schema\/logo\/image\/","url":"https:\/\/cococoirglobal.com\/wp-content\/uploads\/2023\/05\/Logo-coco-coir.png","contentUrl":"https:\/\/cococoirglobal.com\/wp-content\/uploads\/2023\/05\/Logo-coco-coir.png","width":512,"height":512,"caption":"COCO COIR GLOBAL COMPANY LIMITED"},"image":{"@id":"https:\/\/cococoirglobal.com\/de\/#\/schema\/logo\/image\/"},"sameAs":["https:\/\/www.facebook.com\/cococoirglobal\/","https:\/\/www.instagram.com\/cococoirglobal\/","https:\/\/www.linkedin.com\/company\/coco-coir-global-company-limited","https:\/\/www.youtube.com\/channel\/UC4Xk-Is93xHrllYZADkM7yQ"]}]}},"_links":{"self":[{"href":"https:\/\/cococoirglobal.com\/de\/wp-json\/wp\/v2\/product\/33395"}],"collection":[{"href":"https:\/\/cococoirglobal.com\/de\/wp-json\/wp\/v2\/product"}],"about":[{"href":"https:\/\/cococoirglobal.com\/de\/wp-json\/wp\/v2\/types\/product"}],"replies":[{"embeddable":true,"href":"https:\/\/cococoirglobal.com\/de\/wp-json\/wp\/v2\/comments?post=33395"}],"wp:featuredmedia":[{"embeddable":true,"href":"https:\/\/cococoirglobal.com\/de\/wp-json\/wp\/v2\/media\/33139"}],"wp:attachment":[{"href":"https:\/\/cococoirglobal.com\/de\/wp-json\/wp\/v2\/media?parent=33395"}],"wp:term":[{"taxonomy":"product_cat","embeddable":true,"href":"https:\/\/cococoirglobal.com\/de\/wp-json\/wp\/v2\/product_cat?post=33395"},{"taxonomy":"product_tag","embeddable":true,"href":"https:\/\/cococoirglobal.com\/de\/wp-json\/wp\/v2\/product_tag?post=33395"}],"curies":[{"name":"wp","href":"https:\/\/api.w.org\/{rel}","templated":true}]}}