{"id":32007,"date":"2021-08-02T17:10:52","date_gmt":"2023-10-25T04:20:50","guid":{"rendered":"https:\/\/cococoirglobal.com\/?post_type=product&#038;p=32007"},"modified":"2023-11-14T11:37:21","modified_gmt":"2023-11-14T04:37:21","slug":"bulk-coco-coir-bag-1800l-2000l-lose","status":"publish","type":"product","link":"https:\/\/cococoirglobal.com\/de\/product\/bulk-coco-coir-bag-1800l-2000l-lose\/","title":{"rendered":"Bulk Coco Coir Bag 1800L\/2000L (lose)"},"content":{"rendered":"<blockquote><p>Bei <strong>Coco Coir Global<\/strong> sind wir stolz darauf, erstklassige Produkte anzubieten, die ein breites Kundenspektrum (haupts\u00e4chlich B2B-Unternehmen) bedienen, darunter Kokostorf-Gro\u00dfh\u00e4ndler mit unterschiedlichen Bed\u00fcrfnissen. Unsere hochwertigen Kokossubstrate werden von Laboren in Vietnam und den USA hoch gelobt und sind sogar OMRI-gelistet f\u00fcr die Verwendung in biologischem Anbau. Unsere Kokossubstrate sind vielseitig und effektiv und eignen sich perfekt f\u00fcr den Anbau von Tomaten und Gurken bis hin zu Cannabis und Zierpflanzen. Dar\u00fcber hinaus passen wir die Produkte gerne an individuelle Kundenw\u00fcnsche an und bieten weltweiten Versand mit flexiblen Lieferoptionen an. W\u00e4hlen Sie Coco Coir Global f\u00fcr hochwertige Kokossubstrate, die Ihren Gartenbau auf die n\u00e4chste Stufe heben.<\/p><\/blockquote>\n<p>Das gleiche fertige lose (unkomprimierte) Kokosfaserprodukt mit 50-Liter-Beutel (OMRI-gelistet zertifiziert), nur unterschiedlich in der Verpackung. Das Volumen betr\u00e4gt bis zu 2000 Liter oder ist anpassbar. Die Rohstoffe sind zu 100 % nat\u00fcrlich und stammen aus Kokosnussschalen. Gebrauchsfertiges Formular. Besonders geeignet f\u00fcr den gro\u00dffl\u00e4chigen Anbau.<\/p>\n<h2><strong>Merkmale des Bulk Coco Coir Bag 1800L\/2000L<\/strong><\/h2>\n<ul style=\"text-align: justify;\">\n<li aria-level=\"1\">Organisches, biologisch abbaubares und umweltfreundliches Substrat<\/li>\n<li aria-level=\"1\">Sehr niedriger EC-Wert, besonders geeignet f\u00fcr \u201eempfindliche\u201c Kulturen<\/li>\n<li aria-level=\"1\">Ausgewogener und stabilisierter pH-Wert mit extrem niedrigem Kalium- und Natriumgehalt, geeignet f\u00fcr viele verschiedene Kulturen<\/li>\n<li aria-level=\"1\">Extrem niedrige Schwermetall- und Pestizidr\u00fcckst\u00e4nde<\/li>\n<li aria-level=\"1\">Eine hohe luftgef\u00fcllte Porosit\u00e4t (AFP) sorgt f\u00fcr eine gute mittlere Struktur (nicht zu locker oder zu dicht), guten Sauerstoffaustausch, gute Entw\u00e4sserung, gute Wasserspeicherung und N\u00e4hrstoffaufnahme f\u00fcr ein besseres Pflanzenwachstum<\/li>\n<li aria-level=\"1\">Eine gute Entw\u00e4sserung sowie ein hohes Wasserhalteverm\u00f6gen (WHC) tragen dazu bei, Feuchtigkeit zu speichern und Staun\u00e4sse f\u00fcr Pflanzen zu vermeiden.<\/li>\n<li aria-level=\"1\">Eine erw\u00fcnschte Bel\u00fcftung tr\u00e4gt dazu bei, dass die Pflanzenwurzeln mit der n\u00f6tigen Menge Sauerstoff versorgt werden und dadurch gesund wachsen.<\/li>\n<li aria-level=\"1\">Eine hohe Kationenaustauschkapazit\u00e4t (CEC) hilft Pflanzen, notwendige N\u00e4hrstoffe aufzunehmen<\/li>\n<li aria-level=\"1\">Enth\u00e4lt keine sch\u00e4dlichen Chemikalien oder Sch\u00e4dlinge und ist sicher in der Anwendung<\/li>\n<\/ul>\n<p><a href=\"https:\/\/cococoirglobal.com\/de\/?attachment_id=32384#main\" rel=\"attachment wp-att-32384\"><img decoding=\"async\" loading=\"lazy\" class=\"size-full wp-image-32384 aligncenter\" src=\"https:\/\/cococoirglobal.com\/wp-content\/uploads\/2023\/08\/Bulk-coco-coir-bag-1800L.png\" alt=\"\" width=\"1080\" height=\"800\" srcset=\"https:\/\/cococoirglobal.com\/wp-content\/uploads\/2023\/08\/Bulk-coco-coir-bag-1800L.png 1080w, https:\/\/cococoirglobal.com\/wp-content\/uploads\/2023\/08\/Bulk-coco-coir-bag-1800L-800x593.png 800w, https:\/\/cococoirglobal.com\/wp-content\/uploads\/2023\/08\/Bulk-coco-coir-bag-1800L-768x569.png 768w, https:\/\/cococoirglobal.com\/wp-content\/uploads\/2023\/08\/Bulk-coco-coir-bag-1800L-510x378.png 510w\" sizes=\"(max-width: 1080px) 100vw, 1080px\" \/><\/a><\/p>\n<h2><strong>Vorteile des Bulk Coco Coir Bag 1800L\/2000L<\/strong><\/h2>\n<ul>\n<li>Tr\u00e4gt dazu bei, die Abfallmenge in der Umwelt zu sch\u00fctzen und zu reduzieren<\/li>\n<li>Mit seinen herausragenden Eigenschaften schafft Kokosfaser g\u00fcnstige Bedingungen und ein ideales Umfeld f\u00fcr das Wachstum von Pflanzen.<\/li>\n<li>Tr\u00e4gt zur Verbesserung der Erntequalit\u00e4t bei und produziert schmackhaftes und nahrhaftes Obst und Gem\u00fcse<\/li>\n<li>Tr\u00e4gt zur Verbesserung der Pflanzenproduktivit\u00e4t bei und sorgt f\u00fcr hohe Ertr\u00e4ge<\/li>\n<li>Reduziert das Risiko von Pflanzenkrankheiten wie bei der Verwendung herk\u00f6mmlicher Erde<\/li>\n<li>Hilft Landwirten, Kosten f\u00fcr Pflege und Arbeitskr\u00e4fte zu sparen<\/li>\n<li>Vielseitiges Wachstumsmedium, das sowohl im Gartenbau als auch im Nicht-Gartenbau (einer Reihe anderer Bereiche) eingesetzt wird (hier erfahren Sie mehr)<\/li>\n<\/ul>\n<h2><strong>Gebrauchsanweisung f\u00fcr Bulk Coco Coir Bag 1800L\/2000L<\/strong><\/h2>\n<p>Schritt 1: Nehmen Sie eine ausreichende Menge Kokosfaser aus dem Beutel<\/p>\n<p>Schritt 2: Legen Sie es in Setzlings-\/Anzuchtschalen, wenn es f\u00fcr Baumschulen bestimmt ist, oder in T\u00f6pfe\/Beh\u00e4lter, wenn es zum Umpflanzen bestimmt ist.<\/p>\n<p>Schritt 3: Um Pflanzen zu z\u00fcchten, verpflanzen Sie die S\u00e4mlinge in die T\u00f6pfe\/Beh\u00e4lter<\/p>\n<p>Schritt 4: Bew\u00e4ssern und f\u00fcttern Sie die Pflanzen mit Ihrem eigenen oder empfohlenen N\u00e4hrstoff<\/p>\n<p>Hinweis: \u00dcbernehmen Sie die Kontrolle \u00fcber die F\u00fctterungsroutine, um M\u00e4ngel zu vermeiden<\/p>\n<p><a href=\"https:\/\/cococoirglobal.com\/de\/?attachment_id=26491#main\" rel=\"attachment wp-att-26491\"><img decoding=\"async\" loading=\"lazy\" class=\"size-full wp-image-26491 aligncenter\" src=\"https:\/\/cococoirglobal.com\/wp-content\/uploads\/2022\/10\/loading-jumbo-shiping.png\" alt=\"Bulk Coco Coir Bag 1800L\/2000L\" width=\"1080\" height=\"800\" srcset=\"https:\/\/cococoirglobal.com\/wp-content\/uploads\/2022\/10\/loading-jumbo-shiping.png 1080w, https:\/\/cococoirglobal.com\/wp-content\/uploads\/2022\/10\/loading-jumbo-shiping-800x593.png 800w, https:\/\/cococoirglobal.com\/wp-content\/uploads\/2022\/10\/loading-jumbo-shiping-768x569.png 768w, https:\/\/cococoirglobal.com\/wp-content\/uploads\/2022\/10\/loading-jumbo-shiping-510x378.png 510w\" sizes=\"(max-width: 1080px) 100vw, 1080px\" \/><\/a><\/p>\n<h2 style=\"text-align: justify;\"><strong>Konservierung von 1800 l\/2000 l gro\u00dfen Kokosfaserbeuteln<\/strong><\/h2>\n<ul>\n<li style=\"text-align: justify;\" aria-level=\"1\">An einem trockenen Ort lagern: Stellen Sie sicher, dass die Kokosfaser trocken bleibt, indem Sie sie an einem trockenen Ort fern von Feuchtigkeitsquellen wie Regen, Schnee und direkter Sonneneinstrahlung lagern.<\/li>\n<li style=\"text-align: justify;\" aria-level=\"1\">Verschlie\u00dfen Sie den Beutel: Nachdem Sie den Beutel mit Kokosfasern ge\u00f6ffnet haben, verschlie\u00dfen Sie die \u00d6ffnung gut, damit keine Feuchtigkeit eindringen kann.<\/li>\n<li style=\"text-align: justify;\" aria-level=\"1\">Halten Sie es k\u00fchl: Setzen Sie die Kokosfaser keinen hohen Temperaturen aus. Idealerweise sollte es an einem k\u00fchlen und schattigen Ort gelagert werden.<\/li>\n<li style=\"text-align: justify;\" aria-level=\"1\">Kontamination vermeiden: Halten Sie die Kokosfaser von potenziellen Kontaminationsquellen wie D\u00fcngemitteln, Pestiziden und Chemikalien fern.<\/li>\n<li style=\"text-align: justify;\" aria-level=\"1\">Innerhalb des vom Hersteller empfohlenen Verfallsdatums verwenden.<\/li>\n<\/ul>\n","protected":false},"excerpt":{"rendered":"<div>\u2713 Wirtschaftlich und bequem in der Anwendung<\/div>\n<div><\/div>\n<div>\u2713 Einfacher Transport mit Gabelstaplern<\/div>\n<div><\/div>\n<div>\u2713 F\u00fcr den gro\u00dffl\u00e4chigen Einsatz geeignet<\/div>\n<div><\/div>\n<div>\u2713 Vielseitig f\u00fcr unterschiedliche Einsatzzwecke<\/div>\n","protected":false},"featured_media":32384,"comment_status":"open","ping_status":"closed","template":"","meta":[],"product_cat":[572],"product_tag":[],"yoast_head":"<!-- This site is optimized with the Yoast SEO plugin v22.6 - https:\/\/yoast.com\/wordpress\/plugins\/seo\/ -->\n<title>Kokos-Kokos-Gro\u00dfpackung &amp; Kokos-Kokos-Gro\u00dfpackung 1800 l\/2000 l<\/title>\n<meta name=\"description\" content=\"Kokos-Kokos-Masse \u2611 Massen-Kokos-Kokos \u2611 Kokos-Kokos-Masse \u2611 Massen-Kokos-Kokos \u2611 Kokos-Kokos-Masse \u2611 Kokosfaser-Masse \u2611 Kokos-Torf Gro\u00dfhandel Massen-Kokos-Kokos-Beutel 1800 l\/2000 l\" \/>\n<meta name=\"robots\" content=\"index, follow, max-snippet:-1, max-image-preview:large, max-video-preview:-1\" \/>\n<link rel=\"canonical\" href=\"https:\/\/cococoirglobal.com\/de\/product\/bulk-coco-coir-bag-1800l-2000l-lose\/\" \/>\n<meta property=\"og:locale\" content=\"de_DE\" \/>\n<meta property=\"og:type\" content=\"article\" \/>\n<meta property=\"og:title\" content=\"Kokos-Kokos-Gro\u00dfpackung &amp; Kokos-Kokos-Gro\u00dfpackung 1800 l\/2000 l\" \/>\n<meta property=\"og:description\" content=\"Kokos-Kokos-Masse \u2611 Massen-Kokos-Kokos \u2611 Kokos-Kokos-Masse \u2611 Massen-Kokos-Kokos \u2611 Kokos-Kokos-Masse \u2611 Kokosfaser-Masse \u2611 Kokos-Torf Gro\u00dfhandel Massen-Kokos-Kokos-Beutel 1800 l\/2000 l\" \/>\n<meta property=\"og:url\" content=\"https:\/\/cococoirglobal.com\/de\/product\/bulk-coco-coir-bag-1800l-2000l-lose\/\" \/>\n<meta property=\"og:site_name\" content=\"Coco Coir Global Vietnam\" \/>\n<meta property=\"article:publisher\" content=\"https:\/\/www.facebook.com\/cococoirglobal\/\" \/>\n<meta property=\"article:modified_time\" content=\"2023-11-14T04:37:21+00:00\" \/>\n<meta property=\"og:image\" content=\"https:\/\/cococoirglobal.com\/wp-content\/uploads\/2023\/08\/Bulk-coco-coir-bag-1800L.png\" \/>\n\t<meta property=\"og:image:width\" content=\"1080\" \/>\n\t<meta property=\"og:image:height\" content=\"800\" \/>\n\t<meta property=\"og:image:type\" content=\"image\/png\" \/>\n<meta name=\"twitter:card\" content=\"summary_large_image\" \/>\n<meta name=\"twitter:label1\" content=\"Gesch\u00e4tzte Lesezeit\" \/>\n\t<meta name=\"twitter:data1\" content=\"3 Minuten\" \/>\n<script type=\"application\/ld+json\" class=\"yoast-schema-graph\">{\"@context\":\"https:\/\/schema.org\",\"@graph\":[{\"@type\":\"WebPage\",\"@id\":\"https:\/\/cococoirglobal.com\/de\/product\/bulk-coco-coir-bag-1800l-2000l-lose\/\",\"url\":\"https:\/\/cococoirglobal.com\/de\/product\/bulk-coco-coir-bag-1800l-2000l-lose\/\",\"name\":\"Kokos-Kokos-Gro\u00dfpackung & Kokos-Kokos-Gro\u00dfpackung 1800 l\/2000 l\",\"isPartOf\":{\"@id\":\"https:\/\/cococoirglobal.com\/de\/#website\"},\"primaryImageOfPage\":{\"@id\":\"https:\/\/cococoirglobal.com\/de\/product\/bulk-coco-coir-bag-1800l-2000l-lose\/#primaryimage\"},\"image\":{\"@id\":\"https:\/\/cococoirglobal.com\/de\/product\/bulk-coco-coir-bag-1800l-2000l-lose\/#primaryimage\"},\"thumbnailUrl\":\"https:\/\/cococoirglobal.com\/wp-content\/uploads\/2023\/08\/Bulk-coco-coir-bag-1800L.png\",\"datePublished\":\"2023-10-25T04:20:50+00:00\",\"dateModified\":\"2023-11-14T04:37:21+00:00\",\"description\":\"Kokos-Kokos-Masse \u2611 Massen-Kokos-Kokos \u2611 Kokos-Kokos-Masse \u2611 Massen-Kokos-Kokos \u2611 Kokos-Kokos-Masse \u2611 Kokosfaser-Masse \u2611 Kokos-Torf Gro\u00dfhandel Massen-Kokos-Kokos-Beutel 1800 l\/2000 l\",\"breadcrumb\":{\"@id\":\"https:\/\/cococoirglobal.com\/de\/product\/bulk-coco-coir-bag-1800l-2000l-lose\/#breadcrumb\"},\"inLanguage\":\"de-DE\",\"potentialAction\":[{\"@type\":\"ReadAction\",\"target\":[\"https:\/\/cococoirglobal.com\/de\/product\/bulk-coco-coir-bag-1800l-2000l-lose\/\"]}]},{\"@type\":\"ImageObject\",\"inLanguage\":\"de-DE\",\"@id\":\"https:\/\/cococoirglobal.com\/de\/product\/bulk-coco-coir-bag-1800l-2000l-lose\/#primaryimage\",\"url\":\"https:\/\/cococoirglobal.com\/wp-content\/uploads\/2023\/08\/Bulk-coco-coir-bag-1800L.png\",\"contentUrl\":\"https:\/\/cococoirglobal.com\/wp-content\/uploads\/2023\/08\/Bulk-coco-coir-bag-1800L.png\",\"width\":1080,\"height\":800,\"caption\":\"saco de fibra de coco\"},{\"@type\":\"BreadcrumbList\",\"@id\":\"https:\/\/cococoirglobal.com\/de\/product\/bulk-coco-coir-bag-1800l-2000l-lose\/#breadcrumb\",\"itemListElement\":[{\"@type\":\"ListItem\",\"position\":1,\"name\":\"Home\",\"item\":\"https:\/\/cococoirglobal.com\/de\/\"},{\"@type\":\"ListItem\",\"position\":2,\"name\":\"Produkte\",\"item\":\"https:\/\/cococoirglobal.com\/de\/shop\/\"},{\"@type\":\"ListItem\",\"position\":3,\"name\":\"Kokos Kokos Produkte\",\"item\":\"https:\/\/cococoirglobal.com\/de\/product-category\/kokos-kokos-produkte\/\"},{\"@type\":\"ListItem\",\"position\":4,\"name\":\"Bulk Coco Coir Bag 1800L\/2000L (lose)\"}]},{\"@type\":\"WebSite\",\"@id\":\"https:\/\/cococoirglobal.com\/de\/#website\",\"url\":\"https:\/\/cococoirglobal.com\/de\/\",\"name\":\"Coco Coir Global\",\"description\":\"The leading manufacturer and supplier of Coco Coir Products!\",\"publisher\":{\"@id\":\"https:\/\/cococoirglobal.com\/de\/#organization\"},\"potentialAction\":[{\"@type\":\"SearchAction\",\"target\":{\"@type\":\"EntryPoint\",\"urlTemplate\":\"https:\/\/cococoirglobal.com\/de\/?s={search_term_string}\"},\"query-input\":\"required name=search_term_string\"}],\"inLanguage\":\"de-DE\"},{\"@type\":\"Organization\",\"@id\":\"https:\/\/cococoirglobal.com\/de\/#organization\",\"name\":\"COCO COIR GLOBAL COMPANY LIMITED\",\"url\":\"https:\/\/cococoirglobal.com\/de\/\",\"logo\":{\"@type\":\"ImageObject\",\"inLanguage\":\"de-DE\",\"@id\":\"https:\/\/cococoirglobal.com\/de\/#\/schema\/logo\/image\/\",\"url\":\"https:\/\/cococoirglobal.com\/wp-content\/uploads\/2023\/05\/Logo-coco-coir.png\",\"contentUrl\":\"https:\/\/cococoirglobal.com\/wp-content\/uploads\/2023\/05\/Logo-coco-coir.png\",\"width\":512,\"height\":512,\"caption\":\"COCO COIR GLOBAL COMPANY LIMITED\"},\"image\":{\"@id\":\"https:\/\/cococoirglobal.com\/de\/#\/schema\/logo\/image\/\"},\"sameAs\":[\"https:\/\/www.facebook.com\/cococoirglobal\/\",\"https:\/\/www.instagram.com\/cococoirglobal\/\",\"https:\/\/www.linkedin.com\/company\/coco-coir-global-company-limited\",\"https:\/\/www.youtube.com\/channel\/UC4Xk-Is93xHrllYZADkM7yQ\"]}]}<\/script>\n<!-- \/ Yoast SEO plugin. -->","yoast_head_json":{"title":"Kokos-Kokos-Gro\u00dfpackung & Kokos-Kokos-Gro\u00dfpackung 1800 l\/2000 l","description":"Kokos-Kokos-Masse \u2611 Massen-Kokos-Kokos \u2611 Kokos-Kokos-Masse \u2611 Massen-Kokos-Kokos \u2611 Kokos-Kokos-Masse \u2611 Kokosfaser-Masse \u2611 Kokos-Torf Gro\u00dfhandel Massen-Kokos-Kokos-Beutel 1800 l\/2000 l","robots":{"index":"index","follow":"follow","max-snippet":"max-snippet:-1","max-image-preview":"max-image-preview:large","max-video-preview":"max-video-preview:-1"},"canonical":"https:\/\/cococoirglobal.com\/de\/product\/bulk-coco-coir-bag-1800l-2000l-lose\/","og_locale":"de_DE","og_type":"article","og_title":"Kokos-Kokos-Gro\u00dfpackung & Kokos-Kokos-Gro\u00dfpackung 1800 l\/2000 l","og_description":"Kokos-Kokos-Masse \u2611 Massen-Kokos-Kokos \u2611 Kokos-Kokos-Masse \u2611 Massen-Kokos-Kokos \u2611 Kokos-Kokos-Masse \u2611 Kokosfaser-Masse \u2611 Kokos-Torf Gro\u00dfhandel Massen-Kokos-Kokos-Beutel 1800 l\/2000 l","og_url":"https:\/\/cococoirglobal.com\/de\/product\/bulk-coco-coir-bag-1800l-2000l-lose\/","og_site_name":"Coco Coir Global Vietnam","article_publisher":"https:\/\/www.facebook.com\/cococoirglobal\/","article_modified_time":"2023-11-14T04:37:21+00:00","og_image":[{"width":1080,"height":800,"url":"https:\/\/cococoirglobal.com\/wp-content\/uploads\/2023\/08\/Bulk-coco-coir-bag-1800L.png","type":"image\/png"}],"twitter_card":"summary_large_image","twitter_misc":{"Gesch\u00e4tzte Lesezeit":"3 Minuten"},"schema":{"@context":"https:\/\/schema.org","@graph":[{"@type":"WebPage","@id":"https:\/\/cococoirglobal.com\/de\/product\/bulk-coco-coir-bag-1800l-2000l-lose\/","url":"https:\/\/cococoirglobal.com\/de\/product\/bulk-coco-coir-bag-1800l-2000l-lose\/","name":"Kokos-Kokos-Gro\u00dfpackung & Kokos-Kokos-Gro\u00dfpackung 1800 l\/2000 l","isPartOf":{"@id":"https:\/\/cococoirglobal.com\/de\/#website"},"primaryImageOfPage":{"@id":"https:\/\/cococoirglobal.com\/de\/product\/bulk-coco-coir-bag-1800l-2000l-lose\/#primaryimage"},"image":{"@id":"https:\/\/cococoirglobal.com\/de\/product\/bulk-coco-coir-bag-1800l-2000l-lose\/#primaryimage"},"thumbnailUrl":"https:\/\/cococoirglobal.com\/wp-content\/uploads\/2023\/08\/Bulk-coco-coir-bag-1800L.png","datePublished":"2023-10-25T04:20:50+00:00","dateModified":"2023-11-14T04:37:21+00:00","description":"Kokos-Kokos-Masse \u2611 Massen-Kokos-Kokos \u2611 Kokos-Kokos-Masse \u2611 Massen-Kokos-Kokos \u2611 Kokos-Kokos-Masse \u2611 Kokosfaser-Masse \u2611 Kokos-Torf Gro\u00dfhandel Massen-Kokos-Kokos-Beutel 1800 l\/2000 l","breadcrumb":{"@id":"https:\/\/cococoirglobal.com\/de\/product\/bulk-coco-coir-bag-1800l-2000l-lose\/#breadcrumb"},"inLanguage":"de-DE","potentialAction":[{"@type":"ReadAction","target":["https:\/\/cococoirglobal.com\/de\/product\/bulk-coco-coir-bag-1800l-2000l-lose\/"]}]},{"@type":"ImageObject","inLanguage":"de-DE","@id":"https:\/\/cococoirglobal.com\/de\/product\/bulk-coco-coir-bag-1800l-2000l-lose\/#primaryimage","url":"https:\/\/cococoirglobal.com\/wp-content\/uploads\/2023\/08\/Bulk-coco-coir-bag-1800L.png","contentUrl":"https:\/\/cococoirglobal.com\/wp-content\/uploads\/2023\/08\/Bulk-coco-coir-bag-1800L.png","width":1080,"height":800,"caption":"saco de fibra de coco"},{"@type":"BreadcrumbList","@id":"https:\/\/cococoirglobal.com\/de\/product\/bulk-coco-coir-bag-1800l-2000l-lose\/#breadcrumb","itemListElement":[{"@type":"ListItem","position":1,"name":"Home","item":"https:\/\/cococoirglobal.com\/de\/"},{"@type":"ListItem","position":2,"name":"Produkte","item":"https:\/\/cococoirglobal.com\/de\/shop\/"},{"@type":"ListItem","position":3,"name":"Kokos Kokos Produkte","item":"https:\/\/cococoirglobal.com\/de\/product-category\/kokos-kokos-produkte\/"},{"@type":"ListItem","position":4,"name":"Bulk Coco Coir Bag 1800L\/2000L (lose)"}]},{"@type":"WebSite","@id":"https:\/\/cococoirglobal.com\/de\/#website","url":"https:\/\/cococoirglobal.com\/de\/","name":"Coco Coir Global","description":"The leading manufacturer and supplier of Coco Coir Products!","publisher":{"@id":"https:\/\/cococoirglobal.com\/de\/#organization"},"potentialAction":[{"@type":"SearchAction","target":{"@type":"EntryPoint","urlTemplate":"https:\/\/cococoirglobal.com\/de\/?s={search_term_string}"},"query-input":"required name=search_term_string"}],"inLanguage":"de-DE"},{"@type":"Organization","@id":"https:\/\/cococoirglobal.com\/de\/#organization","name":"COCO COIR GLOBAL COMPANY LIMITED","url":"https:\/\/cococoirglobal.com\/de\/","logo":{"@type":"ImageObject","inLanguage":"de-DE","@id":"https:\/\/cococoirglobal.com\/de\/#\/schema\/logo\/image\/","url":"https:\/\/cococoirglobal.com\/wp-content\/uploads\/2023\/05\/Logo-coco-coir.png","contentUrl":"https:\/\/cococoirglobal.com\/wp-content\/uploads\/2023\/05\/Logo-coco-coir.png","width":512,"height":512,"caption":"COCO COIR GLOBAL COMPANY LIMITED"},"image":{"@id":"https:\/\/cococoirglobal.com\/de\/#\/schema\/logo\/image\/"},"sameAs":["https:\/\/www.facebook.com\/cococoirglobal\/","https:\/\/www.instagram.com\/cococoirglobal\/","https:\/\/www.linkedin.com\/company\/coco-coir-global-company-limited","https:\/\/www.youtube.com\/channel\/UC4Xk-Is93xHrllYZADkM7yQ"]}]}},"_links":{"self":[{"href":"https:\/\/cococoirglobal.com\/de\/wp-json\/wp\/v2\/product\/32007"}],"collection":[{"href":"https:\/\/cococoirglobal.com\/de\/wp-json\/wp\/v2\/product"}],"about":[{"href":"https:\/\/cococoirglobal.com\/de\/wp-json\/wp\/v2\/types\/product"}],"replies":[{"embeddable":true,"href":"https:\/\/cococoirglobal.com\/de\/wp-json\/wp\/v2\/comments?post=32007"}],"wp:featuredmedia":[{"embeddable":true,"href":"https:\/\/cococoirglobal.com\/de\/wp-json\/wp\/v2\/media\/32384"}],"wp:attachment":[{"href":"https:\/\/cococoirglobal.com\/de\/wp-json\/wp\/v2\/media?parent=32007"}],"wp:term":[{"taxonomy":"product_cat","embeddable":true,"href":"https:\/\/cococoirglobal.com\/de\/wp-json\/wp\/v2\/product_cat?post=32007"},{"taxonomy":"product_tag","embeddable":true,"href":"https:\/\/cococoirglobal.com\/de\/wp-json\/wp\/v2\/product_tag?post=32007"}],"curies":[{"name":"wp","href":"https:\/\/api.w.org\/{rel}","templated":true}]}}