{"id":31967,"date":"2022-11-07T18:17:39","date_gmt":"2023-10-25T03:59:28","guid":{"rendered":"https:\/\/cococoirglobal.com\/?post_type=product&#038;p=31967"},"modified":"2023-12-09T09:29:37","modified_gmt":"2023-12-09T02:29:37","slug":"kokosfaser-vermehrungswuerfel","status":"publish","type":"product","link":"https:\/\/cococoirglobal.com\/de\/product\/kokosfaser-vermehrungswuerfel\/","title":{"rendered":"Kokosfaser-Vermehrungsw\u00fcrfel"},"content":{"rendered":"<blockquote><p>Bei <strong>Coco Coir Global<\/strong> sind wir stolz darauf, erstklassige Produkte anzubieten, die ein breites Spektrum an Kunden (haupts\u00e4chlich B2B-Unternehmen) mit unterschiedlichen Bed\u00fcrfnissen bedienen. Unsere hochwertigen Kokossubstrate werden von Labors in Vietnam und den USA hoch gelobt und sind sogar OMRI-gelistet f\u00fcr die Verwendung in biologischem Anbau. Unsere Kokossubstrate sind vielseitig und effektiv und eignen sich perfekt f\u00fcr den Anbau von Tomaten und Gurken bis hin zu Cannabis und Zierpflanzen. Dar\u00fcber hinaus passen wir die Produkte gerne an individuelle Kundenw\u00fcnsche an und bieten weltweiten Versand mit flexiblen Lieferoptionen an. W\u00e4hlen Sie Coco Coir Global f\u00fcr hochwertige Kokossubstrate, die Ihren Gartenbau auf die n\u00e4chste Stufe heben.<\/p><\/blockquote>\n<p>Das gleiche fertige komprimierte Kokosfaserprodukt mit Grow Bag-Produkt (OMRI-gelistet zertifiziert), nur unterschiedlich in der W\u00fcrfelform. W\u00fcrfel sind anpassbar. Verpackt in Plastikt\u00fcten (oder bei Bedarf biologisch abbaubaren T\u00fcten).<\/p>\n<p>Die Rohstoffe sind zu 100 % nat\u00fcrlich und stammen aus Kokosnussschalen. Gebrauchsfertiges Formular. Wird h\u00e4ufig zum Ansetzen von Samen und zur Vermehrung von Stecklingen verwendet. Besonders geeignet f\u00fcr Gew\u00e4chshauskulturen wie Tomaten, Gurken, Paprika, Auberginen usw.<\/p>\n<h2><strong>Merkmale des Kokosfaser-Vermehrungsw\u00fcrfels<\/strong><\/h2>\n<ul>\n<li>Organisches, biologisch abbaubares und umweltfreundliches Substrat<\/li>\n<li>Sehr niedriger EC-Wert, besonders geeignet f\u00fcr den Saatstart<\/li>\n<li>Ausgewogener und stabilisierter pH-Wert mit extrem niedrigem Kalium- und Natriumgehalt, geeignet f\u00fcr verschiedene Kulturen<\/li>\n<li>Extrem niedrige Schwermetall- und Pestizidr\u00fcckst\u00e4nde<\/li>\n<li>Eine hohe luftgef\u00fcllte Porosit\u00e4t (AFP) sorgt f\u00fcr eine gute mittlere Struktur (nicht zu locker oder zu dicht), guten Sauerstoffaustausch, gute Entw\u00e4sserung, gute Wasserretention und N\u00e4hrstoffaufnahme f\u00fcr ein besseres Pflanzenwachstum<\/li>\n<li>Eine gute Entw\u00e4sserung sowie ein hohes Wasserhalteverm\u00f6gen (WHC) tragen dazu bei, Feuchtigkeit zu speichern und Staun\u00e4sse f\u00fcr Pflanzen zu vermeiden.<\/li>\n<li>Eine erw\u00fcnschte Bel\u00fcftung tr\u00e4gt dazu bei, dass die Pflanzenwurzeln mit der n\u00f6tigen Menge Sauerstoff versorgt werden und dadurch gesund wachsen.<\/li>\n<li>Eine hohe Kationenaustauschkapazit\u00e4t (CEC) hilft Pflanzen, notwendige N\u00e4hrstoffe aufzunehmen<\/li>\n<li>Enth\u00e4lt keine sch\u00e4dlichen Chemikalien oder Sch\u00e4dlinge und ist sicher in der Anwendung<\/li>\n<\/ul>\n<p><a href=\"https:\/\/cococoirglobal.com\/de\/coconut-coir-propagation-cube-2\/\"><img decoding=\"async\" loading=\"lazy\" class=\"size-full wp-image-32405 aligncenter\" src=\"https:\/\/cococoirglobal.com\/wp-content\/uploads\/2023\/08\/Coconut-Coir-Propagation-Cube.png\" alt=\"\" width=\"1080\" height=\"800\" srcset=\"https:\/\/cococoirglobal.com\/wp-content\/uploads\/2023\/08\/Coconut-Coir-Propagation-Cube.png 1080w, https:\/\/cococoirglobal.com\/wp-content\/uploads\/2023\/08\/Coconut-Coir-Propagation-Cube-800x593.png 800w, https:\/\/cococoirglobal.com\/wp-content\/uploads\/2023\/08\/Coconut-Coir-Propagation-Cube-768x569.png 768w, https:\/\/cococoirglobal.com\/wp-content\/uploads\/2023\/08\/Coconut-Coir-Propagation-Cube-510x378.png 510w\" sizes=\"(max-width: 1080px) 100vw, 1080px\" \/><\/a><\/p>\n<h2><strong>Vorteile des Kokosfaser-Vermehrungsw\u00fcrfels<\/strong><\/h2>\n<ul>\n<li>Tr\u00e4gt dazu bei, die Abfallmenge in der Umwelt zu sch\u00fctzen und zu reduzieren<\/li>\n<li>Mit seinen herausragenden Eigenschaften schafft Kokosfaser g\u00fcnstige Bedingungen und ein ideales Umfeld f\u00fcr das Wachstum von Pflanzen.<\/li>\n<li>Tr\u00e4gt zur Verbesserung der Erntequalit\u00e4t bei und produziert schmackhaftes und nahrhaftes Obst und Gem\u00fcse<\/li>\n<li>Tr\u00e4gt zur Verbesserung der Pflanzenproduktivit\u00e4t bei und sorgt f\u00fcr hohe Ertr\u00e4ge<\/li>\n<li>Reduziert das Risiko von Pflanzenkrankheiten wie bei der Verwendung herk\u00f6mmlicher Erde<\/li>\n<li>Hilft Landwirten, Kosten f\u00fcr Pflege und Arbeitskr\u00e4fte zu sparen<\/li>\n<\/ul>\n<h2><strong>Gebrauchsanweisung f\u00fcr den Coco Coir Propagation Cube<\/strong><\/h2>\n<ul>\n<li>Schritt 1: Befeuchten Sie den Wachstumsw\u00fcrfel manuell mit einer Gie\u00dfkanne oder automatisch mit einem Bew\u00e4sserungssystem (normalerweise in High-Tech-Gew\u00e4chsh\u00e4usern mit \u00dcberwachungsmaschinen) mit frischem Wasser, bis er sich vollst\u00e4ndig ausdehnt.<\/li>\n<li>Schritt 2: Legen Sie den Samen oder Setzling in den Wachstumsw\u00fcrfel<\/li>\n<li>Schritt 3: Bew\u00e4ssern und f\u00fcttern Sie die Pflanzen mit Ihrem eigenen oder empfohlenen N\u00e4hrstoffregime (falls erforderlich)<\/li>\n<\/ul>\n<p>Hinweis: \u00dcbernehmen Sie die Kontrolle \u00fcber die F\u00fctterungsroutine, um M\u00e4ngel zu vermeiden<\/p>\n<h2><strong>Konservierung des Kokosfaser-Vermehrungsw\u00fcrfels<\/strong><\/h2>\n<ul>\n<li>An einem k\u00fchlen, trockenen und gut bel\u00fcfteten Ort aufbewahren. Dadurch wird verhindert, dass Feuchtigkeit eindringt und die Kokosfaser verdirbt.<\/li>\n<li>Halten Sie es von Sonnenlicht fern: Direkte Sonneneinstrahlung kann die Kokosfaser besch\u00e4digen. Daher ist es wichtig, sie fern von<\/li>\n<li>Fenstern oder anderen Quellen direkter Sonneneinstrahlung aufzubewahren.<\/li>\n<li>Kontamination vermeiden: Halten Sie die Kokosfaser von potenziellen Kontaminationsquellen wie D\u00fcngemitteln, Pestiziden und Chemikalien fern.<\/li>\n<li>Innerhalb des vom Hersteller empfohlenen Verfallsdatums verwenden.<\/li>\n<\/ul>\n<p><strong>Mehr sehen:<\/strong><\/p>\n<ul>\n<li>Coco Coir Grow Bag f\u00fcr h\u00f6here Ertr\u00e4ge Coco Coir Global<\/li>\n<li>Kokostorfbeutel 50 l\/100 l (lose) \u2013 Coco Coir Global<\/li>\n<li>Kokosfaser-Block\/Ziegel 5 kg \u2013 Coco Coir Global<\/li>\n<li>Kokosnuss-Kokos-Massen-Bio-Anbausubstrat 1800 l\/2000 l<\/li>\n<li>Offener Beutel aus komprimierter Kokosfaser (Kokosfaser-Ziegel)<\/li>\n<li>Vorgef\u00fcllte Kokosfaserbeutel, 100 % nat\u00fcrlich aus Kokosnussschalen<\/li>\n<\/ul>\n","protected":false},"excerpt":{"rendered":"<p>\u2713 Ideales Substrat zum Ansetzen von Samen und zur Vermehrung junger Pflanzen<\/p>\n<p>\u2713 Spezialisiert auf Gew\u00e4chshauskulturen<\/p>\n<p>\u2713 Empfohlen zur Verwendung zusammen mit Pflanzbeuteln aus Kokosfaser<\/p>\n<p>\u2713 Einfache Handhabung und Transport bei gro\u00dfen Mengen<\/p>\n","protected":false},"featured_media":32405,"comment_status":"open","ping_status":"closed","template":"","meta":[],"product_cat":[572],"product_tag":[],"yoast_head":"<!-- This site is optimized with the Yoast SEO plugin v22.6 - https:\/\/yoast.com\/wordpress\/plugins\/seo\/ -->\n<title>Kokos-Kokos-W\u00fcrfel \u2013 Kokos-Kokos-Vermehrungsw\u00fcrfel, 100 % biologisch<\/title>\n<meta name=\"description\" content=\"Bei Coco Coir Global sind wir stolz darauf, erstklassige Produkte anzubieten, die ein breites Spektrum an Kunden (haupts\u00e4chlich B2B-Unternehmen) mit unterschiedlichen Bed\u00fcrfnissen bedienen. Unsere hochwertigen Kokossubstrate werden von Labors in Vietnam und den USA hoch gelobt und sind sogar OMRI-gelistet f\u00fcr die Verwendung in biologischem Anbau.\" \/>\n<meta name=\"robots\" content=\"index, follow, max-snippet:-1, max-image-preview:large, max-video-preview:-1\" \/>\n<link rel=\"canonical\" href=\"https:\/\/cococoirglobal.com\/de\/product\/kokosfaser-vermehrungswuerfel\/\" \/>\n<meta property=\"og:locale\" content=\"de_DE\" \/>\n<meta property=\"og:type\" content=\"article\" \/>\n<meta property=\"og:title\" content=\"Kokos-Kokos-W\u00fcrfel \u2013 Kokos-Kokos-Vermehrungsw\u00fcrfel, 100 % biologisch\" \/>\n<meta property=\"og:description\" content=\"Bei Coco Coir Global sind wir stolz darauf, erstklassige Produkte anzubieten, die ein breites Spektrum an Kunden (haupts\u00e4chlich B2B-Unternehmen) mit unterschiedlichen Bed\u00fcrfnissen bedienen. Unsere hochwertigen Kokossubstrate werden von Labors in Vietnam und den USA hoch gelobt und sind sogar OMRI-gelistet f\u00fcr die Verwendung in biologischem Anbau.\" \/>\n<meta property=\"og:url\" content=\"https:\/\/cococoirglobal.com\/de\/product\/kokosfaser-vermehrungswuerfel\/\" \/>\n<meta property=\"og:site_name\" content=\"Coco Coir Global Vietnam\" \/>\n<meta property=\"article:publisher\" content=\"https:\/\/www.facebook.com\/cococoirglobal\/\" \/>\n<meta property=\"article:modified_time\" content=\"2023-12-09T02:29:37+00:00\" \/>\n<meta property=\"og:image\" content=\"https:\/\/cococoirglobal.com\/wp-content\/uploads\/2023\/08\/Coconut-Coir-Propagation-Cube.png\" \/>\n\t<meta property=\"og:image:width\" content=\"1080\" \/>\n\t<meta property=\"og:image:height\" content=\"800\" \/>\n\t<meta property=\"og:image:type\" content=\"image\/png\" \/>\n<meta name=\"twitter:card\" content=\"summary_large_image\" \/>\n<meta name=\"twitter:label1\" content=\"Gesch\u00e4tzte Lesezeit\" \/>\n\t<meta name=\"twitter:data1\" content=\"3 Minuten\" \/>\n<script type=\"application\/ld+json\" class=\"yoast-schema-graph\">{\"@context\":\"https:\/\/schema.org\",\"@graph\":[{\"@type\":\"WebPage\",\"@id\":\"https:\/\/cococoirglobal.com\/de\/product\/kokosfaser-vermehrungswuerfel\/\",\"url\":\"https:\/\/cococoirglobal.com\/de\/product\/kokosfaser-vermehrungswuerfel\/\",\"name\":\"Kokos-Kokos-W\u00fcrfel \u2013 Kokos-Kokos-Vermehrungsw\u00fcrfel, 100 % biologisch\",\"isPartOf\":{\"@id\":\"https:\/\/cococoirglobal.com\/de\/#website\"},\"primaryImageOfPage\":{\"@id\":\"https:\/\/cococoirglobal.com\/de\/product\/kokosfaser-vermehrungswuerfel\/#primaryimage\"},\"image\":{\"@id\":\"https:\/\/cococoirglobal.com\/de\/product\/kokosfaser-vermehrungswuerfel\/#primaryimage\"},\"thumbnailUrl\":\"https:\/\/cococoirglobal.com\/wp-content\/uploads\/2023\/08\/Coconut-Coir-Propagation-Cube.png\",\"datePublished\":\"2023-10-25T03:59:28+00:00\",\"dateModified\":\"2023-12-09T02:29:37+00:00\",\"description\":\"Bei Coco Coir Global sind wir stolz darauf, erstklassige Produkte anzubieten, die ein breites Spektrum an Kunden (haupts\u00e4chlich B2B-Unternehmen) mit unterschiedlichen Bed\u00fcrfnissen bedienen. Unsere hochwertigen Kokossubstrate werden von Labors in Vietnam und den USA hoch gelobt und sind sogar OMRI-gelistet f\u00fcr die Verwendung in biologischem Anbau.\",\"breadcrumb\":{\"@id\":\"https:\/\/cococoirglobal.com\/de\/product\/kokosfaser-vermehrungswuerfel\/#breadcrumb\"},\"inLanguage\":\"de-DE\",\"potentialAction\":[{\"@type\":\"ReadAction\",\"target\":[\"https:\/\/cococoirglobal.com\/de\/product\/kokosfaser-vermehrungswuerfel\/\"]}]},{\"@type\":\"ImageObject\",\"inLanguage\":\"de-DE\",\"@id\":\"https:\/\/cococoirglobal.com\/de\/product\/kokosfaser-vermehrungswuerfel\/#primaryimage\",\"url\":\"https:\/\/cococoirglobal.com\/wp-content\/uploads\/2023\/08\/Coconut-Coir-Propagation-Cube.png\",\"contentUrl\":\"https:\/\/cococoirglobal.com\/wp-content\/uploads\/2023\/08\/Coconut-Coir-Propagation-Cube.png\",\"width\":1080,\"height\":800},{\"@type\":\"BreadcrumbList\",\"@id\":\"https:\/\/cococoirglobal.com\/de\/product\/kokosfaser-vermehrungswuerfel\/#breadcrumb\",\"itemListElement\":[{\"@type\":\"ListItem\",\"position\":1,\"name\":\"Home\",\"item\":\"https:\/\/cococoirglobal.com\/de\/\"},{\"@type\":\"ListItem\",\"position\":2,\"name\":\"Produkte\",\"item\":\"https:\/\/cococoirglobal.com\/de\/shop\/\"},{\"@type\":\"ListItem\",\"position\":3,\"name\":\"Kokos Kokos Produkte\",\"item\":\"https:\/\/cococoirglobal.com\/de\/product-category\/kokos-kokos-produkte\/\"},{\"@type\":\"ListItem\",\"position\":4,\"name\":\"Kokosfaser-Vermehrungsw\u00fcrfel\"}]},{\"@type\":\"WebSite\",\"@id\":\"https:\/\/cococoirglobal.com\/de\/#website\",\"url\":\"https:\/\/cococoirglobal.com\/de\/\",\"name\":\"Coco Coir Global\",\"description\":\"The leading manufacturer and supplier of Coco Coir Products!\",\"publisher\":{\"@id\":\"https:\/\/cococoirglobal.com\/de\/#organization\"},\"potentialAction\":[{\"@type\":\"SearchAction\",\"target\":{\"@type\":\"EntryPoint\",\"urlTemplate\":\"https:\/\/cococoirglobal.com\/de\/?s={search_term_string}\"},\"query-input\":\"required name=search_term_string\"}],\"inLanguage\":\"de-DE\"},{\"@type\":\"Organization\",\"@id\":\"https:\/\/cococoirglobal.com\/de\/#organization\",\"name\":\"COCO COIR GLOBAL COMPANY LIMITED\",\"url\":\"https:\/\/cococoirglobal.com\/de\/\",\"logo\":{\"@type\":\"ImageObject\",\"inLanguage\":\"de-DE\",\"@id\":\"https:\/\/cococoirglobal.com\/de\/#\/schema\/logo\/image\/\",\"url\":\"https:\/\/cococoirglobal.com\/wp-content\/uploads\/2023\/05\/Logo-coco-coir.png\",\"contentUrl\":\"https:\/\/cococoirglobal.com\/wp-content\/uploads\/2023\/05\/Logo-coco-coir.png\",\"width\":512,\"height\":512,\"caption\":\"COCO COIR GLOBAL COMPANY LIMITED\"},\"image\":{\"@id\":\"https:\/\/cococoirglobal.com\/de\/#\/schema\/logo\/image\/\"},\"sameAs\":[\"https:\/\/www.facebook.com\/cococoirglobal\/\",\"https:\/\/www.instagram.com\/cococoirglobal\/\",\"https:\/\/www.linkedin.com\/company\/coco-coir-global-company-limited\",\"https:\/\/www.youtube.com\/channel\/UC4Xk-Is93xHrllYZADkM7yQ\"]}]}<\/script>\n<!-- \/ Yoast SEO plugin. -->","yoast_head_json":{"title":"Kokos-Kokos-W\u00fcrfel \u2013 Kokos-Kokos-Vermehrungsw\u00fcrfel, 100 % biologisch","description":"Bei Coco Coir Global sind wir stolz darauf, erstklassige Produkte anzubieten, die ein breites Spektrum an Kunden (haupts\u00e4chlich B2B-Unternehmen) mit unterschiedlichen Bed\u00fcrfnissen bedienen. Unsere hochwertigen Kokossubstrate werden von Labors in Vietnam und den USA hoch gelobt und sind sogar OMRI-gelistet f\u00fcr die Verwendung in biologischem Anbau.","robots":{"index":"index","follow":"follow","max-snippet":"max-snippet:-1","max-image-preview":"max-image-preview:large","max-video-preview":"max-video-preview:-1"},"canonical":"https:\/\/cococoirglobal.com\/de\/product\/kokosfaser-vermehrungswuerfel\/","og_locale":"de_DE","og_type":"article","og_title":"Kokos-Kokos-W\u00fcrfel \u2013 Kokos-Kokos-Vermehrungsw\u00fcrfel, 100 % biologisch","og_description":"Bei Coco Coir Global sind wir stolz darauf, erstklassige Produkte anzubieten, die ein breites Spektrum an Kunden (haupts\u00e4chlich B2B-Unternehmen) mit unterschiedlichen Bed\u00fcrfnissen bedienen. Unsere hochwertigen Kokossubstrate werden von Labors in Vietnam und den USA hoch gelobt und sind sogar OMRI-gelistet f\u00fcr die Verwendung in biologischem Anbau.","og_url":"https:\/\/cococoirglobal.com\/de\/product\/kokosfaser-vermehrungswuerfel\/","og_site_name":"Coco Coir Global Vietnam","article_publisher":"https:\/\/www.facebook.com\/cococoirglobal\/","article_modified_time":"2023-12-09T02:29:37+00:00","og_image":[{"width":1080,"height":800,"url":"https:\/\/cococoirglobal.com\/wp-content\/uploads\/2023\/08\/Coconut-Coir-Propagation-Cube.png","type":"image\/png"}],"twitter_card":"summary_large_image","twitter_misc":{"Gesch\u00e4tzte Lesezeit":"3 Minuten"},"schema":{"@context":"https:\/\/schema.org","@graph":[{"@type":"WebPage","@id":"https:\/\/cococoirglobal.com\/de\/product\/kokosfaser-vermehrungswuerfel\/","url":"https:\/\/cococoirglobal.com\/de\/product\/kokosfaser-vermehrungswuerfel\/","name":"Kokos-Kokos-W\u00fcrfel \u2013 Kokos-Kokos-Vermehrungsw\u00fcrfel, 100 % biologisch","isPartOf":{"@id":"https:\/\/cococoirglobal.com\/de\/#website"},"primaryImageOfPage":{"@id":"https:\/\/cococoirglobal.com\/de\/product\/kokosfaser-vermehrungswuerfel\/#primaryimage"},"image":{"@id":"https:\/\/cococoirglobal.com\/de\/product\/kokosfaser-vermehrungswuerfel\/#primaryimage"},"thumbnailUrl":"https:\/\/cococoirglobal.com\/wp-content\/uploads\/2023\/08\/Coconut-Coir-Propagation-Cube.png","datePublished":"2023-10-25T03:59:28+00:00","dateModified":"2023-12-09T02:29:37+00:00","description":"Bei Coco Coir Global sind wir stolz darauf, erstklassige Produkte anzubieten, die ein breites Spektrum an Kunden (haupts\u00e4chlich B2B-Unternehmen) mit unterschiedlichen Bed\u00fcrfnissen bedienen. Unsere hochwertigen Kokossubstrate werden von Labors in Vietnam und den USA hoch gelobt und sind sogar OMRI-gelistet f\u00fcr die Verwendung in biologischem Anbau.","breadcrumb":{"@id":"https:\/\/cococoirglobal.com\/de\/product\/kokosfaser-vermehrungswuerfel\/#breadcrumb"},"inLanguage":"de-DE","potentialAction":[{"@type":"ReadAction","target":["https:\/\/cococoirglobal.com\/de\/product\/kokosfaser-vermehrungswuerfel\/"]}]},{"@type":"ImageObject","inLanguage":"de-DE","@id":"https:\/\/cococoirglobal.com\/de\/product\/kokosfaser-vermehrungswuerfel\/#primaryimage","url":"https:\/\/cococoirglobal.com\/wp-content\/uploads\/2023\/08\/Coconut-Coir-Propagation-Cube.png","contentUrl":"https:\/\/cococoirglobal.com\/wp-content\/uploads\/2023\/08\/Coconut-Coir-Propagation-Cube.png","width":1080,"height":800},{"@type":"BreadcrumbList","@id":"https:\/\/cococoirglobal.com\/de\/product\/kokosfaser-vermehrungswuerfel\/#breadcrumb","itemListElement":[{"@type":"ListItem","position":1,"name":"Home","item":"https:\/\/cococoirglobal.com\/de\/"},{"@type":"ListItem","position":2,"name":"Produkte","item":"https:\/\/cococoirglobal.com\/de\/shop\/"},{"@type":"ListItem","position":3,"name":"Kokos Kokos Produkte","item":"https:\/\/cococoirglobal.com\/de\/product-category\/kokos-kokos-produkte\/"},{"@type":"ListItem","position":4,"name":"Kokosfaser-Vermehrungsw\u00fcrfel"}]},{"@type":"WebSite","@id":"https:\/\/cococoirglobal.com\/de\/#website","url":"https:\/\/cococoirglobal.com\/de\/","name":"Coco Coir Global","description":"The leading manufacturer and supplier of Coco Coir Products!","publisher":{"@id":"https:\/\/cococoirglobal.com\/de\/#organization"},"potentialAction":[{"@type":"SearchAction","target":{"@type":"EntryPoint","urlTemplate":"https:\/\/cococoirglobal.com\/de\/?s={search_term_string}"},"query-input":"required name=search_term_string"}],"inLanguage":"de-DE"},{"@type":"Organization","@id":"https:\/\/cococoirglobal.com\/de\/#organization","name":"COCO COIR GLOBAL COMPANY LIMITED","url":"https:\/\/cococoirglobal.com\/de\/","logo":{"@type":"ImageObject","inLanguage":"de-DE","@id":"https:\/\/cococoirglobal.com\/de\/#\/schema\/logo\/image\/","url":"https:\/\/cococoirglobal.com\/wp-content\/uploads\/2023\/05\/Logo-coco-coir.png","contentUrl":"https:\/\/cococoirglobal.com\/wp-content\/uploads\/2023\/05\/Logo-coco-coir.png","width":512,"height":512,"caption":"COCO COIR GLOBAL COMPANY LIMITED"},"image":{"@id":"https:\/\/cococoirglobal.com\/de\/#\/schema\/logo\/image\/"},"sameAs":["https:\/\/www.facebook.com\/cococoirglobal\/","https:\/\/www.instagram.com\/cococoirglobal\/","https:\/\/www.linkedin.com\/company\/coco-coir-global-company-limited","https:\/\/www.youtube.com\/channel\/UC4Xk-Is93xHrllYZADkM7yQ"]}]}},"_links":{"self":[{"href":"https:\/\/cococoirglobal.com\/de\/wp-json\/wp\/v2\/product\/31967"}],"collection":[{"href":"https:\/\/cococoirglobal.com\/de\/wp-json\/wp\/v2\/product"}],"about":[{"href":"https:\/\/cococoirglobal.com\/de\/wp-json\/wp\/v2\/types\/product"}],"replies":[{"embeddable":true,"href":"https:\/\/cococoirglobal.com\/de\/wp-json\/wp\/v2\/comments?post=31967"}],"wp:featuredmedia":[{"embeddable":true,"href":"https:\/\/cococoirglobal.com\/de\/wp-json\/wp\/v2\/media\/32405"}],"wp:attachment":[{"href":"https:\/\/cococoirglobal.com\/de\/wp-json\/wp\/v2\/media?parent=31967"}],"wp:term":[{"taxonomy":"product_cat","embeddable":true,"href":"https:\/\/cococoirglobal.com\/de\/wp-json\/wp\/v2\/product_cat?post=31967"},{"taxonomy":"product_tag","embeddable":true,"href":"https:\/\/cococoirglobal.com\/de\/wp-json\/wp\/v2\/product_tag?post=31967"}],"curies":[{"name":"wp","href":"https:\/\/api.w.org\/{rel}","templated":true}]}}