{"id":30946,"date":"2023-10-05T11:32:47","date_gmt":"2023-10-05T04:32:47","guid":{"rendered":"https:\/\/cococoirglobal.com\/?post_type=product&#038;p=30946"},"modified":"2023-12-04T11:55:21","modified_gmt":"2023-12-04T04:55:21","slug":"coco-peat-bag-50l-100l-loose","status":"publish","type":"product","link":"https:\/\/cococoirglobal.com\/de\/product\/coco-peat-bag-50l-100l-loose\/","title":{"rendered":"Kokostorfbeutel 50L\/100L (lose)"},"content":{"rendered":"<blockquote><p><b>Bei<\/b><a href=\"https:\/\/cococoirglobal.com\/\"> <b>Coco Coir Global<\/b><\/a><span style=\"font-weight: 400;\">, darauf sind wir stolz<\/span><b>erstklassige Produkte<\/b><span style=\"font-weight: 400;\"> die ein breites Kundenspektrum (haupts\u00e4chlich B2B-Unternehmen) mit unterschiedlichen Bed\u00fcrfnissen bedienen. Unsere hochwertigen Kokossubstrate sind<\/span><b>von Laboren hoch gelobt<\/b><span style=\"font-weight: 400;\"> sowohl in Vietnam als auch in den USA und sind sogar<\/span><b>OMRI-gelistet f\u00fcr den \u00f6kologischen Gebrauch<\/b><span style=\"font-weight: 400;\">. Unsere Kokossubstrate sind vielseitig und effektiv und eignen sich perfekt f\u00fcr den Anbau von Tomaten und Gurken bis hin zu Cannabis und Zierpflanzen. Dar\u00fcber hinaus freuen wir uns dar\u00fcber<\/span><b>Produkte anpassen<\/b><span style=\"font-weight: 400;\"> um einzigartige Kundenw\u00fcnsche und Angebote zu erf\u00fcllen<\/span><b>Weltweiter Versand<\/b><span style=\"font-weight: 400;\"> mit flexiblen Lieferm\u00f6glichkeiten. W\u00e4hlen Sie Coco Coir Global f\u00fcr hochwertige Kokossubstrate, die Ihren Gartenbau auf die n\u00e4chste Stufe heben.<\/span><\/p><\/blockquote>\n<p><b>OMRI gelistet<\/b><span style=\"font-weight: 400;\">: Omri Produktcode: coz-16230<\/span><\/p>\n<p><span style=\"font-weight: 400;\">Die Rohstoffe sind zu 100 % nat\u00fcrlich und stammen aus Kokosnussschalen. Gebrauchsfertiges Formular. Diese Art von Beutel eignet sich gut f\u00fcr den Vertrieb an Einzelhandelsgesch\u00e4fte.<\/span><\/p>\n<p><iframe loading=\"lazy\" title=\"\ud83c\udfa5 Explore our COCO PEAT BAG: The Best Soil Conditioner For Your Gardening Needs\ud83c\udf3f\" width=\"1020\" height=\"574\" src=\"https:\/\/www.youtube.com\/embed\/bGIFZV93xWE?feature=oembed\" frameborder=\"0\" allow=\"accelerometer; autoplay; clipboard-write; encrypted-media; gyroscope; picture-in-picture; web-share\" allowfullscreen><\/iframe><\/p>\n<h2><b>Merkmale<\/b><a href=\"https:\/\/cococoirglobal.com\/product\/coco-peat-bag\/#coco_planting\"> <b>Kokos-Torf-Beutel<\/b><\/a><b> 50L\/100L (lose)<\/b><\/h2>\n<ul>\n<li style=\"font-weight: 400;\" aria-level=\"1\"><span style=\"font-weight: 400;\">Organisches, biologisch abbaubares und umweltfreundliches Substrat<\/span><\/li>\n<li style=\"font-weight: 400;\" aria-level=\"1\"><span style=\"font-weight: 400;\">Sehr niedriger EC-Wert, besonders geeignet f\u00fcr \u201eempfindliche\u201c Kulturen<\/span><\/li>\n<li style=\"font-weight: 400;\" aria-level=\"1\"><span style=\"font-weight: 400;\">Ausgewogener und stabilisierter pH-Wert mit extrem niedrigem Kalium- und Natriumgehalt, geeignet f\u00fcr viele verschiedene Kulturen<\/span><\/li>\n<li style=\"font-weight: 400;\" aria-level=\"1\"><span style=\"font-weight: 400;\">Extrem niedrige Schwermetall- und Pestizidr\u00fcckst\u00e4nde<\/span><\/li>\n<li style=\"font-weight: 400;\" aria-level=\"1\"><span style=\"font-weight: 400;\">Eine hohe luftgef\u00fcllte Porosit\u00e4t (AFP) sorgt f\u00fcr eine gute mittlere Struktur (nicht zu locker oder zu dicht), guten Sauerstoffaustausch, gute Entw\u00e4sserung, gute Wasserspeicherung und N\u00e4hrstoffaufnahme f\u00fcr ein besseres Pflanzenwachstum<\/span><\/li>\n<li style=\"font-weight: 400;\" aria-level=\"1\"><span style=\"font-weight: 400;\">Eine gute Entw\u00e4sserung sowie ein hohes Wasserhalteverm\u00f6gen (WHC) tragen dazu bei, Feuchtigkeit zu speichern und Staun\u00e4sse f\u00fcr Pflanzen zu vermeiden.<\/span><\/li>\n<li style=\"font-weight: 400;\" aria-level=\"1\"><span style=\"font-weight: 400;\">Eine erw\u00fcnschte Bel\u00fcftung tr\u00e4gt dazu bei, dass die Pflanzenwurzeln mit der n\u00f6tigen Menge Sauerstoff versorgt werden und dadurch gesund wachsen.<\/span><\/li>\n<li style=\"font-weight: 400;\" aria-level=\"1\"><span style=\"font-weight: 400;\">Eine hohe Kationenaustauschkapazit\u00e4t (CEC) hilft Pflanzen, notwendige N\u00e4hrstoffe aufzunehmen<\/span><\/li>\n<li style=\"font-weight: 400;\" aria-level=\"1\"><span style=\"font-weight: 400;\">Enth\u00e4lt keine sch\u00e4dlichen Chemikalien oder Sch\u00e4dlinge und ist sicher in der Anwendung<\/span><\/li>\n<\/ul>\n<p><a href=\"https:\/\/cococoirglobal.com\/de\/?attachment_id=26787#main\" rel=\"attachment wp-att-26787\"><img decoding=\"async\" loading=\"lazy\" class=\"size-full wp-image-26787 aligncenter\" src=\"https:\/\/cococoirglobal.com\/wp-content\/uploads\/2022\/11\/Coco-peat-50L-7.png\" alt=\"Coco Peat Bag 50L\/100L (Loose)\" width=\"1080\" height=\"800\" srcset=\"https:\/\/cococoirglobal.com\/wp-content\/uploads\/2022\/11\/Coco-peat-50L-7.png 1080w, https:\/\/cococoirglobal.com\/wp-content\/uploads\/2022\/11\/Coco-peat-50L-7-800x593.png 800w, https:\/\/cococoirglobal.com\/wp-content\/uploads\/2022\/11\/Coco-peat-50L-7-768x569.png 768w, https:\/\/cococoirglobal.com\/wp-content\/uploads\/2022\/11\/Coco-peat-50L-7-510x378.png 510w\" sizes=\"(max-width: 1080px) 100vw, 1080px\" \/><\/a><\/p>\n<h2><b>Vorteile von Coco Peat Bag 50L\/100L (lose)<\/b><\/h2>\n<ul>\n<li style=\"font-weight: 400;\" aria-level=\"1\"><span style=\"font-weight: 400;\">Tr\u00e4gt dazu bei, die Abfallmenge in der Umwelt zu sch\u00fctzen und zu reduzieren<\/span><\/li>\n<li style=\"font-weight: 400;\" aria-level=\"1\"><span style=\"font-weight: 400;\">Mit seinen herausragenden Eigenschaften schafft Kokosfaser g\u00fcnstige Bedingungen und ein ideales Umfeld f\u00fcr das Wachstum von Pflanzen.<\/span><\/li>\n<li style=\"font-weight: 400;\" aria-level=\"1\"><span style=\"font-weight: 400;\">Tr\u00e4gt zur Verbesserung der Erntequalit\u00e4t bei und produziert schmackhaftes und nahrhaftes Obst und Gem\u00fcse<\/span><\/li>\n<li style=\"font-weight: 400;\" aria-level=\"1\"><span style=\"font-weight: 400;\">Tr\u00e4gt zur Verbesserung der Pflanzenproduktivit\u00e4t bei und sorgt f\u00fcr hohe Ertr\u00e4ge<\/span><\/li>\n<li style=\"font-weight: 400;\" aria-level=\"1\"><span style=\"font-weight: 400;\">Reduziert das Risiko von Pflanzenkrankheiten wie bei der Verwendung herk\u00f6mmlicher Erde<\/span><\/li>\n<li style=\"font-weight: 400;\" aria-level=\"1\"><span style=\"font-weight: 400;\">Hilft Landwirten, Kosten f\u00fcr Pflege und Arbeitskr\u00e4fte zu sparen<\/span><\/li>\n<li style=\"font-weight: 400;\" aria-level=\"1\"><span style=\"font-weight: 400;\">Vielseitiges Wachstumsmedium, das sowohl im Gartenbau als auch im Nicht-Gartenbau (einer Reihe anderer Bereiche) eingesetzt wird (hier erfahren Sie mehr)<\/span><\/li>\n<\/ul>\n<p><a href=\"https:\/\/cococoirglobal.com\/de\/?attachment_id=26515#main\" rel=\"attachment wp-att-26515\"><img decoding=\"async\" loading=\"lazy\" class=\"size-full wp-image-26515 aligncenter\" src=\"https:\/\/cococoirglobal.com\/wp-content\/uploads\/2022\/10\/50l-shiping.png\" alt=\"Coco Peat Bag 50L\/100L (Loose)\" width=\"1080\" height=\"800\" srcset=\"https:\/\/cococoirglobal.com\/wp-content\/uploads\/2022\/10\/50l-shiping.png 1080w, https:\/\/cococoirglobal.com\/wp-content\/uploads\/2022\/10\/50l-shiping-800x593.png 800w, https:\/\/cococoirglobal.com\/wp-content\/uploads\/2022\/10\/50l-shiping-768x569.png 768w, https:\/\/cococoirglobal.com\/wp-content\/uploads\/2022\/10\/50l-shiping-510x378.png 510w\" sizes=\"(max-width: 1080px) 100vw, 1080px\" \/><\/a><\/p>\n<h2><b>Gebrauchsanweisung f\u00fcr Coco Peat Bag 50L\/100L (lose)<\/b><\/h2>\n<ul>\n<li style=\"font-weight: 400;\" aria-level=\"1\"><span style=\"font-weight: 400;\">Schritt 1: Nehmen Sie eine ausreichende Menge Kokosfaser aus dem Beutel<\/span><\/li>\n<li style=\"font-weight: 400;\" aria-level=\"1\"><span style=\"font-weight: 400;\">Schritt 2: Legen Sie es in Setzlings-\/Anzuchtschalen, wenn es f\u00fcr Baumschulen bestimmt ist, oder in T\u00f6pfe\/Beh\u00e4lter, wenn es zum Umpflanzen bestimmt ist.<\/span><\/li>\n<li style=\"font-weight: 400;\" aria-level=\"1\"><span style=\"font-weight: 400;\">Schritt 3: Um Pflanzen zu z\u00fcchten, verpflanzen Sie die S\u00e4mlinge in die T\u00f6pfe\/Beh\u00e4lter<\/span><\/li>\n<li style=\"font-weight: 400;\" aria-level=\"1\"><span style=\"font-weight: 400;\">Schritt 4: Bew\u00e4ssern und f\u00fcttern Sie die Pflanzen mit Ihrem eigenen oder empfohlenen N\u00e4hrstoff<\/span><\/li>\n<\/ul>\n<p><span style=\"font-weight: 400;\">Notiz<\/span><span style=\"font-weight: 400;\">: \u00dcbernehmen Sie die Kontrolle \u00fcber die F\u00fctterungsroutine, um M\u00e4ngel zu vermeiden<\/span><\/p>\n<h2><b>Konservierung von Kokos-Torfbeutel 50L\/100L (lose)<\/b><\/h2>\n<ul>\n<li style=\"font-weight: 400;\" aria-level=\"1\"><span style=\"font-weight: 400;\">An einem trockenen Ort lagern: Stellen Sie sicher, dass die Kokosfaser trocken bleibt, indem Sie sie an einem trockenen Ort fern von Feuchtigkeitsquellen wie Regen, Schnee und direkter Sonneneinstrahlung lagern.<\/span><\/li>\n<li style=\"font-weight: 400;\" aria-level=\"1\"><span style=\"font-weight: 400;\">Verschlie\u00dfen Sie den Beutel: Nachdem Sie den Beutel mit Kokosfasern ge\u00f6ffnet haben, verschlie\u00dfen Sie die \u00d6ffnung gut, damit keine Feuchtigkeit eindringen kann.<\/span><\/li>\n<li style=\"font-weight: 400;\" aria-level=\"1\"><span style=\"font-weight: 400;\">Halten Sie es k\u00fchl: Setzen Sie die Kokosfaser keinen hohen Temperaturen aus. Idealerweise sollte es an einem k\u00fchlen und schattigen Ort gelagert werden.<\/span><\/li>\n<li style=\"font-weight: 400;\" aria-level=\"1\"><span style=\"font-weight: 400;\">Kontamination vermeiden: Halten Sie die Kokosfaser von potenziellen Kontaminationsquellen wie D\u00fcngemitteln, Pestiziden und Chemikalien fern.<\/span><\/li>\n<li style=\"font-weight: 400;\" aria-level=\"1\"><span style=\"font-weight: 400;\">Innerhalb des vom Hersteller empfohlenen Verfallsdatums verwenden.<\/span><\/li>\n<\/ul>\n<p><span style=\"font-weight: 400;\">Mehr sehen:<\/span><\/p>\n<ul>\n<li style=\"font-weight: 400;\" aria-level=\"1\"><a href=\"https:\/\/cococoirglobal.com\/product\/coco-coir-grow-bag\/#coco_grow_bags\"><b>Pflanzbeutel aus Kokosfaser<\/b><\/a><span style=\"font-weight: 400;\"> F\u00fcr h\u00f6here Ertr\u00e4ge Coco Coir Global<\/span><\/li>\n<li style=\"font-weight: 400;\" aria-level=\"1\"><a href=\"https:\/\/cococoirglobal.com\/product\/coconut-coir-block\/#coco_chips\"><b>Kokosfaserblock<\/b><\/a><span style=\"font-weight: 400;\">\/Ziegel 5 kg \u2013 Coco Coir Global<\/span><\/li>\n<li style=\"font-weight: 400;\" aria-level=\"1\"><a href=\"https:\/\/cococoirglobal.com\/product\/coconut-coir-bulk\/#bulk_coco_coir\"><b>Kokos-Kokos-Masse<\/b><\/a><span style=\"font-weight: 400;\"> &#8211; Organische Wachstumsmedien 1800 l\/2000 l<\/span><\/li>\n<li style=\"font-weight: 400;\" aria-level=\"1\"><a href=\"https:\/\/cococoirglobal.com\/product\/coconut-coir-propagation-cube\/#coco_coir_grow_cubes\"><b>Kokosfaser-Vermehrungsw\u00fcrfel<\/b><\/a><\/li>\n<li style=\"font-weight: 400;\" aria-level=\"1\"><a href=\"https:\/\/cococoirglobal.com\/product\/compressed-coco-coir-open-top-bag\/#brick_of_coco_coir\"><b>Offene Tasche aus komprimierter Kokosfaser<\/b><\/a><span style=\"font-weight: 400;\"> (Kokos-Kokos-Ziegel)<\/span><\/li>\n<\/ul>\n<p><a href=\"https:\/\/cococoirglobal.com\/product\/pre-filled-coco-coir-bags\/#pre_filled_coco_coir_bag\"><b>Vorgef\u00fcllte Beutel aus Kokosfaser<\/b><\/a><span style=\"font-weight: 400;\"> &#8211; 100 % nat\u00fcrlich aus Kokosnussschalen<\/span><\/p>\n","protected":false},"excerpt":{"rendered":"<p>\u2713 Leicht, einfach zu tragen und zu verwenden<\/p>\n<p>\u2713 Bequemer Transport bei gro\u00dfen Mengen<\/p>\n<p>\u2713 Geeignet f\u00fcr eine Vielzahl von Pflanzen sowohl im kleinen als auch im gro\u00dfen Anbau<\/p>\n<p>\u2713 Vielf\u00e4ltige Einsatzm\u00f6glichkeiten sowohl f\u00fcr den Gartenbau als auch f\u00fcr den Nicht-Gartenbau<\/p>\n<p>\u2713 Leicht zu finden und zu kaufen<\/p>\n","protected":false},"featured_media":30998,"comment_status":"open","ping_status":"closed","template":"","meta":[],"product_cat":[572],"product_tag":[],"yoast_head":"<!-- This site is optimized with the Yoast SEO plugin v22.6 - https:\/\/yoast.com\/wordpress\/plugins\/seo\/ -->\n<title>Beutel aus Kokostorf und Kokosfaser, 50 l\/100 l (lose)<\/title>\n<meta name=\"description\" content=\"Kokos-Torf \u2611 Kokos-Torferde \u2611 Kokos-Torf \u2611 Kokosfaser \u2611 Kokos-Torf-Erde \u2611 OMRI-gelistet: Omri-Produktcode: coz-16230\" \/>\n<meta name=\"robots\" content=\"index, follow, max-snippet:-1, max-image-preview:large, max-video-preview:-1\" \/>\n<link rel=\"canonical\" href=\"https:\/\/cococoirglobal.com\/de\/product\/coco-peat-bag-50l-100l-loose\/\" \/>\n<meta property=\"og:locale\" content=\"de_DE\" \/>\n<meta property=\"og:type\" content=\"article\" \/>\n<meta property=\"og:title\" content=\"Beutel aus Kokostorf und Kokosfaser, 50 l\/100 l (lose)\" \/>\n<meta property=\"og:description\" content=\"Kokos-Torf \u2611 Kokos-Torferde \u2611 Kokos-Torf \u2611 Kokosfaser \u2611 Kokos-Torf-Erde \u2611 OMRI-gelistet: Omri-Produktcode: coz-16230\" \/>\n<meta property=\"og:url\" content=\"https:\/\/cococoirglobal.com\/de\/product\/coco-peat-bag-50l-100l-loose\/\" \/>\n<meta property=\"og:site_name\" content=\"Coco Coir Global Vietnam\" \/>\n<meta property=\"article:publisher\" content=\"https:\/\/www.facebook.com\/cococoirglobal\/\" \/>\n<meta property=\"article:modified_time\" content=\"2023-12-04T04:55:21+00:00\" \/>\n<meta property=\"og:image\" content=\"https:\/\/cococoirglobal.com\/wp-content\/uploads\/2022\/11\/Coco-peat-50L-7.png\" \/>\n\t<meta property=\"og:image:width\" content=\"1080\" \/>\n\t<meta property=\"og:image:height\" content=\"800\" \/>\n\t<meta property=\"og:image:type\" content=\"image\/png\" \/>\n<meta name=\"twitter:card\" content=\"summary_large_image\" \/>\n<meta name=\"twitter:label1\" content=\"Gesch\u00e4tzte Lesezeit\" \/>\n\t<meta name=\"twitter:data1\" content=\"3 Minuten\" \/>\n<script type=\"application\/ld+json\" class=\"yoast-schema-graph\">{\"@context\":\"https:\/\/schema.org\",\"@graph\":[{\"@type\":\"WebPage\",\"@id\":\"https:\/\/cococoirglobal.com\/de\/product\/coco-peat-bag-50l-100l-loose\/\",\"url\":\"https:\/\/cococoirglobal.com\/de\/product\/coco-peat-bag-50l-100l-loose\/\",\"name\":\"Beutel aus Kokostorf und Kokosfaser, 50 l\/100 l (lose)\",\"isPartOf\":{\"@id\":\"https:\/\/cococoirglobal.com\/de\/#website\"},\"primaryImageOfPage\":{\"@id\":\"https:\/\/cococoirglobal.com\/de\/product\/coco-peat-bag-50l-100l-loose\/#primaryimage\"},\"image\":{\"@id\":\"https:\/\/cococoirglobal.com\/de\/product\/coco-peat-bag-50l-100l-loose\/#primaryimage\"},\"thumbnailUrl\":\"https:\/\/cococoirglobal.com\/wp-content\/uploads\/2022\/11\/Coco-peat-50L-7.png\",\"datePublished\":\"2023-10-05T04:32:47+00:00\",\"dateModified\":\"2023-12-04T04:55:21+00:00\",\"description\":\"Kokos-Torf \u2611 Kokos-Torferde \u2611 Kokos-Torf \u2611 Kokosfaser \u2611 Kokos-Torf-Erde \u2611 OMRI-gelistet: Omri-Produktcode: coz-16230\",\"breadcrumb\":{\"@id\":\"https:\/\/cococoirglobal.com\/de\/product\/coco-peat-bag-50l-100l-loose\/#breadcrumb\"},\"inLanguage\":\"de-DE\",\"potentialAction\":[{\"@type\":\"ReadAction\",\"target\":[\"https:\/\/cococoirglobal.com\/de\/product\/coco-peat-bag-50l-100l-loose\/\"]}]},{\"@type\":\"ImageObject\",\"inLanguage\":\"de-DE\",\"@id\":\"https:\/\/cococoirglobal.com\/de\/product\/coco-peat-bag-50l-100l-loose\/#primaryimage\",\"url\":\"https:\/\/cococoirglobal.com\/wp-content\/uploads\/2022\/11\/Coco-peat-50L-7.png\",\"contentUrl\":\"https:\/\/cococoirglobal.com\/wp-content\/uploads\/2022\/11\/Coco-peat-50L-7.png\",\"width\":1080,\"height\":800},{\"@type\":\"BreadcrumbList\",\"@id\":\"https:\/\/cococoirglobal.com\/de\/product\/coco-peat-bag-50l-100l-loose\/#breadcrumb\",\"itemListElement\":[{\"@type\":\"ListItem\",\"position\":1,\"name\":\"Home\",\"item\":\"https:\/\/cococoirglobal.com\/de\/\"},{\"@type\":\"ListItem\",\"position\":2,\"name\":\"Produkte\",\"item\":\"https:\/\/cococoirglobal.com\/de\/shop\/\"},{\"@type\":\"ListItem\",\"position\":3,\"name\":\"Kokos Kokos Produkte\",\"item\":\"https:\/\/cococoirglobal.com\/de\/product-category\/kokos-kokos-produkte\/\"},{\"@type\":\"ListItem\",\"position\":4,\"name\":\"Kokostorfbeutel 50L\/100L (lose)\"}]},{\"@type\":\"WebSite\",\"@id\":\"https:\/\/cococoirglobal.com\/de\/#website\",\"url\":\"https:\/\/cococoirglobal.com\/de\/\",\"name\":\"Coco Coir Global\",\"description\":\"The leading manufacturer and supplier of Coco Coir Products!\",\"publisher\":{\"@id\":\"https:\/\/cococoirglobal.com\/de\/#organization\"},\"potentialAction\":[{\"@type\":\"SearchAction\",\"target\":{\"@type\":\"EntryPoint\",\"urlTemplate\":\"https:\/\/cococoirglobal.com\/de\/?s={search_term_string}\"},\"query-input\":\"required name=search_term_string\"}],\"inLanguage\":\"de-DE\"},{\"@type\":\"Organization\",\"@id\":\"https:\/\/cococoirglobal.com\/de\/#organization\",\"name\":\"COCO COIR GLOBAL COMPANY LIMITED\",\"url\":\"https:\/\/cococoirglobal.com\/de\/\",\"logo\":{\"@type\":\"ImageObject\",\"inLanguage\":\"de-DE\",\"@id\":\"https:\/\/cococoirglobal.com\/de\/#\/schema\/logo\/image\/\",\"url\":\"https:\/\/cococoirglobal.com\/wp-content\/uploads\/2023\/05\/Logo-coco-coir.png\",\"contentUrl\":\"https:\/\/cococoirglobal.com\/wp-content\/uploads\/2023\/05\/Logo-coco-coir.png\",\"width\":512,\"height\":512,\"caption\":\"COCO COIR GLOBAL COMPANY LIMITED\"},\"image\":{\"@id\":\"https:\/\/cococoirglobal.com\/de\/#\/schema\/logo\/image\/\"},\"sameAs\":[\"https:\/\/www.facebook.com\/cococoirglobal\/\",\"https:\/\/www.instagram.com\/cococoirglobal\/\",\"https:\/\/www.linkedin.com\/company\/coco-coir-global-company-limited\",\"https:\/\/www.youtube.com\/channel\/UC4Xk-Is93xHrllYZADkM7yQ\"]}]}<\/script>\n<!-- \/ Yoast SEO plugin. -->","yoast_head_json":{"title":"Beutel aus Kokostorf und Kokosfaser, 50 l\/100 l (lose)","description":"Kokos-Torf \u2611 Kokos-Torferde \u2611 Kokos-Torf \u2611 Kokosfaser \u2611 Kokos-Torf-Erde \u2611 OMRI-gelistet: Omri-Produktcode: coz-16230","robots":{"index":"index","follow":"follow","max-snippet":"max-snippet:-1","max-image-preview":"max-image-preview:large","max-video-preview":"max-video-preview:-1"},"canonical":"https:\/\/cococoirglobal.com\/de\/product\/coco-peat-bag-50l-100l-loose\/","og_locale":"de_DE","og_type":"article","og_title":"Beutel aus Kokostorf und Kokosfaser, 50 l\/100 l (lose)","og_description":"Kokos-Torf \u2611 Kokos-Torferde \u2611 Kokos-Torf \u2611 Kokosfaser \u2611 Kokos-Torf-Erde \u2611 OMRI-gelistet: Omri-Produktcode: coz-16230","og_url":"https:\/\/cococoirglobal.com\/de\/product\/coco-peat-bag-50l-100l-loose\/","og_site_name":"Coco Coir Global Vietnam","article_publisher":"https:\/\/www.facebook.com\/cococoirglobal\/","article_modified_time":"2023-12-04T04:55:21+00:00","og_image":[{"width":1080,"height":800,"url":"https:\/\/cococoirglobal.com\/wp-content\/uploads\/2022\/11\/Coco-peat-50L-7.png","type":"image\/png"}],"twitter_card":"summary_large_image","twitter_misc":{"Gesch\u00e4tzte Lesezeit":"3 Minuten"},"schema":{"@context":"https:\/\/schema.org","@graph":[{"@type":"WebPage","@id":"https:\/\/cococoirglobal.com\/de\/product\/coco-peat-bag-50l-100l-loose\/","url":"https:\/\/cococoirglobal.com\/de\/product\/coco-peat-bag-50l-100l-loose\/","name":"Beutel aus Kokostorf und Kokosfaser, 50 l\/100 l (lose)","isPartOf":{"@id":"https:\/\/cococoirglobal.com\/de\/#website"},"primaryImageOfPage":{"@id":"https:\/\/cococoirglobal.com\/de\/product\/coco-peat-bag-50l-100l-loose\/#primaryimage"},"image":{"@id":"https:\/\/cococoirglobal.com\/de\/product\/coco-peat-bag-50l-100l-loose\/#primaryimage"},"thumbnailUrl":"https:\/\/cococoirglobal.com\/wp-content\/uploads\/2022\/11\/Coco-peat-50L-7.png","datePublished":"2023-10-05T04:32:47+00:00","dateModified":"2023-12-04T04:55:21+00:00","description":"Kokos-Torf \u2611 Kokos-Torferde \u2611 Kokos-Torf \u2611 Kokosfaser \u2611 Kokos-Torf-Erde \u2611 OMRI-gelistet: Omri-Produktcode: coz-16230","breadcrumb":{"@id":"https:\/\/cococoirglobal.com\/de\/product\/coco-peat-bag-50l-100l-loose\/#breadcrumb"},"inLanguage":"de-DE","potentialAction":[{"@type":"ReadAction","target":["https:\/\/cococoirglobal.com\/de\/product\/coco-peat-bag-50l-100l-loose\/"]}]},{"@type":"ImageObject","inLanguage":"de-DE","@id":"https:\/\/cococoirglobal.com\/de\/product\/coco-peat-bag-50l-100l-loose\/#primaryimage","url":"https:\/\/cococoirglobal.com\/wp-content\/uploads\/2022\/11\/Coco-peat-50L-7.png","contentUrl":"https:\/\/cococoirglobal.com\/wp-content\/uploads\/2022\/11\/Coco-peat-50L-7.png","width":1080,"height":800},{"@type":"BreadcrumbList","@id":"https:\/\/cococoirglobal.com\/de\/product\/coco-peat-bag-50l-100l-loose\/#breadcrumb","itemListElement":[{"@type":"ListItem","position":1,"name":"Home","item":"https:\/\/cococoirglobal.com\/de\/"},{"@type":"ListItem","position":2,"name":"Produkte","item":"https:\/\/cococoirglobal.com\/de\/shop\/"},{"@type":"ListItem","position":3,"name":"Kokos Kokos Produkte","item":"https:\/\/cococoirglobal.com\/de\/product-category\/kokos-kokos-produkte\/"},{"@type":"ListItem","position":4,"name":"Kokostorfbeutel 50L\/100L (lose)"}]},{"@type":"WebSite","@id":"https:\/\/cococoirglobal.com\/de\/#website","url":"https:\/\/cococoirglobal.com\/de\/","name":"Coco Coir Global","description":"The leading manufacturer and supplier of Coco Coir Products!","publisher":{"@id":"https:\/\/cococoirglobal.com\/de\/#organization"},"potentialAction":[{"@type":"SearchAction","target":{"@type":"EntryPoint","urlTemplate":"https:\/\/cococoirglobal.com\/de\/?s={search_term_string}"},"query-input":"required name=search_term_string"}],"inLanguage":"de-DE"},{"@type":"Organization","@id":"https:\/\/cococoirglobal.com\/de\/#organization","name":"COCO COIR GLOBAL COMPANY LIMITED","url":"https:\/\/cococoirglobal.com\/de\/","logo":{"@type":"ImageObject","inLanguage":"de-DE","@id":"https:\/\/cococoirglobal.com\/de\/#\/schema\/logo\/image\/","url":"https:\/\/cococoirglobal.com\/wp-content\/uploads\/2023\/05\/Logo-coco-coir.png","contentUrl":"https:\/\/cococoirglobal.com\/wp-content\/uploads\/2023\/05\/Logo-coco-coir.png","width":512,"height":512,"caption":"COCO COIR GLOBAL COMPANY LIMITED"},"image":{"@id":"https:\/\/cococoirglobal.com\/de\/#\/schema\/logo\/image\/"},"sameAs":["https:\/\/www.facebook.com\/cococoirglobal\/","https:\/\/www.instagram.com\/cococoirglobal\/","https:\/\/www.linkedin.com\/company\/coco-coir-global-company-limited","https:\/\/www.youtube.com\/channel\/UC4Xk-Is93xHrllYZADkM7yQ"]}]}},"_links":{"self":[{"href":"https:\/\/cococoirglobal.com\/de\/wp-json\/wp\/v2\/product\/30946"}],"collection":[{"href":"https:\/\/cococoirglobal.com\/de\/wp-json\/wp\/v2\/product"}],"about":[{"href":"https:\/\/cococoirglobal.com\/de\/wp-json\/wp\/v2\/types\/product"}],"replies":[{"embeddable":true,"href":"https:\/\/cococoirglobal.com\/de\/wp-json\/wp\/v2\/comments?post=30946"}],"wp:featuredmedia":[{"embeddable":true,"href":"https:\/\/cococoirglobal.com\/de\/wp-json\/wp\/v2\/media\/30998"}],"wp:attachment":[{"href":"https:\/\/cococoirglobal.com\/de\/wp-json\/wp\/v2\/media?parent=30946"}],"wp:term":[{"taxonomy":"product_cat","embeddable":true,"href":"https:\/\/cococoirglobal.com\/de\/wp-json\/wp\/v2\/product_cat?post=30946"},{"taxonomy":"product_tag","embeddable":true,"href":"https:\/\/cococoirglobal.com\/de\/wp-json\/wp\/v2\/product_tag?post=30946"}],"curies":[{"name":"wp","href":"https:\/\/api.w.org\/{rel}","templated":true}]}}