{"id":31955,"date":"2023-10-24T10:57:00","date_gmt":"2023-10-24T03:57:00","guid":{"rendered":"https:\/\/cococoirglobal.com\/?page_id=31955"},"modified":"2023-10-24T17:44:48","modified_gmt":"2023-10-24T10:44:48","slug":"faq","status":"publish","type":"page","link":"https:\/\/cococoirglobal.com\/de\/faq\/","title":{"rendered":"FAQ"},"content":{"rendered":"\t<div id=\"text-2680627843\" class=\"text\">\n\t\t\n<h1>FAQ<\/h1>\n\t\t\n<style>\n#text-2680627843 {\n  text-align: center;\n}\n<\/style>\n\t<\/div>\n\t\n<div class=\"row\"  id=\"row-73190501\">\n\n\t<div id=\"col-1566271769\" class=\"col small-12 large-12\"  >\n\t\t\t\t<div class=\"col-inner\"  >\n\t\t\t\n\t\t\t\n<div class=\"accordion\">\n<div id=\"accordion-1795551788\" class=\"accordion-item\"><a id=\"accordion-1795551788-label\" href=\"#\" class=\"accordion-title plain\" aria-expanded=\"false\" aria-controls=\"accordion-1795551788-content\"><button class=\"toggle\" aria-label=\"Toggle\"><i class=\"icon-angle-down\"><\/i><\/button><span>Was ist Kokosfaser?<\/span><\/a><div id=\"accordion-1795551788-content\" class=\"accordion-inner\" aria-labelledby=\"accordion-1795551788-label\">\n<p>Kokosfaser, auch Kokostorf oder Kokosfaser genannt, wird aus der Schale von Kokosn\u00fcssen gewonnen. Es wird h\u00e4ufig als Wachstumsmedium im Gartenbau und Gartenbau verwendet.<\/p>\n<\/div><\/div>\n<\/div>\n<div class=\"accordion\">\n<div id=\"accordion-3346642825\" class=\"accordion-item\"><a id=\"accordion-3346642825-label\" href=\"#\" class=\"accordion-title plain\" aria-expanded=\"false\" aria-controls=\"accordion-3346642825-content\"><button class=\"toggle\" aria-label=\"Toggle\"><i class=\"icon-angle-down\"><\/i><\/button><span>Ist Kokosfaser ein organisches Material?<\/span><\/a><div id=\"accordion-3346642825-content\" class=\"accordion-inner\" aria-labelledby=\"accordion-3346642825-label\">\n<p>Ja, Kokosfaser gilt als organisches Material, da es aus nat\u00fcrlichen Quellen (Kokosnussschalen) gewonnen wird und frei von synthetischen Zusatzstoffen ist.<\/p>\n<\/div><\/div>\n<\/div>\n<div class=\"accordion\">\n<div id=\"accordion-3321418944\" class=\"accordion-item\"><a id=\"accordion-3321418944-label\" href=\"#\" class=\"accordion-title plain\" aria-expanded=\"false\" aria-controls=\"accordion-3321418944-content\"><button class=\"toggle\" aria-label=\"Toggle\"><i class=\"icon-angle-down\"><\/i><\/button><span>Welche Vorteile bietet die Verwendung von Kokosfaser in der Hydrokultur?<\/span><\/a><div id=\"accordion-3321418944-content\" class=\"accordion-inner\" aria-labelledby=\"accordion-3321418944-label\">\n<p>Zu den Vorteilen der Verwendung von Kokosfaser in der Hydrokultur geh\u00f6ren seine Nachhaltigkeit, seine erneuerbare Natur und die F\u00e4higkeit, Feuchtigkeit zu speichern, ohne dass es zu Staun\u00e4sse kommt. Au\u00dferdem ist es leicht, einfach zu handhaben und bietet eine g\u00fcnstige Umgebung f\u00fcr die Wurzelentwicklung.<\/p>\n<\/div><\/div>\n<\/div>\n<div class=\"accordion\">\n<div id=\"accordion-1442291299\" class=\"accordion-item\"><a id=\"accordion-1442291299-label\" href=\"#\" class=\"accordion-title plain\" aria-expanded=\"false\" aria-controls=\"accordion-1442291299-content\"><button class=\"toggle\" aria-label=\"Toggle\"><i class=\"icon-angle-down\"><\/i><\/button><span>Wie wird Kokosfaser im Garten verwendet?<\/span><\/a><div id=\"accordion-1442291299-content\" class=\"accordion-inner\" aria-labelledby=\"accordion-1442291299-label\">\n<p>Kokosfaser kann als eigenst\u00e4ndiges Wachstumsmedium verwendet oder mit anderen Substraten gemischt werden. Es wird h\u00e4ufig zum Ansetzen von Saatgut, f\u00fcr den Gartenbau in Containern, f\u00fcr Hydrokulturen und als Bodenverbesserungsmittel verwendet.<\/p>\n<\/div><\/div>\n<\/div>\n<div class=\"accordion\">\n<div id=\"accordion-2091349420\" class=\"accordion-item\"><a id=\"accordion-2091349420-label\" href=\"#\" class=\"accordion-title plain\" aria-expanded=\"false\" aria-controls=\"accordion-2091349420-content\"><button class=\"toggle\" aria-label=\"Toggle\"><i class=\"icon-angle-down\"><\/i><\/button><span>Welche Vorteile bietet die Verwendung von Kokosfaser?<\/span><\/a><div id=\"accordion-2091349420-content\" class=\"accordion-inner\" aria-labelledby=\"accordion-2091349420-label\">\n<p>Um einige Vorteile von Kokos zu nennen: gute Wasserspeicherkapazit\u00e4t, gute Entw\u00e4sserung, hohe Luftporosit\u00e4t zur Entwicklung guter Wurzeln und hoher Kationenaustausch f\u00fcr eine bessere N\u00e4hrstoffaufnahme. Au\u00dferdem ist es leicht, einfach zu handhaben und verf\u00fcgt \u00fcber eine gute Drainage. Es ist au\u00dferdem eine nachhaltige und erneuerbare Ressource.<\/p>\n<\/div><\/div>\n<\/div>\n<div class=\"accordion\">\n<div id=\"accordion-541997423\" class=\"accordion-item\"><a id=\"accordion-541997423-label\" href=\"#\" class=\"accordion-title plain\" aria-expanded=\"false\" aria-controls=\"accordion-541997423-content\"><button class=\"toggle\" aria-label=\"Toggle\"><i class=\"icon-angle-down\"><\/i><\/button><span>Ist Kokosfaser ein organisches Material?<\/span><\/a><div id=\"accordion-541997423-content\" class=\"accordion-inner\" aria-labelledby=\"accordion-541997423-label\">\n<p>Kokosfaser ist von Natur aus leicht sauer und hat einen pH-Wert zwischen 5,5 und 6,5. Im Vergleich zu anderen erdlosen Medien wie Torfmoos gilt es im Allgemeinen als pH-neutral.<\/p>\n<\/div><\/div>\n<\/div>\n<div class=\"accordion\">\n<div id=\"accordion-1592789229\" class=\"accordion-item\"><a id=\"accordion-1592789229-label\" href=\"#\" class=\"accordion-title plain\" aria-expanded=\"false\" aria-controls=\"accordion-1592789229-content\"><button class=\"toggle\" aria-label=\"Toggle\"><i class=\"icon-angle-down\"><\/i><\/button><span>Wie oft sollte Kokosfaser gegossen werden?<\/span><\/a><div id=\"accordion-1592789229-content\" class=\"accordion-inner\" aria-labelledby=\"accordion-1592789229-label\">\n<p>Die Bew\u00e4sserungsh\u00e4ufigkeit f\u00fcr Kokosfaser h\u00e4ngt von verschiedenen Faktoren wie Pflanzentyp, Beh\u00e4ltergr\u00f6\u00dfe und Umgebungsbedingungen ab. Es h\u00e4ngt auch von der Materialzusammensetzung der Kokosfaser ab (da jede Kokosfaser \u00fcber eine unterschiedliche Drainage verf\u00fcgt). Als allgemeine Richtlinie gilt, dass Kokosfaser gew\u00e4ssert werden sollte, wenn sich die oberste Schicht trocken anf\u00fchlt.<\/p>\n<\/div><\/div>\n<\/div>\n<div class=\"accordion\">\n<div id=\"accordion-723937751\" class=\"accordion-item\"><a id=\"accordion-723937751-label\" href=\"#\" class=\"accordion-title plain\" aria-expanded=\"false\" aria-controls=\"accordion-723937751-content\"><button class=\"toggle\" aria-label=\"Toggle\"><i class=\"icon-angle-down\"><\/i><\/button><span>Kann Kokosfaser wiederverwendet werden?<\/span><\/a><div id=\"accordion-723937751-content\" class=\"accordion-inner\" aria-labelledby=\"accordion-723937751-label\">\n<p>Ja, Kokosfaser kann bei richtiger Behandlung und Vorbereitung mehrmals wiederverwendet werden. Je h\u00f6her die Qualit\u00e4t, desto \u00f6fter k\u00f6nnen Sie es wiederverwenden.<\/p>\n<\/div><\/div>\n<\/div>\n<div class=\"accordion\">\n<div id=\"accordion-3206008954\" class=\"accordion-item\"><a id=\"accordion-3206008954-label\" href=\"#\" class=\"accordion-title plain\" aria-expanded=\"false\" aria-controls=\"accordion-3206008954-content\"><button class=\"toggle\" aria-label=\"Toggle\"><i class=\"icon-angle-down\"><\/i><\/button><span>Enth\u00e4lt Kokosfaser N\u00e4hrstoffe?<\/span><\/a><div id=\"accordion-3206008954-content\" class=\"accordion-inner\" aria-labelledby=\"accordion-3206008954-label\">\n<p>Kokosfaser hat einen geringen N\u00e4hrstoffgehalt und wird daher h\u00e4ufig mit N\u00e4hrl\u00f6sungen verwendet oder mit organischen D\u00fcngemitteln erg\u00e4nzt, um wichtige N\u00e4hrstoffe f\u00fcr das Pflanzenwachstum bereitzustellen.<\/p>\n<\/div><\/div>\n<\/div>\n<div class=\"accordion\">\n<div id=\"accordion-3357162144\" class=\"accordion-item\"><a id=\"accordion-3357162144-label\" href=\"#\" class=\"accordion-title plain\" aria-expanded=\"false\" aria-controls=\"accordion-3357162144-content\"><button class=\"toggle\" aria-label=\"Toggle\"><i class=\"icon-angle-down\"><\/i><\/button><span>Ist Kokosfaser umweltfreundlich?<\/span><\/a><div id=\"accordion-3357162144-content\" class=\"accordion-inner\" aria-labelledby=\"accordion-3357162144-label\">\n<p>Ja, Kokos gilt als umweltfreundlich, da es ein Nebenprodukt der Kokosnussindustrie ist und biologisch abbaubar ist. Es ist eine nachhaltige Alternative zu Torfmoos und au\u00dferdem kompostierbar, was zur Verbesserung der Bodenstruktur beitr\u00e4gt.<\/p>\n<\/div><\/div>\n<\/div>\n<div class=\"accordion\">\n<div id=\"accordion-3825494335\" class=\"accordion-item\"><a id=\"accordion-3825494335-label\" href=\"#\" class=\"accordion-title plain\" aria-expanded=\"false\" aria-controls=\"accordion-3825494335-content\"><button class=\"toggle\" aria-label=\"Toggle\"><i class=\"icon-angle-down\"><\/i><\/button><span>Wo kann ich Kokosfaser kaufen?<\/span><\/a><div id=\"accordion-3825494335-content\" class=\"accordion-inner\" aria-labelledby=\"accordion-3825494335-label\">\n<p>Wenn Sie kommerzielle Z\u00fcchter, H\u00e4ndler oder Einzelh\u00e4ndler sind, sollten Sie sich f\u00fcr den Direktkauf ab Fabrik entscheiden, da Sie durch den Kauf gro\u00dfer Mengen g\u00fcnstigere Preise erhalten. Wenn Sie dagegen Einzelanbauer sind und selbst zu Hause g\u00e4rtnern m\u00f6chten oder damit anfangen m\u00f6chten, ist es besser, Kokosprodukte in Gartenfachgesch\u00e4ften, Baumschulen oder Online-Shops zu kaufen.<\/p>\n<\/div><\/div>\n<\/div>\n\t\t<\/div>\n\t\t\t\t\t<\/div>\n\n\t\n<\/div>\n","protected":false},"excerpt":{"rendered":"","protected":false},"author":2,"featured_media":0,"parent":0,"menu_order":0,"comment_status":"closed","ping_status":"closed","template":"","meta":{"footnotes":""},"yoast_head":"<!-- This site is optimized with the Yoast SEO plugin v22.6 - https:\/\/yoast.com\/wordpress\/plugins\/seo\/ -->\n<title>FAQ - Coco Coir Global Vietnam<\/title>\n<meta name=\"robots\" content=\"index, follow, max-snippet:-1, max-image-preview:large, max-video-preview:-1\" \/>\n<link rel=\"canonical\" href=\"https:\/\/cococoirglobal.com\/de\/faq\/\" \/>\n<meta property=\"og:locale\" content=\"de_DE\" \/>\n<meta property=\"og:type\" content=\"article\" \/>\n<meta property=\"og:title\" content=\"FAQ - Coco Coir Global Vietnam\" \/>\n<meta property=\"og:url\" content=\"https:\/\/cococoirglobal.com\/de\/faq\/\" \/>\n<meta property=\"og:site_name\" content=\"Coco Coir Global Vietnam\" \/>\n<meta property=\"article:publisher\" content=\"https:\/\/www.facebook.com\/cococoirglobal\/\" \/>\n<meta property=\"article:modified_time\" content=\"2023-10-24T10:44:48+00:00\" \/>\n<meta property=\"og:image\" content=\"https:\/\/cococoirglobal.com\/wp-content\/uploads\/2021\/08\/cropped-Logo-icon.png\" \/>\n\t<meta property=\"og:image:width\" content=\"512\" \/>\n\t<meta property=\"og:image:height\" content=\"512\" \/>\n\t<meta property=\"og:image:type\" content=\"image\/png\" \/>\n<meta name=\"twitter:card\" content=\"summary_large_image\" \/>\n<meta name=\"twitter:label1\" content=\"Gesch\u00e4tzte Lesezeit\" \/>\n\t<meta name=\"twitter:data1\" content=\"3 Minuten\" \/>\n<script type=\"application\/ld+json\" class=\"yoast-schema-graph\">{\"@context\":\"https:\/\/schema.org\",\"@graph\":[{\"@type\":\"WebPage\",\"@id\":\"https:\/\/cococoirglobal.com\/de\/faq\/\",\"url\":\"https:\/\/cococoirglobal.com\/de\/faq\/\",\"name\":\"FAQ - Coco Coir Global Vietnam\",\"isPartOf\":{\"@id\":\"https:\/\/cococoirglobal.com\/de\/#website\"},\"datePublished\":\"2023-10-24T03:57:00+00:00\",\"dateModified\":\"2023-10-24T10:44:48+00:00\",\"breadcrumb\":{\"@id\":\"https:\/\/cococoirglobal.com\/de\/faq\/#breadcrumb\"},\"inLanguage\":\"de-DE\",\"potentialAction\":[{\"@type\":\"ReadAction\",\"target\":[\"https:\/\/cococoirglobal.com\/de\/faq\/\"]}]},{\"@type\":\"BreadcrumbList\",\"@id\":\"https:\/\/cococoirglobal.com\/de\/faq\/#breadcrumb\",\"itemListElement\":[{\"@type\":\"ListItem\",\"position\":1,\"name\":\"Home\",\"item\":\"https:\/\/cococoirglobal.com\/de\/\"},{\"@type\":\"ListItem\",\"position\":2,\"name\":\"FAQ\"}]},{\"@type\":\"WebSite\",\"@id\":\"https:\/\/cococoirglobal.com\/de\/#website\",\"url\":\"https:\/\/cococoirglobal.com\/de\/\",\"name\":\"Coco Coir Global\",\"description\":\"The leading manufacturer and supplier of Coco Coir Products!\",\"publisher\":{\"@id\":\"https:\/\/cococoirglobal.com\/de\/#organization\"},\"potentialAction\":[{\"@type\":\"SearchAction\",\"target\":{\"@type\":\"EntryPoint\",\"urlTemplate\":\"https:\/\/cococoirglobal.com\/de\/?s={search_term_string}\"},\"query-input\":\"required name=search_term_string\"}],\"inLanguage\":\"de-DE\"},{\"@type\":\"Organization\",\"@id\":\"https:\/\/cococoirglobal.com\/de\/#organization\",\"name\":\"COCO COIR GLOBAL COMPANY LIMITED\",\"url\":\"https:\/\/cococoirglobal.com\/de\/\",\"logo\":{\"@type\":\"ImageObject\",\"inLanguage\":\"de-DE\",\"@id\":\"https:\/\/cococoirglobal.com\/de\/#\/schema\/logo\/image\/\",\"url\":\"https:\/\/cococoirglobal.com\/wp-content\/uploads\/2023\/05\/Logo-coco-coir.png\",\"contentUrl\":\"https:\/\/cococoirglobal.com\/wp-content\/uploads\/2023\/05\/Logo-coco-coir.png\",\"width\":512,\"height\":512,\"caption\":\"COCO COIR GLOBAL COMPANY LIMITED\"},\"image\":{\"@id\":\"https:\/\/cococoirglobal.com\/de\/#\/schema\/logo\/image\/\"},\"sameAs\":[\"https:\/\/www.facebook.com\/cococoirglobal\/\",\"https:\/\/www.instagram.com\/cococoirglobal\/\",\"https:\/\/www.linkedin.com\/company\/coco-coir-global-company-limited\",\"https:\/\/www.youtube.com\/channel\/UC4Xk-Is93xHrllYZADkM7yQ\"]}]}<\/script>\n<!-- \/ Yoast SEO plugin. -->","yoast_head_json":{"title":"FAQ - Coco Coir Global Vietnam","robots":{"index":"index","follow":"follow","max-snippet":"max-snippet:-1","max-image-preview":"max-image-preview:large","max-video-preview":"max-video-preview:-1"},"canonical":"https:\/\/cococoirglobal.com\/de\/faq\/","og_locale":"de_DE","og_type":"article","og_title":"FAQ - Coco Coir Global Vietnam","og_url":"https:\/\/cococoirglobal.com\/de\/faq\/","og_site_name":"Coco Coir Global Vietnam","article_publisher":"https:\/\/www.facebook.com\/cococoirglobal\/","article_modified_time":"2023-10-24T10:44:48+00:00","og_image":[{"width":512,"height":512,"url":"https:\/\/cococoirglobal.com\/wp-content\/uploads\/2021\/08\/cropped-Logo-icon.png","type":"image\/png"}],"twitter_card":"summary_large_image","twitter_misc":{"Gesch\u00e4tzte Lesezeit":"3 Minuten"},"schema":{"@context":"https:\/\/schema.org","@graph":[{"@type":"WebPage","@id":"https:\/\/cococoirglobal.com\/de\/faq\/","url":"https:\/\/cococoirglobal.com\/de\/faq\/","name":"FAQ - Coco Coir Global Vietnam","isPartOf":{"@id":"https:\/\/cococoirglobal.com\/de\/#website"},"datePublished":"2023-10-24T03:57:00+00:00","dateModified":"2023-10-24T10:44:48+00:00","breadcrumb":{"@id":"https:\/\/cococoirglobal.com\/de\/faq\/#breadcrumb"},"inLanguage":"de-DE","potentialAction":[{"@type":"ReadAction","target":["https:\/\/cococoirglobal.com\/de\/faq\/"]}]},{"@type":"BreadcrumbList","@id":"https:\/\/cococoirglobal.com\/de\/faq\/#breadcrumb","itemListElement":[{"@type":"ListItem","position":1,"name":"Home","item":"https:\/\/cococoirglobal.com\/de\/"},{"@type":"ListItem","position":2,"name":"FAQ"}]},{"@type":"WebSite","@id":"https:\/\/cococoirglobal.com\/de\/#website","url":"https:\/\/cococoirglobal.com\/de\/","name":"Coco Coir Global","description":"The leading manufacturer and supplier of Coco Coir Products!","publisher":{"@id":"https:\/\/cococoirglobal.com\/de\/#organization"},"potentialAction":[{"@type":"SearchAction","target":{"@type":"EntryPoint","urlTemplate":"https:\/\/cococoirglobal.com\/de\/?s={search_term_string}"},"query-input":"required name=search_term_string"}],"inLanguage":"de-DE"},{"@type":"Organization","@id":"https:\/\/cococoirglobal.com\/de\/#organization","name":"COCO COIR GLOBAL COMPANY LIMITED","url":"https:\/\/cococoirglobal.com\/de\/","logo":{"@type":"ImageObject","inLanguage":"de-DE","@id":"https:\/\/cococoirglobal.com\/de\/#\/schema\/logo\/image\/","url":"https:\/\/cococoirglobal.com\/wp-content\/uploads\/2023\/05\/Logo-coco-coir.png","contentUrl":"https:\/\/cococoirglobal.com\/wp-content\/uploads\/2023\/05\/Logo-coco-coir.png","width":512,"height":512,"caption":"COCO COIR GLOBAL COMPANY LIMITED"},"image":{"@id":"https:\/\/cococoirglobal.com\/de\/#\/schema\/logo\/image\/"},"sameAs":["https:\/\/www.facebook.com\/cococoirglobal\/","https:\/\/www.instagram.com\/cococoirglobal\/","https:\/\/www.linkedin.com\/company\/coco-coir-global-company-limited","https:\/\/www.youtube.com\/channel\/UC4Xk-Is93xHrllYZADkM7yQ"]}]}},"_links":{"self":[{"href":"https:\/\/cococoirglobal.com\/de\/wp-json\/wp\/v2\/pages\/31955"}],"collection":[{"href":"https:\/\/cococoirglobal.com\/de\/wp-json\/wp\/v2\/pages"}],"about":[{"href":"https:\/\/cococoirglobal.com\/de\/wp-json\/wp\/v2\/types\/page"}],"author":[{"embeddable":true,"href":"https:\/\/cococoirglobal.com\/de\/wp-json\/wp\/v2\/users\/2"}],"replies":[{"embeddable":true,"href":"https:\/\/cococoirglobal.com\/de\/wp-json\/wp\/v2\/comments?post=31955"}],"version-history":[{"count":0,"href":"https:\/\/cococoirglobal.com\/de\/wp-json\/wp\/v2\/pages\/31955\/revisions"}],"wp:attachment":[{"href":"https:\/\/cococoirglobal.com\/de\/wp-json\/wp\/v2\/media?parent=31955"}],"curies":[{"name":"wp","href":"https:\/\/api.w.org\/{rel}","templated":true}]}}