{"id":31191,"date":"2023-10-06T09:49:05","date_gmt":"2023-10-06T02:49:05","guid":{"rendered":"https:\/\/cococoirglobal.com\/?page_id=31191"},"modified":"2023-10-06T09:49:05","modified_gmt":"2023-10-06T02:49:05","slug":"warum-wir-anders-sind","status":"publish","type":"page","link":"https:\/\/cococoirglobal.com\/de\/warum-wir-anders-sind\/","title":{"rendered":"WARUM WIR ANDERS SIND"},"content":{"rendered":"\n<span><span><a href=\"https:\/\/cococoirglobal.com\/de\/\">Home<\/a><\/span><\/span>\n\n\n\t<div id=\"col-845987594\" class=\"col small-12 large-12\"  >\n\t\t\t\t<div class=\"col-inner\"  >\n\t\t\t\n\t\t\t\n\t<div id=\"text-420413366\" class=\"text\">\n\t\t\n<h1>WARUM WIR ANDERS SIND<\/h1>\n\t\t\n<style>\n#text-420413366 {\n  text-align: center;\n}\n<\/style>\n\t<\/div>\n\t\n\t\t<\/div>\n\t\t\t\t\t<\/div>\n\n\t\n<div class=\"row row-small align-middle align-center\"  id=\"row-662674580\">\n\n\t<div id=\"col-881617437\" class=\"col medium-6 small-12 large-6\"  >\n\t\t\t\t<div class=\"col-inner\"  >\n\t\t\t\n\t\t\t\n<h2>1. Marktf\u00fchrende Produktqualit\u00e4tskontrolle<\/h2>\n<p style=\"text-align: justify;\">Wir stellen f\u00fcr unsere Produkte EC- (l\u00f6sliche Salze), pH- und chemische Charakteristikanalyseberichte zur Verf\u00fcgung, die regelm\u00e4\u00dfig von akkreditierten Drittlabors in den USA f\u00fcr Produktionschargen im Zusammenhang mit Kundenbestellungen durchgef\u00fchrt werden.<\/p>\n\t\t<\/div>\n\t\t\t\t\t<\/div>\n\n\t\n\n\t<div id=\"col-202402094\" class=\"col medium-6 small-12 large-6\"  >\n\t\t\t\t<div class=\"col-inner\"  >\n\t\t\t\n\t\t\t\n\t<div class=\"img has-hover x md-x lg-x y md-y lg-y\" id=\"image_2131666245\">\n\t\t\t\t\t\t\t\t<div class=\"img-inner dark\" >\n\t\t\t<img width=\"500\" height=\"500\" src=\"https:\/\/cococoirglobal.com\/wp-content\/uploads\/2023\/05\/1-cococoirglobal.jpg\" class=\"attachment-original size-original\" alt=\"Ki\u1ec3m so\u00e1t ch\u1ea5t l\u01b0\u1ee3ng s\u1ea3n ph\u1ea9m h\u00e0ng \u0111\u1ea7u th\u1ecb tr\u01b0\u1eddng\" decoding=\"async\" loading=\"lazy\" srcset=\"https:\/\/cococoirglobal.com\/wp-content\/uploads\/2023\/05\/1-cococoirglobal.jpg 500w, https:\/\/cococoirglobal.com\/wp-content\/uploads\/2023\/05\/1-cococoirglobal-300x300.jpg 300w, https:\/\/cococoirglobal.com\/wp-content\/uploads\/2023\/05\/1-cococoirglobal-150x150.jpg 150w, https:\/\/cococoirglobal.com\/wp-content\/uploads\/2023\/05\/1-cococoirglobal-100x100.jpg 100w\" sizes=\"(max-width: 500px) 100vw, 500px\" \/>\t\t\t\t\t\t\n\t\t\t\t\t<\/div>\n\t\t\t\t\t\t\t\t\n<style>\n#image_2131666245 {\n  width: 100%;\n}\n<\/style>\n\t<\/div>\n\t\n\t\t<\/div>\n\t\t\t\t\t<\/div>\n\n\t\n<\/div>\n<div class=\"row row-small align-middle align-center\"  id=\"row-1083835836\">\n\n\t<div id=\"col-1835295801\" class=\"col medium-6 small-12 large-6\"  >\n\t\t\t\t<div class=\"col-inner\"  >\n\t\t\t\n\t\t\t\n\t<div class=\"img has-hover x md-x lg-x y md-y lg-y\" id=\"image_198404244\">\n\t\t\t\t\t\t\t\t<div class=\"img-inner dark\" >\n\t\t\t<img width=\"500\" height=\"500\" src=\"https:\/\/cococoirglobal.com\/wp-content\/uploads\/2023\/05\/2-cococoirglobal.jpg\" class=\"attachment-original size-original\" alt=\"Gi\u1eb7t v\u00e0 \u0111\u1ec7m\" decoding=\"async\" loading=\"lazy\" srcset=\"https:\/\/cococoirglobal.com\/wp-content\/uploads\/2023\/05\/2-cococoirglobal.jpg 500w, https:\/\/cococoirglobal.com\/wp-content\/uploads\/2023\/05\/2-cococoirglobal-300x300.jpg 300w, https:\/\/cococoirglobal.com\/wp-content\/uploads\/2023\/05\/2-cococoirglobal-150x150.jpg 150w, https:\/\/cococoirglobal.com\/wp-content\/uploads\/2023\/05\/2-cococoirglobal-100x100.jpg 100w\" sizes=\"(max-width: 500px) 100vw, 500px\" \/>\t\t\t\t\t\t\n\t\t\t\t\t<\/div>\n\t\t\t\t\t\t\t\t\n<style>\n#image_198404244 {\n  width: 100%;\n}\n<\/style>\n\t<\/div>\n\t\n\t\t<\/div>\n\t\t\t\t\t<\/div>\n\n\t\n\n\t<div id=\"col-317850702\" class=\"col medium-col-first medium-6 small-12 large-6\"  >\n\t\t\t\t<div class=\"col-inner\"  >\n\t\t\t\n\t\t\t\n<h2>2. Richtig behandelt<\/h2>\n<p style=\"text-align: justify;\">Unsere Kokosfaserprodukte werden gr\u00fcndlich gewaschen und ordnungsgem\u00e4\u00df behandelt, was zu einem niedrigen EC-Wert von weniger als 0,5 mS\/cm, einem stabilisierten pH-Wert im Bereich von 5,8\u20136,5 und einem vergleichbar extrem niedrigen Gehalt an Natrium (Na) und Kalium (K) f\u00fchrt andere Standard- und Spitzenprodukte auf dem Markt.<\/p>\n\t\t<\/div>\n\t\t\t\t\t<\/div>\n\n\t\n<\/div>\n<div class=\"row row-small align-middle align-center\"  id=\"row-1378537640\">\n\n\t<div id=\"col-1837065447\" class=\"col medium-6 small-12 large-6\"  >\n\t\t\t\t<div class=\"col-inner\"  >\n\t\t\t\n\t\t\t\n<h2>3. Schnelle Durchlaufzeit<\/h2>\n<p style=\"text-align: justify;\">7 Kalendertage f\u00fcr lose Kokosfaser und 20 Tage f\u00fcr komprimierte Kokosfaser pro Container 40\u2019HC. F\u00fcr Kokosnussschalen-Chips: 3 Tage f\u00fcr ungewaschene Produkte und 7 Kalendertage f\u00fcr gewaschene und gepufferte Produkte.<\/p>\n\t\t<\/div>\n\t\t\t\t\t<\/div>\n\n\t\n\n\t<div id=\"col-1362321523\" class=\"col medium-6 small-12 large-6\"  >\n\t\t\t\t<div class=\"col-inner\"  >\n\t\t\t\n\t\t\t\n\t<div class=\"img has-hover x md-x lg-x y md-y lg-y\" id=\"image_1797659865\">\n\t\t\t\t\t\t\t\t<div class=\"img-inner dark\" >\n\t\t\t<img width=\"500\" height=\"500\" src=\"https:\/\/cococoirglobal.com\/wp-content\/uploads\/2023\/05\/3-cococoirglobal.jpg\" class=\"attachment-original size-original\" alt=\"Th\u1eddi gian quay v\u00f2ng nhanh\" decoding=\"async\" loading=\"lazy\" srcset=\"https:\/\/cococoirglobal.com\/wp-content\/uploads\/2023\/05\/3-cococoirglobal.jpg 500w, https:\/\/cococoirglobal.com\/wp-content\/uploads\/2023\/05\/3-cococoirglobal-300x300.jpg 300w, https:\/\/cococoirglobal.com\/wp-content\/uploads\/2023\/05\/3-cococoirglobal-150x150.jpg 150w, https:\/\/cococoirglobal.com\/wp-content\/uploads\/2023\/05\/3-cococoirglobal-100x100.jpg 100w\" sizes=\"(max-width: 500px) 100vw, 500px\" \/>\t\t\t\t\t\t\n\t\t\t\t\t<\/div>\n\t\t\t\t\t\t\t\t\n<style>\n#image_1797659865 {\n  width: 100%;\n}\n<\/style>\n\t<\/div>\n\t\n\t\t<\/div>\n\t\t\t\t\t<\/div>\n\n\t\n<\/div>\n<div class=\"row row-small align-middle align-center\"  id=\"row-1878132433\">\n\n\t<div id=\"col-358113671\" class=\"col medium-6 small-12 large-6\"  >\n\t\t\t\t<div class=\"col-inner\"  >\n\t\t\t\n\t\t\t\n\t<div class=\"img has-hover x md-x lg-x y md-y lg-y\" id=\"image_873397753\">\n\t\t\t\t\t\t\t\t<div class=\"img-inner dark\" >\n\t\t\t<img width=\"500\" height=\"500\" src=\"https:\/\/cococoirglobal.com\/wp-content\/uploads\/2023\/05\/4-cococoirglobal.jpg\" class=\"attachment-original size-original\" alt=\"cung c\u1ea5p quy m\u00f4 l\u1edbn\" decoding=\"async\" loading=\"lazy\" srcset=\"https:\/\/cococoirglobal.com\/wp-content\/uploads\/2023\/05\/4-cococoirglobal.jpg 500w, https:\/\/cococoirglobal.com\/wp-content\/uploads\/2023\/05\/4-cococoirglobal-300x300.jpg 300w, https:\/\/cococoirglobal.com\/wp-content\/uploads\/2023\/05\/4-cococoirglobal-150x150.jpg 150w, https:\/\/cococoirglobal.com\/wp-content\/uploads\/2023\/05\/4-cococoirglobal-100x100.jpg 100w\" sizes=\"(max-width: 500px) 100vw, 500px\" \/>\t\t\t\t\t\t\n\t\t\t\t\t<\/div>\n\t\t\t\t\t\t\t\t\n<style>\n#image_873397753 {\n  width: 100%;\n}\n<\/style>\n\t<\/div>\n\t\n\t\t<\/div>\n\t\t\t\t\t<\/div>\n\n\t\n\n\t<div id=\"col-1639060825\" class=\"col medium-col-first medium-6 small-12 large-6\"  >\n\t\t\t\t<div class=\"col-inner\"  >\n\t\t\t\n\t\t\t\n<h2>4. Gro\u00dffl\u00e4chige Versorgung<\/h2>\n<p style=\"text-align: justify;\">Als vorbildliche Business-to-Business-zu-Kommerziell-Z\u00fcchter lagern H\u00e4ndler mit kurzer Vorlaufzeit ein.<\/p>\n\t\t<\/div>\n\t\t\t\t\t<\/div>\n\n\t\n<\/div>\n<div class=\"row row-small align-middle align-center\"  id=\"row-17853135\">\n\n\t<div id=\"col-1881413452\" class=\"col medium-6 small-12 large-6\"  >\n\t\t\t\t<div class=\"col-inner\"  >\n\t\t\t\n\t\t\t\n<h2>5. Wettbewerbsf\u00e4hige Preise<\/h2>\n<p style=\"text-align: justify;\">Wir sind zuversichtlich, dass unsere Preise die Preise der gleichen hochwertigen Produkte der Konkurrenz \u00fcbertreffen k\u00f6nnen, was unseren Kunden enorme Kosten erspart, den Wettbewerbsvorteil der Kunden auf dem Markt erh\u00f6ht und die Gewinnmargen der Kunden erh\u00f6ht.<\/p>\n\t\t<\/div>\n\t\t\t\t\t<\/div>\n\n\t\n\n\t<div id=\"col-273546870\" class=\"col medium-6 small-12 large-6\"  >\n\t\t\t\t<div class=\"col-inner\"  >\n\t\t\t\n\t\t\t\n\t<div class=\"img has-hover x md-x lg-x y md-y lg-y\" id=\"image_1379263730\">\n\t\t\t\t\t\t\t\t<div class=\"img-inner dark\" >\n\t\t\t<img width=\"500\" height=\"500\" src=\"https:\/\/cococoirglobal.com\/wp-content\/uploads\/2023\/05\/5-cococoirglobal.jpg\" class=\"attachment-original size-original\" alt=\"gi\u00e1 c\u1ea3 c\u1ea1nh tranh\" decoding=\"async\" loading=\"lazy\" srcset=\"https:\/\/cococoirglobal.com\/wp-content\/uploads\/2023\/05\/5-cococoirglobal.jpg 500w, https:\/\/cococoirglobal.com\/wp-content\/uploads\/2023\/05\/5-cococoirglobal-300x300.jpg 300w, https:\/\/cococoirglobal.com\/wp-content\/uploads\/2023\/05\/5-cococoirglobal-150x150.jpg 150w, https:\/\/cococoirglobal.com\/wp-content\/uploads\/2023\/05\/5-cococoirglobal-100x100.jpg 100w\" sizes=\"(max-width: 500px) 100vw, 500px\" \/>\t\t\t\t\t\t\n\t\t\t\t\t<\/div>\n\t\t\t\t\t\t\t\t\n<style>\n#image_1379263730 {\n  width: 100%;\n}\n<\/style>\n\t<\/div>\n\t\n\t\t<\/div>\n\t\t\t\t\t<\/div>\n\n\t\n<\/div>\n<div class=\"row row-small align-middle align-center\"  id=\"row-1459503449\">\n\n\t<div id=\"col-283849763\" class=\"col medium-6 small-12 large-6\"  >\n\t\t\t\t<div class=\"col-inner\"  >\n\t\t\t\n\t\t\t\n\t<div class=\"img has-hover x md-x lg-x y md-y lg-y\" id=\"image_3289503\">\n\t\t\t\t\t\t\t\t<div class=\"img-inner dark\" >\n\t\t\t<img width=\"500\" height=\"500\" src=\"https:\/\/cococoirglobal.com\/wp-content\/uploads\/2023\/05\/6-cococoirglobal.jpg\" class=\"attachment-original size-original\" alt=\"B\u1ed9 ph\u1eadn Xu\u1ea5t - Nh\u1eadp kh\u1ea9u\" decoding=\"async\" loading=\"lazy\" srcset=\"https:\/\/cococoirglobal.com\/wp-content\/uploads\/2023\/05\/6-cococoirglobal.jpg 500w, https:\/\/cococoirglobal.com\/wp-content\/uploads\/2023\/05\/6-cococoirglobal-300x300.jpg 300w, https:\/\/cococoirglobal.com\/wp-content\/uploads\/2023\/05\/6-cococoirglobal-150x150.jpg 150w, https:\/\/cococoirglobal.com\/wp-content\/uploads\/2023\/05\/6-cococoirglobal-100x100.jpg 100w\" sizes=\"(max-width: 500px) 100vw, 500px\" \/>\t\t\t\t\t\t\n\t\t\t\t\t<\/div>\n\t\t\t\t\t\t\t\t\n<style>\n#image_3289503 {\n  width: 100%;\n}\n<\/style>\n\t<\/div>\n\t\n\t\t<\/div>\n\t\t\t\t\t<\/div>\n\n\t\n\n\t<div id=\"col-1979304431\" class=\"col medium-col-first medium-6 small-12 large-6\"  >\n\t\t\t\t<div class=\"col-inner\"  >\n\t\t\t\n\t\t\t\n<h2>6. Logistik<\/h2>\n<p style=\"text-align: justify;\">Unsere Fabrik befindet sich in der N\u00e4he des Seehafens, dem wichtigsten Hafen S\u00fcdvietnams. Unser Logistikteam arbeitet eng mit dem Spediteur und den Reedereien zusammen, um flexible Versandpl\u00e4ne zu gew\u00e4hrleisten und die wettbewerbsf\u00e4higsten Seefrachttarife zu erzielen. Die Transportzeit von Vietnam nach Los Angeles, Long Beach betr\u00e4gt ca. 20 bis 25 Tage. New York 28-29 Tage. Vancouver 25 Tage, Toronto\/Montreal 32 Tage.<\/p>\n\t\t<\/div>\n\t\t\t\t\t<\/div>\n\n\t\n<\/div>\n<div class=\"row row-small align-middle align-center\"  id=\"row-1088314855\">\n\n\t<div id=\"col-745582464\" class=\"col medium-6 small-12 large-6\"  >\n\t\t\t\t<div class=\"col-inner\"  >\n\t\t\t\n\t\t\t\n<h2>7. Politische Stabilit\u00e4t<\/h2>\n<p>Aufgrund seiner politischen Stabilit\u00e4t ist Vietnam ein verl\u00e4sslicher Produktionsstandort auf der Welt.<\/p>\n\t\t<\/div>\n\t\t\t\t\t<\/div>\n\n\t\n\n\t<div id=\"col-323592380\" class=\"col medium-6 small-12 large-6\"  >\n\t\t\t\t<div class=\"col-inner\"  >\n\t\t\t\n\t\t\t\n\t<div class=\"img has-hover x md-x lg-x y md-y lg-y\" id=\"image_1022246016\">\n\t\t\t\t\t\t\t\t<div class=\"img-inner dark\" >\n\t\t\t<img width=\"500\" height=\"500\" src=\"https:\/\/cococoirglobal.com\/wp-content\/uploads\/2023\/05\/7-cococoirglobal.jpg\" class=\"attachment-original size-original\" alt=\"\u1ed4n \u0111\u1ecbnh ch\u00ednh tr\u1ecb\" decoding=\"async\" loading=\"lazy\" srcset=\"https:\/\/cococoirglobal.com\/wp-content\/uploads\/2023\/05\/7-cococoirglobal.jpg 500w, https:\/\/cococoirglobal.com\/wp-content\/uploads\/2023\/05\/7-cococoirglobal-300x300.jpg 300w, https:\/\/cococoirglobal.com\/wp-content\/uploads\/2023\/05\/7-cococoirglobal-150x150.jpg 150w, https:\/\/cococoirglobal.com\/wp-content\/uploads\/2023\/05\/7-cococoirglobal-100x100.jpg 100w\" sizes=\"(max-width: 500px) 100vw, 500px\" \/>\t\t\t\t\t\t\n\t\t\t\t\t<\/div>\n\t\t\t\t\t\t\t\t\n<style>\n#image_1022246016 {\n  width: 100%;\n}\n<\/style>\n\t<\/div>\n\t\n\t\t<\/div>\n\t\t\t\t\t<\/div>\n\n\t\n<\/div>\n","protected":false},"excerpt":{"rendered":"","protected":false},"author":2,"featured_media":0,"parent":0,"menu_order":0,"comment_status":"closed","ping_status":"closed","template":"","meta":{"footnotes":""},"yoast_head":"<!-- This site is optimized with the Yoast SEO plugin v22.6 - https:\/\/yoast.com\/wordpress\/plugins\/seo\/ -->\n<title>WARUM WIR ANDERS SIND - Coco Coir Global Vietnam<\/title>\n<meta name=\"description\" content=\"Wir stellen f\u00fcr unsere Produkte EC- (l\u00f6sliche Salze), pH- und chemische Charakteristikanalyseberichte zur Verf\u00fcgung, die regelm\u00e4\u00dfig von akkreditierten Drittlabors in den USA f\u00fcr Produktionschargen im Zusammenhang mit Kundenbestellungen durchgef\u00fchrt werden.\" \/>\n<meta name=\"robots\" content=\"index, follow, max-snippet:-1, max-image-preview:large, max-video-preview:-1\" \/>\n<link rel=\"canonical\" href=\"https:\/\/cococoirglobal.com\/de\/warum-wir-anders-sind\/\" \/>\n<meta property=\"og:locale\" content=\"de_DE\" \/>\n<meta property=\"og:type\" content=\"article\" \/>\n<meta property=\"og:title\" content=\"WARUM WIR ANDERS SIND - Coco Coir Global Vietnam\" \/>\n<meta property=\"og:description\" content=\"Wir stellen f\u00fcr unsere Produkte EC- (l\u00f6sliche Salze), pH- und chemische Charakteristikanalyseberichte zur Verf\u00fcgung, die regelm\u00e4\u00dfig von akkreditierten Drittlabors in den USA f\u00fcr Produktionschargen im Zusammenhang mit Kundenbestellungen durchgef\u00fchrt werden.\" \/>\n<meta property=\"og:url\" content=\"https:\/\/cococoirglobal.com\/de\/warum-wir-anders-sind\/\" \/>\n<meta property=\"og:site_name\" content=\"Coco Coir Global Vietnam\" \/>\n<meta property=\"article:publisher\" content=\"https:\/\/www.facebook.com\/cococoirglobal\/\" \/>\n<meta property=\"og:image\" content=\"https:\/\/cococoirglobal.com\/wp-content\/uploads\/2021\/08\/cropped-Logo-icon.png\" \/>\n\t<meta property=\"og:image:width\" content=\"512\" \/>\n\t<meta property=\"og:image:height\" content=\"512\" \/>\n\t<meta property=\"og:image:type\" content=\"image\/png\" \/>\n<meta name=\"twitter:card\" content=\"summary_large_image\" \/>\n<meta name=\"twitter:label1\" content=\"Gesch\u00e4tzte Lesezeit\" \/>\n\t<meta name=\"twitter:data1\" content=\"2 Minuten\" \/>\n<script type=\"application\/ld+json\" class=\"yoast-schema-graph\">{\"@context\":\"https:\/\/schema.org\",\"@graph\":[{\"@type\":\"WebPage\",\"@id\":\"https:\/\/cococoirglobal.com\/de\/warum-wir-anders-sind\/\",\"url\":\"https:\/\/cococoirglobal.com\/de\/warum-wir-anders-sind\/\",\"name\":\"WARUM WIR ANDERS SIND - Coco Coir Global Vietnam\",\"isPartOf\":{\"@id\":\"https:\/\/cococoirglobal.com\/de\/#website\"},\"datePublished\":\"2023-10-06T02:49:05+00:00\",\"dateModified\":\"2023-10-06T02:49:05+00:00\",\"description\":\"Wir stellen f\u00fcr unsere Produkte EC- (l\u00f6sliche Salze), pH- und chemische Charakteristikanalyseberichte zur Verf\u00fcgung, die regelm\u00e4\u00dfig von akkreditierten Drittlabors in den USA f\u00fcr Produktionschargen im Zusammenhang mit Kundenbestellungen durchgef\u00fchrt werden.\",\"breadcrumb\":{\"@id\":\"https:\/\/cococoirglobal.com\/de\/warum-wir-anders-sind\/#breadcrumb\"},\"inLanguage\":\"de-DE\",\"potentialAction\":[{\"@type\":\"ReadAction\",\"target\":[\"https:\/\/cococoirglobal.com\/de\/warum-wir-anders-sind\/\"]}]},{\"@type\":\"BreadcrumbList\",\"@id\":\"https:\/\/cococoirglobal.com\/de\/warum-wir-anders-sind\/#breadcrumb\",\"itemListElement\":[{\"@type\":\"ListItem\",\"position\":1,\"name\":\"Home\",\"item\":\"https:\/\/cococoirglobal.com\/de\/\"},{\"@type\":\"ListItem\",\"position\":2,\"name\":\"WARUM WIR ANDERS SIND\"}]},{\"@type\":\"WebSite\",\"@id\":\"https:\/\/cococoirglobal.com\/de\/#website\",\"url\":\"https:\/\/cococoirglobal.com\/de\/\",\"name\":\"Coco Coir Global\",\"description\":\"The leading manufacturer and supplier of Coco Coir Products!\",\"publisher\":{\"@id\":\"https:\/\/cococoirglobal.com\/de\/#organization\"},\"potentialAction\":[{\"@type\":\"SearchAction\",\"target\":{\"@type\":\"EntryPoint\",\"urlTemplate\":\"https:\/\/cococoirglobal.com\/de\/?s={search_term_string}\"},\"query-input\":\"required name=search_term_string\"}],\"inLanguage\":\"de-DE\"},{\"@type\":\"Organization\",\"@id\":\"https:\/\/cococoirglobal.com\/de\/#organization\",\"name\":\"COCO COIR GLOBAL COMPANY LIMITED\",\"url\":\"https:\/\/cococoirglobal.com\/de\/\",\"logo\":{\"@type\":\"ImageObject\",\"inLanguage\":\"de-DE\",\"@id\":\"https:\/\/cococoirglobal.com\/de\/#\/schema\/logo\/image\/\",\"url\":\"https:\/\/cococoirglobal.com\/wp-content\/uploads\/2023\/05\/Logo-coco-coir.png\",\"contentUrl\":\"https:\/\/cococoirglobal.com\/wp-content\/uploads\/2023\/05\/Logo-coco-coir.png\",\"width\":512,\"height\":512,\"caption\":\"COCO COIR GLOBAL COMPANY LIMITED\"},\"image\":{\"@id\":\"https:\/\/cococoirglobal.com\/de\/#\/schema\/logo\/image\/\"},\"sameAs\":[\"https:\/\/www.facebook.com\/cococoirglobal\/\",\"https:\/\/www.instagram.com\/cococoirglobal\/\",\"https:\/\/www.linkedin.com\/company\/coco-coir-global-company-limited\",\"https:\/\/www.youtube.com\/channel\/UC4Xk-Is93xHrllYZADkM7yQ\"]}]}<\/script>\n<!-- \/ Yoast SEO plugin. -->","yoast_head_json":{"title":"WARUM WIR ANDERS SIND - Coco Coir Global Vietnam","description":"Wir stellen f\u00fcr unsere Produkte EC- (l\u00f6sliche Salze), pH- und chemische Charakteristikanalyseberichte zur Verf\u00fcgung, die regelm\u00e4\u00dfig von akkreditierten Drittlabors in den USA f\u00fcr Produktionschargen im Zusammenhang mit Kundenbestellungen durchgef\u00fchrt werden.","robots":{"index":"index","follow":"follow","max-snippet":"max-snippet:-1","max-image-preview":"max-image-preview:large","max-video-preview":"max-video-preview:-1"},"canonical":"https:\/\/cococoirglobal.com\/de\/warum-wir-anders-sind\/","og_locale":"de_DE","og_type":"article","og_title":"WARUM WIR ANDERS SIND - Coco Coir Global Vietnam","og_description":"Wir stellen f\u00fcr unsere Produkte EC- (l\u00f6sliche Salze), pH- und chemische Charakteristikanalyseberichte zur Verf\u00fcgung, die regelm\u00e4\u00dfig von akkreditierten Drittlabors in den USA f\u00fcr Produktionschargen im Zusammenhang mit Kundenbestellungen durchgef\u00fchrt werden.","og_url":"https:\/\/cococoirglobal.com\/de\/warum-wir-anders-sind\/","og_site_name":"Coco Coir Global Vietnam","article_publisher":"https:\/\/www.facebook.com\/cococoirglobal\/","og_image":[{"width":512,"height":512,"url":"https:\/\/cococoirglobal.com\/wp-content\/uploads\/2021\/08\/cropped-Logo-icon.png","type":"image\/png"}],"twitter_card":"summary_large_image","twitter_misc":{"Gesch\u00e4tzte Lesezeit":"2 Minuten"},"schema":{"@context":"https:\/\/schema.org","@graph":[{"@type":"WebPage","@id":"https:\/\/cococoirglobal.com\/de\/warum-wir-anders-sind\/","url":"https:\/\/cococoirglobal.com\/de\/warum-wir-anders-sind\/","name":"WARUM WIR ANDERS SIND - Coco Coir Global Vietnam","isPartOf":{"@id":"https:\/\/cococoirglobal.com\/de\/#website"},"datePublished":"2023-10-06T02:49:05+00:00","dateModified":"2023-10-06T02:49:05+00:00","description":"Wir stellen f\u00fcr unsere Produkte EC- (l\u00f6sliche Salze), pH- und chemische Charakteristikanalyseberichte zur Verf\u00fcgung, die regelm\u00e4\u00dfig von akkreditierten Drittlabors in den USA f\u00fcr Produktionschargen im Zusammenhang mit Kundenbestellungen durchgef\u00fchrt werden.","breadcrumb":{"@id":"https:\/\/cococoirglobal.com\/de\/warum-wir-anders-sind\/#breadcrumb"},"inLanguage":"de-DE","potentialAction":[{"@type":"ReadAction","target":["https:\/\/cococoirglobal.com\/de\/warum-wir-anders-sind\/"]}]},{"@type":"BreadcrumbList","@id":"https:\/\/cococoirglobal.com\/de\/warum-wir-anders-sind\/#breadcrumb","itemListElement":[{"@type":"ListItem","position":1,"name":"Home","item":"https:\/\/cococoirglobal.com\/de\/"},{"@type":"ListItem","position":2,"name":"WARUM WIR ANDERS SIND"}]},{"@type":"WebSite","@id":"https:\/\/cococoirglobal.com\/de\/#website","url":"https:\/\/cococoirglobal.com\/de\/","name":"Coco Coir Global","description":"The leading manufacturer and supplier of Coco Coir Products!","publisher":{"@id":"https:\/\/cococoirglobal.com\/de\/#organization"},"potentialAction":[{"@type":"SearchAction","target":{"@type":"EntryPoint","urlTemplate":"https:\/\/cococoirglobal.com\/de\/?s={search_term_string}"},"query-input":"required name=search_term_string"}],"inLanguage":"de-DE"},{"@type":"Organization","@id":"https:\/\/cococoirglobal.com\/de\/#organization","name":"COCO COIR GLOBAL COMPANY LIMITED","url":"https:\/\/cococoirglobal.com\/de\/","logo":{"@type":"ImageObject","inLanguage":"de-DE","@id":"https:\/\/cococoirglobal.com\/de\/#\/schema\/logo\/image\/","url":"https:\/\/cococoirglobal.com\/wp-content\/uploads\/2023\/05\/Logo-coco-coir.png","contentUrl":"https:\/\/cococoirglobal.com\/wp-content\/uploads\/2023\/05\/Logo-coco-coir.png","width":512,"height":512,"caption":"COCO COIR GLOBAL COMPANY LIMITED"},"image":{"@id":"https:\/\/cococoirglobal.com\/de\/#\/schema\/logo\/image\/"},"sameAs":["https:\/\/www.facebook.com\/cococoirglobal\/","https:\/\/www.instagram.com\/cococoirglobal\/","https:\/\/www.linkedin.com\/company\/coco-coir-global-company-limited","https:\/\/www.youtube.com\/channel\/UC4Xk-Is93xHrllYZADkM7yQ"]}]}},"_links":{"self":[{"href":"https:\/\/cococoirglobal.com\/de\/wp-json\/wp\/v2\/pages\/31191"}],"collection":[{"href":"https:\/\/cococoirglobal.com\/de\/wp-json\/wp\/v2\/pages"}],"about":[{"href":"https:\/\/cococoirglobal.com\/de\/wp-json\/wp\/v2\/types\/page"}],"author":[{"embeddable":true,"href":"https:\/\/cococoirglobal.com\/de\/wp-json\/wp\/v2\/users\/2"}],"replies":[{"embeddable":true,"href":"https:\/\/cococoirglobal.com\/de\/wp-json\/wp\/v2\/comments?post=31191"}],"version-history":[{"count":0,"href":"https:\/\/cococoirglobal.com\/de\/wp-json\/wp\/v2\/pages\/31191\/revisions"}],"wp:attachment":[{"href":"https:\/\/cococoirglobal.com\/de\/wp-json\/wp\/v2\/media?parent=31191"}],"curies":[{"name":"wp","href":"https:\/\/api.w.org\/{rel}","templated":true}]}}