{"id":30745,"date":"2023-10-03T11:57:32","date_gmt":"2023-10-03T04:57:32","guid":{"rendered":"https:\/\/cococoirglobal.com\/?page_id=30745"},"modified":"2023-10-03T11:57:32","modified_gmt":"2023-10-03T04:57:32","slug":"client","status":"publish","type":"page","link":"https:\/\/cococoirglobal.com\/de\/client\/","title":{"rendered":"CLIENT"},"content":{"rendered":"\t<div class=\"img has-hover x md-x lg-x y md-y lg-y\" id=\"image_1792781939\">\n\t\t\t\t\t\t\t\t<div class=\"img-inner image-cover dark\" style=\"padding-top:40%;\">\n\t\t\t<img width=\"1350\" height=\"500\" src=\"https:\/\/cococoirglobal.com\/wp-content\/uploads\/2023\/05\/CUSTOMERS-OF-COCO-COIR-GLOBAL-cococoirglobal.jpg\" class=\"attachment-original size-original\" alt=\"CUSTOMERS OF COCO COIR GLOBAL\" decoding=\"async\" loading=\"lazy\" srcset=\"https:\/\/cococoirglobal.com\/wp-content\/uploads\/2023\/05\/CUSTOMERS-OF-COCO-COIR-GLOBAL-cococoirglobal.jpg 1350w, https:\/\/cococoirglobal.com\/wp-content\/uploads\/2023\/05\/CUSTOMERS-OF-COCO-COIR-GLOBAL-cococoirglobal-300x111.jpg 300w, https:\/\/cococoirglobal.com\/wp-content\/uploads\/2023\/05\/CUSTOMERS-OF-COCO-COIR-GLOBAL-cococoirglobal-1024x379.jpg 1024w, https:\/\/cococoirglobal.com\/wp-content\/uploads\/2023\/05\/CUSTOMERS-OF-COCO-COIR-GLOBAL-cococoirglobal-768x284.jpg 768w, https:\/\/cococoirglobal.com\/wp-content\/uploads\/2023\/05\/CUSTOMERS-OF-COCO-COIR-GLOBAL-cococoirglobal-510x189.jpg 510w\" sizes=\"(max-width: 1350px) 100vw, 1350px\" \/>\t\t\t\t\t\t\n\t\t\t\t\t<\/div>\n\t\t\t\t\t\t\t\t\n<style>\n#image_1792781939 {\n  width: 100%;\n}\n<\/style>\n\t<\/div>\n\t\n\t<section class=\"section\" id=\"section_1839526938\">\n\t\t<div class=\"bg section-bg fill bg-fill  bg-loaded\" >\n\n\t\t\t\n\t\t\t\n\t\t\t\n\n\t\t<\/div>\n\n\t\t\n\n\t\t<div class=\"section-content relative\">\n\t\t\t\n<div class=\"row row-small align-equal align-center\"  id=\"row-1935171214\">\n\n\t<div id=\"col-1051181728\" class=\"col small-12 large-12\"  >\n\t\t\t\t<div class=\"col-inner\"  >\n\t\t\t\n\t\t\t\n\n<span><span><a href=\"https:\/\/cococoirglobal.com\/de\/\">Home<\/a><\/span><\/span>\n\n\t\t<\/div>\n\t\t\t\t\t<\/div>\n\n\t\n\n\t<div id=\"col-632613318\" class=\"col small-12 large-12\"  >\n\t\t\t\t<div class=\"col-inner\"  >\n\t\t\t\n\t\t\t\n\t<div id=\"text-1749178920\" class=\"text\">\n\t\t\n<h1 class=\"text-center\" style=\"text-align: center;\">KUNDEN VON COCO COIR GLOBAL<\/h1>\n\t\t\n<style>\n#text-1749178920 {\n  font-size: 1.3rem;\n}\n@media (min-width:550px) {\n  #text-1749178920 {\n    font-size: 1.8rem;\n  }\n}\n<\/style>\n\t<\/div>\n\t\n<p>Coco Coir Global bedient eine vielf\u00e4ltige und umfangreiche Kundenliste, darunter unabh\u00e4ngige Z\u00fcchter, kommerzielle Gew\u00e4chsh\u00e4user, Vertriebspartner und Einzelh\u00e4ndler in vielen L\u00e4ndern weltweit. Die st\u00e4ndig steigende Nachfrage nach qualitativ hochwertigen Produkten und die Forderung nach optimalen wirtschaftlichen L\u00f6sungen haben uns motiviert \u2013 wir wollen eine Methode zur effektiven Produktion von Kokosfaserprodukten entwickeln und unsere Marketingstrategien verbessern, um sicherzustellen, dass sie diejenigen erreichen, die sie f\u00fcr ihre Zwecke ben\u00f6tigen , insbesondere Gew\u00e4chshausanbau und Gartenbau.<\/p>\n<p>Bei kommerziellen Gew\u00e4chsh\u00e4usern und einzelnen Z\u00fcchtern sind wir uns des Bedarfs unserer Kunden an qualitativ hochwertigen Produkten bewusst, die den h\u00f6chsten Industriestandards entsprechen. Deshalb stellen wir sicher, dass wir mit einem transparenten und streng kontrollierten Produktionsprozess von der Rohstoffauswahl bis zum fertigen Produkt Produkte von h\u00f6chster Qualit\u00e4t liefern.<\/p>\n<p>Wir bauen ein solides Netzwerk von Kunden auf, die Partner oder Einzelh\u00e4ndler auf dem Weltmarkt sind. Um diese Bindung zu st\u00e4rken, ist es unser Ziel, qualitativ hochwertige Produkte anzubieten und gleichzeitig eine ausreichende Menge beizubehalten, um umfangreicheren Anforderungen gerecht zu werden. Wir spielen unsere entscheidende Rolle in der Lieferkette und m\u00f6chten das richtige Produkt zu einem erschwinglichen Preis liefern, selbst bei Megatonnen-Lieferungen, und dabei die Verf\u00fcgbarkeit von Rohstoffen mit gleichbleibender Qualit\u00e4t und einer schnellen und unterbrechungsfreien Verarbeitungszeit sicherstellen.<\/p>\n<p>Wir sind bestrebt, jeden unserer Kunden mit garantiert hochwertigen Produkten zu beliefern. Unsere Richtlinien, die auch den Kernwert von Coco Coir Global darstellen, bestehen nicht nur darin, Kunden mit erstklassigen Produkten in der Natur zufrieden zu stellen, sondern auch darin, eine stabile Wahl zu treffen, die immer die richtige Antwort auf die Frage ist, \u201ewas f\u00fcr die Reinigung ideal ist\u201c. \u201e, frische und nahrhafte Pflanzen?\u201c, sch\u00fctzen dar\u00fcber hinaus die Gesundheit des Endverbrauchers und eine nachhaltige Entwicklung der gesamten Landwirtschaft.<\/p>\n\t\t<\/div>\n\t\t\t\t\t<\/div>\n\n\t\n<\/div>\n\t\t<\/div>\n\n\t\t\n<style>\n#section_1839526938 {\n  padding-top: 30px;\n  padding-bottom: 30px;\n}\n#section_1839526938 .ux-shape-divider--top svg {\n  height: 150px;\n  --divider-top-width: 100%;\n}\n#section_1839526938 .ux-shape-divider--bottom svg {\n  height: 150px;\n  --divider-width: 100%;\n}\n<\/style>\n\t<\/section>\n\t\n\t<section class=\"section\" id=\"section_574650294\">\n\t\t<div class=\"bg section-bg fill bg-fill  bg-loaded\" >\n\n\t\t\t\n\t\t\t\n\t\t\t\n\n\t\t<\/div>\n\n\t\t\n\n\t\t<div class=\"section-content relative\">\n\t\t\t\n<div class=\"row row-small align-equal align-center\"  id=\"row-1984850255\">\n\n\t<div id=\"col-114723003\" class=\"col list-child-pages small-12 large-12\"  >\n\t\t\t\t<div class=\"col-inner\"  >\n\t\t\t\n\t\t\t\n\n  \n    <div class=\"row large-columns-2 medium-columns- small-columns-\">\n  <div class=\"page-col col pb-0\" >\n          <div class=\"col-inner\" >\n          <a class=\"block plain\" href=\"https:\/\/cococoirglobal.com\/de\/page\/commercial-greenhouses\/\" title=\"COMMERCIAL GREENHOUSES\" target=\"\">\n            <div class=\"has-shadow page-box box has-hover\">\n                  <div class=\"box-image\" >\n                      <div class=\"box-image\" >\n                      <img width=\"300\" height=\"111\" src=\"https:\/\/cococoirglobal.com\/wp-content\/uploads\/2023\/05\/commercial-greenhouses-cococoirglobal-300x111.jpg\" class=\"attachment-medium size-medium\" alt=\"\" decoding=\"async\" loading=\"lazy\" srcset=\"https:\/\/cococoirglobal.com\/wp-content\/uploads\/2023\/05\/commercial-greenhouses-cococoirglobal-300x111.jpg 300w, https:\/\/cococoirglobal.com\/wp-content\/uploads\/2023\/05\/commercial-greenhouses-cococoirglobal-1024x379.jpg 1024w, https:\/\/cococoirglobal.com\/wp-content\/uploads\/2023\/05\/commercial-greenhouses-cococoirglobal-768x284.jpg 768w, https:\/\/cococoirglobal.com\/wp-content\/uploads\/2023\/05\/commercial-greenhouses-cococoirglobal-510x189.jpg 510w, https:\/\/cococoirglobal.com\/wp-content\/uploads\/2023\/05\/commercial-greenhouses-cococoirglobal.jpg 1350w\" sizes=\"(max-width: 300px) 100vw, 300px\" \/>                      <\/div>\n                                                              <\/div>\n                  <div class=\"box-text text-left\" >\n                        <div class=\"box-text-inner\">\n                                                                <p class=\"h3 strong heading-font\">COMMERCIAL GREENHOUSES<\/p>\n                                                            <div class=\"page-excerpt\">\n                                                            <\/div>\n                            \n                        <\/div>\n                  <\/div>\n              <\/div>\n            <\/a>\n            <\/div>\n          <\/div><div class=\"page-col col pb-0\" >\n          <div class=\"col-inner\" >\n          <a class=\"block plain\" href=\"https:\/\/cococoirglobal.com\/de\/page\/einzelner-zuechter\/\" title=\"EINZELNER Z\u00dcCHTER\" target=\"\">\n            <div class=\"has-shadow page-box box has-hover\">\n                  <div class=\"box-image\" >\n                      <div class=\"box-image\" >\n                      <img width=\"300\" height=\"111\" src=\"https:\/\/cococoirglobal.com\/wp-content\/uploads\/2023\/05\/individual-grower-300x111.jpg\" class=\"attachment-medium size-medium\" alt=\"\" decoding=\"async\" loading=\"lazy\" srcset=\"https:\/\/cococoirglobal.com\/wp-content\/uploads\/2023\/05\/individual-grower-300x111.jpg 300w, https:\/\/cococoirglobal.com\/wp-content\/uploads\/2023\/05\/individual-grower-1024x379.jpg 1024w, https:\/\/cococoirglobal.com\/wp-content\/uploads\/2023\/05\/individual-grower-768x284.jpg 768w, https:\/\/cococoirglobal.com\/wp-content\/uploads\/2023\/05\/individual-grower-510x189.jpg 510w, https:\/\/cococoirglobal.com\/wp-content\/uploads\/2023\/05\/individual-grower.jpg 1350w\" sizes=\"(max-width: 300px) 100vw, 300px\" \/>                      <\/div>\n                                                              <\/div>\n                  <div class=\"box-text text-left\" >\n                        <div class=\"box-text-inner\">\n                                                                <p class=\"h3 strong heading-font\">EINZELNER Z\u00dcCHTER<\/p>\n                                                            <div class=\"page-excerpt\">\n                                                            <\/div>\n                            \n                        <\/div>\n                  <\/div>\n              <\/div>\n            <\/a>\n            <\/div>\n          <\/div><div class=\"page-col col pb-0\" >\n          <div class=\"col-inner\" >\n          <a class=\"block plain\" href=\"https:\/\/cococoirglobal.com\/de\/page\/retailers-distributors\/\" title=\"RETAILERS\/DISTRIBUTORS\" target=\"\">\n            <div class=\"has-shadow page-box box has-hover\">\n                  <div class=\"box-image\" >\n                      <div class=\"box-image\" >\n                      <img width=\"300\" height=\"111\" src=\"https:\/\/cococoirglobal.com\/wp-content\/uploads\/2023\/05\/retailers-distributors-300x111.jpg\" class=\"attachment-medium size-medium\" alt=\"\" decoding=\"async\" loading=\"lazy\" srcset=\"https:\/\/cococoirglobal.com\/wp-content\/uploads\/2023\/05\/retailers-distributors-300x111.jpg 300w, https:\/\/cococoirglobal.com\/wp-content\/uploads\/2023\/05\/retailers-distributors-1024x379.jpg 1024w, https:\/\/cococoirglobal.com\/wp-content\/uploads\/2023\/05\/retailers-distributors-768x284.jpg 768w, https:\/\/cococoirglobal.com\/wp-content\/uploads\/2023\/05\/retailers-distributors-510x189.jpg 510w, https:\/\/cococoirglobal.com\/wp-content\/uploads\/2023\/05\/retailers-distributors.jpg 1350w\" sizes=\"(max-width: 300px) 100vw, 300px\" \/>                      <\/div>\n                                                              <\/div>\n                  <div class=\"box-text text-left\" >\n                        <div class=\"box-text-inner\">\n                                                                <p class=\"h3 strong heading-font\">RETAILERS\/DISTRIBUTORS<\/p>\n                                                            <div class=\"page-excerpt\">\n                                                            <\/div>\n                            \n                        <\/div>\n                  <\/div>\n              <\/div>\n            <\/a>\n            <\/div>\n          <\/div><\/div>\n\t\t<\/div>\n\t\t\t\t\t<\/div>\n\n\t\n<\/div>\n\t\t<\/div>\n\n\t\t\n<style>\n#section_574650294 {\n  padding-top: 30px;\n  padding-bottom: 30px;\n}\n#section_574650294 .ux-shape-divider--top svg {\n  height: 150px;\n  --divider-top-width: 100%;\n}\n#section_574650294 .ux-shape-divider--bottom svg {\n  height: 150px;\n  --divider-width: 100%;\n}\n<\/style>\n\t<\/section>\n\t\n","protected":false},"excerpt":{"rendered":"","protected":false},"author":2,"featured_media":30747,"parent":0,"menu_order":0,"comment_status":"closed","ping_status":"closed","template":"page-blank.php","meta":{"footnotes":""},"yoast_head":"<!-- This site is optimized with the Yoast SEO plugin v22.6 - https:\/\/yoast.com\/wordpress\/plugins\/seo\/ -->\n<title>KUNDENKUNDEN VON COCO COIR GLOBAL<\/title>\n<meta name=\"description\" content=\"Coco Coir Global bedient eine vielf\u00e4ltige und umfangreiche Kundenliste, darunter unabh\u00e4ngige Z\u00fcchter, kommerzielle Gew\u00e4chsh\u00e4user, Vertriebspartner und Einzelh\u00e4ndler in vielen L\u00e4ndern weltweit\" \/>\n<meta name=\"robots\" content=\"index, follow, max-snippet:-1, max-image-preview:large, max-video-preview:-1\" \/>\n<link rel=\"canonical\" href=\"https:\/\/cococoirglobal.com\/de\/client\/\" \/>\n<meta property=\"og:locale\" content=\"de_DE\" \/>\n<meta property=\"og:type\" content=\"article\" \/>\n<meta property=\"og:title\" content=\"KUNDENKUNDEN VON COCO COIR GLOBAL\" \/>\n<meta property=\"og:description\" content=\"Coco Coir Global bedient eine vielf\u00e4ltige und umfangreiche Kundenliste, darunter unabh\u00e4ngige Z\u00fcchter, kommerzielle Gew\u00e4chsh\u00e4user, Vertriebspartner und Einzelh\u00e4ndler in vielen L\u00e4ndern weltweit\" \/>\n<meta property=\"og:url\" content=\"https:\/\/cococoirglobal.com\/de\/client\/\" \/>\n<meta property=\"og:site_name\" content=\"Coco Coir Global Vietnam\" \/>\n<meta property=\"article:publisher\" content=\"https:\/\/www.facebook.com\/cococoirglobal\/\" \/>\n<meta property=\"og:image\" content=\"https:\/\/cococoirglobal.com\/wp-content\/uploads\/2023\/05\/CUSTOMERS-OF-COCO-COIR-GLOBAL-cococoirglobal.jpg\" \/>\n\t<meta property=\"og:image:width\" content=\"1350\" \/>\n\t<meta property=\"og:image:height\" content=\"500\" \/>\n\t<meta property=\"og:image:type\" content=\"image\/jpeg\" \/>\n<meta name=\"twitter:card\" content=\"summary_large_image\" \/>\n<meta name=\"twitter:label1\" content=\"Gesch\u00e4tzte Lesezeit\" \/>\n\t<meta name=\"twitter:data1\" content=\"2 Minuten\" \/>\n<script type=\"application\/ld+json\" class=\"yoast-schema-graph\">{\"@context\":\"https:\/\/schema.org\",\"@graph\":[{\"@type\":\"WebPage\",\"@id\":\"https:\/\/cococoirglobal.com\/de\/client\/\",\"url\":\"https:\/\/cococoirglobal.com\/de\/client\/\",\"name\":\"KUNDENKUNDEN VON COCO COIR GLOBAL\",\"isPartOf\":{\"@id\":\"https:\/\/cococoirglobal.com\/de\/#website\"},\"primaryImageOfPage\":{\"@id\":\"https:\/\/cococoirglobal.com\/de\/client\/#primaryimage\"},\"image\":{\"@id\":\"https:\/\/cococoirglobal.com\/de\/client\/#primaryimage\"},\"thumbnailUrl\":\"https:\/\/cococoirglobal.com\/wp-content\/uploads\/2023\/05\/CUSTOMERS-OF-COCO-COIR-GLOBAL-cococoirglobal.jpg\",\"datePublished\":\"2023-10-03T04:57:32+00:00\",\"dateModified\":\"2023-10-03T04:57:32+00:00\",\"description\":\"Coco Coir Global bedient eine vielf\u00e4ltige und umfangreiche Kundenliste, darunter unabh\u00e4ngige Z\u00fcchter, kommerzielle Gew\u00e4chsh\u00e4user, Vertriebspartner und Einzelh\u00e4ndler in vielen L\u00e4ndern weltweit\",\"breadcrumb\":{\"@id\":\"https:\/\/cococoirglobal.com\/de\/client\/#breadcrumb\"},\"inLanguage\":\"de-DE\",\"potentialAction\":[{\"@type\":\"ReadAction\",\"target\":[\"https:\/\/cococoirglobal.com\/de\/client\/\"]}]},{\"@type\":\"ImageObject\",\"inLanguage\":\"de-DE\",\"@id\":\"https:\/\/cococoirglobal.com\/de\/client\/#primaryimage\",\"url\":\"https:\/\/cococoirglobal.com\/wp-content\/uploads\/2023\/05\/CUSTOMERS-OF-COCO-COIR-GLOBAL-cococoirglobal.jpg\",\"contentUrl\":\"https:\/\/cococoirglobal.com\/wp-content\/uploads\/2023\/05\/CUSTOMERS-OF-COCO-COIR-GLOBAL-cococoirglobal.jpg\",\"width\":1350,\"height\":500},{\"@type\":\"BreadcrumbList\",\"@id\":\"https:\/\/cococoirglobal.com\/de\/client\/#breadcrumb\",\"itemListElement\":[{\"@type\":\"ListItem\",\"position\":1,\"name\":\"Home\",\"item\":\"https:\/\/cococoirglobal.com\/de\/\"},{\"@type\":\"ListItem\",\"position\":2,\"name\":\"CLIENT\"}]},{\"@type\":\"WebSite\",\"@id\":\"https:\/\/cococoirglobal.com\/de\/#website\",\"url\":\"https:\/\/cococoirglobal.com\/de\/\",\"name\":\"Coco Coir Global\",\"description\":\"The leading manufacturer and supplier of Coco Coir Products!\",\"publisher\":{\"@id\":\"https:\/\/cococoirglobal.com\/de\/#organization\"},\"potentialAction\":[{\"@type\":\"SearchAction\",\"target\":{\"@type\":\"EntryPoint\",\"urlTemplate\":\"https:\/\/cococoirglobal.com\/de\/?s={search_term_string}\"},\"query-input\":\"required name=search_term_string\"}],\"inLanguage\":\"de-DE\"},{\"@type\":\"Organization\",\"@id\":\"https:\/\/cococoirglobal.com\/de\/#organization\",\"name\":\"COCO COIR GLOBAL COMPANY LIMITED\",\"url\":\"https:\/\/cococoirglobal.com\/de\/\",\"logo\":{\"@type\":\"ImageObject\",\"inLanguage\":\"de-DE\",\"@id\":\"https:\/\/cococoirglobal.com\/de\/#\/schema\/logo\/image\/\",\"url\":\"https:\/\/cococoirglobal.com\/wp-content\/uploads\/2023\/05\/Logo-coco-coir.png\",\"contentUrl\":\"https:\/\/cococoirglobal.com\/wp-content\/uploads\/2023\/05\/Logo-coco-coir.png\",\"width\":512,\"height\":512,\"caption\":\"COCO COIR GLOBAL COMPANY LIMITED\"},\"image\":{\"@id\":\"https:\/\/cococoirglobal.com\/de\/#\/schema\/logo\/image\/\"},\"sameAs\":[\"https:\/\/www.facebook.com\/cococoirglobal\/\",\"https:\/\/www.instagram.com\/cococoirglobal\/\",\"https:\/\/www.linkedin.com\/company\/coco-coir-global-company-limited\",\"https:\/\/www.youtube.com\/channel\/UC4Xk-Is93xHrllYZADkM7yQ\"]}]}<\/script>\n<!-- \/ Yoast SEO plugin. -->","yoast_head_json":{"title":"KUNDENKUNDEN VON COCO COIR GLOBAL","description":"Coco Coir Global bedient eine vielf\u00e4ltige und umfangreiche Kundenliste, darunter unabh\u00e4ngige Z\u00fcchter, kommerzielle Gew\u00e4chsh\u00e4user, Vertriebspartner und Einzelh\u00e4ndler in vielen L\u00e4ndern weltweit","robots":{"index":"index","follow":"follow","max-snippet":"max-snippet:-1","max-image-preview":"max-image-preview:large","max-video-preview":"max-video-preview:-1"},"canonical":"https:\/\/cococoirglobal.com\/de\/client\/","og_locale":"de_DE","og_type":"article","og_title":"KUNDENKUNDEN VON COCO COIR GLOBAL","og_description":"Coco Coir Global bedient eine vielf\u00e4ltige und umfangreiche Kundenliste, darunter unabh\u00e4ngige Z\u00fcchter, kommerzielle Gew\u00e4chsh\u00e4user, Vertriebspartner und Einzelh\u00e4ndler in vielen L\u00e4ndern weltweit","og_url":"https:\/\/cococoirglobal.com\/de\/client\/","og_site_name":"Coco Coir Global Vietnam","article_publisher":"https:\/\/www.facebook.com\/cococoirglobal\/","og_image":[{"width":1350,"height":500,"url":"https:\/\/cococoirglobal.com\/wp-content\/uploads\/2023\/05\/CUSTOMERS-OF-COCO-COIR-GLOBAL-cococoirglobal.jpg","type":"image\/jpeg"}],"twitter_card":"summary_large_image","twitter_misc":{"Gesch\u00e4tzte Lesezeit":"2 Minuten"},"schema":{"@context":"https:\/\/schema.org","@graph":[{"@type":"WebPage","@id":"https:\/\/cococoirglobal.com\/de\/client\/","url":"https:\/\/cococoirglobal.com\/de\/client\/","name":"KUNDENKUNDEN VON COCO COIR GLOBAL","isPartOf":{"@id":"https:\/\/cococoirglobal.com\/de\/#website"},"primaryImageOfPage":{"@id":"https:\/\/cococoirglobal.com\/de\/client\/#primaryimage"},"image":{"@id":"https:\/\/cococoirglobal.com\/de\/client\/#primaryimage"},"thumbnailUrl":"https:\/\/cococoirglobal.com\/wp-content\/uploads\/2023\/05\/CUSTOMERS-OF-COCO-COIR-GLOBAL-cococoirglobal.jpg","datePublished":"2023-10-03T04:57:32+00:00","dateModified":"2023-10-03T04:57:32+00:00","description":"Coco Coir Global bedient eine vielf\u00e4ltige und umfangreiche Kundenliste, darunter unabh\u00e4ngige Z\u00fcchter, kommerzielle Gew\u00e4chsh\u00e4user, Vertriebspartner und Einzelh\u00e4ndler in vielen L\u00e4ndern weltweit","breadcrumb":{"@id":"https:\/\/cococoirglobal.com\/de\/client\/#breadcrumb"},"inLanguage":"de-DE","potentialAction":[{"@type":"ReadAction","target":["https:\/\/cococoirglobal.com\/de\/client\/"]}]},{"@type":"ImageObject","inLanguage":"de-DE","@id":"https:\/\/cococoirglobal.com\/de\/client\/#primaryimage","url":"https:\/\/cococoirglobal.com\/wp-content\/uploads\/2023\/05\/CUSTOMERS-OF-COCO-COIR-GLOBAL-cococoirglobal.jpg","contentUrl":"https:\/\/cococoirglobal.com\/wp-content\/uploads\/2023\/05\/CUSTOMERS-OF-COCO-COIR-GLOBAL-cococoirglobal.jpg","width":1350,"height":500},{"@type":"BreadcrumbList","@id":"https:\/\/cococoirglobal.com\/de\/client\/#breadcrumb","itemListElement":[{"@type":"ListItem","position":1,"name":"Home","item":"https:\/\/cococoirglobal.com\/de\/"},{"@type":"ListItem","position":2,"name":"CLIENT"}]},{"@type":"WebSite","@id":"https:\/\/cococoirglobal.com\/de\/#website","url":"https:\/\/cococoirglobal.com\/de\/","name":"Coco Coir Global","description":"The leading manufacturer and supplier of Coco Coir Products!","publisher":{"@id":"https:\/\/cococoirglobal.com\/de\/#organization"},"potentialAction":[{"@type":"SearchAction","target":{"@type":"EntryPoint","urlTemplate":"https:\/\/cococoirglobal.com\/de\/?s={search_term_string}"},"query-input":"required name=search_term_string"}],"inLanguage":"de-DE"},{"@type":"Organization","@id":"https:\/\/cococoirglobal.com\/de\/#organization","name":"COCO COIR GLOBAL COMPANY LIMITED","url":"https:\/\/cococoirglobal.com\/de\/","logo":{"@type":"ImageObject","inLanguage":"de-DE","@id":"https:\/\/cococoirglobal.com\/de\/#\/schema\/logo\/image\/","url":"https:\/\/cococoirglobal.com\/wp-content\/uploads\/2023\/05\/Logo-coco-coir.png","contentUrl":"https:\/\/cococoirglobal.com\/wp-content\/uploads\/2023\/05\/Logo-coco-coir.png","width":512,"height":512,"caption":"COCO COIR GLOBAL COMPANY LIMITED"},"image":{"@id":"https:\/\/cococoirglobal.com\/de\/#\/schema\/logo\/image\/"},"sameAs":["https:\/\/www.facebook.com\/cococoirglobal\/","https:\/\/www.instagram.com\/cococoirglobal\/","https:\/\/www.linkedin.com\/company\/coco-coir-global-company-limited","https:\/\/www.youtube.com\/channel\/UC4Xk-Is93xHrllYZADkM7yQ"]}]}},"_links":{"self":[{"href":"https:\/\/cococoirglobal.com\/de\/wp-json\/wp\/v2\/pages\/30745"}],"collection":[{"href":"https:\/\/cococoirglobal.com\/de\/wp-json\/wp\/v2\/pages"}],"about":[{"href":"https:\/\/cococoirglobal.com\/de\/wp-json\/wp\/v2\/types\/page"}],"author":[{"embeddable":true,"href":"https:\/\/cococoirglobal.com\/de\/wp-json\/wp\/v2\/users\/2"}],"replies":[{"embeddable":true,"href":"https:\/\/cococoirglobal.com\/de\/wp-json\/wp\/v2\/comments?post=30745"}],"version-history":[{"count":0,"href":"https:\/\/cococoirglobal.com\/de\/wp-json\/wp\/v2\/pages\/30745\/revisions"}],"wp:featuredmedia":[{"embeddable":true,"href":"https:\/\/cococoirglobal.com\/de\/wp-json\/wp\/v2\/media\/30747"}],"wp:attachment":[{"href":"https:\/\/cococoirglobal.com\/de\/wp-json\/wp\/v2\/media?parent=30745"}],"curies":[{"name":"wp","href":"https:\/\/api.w.org\/{rel}","templated":true}]}}