{"id":30720,"date":"2023-10-03T10:57:19","date_gmt":"2023-10-03T03:57:19","guid":{"rendered":"https:\/\/cococoirglobal.com\/?page_id=30720"},"modified":"2023-10-03T10:57:19","modified_gmt":"2023-10-03T03:57:19","slug":"anwendung","status":"publish","type":"page","link":"https:\/\/cococoirglobal.com\/de\/anwendung\/","title":{"rendered":"ANWENDUNG"},"content":{"rendered":"\t<div class=\"img has-hover x md-x lg-x y md-y lg-y\" id=\"image_141361765\">\n\t\t\t\t\t\t\t\t<div class=\"img-inner image-cover dark\" style=\"padding-top:40%;\">\n\t\t\t<img width=\"1350\" height=\"500\" src=\"https:\/\/cococoirglobal.com\/wp-content\/uploads\/2023\/05\/UNG-DUNG-CUA-XO-DUA.jpg\" class=\"attachment-original size-original\" alt=\"APPLICATIONS OF COCONUT\" decoding=\"async\" loading=\"lazy\" srcset=\"https:\/\/cococoirglobal.com\/wp-content\/uploads\/2023\/05\/UNG-DUNG-CUA-XO-DUA.jpg 1350w, https:\/\/cococoirglobal.com\/wp-content\/uploads\/2023\/05\/UNG-DUNG-CUA-XO-DUA-300x111.jpg 300w, https:\/\/cococoirglobal.com\/wp-content\/uploads\/2023\/05\/UNG-DUNG-CUA-XO-DUA-1024x379.jpg 1024w, https:\/\/cococoirglobal.com\/wp-content\/uploads\/2023\/05\/UNG-DUNG-CUA-XO-DUA-768x284.jpg 768w, https:\/\/cococoirglobal.com\/wp-content\/uploads\/2023\/05\/UNG-DUNG-CUA-XO-DUA-510x189.jpg 510w\" sizes=\"(max-width: 1350px) 100vw, 1350px\" \/>\t\t\t\t\t\t\n\t\t\t\t\t<\/div>\n\t\t\t\t\t\t\t\t\n<style>\n#image_141361765 {\n  width: 100%;\n}\n<\/style>\n\t<\/div>\n\t\n\t<section class=\"section\" id=\"section_1091368600\">\n\t\t<div class=\"bg section-bg fill bg-fill  bg-loaded\" >\n\n\t\t\t\n\t\t\t\n\t\t\t\n\n\t\t<\/div>\n\n\t\t\n\n\t\t<div class=\"section-content relative\">\n\t\t\t\n<div class=\"row row-small align-equal align-center\"  id=\"row-993256003\">\n\n\t<div id=\"col-1000836402\" class=\"col small-12 large-12\"  >\n\t\t\t\t<div class=\"col-inner\"  >\n\t\t\t\n\t\t\t\n\n<span><span><a href=\"https:\/\/cococoirglobal.com\/de\/\">Home<\/a><\/span><\/span>\n\n\t\t<\/div>\n\t\t\t\t\t<\/div>\n\n\t\n\n\t<div id=\"col-1891844367\" class=\"col small-12 large-12\"  >\n\t\t\t\t<div class=\"col-inner\"  >\n\t\t\t\n\t\t\t\n\t<div id=\"text-1320188488\" class=\"text\">\n\t\t\n<h1 class=\"text-center\">ANWENDUNGEN VON KOKOKOKO<\/h1>\n\t\t\n<style>\n#text-1320188488 {\n  font-size: 1.3rem;\n}\n@media (min-width:550px) {\n  #text-1320188488 {\n    font-size: 1.8rem;\n  }\n}\n<\/style>\n\t<\/div>\n\t\n<p style=\"text-align: center;\">Kokosfaser \u2013 Ein nachhaltiges und vielseitiges Substrat!<\/p>\n<p>In den letzten Jahren konnten wir vor allem im Agrarsektor ein zunehmendes Wachstum von Kokos-Anbausubstraten beobachten. Nach und nach erkennen die Landwirte den Nutzen und die Bedeutung von Kokosfaser im Gartenbau und im Anbau und tragen so dazu bei, dass sich die Effizienz ihrer Pflanzen sowohl hinsichtlich der Qualit\u00e4t als auch des Ertrags deutlich verbessert. Dar\u00fcber hinaus verdient Kokos aufgrund der Eigenschaften \u2013 ein organisches, umweltfreundliches und v\u00f6llig harmloses Substrat \u2013 zu einem der \u201eerstklassigen\u201c Substrate in der Wachstumssubstratindustrie zu werden. Der Einsatz von Kokosfaser eignet sich am besten im Bereich des Gartenbaus, insbesondere dort, wo moderne und fortschrittliche Techniken angewendet werden, um qualitativ hochwertiges, k\u00f6stliches und nahrhaftes Gem\u00fcse und Obst zu produzieren und gleichzeitig zur Reduzierung der Umweltverschmutzung beizutragen. Au\u00dferdem tr\u00e4gt es zu einer nachhaltigen Landwirtschaft im Besonderen und f\u00fcr den Menschen bei Gesundheit im Allgemeinen.<\/p>\n\t\t<\/div>\n\t\t\t\t\t<\/div>\n\n\t\n<\/div>\n\t\t<\/div>\n\n\t\t\n<style>\n#section_1091368600 {\n  padding-top: 30px;\n  padding-bottom: 30px;\n}\n#section_1091368600 .ux-shape-divider--top svg {\n  height: 150px;\n  --divider-top-width: 100%;\n}\n#section_1091368600 .ux-shape-divider--bottom svg {\n  height: 150px;\n  --divider-width: 100%;\n}\n<\/style>\n\t<\/section>\n\t\n\t<section class=\"section\" id=\"section_665139050\">\n\t\t<div class=\"bg section-bg fill bg-fill  bg-loaded\" >\n\n\t\t\t\n\t\t\t\n\t\t\t\n\n\t\t<\/div>\n\n\t\t\n\n\t\t<div class=\"section-content relative\">\n\t\t\t\n<div class=\"row row-small align-equal align-center\"  id=\"row-2116741323\">\n\n\t<div id=\"col-2126374600\" class=\"col list-child-pages small-12 large-12\"  >\n\t\t\t\t<div class=\"col-inner\"  >\n\t\t\t\n\t\t\t\n\n  \n    <div class=\"row large-columns-2 medium-columns- small-columns-\">\n  <div class=\"page-col col pb-0\" >\n          <div class=\"col-inner\" >\n          <a class=\"block plain\" href=\"https:\/\/cococoirglobal.com\/de\/page\/greenhouse\/\" title=\"APPLICATIONS OF COCO COIR IN GREENHOUSE FARMING\" target=\"\">\n            <div class=\"has-shadow page-box box has-hover\">\n                  <div class=\"box-image\" >\n                      <div class=\"box-image\" >\n                      <img width=\"300\" height=\"111\" src=\"https:\/\/cococoirglobal.com\/wp-content\/uploads\/2023\/05\/APPLICATIONS-OF-COCO-COIR-IN-GREENHOUSE-FARMING-300x111.jpg\" class=\"attachment-medium size-medium\" alt=\"\" decoding=\"async\" loading=\"lazy\" srcset=\"https:\/\/cococoirglobal.com\/wp-content\/uploads\/2023\/05\/APPLICATIONS-OF-COCO-COIR-IN-GREENHOUSE-FARMING-300x111.jpg 300w, https:\/\/cococoirglobal.com\/wp-content\/uploads\/2023\/05\/APPLICATIONS-OF-COCO-COIR-IN-GREENHOUSE-FARMING-1024x379.jpg 1024w, https:\/\/cococoirglobal.com\/wp-content\/uploads\/2023\/05\/APPLICATIONS-OF-COCO-COIR-IN-GREENHOUSE-FARMING-768x284.jpg 768w, https:\/\/cococoirglobal.com\/wp-content\/uploads\/2023\/05\/APPLICATIONS-OF-COCO-COIR-IN-GREENHOUSE-FARMING-510x189.jpg 510w, https:\/\/cococoirglobal.com\/wp-content\/uploads\/2023\/05\/APPLICATIONS-OF-COCO-COIR-IN-GREENHOUSE-FARMING.jpg 1350w\" sizes=\"(max-width: 300px) 100vw, 300px\" \/>                      <\/div>\n                                                              <\/div>\n                  <div class=\"box-text text-left\" >\n                        <div class=\"box-text-inner\">\n                                                                <p class=\"h3 strong heading-font\">APPLICATIONS OF COCO COIR IN GREENHOUSE FARMING<\/p>\n                                                            <div class=\"page-excerpt\">\n                                                            <\/div>\n                            \n                        <\/div>\n                  <\/div>\n              <\/div>\n            <\/a>\n            <\/div>\n          <\/div><div class=\"page-col col pb-0\" >\n          <div class=\"col-inner\" >\n          <a class=\"block plain\" href=\"https:\/\/cococoirglobal.com\/de\/pgae\/gardening\/\" title=\"ANWENDUNGEN VON KOKOKOKO IM GARTEN\" target=\"\">\n            <div class=\"has-shadow page-box box has-hover\">\n                  <div class=\"box-image\" >\n                      <div class=\"box-image\" >\n                      <img width=\"300\" height=\"111\" src=\"https:\/\/cococoirglobal.com\/wp-content\/uploads\/2023\/05\/APPLICATIONS-OF-COCO-COIR-IN-GARDENING-1-300x111.jpg\" class=\"attachment-medium size-medium\" alt=\"\" decoding=\"async\" loading=\"lazy\" srcset=\"https:\/\/cococoirglobal.com\/wp-content\/uploads\/2023\/05\/APPLICATIONS-OF-COCO-COIR-IN-GARDENING-1-300x111.jpg 300w, https:\/\/cococoirglobal.com\/wp-content\/uploads\/2023\/05\/APPLICATIONS-OF-COCO-COIR-IN-GARDENING-1-1024x379.jpg 1024w, https:\/\/cococoirglobal.com\/wp-content\/uploads\/2023\/05\/APPLICATIONS-OF-COCO-COIR-IN-GARDENING-1-768x284.jpg 768w, https:\/\/cococoirglobal.com\/wp-content\/uploads\/2023\/05\/APPLICATIONS-OF-COCO-COIR-IN-GARDENING-1-510x189.jpg 510w, https:\/\/cococoirglobal.com\/wp-content\/uploads\/2023\/05\/APPLICATIONS-OF-COCO-COIR-IN-GARDENING-1.jpg 1350w\" sizes=\"(max-width: 300px) 100vw, 300px\" \/>                      <\/div>\n                                                              <\/div>\n                  <div class=\"box-text text-left\" >\n                        <div class=\"box-text-inner\">\n                                                                <p class=\"h3 strong heading-font\">ANWENDUNGEN VON KOKOKOKO IM GARTEN<\/p>\n                                                            <div class=\"page-excerpt\">\n                                                            <\/div>\n                            \n                        <\/div>\n                  <\/div>\n              <\/div>\n            <\/a>\n            <\/div>\n          <\/div><div class=\"page-col col pb-0\" >\n          <div class=\"col-inner\" >\n          <a class=\"block plain\" href=\"https:\/\/cococoirglobal.com\/de\/page\/making-animal-beddings\/\" title=\"ANWENDUNGEN VON KOKOKORS BEI DER HERSTELLUNG VON TIERBETTW\u00c4SCHE\" target=\"\">\n            <div class=\"has-shadow page-box box has-hover\">\n                  <div class=\"box-image\" >\n                      <div class=\"box-image\" >\n                      <img width=\"300\" height=\"111\" src=\"https:\/\/cococoirglobal.com\/wp-content\/uploads\/2023\/05\/APPLICATIONS-OF-COCO-COIR-IN-MAKING-ANIMAL-BEDDINGS-300x111.jpg\" class=\"attachment-medium size-medium\" alt=\"\" decoding=\"async\" loading=\"lazy\" srcset=\"https:\/\/cococoirglobal.com\/wp-content\/uploads\/2023\/05\/APPLICATIONS-OF-COCO-COIR-IN-MAKING-ANIMAL-BEDDINGS-300x111.jpg 300w, https:\/\/cococoirglobal.com\/wp-content\/uploads\/2023\/05\/APPLICATIONS-OF-COCO-COIR-IN-MAKING-ANIMAL-BEDDINGS-1024x379.jpg 1024w, https:\/\/cococoirglobal.com\/wp-content\/uploads\/2023\/05\/APPLICATIONS-OF-COCO-COIR-IN-MAKING-ANIMAL-BEDDINGS-768x284.jpg 768w, https:\/\/cococoirglobal.com\/wp-content\/uploads\/2023\/05\/APPLICATIONS-OF-COCO-COIR-IN-MAKING-ANIMAL-BEDDINGS-510x189.jpg 510w, https:\/\/cococoirglobal.com\/wp-content\/uploads\/2023\/05\/APPLICATIONS-OF-COCO-COIR-IN-MAKING-ANIMAL-BEDDINGS.jpg 1350w\" sizes=\"(max-width: 300px) 100vw, 300px\" \/>                      <\/div>\n                                                              <\/div>\n                  <div class=\"box-text text-left\" >\n                        <div class=\"box-text-inner\">\n                                                                <p class=\"h3 strong heading-font\">ANWENDUNGEN VON KOKOKORS BEI DER HERSTELLUNG VON TIERBETTW\u00c4SCHE<\/p>\n                                                            <div class=\"page-excerpt\">\n                                                            <\/div>\n                            \n                        <\/div>\n                  <\/div>\n              <\/div>\n            <\/a>\n            <\/div>\n          <\/div><\/div>\n\t\t<\/div>\n\t\t\t\t\t<\/div>\n\n\t\n<\/div>\n\t\t<\/div>\n\n\t\t\n<style>\n#section_665139050 {\n  padding-top: 30px;\n  padding-bottom: 30px;\n}\n#section_665139050 .ux-shape-divider--top svg {\n  height: 150px;\n  --divider-top-width: 100%;\n}\n#section_665139050 .ux-shape-divider--bottom svg {\n  height: 150px;\n  --divider-width: 100%;\n}\n<\/style>\n\t<\/section>\n\t\n","protected":false},"excerpt":{"rendered":"","protected":false},"author":2,"featured_media":31561,"parent":0,"menu_order":0,"comment_status":"closed","ping_status":"closed","template":"page-blank.php","meta":{"footnotes":""},"yoast_head":"<!-- This site is optimized with the Yoast SEO plugin v22.6 - https:\/\/yoast.com\/wordpress\/plugins\/seo\/ -->\n<title>ANWENDUNG - Coco Coir Global Vietnam<\/title>\n<meta name=\"description\" content=\"In den letzten Jahren konnten wir vor allem im Agrarsektor ein zunehmendes Wachstum von Kokos-Anbausubstraten beobachten. Nach und nach erkennen die Landwirte den Nutzen und die Bedeutung von Kokosfaser im Gartenbau und im Anbau und tragen so dazu bei, dass sich die Effizienz ihrer Pflanzen sowohl hinsichtlich der Qualit\u00e4t als auch des Ertrags deutlich verbessert\" \/>\n<meta name=\"robots\" content=\"index, follow, max-snippet:-1, max-image-preview:large, max-video-preview:-1\" \/>\n<link rel=\"canonical\" href=\"https:\/\/cococoirglobal.com\/de\/anwendung\/\" \/>\n<meta property=\"og:locale\" content=\"de_DE\" \/>\n<meta property=\"og:type\" content=\"article\" \/>\n<meta property=\"og:title\" content=\"ANWENDUNG - Coco Coir Global Vietnam\" \/>\n<meta property=\"og:description\" content=\"In den letzten Jahren konnten wir vor allem im Agrarsektor ein zunehmendes Wachstum von Kokos-Anbausubstraten beobachten. Nach und nach erkennen die Landwirte den Nutzen und die Bedeutung von Kokosfaser im Gartenbau und im Anbau und tragen so dazu bei, dass sich die Effizienz ihrer Pflanzen sowohl hinsichtlich der Qualit\u00e4t als auch des Ertrags deutlich verbessert\" \/>\n<meta property=\"og:url\" content=\"https:\/\/cococoirglobal.com\/de\/anwendung\/\" \/>\n<meta property=\"og:site_name\" content=\"Coco Coir Global Vietnam\" \/>\n<meta property=\"article:publisher\" content=\"https:\/\/www.facebook.com\/cococoirglobal\/\" \/>\n<meta property=\"og:image\" content=\"https:\/\/cococoirglobal.com\/wp-content\/uploads\/2021\/08\/cropped-Logo-icon.png\" \/>\n\t<meta property=\"og:image:width\" content=\"512\" \/>\n\t<meta property=\"og:image:height\" content=\"512\" \/>\n\t<meta property=\"og:image:type\" content=\"image\/png\" \/>\n<meta name=\"twitter:card\" content=\"summary_large_image\" \/>\n<meta name=\"twitter:label1\" content=\"Gesch\u00e4tzte Lesezeit\" \/>\n\t<meta name=\"twitter:data1\" content=\"1 Minute\" \/>\n<script type=\"application\/ld+json\" class=\"yoast-schema-graph\">{\"@context\":\"https:\/\/schema.org\",\"@graph\":[{\"@type\":\"WebPage\",\"@id\":\"https:\/\/cococoirglobal.com\/de\/anwendung\/\",\"url\":\"https:\/\/cococoirglobal.com\/de\/anwendung\/\",\"name\":\"ANWENDUNG - Coco Coir Global Vietnam\",\"isPartOf\":{\"@id\":\"https:\/\/cococoirglobal.com\/de\/#website\"},\"primaryImageOfPage\":{\"@id\":\"https:\/\/cococoirglobal.com\/de\/anwendung\/#primaryimage\"},\"image\":{\"@id\":\"https:\/\/cococoirglobal.com\/de\/anwendung\/#primaryimage\"},\"thumbnailUrl\":\"https:\/\/cococoirglobal.com\/wp-content\/uploads\/2023\/10\/steps-for-the-growing-of-chard.jpg\",\"datePublished\":\"2023-10-03T03:57:19+00:00\",\"dateModified\":\"2023-10-03T03:57:19+00:00\",\"description\":\"In den letzten Jahren konnten wir vor allem im Agrarsektor ein zunehmendes Wachstum von Kokos-Anbausubstraten beobachten. Nach und nach erkennen die Landwirte den Nutzen und die Bedeutung von Kokosfaser im Gartenbau und im Anbau und tragen so dazu bei, dass sich die Effizienz ihrer Pflanzen sowohl hinsichtlich der Qualit\u00e4t als auch des Ertrags deutlich verbessert\",\"breadcrumb\":{\"@id\":\"https:\/\/cococoirglobal.com\/de\/anwendung\/#breadcrumb\"},\"inLanguage\":\"de-DE\",\"potentialAction\":[{\"@type\":\"ReadAction\",\"target\":[\"https:\/\/cococoirglobal.com\/de\/anwendung\/\"]}]},{\"@type\":\"ImageObject\",\"inLanguage\":\"de-DE\",\"@id\":\"https:\/\/cococoirglobal.com\/de\/anwendung\/#primaryimage\",\"url\":\"https:\/\/cococoirglobal.com\/wp-content\/uploads\/2023\/10\/steps-for-the-growing-of-chard.jpg\",\"contentUrl\":\"https:\/\/cococoirglobal.com\/wp-content\/uploads\/2023\/10\/steps-for-the-growing-of-chard.jpg\",\"width\":800,\"height\":593,\"caption\":\"Coco peat for Chard\"},{\"@type\":\"BreadcrumbList\",\"@id\":\"https:\/\/cococoirglobal.com\/de\/anwendung\/#breadcrumb\",\"itemListElement\":[{\"@type\":\"ListItem\",\"position\":1,\"name\":\"Home\",\"item\":\"https:\/\/cococoirglobal.com\/de\/\"},{\"@type\":\"ListItem\",\"position\":2,\"name\":\"ANWENDUNG\"}]},{\"@type\":\"WebSite\",\"@id\":\"https:\/\/cococoirglobal.com\/de\/#website\",\"url\":\"https:\/\/cococoirglobal.com\/de\/\",\"name\":\"Coco Coir Global\",\"description\":\"The leading manufacturer and supplier of Coco Coir Products!\",\"publisher\":{\"@id\":\"https:\/\/cococoirglobal.com\/de\/#organization\"},\"potentialAction\":[{\"@type\":\"SearchAction\",\"target\":{\"@type\":\"EntryPoint\",\"urlTemplate\":\"https:\/\/cococoirglobal.com\/de\/?s={search_term_string}\"},\"query-input\":\"required name=search_term_string\"}],\"inLanguage\":\"de-DE\"},{\"@type\":\"Organization\",\"@id\":\"https:\/\/cococoirglobal.com\/de\/#organization\",\"name\":\"COCO COIR GLOBAL COMPANY LIMITED\",\"url\":\"https:\/\/cococoirglobal.com\/de\/\",\"logo\":{\"@type\":\"ImageObject\",\"inLanguage\":\"de-DE\",\"@id\":\"https:\/\/cococoirglobal.com\/de\/#\/schema\/logo\/image\/\",\"url\":\"https:\/\/cococoirglobal.com\/wp-content\/uploads\/2023\/05\/Logo-coco-coir.png\",\"contentUrl\":\"https:\/\/cococoirglobal.com\/wp-content\/uploads\/2023\/05\/Logo-coco-coir.png\",\"width\":512,\"height\":512,\"caption\":\"COCO COIR GLOBAL COMPANY LIMITED\"},\"image\":{\"@id\":\"https:\/\/cococoirglobal.com\/de\/#\/schema\/logo\/image\/\"},\"sameAs\":[\"https:\/\/www.facebook.com\/cococoirglobal\/\",\"https:\/\/www.instagram.com\/cococoirglobal\/\",\"https:\/\/www.linkedin.com\/company\/coco-coir-global-company-limited\",\"https:\/\/www.youtube.com\/channel\/UC4Xk-Is93xHrllYZADkM7yQ\"]}]}<\/script>\n<!-- \/ Yoast SEO plugin. -->","yoast_head_json":{"title":"ANWENDUNG - Coco Coir Global Vietnam","description":"In den letzten Jahren konnten wir vor allem im Agrarsektor ein zunehmendes Wachstum von Kokos-Anbausubstraten beobachten. Nach und nach erkennen die Landwirte den Nutzen und die Bedeutung von Kokosfaser im Gartenbau und im Anbau und tragen so dazu bei, dass sich die Effizienz ihrer Pflanzen sowohl hinsichtlich der Qualit\u00e4t als auch des Ertrags deutlich verbessert","robots":{"index":"index","follow":"follow","max-snippet":"max-snippet:-1","max-image-preview":"max-image-preview:large","max-video-preview":"max-video-preview:-1"},"canonical":"https:\/\/cococoirglobal.com\/de\/anwendung\/","og_locale":"de_DE","og_type":"article","og_title":"ANWENDUNG - Coco Coir Global Vietnam","og_description":"In den letzten Jahren konnten wir vor allem im Agrarsektor ein zunehmendes Wachstum von Kokos-Anbausubstraten beobachten. Nach und nach erkennen die Landwirte den Nutzen und die Bedeutung von Kokosfaser im Gartenbau und im Anbau und tragen so dazu bei, dass sich die Effizienz ihrer Pflanzen sowohl hinsichtlich der Qualit\u00e4t als auch des Ertrags deutlich verbessert","og_url":"https:\/\/cococoirglobal.com\/de\/anwendung\/","og_site_name":"Coco Coir Global Vietnam","article_publisher":"https:\/\/www.facebook.com\/cococoirglobal\/","og_image":[{"width":512,"height":512,"url":"https:\/\/cococoirglobal.com\/wp-content\/uploads\/2021\/08\/cropped-Logo-icon.png","type":"image\/png"}],"twitter_card":"summary_large_image","twitter_misc":{"Gesch\u00e4tzte Lesezeit":"1 Minute"},"schema":{"@context":"https:\/\/schema.org","@graph":[{"@type":"WebPage","@id":"https:\/\/cococoirglobal.com\/de\/anwendung\/","url":"https:\/\/cococoirglobal.com\/de\/anwendung\/","name":"ANWENDUNG - Coco Coir Global Vietnam","isPartOf":{"@id":"https:\/\/cococoirglobal.com\/de\/#website"},"primaryImageOfPage":{"@id":"https:\/\/cococoirglobal.com\/de\/anwendung\/#primaryimage"},"image":{"@id":"https:\/\/cococoirglobal.com\/de\/anwendung\/#primaryimage"},"thumbnailUrl":"https:\/\/cococoirglobal.com\/wp-content\/uploads\/2023\/10\/steps-for-the-growing-of-chard.jpg","datePublished":"2023-10-03T03:57:19+00:00","dateModified":"2023-10-03T03:57:19+00:00","description":"In den letzten Jahren konnten wir vor allem im Agrarsektor ein zunehmendes Wachstum von Kokos-Anbausubstraten beobachten. Nach und nach erkennen die Landwirte den Nutzen und die Bedeutung von Kokosfaser im Gartenbau und im Anbau und tragen so dazu bei, dass sich die Effizienz ihrer Pflanzen sowohl hinsichtlich der Qualit\u00e4t als auch des Ertrags deutlich verbessert","breadcrumb":{"@id":"https:\/\/cococoirglobal.com\/de\/anwendung\/#breadcrumb"},"inLanguage":"de-DE","potentialAction":[{"@type":"ReadAction","target":["https:\/\/cococoirglobal.com\/de\/anwendung\/"]}]},{"@type":"ImageObject","inLanguage":"de-DE","@id":"https:\/\/cococoirglobal.com\/de\/anwendung\/#primaryimage","url":"https:\/\/cococoirglobal.com\/wp-content\/uploads\/2023\/10\/steps-for-the-growing-of-chard.jpg","contentUrl":"https:\/\/cococoirglobal.com\/wp-content\/uploads\/2023\/10\/steps-for-the-growing-of-chard.jpg","width":800,"height":593,"caption":"Coco peat for Chard"},{"@type":"BreadcrumbList","@id":"https:\/\/cococoirglobal.com\/de\/anwendung\/#breadcrumb","itemListElement":[{"@type":"ListItem","position":1,"name":"Home","item":"https:\/\/cococoirglobal.com\/de\/"},{"@type":"ListItem","position":2,"name":"ANWENDUNG"}]},{"@type":"WebSite","@id":"https:\/\/cococoirglobal.com\/de\/#website","url":"https:\/\/cococoirglobal.com\/de\/","name":"Coco Coir Global","description":"The leading manufacturer and supplier of Coco Coir Products!","publisher":{"@id":"https:\/\/cococoirglobal.com\/de\/#organization"},"potentialAction":[{"@type":"SearchAction","target":{"@type":"EntryPoint","urlTemplate":"https:\/\/cococoirglobal.com\/de\/?s={search_term_string}"},"query-input":"required name=search_term_string"}],"inLanguage":"de-DE"},{"@type":"Organization","@id":"https:\/\/cococoirglobal.com\/de\/#organization","name":"COCO COIR GLOBAL COMPANY LIMITED","url":"https:\/\/cococoirglobal.com\/de\/","logo":{"@type":"ImageObject","inLanguage":"de-DE","@id":"https:\/\/cococoirglobal.com\/de\/#\/schema\/logo\/image\/","url":"https:\/\/cococoirglobal.com\/wp-content\/uploads\/2023\/05\/Logo-coco-coir.png","contentUrl":"https:\/\/cococoirglobal.com\/wp-content\/uploads\/2023\/05\/Logo-coco-coir.png","width":512,"height":512,"caption":"COCO COIR GLOBAL COMPANY LIMITED"},"image":{"@id":"https:\/\/cococoirglobal.com\/de\/#\/schema\/logo\/image\/"},"sameAs":["https:\/\/www.facebook.com\/cococoirglobal\/","https:\/\/www.instagram.com\/cococoirglobal\/","https:\/\/www.linkedin.com\/company\/coco-coir-global-company-limited","https:\/\/www.youtube.com\/channel\/UC4Xk-Is93xHrllYZADkM7yQ"]}]}},"_links":{"self":[{"href":"https:\/\/cococoirglobal.com\/de\/wp-json\/wp\/v2\/pages\/30720"}],"collection":[{"href":"https:\/\/cococoirglobal.com\/de\/wp-json\/wp\/v2\/pages"}],"about":[{"href":"https:\/\/cococoirglobal.com\/de\/wp-json\/wp\/v2\/types\/page"}],"author":[{"embeddable":true,"href":"https:\/\/cococoirglobal.com\/de\/wp-json\/wp\/v2\/users\/2"}],"replies":[{"embeddable":true,"href":"https:\/\/cococoirglobal.com\/de\/wp-json\/wp\/v2\/comments?post=30720"}],"version-history":[{"count":0,"href":"https:\/\/cococoirglobal.com\/de\/wp-json\/wp\/v2\/pages\/30720\/revisions"}],"wp:featuredmedia":[{"embeddable":true,"href":"https:\/\/cococoirglobal.com\/de\/wp-json\/wp\/v2\/media\/31561"}],"wp:attachment":[{"href":"https:\/\/cococoirglobal.com\/de\/wp-json\/wp\/v2\/media?parent=30720"}],"curies":[{"name":"wp","href":"https:\/\/api.w.org\/{rel}","templated":true}]}}